{"id":9601,"date":"1970-01-01T00:00:00","date_gmt":"1970-01-01T00:00:00","guid":{"rendered":"https:\/\/elfsight.com\/de\/?page_id=9601"},"modified":"2025-02-12T12:49:22","modified_gmt":"2025-02-12T12:49:22","slug":"google-sites","status":"publish","type":"page","link":"https:\/\/elfsight.com\/de\/pinterest-feed-widget\/google-sites\/","title":{"rendered":"Pinterest Feed &#8211; Google Sites"},"content":{"rendered":"\n<div class=\"application-platform-content-item-description application-platform-content-item\" id=\"description\" data-nav-section=\"description\"><h2>Pinterest-Feed auf Google Sites mit dem Elfsight-Widget einbetten<\/h2><p>Mit dem Pinterest-Feed von Elfsight k\u00f6nnen Sie ihn in Ihre Website einbetten schnell tolle visuelle Inhalte von Pinterest. Das Elfsight-Widget hilft beim Hinzuf\u00fcgen bestimmter Pins, Pinnw\u00e4nde und Ihres gesamten Pinterest-Kontos zu Ihrer Website. Begeistern Sie Ihre zuk\u00fcnftigen Kunden mit sorgf\u00e4ltig ausgew\u00e4hlten Fotos und Thementafeln und entwerfen Sie Ihre eigenen, einzigartigen Kollektionen. Erzielen Sie eine bessere Verbreitung Ihrer Pinterest-Bilder, steigern Sie das Engagement auf Ihrer Website und gewinnen Sie gleichzeitig neue Follower f\u00fcr Ihr Pinterest-Konto.<\/p><p><b>Bewerben Sie Ihre Artikel, Dienstleistungen und Erfolge auf der Website mit Pinterest-Pins und -Boards! <\/b><\/p><ul><li><b>Erh\u00f6hen Sie das Engagement der Website-Besucher auf Ihrer Website<\/b> <br>Sorgf\u00e4ltig ausgew\u00e4hlte Bilder auf Ihrer Website werden maximale Aufmerksamkeit erregen und zuk\u00fcnftige Kunden binden.<\/li><li><b>Follower auf Pinterest steigern<\/b> <br>Mit der im Feed verf\u00fcgbaren Schaltfl\u00e4che \u201eFolgen\u201c haben mehr Benutzer die Chance, sich Ihren Followern anzuschlie\u00dfen.<\/li><li><b>St\u00e4rken Sie Ihr Level von Verk\u00e4ufen mit verlockenden Bildern<\/b> <br>W\u00e4hlen Sie die verlockendsten Bilder Ihrer Angebote aus; Zeigen Sie die neuesten Trends und inspirierende Bilder an, um Menschen zum Kauf zu bewegen.<\/li><\/ul><\/div><div class=\"application-platform-content-item-features application-platform-content-item\" id=\"features\" data-nav-section=\"features\"><h2>Hauptfunktionen des Pinterest-Feed-Widgets<\/h2><ul><li>Bearbeitbarer Widget-Titel;<\/li><li>22 beliebte Sprachen verf\u00fcgbar;<\/li><li>Kopfzeile anzeigen oder ausblenden;<\/li><li>Klicken Sie auf das Bild, um es in Pinterest zu \u00f6ffnen;<\/li><\/ul><p><a href=\"#demo\">Untersuchen Sie alle Personalisierungsfunktionen in einer Demo mit vollem Funktionsumfang<\/a><\/p> <\/div> <div class=\"application-platform-content-item-installation application-platform-content-item\" id=\"installation\" data-nav-section=\"installation\"> <h2>Wie kann ich einen Pinterest-Feed zu meiner Google Sites-Website hinzuf\u00fcgen? <\/h2><div class=\"video-container\"><iframe width=\"560\" height=\"315\" src=\"https:\/\/www.youtube.com\/embed\/YcqTjdBVjHM?si=6fSAmSzeDCJYyUCm\" frameborder=\"0\" allow=\"accelerometer; autoplay; clipboard-write; encrypted-media; gyroscope; picture-in-picture; web-share\" allowfullscreen><\/iframe><\/div> <p>Befolgen Sie einfach die folgenden Richtlinien, um das Tool zu integrieren. <\/p> <ol><li><b>Verwalten Sie unseren kostenlosen Konfigurator und beginnen Sie mit der Erstellung Ihres personalisierten Widgets. <\/b><br> Geben Sie die bevorzugte Schnittstelle und Aspekte des Tools an und speichern Sie die \u00c4nderungen. <\/li> <li><b>Erhalten Sie den individuellen Code, der in der Box auf Elfsight Apps angezeigt wird. <\/b><br> Nachdem die Erstellung Ihres Tools abgeschlossen ist, kopieren Sie den exklusiven Code aus dem angezeigten Feld und speichern Sie ihn zur sp\u00e4teren Verwendung. <\/li> <li><b>Beginnen Sie mit der Verwendung des Tools auf Ihrer Google Sites-Website. <\/b><br> Integrieren Sie den k\u00fcrzlich kopierten Code in Ihre Website und \u00fcbernehmen Sie die Anpassungen. <\/li> <li><b>Fertig! Die Einbettung wurde erfolgreich durchgef\u00fchrt. <\/b><br> Gehen Sie auf Ihre Webseite, um die Leistung des Plugins in Aktion zu sehen. <\/li><\/ol> <div class=\"tip-yellow tip\"><b>Aufgrund der Besonderheiten der Google Sites-Funktion sieht das Widget m\u00f6glicherweise anders aus als die Online-Demo. Wir entschuldigen uns f\u00fcr etwaige Unannehmlichkeiten.<\/b><\/div><p>Wenn Sie Fragen haben oder auf Hindernisse sto\u00dfen, z\u00f6gern Sie nicht, sich an unseren Kundendienst zu wenden. Unsere Spezialisten sind bestrebt, alle Schwierigkeiten zu l\u00f6sen, die Sie m\u00f6glicherweise mit dem Widget haben. <\/p> <div class=\"faq\" data-component=\"FAQ\"><div class=\"faq-item\">\r\n\t\t\t\t\t<div class=\"faq-item-question\">\r\n\t\t\t\t\t\t<h3 class=\"faq-item-question-text\">Wie kann ich ohne Programmierkenntnisse ein Pinterest-Feed-Widget in meine Google Sites-Seite integrieren?<\/h3>\r\n\r\n\t\t\t\t\t\t<div class=\"faq-item-question-icon\"><\/div>\r\n\t\t\t\t\t<\/div>\r\n\r\n\t\t\t\t\t<div class=\"faq-item-answer\">\r\n\t\t\t\t\t\t<div class=\"faq-item-answer-text\"><p>Elfsight bietet eine cloudbasierte L\u00f6sung, die es Benutzern erm\u00f6glicht, ein Pinterest-Feed-Widget einzubetten Entdecken Sie auf ihrer Google Sites-Seite, wie einfach der Vorgang ist:<\/p><ul><li>Greifen Sie auf den Online-Editor zu, um einen Pinterest-Feed-Widget-Bereich zu erstellen, den Sie in Ihre Google Sites-Seite integrieren m\u00f6chten.<\/li> <li>W\u00e4hlen Sie eine unserer vorgefertigten Vorlagen aus und passen Sie die Einstellungen des Pinterest-Feed-Widgets an, passen Sie das Layout und das Farbschema an und f\u00fcgen Sie Ihre Inhalte ein, ohne dass eine Programmierung erforderlich ist.<\/li><li>Speichern Sie die Einstellungen, die Sie konfiguriert haben Nutzen Sie das Pinterest-Feed-Widget und erwerben Sie den Code des Widgets zum Einf\u00fcgen, der einfach und kostenlos zu Ihrer Google Sites-Seite hinzugef\u00fcgt werden kann.<\/li><\/ul><p>Durch die Arbeit im benutzerfreundlichen Editor kann jeder Internetnutzer dies tun F\u00fcgen Sie einen Pinterest-Feed-Widget-Bereich hinzu und betten Sie ihn in ihre Google Sites-Seite ein. F\u00fcr den Zugriff auf den Elfsight-Editor ist weder eine Zahlung noch die Offenlegung Ihrer Karteninformationen erforderlich. Wenn Sie zu irgendeinem Zeitpunkt auf Probleme sto\u00dfen, z\u00f6gern Sie nicht, unseren Kundensupport zu kontaktieren.<\/p><\/div>\r\n\t\t\t\t\t<\/div>\r\n\t\t\t\t<\/div><\/div><\/div>\n","protected":false},"excerpt":{"rendered":"","protected":false},"author":9,"featured_media":0,"parent":2209,"menu_order":0,"comment_status":"closed","ping_status":"closed","template":"templates\/template-application-platform.php","meta":{"publish_to_discourse":"","publish_post_category":"","wpdc_auto_publish_overridden":"","wpdc_topic_tags":"","wpdc_pin_topic":"","wpdc_pin_until":"","discourse_post_id":"","discourse_permalink":"","wpdc_publishing_response":"","wpdc_publishing_error":"","footnotes":""},"class_list":["post-9601","page","type-page","status-publish","hentry"],"yoast_head":"<!-- This site is optimized with the Yoast SEO plugin v25.3.1 - https:\/\/yoast.com\/wordpress\/plugins\/seo\/ -->\n<title>Pinterest-Feed \u2013 Pinterest-Feed zu Google Sites hinzuf\u00fcgen (2025)<\/title>\n<meta name=\"description\" content=\"Implementieren Sie eine responsive Pinterest-Feed-Erweiterung auf Ihrer Google Sites-Website und erreichen Sie volles Vertrauen. Wenden Sie die Elfsight-Demo an, um Ihre personalisierte Funktion zu erstellen.\" \/>\n<meta name=\"robots\" content=\"index, follow, max-snippet:-1, max-image-preview:large, max-video-preview:-1\" \/>\n<link rel=\"canonical\" href=\"https:\/\/elfsight.com\/de\/pinterest-feed-widget\/google-sites\/\" \/>\n<meta property=\"og:locale\" content=\"de_DE\" \/>\n<meta property=\"og:type\" content=\"article\" \/>\n<meta property=\"og:title\" content=\"Pinterest-Feed \u2013 Pinterest-Feed zu Google Sites hinzuf\u00fcgen (2025)\" \/>\n<meta property=\"og:description\" content=\"Implementieren Sie eine responsive Pinterest-Feed-Erweiterung auf Ihrer Google Sites-Website und erreichen Sie volles Vertrauen. Wenden Sie die Elfsight-Demo an, um Ihre personalisierte Funktion zu erstellen.\" \/>\n<meta property=\"og:url\" content=\"https:\/\/elfsight.com\/de\/pinterest-feed-widget\/google-sites\/\" \/>\n<meta property=\"og:site_name\" content=\"Elfsight DE\" \/>\n<meta property=\"article:modified_time\" content=\"2025-02-12T12:49:22+00:00\" \/>\n<meta name=\"twitter:card\" content=\"summary_large_image\" \/>\n<meta name=\"twitter:label1\" content=\"Gesch\u00e4tzte Lesezeit\" \/>\n\t<meta name=\"twitter:data1\" content=\"4\u00a0Minuten\" \/>\n<!-- \/ Yoast SEO plugin. -->","yoast_head_json":{"title":"Pinterest-Feed \u2013 Pinterest-Feed zu Google Sites hinzuf\u00fcgen (2025)","description":"Implementieren Sie eine responsive Pinterest-Feed-Erweiterung auf Ihrer Google Sites-Website und erreichen Sie volles Vertrauen. Wenden Sie die Elfsight-Demo an, um Ihre personalisierte Funktion zu erstellen.","robots":{"index":"index","follow":"follow","max-snippet":"max-snippet:-1","max-image-preview":"max-image-preview:large","max-video-preview":"max-video-preview:-1"},"canonical":"https:\/\/elfsight.com\/de\/pinterest-feed-widget\/google-sites\/","og_locale":"de_DE","og_type":"article","og_title":"Pinterest-Feed \u2013 Pinterest-Feed zu Google Sites hinzuf\u00fcgen (2025)","og_description":"Implementieren Sie eine responsive Pinterest-Feed-Erweiterung auf Ihrer Google Sites-Website und erreichen Sie volles Vertrauen. Wenden Sie die Elfsight-Demo an, um Ihre personalisierte Funktion zu erstellen.","og_url":"https:\/\/elfsight.com\/de\/pinterest-feed-widget\/google-sites\/","og_site_name":"Elfsight DE","article_modified_time":"2025-02-12T12:49:22+00:00","twitter_card":"summary_large_image","twitter_misc":{"Gesch\u00e4tzte Lesezeit":"4\u00a0Minuten"},"schema":{"@context":"https:\/\/schema.org","@graph":[{"@type":"WebPage","@id":"https:\/\/elfsight.com\/de\/pinterest-feed-widget\/google-sites\/","url":"https:\/\/elfsight.com\/de\/pinterest-feed-widget\/google-sites\/","name":"Pinterest-Feed \u2013 Pinterest-Feed zu Google Sites hinzuf\u00fcgen (2025)","isPartOf":{"@id":"https:\/\/elfsight.com\/de\/#website"},"datePublished":"1970-01-01T00:00:00+00:00","dateModified":"2025-02-12T12:49:22+00:00","description":"Implementieren Sie eine responsive Pinterest-Feed-Erweiterung auf Ihrer Google Sites-Website und erreichen Sie volles Vertrauen. Wenden Sie die Elfsight-Demo an, um Ihre personalisierte Funktion zu erstellen.","breadcrumb":{"@id":"https:\/\/elfsight.com\/de\/pinterest-feed-widget\/google-sites\/#breadcrumb"},"inLanguage":"de","potentialAction":[{"@type":"ReadAction","target":["https:\/\/elfsight.com\/de\/pinterest-feed-widget\/google-sites\/"]}]},{"@type":"BreadcrumbList","@id":"https:\/\/elfsight.com\/de\/pinterest-feed-widget\/google-sites\/#breadcrumb","itemListElement":[{"@type":"ListItem","position":1,"name":"Home","item":"https:\/\/elfsight.com\/de\/"},{"@type":"ListItem","position":2,"name":"Pinterest Feed","item":"https:\/\/elfsight.com\/de\/pinterest-feed-widget\/"},{"@type":"ListItem","position":3,"name":"Pinterest Feed &#8211; Google Sites"}]},{"@type":"WebSite","@id":"https:\/\/elfsight.com\/de\/#website","url":"https:\/\/elfsight.com\/de\/","name":"Elfsight DE","description":"Just another Elfsight Sites site","potentialAction":[{"@type":"SearchAction","target":{"@type":"EntryPoint","urlTemplate":"https:\/\/elfsight.com\/de\/?s={search_term_string}"},"query-input":{"@type":"PropertyValueSpecification","valueRequired":true,"valueName":"search_term_string"}}],"inLanguage":"de"}]}},"meta_box":{"industry":"","seo_heading":"","heading":"","description":"","cta_heading":"","cta_description":"","application":"477","h1":"Pinterest-Feed-Widget f\u00fcr Google Sites","h1_caption":"Betten Sie einen Feed mit Pins aus Ihrem Pinterest-Konto ein, um m\u00fchelos dynamische und optisch ansprechende Inhalte auf Ihren Google Sites anzuzeigen.","application_category":[],"applications_title":"","applications_request_title":"","applications_request_button_text":"","hero_text":"","hero_video":"","hero_video_schema_markup":"","selling_points_title":"","selling_points_caption":"","selling_points":[],"selling_points_cta_text":"","features_title":"","features":"","ed_cta_examples_text":"","ed_cta_examples_hidden":"","ed_cta_demo_text":"","ed_cta_demo_hidden":"","why_caption":"","why_editor_title":"","why_editor_text":"","why_team_title":"","why_team_text":"","why_service_title":"","why_service_text":"","template_catalog_visible":"0","template_catalog_title":"","template_catalog_text":"","template_catalog_categories_visible":"","demo_title":"Erstellen Sie Ihr Pinterest-Feed-Widget","demo_caption":"Konfigurieren Sie Ihren Pinterest-Feed und f\u00fcgen Sie ihn kostenlos zu Ihrer Google Sites-Website hinzu!","default_faq_hidden":"","app_template_category":[],"platform":"3000","template_public_id":"","codecanyon_url":"","codecanyon_item_id":"","codecanyon_price":"","pricing_caption":"","pricing_elfsight_apps_hide_column":"","pricing_elfsight_apps_url":"","pricing_codecanyon_price_caption":"","integration_category":[],"integration_request_title":"","integration_request_cta":"","integration_platform":"","integrations":[],"platform_category":[],"video_schema_markup":"","price":"ab 0 $ \/ Monat","trial":"","benefits":[{"text":"Kostenloser Installationsservice"},{"text":"Erfahrener Kundensupport"},{"text":"14-t\u00e4gige R\u00fcckerstattungsgarantie"},{"text":"Fortlaufende Entwicklung"}],"button_url":"#demo","button_target_blank":"0","button_nofollow":"0","attributes":[{"name":"Installiert","content":"10,000 - 100,000"},{"name":"Reaktionsfreudig","content":"Bereit f\u00fcr Mobile First"},{"name":"Kompatible Browser","content":"Safari, Firefox, Opera, Chrome, Edge"}],"tags":[],"tags_disable_links":"0","hide_more_platforms":"0","video_object":"","demo_hide_cta":"0","demo_hide_cloud_options":"0","pricing_title":"","pricing":[{"pricing_icon":"platform","pricing_title":"Elfsight Apps","pricing_title_caption":"Plattformunabh\u00e4ngige Software, die auf jeder Website funktioniert","pricing_price":"ab 0 $ \/ Monat","pricing_price_caption":"Beginnen Sie mit einem kostenlosen Plan","pricing_benefits":[{"text":"Unbegrenzte Anzahl an Websites"},{"text":"Premium-Support"},{"text":"Kostenloser Installationssupport"},{"text":"100 % anpassbar"}],"pricing_button_text":"Zur Website hinzuf\u00fcgen","pricing_button_url":"#demo"}],"related_apps_title":"","related_apps_hidden":"0","author":"","image":[],"title":"","job":"","social_networks":[]},"_links":{"self":[{"href":"https:\/\/elfsight.com\/de\/wp-json\/wp\/v2\/pages\/9601","targetHints":{"allow":["GET"]}}],"collection":[{"href":"https:\/\/elfsight.com\/de\/wp-json\/wp\/v2\/pages"}],"about":[{"href":"https:\/\/elfsight.com\/de\/wp-json\/wp\/v2\/types\/page"}],"author":[{"embeddable":true,"href":"https:\/\/elfsight.com\/de\/wp-json\/wp\/v2\/users\/9"}],"replies":[{"embeddable":true,"href":"https:\/\/elfsight.com\/de\/wp-json\/wp\/v2\/comments?post=9601"}],"version-history":[{"count":3,"href":"https:\/\/elfsight.com\/de\/wp-json\/wp\/v2\/pages\/9601\/revisions"}],"predecessor-version":[{"id":24014,"href":"https:\/\/elfsight.com\/de\/wp-json\/wp\/v2\/pages\/9601\/revisions\/24014"}],"up":[{"embeddable":true,"href":"https:\/\/elfsight.com\/de\/wp-json\/wp\/v2\/pages\/2209"}],"wp:attachment":[{"href":"https:\/\/elfsight.com\/de\/wp-json\/wp\/v2\/media?parent=9601"}],"curies":[{"name":"wp","href":"https:\/\/api.w.org\/{rel}","templated":true}]}}