{"id":9596,"date":"1970-01-01T00:00:00","date_gmt":"1970-01-01T00:00:00","guid":{"rendered":"https:\/\/elfsight.com\/de\/?page_id=9596"},"modified":"2025-07-09T14:09:58","modified_gmt":"2025-07-09T14:09:58","slug":"godaddy","status":"publish","type":"page","link":"https:\/\/elfsight.com\/de\/pinterest-feed-widget\/godaddy\/","title":{"rendered":"Pinterest Feed  &#8211; GoDaddy"},"content":{"rendered":"<div class=\"application-platform-content-item-description application-platform-content-item\" id=\"description\" data-nav-section=\"description\"> <h2>Pinterest-Feed auf GoDaddy mit dem Elfsight-Widget einbetten<\/h2> <p>Der Elfsight-Pinterest-Feed hilft bei der Anzeige Ihres Profils sowie aller Pins und Pinnw\u00e4nde von Pinterest auf Ihrer Website. Mit unserem Plugin k\u00f6nnen Sie nicht nur Ihr Pinterest-Konto ver\u00f6ffentlichen, sondern auch Pins und Pinnw\u00e4nde sortieren, um Fotosammlungen f\u00fcr Ihre Website zu erstellen. Pr\u00e4sentieren Sie Ihre Angebote, motivieren Sie Ihre Kunden, neue Inspirationen zu entdecken oder visualisieren Sie einfach Ihre Website. Ein flexibler Pinterest-Feed hilft Ihnen dabei, die Abdeckung Ihrer visuellen Materialien zu erh\u00f6hen, das Website-Engagement zu steigern und mehr Abonnenten auf Pinterest zu gewinnen.<\/p> <p><b> F\u00fcgen Sie Bilder von Pinterest sofort und bequem zu Ihrer Website hinzu.<\/b><\/p> <\/div> <div class=\"application-platform-content-item-features application-platform-content-item\" id=\"features\" data-nav-section=\"features\"> <h2>Wir bieten n\u00fctzliche und unkomplizierte Funktionen, hier sind einige davon: <\/h2> <ul><li>Pins und Boards nach URL hinzuf\u00fcgen; <\/li><li>W\u00e4hlen Sie die Hauptthemafarbe;<\/li><li>Kopfzeile anzeigen oder ausblenden;<\/li><li>Klicken Sie auf das Bild, um es auf Pinterest zu \u00f6ffnen;<\/li><\/ul> <p><a href=\"#demo\">Sie k\u00f6nnen sich hier in der Demo die vollst\u00e4ndigen Funktionen des Plugins ansehen<\/a><\/p> <\/div> <div class=\"application-platform-content-item-installation application-platform-content-item\" id=\"installation\" data-nav-section=\"installation\"> <h2> Wie f\u00fcge ich einen Pinterest-Feed zu meiner GoDaddy-Website hinzu? <\/h2> <p>Erf\u00fcllen Sie einfach die folgenden Richtlinien, um mit der Verwendung des Plugins zu beginnen. <\/p> <ol><li><b>Starten Sie unseren kostenlosen Editor und beginnen Sie mit der Erstellung Ihres ma\u00dfgeschneiderten Plugins. <\/b><br> Finden Sie das bevorzugte Aussehen und die Spezifikationen des Plugins und \u00fcbernehmen Sie die \u00c4nderungen. <\/li> <li><b>Erhalten Sie Ihren pers\u00f6nlichen Code, der im Fenster von Elfsight Apps angezeigt wird. <\/b><br> Sobald die Erstellung Ihres pers\u00f6nlichen Plugins abgeschlossen ist, kopieren Sie den einzelnen Code aus der entstandenen Box und bewahren Sie ihn f\u00fcr zuk\u00fcnftige Gelegenheiten auf. <\/li> <li><b>Erste Schritte mit der Verwendung des Plugins auf Ihrer GoDaddy-Webseite. <\/b><br> F\u00fcgen Sie den k\u00fcrzlich auf Ihrer Webseite gespeicherten Code hinzu und speichern Sie die Korrekturen. <\/li> <li><b>Fertig! Das Setup wurde erfolgreich beendet. <\/b><br> Gehen Sie auf Ihre Webseite, um zu sehen, wie das Plugin funktioniert. <\/li><\/ol> <p>Sollten Sie auf Komplikationen sto\u00dfen, scheuen Sie sich nicht, sich an unser Support-Team zu wenden. Unsere Spezialisten sind bestrebt, alle Probleme zu l\u00f6sen, die Sie mit dem Produkt haben k\u00f6nnten. <\/p> <\/div><div class=\"faq\" data-component=\"FAQ\"><div class=\"faq-item\">\r\n\t\t\t\t\t<div class=\"faq-item-question\">\r\n\t\t\t\t\t\t<h3 class=\"faq-item-question-text\">Wie kann ich den Pinterest-Feed ohne Codierung in meine GoDaddy-Startseite einbetten?<\/h3>\r\n\r\n\t\t\t\t\t\t<div class=\"faq-item-question-icon\"><\/div>\r\n\t\t\t\t\t<\/div>\r\n\r\n\t\t\t\t\t<div class=\"faq-item-answer\">\r\n\t\t\t\t\t\t<div class=\"faq-item-answer-text\"><p>Das Unternehmen Elfsight bietet eine L\u00f6sung daf\u00fcr erm\u00f6glicht es Ihnen, selbst ein Pinterest-Feed-Plugin zu erstellen. Sehen Sie, wie einfach es ist: <\/p><ul><li>Gehen Sie zur Live-Demo, um ein Pinterest-Feed-Widget zu erstellen, das Sie auf der GoDaddy-Startseite hinzuf\u00fcgen m\u00f6chten.<\/li><li>W\u00e4hlen Sie eine unserer vorgefertigten Vorlagen und passen Sie die Pinterest-Feed-Einstellungen an, \u00e4ndern Sie das Layout und die Farbe der Elemente und aktualisieren Sie Ihre Inhalte ohne Programmierkenntnisse.<\/li><li>Speichern Sie die Einstellungen, die Sie im Pinterest-Feed vorgenommen haben Holen Sie sich den Plugin-Code zur Installation, der einfach in jede GoDaddy-Homepage eingebettet werden kann, ohne dass Sie ein kostenpflichtiges Abonnement kaufen m\u00fcssen. <\/li><\/ul><p>Mit unserem intuitiven Editor kann jeder Internetnutzer einen Pinterest-Feed online erstellen und einfach auf der GoDaddy-Webseite einf\u00fcgen. Es ist nicht erforderlich, ein kostenpflichtiges Abonnement abzuschlie\u00dfen oder Ihre Kartendaten einzureichen, um auf den Elfsight Editor zuzugreifen. Wenn Sie auf Hindernisse jeglicher Art sto\u00dfen, z\u00f6gern Sie nicht, sich an unsere Mitarbeiter des technischen Supports zu wenden.<\/p><\/div>\r\n\t\t\t\t\t<\/div>\r\n\t\t\t\t<\/div><\/div>","protected":false},"excerpt":{"rendered":"","protected":false},"author":9,"featured_media":0,"parent":2209,"menu_order":0,"comment_status":"closed","ping_status":"closed","template":"templates\/template-application-platform.php","meta":{"publish_to_discourse":"","publish_post_category":"","wpdc_auto_publish_overridden":"","wpdc_topic_tags":"","wpdc_pin_topic":"","wpdc_pin_until":"","discourse_post_id":"","discourse_permalink":"","wpdc_publishing_response":"","wpdc_publishing_error":"","footnotes":""},"class_list":["post-9596","page","type-page","status-publish","hentry"],"yoast_head":"<!-- This site is optimized with the Yoast SEO plugin v25.3.1 - https:\/\/yoast.com\/wordpress\/plugins\/seo\/ -->\n<title>Pinterest-Feed-Plugin \u2013 F\u00fcgen Sie das Pinterest-Feed-Plugin zur GoDaddy-Website hinzu!<\/title>\n<meta name=\"description\" content=\"F\u00fcgen Sie in wenigen einfachen Schritten ein responsives Pinterest-Feed-Plugin zu Ihrer GoDaddy-Website hinzu! Bilden Sie zusammen mit Elfsight Ihre atemberaubende soziale Wand!\" \/>\n<meta name=\"robots\" content=\"index, follow, max-snippet:-1, max-image-preview:large, max-video-preview:-1\" \/>\n<link rel=\"canonical\" href=\"https:\/\/elfsight.com\/de\/pinterest-feed-widget\/godaddy\/\" \/>\n<meta property=\"og:locale\" content=\"de_DE\" \/>\n<meta property=\"og:type\" content=\"article\" \/>\n<meta property=\"og:title\" content=\"Pinterest-Feed-Plugin \u2013 F\u00fcgen Sie das Pinterest-Feed-Plugin zur GoDaddy-Website hinzu!\" \/>\n<meta property=\"og:description\" content=\"F\u00fcgen Sie in wenigen einfachen Schritten ein responsives Pinterest-Feed-Plugin zu Ihrer GoDaddy-Website hinzu! Bilden Sie zusammen mit Elfsight Ihre atemberaubende soziale Wand!\" \/>\n<meta property=\"og:url\" content=\"https:\/\/elfsight.com\/de\/pinterest-feed-widget\/godaddy\/\" \/>\n<meta property=\"og:site_name\" content=\"Elfsight DE\" \/>\n<meta property=\"article:modified_time\" content=\"2025-07-09T14:09:58+00:00\" \/>\n<meta name=\"twitter:card\" content=\"summary_large_image\" \/>\n<meta name=\"twitter:label1\" content=\"Gesch\u00e4tzte Lesezeit\" \/>\n\t<meta name=\"twitter:data1\" content=\"3\u00a0Minuten\" \/>\n<!-- \/ Yoast SEO plugin. -->","yoast_head_json":{"title":"Pinterest-Feed-Plugin \u2013 F\u00fcgen Sie das Pinterest-Feed-Plugin zur GoDaddy-Website hinzu!","description":"F\u00fcgen Sie in wenigen einfachen Schritten ein responsives Pinterest-Feed-Plugin zu Ihrer GoDaddy-Website hinzu! Bilden Sie zusammen mit Elfsight Ihre atemberaubende soziale Wand!","robots":{"index":"index","follow":"follow","max-snippet":"max-snippet:-1","max-image-preview":"max-image-preview:large","max-video-preview":"max-video-preview:-1"},"canonical":"https:\/\/elfsight.com\/de\/pinterest-feed-widget\/godaddy\/","og_locale":"de_DE","og_type":"article","og_title":"Pinterest-Feed-Plugin \u2013 F\u00fcgen Sie das Pinterest-Feed-Plugin zur GoDaddy-Website hinzu!","og_description":"F\u00fcgen Sie in wenigen einfachen Schritten ein responsives Pinterest-Feed-Plugin zu Ihrer GoDaddy-Website hinzu! Bilden Sie zusammen mit Elfsight Ihre atemberaubende soziale Wand!","og_url":"https:\/\/elfsight.com\/de\/pinterest-feed-widget\/godaddy\/","og_site_name":"Elfsight DE","article_modified_time":"2025-07-09T14:09:58+00:00","twitter_card":"summary_large_image","twitter_misc":{"Gesch\u00e4tzte Lesezeit":"3\u00a0Minuten"},"schema":{"@context":"https:\/\/schema.org","@graph":[{"@type":"WebPage","@id":"https:\/\/elfsight.com\/de\/pinterest-feed-widget\/godaddy\/","url":"https:\/\/elfsight.com\/de\/pinterest-feed-widget\/godaddy\/","name":"Pinterest-Feed-Plugin \u2013 F\u00fcgen Sie das Pinterest-Feed-Plugin zur GoDaddy-Website hinzu!","isPartOf":{"@id":"https:\/\/elfsight.com\/de\/#website"},"datePublished":"1970-01-01T00:00:00+00:00","dateModified":"2025-07-09T14:09:58+00:00","description":"F\u00fcgen Sie in wenigen einfachen Schritten ein responsives Pinterest-Feed-Plugin zu Ihrer GoDaddy-Website hinzu! Bilden Sie zusammen mit Elfsight Ihre atemberaubende soziale Wand!","breadcrumb":{"@id":"https:\/\/elfsight.com\/de\/pinterest-feed-widget\/godaddy\/#breadcrumb"},"inLanguage":"de","potentialAction":[{"@type":"ReadAction","target":["https:\/\/elfsight.com\/de\/pinterest-feed-widget\/godaddy\/"]}]},{"@type":"BreadcrumbList","@id":"https:\/\/elfsight.com\/de\/pinterest-feed-widget\/godaddy\/#breadcrumb","itemListElement":[{"@type":"ListItem","position":1,"name":"Home","item":"https:\/\/elfsight.com\/de\/"},{"@type":"ListItem","position":2,"name":"Pinterest Feed","item":"https:\/\/elfsight.com\/de\/pinterest-feed-widget\/"},{"@type":"ListItem","position":3,"name":"Pinterest Feed &#8211; GoDaddy"}]},{"@type":"WebSite","@id":"https:\/\/elfsight.com\/de\/#website","url":"https:\/\/elfsight.com\/de\/","name":"Elfsight DE","description":"Just another Elfsight Sites site","potentialAction":[{"@type":"SearchAction","target":{"@type":"EntryPoint","urlTemplate":"https:\/\/elfsight.com\/de\/?s={search_term_string}"},"query-input":{"@type":"PropertyValueSpecification","valueRequired":true,"valueName":"search_term_string"}}],"inLanguage":"de"}]}},"meta_box":{"industry":"","seo_heading":"","heading":"","description":"","cta_heading":"","cta_description":"","application":"477","h1":"GoDaddy Pinterest Feed-Plugin","h1_caption":"Wandeln Sie Ihre Website-Besucher in Pinterest-Follower um","application_category":[],"applications_title":"","applications_request_title":"","applications_request_button_text":"","hero_text":"","hero_video":"","hero_video_schema_markup":"","selling_points_title":"","selling_points_caption":"","selling_points":[],"selling_points_cta_text":"","features_title":"","features":"","ed_cta_examples_text":"","ed_cta_examples_hidden":"","ed_cta_demo_text":"","ed_cta_demo_hidden":"","why_caption":"","why_editor_title":"","why_editor_text":"","why_team_title":"","why_team_text":"","why_service_title":"","why_service_text":"","template_catalog_visible":"","template_catalog_title":"","template_catalog_text":"","template_catalog_categories_visible":"","demo_title":"Z\u00f6gern Sie nicht, Ihren eigenen GoDaddy-Pinterest-Feed zu erstellen","demo_caption":"Passen Sie es an und f\u00fcgen Sie das Tool mithilfe einer aktiven Demo auf Ihrer Homepage hinzu.","default_faq_hidden":"","app_template_category":[],"platform":"241","template_public_id":"","codecanyon_url":"","codecanyon_item_id":"","codecanyon_price":"","pricing_caption":"","pricing_elfsight_apps_hide_column":"","pricing_elfsight_apps_url":"","pricing_codecanyon_price_caption":"","integration_category":[],"integration_request_title":"","integration_request_cta":"","integration_platform":"","integrations":[],"platform_category":[],"video_schema_markup":"","price":"ab 0 $ \/ Monat","trial":"","benefits":[{"text":"Kostenlose Installationshilfe"},{"text":"Erfahrener Kundensupport"},{"text":"14-t\u00e4gige R\u00fcckerstattungsgarantie"},{"text":"Lebenslange kostenlose Updates"}],"button_url":"#demo","button_target_blank":"","button_nofollow":"","attributes":[{"name":"Installiert","content":"10,000 - 100,000"},{"name":"Reaktionsfreudig","content":"Ja"},{"name":"Kompatible Browser","content":"IE11, Firefox, Safari, Opera, Chrome, Edge"}],"tags":[],"tags_disable_links":"","hide_more_platforms":"","video_object":"","demo_hide_cta":"","demo_hide_cloud_options":"","pricing_title":"","pricing":[{"pricing_icon":"platform","pricing_title":"Elfsight Apps","pricing_title_caption":"Plattformunabh\u00e4ngige L\u00f6sung","pricing_price":"ab 0 $ \/ Monat","pricing_price_caption":"Beginnen Sie mit einem kostenlosen Plan","pricing_benefits":[{"text":"Unbegrenzte Domains"},{"text":"Schneller Kundensupport und gut dokumentiert"},{"text":"Kostenlose Installationsunterst\u00fctzung"},{"text":"100 % anpassbar"}],"pricing_button_text":"Zur Website hinzuf\u00fcgen","pricing_button_url":"#demo"}],"related_apps_title":"","related_apps_hidden":"","author":"","image":[],"title":"","job":"","social_networks":[]},"_links":{"self":[{"href":"https:\/\/elfsight.com\/de\/wp-json\/wp\/v2\/pages\/9596","targetHints":{"allow":["GET"]}}],"collection":[{"href":"https:\/\/elfsight.com\/de\/wp-json\/wp\/v2\/pages"}],"about":[{"href":"https:\/\/elfsight.com\/de\/wp-json\/wp\/v2\/types\/page"}],"author":[{"embeddable":true,"href":"https:\/\/elfsight.com\/de\/wp-json\/wp\/v2\/users\/9"}],"replies":[{"embeddable":true,"href":"https:\/\/elfsight.com\/de\/wp-json\/wp\/v2\/comments?post=9596"}],"version-history":[{"count":2,"href":"https:\/\/elfsight.com\/de\/wp-json\/wp\/v2\/pages\/9596\/revisions"}],"predecessor-version":[{"id":21705,"href":"https:\/\/elfsight.com\/de\/wp-json\/wp\/v2\/pages\/9596\/revisions\/21705"}],"up":[{"embeddable":true,"href":"https:\/\/elfsight.com\/de\/wp-json\/wp\/v2\/pages\/2209"}],"wp:attachment":[{"href":"https:\/\/elfsight.com\/de\/wp-json\/wp\/v2\/media?parent=9596"}],"curies":[{"name":"wp","href":"https:\/\/api.w.org\/{rel}","templated":true}]}}