{"id":9595,"date":"1970-01-01T00:00:00","date_gmt":"1970-01-01T00:00:00","guid":{"rendered":"https:\/\/elfsight.com\/de\/?page_id=9595"},"modified":"2025-07-09T14:10:46","modified_gmt":"2025-07-09T14:10:46","slug":"prestashop","status":"publish","type":"page","link":"https:\/\/elfsight.com\/de\/pinterest-feed-widget\/prestashop\/","title":{"rendered":"Pinterest Feed &#8211; PrestaShop"},"content":{"rendered":"<div class=\"application-platform-content-item-description application-platform-content-item\" id=\"description\" data-nav-section=\"description\"> <h2>Beschreibung<\/h2> <p>Elfsight Pinterest Feed f\u00fcr Prestashop ist ein Modul, das Sie bei allen aktuellen Anforderungen beim Sammeln von Eindr\u00fccken und Anfragen unterst\u00fctzen soll von Benutzern Ihrer Website. Pr\u00e4sentieren Sie die zum Ausf\u00fcllen erforderlichen Elemente, w\u00e4hlen Sie die gew\u00fcnschte Vorlage aus und personalisieren Sie die Benutzeroberfl\u00e4che, um Ihre Kunden noch mehr dazu zu inspirieren, Anforderungen an die Dienstleistungen Ihres Unternehmens zu stellen. Unser Pinterest-Feed ist darauf ausgelegt, alle Ihre W\u00fcnsche zu erf\u00fcllen, Feedback zu sammeln und mit Ihren Kunden in Kontakt zu bleiben. <\/p><p><b>Mit Pinterest Feed eine aktive Gesch\u00e4ftsentwicklung und h\u00f6here Ums\u00e4tze erzielen <\/b><\/p> <\/div> <div class=\"application-platform-content-item-features application-platform-content-item\" id=\"features\" data-nav-section=\"features\"> <h2>Schauen Sie sich die Liste der Meisten an N\u00fctzliche Funktionen: <\/h2> <ul><li>Integrieren Sie Ihr Pinterest-Konto in Ihre Website<\/li><li>F\u00fcgen Sie Ihre eigenen oder die Pins oder Pinnw\u00e4nde anderer Benutzer nach URL hinzu<\/li><li>Anzeige der Follower-Z\u00e4hlungen f\u00fcr das Konto , Follower und Name<\/li><li>Folgen-Schaltfl\u00e4che in der Kopfzeile, um Ihrem Konto nahtlos zu folgen<\/li><li>Pins und Pinnzahlen anzeigen oder ausblenden<\/li><li>Pinnw\u00e4nde einzeln anzeigen oder alle Pins vereinen von ihnen in ein einziges Raster<\/li><li>Umschaltbare Pins-Elemente: Pinterest-Symbol, Text, Teilen-Button, Autor<\/li><li>Klicken Sie auf das Bild und es wird auf Pinterest ge\u00f6ffnet<\/li><\/ul><p><a href=\"#demo\">Testen Sie alle Personalisierungsfunktionen in einer Demo mit vollem Funktionsumfang<\/a><\/p> <\/div> <div class=\"application-platform-content-item-installation application-platform-content-item\" id=\"installation\" data-nav-section=\"installation\"> <h2>Wie f\u00fcge ich hinzu? Pinterest-Feed zu meiner PrestaShop-Webseite? <\/h2> <p>Befolgen Sie einfach die nachstehenden Anweisungen, um das Add-on einzuf\u00fcgen. <\/p> <ol><li><b>Starten Sie unseren kostenlosen Editor und beginnen Sie mit der Erstellung Ihres eigenen Instruments. <\/b><br> Bestimmen Sie das ausgew\u00e4hlte Design und die Optionen des Tools und speichern Sie die Korrekturen. <\/li> <li><b>Holen Sie sich Ihren pers\u00f6nlichen Code, der in der Box auf Elfsight Apps angezeigt wird. <\/b><br> Nachdem die Konfiguration Ihres pers\u00f6nlichen Widgets abgeschlossen ist, kopieren Sie den individuellen Code im erscheinenden Fenster und bewahren Sie ihn f\u00fcr die sp\u00e4tere Verwendung auf. <\/li> <li><b>Beginnen Sie mit der Nutzung des Widgets auf Ihrer PrestaShop-Seite. <\/b><br> Geben Sie den Code ein, den Sie k\u00fcrzlich auf Ihrer Website gespeichert haben, und speichern Sie die \u00c4nderungen. <\/li> <li><b>Du bist fertig! Die Integration ist vollst\u00e4ndig abgeschlossen. <\/b><br> Besuchen Sie Ihre Website, um zu sehen, wie das Add-on funktioniert. <\/li><\/ol> <p>Wenn Sie Hindernisse \u00fcberwinden, wenden Sie sich bitte an unseren Kundendienst. Unsere Mitarbeiter beantworten gerne alle Fragen, die Sie zum Add-on haben k\u00f6nnten. <\/p> <\/div><div class=\"faq\" data-component=\"FAQ\"><div class=\"faq-item\">\r\n\t\t\t\t\t<div class=\"faq-item-question\">\r\n\t\t\t\t\t\t<h3 class=\"faq-item-question-text\">Wie kann ich Pinterest-Feeds ohne Programmierung zu meiner PrestaShop-Website hinzuf\u00fcgen?<\/h3>\r\n\r\n\t\t\t\t\t\t<div class=\"faq-item-question-icon\"><\/div>\r\n\t\t\t\t\t<\/div>\r\n\r\n\t\t\t\t\t<div class=\"faq-item-answer\">\r\n\t\t\t\t\t\t<div class=\"faq-item-answer-text\"><p>Das Unternehmen Elfsight stellt eine Cloud-L\u00f6sung vor Damit Benutzer selbst ein Pinterest-Feed-Plugin erstellen k\u00f6nnen, sehen Sie sich die einfachen Anweisungen an: <\/p><ul><li>Beginnen Sie mit der Arbeit im Online-Editor, um ein Pinterest-Feed-Plugin zu erstellen, das Sie gerne auf Ihrer PrestaShop-Site sehen w\u00fcrden.<\/li><li>W\u00e4hlen Sie eine der vorgefertigten Vorlagen aus und passen Sie die Pinterest-Feed-Einstellungen an, aktualisieren Sie Ihre Inhalte, \u00e4ndern Sie das Layout und die Farben ohne Programmiererfahrung.<\/li><li>Klicken Sie, um den Pinterest-Feed zu speichern und den Code des Plugins zu kopieren Einbettung, die problemlos und kostenlos in die PrestaShop-Website eingebettet werden kann. <\/li><\/ul><p>Mit unserem intuitiven Editor kann jeder Internetnutzer einen Pinterest-Feed online erstellen und ihn ganz einfach in seine PrestaShop-Homepage einbetten. Es ist nicht erforderlich, zu bezahlen oder Ihre Kartendaten offenzulegen, um auf unseren Editor zuzugreifen. Bei Problemen jeglicher Art wenden Sie sich bitte an unseren technischen Kundensupport.<\/p><\/div>\r\n\t\t\t\t\t<\/div>\r\n\t\t\t\t<\/div><\/div>","protected":false},"excerpt":{"rendered":"","protected":false},"author":9,"featured_media":0,"parent":2209,"menu_order":0,"comment_status":"closed","ping_status":"closed","template":"templates\/template-application-platform.php","meta":{"publish_to_discourse":"","publish_post_category":"","wpdc_auto_publish_overridden":"","wpdc_topic_tags":"","wpdc_pin_topic":"","wpdc_pin_until":"","discourse_post_id":"","discourse_permalink":"","wpdc_publishing_response":"","wpdc_publishing_error":"","footnotes":""},"class_list":["post-9595","page","type-page","status-publish","hentry"],"yoast_head":"<!-- This site is optimized with the Yoast SEO plugin v25.3.1 - https:\/\/yoast.com\/wordpress\/plugins\/seo\/ -->\n<title>Pinterest-Feed \u2013 Pinterest-Addon zur PrestaShop-Website hinzuf\u00fcgen (2026)<\/title>\n<meta name=\"description\" content=\"Gestalten Sie Ihr Pinterest-Feed-Plugin f\u00fcr PrestaShop und betten Sie es in Ihre Website ein. Kostenlose Demo, Hilfe bei der Integration und weitere Boni von Elfsight!\" \/>\n<meta name=\"robots\" content=\"index, follow, max-snippet:-1, max-image-preview:large, max-video-preview:-1\" \/>\n<link rel=\"canonical\" href=\"https:\/\/elfsight.com\/de\/pinterest-feed-widget\/prestashop\/\" \/>\n<meta property=\"og:locale\" content=\"de_DE\" \/>\n<meta property=\"og:type\" content=\"article\" \/>\n<meta property=\"og:title\" content=\"Pinterest-Feed \u2013 Pinterest-Addon zur PrestaShop-Website hinzuf\u00fcgen (2026)\" \/>\n<meta property=\"og:description\" content=\"Gestalten Sie Ihr Pinterest-Feed-Plugin f\u00fcr PrestaShop und betten Sie es in Ihre Website ein. Kostenlose Demo, Hilfe bei der Integration und weitere Boni von Elfsight!\" \/>\n<meta property=\"og:url\" content=\"https:\/\/elfsight.com\/de\/pinterest-feed-widget\/prestashop\/\" \/>\n<meta property=\"og:site_name\" content=\"Elfsight DE\" \/>\n<meta property=\"article:modified_time\" content=\"2025-07-09T14:10:46+00:00\" \/>\n<meta name=\"twitter:card\" content=\"summary_large_image\" \/>\n<meta name=\"twitter:label1\" content=\"Gesch\u00e4tzte Lesezeit\" \/>\n\t<meta name=\"twitter:data1\" content=\"3\u00a0Minuten\" \/>\n<!-- \/ Yoast SEO plugin. -->","yoast_head_json":{"title":"Pinterest-Feed \u2013 Pinterest-Addon zur PrestaShop-Website hinzuf\u00fcgen (2026)","description":"Gestalten Sie Ihr Pinterest-Feed-Plugin f\u00fcr PrestaShop und betten Sie es in Ihre Website ein. Kostenlose Demo, Hilfe bei der Integration und weitere Boni von Elfsight!","robots":{"index":"index","follow":"follow","max-snippet":"max-snippet:-1","max-image-preview":"max-image-preview:large","max-video-preview":"max-video-preview:-1"},"canonical":"https:\/\/elfsight.com\/de\/pinterest-feed-widget\/prestashop\/","og_locale":"de_DE","og_type":"article","og_title":"Pinterest-Feed \u2013 Pinterest-Addon zur PrestaShop-Website hinzuf\u00fcgen (2026)","og_description":"Gestalten Sie Ihr Pinterest-Feed-Plugin f\u00fcr PrestaShop und betten Sie es in Ihre Website ein. Kostenlose Demo, Hilfe bei der Integration und weitere Boni von Elfsight!","og_url":"https:\/\/elfsight.com\/de\/pinterest-feed-widget\/prestashop\/","og_site_name":"Elfsight DE","article_modified_time":"2025-07-09T14:10:46+00:00","twitter_card":"summary_large_image","twitter_misc":{"Gesch\u00e4tzte Lesezeit":"3\u00a0Minuten"},"schema":{"@context":"https:\/\/schema.org","@graph":[{"@type":"WebPage","@id":"https:\/\/elfsight.com\/de\/pinterest-feed-widget\/prestashop\/","url":"https:\/\/elfsight.com\/de\/pinterest-feed-widget\/prestashop\/","name":"Pinterest-Feed \u2013 Pinterest-Addon zur PrestaShop-Website hinzuf\u00fcgen (2026)","isPartOf":{"@id":"https:\/\/elfsight.com\/de\/#website"},"datePublished":"1970-01-01T00:00:00+00:00","dateModified":"2025-07-09T14:10:46+00:00","description":"Gestalten Sie Ihr Pinterest-Feed-Plugin f\u00fcr PrestaShop und betten Sie es in Ihre Website ein. Kostenlose Demo, Hilfe bei der Integration und weitere Boni von Elfsight!","breadcrumb":{"@id":"https:\/\/elfsight.com\/de\/pinterest-feed-widget\/prestashop\/#breadcrumb"},"inLanguage":"de","potentialAction":[{"@type":"ReadAction","target":["https:\/\/elfsight.com\/de\/pinterest-feed-widget\/prestashop\/"]}]},{"@type":"BreadcrumbList","@id":"https:\/\/elfsight.com\/de\/pinterest-feed-widget\/prestashop\/#breadcrumb","itemListElement":[{"@type":"ListItem","position":1,"name":"Home","item":"https:\/\/elfsight.com\/de\/"},{"@type":"ListItem","position":2,"name":"Pinterest Feed","item":"https:\/\/elfsight.com\/de\/pinterest-feed-widget\/"},{"@type":"ListItem","position":3,"name":"Pinterest Feed &#8211; PrestaShop"}]},{"@type":"WebSite","@id":"https:\/\/elfsight.com\/de\/#website","url":"https:\/\/elfsight.com\/de\/","name":"Elfsight DE","description":"Just another Elfsight Sites site","potentialAction":[{"@type":"SearchAction","target":{"@type":"EntryPoint","urlTemplate":"https:\/\/elfsight.com\/de\/?s={search_term_string}"},"query-input":{"@type":"PropertyValueSpecification","valueRequired":true,"valueName":"search_term_string"}}],"inLanguage":"de"}]}},"meta_box":{"industry":"","seo_heading":"","heading":"","description":"","cta_heading":"","cta_description":"","application":"477","h1":"PrestaShop Pinterest-Feed-Add-on","h1_caption":"Betten Sie einen Feed mit Pins aus Ihrem Pinterest-Konto ein, um m\u00fchelos dynamische und optisch ansprechende Inhalte auf Ihrer Prestashop-Website anzuzeigen.","application_category":[],"applications_title":"","applications_request_title":"","applications_request_button_text":"","hero_text":"","hero_video":"","hero_video_schema_markup":"","selling_points_title":"","selling_points_caption":"","selling_points":[],"selling_points_cta_text":"","features_title":"","features":"","ed_cta_examples_text":"","ed_cta_examples_hidden":"","ed_cta_demo_text":"","ed_cta_demo_hidden":"","why_caption":"","why_editor_title":"","why_editor_text":"","why_team_title":"","why_team_text":"","why_service_title":"","why_service_text":"","template_catalog_visible":"","template_catalog_title":"","template_catalog_text":"","template_catalog_categories_visible":"","demo_title":"Erstellen Sie Ihr Pinterest-Feed-Add-on","demo_caption":"Konfigurieren Sie Ihren Pinterest-Feed und f\u00fcgen Sie ihn kostenlos zu Ihrer PrestaShop-Website hinzu!","default_faq_hidden":"","app_template_category":[],"platform":"3811","template_public_id":"","codecanyon_url":"","codecanyon_item_id":"","codecanyon_price":"","pricing_caption":"","pricing_elfsight_apps_hide_column":"","pricing_elfsight_apps_url":"","pricing_codecanyon_price_caption":"","integration_category":[],"integration_request_title":"","integration_request_cta":"","integration_platform":"","integrations":[],"platform_category":[],"video_schema_markup":"","price":"ab 0 $ \/ Monat","trial":"","benefits":[{"text":"Kostenloser Installationsservice"},{"text":"Effektiver Kundenservice"},{"text":"14-t\u00e4gige Geld-zur\u00fcck-Garantie"},{"text":"Kontinuierliche Updates"}],"button_url":"#demo","button_target_blank":"","button_nofollow":"","attributes":[{"name":"Installiert","content":"10,000 - 100,000"},{"name":"Reaktionsfreudig","content":"Ja"},{"name":"Kompatible Browser","content":"Firefox, Safari, Opera, Chrome, Edge"}],"tags":[],"tags_disable_links":"","hide_more_platforms":"","video_object":"","demo_hide_cta":"","demo_hide_cloud_options":"","pricing_title":"","pricing":[{"pricing_icon":"platform","pricing_title":"Elfsight Apps","pricing_title_caption":"Plattformunabh\u00e4ngige L\u00f6sung, die auf jeder Website funktioniert","pricing_price":"ab 0 $ \/ Monat","pricing_price_caption":"Beginnen Sie mit einem kostenlosen Plan","pricing_benefits":[{"text":"Unbegrenzte Domains"},{"text":"Schneller Kundensupport"},{"text":"Kostenloser Installationssupport"},{"text":"Flexibles Design"}],"pricing_button_text":"Zur Website hinzuf\u00fcgen","pricing_button_url":"#demo"}],"related_apps_title":"","related_apps_hidden":"","author":"","image":[],"title":"","job":"","social_networks":[]},"_links":{"self":[{"href":"https:\/\/elfsight.com\/de\/wp-json\/wp\/v2\/pages\/9595","targetHints":{"allow":["GET"]}}],"collection":[{"href":"https:\/\/elfsight.com\/de\/wp-json\/wp\/v2\/pages"}],"about":[{"href":"https:\/\/elfsight.com\/de\/wp-json\/wp\/v2\/types\/page"}],"author":[{"embeddable":true,"href":"https:\/\/elfsight.com\/de\/wp-json\/wp\/v2\/users\/9"}],"replies":[{"embeddable":true,"href":"https:\/\/elfsight.com\/de\/wp-json\/wp\/v2\/comments?post=9595"}],"version-history":[{"count":2,"href":"https:\/\/elfsight.com\/de\/wp-json\/wp\/v2\/pages\/9595\/revisions"}],"predecessor-version":[{"id":21704,"href":"https:\/\/elfsight.com\/de\/wp-json\/wp\/v2\/pages\/9595\/revisions\/21704"}],"up":[{"embeddable":true,"href":"https:\/\/elfsight.com\/de\/wp-json\/wp\/v2\/pages\/2209"}],"wp:attachment":[{"href":"https:\/\/elfsight.com\/de\/wp-json\/wp\/v2\/media?parent=9595"}],"curies":[{"name":"wp","href":"https:\/\/api.w.org\/{rel}","templated":true}]}}