{"id":9594,"date":"1970-01-01T00:00:00","date_gmt":"1970-01-01T00:00:00","guid":{"rendered":"https:\/\/elfsight.com\/de\/?page_id=9594"},"modified":"2025-07-09T14:10:17","modified_gmt":"2025-07-09T14:10:17","slug":"jimdo","status":"publish","type":"page","link":"https:\/\/elfsight.com\/de\/pinterest-feed-widget\/jimdo\/","title":{"rendered":"Pinterest Feed &#8211; Jimdo"},"content":{"rendered":"<div class=\"application-platform-content-item-description application-platform-content-item\" id=\"description\" data-nav-section=\"description\"><h2>Beschreibung<\/h2> <p>Elfsight Pinterest Feed f\u00fcr Jimdo ist ein Modul, dessen Ziel es ist, Sie bei allen laufenden Anforderungen beim Sammeln von Impressionen zu unterst\u00fctzen und Anfragen von Besuchern Ihrer Website. Zeigen Sie die entscheidenden Elemente zum Ausf\u00fcllen an, w\u00e4hlen Sie die richtige Vorlage aus und passen Sie die Benutzeroberfl\u00e4che an, um Ihre Benutzer zu motivieren, Anfragen f\u00fcr Dienstleistungen Ihres Unternehmens zu stellen. Der Pinterest-Feed ist darauf ausgelegt, alle Ihre Bed\u00fcrfnisse zu erf\u00fcllen, Feedback zu sammeln und mit Ihrem Publikum immer auf dem Laufenden zu bleiben. <\/p><p><b>Machen Sie Ihre Website mit Pinterest Feed effizienter f\u00fcr E-Commerce-Ziele.<\/b><\/p> <\/div> <div class=\"application-platform-content-item-features application-platform-content-item\" id=\"features\" data-nav-section=\"features\"> <h2>Dies sind nur Einige der zahlreichen Widget-Funktionen: <\/h2> <ul><li>Integrieren Sie Ihr Pinterest-Konto in Ihre Website<\/li><li>F\u00fcgen Sie Ihre eigenen Pins oder Pinnw\u00e4nde oder die anderer Benutzer per URL hinzu<\/li><li>Zeigt Konto-Folgezahlen, Namen und Follower<\/li><li>Folgen-Schaltfl\u00e4che in der Kopfzeile f\u00fcr nahtloses Verfolgen Ihres Kontos<\/li><li>Anzeigen oder Ausblenden der Anzahl von Boards und Pins<\/li><li>Boards anzeigen durch einen oder vereinen Sie alle Pins daraus in einem einzigen Raster<\/li><li>Umschaltbare Pins-Elemente: Pinterest-Symbol, Text, Teilen-Button, Autor<\/li><li>Klicken Sie auf das Bild, um es auf Pinterest zu \u00f6ffnen<\/li><ul><p><a href=\"#demo\">Hier k\u00f6nnen Sie die volle Funktionalit\u00e4t des Widgets in der Demo testen<\/a><\/p> <\/div> <div class=\"application-platform-content-item-installation application-platform-content-item\" id=\"installation\" data-nav-section=\"installation\"> <h2>Wie bette ich den Pinterest-Feed auf meiner Jimdo-Website ein? <\/h2> <p>Befolgen Sie einfach die nachstehenden Richtlinien, um das Werkzeug einzusetzen. <\/p> <ol><li><b>\u00d6ffnen Sie unseren kostenlosen Editor und beginnen Sie mit der Erstellung Ihres eigenen Widgets. <\/b><br> Bestimmen Sie das passende Design und die Eigenschaften des Widgets und speichern Sie die \u00c4nderungen. <\/li> <li><b>Erhalten Sie den eindeutigen Code, der im Feld von Elfsight Apps angezeigt wird. <\/b><br> Nachdem die Erstellung Ihres Tools abgeschlossen ist, kopieren Sie den einzelnen Code aus dem angezeigten Feld und speichern Sie ihn zur weiteren Verwendung. <\/li> <li><b>Beginnen Sie mit der Anwendung des Widgets auf Ihrer Jimdo-Website. <\/b><br> F\u00fcgen Sie den Code, den Sie k\u00fcrzlich gespeichert haben, auf Ihrer Webseite hinzu und speichern Sie die \u00c4nderungen. <\/li> <li><b>Du bist fertig! Die Einbettung ist vollst\u00e4ndig durchgef\u00fchrt. <\/b><br> Besuchen Sie Ihre Webseite, um die Funktion des Widgets zu \u00fcberpr\u00fcfen. <\/li><\/ol> <p>Wenn Sie Fragen haben oder auf Schwierigkeiten sto\u00dfen, z\u00f6gern Sie nicht, unserem Kundenservice zu schreiben. Unsere Mitarbeiter helfen Ihnen gerne bei allen Fragen, die Sie zum Widget haben. <\/p> <\/div>","protected":false},"excerpt":{"rendered":"","protected":false},"author":9,"featured_media":0,"parent":2209,"menu_order":0,"comment_status":"closed","ping_status":"closed","template":"templates\/template-application-platform.php","meta":{"publish_to_discourse":"","publish_post_category":"","wpdc_auto_publish_overridden":"","wpdc_topic_tags":"","wpdc_pin_topic":"","wpdc_pin_until":"","discourse_post_id":"","discourse_permalink":"","wpdc_publishing_response":"","wpdc_publishing_error":"","footnotes":""},"class_list":["post-9594","page","type-page","status-publish","hentry"],"yoast_head":"<!-- This site is optimized with the Yoast SEO plugin v25.3.1 - https:\/\/yoast.com\/wordpress\/plugins\/seo\/ -->\n<title>Pinterest-Feed \u2013 Pinterest-Widget zur Jimdo-Website hinzuf\u00fcgen (2026)<\/title>\n<meta name=\"description\" content=\"Gestalten Sie Ihr Pinterest-Feed-Widget f\u00fcr Jimdo und betten Sie es auf Ihrer Website ein. Kostenlose Demo, Hilfe bei der Integration und weitere Boni von Elfsight!\" \/>\n<meta name=\"robots\" content=\"index, follow, max-snippet:-1, max-image-preview:large, max-video-preview:-1\" \/>\n<link rel=\"canonical\" href=\"https:\/\/elfsight.com\/de\/pinterest-feed-widget\/jimdo\/\" \/>\n<meta property=\"og:locale\" content=\"de_DE\" \/>\n<meta property=\"og:type\" content=\"article\" \/>\n<meta property=\"og:title\" content=\"Pinterest-Feed \u2013 Pinterest-Widget zur Jimdo-Website hinzuf\u00fcgen (2026)\" \/>\n<meta property=\"og:description\" content=\"Gestalten Sie Ihr Pinterest-Feed-Widget f\u00fcr Jimdo und betten Sie es auf Ihrer Website ein. Kostenlose Demo, Hilfe bei der Integration und weitere Boni von Elfsight!\" \/>\n<meta property=\"og:url\" content=\"https:\/\/elfsight.com\/de\/pinterest-feed-widget\/jimdo\/\" \/>\n<meta property=\"og:site_name\" content=\"Elfsight DE\" \/>\n<meta property=\"article:modified_time\" content=\"2025-07-09T14:10:17+00:00\" \/>\n<meta name=\"twitter:card\" content=\"summary_large_image\" \/>\n<meta name=\"twitter:label1\" content=\"Gesch\u00e4tzte Lesezeit\" \/>\n\t<meta name=\"twitter:data1\" content=\"2\u00a0Minuten\" \/>\n<!-- \/ Yoast SEO plugin. -->","yoast_head_json":{"title":"Pinterest-Feed \u2013 Pinterest-Widget zur Jimdo-Website hinzuf\u00fcgen (2026)","description":"Gestalten Sie Ihr Pinterest-Feed-Widget f\u00fcr Jimdo und betten Sie es auf Ihrer Website ein. Kostenlose Demo, Hilfe bei der Integration und weitere Boni von Elfsight!","robots":{"index":"index","follow":"follow","max-snippet":"max-snippet:-1","max-image-preview":"max-image-preview:large","max-video-preview":"max-video-preview:-1"},"canonical":"https:\/\/elfsight.com\/de\/pinterest-feed-widget\/jimdo\/","og_locale":"de_DE","og_type":"article","og_title":"Pinterest-Feed \u2013 Pinterest-Widget zur Jimdo-Website hinzuf\u00fcgen (2026)","og_description":"Gestalten Sie Ihr Pinterest-Feed-Widget f\u00fcr Jimdo und betten Sie es auf Ihrer Website ein. Kostenlose Demo, Hilfe bei der Integration und weitere Boni von Elfsight!","og_url":"https:\/\/elfsight.com\/de\/pinterest-feed-widget\/jimdo\/","og_site_name":"Elfsight DE","article_modified_time":"2025-07-09T14:10:17+00:00","twitter_card":"summary_large_image","twitter_misc":{"Gesch\u00e4tzte Lesezeit":"2\u00a0Minuten"},"schema":{"@context":"https:\/\/schema.org","@graph":[{"@type":"WebPage","@id":"https:\/\/elfsight.com\/de\/pinterest-feed-widget\/jimdo\/","url":"https:\/\/elfsight.com\/de\/pinterest-feed-widget\/jimdo\/","name":"Pinterest-Feed \u2013 Pinterest-Widget zur Jimdo-Website hinzuf\u00fcgen (2026)","isPartOf":{"@id":"https:\/\/elfsight.com\/de\/#website"},"datePublished":"1970-01-01T00:00:00+00:00","dateModified":"2025-07-09T14:10:17+00:00","description":"Gestalten Sie Ihr Pinterest-Feed-Widget f\u00fcr Jimdo und betten Sie es auf Ihrer Website ein. Kostenlose Demo, Hilfe bei der Integration und weitere Boni von Elfsight!","breadcrumb":{"@id":"https:\/\/elfsight.com\/de\/pinterest-feed-widget\/jimdo\/#breadcrumb"},"inLanguage":"de","potentialAction":[{"@type":"ReadAction","target":["https:\/\/elfsight.com\/de\/pinterest-feed-widget\/jimdo\/"]}]},{"@type":"BreadcrumbList","@id":"https:\/\/elfsight.com\/de\/pinterest-feed-widget\/jimdo\/#breadcrumb","itemListElement":[{"@type":"ListItem","position":1,"name":"Home","item":"https:\/\/elfsight.com\/de\/"},{"@type":"ListItem","position":2,"name":"Pinterest Feed","item":"https:\/\/elfsight.com\/de\/pinterest-feed-widget\/"},{"@type":"ListItem","position":3,"name":"Pinterest Feed &#8211; Jimdo"}]},{"@type":"WebSite","@id":"https:\/\/elfsight.com\/de\/#website","url":"https:\/\/elfsight.com\/de\/","name":"Elfsight DE","description":"Just another Elfsight Sites site","potentialAction":[{"@type":"SearchAction","target":{"@type":"EntryPoint","urlTemplate":"https:\/\/elfsight.com\/de\/?s={search_term_string}"},"query-input":{"@type":"PropertyValueSpecification","valueRequired":true,"valueName":"search_term_string"}}],"inLanguage":"de"}]}},"meta_box":{"industry":"","seo_heading":"","heading":"","description":"","cta_heading":"","cta_description":"","application":"477","h1":"Jimdo Pinterest Feed-Widget","h1_caption":"Betten Sie einen Feed mit Pins aus Ihrem Pinterest-Konto ein, um m\u00fchelos dynamische und optisch ansprechende Inhalte auf Ihrer Jimdo-Website anzuzeigen.","application_category":[],"applications_title":"","applications_request_title":"","applications_request_button_text":"","hero_text":"","hero_video":"","hero_video_schema_markup":"","selling_points_title":"","selling_points_caption":"","selling_points":[],"selling_points_cta_text":"","features_title":"","features":"","ed_cta_examples_text":"","ed_cta_examples_hidden":"","ed_cta_demo_text":"","ed_cta_demo_hidden":"","why_caption":"","why_editor_title":"","why_editor_text":"","why_team_title":"","why_team_text":"","why_service_title":"","why_service_text":"","template_catalog_visible":"","template_catalog_title":"","template_catalog_text":"","template_catalog_categories_visible":"","demo_title":"Erstellen Sie Ihr Pinterest-Feed-Widget","demo_caption":"Konfigurieren Sie Ihren Pinterest-Feed und f\u00fcgen Sie ihn kostenlos zu Ihrer Jimdo-Website hinzu!","default_faq_hidden":"","app_template_category":[],"platform":"239","template_public_id":"","codecanyon_url":"","codecanyon_item_id":"","codecanyon_price":"","pricing_caption":"","pricing_elfsight_apps_hide_column":"","pricing_elfsight_apps_url":"","pricing_codecanyon_price_caption":"","integration_category":[],"integration_request_title":"","integration_request_cta":"","integration_platform":"","integrations":[],"platform_category":[],"video_schema_markup":"","price":"ab 0 $ \/ Monat","trial":"","benefits":[{"text":"Kostenlose Installationsunterst\u00fctzung"},{"text":"Professioneller Kundenservice"},{"text":"14-t\u00e4gige Geld-zur\u00fcck-Garantie"},{"text":"Laufende kostenlose Verbesserungen"}],"button_url":"#demo","button_target_blank":"","button_nofollow":"","attributes":[{"name":"Installiert","content":"10,000 - 100,000"},{"name":"Reaktionsfreudig","content":"Ja"},{"name":"Kompatible Browser","content":"Firefox, Safari, Opera, Chrome, Edge"}],"tags":[],"tags_disable_links":"","hide_more_platforms":"","video_object":"","demo_hide_cta":"","demo_hide_cloud_options":"","pricing_title":"","pricing":[{"pricing_icon":"platform","pricing_title":"Elfsight Apps","pricing_title_caption":"Plattform\u00fcbergreifende digitale L\u00f6sung, die f\u00fcr jeden Standort geeignet ist","pricing_price":"ab 0 $ \/ Monat","pricing_price_caption":"Beginnen Sie mit einem kostenlosen Plan","pricing_benefits":[{"text":"Unbegrenzte Anzahl an Websites"},{"text":"Professioneller Kundensupport"},{"text":"Kostenlose Installationsunterst\u00fctzung"},{"text":"Flexibles Design"}],"pricing_button_text":"Zur Website hinzuf\u00fcgen","pricing_button_url":"#demo"}],"related_apps_title":"","related_apps_hidden":"","author":"","image":[],"title":"","job":"","social_networks":[]},"_links":{"self":[{"href":"https:\/\/elfsight.com\/de\/wp-json\/wp\/v2\/pages\/9594","targetHints":{"allow":["GET"]}}],"collection":[{"href":"https:\/\/elfsight.com\/de\/wp-json\/wp\/v2\/pages"}],"about":[{"href":"https:\/\/elfsight.com\/de\/wp-json\/wp\/v2\/types\/page"}],"author":[{"embeddable":true,"href":"https:\/\/elfsight.com\/de\/wp-json\/wp\/v2\/users\/9"}],"replies":[{"embeddable":true,"href":"https:\/\/elfsight.com\/de\/wp-json\/wp\/v2\/comments?post=9594"}],"version-history":[{"count":1,"href":"https:\/\/elfsight.com\/de\/wp-json\/wp\/v2\/pages\/9594\/revisions"}],"predecessor-version":[{"id":9598,"href":"https:\/\/elfsight.com\/de\/wp-json\/wp\/v2\/pages\/9594\/revisions\/9598"}],"up":[{"embeddable":true,"href":"https:\/\/elfsight.com\/de\/wp-json\/wp\/v2\/pages\/2209"}],"wp:attachment":[{"href":"https:\/\/elfsight.com\/de\/wp-json\/wp\/v2\/media?parent=9594"}],"curies":[{"name":"wp","href":"https:\/\/api.w.org\/{rel}","templated":true}]}}