{"id":9538,"date":"1970-01-01T00:00:00","date_gmt":"1970-01-01T00:00:00","guid":{"rendered":"https:\/\/elfsight.com\/de\/?page_id=9538"},"modified":"2025-12-19T13:42:46","modified_gmt":"2025-12-19T13:42:46","slug":"wix","status":"publish","type":"page","link":"https:\/\/elfsight.com\/de\/pdf-embed-widget\/wix\/","title":{"rendered":"PDF Embed &#8211; Wix"},"content":{"rendered":"\n<div class=\"application-platform-content-item-description application-platform-content-item\" id=\"description\" data-nav-section=\"description\"> <h2>Beschreibung<\/h2> <p>Mit der Elfsight PDF-App erleben Sie die einfachste und schnellste Einbettung aller PDF-Dokumente in Ihre Website. F\u00fcr mehr Komfort k\u00f6nnen Dateien durch direktes Hochladen, \u00fcber die URLs oder durch Auswahl aus den k\u00fcrzlich hochgeladenen Dateien integriert werden. Sie k\u00f6nnen jedem Dokument einen eigenen Namen geben, ein Symbol und ein Vorschaubild hochladen, eine Layoutvariante ausw\u00e4hlen und vieles mehr. Website-Besucher k\u00f6nnen die Dokumente direkt auf der Website lesen, sie in einem neuen Browser-Tab ansehen und herunterladen.<\/p> <div class=\"faq\" data-component=\"FAQ\"> <div class=\"faq-item\">\r\n\t\t\t\t\t<div class=\"faq-item-question\">\r\n\t\t\t\t\t\t<h3 class=\"faq-item-question-text\">Welche genauen anderen Tools f\u00fcr Wix haben Sie? <\/h3>\r\n\r\n\t\t\t\t\t\t<div class=\"faq-item-question-icon\"><\/div>\r\n\t\t\t\t\t<\/div>\r\n\r\n\t\t\t\t\t<div class=\"faq-item-answer\">\r\n\t\t\t\t\t\t<div class=\"faq-item-answer-text\"> <p>Wir kann Ihnen eine Vielzahl verschiedener Tools zur Verf\u00fcgung stellen, mit denen Sie jede Art von Aufgabe auf Ihrer Website erledigen k\u00f6nnen. \u00dcberzeugen Sie sich selbst: <a href=\"https:\/\/elfsight.com\/instagram-feed-instashow\/wix\/\">Instagram-Feed<\/a>, <a href=\"https:\/\/elfsight.com\/google-reviews-widget\/wix\/\">Google Reviews<\/a>, <a href=\"https:\/\/elfsight.com\/whatsapp-chat-widget\/wix\/\">WhatsApp Chat<\/a>, <a href=\"https:\/\/elfsight.com\/popup-widget\/wix\/\">Popup<\/a>.<\/p> <\/div>\r\n\t\t\t\t\t<\/div>\r\n\t\t\t\t<\/div> <div class=\"faq-item\">\r\n\t\t\t\t\t<div class=\"faq-item-question\">\r\n\t\t\t\t\t\t<h3 class=\"faq-item-question-text\">Wie integriere ich das Embed PDF-Widget in meine Wix-Website? <\/h3>\r\n\r\n\t\t\t\t\t\t<div class=\"faq-item-question-icon\"><\/div>\r\n\t\t\t\t\t<\/div>\r\n\r\n\t\t\t\t\t<div class=\"faq-item-answer\">\r\n\t\t\t\t\t\t<div class=\"faq-item-answer-text\"> <p>Sie k\u00f6nnen das Widget \u201ePDF einbetten\u201c ganz einfach in Ihre Wix-Website integrieren, um Ihrem Publikum das Hoch- und Herunterladen von PDF-Dateien \u00fcber einen praktischen Online-Viewer zu erm\u00f6glichen. Gehen Sie einfach zum Administratorbereich und befolgen Sie diese Schritte: <\/p><ol><li>Gehen Sie zu den Designeinstellungen. <\/li><li>Suchen Sie den Teil, in den Sie den PDF-Viewer einbetten m\u00fcssen. <\/li><li>F\u00fcgen Sie den Code vom Elfsight Apps-Dienst hinzu und \u00fcbernehmen Sie Ihre Anpassungen. <\/li><li>Du bist fertig. <\/li><\/ol><p>Und besuchen Sie <a href=\"https:\/\/elfsight.com\/tutorials\/how-to-embed-pdf-on-website\/#how-to-add-pdf-to-wix\">diese Seite<\/a>, um alle Informationen zu den Funktionen des Widgets anzuzeigen.<\/p><\/div>\r\n\t\t\t\t\t<\/div>\r\n\t\t\t\t<\/div> <div class=\"faq-item\">\r\n\t\t\t\t\t<div class=\"faq-item-question\">\r\n\t\t\t\t\t\t<h3 class=\"faq-item-question-text\">Wie kann ich Ihr Widget zum Einbetten von PDFs testen<\/h3>\r\n\r\n\t\t\t\t\t\t<div class=\"faq-item-question-icon\"><\/div>\r\n\t\t\t\t\t<\/div>\r\n\r\n\t\t\t\t\t<div class=\"faq-item-answer\">\r\n\t\t\t\t\t\t<div class=\"faq-item-answer-text\"> <p>Sie k\u00f6nnen dies ganz einfach tun, indem Sie unsere Live-<a href=\"https:\/\/elfsight.com\/pdf-embed-widget\/#demo\">Demo<\/a> anwenden. Au\u00dferdem kann es verwendet werden, um das Widget zu Ihrer Wix-Site hinzuzuf\u00fcgen!<\/p><\/div>\r\n\t\t\t\t\t<\/div>\r\n\t\t\t\t<\/div> <\/div><\/div> <div class=\"application-platform-content-item-features application-platform-content-item\" id=\"features\" data-nav-section=\"features\"> <h2>Funktionen<\/h2> <p> Damit Sie die PDF-App richtig verstehen, k\u00f6nnen Sie sich die Liste der wichtigsten Funktionen ansehen. Sie machen dieses Widget f\u00fcr Ihr Unternehmen n\u00fctzlich:<\/p> <ul><li>F\u00fcgen Sie eine unbegrenzte Anzahl von Dateien ein;<\/li> <li>Datei-Viewer-Layoutvariante zum Anzeigen von Dokumenten auf der Website;<\/li> <li> Hochladen von Bildern f\u00fcr Dateisymbole und Vorschauen;<\/li> <li>Anzeigen oder Ausblenden des Download-Dokumentetiketts;<\/li> <li>6 farbbare Details der Benutzeroberfl\u00e4che.<\/li> <\/ul><p><a href=\"#demo\">Live-Demo zeigt Ihnen eine vollst\u00e4ndige Liste der Funktionen<\/a><\/p> <\/div><div class=\"application-platform-content-item-installation application-platform-content-item\" id=\"installation\" data-nav-section=\"installation\"> <h2>Erfahren Sie, wie Sie die PDF-Datei in Ihr hochladen Wix-Site. Es ist absolut einfach.<\/h2> <div class=\"video-container\"><iframe width=\"720\" height=\"405\" src=\"https:\/\/www.youtube.com\/embed\/jX7z9vePYr8?si=DkBrCBCcOAyChphG\" frameborder=\"0\" allowfullscreen=\"\"><\/iframe><\/div><p>Die folgenden Aktionen sind das Einzige, was zum Einrichten der App auf Ihrer Webseite erforderlich ist. Es nimmt nur eine Minute Ihrer Zeit in Anspruch und erfordert kein Programmieren.<\/p> <ol><li><b>Generieren Sie Ihre einzigartige PDF-App<\/b><br> Generieren Sie mit Hilfe unserer kostenlosen Demo Ihre eigenes Widget, indem Sie Design und Funktionalit\u00e4t anpassen.<\/li><li><b>Erwerben Sie den pers\u00f6nlichen Code zur Anzeige der App<\/b><br> Nachdem Sie Ihr Widget generiert haben, erhalten Sie im Popup Ihren Installationscode Fenster auf Elfsight Apps. Kopieren Sie diesen Code.<\/li> <li><b>Laden Sie die App auf Ihre Wix-Website hoch<\/b><br> Definieren Sie den Bereich, in dem Sie das Widget anzeigen m\u00f6chten, und f\u00fcgen Sie dort den kopierten Code ein. Speichern Sie die Ergebnisse.<\/li> <li><b>Fertig!<\/b><br> Betreten Sie die Website, um Ihre PDF-Dateien anzuzeigen.<\/li> <\/ol><p>Sie haben immer noch Zweifel? Oder Probleme haben? Schreiben Sie einfach eine Anfrage an unseren Kundensupport, wir kl\u00e4ren jede Art von Frage. <\/p> <\/div>\n","protected":false},"excerpt":{"rendered":"","protected":false},"author":9,"featured_media":0,"parent":2114,"menu_order":0,"comment_status":"closed","ping_status":"closed","template":"templates\/template-application-platform.php","meta":{"publish_to_discourse":"","publish_post_category":"","wpdc_auto_publish_overridden":"","wpdc_topic_tags":"","wpdc_pin_topic":"","wpdc_pin_until":"","discourse_post_id":"","discourse_permalink":"","wpdc_publishing_response":"","wpdc_publishing_error":"","footnotes":""},"class_list":["post-9538","page","type-page","status-publish","hentry"],"yoast_head":"<!-- This site is optimized with the Yoast SEO plugin v25.3.1 - https:\/\/yoast.com\/wordpress\/plugins\/seo\/ -->\n<title>PDF Viewer \u2013 PDF-App auf der Wix-Website einbetten (in 2 Minuten)<\/title>\n<meta name=\"description\" content=\"Hier haben Sie die M\u00f6glichkeit, eine effektive PDF-Viewer-App zu erstellen und sie in Ihre Website von Wix einzubetten. Erhalten Sie kostenlosen Kundensupport und andere Verg\u00fcnstigungen von Elfsight.\" \/>\n<meta name=\"robots\" content=\"index, follow, max-snippet:-1, max-image-preview:large, max-video-preview:-1\" \/>\n<link rel=\"canonical\" href=\"https:\/\/elfsight.com\/de\/pdf-embed-widget\/wix\/\" \/>\n<meta property=\"og:locale\" content=\"de_DE\" \/>\n<meta property=\"og:type\" content=\"article\" \/>\n<meta property=\"og:title\" content=\"PDF Viewer \u2013 PDF-App auf der Wix-Website einbetten (in 2 Minuten)\" \/>\n<meta property=\"og:description\" content=\"Hier haben Sie die M\u00f6glichkeit, eine effektive PDF-Viewer-App zu erstellen und sie in Ihre Website von Wix einzubetten. Erhalten Sie kostenlosen Kundensupport und andere Verg\u00fcnstigungen von Elfsight.\" \/>\n<meta property=\"og:url\" content=\"https:\/\/elfsight.com\/de\/pdf-embed-widget\/wix\/\" \/>\n<meta property=\"og:site_name\" content=\"Elfsight DE\" \/>\n<meta property=\"article:modified_time\" content=\"2025-12-19T13:42:46+00:00\" \/>\n<meta name=\"twitter:card\" content=\"summary_large_image\" \/>\n<meta name=\"twitter:label1\" content=\"Gesch\u00e4tzte Lesezeit\" \/>\n\t<meta name=\"twitter:data1\" content=\"3\u00a0Minuten\" \/>\n<!-- \/ Yoast SEO plugin. -->","yoast_head_json":{"title":"PDF Viewer \u2013 PDF-App auf der Wix-Website einbetten (in 2 Minuten)","description":"Hier haben Sie die M\u00f6glichkeit, eine effektive PDF-Viewer-App zu erstellen und sie in Ihre Website von Wix einzubetten. Erhalten Sie kostenlosen Kundensupport und andere Verg\u00fcnstigungen von Elfsight.","robots":{"index":"index","follow":"follow","max-snippet":"max-snippet:-1","max-image-preview":"max-image-preview:large","max-video-preview":"max-video-preview:-1"},"canonical":"https:\/\/elfsight.com\/de\/pdf-embed-widget\/wix\/","og_locale":"de_DE","og_type":"article","og_title":"PDF Viewer \u2013 PDF-App auf der Wix-Website einbetten (in 2 Minuten)","og_description":"Hier haben Sie die M\u00f6glichkeit, eine effektive PDF-Viewer-App zu erstellen und sie in Ihre Website von Wix einzubetten. Erhalten Sie kostenlosen Kundensupport und andere Verg\u00fcnstigungen von Elfsight.","og_url":"https:\/\/elfsight.com\/de\/pdf-embed-widget\/wix\/","og_site_name":"Elfsight DE","article_modified_time":"2025-12-19T13:42:46+00:00","twitter_card":"summary_large_image","twitter_misc":{"Gesch\u00e4tzte Lesezeit":"3\u00a0Minuten"},"schema":{"@context":"https:\/\/schema.org","@graph":[{"@type":"WebPage","@id":"https:\/\/elfsight.com\/de\/pdf-embed-widget\/wix\/","url":"https:\/\/elfsight.com\/de\/pdf-embed-widget\/wix\/","name":"PDF Viewer \u2013 PDF-App auf der Wix-Website einbetten (in 2 Minuten)","isPartOf":{"@id":"https:\/\/elfsight.com\/de\/#website"},"datePublished":"1970-01-01T00:00:00+00:00","dateModified":"2025-12-19T13:42:46+00:00","description":"Hier haben Sie die M\u00f6glichkeit, eine effektive PDF-Viewer-App zu erstellen und sie in Ihre Website von Wix einzubetten. Erhalten Sie kostenlosen Kundensupport und andere Verg\u00fcnstigungen von Elfsight.","breadcrumb":{"@id":"https:\/\/elfsight.com\/de\/pdf-embed-widget\/wix\/#breadcrumb"},"inLanguage":"de","potentialAction":[{"@type":"ReadAction","target":["https:\/\/elfsight.com\/de\/pdf-embed-widget\/wix\/"]}]},{"@type":"BreadcrumbList","@id":"https:\/\/elfsight.com\/de\/pdf-embed-widget\/wix\/#breadcrumb","itemListElement":[{"@type":"ListItem","position":1,"name":"Home","item":"https:\/\/elfsight.com\/de\/"},{"@type":"ListItem","position":2,"name":"PDF Embed","item":"https:\/\/elfsight.com\/de\/pdf-embed-widget\/"},{"@type":"ListItem","position":3,"name":"PDF Embed &#8211; Wix"}]},{"@type":"WebSite","@id":"https:\/\/elfsight.com\/de\/#website","url":"https:\/\/elfsight.com\/de\/","name":"Elfsight DE","description":"Just another Elfsight Sites site","potentialAction":[{"@type":"SearchAction","target":{"@type":"EntryPoint","urlTemplate":"https:\/\/elfsight.com\/de\/?s={search_term_string}"},"query-input":{"@type":"PropertyValueSpecification","valueRequired":true,"valueName":"search_term_string"}}],"inLanguage":"de"}]}},"meta_box":{"industry":"","seo_heading":"","heading":"","description":"","cta_heading":"","cta_description":"","application":"484","h1":"Wix PDF Embed-App","h1_caption":"Betten Sie PDF-Dokumente in Ihre Website ein, um sie einfach anzuzeigen und herunterzuladen, ohne Besucher m\u00fchelos auf Ihre Website von Wix umzuleiten.","application_category":[],"applications_title":"","applications_request_title":"","applications_request_button_text":"","hero_text":"","hero_video":"","hero_video_schema_markup":"","selling_points_title":"","selling_points_caption":"","selling_points":[],"selling_points_cta_text":"","features_title":"","features":"","ed_cta_examples_text":"","ed_cta_examples_hidden":"","ed_cta_demo_text":"","ed_cta_demo_hidden":"","why_caption":"","why_editor_title":"","why_editor_text":"","why_team_title":"","why_team_text":"","why_service_title":"","why_service_text":"","template_catalog_visible":"0","template_catalog_title":"","template_catalog_text":"","template_catalog_categories_visible":"","demo_title":"Erstellen Sie Ihre PDF-Einbettungs-App","demo_caption":"Konfigurieren Sie Ihre PDF-Einbettung und f\u00fcgen Sie sie kostenlos zu Ihrer Wix-Website hinzu!","default_faq_hidden":"","app_template_category":[],"platform":"265","template_public_id":"","codecanyon_url":"","codecanyon_item_id":"","codecanyon_price":"","pricing_caption":"","pricing_elfsight_apps_hide_column":"","pricing_elfsight_apps_url":"","pricing_codecanyon_price_caption":"","integration_category":[],"integration_request_title":"","integration_request_cta":"","integration_platform":"","integrations":[],"platform_category":[],"video_schema_markup":"","price":"ab 0 $ \/ Monat","trial":"","benefits":[{"text":"Kostenloser Installationsservice"},{"text":"Erfahrener Kundensupport"},{"text":"14-t\u00e4gige Geld-zur\u00fcck-Garantie"},{"text":"Fortlaufende Entwicklung"}],"button_url":"#demo","button_target_blank":"0","button_nofollow":"0","attributes":[{"name":"Installiert","content":"10,000 - 100,000"},{"name":"Reaktionsfreudig","content":"Ja"},{"name":"Kompatible Browser","content":"Edge, Firefox, Chrome, Opera, Safari"}],"tags":[],"tags_disable_links":"0","hide_more_platforms":"0","video_object":"","demo_hide_cta":"0","demo_hide_cloud_options":"0","pricing_title":"","pricing":[{"pricing_icon":"platform","pricing_title":"Elfsight Apps","pricing_title_caption":"Plattformunabh\u00e4ngige Version, die zu jeder Website passt","pricing_price":"ab 0 $ \/ Monat","pricing_price_caption":"Beginnen Sie mit einem kostenlosen Plan","pricing_benefits":[{"text":"Unbegrenzte Anzahl an Domains"},{"text":"Schnelle Unterst\u00fctzung"},{"text":"Kostenloser Installationsservice"},{"text":"Sonderangebot f\u00fcr mehrere Apps"}],"pricing_button_text":"Zur Website hinzuf\u00fcgen","pricing_button_url":"#demo"}],"related_apps_title":"","related_apps_hidden":"0","author":"","image":[],"title":"","job":"","social_networks":[]},"_links":{"self":[{"href":"https:\/\/elfsight.com\/de\/wp-json\/wp\/v2\/pages\/9538","targetHints":{"allow":["GET"]}}],"collection":[{"href":"https:\/\/elfsight.com\/de\/wp-json\/wp\/v2\/pages"}],"about":[{"href":"https:\/\/elfsight.com\/de\/wp-json\/wp\/v2\/types\/page"}],"author":[{"embeddable":true,"href":"https:\/\/elfsight.com\/de\/wp-json\/wp\/v2\/users\/9"}],"replies":[{"embeddable":true,"href":"https:\/\/elfsight.com\/de\/wp-json\/wp\/v2\/comments?post=9538"}],"version-history":[{"count":4,"href":"https:\/\/elfsight.com\/de\/wp-json\/wp\/v2\/pages\/9538\/revisions"}],"predecessor-version":[{"id":25586,"href":"https:\/\/elfsight.com\/de\/wp-json\/wp\/v2\/pages\/9538\/revisions\/25586"}],"up":[{"embeddable":true,"href":"https:\/\/elfsight.com\/de\/wp-json\/wp\/v2\/pages\/2114"}],"wp:attachment":[{"href":"https:\/\/elfsight.com\/de\/wp-json\/wp\/v2\/media?parent=9538"}],"curies":[{"name":"wp","href":"https:\/\/api.w.org\/{rel}","templated":true}]}}