{"id":9532,"date":"1970-01-01T00:00:00","date_gmt":"1970-01-01T00:00:00","guid":{"rendered":"https:\/\/elfsight.com\/de\/?page_id=9532"},"modified":"2025-02-21T13:27:31","modified_gmt":"2025-02-21T13:27:31","slug":"webflow","status":"publish","type":"page","link":"https:\/\/elfsight.com\/de\/pdf-embed-widget\/webflow\/","title":{"rendered":"PDF Embed &#8211; Webflow"},"content":{"rendered":"\n<div class=\"application-platform-content-item-description application-platform-content-item\" id=\"description\" data-nav-section=\"description\"> <h2>PDF einbetten Einbetten in Webflow mit dem Elfsight-Widget<\/h2> <p>Dank des Elfsight PDF-Widgets erleben Sie die bequemste und schnellste Integration Ihrer PDF-Dokumente auf den Seiten Ihrer Website. Zur Vereinfachung der Verwendung k\u00f6nnen Dokumente einfach durch Hochladen, Eingeben der URLs oder Ausw\u00e4hlen der zuletzt hochgeladenen Dokumente hinzugef\u00fcgt werden. Sie k\u00f6nnen jedem Dokument einen Namen geben, ein benutzerdefiniertes Symbol oder Vorschaubild hochladen, ein Layout ausw\u00e4hlen und vieles mehr. Ihre Besucher k\u00f6nnen die Dokumente direkt auf der Seite anzeigen, in einem neuen Tab \u00f6ffnen und herunterladen.<\/p> <div class=\"faq\" data-component=\"FAQ\"> <div class=\"faq-item\">\r\n\t\t\t\t\t<div class=\"faq-item-question\">\r\n\t\t\t\t\t\t<h3 class=\"faq-item-question-text\">Wo kann ich PDF Embed einf\u00fcgen<\/h3>\r\n\r\n\t\t\t\t\t\t<div class=\"faq-item-question-icon\"><\/div>\r\n\t\t\t\t\t<\/div>\r\n\r\n\t\t\t\t\t<div class=\"faq-item-answer\">\r\n\t\t\t\t\t\t<div class=\"faq-item-answer-text\"> <p>Das Widget \u201eFile Embed\u201c l\u00e4sst sich ganz einfach anzeigen beliebige Seiten Ihrer Website. Damit k\u00f6nnen Sie beispielsweise Ihre Produktdokumente oder -spezifikationen auf entsprechenden Produktseiten einbetten oder Ihre Diplome und Qualifikationen auf der Seite \u201e\u00dcber uns\u201c demonstrieren.<\/p> <\/div>\r\n\t\t\t\t\t<\/div>\r\n\t\t\t\t<\/div> <div class=\"faq-item\">\r\n\t\t\t\t\t<div class=\"faq-item-question\">\r\n\t\t\t\t\t\t<h3 class=\"faq-item-question-text\">Welche Vorteile bringt es mir?<\/h3>\r\n\r\n\t\t\t\t\t\t<div class=\"faq-item-question-icon\"><\/div>\r\n\t\t\t\t\t<\/div>\r\n\r\n\t\t\t\t\t<div class=\"faq-item-answer\">\r\n\t\t\t\t\t\t<div class=\"faq-item-answer-text\"> <p>Mit dem Widget von Elfsight k\u00f6nnen Sie viel Zeit sparen, denn damit geht die Integration von Materialien in Ihre Website in nur wenigen Sekunden. Dar\u00fcber hinaus hilft es Ihnen, viele wertvolle Informationen \u00fcber Ihre Angebote und Dienstleistungen bereitzustellen und die Aufmerksamkeit der Kunden auf Ihre Artikel zu steigern.<\/p> <\/div>\r\n\t\t\t\t\t<\/div>\r\n\t\t\t\t<\/div> <div class=\"faq-item\">\r\n\t\t\t\t\t<div class=\"faq-item-question\">\r\n\t\t\t\t\t\t<h3 class=\"faq-item-question-text\">Was ben\u00f6tige ich, um PDF Embed zu meinem Webflow hinzuzuf\u00fcgen? Website?<\/h3>\r\n\r\n\t\t\t\t\t\t<div class=\"faq-item-question-icon\"><\/div>\r\n\t\t\t\t\t<\/div>\r\n\r\n\t\t\t\t\t<div class=\"faq-item-answer\">\r\n\t\t\t\t\t\t<div class=\"faq-item-answer-text\"> <p>Die Aktivierung des Widgets dauert nur eine Minute. Der Einbettungsprozess ist wirklich schnell, kostenlos und ohne Programmieraufwand. <\/p> <p>Sie k\u00f6nnen das Widget \u00fcber unseren Service in die Website einbinden. F\u00fchren Sie einfach die Anleitung unten auf dieser Seite aus.<\/p> <\/div>\r\n\t\t\t\t\t<\/div>\r\n\t\t\t\t<\/div> <\/div> <\/div> <div class=\"application-platform-content-item-features application-platform-content-item\" id=\"features\" data-nav-section=\"features\"> <h2>Hauptfunktionen des PDF-Einbettungs-Widgets<\/h2> <p> Um einen besseren Eindruck von PDF Embed zu bekommen, k\u00f6nnen Sie einen Blick auf die Liste seiner wesentlichen Funktionen werfen. Sie machen dieses Widget f\u00fcr Sie wirklich effektiv: <\/p> <ul><li>Unbegrenzt viele Dateien hinzuf\u00fcgen;<\/li> <li>Datei-Viewer-Layoutvariante zum Anzeigen von Dokumenten auf der Website;<\/li> <li>Bilder hochladen f\u00fcr Dateisymbole und Vorschauen;<\/li> <li>Anzeigen oder Ausschalten der Download-Dateibeschriftung;<\/li> <li>Sechs \u00fcbermalbare Elemente der Widget-Oberfl\u00e4che.<\/li> <\/ul><p><a href=\"#demo\">Unsere Demo zeigt Ihnen alle Funktionen<\/a><\/p> <\/div> <div class=\"application-platform-content-item-installation application-platform-content-item\" id=\"installation\" data-nav-section=\"installation\"> <h2>Sehen Sie, wie Sie den PDF Viewer auf Ihrer Webflow-Site einf\u00fchren<\/h2> <div class=\"video-container\"><iframe width=\"560\" height=\"315\" src=\"https:\/\/www.youtube.com\/embed\/9Xdf6c5M5DE?si=rL0TJRQoNw-jeY2C\" frameborder=\"0\" allow=\"accelerometer; autoplay; clipboard-write; encrypted-media; gyroscope; picture-in-picture; web-share\" allowfullscreen><\/iframe><\/div><p>Die folgenden Schritte sind das Einzige, was Sie tun m\u00fcssen, um das Widget zum Laufen zu bringen. <\/p> <ol><li><b>Erstellen Sie Ihr individuelles PDF-Widget<\/b><br> Erstellen Sie in unserem kostenlosen Editor Ihr eigenes Plugin und w\u00e4hlen Sie dabei Design- und Funktionsoptionen aus.<\/li><li><b>Erhalten Sie den individuellen Code zur Installation des Plugins<\/b><br> Nachdem Sie Ihr Widget eingerichtet haben, erhalten Sie Ihren Installationscode im erscheinenden Fenster von Elfsight Apps. Kopieren Sie den Code zur sp\u00e4teren Verwendung.<\/li> <li><b> Das Plugin auf Ihrer Webflow-Site<\/b><br> W\u00e4hlen Sie den Bereich aus, in dem Sie das Plugin hinzuf\u00fcgen m\u00f6chten, und f\u00fcgen Sie dort den gespeicherten Code ein. Wenden Sie die Ergebnisse an.<\/li> <li><b>Fertig!<\/b><br> Gehen Sie in Ihr Gesch\u00e4ft, um sich Ihre Arbeit anzusehen.<\/li> <\/ol><p> Sie k\u00f6nnen sich immer noch nicht entscheiden? Oder haben Sie Fragen? Senden Sie einfach eine Anfrage an unseren Kundensupport und er wird alle Probleme l\u00f6sen. <\/p> <\/div>\n","protected":false},"excerpt":{"rendered":"","protected":false},"author":9,"featured_media":0,"parent":2114,"menu_order":0,"comment_status":"closed","ping_status":"closed","template":"templates\/template-application-platform.php","meta":{"publish_to_discourse":"","publish_post_category":"","wpdc_auto_publish_overridden":"","wpdc_topic_tags":"","wpdc_pin_topic":"","wpdc_pin_until":"","discourse_post_id":"","discourse_permalink":"","wpdc_publishing_response":"","wpdc_publishing_error":"","footnotes":""},"class_list":["post-9532","page","type-page","status-publish","hentry"],"yoast_head":"<!-- This site is optimized with the Yoast SEO plugin v25.3.1 - https:\/\/yoast.com\/wordpress\/plugins\/seo\/ -->\n<title>PDF Viewer \u2013 PDF-Widget auf Webflow-Website einbetten (kostenlos und schnell)<\/title>\n<meta name=\"description\" content=\"Hier haben Sie die M\u00f6glichkeit, ein benutzerdefiniertes PDF-Viewer-Widget zu erstellen und es in Ihre Webflow-Website einzubetten. Genie\u00dfen Sie kostenlosen Kundensupport und andere Boni von Elfsight.\" \/>\n<meta name=\"robots\" content=\"index, follow, max-snippet:-1, max-image-preview:large, max-video-preview:-1\" \/>\n<link rel=\"canonical\" href=\"https:\/\/elfsight.com\/de\/pdf-embed-widget\/webflow\/\" \/>\n<meta property=\"og:locale\" content=\"de_DE\" \/>\n<meta property=\"og:type\" content=\"article\" \/>\n<meta property=\"og:title\" content=\"PDF Viewer \u2013 PDF-Widget auf Webflow-Website einbetten (kostenlos und schnell)\" \/>\n<meta property=\"og:description\" content=\"Hier haben Sie die M\u00f6glichkeit, ein benutzerdefiniertes PDF-Viewer-Widget zu erstellen und es in Ihre Webflow-Website einzubetten. Genie\u00dfen Sie kostenlosen Kundensupport und andere Boni von Elfsight.\" \/>\n<meta property=\"og:url\" content=\"https:\/\/elfsight.com\/de\/pdf-embed-widget\/webflow\/\" \/>\n<meta property=\"og:site_name\" content=\"Elfsight DE\" \/>\n<meta property=\"article:modified_time\" content=\"2025-02-21T13:27:31+00:00\" \/>\n<meta name=\"twitter:card\" content=\"summary_large_image\" \/>\n<meta name=\"twitter:label1\" content=\"Gesch\u00e4tzte Lesezeit\" \/>\n\t<meta name=\"twitter:data1\" content=\"3\u00a0Minuten\" \/>\n<!-- \/ Yoast SEO plugin. -->","yoast_head_json":{"title":"PDF Viewer \u2013 PDF-Widget auf Webflow-Website einbetten (kostenlos und schnell)","description":"Hier haben Sie die M\u00f6glichkeit, ein benutzerdefiniertes PDF-Viewer-Widget zu erstellen und es in Ihre Webflow-Website einzubetten. Genie\u00dfen Sie kostenlosen Kundensupport und andere Boni von Elfsight.","robots":{"index":"index","follow":"follow","max-snippet":"max-snippet:-1","max-image-preview":"max-image-preview:large","max-video-preview":"max-video-preview:-1"},"canonical":"https:\/\/elfsight.com\/de\/pdf-embed-widget\/webflow\/","og_locale":"de_DE","og_type":"article","og_title":"PDF Viewer \u2013 PDF-Widget auf Webflow-Website einbetten (kostenlos und schnell)","og_description":"Hier haben Sie die M\u00f6glichkeit, ein benutzerdefiniertes PDF-Viewer-Widget zu erstellen und es in Ihre Webflow-Website einzubetten. Genie\u00dfen Sie kostenlosen Kundensupport und andere Boni von Elfsight.","og_url":"https:\/\/elfsight.com\/de\/pdf-embed-widget\/webflow\/","og_site_name":"Elfsight DE","article_modified_time":"2025-02-21T13:27:31+00:00","twitter_card":"summary_large_image","twitter_misc":{"Gesch\u00e4tzte Lesezeit":"3\u00a0Minuten"},"schema":{"@context":"https:\/\/schema.org","@graph":[{"@type":"WebPage","@id":"https:\/\/elfsight.com\/de\/pdf-embed-widget\/webflow\/","url":"https:\/\/elfsight.com\/de\/pdf-embed-widget\/webflow\/","name":"PDF Viewer \u2013 PDF-Widget auf Webflow-Website einbetten (kostenlos und schnell)","isPartOf":{"@id":"https:\/\/elfsight.com\/de\/#website"},"datePublished":"1970-01-01T00:00:00+00:00","dateModified":"2025-02-21T13:27:31+00:00","description":"Hier haben Sie die M\u00f6glichkeit, ein benutzerdefiniertes PDF-Viewer-Widget zu erstellen und es in Ihre Webflow-Website einzubetten. Genie\u00dfen Sie kostenlosen Kundensupport und andere Boni von Elfsight.","breadcrumb":{"@id":"https:\/\/elfsight.com\/de\/pdf-embed-widget\/webflow\/#breadcrumb"},"inLanguage":"de","potentialAction":[{"@type":"ReadAction","target":["https:\/\/elfsight.com\/de\/pdf-embed-widget\/webflow\/"]}]},{"@type":"BreadcrumbList","@id":"https:\/\/elfsight.com\/de\/pdf-embed-widget\/webflow\/#breadcrumb","itemListElement":[{"@type":"ListItem","position":1,"name":"Home","item":"https:\/\/elfsight.com\/de\/"},{"@type":"ListItem","position":2,"name":"PDF Embed","item":"https:\/\/elfsight.com\/de\/pdf-embed-widget\/"},{"@type":"ListItem","position":3,"name":"PDF Embed &#8211; Webflow"}]},{"@type":"WebSite","@id":"https:\/\/elfsight.com\/de\/#website","url":"https:\/\/elfsight.com\/de\/","name":"Elfsight DE","description":"Just another Elfsight Sites site","potentialAction":[{"@type":"SearchAction","target":{"@type":"EntryPoint","urlTemplate":"https:\/\/elfsight.com\/de\/?s={search_term_string}"},"query-input":{"@type":"PropertyValueSpecification","valueRequired":true,"valueName":"search_term_string"}}],"inLanguage":"de"}]}},"meta_box":{"industry":"","seo_heading":"","heading":"","description":"","cta_heading":"","cta_description":"","application":"484","h1":"Webflow-PDF-Einbettungs-Widget","h1_caption":"Betten Sie PDF-Dokumente in Ihre Website ein, um sie einfach anzuzeigen und herunterzuladen, ohne Besucher m\u00fchelos auf Ihre Webflow-Website umzuleiten.","application_category":[],"applications_title":"","applications_request_title":"","applications_request_button_text":"","hero_text":"","hero_video":"","hero_video_schema_markup":"","selling_points_title":"","selling_points_caption":"","selling_points":[],"selling_points_cta_text":"","features_title":"","features":"","ed_cta_examples_text":"","ed_cta_examples_hidden":"","ed_cta_demo_text":"","ed_cta_demo_hidden":"","why_caption":"","why_editor_title":"","why_editor_text":"","why_team_title":"","why_team_text":"","why_service_title":"","why_service_text":"","template_catalog_visible":"0","template_catalog_title":"","template_catalog_text":"","template_catalog_categories_visible":"","demo_title":"Erstellen Sie Ihr PDF-Einbettungs-Widget","demo_caption":"Konfigurieren Sie Ihre PDF-Einbettung und f\u00fcgen Sie sie kostenlos zu Ihrer Webflow-Website hinzu!","default_faq_hidden":"","app_template_category":[],"platform":"250","template_public_id":"","codecanyon_url":"","codecanyon_item_id":"","codecanyon_price":"","pricing_caption":"","pricing_elfsight_apps_hide_column":"","pricing_elfsight_apps_url":"","pricing_codecanyon_price_caption":"","integration_category":[],"integration_request_title":"","integration_request_cta":"","integration_platform":"","integrations":[],"platform_category":[],"video_schema_markup":"","price":"ab 0 $ \/ Monat","trial":"","benefits":[{"text":"Kostenlose Installationshilfe"},{"text":"Erfahrenes Support-Team"},{"text":"14-t\u00e4gige Geld-zur\u00fcck-Garantie"},{"text":"Fortlaufende Entwicklung"}],"button_url":"#demo","button_target_blank":"0","button_nofollow":"0","attributes":[{"name":"Installiert","content":"10,000 - 100,000"},{"name":"Reaktionsfreudig","content":"Ja"},{"name":"Kompatible Browser","content":"Opera, Chrome, Safari, Edge, Firefox"}],"tags":[],"tags_disable_links":"0","hide_more_platforms":"0","video_object":"","demo_hide_cta":"0","demo_hide_cloud_options":"0","pricing_title":"","pricing":[{"pricing_icon":"platform","pricing_title":"Elfsight Apps","pricing_title_caption":"Multiplattform-Version, die zu jeder Website passt","pricing_price":"ab 0 $ \/ Monat","pricing_price_caption":"Beginnen Sie mit einem kostenlosen Plan","pricing_benefits":[{"text":"Unbegrenzte Websites"},{"text":"Engagierter Kundensupport"},{"text":"Kostenloser Installationsservice"},{"text":"Sonderpreis f\u00fcr mehrere Apps"}],"pricing_button_text":"Zur Website hinzuf\u00fcgen","pricing_button_url":"#demo"}],"related_apps_title":"","related_apps_hidden":"0","author":"","image":[],"title":"","job":"","social_networks":[]},"_links":{"self":[{"href":"https:\/\/elfsight.com\/de\/wp-json\/wp\/v2\/pages\/9532","targetHints":{"allow":["GET"]}}],"collection":[{"href":"https:\/\/elfsight.com\/de\/wp-json\/wp\/v2\/pages"}],"about":[{"href":"https:\/\/elfsight.com\/de\/wp-json\/wp\/v2\/types\/page"}],"author":[{"embeddable":true,"href":"https:\/\/elfsight.com\/de\/wp-json\/wp\/v2\/users\/9"}],"replies":[{"embeddable":true,"href":"https:\/\/elfsight.com\/de\/wp-json\/wp\/v2\/comments?post=9532"}],"version-history":[{"count":3,"href":"https:\/\/elfsight.com\/de\/wp-json\/wp\/v2\/pages\/9532\/revisions"}],"predecessor-version":[{"id":24743,"href":"https:\/\/elfsight.com\/de\/wp-json\/wp\/v2\/pages\/9532\/revisions\/24743"}],"up":[{"embeddable":true,"href":"https:\/\/elfsight.com\/de\/wp-json\/wp\/v2\/pages\/2114"}],"wp:attachment":[{"href":"https:\/\/elfsight.com\/de\/wp-json\/wp\/v2\/media?parent=9532"}],"curies":[{"name":"wp","href":"https:\/\/api.w.org\/{rel}","templated":true}]}}