{"id":9531,"date":"1970-01-01T00:00:00","date_gmt":"1970-01-01T00:00:00","guid":{"rendered":"https:\/\/elfsight.com\/de\/?page_id=9531"},"modified":"2025-12-19T12:00:05","modified_gmt":"2025-12-19T12:00:05","slug":"squarespace","status":"publish","type":"page","link":"https:\/\/elfsight.com\/de\/pdf-embed-widget\/squarespace\/","title":{"rendered":"PDF Embed &#8211; Squarespace"},"content":{"rendered":"\n<div class=\"application-platform-content-item-description application-platform-content-item\" id=\"description\" data-nav-section=\"description\"> <h2>PDF einbetten Mit dem Elfsight-Widget in Squarespace einbetten<\/h2> <p>Mit dem Elfsight PDF-Plugin erleben Sie die praktischste und schnellste Integration aller Zeiten PDF-Dateien auf Ihrer Website. F\u00fcr den Benutzerkomfort k\u00f6nnen Dateien durch direktes Hochladen, Hinzuf\u00fcgen der URLs oder Ausw\u00e4hlen aus der Liste der zuletzt hochgeladenen Dateien eingef\u00fcgt werden. Sie k\u00f6nnen jeder Datei einen Titel geben, ein Symbol oder Bild hochladen, eine Option f\u00fcr das Dateilayout ausw\u00e4hlen und vieles mehr. Website-Besucher k\u00f6nnen die Dokumente direkt auf Ihrer Website studieren, in einem neuen Tab ansehen und herunterladen.<\/p> <div class=\"faq\" data-component=\"FAQ\"> <div class=\"faq-item\">\r\n\t\t\t\t\t<div class=\"faq-item-question\">\r\n\t\t\t\t\t\t<h3 class=\"faq-item-question-text\">Welche genauen anderen Tools f\u00fcr Squarespace haben Sie genau anzubieten? <\/h3>\r\n\r\n\t\t\t\t\t\t<div class=\"faq-item-question-icon\"><\/div>\r\n\t\t\t\t\t<\/div>\r\n\r\n\t\t\t\t\t<div class=\"faq-item-answer\">\r\n\t\t\t\t\t\t<div class=\"faq-item-answer-text\"> <p>Sie Gerne k\u00f6nnen Sie zahlreiche Plugins f\u00fcr beliebige Ziele auf Ihrer Website verwenden, unabh\u00e4ngig von Ihrem Unternehmen. Sehen Sie sich einige davon an: <a href=\"https:\/\/elfsight.com\/qr-code-widget\/squarespace\/\">QR-Code<\/a>, <a href=\"https:\/\/elfsight.com\/google-reviews-widget\/squarespace\/\">Google Bewertungen<\/a>, <a href=\"https:\/\/elfsight.com\/whatsapp-chat-widget\/squarespace\/\">WhatsApp Chat<\/a>, <a href=\"https:\/\/elfsight.com\/event-calendar-widget\/squarespace\/\">Veranstaltungskalender<\/a>, <a href=\"https:\/\/elfsight.com\/countdown-timer-widget\/squarespace\/\">Countdown-Timer <\/a>.<\/p> <\/div>\r\n\t\t\t\t\t<\/div>\r\n\t\t\t\t<\/div> <div class=\"faq-item\">\r\n\t\t\t\t\t<div class=\"faq-item-question\">\r\n\t\t\t\t\t\t<h3 class=\"faq-item-question-text\">Wie kann ich das Embed PDF-Plugin zu meiner Squarespace-Website hinzuf\u00fcgen? <\/h3>\r\n\r\n\t\t\t\t\t\t<div class=\"faq-item-question-icon\"><\/div>\r\n\t\t\t\t\t<\/div>\r\n\r\n\t\t\t\t\t<div class=\"faq-item-answer\">\r\n\t\t\t\t\t\t<div class=\"faq-item-answer-text\"> <p>Sie k\u00f6nnen das Embed PDF-Plugin in Ihre Squarespace-Website integrieren, um dies zu erm\u00f6glichen Ihre Benutzer laden PDF-Dateien herunter und laden sie hoch. Gehen Sie einfach zum Administratorbereich und f\u00fchren Sie die folgenden Aktionen aus: <\/p><ol><li>Gehen Sie zu den Designeinstellungen. <\/li><li>W\u00e4hlen Sie den Block auf Ihrer Squarespace-Site aus, in den Sie den Online-Viewer von PDF einbetten m\u00f6chten. <\/li><li>F\u00fcgen Sie den Code vom Elfsight Apps-Dienst hinzu und speichern Sie Ihre \u00c4nderungen. <\/li><li>Fertig. <\/li><\/ol><p><a href=\"https:\/\/elfsight.com\/tutorials\/how-to-embed-pdf-on-website\/#how-to-add-pdf-to-squarespace \">Hier<\/a> finden Sie eine vollst\u00e4ndige Anleitung zur Installation des Plugins auf allen g\u00e4ngigen Plattformen.<\/p><\/div>\r\n\t\t\t\t\t<\/div>\r\n\t\t\t\t<\/div> <div class=\"faq-item\">\r\n\t\t\t\t\t<div class=\"faq-item-question\">\r\n\t\t\t\t\t\t<h3 class=\"faq-item-question-text\">Kann ich Ihr Plugin-Widget zum Einbetten von PDFs testen, wenn es verwendet wird<\/h3>\r\n\r\n\t\t\t\t\t\t<div class=\"faq-item-question-icon\"><\/div>\r\n\t\t\t\t\t<\/div>\r\n\r\n\t\t\t\t\t<div class=\"faq-item-answer\">\r\n\t\t\t\t\t\t<div class=\"faq-item-answer-text\"> <p>Absolut! Verwenden Sie dazu und auch zum Hinzuf\u00fcgen des Plugins zu Ihrer Squarespace-Website unsere kostenlose aktive <a href=\"https:\/\/elfsight.com\/pdf-embed-widget\/#demo\">Demo<\/a>.<\/p><\/div>\r\n\t\t\t\t\t<\/div>\r\n\t\t\t\t<\/div> <\/div><\/div> <div class=\"application-platform-content-item-features application-platform-content-item\" id=\"features\" data-nav-section=\"features\"> <h2>Hauptfunktionen des PDF Embed-Widgets<\/h2> <p>Um eine vollst\u00e4ndige Vorstellung von PDF Embed zu erhalten, sehen Sie sich das an Liste der wesentlichen Merkmale. Sie machen das Widget f\u00fcr Ihre Website wirklich effektiv: <\/p> <ul><li>F\u00fcgen Sie eine unbegrenzte Anzahl von Dokumenten hinzu; <\/li> <li>Datei-Viewer-Layoutvariante zum Lesen von Dokumenten auf der Website; <\/li> <li>Die Option zum Hochladen von Bildern f\u00fcr Dateisymbole und Vorschauen; <\/li> <li>Die Option zum Ein- oder Ausblenden des Download-Dateilabels; <\/li> <li> Die Option zum Malen von sechs Schnittstellendetails. <\/li> <\/ul><p><a href=\"#demo\">Um alle Funktionen zu entdecken, sehen Sie sich die Demo an<\/a><\/p> <\/div> <div class=\"application-platform-content-item-installation application-platform-content-item\" id=\"installation\" data-nav-section=\"installation\"> <h2> Erfahren Sie, wie Sie die PDF-Datei auf Ihre Squarespace-Website hochladen<\/h2> <div class=\"video-container\"><iframe allowfullscreen=\"\" frameborder=\"0\" height=\"405\" src=\"https:\/\/www.youtube.com\/embed\/PS62sYR8soA?si=RJYAKd1jk85wcnVm\" width=\"720\"><\/iframe><\/div><p> Ein paar einfache Aktionen sind das Einzige, was Sie demonstrieren m\u00fcssen.<\/p> <ol><li><b>Generieren Sie Ihr individuelles PDF-Plugin<\/b><br> Erhalten Sie mit unserem kostenlosen Editor ein Plugin mit individuellem Layout und individuellen Funktionen. <\/li><li><b>Erhalten Sie den pers\u00f6nlichen Code, um das Plugin zu installieren<\/b><br> Nachdem Sie Ihr Widget angepasst haben, erhalten Sie Ihren Installationscode \u00fcber die Popup-Benachrichtigung auf Elfsight Apps. Kopieren Sie den Code. <\/li> <li><b>F\u00fcgen Sie das Plugin auf Ihrer Squarespace-Website hinzu<\/b><br> W\u00e4hlen Sie den Ort aus, an dem Sie das Plugin platzieren m\u00f6chten, und laden Sie den gespeicherten Code dort hoch. Ver\u00f6ffentlichen Sie die \u00c4nderungen. <\/li> <li><b>Fertig! <\/b><br> Besuchen Sie Ihre Website, um Ihr PDF zu \u00fcberpr\u00fcfen.<\/li> <\/ol><p>Sie k\u00f6nnen sich immer noch nicht entscheiden? Oder haben Sie Probleme? Senden Sie einfach eine Anfrage an unseren Kundenservice, der jedes Problem kl\u00e4rt.<\/p> <\/div>\n","protected":false},"excerpt":{"rendered":"","protected":false},"author":9,"featured_media":0,"parent":2114,"menu_order":0,"comment_status":"closed","ping_status":"closed","template":"templates\/template-application-platform.php","meta":{"publish_to_discourse":"","publish_post_category":"","wpdc_auto_publish_overridden":"","wpdc_topic_tags":"","wpdc_pin_topic":"","wpdc_pin_until":"","discourse_post_id":"","discourse_permalink":"","wpdc_publishing_response":"","wpdc_publishing_error":"","footnotes":""},"class_list":["post-9531","page","type-page","status-publish","hentry"],"yoast_head":"<!-- This site is optimized with the Yoast SEO plugin v25.3.1 - https:\/\/yoast.com\/wordpress\/plugins\/seo\/ -->\n<title>PDF Viewer \u2013 PDF-Plugin auf der Squarespace-Website einbetten (in 2 Minuten)<\/title>\n<meta name=\"description\" content=\"Gestalten Sie mit Elfsight Ihr PDF Viewer-Plugin und betten Sie es schnell und einfach in Ihre Squarespace-Site ein. Wir bieten kostenlosen Kundensupport und weitere Boni.\" \/>\n<meta name=\"robots\" content=\"index, follow, max-snippet:-1, max-image-preview:large, max-video-preview:-1\" \/>\n<link rel=\"canonical\" href=\"https:\/\/elfsight.com\/de\/pdf-embed-widget\/squarespace\/\" \/>\n<meta property=\"og:locale\" content=\"de_DE\" \/>\n<meta property=\"og:type\" content=\"article\" \/>\n<meta property=\"og:title\" content=\"PDF Viewer \u2013 PDF-Plugin auf der Squarespace-Website einbetten (in 2 Minuten)\" \/>\n<meta property=\"og:description\" content=\"Gestalten Sie mit Elfsight Ihr PDF Viewer-Plugin und betten Sie es schnell und einfach in Ihre Squarespace-Site ein. Wir bieten kostenlosen Kundensupport und weitere Boni.\" \/>\n<meta property=\"og:url\" content=\"https:\/\/elfsight.com\/de\/pdf-embed-widget\/squarespace\/\" \/>\n<meta property=\"og:site_name\" content=\"Elfsight DE\" \/>\n<meta property=\"article:modified_time\" content=\"2025-12-19T12:00:05+00:00\" \/>\n<meta name=\"twitter:card\" content=\"summary_large_image\" \/>\n<meta name=\"twitter:label1\" content=\"Gesch\u00e4tzte Lesezeit\" \/>\n\t<meta name=\"twitter:data1\" content=\"3\u00a0Minuten\" \/>\n<!-- \/ Yoast SEO plugin. -->","yoast_head_json":{"title":"PDF Viewer \u2013 PDF-Plugin auf der Squarespace-Website einbetten (in 2 Minuten)","description":"Gestalten Sie mit Elfsight Ihr PDF Viewer-Plugin und betten Sie es schnell und einfach in Ihre Squarespace-Site ein. Wir bieten kostenlosen Kundensupport und weitere Boni.","robots":{"index":"index","follow":"follow","max-snippet":"max-snippet:-1","max-image-preview":"max-image-preview:large","max-video-preview":"max-video-preview:-1"},"canonical":"https:\/\/elfsight.com\/de\/pdf-embed-widget\/squarespace\/","og_locale":"de_DE","og_type":"article","og_title":"PDF Viewer \u2013 PDF-Plugin auf der Squarespace-Website einbetten (in 2 Minuten)","og_description":"Gestalten Sie mit Elfsight Ihr PDF Viewer-Plugin und betten Sie es schnell und einfach in Ihre Squarespace-Site ein. Wir bieten kostenlosen Kundensupport und weitere Boni.","og_url":"https:\/\/elfsight.com\/de\/pdf-embed-widget\/squarespace\/","og_site_name":"Elfsight DE","article_modified_time":"2025-12-19T12:00:05+00:00","twitter_card":"summary_large_image","twitter_misc":{"Gesch\u00e4tzte Lesezeit":"3\u00a0Minuten"},"schema":{"@context":"https:\/\/schema.org","@graph":[{"@type":"WebPage","@id":"https:\/\/elfsight.com\/de\/pdf-embed-widget\/squarespace\/","url":"https:\/\/elfsight.com\/de\/pdf-embed-widget\/squarespace\/","name":"PDF Viewer \u2013 PDF-Plugin auf der Squarespace-Website einbetten (in 2 Minuten)","isPartOf":{"@id":"https:\/\/elfsight.com\/de\/#website"},"datePublished":"1970-01-01T00:00:00+00:00","dateModified":"2025-12-19T12:00:05+00:00","description":"Gestalten Sie mit Elfsight Ihr PDF Viewer-Plugin und betten Sie es schnell und einfach in Ihre Squarespace-Site ein. Wir bieten kostenlosen Kundensupport und weitere Boni.","breadcrumb":{"@id":"https:\/\/elfsight.com\/de\/pdf-embed-widget\/squarespace\/#breadcrumb"},"inLanguage":"de","potentialAction":[{"@type":"ReadAction","target":["https:\/\/elfsight.com\/de\/pdf-embed-widget\/squarespace\/"]}]},{"@type":"BreadcrumbList","@id":"https:\/\/elfsight.com\/de\/pdf-embed-widget\/squarespace\/#breadcrumb","itemListElement":[{"@type":"ListItem","position":1,"name":"Home","item":"https:\/\/elfsight.com\/de\/"},{"@type":"ListItem","position":2,"name":"PDF Embed","item":"https:\/\/elfsight.com\/de\/pdf-embed-widget\/"},{"@type":"ListItem","position":3,"name":"PDF Embed &#8211; Squarespace"}]},{"@type":"WebSite","@id":"https:\/\/elfsight.com\/de\/#website","url":"https:\/\/elfsight.com\/de\/","name":"Elfsight DE","description":"Just another Elfsight Sites site","potentialAction":[{"@type":"SearchAction","target":{"@type":"EntryPoint","urlTemplate":"https:\/\/elfsight.com\/de\/?s={search_term_string}"},"query-input":{"@type":"PropertyValueSpecification","valueRequired":true,"valueName":"search_term_string"}}],"inLanguage":"de"}]}},"meta_box":{"industry":"","seo_heading":"","heading":"","description":"","cta_heading":"","cta_description":"","application":"484","h1":"Squarespace PDF Embed-Plugin","h1_caption":"Betten Sie PDF-Dokumente m\u00fchelos in Ihre Website ein, um sie einfach anzuzeigen und herunterzuladen, ohne Besucher auf Ihre Squarespace-Website umzuleiten.","application_category":[],"applications_title":"","applications_request_title":"","applications_request_button_text":"","hero_text":"","hero_video":"","hero_video_schema_markup":"","selling_points_title":"","selling_points_caption":"","selling_points":[],"selling_points_cta_text":"","features_title":"","features":"","ed_cta_examples_text":"","ed_cta_examples_hidden":"","ed_cta_demo_text":"","ed_cta_demo_hidden":"","why_caption":"","why_editor_title":"","why_editor_text":"","why_team_title":"","why_team_text":"","why_service_title":"","why_service_text":"","template_catalog_visible":"0","template_catalog_title":"","template_catalog_text":"","template_catalog_categories_visible":"","demo_title":"Erstellen Sie Ihr PDF-Einbettungs-Plugin","demo_caption":"Konfigurieren Sie Ihre PDF-Einbettung und f\u00fcgen Sie sie kostenlos zu Ihrer Squarespace-Website hinzu!","default_faq_hidden":"","app_template_category":[],"platform":"252","template_public_id":"","codecanyon_url":"","codecanyon_item_id":"","codecanyon_price":"","pricing_caption":"","pricing_elfsight_apps_hide_column":"","pricing_elfsight_apps_url":"","pricing_codecanyon_price_caption":"","integration_category":[],"integration_request_title":"","integration_request_cta":"","integration_platform":"","integrations":[],"platform_category":[],"video_schema_markup":"","price":"ab 0 $ \/ Monat","trial":"","benefits":[{"text":"Kostenlose Installationshilfe"},{"text":"Premium-Support"},{"text":"14-t\u00e4gige R\u00fcckerstattungsgarantie"},{"text":"Kontinuierliche kostenlose Updates"}],"button_url":"#demo","button_target_blank":"0","button_nofollow":"0","attributes":[{"name":"Installiert","content":"10,000 - 100,000"},{"name":"Reaktionsfreudig","content":"Ja"},{"name":"Kompatible Browser","content":"Firefox, Safari, Opera, Chrome, Edge"}],"tags":[],"tags_disable_links":"0","hide_more_platforms":"0","video_object":"","demo_hide_cta":"0","demo_hide_cloud_options":"0","pricing_title":"","pricing":[{"pricing_icon":"platform","pricing_title":"Elfsight Apps","pricing_title_caption":"Plattformunabh\u00e4ngige digitale L\u00f6sung","pricing_price":"ab 0 $ \/ Monat","pricing_price_caption":"Beginnen Sie mit einem kostenlosen Plan","pricing_benefits":[{"text":"Unbegrenzte Websites"},{"text":"Kostenloser Unternehmenssupport"},{"text":"Kostenlose Installationsunterst\u00fctzung"},{"text":"100 % anpassbar"}],"pricing_button_text":"Zur Website hinzuf\u00fcgen","pricing_button_url":"#demo"}],"related_apps_title":"","related_apps_hidden":"0","author":"","image":[],"title":"","job":"","social_networks":[]},"_links":{"self":[{"href":"https:\/\/elfsight.com\/de\/wp-json\/wp\/v2\/pages\/9531","targetHints":{"allow":["GET"]}}],"collection":[{"href":"https:\/\/elfsight.com\/de\/wp-json\/wp\/v2\/pages"}],"about":[{"href":"https:\/\/elfsight.com\/de\/wp-json\/wp\/v2\/types\/page"}],"author":[{"embeddable":true,"href":"https:\/\/elfsight.com\/de\/wp-json\/wp\/v2\/users\/9"}],"replies":[{"embeddable":true,"href":"https:\/\/elfsight.com\/de\/wp-json\/wp\/v2\/comments?post=9531"}],"version-history":[{"count":4,"href":"https:\/\/elfsight.com\/de\/wp-json\/wp\/v2\/pages\/9531\/revisions"}],"predecessor-version":[{"id":25585,"href":"https:\/\/elfsight.com\/de\/wp-json\/wp\/v2\/pages\/9531\/revisions\/25585"}],"up":[{"embeddable":true,"href":"https:\/\/elfsight.com\/de\/wp-json\/wp\/v2\/pages\/2114"}],"wp:attachment":[{"href":"https:\/\/elfsight.com\/de\/wp-json\/wp\/v2\/media?parent=9531"}],"curies":[{"name":"wp","href":"https:\/\/api.w.org\/{rel}","templated":true}]}}