{"id":9530,"date":"1970-01-01T00:00:00","date_gmt":"1970-01-01T00:00:00","guid":{"rendered":"https:\/\/elfsight.com\/de\/?page_id=9530"},"modified":"2025-02-21T13:22:51","modified_gmt":"2025-02-21T13:22:51","slug":"shopify","status":"publish","type":"page","link":"https:\/\/elfsight.com\/de\/pdf-embed-widget\/shopify\/","title":{"rendered":"PDF Embed &#8211; Shopify"},"content":{"rendered":"\n<div class=\"application-platform-content-item-description application-platform-content-item\" id=\"description\" data-nav-section=\"description\"> <h2>PDF einbetten Auf Shopify mit dem Elfsight-Widget einbetten<\/h2> <p>Mit der Elfsight PDF-App erhalten Sie das einfachste und schnellste Hinzuf\u00fcgen Ihrer PDF-Dokumente auf Ihrer Website. Zur Vereinfachung f\u00fcr den Benutzer k\u00f6nnen Dokumente durch Hochladen, Hinzuf\u00fcgen der URLs oder durch Auswahl der zuletzt hochgeladenen Dokumente hinzugef\u00fcgt werden. Sie k\u00f6nnen jedem Dokument einen eigenen Titel geben, Ihr eigenes Symbol oder Bild hochladen, eine Layoutvariante w\u00e4hlen und vieles mehr. Ihr Publikum kann die Dateien direkt auf der Website \u00fcberpr\u00fcfen, in einem neuen Tab ansehen und herunterladen. <\/p> <div class=\"faq\" data-component=\"FAQ\"> <div class=\"faq-item\">\r\n\t\t\t\t\t<div class=\"faq-item-question\">\r\n\t\t\t\t\t\t<h3 class=\"faq-item-question-text\">Wo kann ich dieses Plugin einbetten?<\/h3>\r\n\r\n\t\t\t\t\t\t<div class=\"faq-item-question-icon\"><\/div>\r\n\t\t\t\t\t<\/div>\r\n\r\n\t\t\t\t\t<div class=\"faq-item-answer\">\r\n\t\t\t\t\t\t<div class=\"faq-item-answer-text\"> <p>Es ist einfach, File Embed auf einer oder allen Seiten der Website zu verwenden. Es hilft Ihnen beispielsweise dabei, Ihre technischen Dokumente oder Spezifikationen auf den entsprechenden Produktseiten hinzuzuf\u00fcgen und Ihre Diplome und Zertifikate auf der Seite \u201e\u00dcber uns\u201c hinzuzuf\u00fcgen. <\/p> <\/div>\r\n\t\t\t\t\t<\/div>\r\n\t\t\t\t<\/div> <div class=\"faq-item\">\r\n\t\t\t\t\t<div class=\"faq-item-question\">\r\n\t\t\t\t\t\t<h3 class=\"faq-item-question-text\">Wie k\u00f6nnte ich davon profitieren?<\/h3>\r\n\r\n\t\t\t\t\t\t<div class=\"faq-item-question-icon\"><\/div>\r\n\t\t\t\t\t<\/div>\r\n\r\n\t\t\t\t\t<div class=\"faq-item-answer\">\r\n\t\t\t\t\t\t<div class=\"faq-item-answer-text\"> <p>Mit unserem Widget sparen Sie viel Zeit, da das Hinzuf\u00fcgen von Dokumenten zu Ihrer Website nur wenige Sekunden dauert. Dar\u00fcber hinaus k\u00f6nnen Sie viele wertvolle Informationen \u00fcber Ihre Produkte oder Dienstleistungen ver\u00f6ffentlichen und ein besseres Verst\u00e4ndnis der Kunden f\u00fcr Ihre Angebote erreichen. <\/p> <\/div>\r\n\t\t\t\t\t<\/div>\r\n\t\t\t\t<\/div> <div class=\"faq-item\">\r\n\t\t\t\t\t<div class=\"faq-item-question\">\r\n\t\t\t\t\t\t<h3 class=\"faq-item-question-text\">Wie kann ich PDF auf meiner Shopify-Website einbetten?<\/h3>\r\n\r\n\t\t\t\t\t\t<div class=\"faq-item-question-icon\"><\/div>\r\n\t\t\t\t\t<\/div>\r\n\r\n\t\t\t\t\t<div class=\"faq-item-answer\">\r\n\t\t\t\t\t\t<div class=\"faq-item-answer-text\"> <p>Das Einbetten des Widgets wird drei Minuten Ihrer Zeit in Anspruch nehmen. Die Integration ist extrem schnell, kostenlos und ohne Programmierung.<\/p> <p>Elfsight PDF Embed kann \u00fcber unseren Service oder \u00fcber den Marktplatz installiert werden. Hier k\u00f6nnen Sie die Vorteile dieser Optionen sehen und Ihre ausw\u00e4hlen. <\/p> <\/div>\r\n\t\t\t\t\t<\/div>\r\n\t\t\t\t<\/div> <\/div> <\/div><div class=\"application-platform-content-item-features application-platform-content-item\" id=\"features\" data-nav-section=\"features\"> <h2>Hauptfunktionen des PDF Embed-Widgets<\/h2> <p>Um eine klarere Vorstellung von PDF Embed zu erhalten, Untersuchen Sie die Liste der wesentlichen Merkmale. Sie machen das Widget f\u00fcr Ihr Unternehmen von gr\u00f6\u00dftm\u00f6glichem Nutzen: <\/p> <ul><li>Unbegrenzt viele Dokumente einf\u00fcgen;<\/li> <li>Datei-Viewer-Layoutvariante zum Lesen von Dokumenten auf der Seite;<\/li> <li>Hochladen Bilder f\u00fcr Dateisymbole und Vorschauen;<\/li> <li>Download-Dateibezeichnung anzeigen oder ausblenden;<\/li> <li>Sechs \u00fcbermalbare Details der Benutzeroberfl\u00e4che;<\/li> <\/ul><p><a href=\"#demo\">Entdecken Sie weitere Funktionen in der Demo<\/a><\/p> <\/div> <div class=\"application-platform-content-item-installation application-platform-content-item\" id=\"installation\" data-nav-section=\"installation\"> <h2>Sehen wir uns an, wie Sie den PDF Viewer in Ihren Shopify-Shop einbetten<\/h2><div class=\"video-container\"><iframe width=\"720\" height=\"405\" src=\"https:\/\/www.youtube.com\/embed\/imqpdyPW2MY\"><\/iframe><\/div><p>Diese verschiedenen Aktionen sind das Einzige, was Sie tun m\u00fcssen, um das Widget zu integrieren. <\/p> <ol><li><b>Nutzen Sie unseren kostenlosen Konfigurator und beginnen Sie mit der Erstellung Ihrer individuellen App. <\/b><br> Geben Sie die bevorzugte Benutzeroberfl\u00e4che und Optionen der App an und speichern Sie alle \u00c4nderungen. <\/li> <li><b>Sie erhalten den individuellen Code, der im speziellen Formular auf Elfsight Apps angezeigt wird. <\/b><br> Wenn die Einrichtung Ihrer App abgeschlossen ist, kopieren Sie Ihren Code aus dem angezeigten Popup und bewahren Sie ihn zur sp\u00e4teren Verwendung auf. <\/li> <li><b>Erste Schritte mit der Nutzung der App auf der Shopify-Website. <\/b><br> F\u00fcgen Sie den Code, den Sie k\u00fcrzlich gespeichert haben, auf Ihrer Seite ein und speichern Sie die \u00c4nderungen. <\/li> <li><b>Fertig! Die Integration ist vollst\u00e4ndig beendet. <\/b><br> \u00d6ffnen Sie Ihre Website, um die Leistung der App zu sehen. <\/li><\/ol><p>Immer noch nicht entschieden? Oder haben Sie Fragen? Senden Sie Ihre Anfrage einfach per E-Mail an unser Support-Team, um etwaige Probleme zu l\u00f6sen. <\/p> <\/div>\n","protected":false},"excerpt":{"rendered":"","protected":false},"author":9,"featured_media":0,"parent":2114,"menu_order":0,"comment_status":"closed","ping_status":"closed","template":"templates\/template-application-platform.php","meta":{"publish_to_discourse":"","publish_post_category":"","wpdc_auto_publish_overridden":"","wpdc_topic_tags":"","wpdc_pin_topic":"","wpdc_pin_until":"","discourse_post_id":"","discourse_permalink":"","wpdc_publishing_response":"","wpdc_publishing_error":"","footnotes":""},"class_list":["post-9530","page","type-page","status-publish","hentry"],"yoast_head":"<!-- This site is optimized with the Yoast SEO plugin v25.3.1 - https:\/\/yoast.com\/wordpress\/plugins\/seo\/ -->\n<title>PDF Viewer \u2013 PDF-App auf der Shopify-Website einbetten (2026)<\/title>\n<meta name=\"description\" content=\"Es ist ganz einfach, Ihre PDF Viewer-App zu gestalten und in Ihren Shopify-Shop einzubetten. Der Elfsight-Kundensupport ist kostenlos und schnell.\" \/>\n<meta name=\"robots\" content=\"index, follow, max-snippet:-1, max-image-preview:large, max-video-preview:-1\" \/>\n<link rel=\"canonical\" href=\"https:\/\/elfsight.com\/de\/pdf-embed-widget\/shopify\/\" \/>\n<meta property=\"og:locale\" content=\"de_DE\" \/>\n<meta property=\"og:type\" content=\"article\" \/>\n<meta property=\"og:title\" content=\"PDF Viewer \u2013 PDF-App auf der Shopify-Website einbetten (2026)\" \/>\n<meta property=\"og:description\" content=\"Es ist ganz einfach, Ihre PDF Viewer-App zu gestalten und in Ihren Shopify-Shop einzubetten. Der Elfsight-Kundensupport ist kostenlos und schnell.\" \/>\n<meta property=\"og:url\" content=\"https:\/\/elfsight.com\/de\/pdf-embed-widget\/shopify\/\" \/>\n<meta property=\"og:site_name\" content=\"Elfsight DE\" \/>\n<meta property=\"article:modified_time\" content=\"2025-02-21T13:22:51+00:00\" \/>\n<meta name=\"twitter:card\" content=\"summary_large_image\" \/>\n<meta name=\"twitter:label1\" content=\"Gesch\u00e4tzte Lesezeit\" \/>\n\t<meta name=\"twitter:data1\" content=\"3\u00a0Minuten\" \/>\n<!-- \/ Yoast SEO plugin. -->","yoast_head_json":{"title":"PDF Viewer \u2013 PDF-App auf der Shopify-Website einbetten (2026)","description":"Es ist ganz einfach, Ihre PDF Viewer-App zu gestalten und in Ihren Shopify-Shop einzubetten. Der Elfsight-Kundensupport ist kostenlos und schnell.","robots":{"index":"index","follow":"follow","max-snippet":"max-snippet:-1","max-image-preview":"max-image-preview:large","max-video-preview":"max-video-preview:-1"},"canonical":"https:\/\/elfsight.com\/de\/pdf-embed-widget\/shopify\/","og_locale":"de_DE","og_type":"article","og_title":"PDF Viewer \u2013 PDF-App auf der Shopify-Website einbetten (2026)","og_description":"Es ist ganz einfach, Ihre PDF Viewer-App zu gestalten und in Ihren Shopify-Shop einzubetten. Der Elfsight-Kundensupport ist kostenlos und schnell.","og_url":"https:\/\/elfsight.com\/de\/pdf-embed-widget\/shopify\/","og_site_name":"Elfsight DE","article_modified_time":"2025-02-21T13:22:51+00:00","twitter_card":"summary_large_image","twitter_misc":{"Gesch\u00e4tzte Lesezeit":"3\u00a0Minuten"},"schema":{"@context":"https:\/\/schema.org","@graph":[{"@type":"WebPage","@id":"https:\/\/elfsight.com\/de\/pdf-embed-widget\/shopify\/","url":"https:\/\/elfsight.com\/de\/pdf-embed-widget\/shopify\/","name":"PDF Viewer \u2013 PDF-App auf der Shopify-Website einbetten (2026)","isPartOf":{"@id":"https:\/\/elfsight.com\/de\/#website"},"datePublished":"1970-01-01T00:00:00+00:00","dateModified":"2025-02-21T13:22:51+00:00","description":"Es ist ganz einfach, Ihre PDF Viewer-App zu gestalten und in Ihren Shopify-Shop einzubetten. Der Elfsight-Kundensupport ist kostenlos und schnell.","breadcrumb":{"@id":"https:\/\/elfsight.com\/de\/pdf-embed-widget\/shopify\/#breadcrumb"},"inLanguage":"de","potentialAction":[{"@type":"ReadAction","target":["https:\/\/elfsight.com\/de\/pdf-embed-widget\/shopify\/"]}]},{"@type":"BreadcrumbList","@id":"https:\/\/elfsight.com\/de\/pdf-embed-widget\/shopify\/#breadcrumb","itemListElement":[{"@type":"ListItem","position":1,"name":"Home","item":"https:\/\/elfsight.com\/de\/"},{"@type":"ListItem","position":2,"name":"PDF Embed","item":"https:\/\/elfsight.com\/de\/pdf-embed-widget\/"},{"@type":"ListItem","position":3,"name":"PDF Embed &#8211; Shopify"}]},{"@type":"WebSite","@id":"https:\/\/elfsight.com\/de\/#website","url":"https:\/\/elfsight.com\/de\/","name":"Elfsight DE","description":"Just another Elfsight Sites site","potentialAction":[{"@type":"SearchAction","target":{"@type":"EntryPoint","urlTemplate":"https:\/\/elfsight.com\/de\/?s={search_term_string}"},"query-input":{"@type":"PropertyValueSpecification","valueRequired":true,"valueName":"search_term_string"}}],"inLanguage":"de"}]}},"meta_box":{"industry":"","seo_heading":"","heading":"","description":"","cta_heading":"","cta_description":"","application":"484","h1":"Shopify PDF Embed-App","h1_caption":"Betten Sie PDF-Dokumente in Ihre Website ein, um sie einfach anzuzeigen und herunterzuladen, ohne Besucher m\u00fchelos auf Ihre Shopify-Website umzuleiten.","application_category":[],"applications_title":"","applications_request_title":"","applications_request_button_text":"","hero_text":"","hero_video":"","hero_video_schema_markup":"","selling_points_title":"","selling_points_caption":"","selling_points":[],"selling_points_cta_text":"","features_title":"","features":"","ed_cta_examples_text":"","ed_cta_examples_hidden":"","ed_cta_demo_text":"","ed_cta_demo_hidden":"","why_caption":"","why_editor_title":"","why_editor_text":"","why_team_title":"","why_team_text":"","why_service_title":"","why_service_text":"","template_catalog_visible":"0","template_catalog_title":"","template_catalog_text":"","template_catalog_categories_visible":"","demo_title":"Erstellen Sie Ihre PDF-Einbettungs-App","demo_caption":"Konfigurieren Sie Ihre PDF-Einbettung und f\u00fcgen Sie sie kostenlos zu Ihrer Shopify-Website hinzu!","default_faq_hidden":"","app_template_category":[],"platform":"253","template_public_id":"","codecanyon_url":"","codecanyon_item_id":"","codecanyon_price":"","pricing_caption":"","pricing_elfsight_apps_hide_column":"","pricing_elfsight_apps_url":"","pricing_codecanyon_price_caption":"","integration_category":[],"integration_request_title":"","integration_request_cta":"","integration_platform":"","integrations":[],"platform_category":[],"video_schema_markup":"","price":"ab 0 $ \/ Monat","trial":"","benefits":[{"text":"Kostenloser Installationsservice"},{"text":"Premium-Support"},{"text":"14-t\u00e4gige Geld-zur\u00fcck-Garantie"},{"text":"Kontinuierliche kostenlose Updates"}],"button_url":"#demo","button_target_blank":"0","button_nofollow":"0","attributes":[{"name":"Installiert","content":"10,000 - 100,000"},{"name":"Reaktionsfreudig","content":"Ja"},{"name":"Kompatible Browser","content":"Firefox, Safari, Opera, Chrome, Edge"}],"tags":[],"tags_disable_links":"0","hide_more_platforms":"0","video_object":"","demo_hide_cta":"0","demo_hide_cloud_options":"0","pricing_title":"","pricing":[{"pricing_icon":"platform","pricing_title":"Elfsight Apps","pricing_title_caption":"Plattform\u00fcbergreifende Version, die auf jeder Website funktioniert","pricing_price":"ab 0 $ \/ Monat","pricing_price_caption":"Beginnen Sie mit einem kostenlosen Plan","pricing_benefits":[{"text":"Unbegrenzte Websites"},{"text":"Premium-Support"},{"text":"Kostenloser Installationsservice"},{"text":"Sonderangebot f\u00fcr mehrere Apps"}],"pricing_button_text":"Zur Website hinzuf\u00fcgen","pricing_button_url":"#demo"}],"related_apps_title":"","related_apps_hidden":"0","author":"","image":[],"title":"","job":"","social_networks":[]},"_links":{"self":[{"href":"https:\/\/elfsight.com\/de\/wp-json\/wp\/v2\/pages\/9530","targetHints":{"allow":["GET"]}}],"collection":[{"href":"https:\/\/elfsight.com\/de\/wp-json\/wp\/v2\/pages"}],"about":[{"href":"https:\/\/elfsight.com\/de\/wp-json\/wp\/v2\/types\/page"}],"author":[{"embeddable":true,"href":"https:\/\/elfsight.com\/de\/wp-json\/wp\/v2\/users\/9"}],"replies":[{"embeddable":true,"href":"https:\/\/elfsight.com\/de\/wp-json\/wp\/v2\/comments?post=9530"}],"version-history":[{"count":3,"href":"https:\/\/elfsight.com\/de\/wp-json\/wp\/v2\/pages\/9530\/revisions"}],"predecessor-version":[{"id":24740,"href":"https:\/\/elfsight.com\/de\/wp-json\/wp\/v2\/pages\/9530\/revisions\/24740"}],"up":[{"embeddable":true,"href":"https:\/\/elfsight.com\/de\/wp-json\/wp\/v2\/pages\/2114"}],"wp:attachment":[{"href":"https:\/\/elfsight.com\/de\/wp-json\/wp\/v2\/media?parent=9530"}],"curies":[{"name":"wp","href":"https:\/\/api.w.org\/{rel}","templated":true}]}}