{"id":9523,"date":"1970-01-01T00:00:00","date_gmt":"1970-01-01T00:00:00","guid":{"rendered":"https:\/\/elfsight.com\/de\/?page_id=9523"},"modified":"2025-07-09T14:07:40","modified_gmt":"2025-07-09T14:07:40","slug":"html","status":"publish","type":"page","link":"https:\/\/elfsight.com\/de\/pdf-embed-widget\/html\/","title":{"rendered":"PDF Embed &#8211; HTML"},"content":{"rendered":"<div class=\"application-platform-content-item-description application-platform-content-item\" id=\"description\" data-nav-section=\"description\"> <h2>Beschreibung<\/h2> <p>Versuchen Sie mit dem Elfsight PDF-Plugin die einfachste und schnellste Einbettung zahlreicher PDF-Dokumente in die Website. F\u00fcr eine h\u00f6here Benutzerfreundlichkeit k\u00f6nnen Dokumente durch Hochladen, Eingeben der URLs oder Ausw\u00e4hlen aus der Liste der zuletzt hochgeladenen Dokumente eingef\u00fcgt werden. Mit den Funktionen k\u00f6nnen Sie jedem Dokument einen Titel geben, ein Symbol oder Bild hochladen, das Dateilayout ausw\u00e4hlen und vieles mehr. Ihr Publikum kann die Dateien direkt auf Ihrer Website lesen, in einem neuen Browser-Tab \u00f6ffnen und herunterladen.<\/p><div class=\"faq\" data-component=\"FAQ\"> <div class=\"faq-item\">\r\n\t\t\t\t\t<div class=\"faq-item-question\">\r\n\t\t\t\t\t\t<h3 class=\"faq-item-question-text\">Wo auf meiner Website kann ich dieses Plugin ver\u00f6ffentlichen<\/h3>\r\n\r\n\t\t\t\t\t\t<div class=\"faq-item-question-icon\"><\/div>\r\n\t\t\t\t\t<\/div>\r\n\r\n\t\t\t\t\t<div class=\"faq-item-answer\">\r\n\t\t\t\t\t\t<div class=\"faq-item-answer-text\"> <p>Sie k\u00f6nnen hinzuf\u00fcgen PDF-Datei auf eine oder alle HTML-Seiten der Website. Sie k\u00f6nnen beispielsweise Ihre Produktdokumentation oder Spezifikationen auf den entsprechenden Produktseiten hochladen oder Ihre Diplome und Qualifikationen auf der Seite \u201e\u00dcber uns\u201c ver\u00f6ffentlichen.<\/p> <\/div>\r\n\t\t\t\t\t<\/div>\r\n\t\t\t\t<\/div> <div class=\"faq-item\">\r\n\t\t\t\t\t<div class=\"faq-item-question\">\r\n\t\t\t\t\t\t<h3 class=\"faq-item-question-text\">Wie kann ich vom PDF Reader profitieren?<\/h3>\r\n\r\n\t\t\t\t\t\t<div class=\"faq-item-question-icon\"><\/div>\r\n\t\t\t\t\t<\/div>\r\n\r\n\t\t\t\t\t<div class=\"faq-item-answer\">\r\n\t\t\t\t\t\t<div class=\"faq-item-answer-text\"> <p>Mit diesem Widget k\u00f6nnen Sie viel Zeit sparen, da das Einf\u00fcgen von Materialien in Ihre Website mit seiner Hilfe nur wenige Sekunden dauert. Au\u00dferdem k\u00f6nnen Sie zahlreiche wertvolle Informationen \u00fcber Ihre Artikel und Dienstleistungen bereitstellen und das Wissen Ihrer Kunden \u00fcber Ihre Artikel steigern.<\/p><\/div>\r\n\t\t\t\t\t<\/div>\r\n\t\t\t\t<\/div> <div class=\"faq-item\">\r\n\t\t\t\t\t<div class=\"faq-item-question\">\r\n\t\t\t\t\t\t<h3 class=\"faq-item-question-text\">Wie bette ich PDF Viewer-Code in meine HTML-Website ein?<\/h3>\r\n\r\n\t\t\t\t\t\t<div class=\"faq-item-question-icon\"><\/div>\r\n\t\t\t\t\t<\/div>\r\n\r\n\t\t\t\t\t<div class=\"faq-item-answer\">\r\n\t\t\t\t\t\t<div class=\"faq-item-answer-text\"> <p>Die Einrichtung des Widgets dauert nur zwei Minuten. Es ist superschnell, kostenlos und ohne Programmierung.<\/p> <p>Mit unserem Service k\u00f6nnen Sie PDF Embed in Ihre Website integrieren. Sehen Sie sich hierzu die Anleitung weiter unten auf dieser Seite an.<\/p> <\/div>\r\n\t\t\t\t\t<\/div>\r\n\t\t\t\t<\/div> <\/div> <\/div><div class=\"application-platform-content-item-features application-platform-content-item\" id=\"features\" data-nav-section=\"features\"> <h2>Funktionen<\/h2> <p>Zur Gestaltung Weitere Informationen zum Widget finden Sie in der Liste seiner wesentlichen Merkmale. Sie machen das Widget f\u00fcr Ihr Unternehmen maximal effektiv:<\/p> <ul><li>F\u00fcgen Sie eine beliebige Anzahl von Dokumenten ein;<\/li> <li>Datei-Viewer-Layoutoption zum Anzeigen von Dateien auf der Seite;<\/li> <li>Bilder f\u00fcr Dateisymbole und Vorschauen hochladen;<\/li> <li>Download-Dateibezeichnung anzeigen oder ausblenden;<\/li> <li>Paint 6-Benutzeroberfl\u00e4chenelemente;<\/li> <\/ul><p><a href=\"#demo\">Alle Funktionen in der Live-Demo ansehen<\/a><\/p> <\/div><div class=\"application-platform-content-item-installation application-platform-content-item\" id=\"installation\" data-nav-section=\"installation\"> <h2>So betten Sie das PDF Viewer-Plugin in Ihre HTML-Website ein<\/h2> <div class=\"video-container\"><iframe width=\"720\" height=\"405\" src=\"https:\/\/www.youtube.com\/embed\/LBZSDc5t8LA\"><\/iframe><\/div><p>Ein paar kurze Schritte, die unten beschrieben werden, und die Widget-ID auf Ihrer Website.<\/p> <ol><li><b>Erstellen Sie Ihr benutzerdefiniertes PDF-Plugin<\/b><br> Erstellen Sie mithilfe unserer <a href=\"#demo\">kostenlosen Demo<\/a> ein Widget mit einer benutzerdefinierten Oberfl\u00e4che und legen Sie die Funktionalit\u00e4t fest.<\/li><li><b>Erhalten Sie den pers\u00f6nlichen Code zur Anzeige des Plugins <\/b><br> Nachdem Sie Ihr Widget erstellt haben, erhalten Sie Ihren pers\u00f6nlichen Code im Popup-Fenster von Elfsight Apps. Kopieren Sie es zur weiteren Verwendung.<\/li> <li><b>F\u00fcgen Sie das PDF-Datei-Plugin auf Ihrer HTML-Website hinzu<\/b><br> W\u00e4hlen Sie den Bereich aus, zu dem Sie das Widget hinzuf\u00fcgen m\u00f6chten, und f\u00fcgen Sie dort den kopierten Code ein. Ver\u00f6ffentlichen Sie die Ergebnisse.<\/li> <li><b>Die Einbettung ist erfolgreich!<\/b><br> Betreten Sie die Website, um Ihre Arbeit zu sehen.<\/li> <\/ol><p>Immer noch nicht sicher? Oder Probleme haben? Mit nur einer einzigen Anfrage an unseren Kundenservice l\u00e4sst sich jedes Problem l\u00f6sen.<\/p> <\/div>\n<iframe width=\"720\" height=\"405\" src=\"https:\/\/www.youtube.com\/embed\/LBZSDc5t8LA\" frameborder=\"0\" allowfullscreen=\"\"><\/iframe>","protected":false},"excerpt":{"rendered":"","protected":false},"author":9,"featured_media":0,"parent":2114,"menu_order":0,"comment_status":"closed","ping_status":"closed","template":"templates\/template-application-platform.php","meta":{"publish_to_discourse":"","publish_post_category":"","wpdc_auto_publish_overridden":"","wpdc_topic_tags":"","wpdc_pin_topic":"","wpdc_pin_until":"","discourse_post_id":"","discourse_permalink":"","wpdc_publishing_response":"","wpdc_publishing_error":"","footnotes":""},"class_list":["post-9523","page","type-page","status-publish","hentry"],"yoast_head":"<!-- This site is optimized with the Yoast SEO plugin v25.3.1 - https:\/\/yoast.com\/wordpress\/plugins\/seo\/ -->\n<title>PDF Viewer \u2013 PDF-Plugin-Code in HTML-Website einbetten (2025)<\/title>\n<meta name=\"description\" content=\"Es ist ganz einfach, Ihr responsives PDF Viewer-Plugin zu entwerfen und den Code in Ihre HTML-Website einzubetten. Der Kundensupport von Elfsight ist kostenlos und schnell.\" \/>\n<meta name=\"robots\" content=\"index, follow, max-snippet:-1, max-image-preview:large, max-video-preview:-1\" \/>\n<link rel=\"canonical\" href=\"https:\/\/elfsight.com\/de\/pdf-embed-widget\/html\/\" \/>\n<meta property=\"og:locale\" content=\"de_DE\" \/>\n<meta property=\"og:type\" content=\"article\" \/>\n<meta property=\"og:title\" content=\"PDF Viewer \u2013 PDF-Plugin-Code in HTML-Website einbetten (2025)\" \/>\n<meta property=\"og:description\" content=\"Es ist ganz einfach, Ihr responsives PDF Viewer-Plugin zu entwerfen und den Code in Ihre HTML-Website einzubetten. Der Kundensupport von Elfsight ist kostenlos und schnell.\" \/>\n<meta property=\"og:url\" content=\"https:\/\/elfsight.com\/de\/pdf-embed-widget\/html\/\" \/>\n<meta property=\"og:site_name\" content=\"Elfsight DE\" \/>\n<meta property=\"article:modified_time\" content=\"2025-07-09T14:07:40+00:00\" \/>\n<meta name=\"twitter:card\" content=\"summary_large_image\" \/>\n<meta name=\"twitter:label1\" content=\"Gesch\u00e4tzte Lesezeit\" \/>\n\t<meta name=\"twitter:data1\" content=\"2\u00a0Minuten\" \/>\n<!-- \/ Yoast SEO plugin. -->","yoast_head_json":{"title":"PDF Viewer \u2013 PDF-Plugin-Code in HTML-Website einbetten (2025)","description":"Es ist ganz einfach, Ihr responsives PDF Viewer-Plugin zu entwerfen und den Code in Ihre HTML-Website einzubetten. Der Kundensupport von Elfsight ist kostenlos und schnell.","robots":{"index":"index","follow":"follow","max-snippet":"max-snippet:-1","max-image-preview":"max-image-preview:large","max-video-preview":"max-video-preview:-1"},"canonical":"https:\/\/elfsight.com\/de\/pdf-embed-widget\/html\/","og_locale":"de_DE","og_type":"article","og_title":"PDF Viewer \u2013 PDF-Plugin-Code in HTML-Website einbetten (2025)","og_description":"Es ist ganz einfach, Ihr responsives PDF Viewer-Plugin zu entwerfen und den Code in Ihre HTML-Website einzubetten. Der Kundensupport von Elfsight ist kostenlos und schnell.","og_url":"https:\/\/elfsight.com\/de\/pdf-embed-widget\/html\/","og_site_name":"Elfsight DE","article_modified_time":"2025-07-09T14:07:40+00:00","twitter_card":"summary_large_image","twitter_misc":{"Gesch\u00e4tzte Lesezeit":"2\u00a0Minuten"},"schema":{"@context":"https:\/\/schema.org","@graph":[{"@type":"WebPage","@id":"https:\/\/elfsight.com\/de\/pdf-embed-widget\/html\/","url":"https:\/\/elfsight.com\/de\/pdf-embed-widget\/html\/","name":"PDF Viewer \u2013 PDF-Plugin-Code in HTML-Website einbetten (2025)","isPartOf":{"@id":"https:\/\/elfsight.com\/de\/#website"},"datePublished":"1970-01-01T00:00:00+00:00","dateModified":"2025-07-09T14:07:40+00:00","description":"Es ist ganz einfach, Ihr responsives PDF Viewer-Plugin zu entwerfen und den Code in Ihre HTML-Website einzubetten. Der Kundensupport von Elfsight ist kostenlos und schnell.","breadcrumb":{"@id":"https:\/\/elfsight.com\/de\/pdf-embed-widget\/html\/#breadcrumb"},"inLanguage":"de","potentialAction":[{"@type":"ReadAction","target":["https:\/\/elfsight.com\/de\/pdf-embed-widget\/html\/"]}]},{"@type":"BreadcrumbList","@id":"https:\/\/elfsight.com\/de\/pdf-embed-widget\/html\/#breadcrumb","itemListElement":[{"@type":"ListItem","position":1,"name":"Home","item":"https:\/\/elfsight.com\/de\/"},{"@type":"ListItem","position":2,"name":"PDF Embed","item":"https:\/\/elfsight.com\/de\/pdf-embed-widget\/"},{"@type":"ListItem","position":3,"name":"PDF Embed &#8211; HTML"}]},{"@type":"WebSite","@id":"https:\/\/elfsight.com\/de\/#website","url":"https:\/\/elfsight.com\/de\/","name":"Elfsight DE","description":"Just another Elfsight Sites site","potentialAction":[{"@type":"SearchAction","target":{"@type":"EntryPoint","urlTemplate":"https:\/\/elfsight.com\/de\/?s={search_term_string}"},"query-input":{"@type":"PropertyValueSpecification","valueRequired":true,"valueName":"search_term_string"}}],"inLanguage":"de"}]}},"meta_box":{"industry":"","seo_heading":"","heading":"","description":"","cta_heading":"","cta_description":"","application":"484","h1":"HTML-PDF-Viewer-Plugin","h1_caption":"Betten Sie PDF-Dokumente m\u00fchelos in Ihre Website ein, um sie einfach anzuzeigen und herunterzuladen, ohne Besucher auf Ihre HTML-Website umzuleiten.","application_category":[],"applications_title":"","applications_request_title":"","applications_request_button_text":"","hero_text":"","hero_video":"","hero_video_schema_markup":"","selling_points_title":"","selling_points_caption":"","selling_points":[],"selling_points_cta_text":"","features_title":"","features":"","ed_cta_examples_text":"","ed_cta_examples_hidden":"","ed_cta_demo_text":"","ed_cta_demo_hidden":"","why_caption":"","why_editor_title":"","why_editor_text":"","why_team_title":"","why_team_text":"","why_service_title":"","why_service_text":"","template_catalog_visible":"","template_catalog_title":"","template_catalog_text":"","template_catalog_categories_visible":"","demo_title":"Erstellen Sie Ihr PDF-Einbettungs-Widget","demo_caption":"Konfigurieren Sie Ihre PDF-Einbettung und f\u00fcgen Sie sie kostenlos zu Ihrer HTML-Website hinzu!","default_faq_hidden":"","app_template_category":[],"platform":"260","template_public_id":"","codecanyon_url":"","codecanyon_item_id":"","codecanyon_price":"","pricing_caption":"","pricing_elfsight_apps_hide_column":"","pricing_elfsight_apps_url":"","pricing_codecanyon_price_caption":"","integration_category":[],"integration_request_title":"","integration_request_cta":"","integration_platform":"","integrations":[],"platform_category":[],"video_schema_markup":"","price":"ab 0 $ \/ Monat","trial":"","benefits":[{"text":"Kostenlose Installationsunterst\u00fctzung"},{"text":"Erfahrener Kundensupport"},{"text":"14-t\u00e4gige R\u00fcckerstattungsgarantie"},{"text":"Laufende Verbesserungen"}],"button_url":"#demo","button_target_blank":"","button_nofollow":"","attributes":[{"name":"Installiert","content":"10,000 - 100,000"},{"name":"Reaktionsfreudig","content":"Ja"},{"name":"Kompatible Browser","content":"Firefox, Safari, Opera, Chrome, Edge"}],"tags":[],"tags_disable_links":"","hide_more_platforms":"","video_object":"","demo_hide_cta":"","demo_hide_cloud_options":"","pricing_title":"","pricing":[{"pricing_icon":"platform","pricing_title":"Elfsight Apps","pricing_title_caption":"Plattformunabh\u00e4ngige Version, die auf jeder Website funktioniert","pricing_price":"ab 0 $ \/ Monat","pricing_price_caption":"Beginnen Sie mit einem kostenlosen Plan","pricing_benefits":[{"text":"Unbegrenzte Websites"},{"text":"Professionelle Unterst\u00fctzung"},{"text":"Kostenloser Installationsservice"},{"text":"Sonderpreis f\u00fcr mehrere Apps"}],"pricing_button_text":"Zur Website hinzuf\u00fcgen","pricing_button_url":"#demo"}],"related_apps_title":"","related_apps_hidden":"","author":"","image":[],"title":"","job":"","social_networks":[]},"_links":{"self":[{"href":"https:\/\/elfsight.com\/de\/wp-json\/wp\/v2\/pages\/9523","targetHints":{"allow":["GET"]}}],"collection":[{"href":"https:\/\/elfsight.com\/de\/wp-json\/wp\/v2\/pages"}],"about":[{"href":"https:\/\/elfsight.com\/de\/wp-json\/wp\/v2\/types\/page"}],"author":[{"embeddable":true,"href":"https:\/\/elfsight.com\/de\/wp-json\/wp\/v2\/users\/9"}],"replies":[{"embeddable":true,"href":"https:\/\/elfsight.com\/de\/wp-json\/wp\/v2\/comments?post=9523"}],"version-history":[{"count":2,"href":"https:\/\/elfsight.com\/de\/wp-json\/wp\/v2\/pages\/9523\/revisions"}],"predecessor-version":[{"id":21680,"href":"https:\/\/elfsight.com\/de\/wp-json\/wp\/v2\/pages\/9523\/revisions\/21680"}],"up":[{"embeddable":true,"href":"https:\/\/elfsight.com\/de\/wp-json\/wp\/v2\/pages\/2114"}],"wp:attachment":[{"href":"https:\/\/elfsight.com\/de\/wp-json\/wp\/v2\/media?parent=9523"}],"curies":[{"name":"wp","href":"https:\/\/api.w.org\/{rel}","templated":true}]}}