{"id":9516,"date":"1970-01-01T00:00:00","date_gmt":"1970-01-01T00:00:00","guid":{"rendered":"https:\/\/elfsight.com\/de\/?page_id=9516"},"modified":"2025-07-09T14:07:46","modified_gmt":"2025-07-09T14:07:46","slug":"joomla","status":"publish","type":"page","link":"https:\/\/elfsight.com\/de\/pdf-embed-widget\/joomla\/","title":{"rendered":"PDF Embed &#8211; Joomla"},"content":{"rendered":"<div class=\"application-platform-content-item-description application-platform-content-item\" id=\"description\" data-nav-section=\"description\"> <h2>Beschreibung<\/h2> <p>Versuchen Sie mit Hilfe der Elfsight PDF-Erweiterung das einfachste und schnellste Einf\u00fcgen mehrerer PDF-Dokumente in die Seiten einer Website. F\u00fcr mehr Komfort k\u00f6nnen Dateien eingebettet werden, indem Sie sie einfach hochladen, ihre URLs hinzuf\u00fcgen oder aus den zuletzt hochgeladenen Dateien ausw\u00e4hlen. Sie k\u00f6nnen jeder Datei einen Titel geben, ein Symbol oder ein Vorschaubild hochladen, eine Option f\u00fcr das Dateilayout ausw\u00e4hlen und vieles mehr. Ihre Benutzer k\u00f6nnen die Dateien direkt auf der Seite ansehen, in einem neuen Tab \u00f6ffnen und herunterladen.<\/p> <div class=\"faq\" data-component=\"FAQ\"> <div class=\"faq-item\">\r\n\t\t\t\t\t<div class=\"faq-item-question\">\r\n\t\t\t\t\t\t<h3 class=\"faq-item-question-text\">Wo auf meiner Website kann ich das Widget integrieren<\/h3>\r\n\r\n\t\t\t\t\t\t<div class=\"faq-item-question-icon\"><\/div>\r\n\t\t\t\t\t<\/div>\r\n\r\n\t\t\t\t\t<div class=\"faq-item-answer\">\r\n\t\t\t\t\t\t<div class=\"faq-item-answer-text\"> <p>Es steht Ihnen frei Zeigen Sie das File Embed-Plugin auf allen Seiten der Website an. Es kann verwendet werden, um Ihre Produktdokumente oder -spezifikationen auf Produktseiten hinzuzuf\u00fcgen oder Ihre Diplome und Zertifikate auf der Seite \u201e\u00dcber uns\u201c zu ver\u00f6ffentlichen.<\/p><\/div>\r\n\t\t\t\t\t<\/div>\r\n\t\t\t\t<\/div> <div class=\"faq-item\">\r\n\t\t\t\t\t<div class=\"faq-item-question\">\r\n\t\t\t\t\t\t<h3 class=\"faq-item-question-text\">Wie w\u00fcrde ich von der Erweiterung profitieren?<\/h3>\r\n\r\n\t\t\t\t\t\t<div class=\"faq-item-question-icon\"><\/div>\r\n\t\t\t\t\t<\/div>\r\n\r\n\t\t\t\t\t<div class=\"faq-item-answer\">\r\n\t\t\t\t\t\t<div class=\"faq-item-answer-text\"> <p>Das Plugin von Elfsight kann Ihnen viel Zeit sparen, da mit seiner Hilfe die Ver\u00f6ffentlichung von Dokumenten auf Ihrer Website nur wenige Sekunden dauert. Au\u00dferdem k\u00f6nnen Sie damit viele wertvolle Daten zu Ihren Angeboten oder Dienstleistungen bereitstellen, um das Wissen der Benutzer dar\u00fcber zu steigern.<\/p><\/div>\r\n\t\t\t\t\t<\/div>\r\n\t\t\t\t<\/div> <div class=\"faq-item\">\r\n\t\t\t\t\t<div class=\"faq-item-question\">\r\n\t\t\t\t\t\t<h3 class=\"faq-item-question-text\">Wie kann ich PDF Embed auf meiner Joomla-Website installieren?<\/h3>\r\n\r\n\t\t\t\t\t\t<div class=\"faq-item-question-icon\"><\/div>\r\n\t\t\t\t\t<\/div>\r\n\r\n\t\t\t\t\t<div class=\"faq-item-answer\">\r\n\t\t\t\t\t\t<div class=\"faq-item-answer-text\"> <p>Das Einbetten des Widgets dauert nur eine Minute. Die Installation ist wirklich schnell, kostenlos und ohne Programmierung. <\/p> <p>Die Elfsight PDF-Erweiterung kann \u00fcber unseren Service oder auf dem Marktplatz integriert werden. Sie k\u00f6nnen zus\u00e4tzliche Informationen zu beiden Varianten sehen und Ihre ausw\u00e4hlen.<\/p><\/div>\r\n\t\t\t\t\t<\/div>\r\n\t\t\t\t<\/div> <\/div> <\/div><div class=\"application-platform-content-item-features application-platform-content-item\" id=\"features\" data-nav-section=\"features\"> <h2>Funktionen<\/h2> <p>Wir helfen Ihnen Um sich mit dem PDF Viewer vertraut zu machen, finden Sie hier eine Liste der wichtigsten Funktionen. Sie machen es f\u00fcr Sie am n\u00fctzlichsten: <\/p> <ul><li>Beliebig viele Dokumente einbetten; <\/li> <li>Datei-Viewer-Layoutvariante zum Lesen von Dateien auf der Seite; <\/li> <li>Bilder f\u00fcr Dateisymbole und Vorschauen hochladen; <\/li> <li>Download-Datei-Label anzeigen oder entfernen; <\/li> <li> Malen Sie sechs Elemente der Benutzeroberfl\u00e4che. <\/li> <\/ul><p><a href=\"#demo\">Demo zeigt Ihnen weitere Funktionen<\/a><\/p> <\/div><div class=\"application-platform-content-item-installation application-platform-content-item\" id=\"installation\" data-nav-section=\"installation\"> <h2> So betten Sie die PDF Viewer-Erweiterung in Ihre Joomla-Website ein<\/h2> <p>Befolgen Sie einfach die nachstehenden Anweisungen, um mit der PDF Embed-Erweiterung auf Joomla zu arbeiten.<\/p> <ol><li><b>Starten Sie unsere kostenlose Version Demo herunterladen und mit der Erstellung Ihrer ma\u00dfgeschneiderten Erweiterung beginnen. <\/b><br> Finden Sie das bevorzugte Aussehen und die Parameter der Erweiterung und speichern Sie die \u00c4nderungen. <\/li> <li><b>Holen Sie sich den eindeutigen Code, der im Feld von Elfsight Apps angezeigt wird. <\/b><br> Sobald die Generierung Ihres Tools abgeschlossen ist, kopieren Sie den pers\u00f6nlichen Code aus dem angezeigten Feld und speichern Sie ihn zur weiteren Verwendung. <\/li> <li><b>Initiieren Sie die Nutzung der Erweiterung auf der Joomla-Website. <\/b><br> Platzieren Sie den zuvor kopierten Code auf Ihrer Website und speichern Sie die Korrekturen. <\/li> <li><b>Fertig! Das Setup wurde erfolgreich beendet. <\/b><br> Gehen Sie auf Ihre Seite, um einen Blick auf die Funktionsweise der Erweiterung zu werfen. <\/li><\/ol><p>Sie k\u00f6nnen immer noch keine Entscheidung treffen? Oder haben Sie Fragen? Senden Sie Ihre Anfrage einfach per E-Mail an unseren Kundensupport, er hilft Ihnen bei jedem Problem.<\/p> <\/div>","protected":false},"excerpt":{"rendered":"","protected":false},"author":9,"featured_media":0,"parent":2114,"menu_order":0,"comment_status":"closed","ping_status":"closed","template":"templates\/template-application-platform.php","meta":{"publish_to_discourse":"","publish_post_category":"","wpdc_auto_publish_overridden":"","wpdc_topic_tags":"","wpdc_pin_topic":"","wpdc_pin_until":"","discourse_post_id":"","discourse_permalink":"","wpdc_publishing_response":"","wpdc_publishing_error":"","footnotes":""},"class_list":["post-9516","page","type-page","status-publish","hentry"],"yoast_head":"<!-- This site is optimized with the Yoast SEO plugin v25.3.1 - https:\/\/yoast.com\/wordpress\/plugins\/seo\/ -->\n<title>PDF Viewer \u2013 PDF-Erweiterung auf der Joomla-Website einbetten (2025)<\/title>\n<meta name=\"description\" content=\"Es ist ganz einfach, Ihre responsive PDF Viewer-Erweiterung zu erstellen und sie in Ihre Joomla-Website einzubetten. Der Elfsight-Kundendienst ist kostenlos und kostenlos.\" \/>\n<meta name=\"robots\" content=\"index, follow, max-snippet:-1, max-image-preview:large, max-video-preview:-1\" \/>\n<link rel=\"canonical\" href=\"https:\/\/elfsight.com\/de\/pdf-embed-widget\/joomla\/\" \/>\n<meta property=\"og:locale\" content=\"de_DE\" \/>\n<meta property=\"og:type\" content=\"article\" \/>\n<meta property=\"og:title\" content=\"PDF Viewer \u2013 PDF-Erweiterung auf der Joomla-Website einbetten (2025)\" \/>\n<meta property=\"og:description\" content=\"Es ist ganz einfach, Ihre responsive PDF Viewer-Erweiterung zu erstellen und sie in Ihre Joomla-Website einzubetten. Der Elfsight-Kundendienst ist kostenlos und kostenlos.\" \/>\n<meta property=\"og:url\" content=\"https:\/\/elfsight.com\/de\/pdf-embed-widget\/joomla\/\" \/>\n<meta property=\"og:site_name\" content=\"Elfsight DE\" \/>\n<meta property=\"article:modified_time\" content=\"2025-07-09T14:07:46+00:00\" \/>\n<meta name=\"twitter:card\" content=\"summary_large_image\" \/>\n<meta name=\"twitter:label1\" content=\"Gesch\u00e4tzte Lesezeit\" \/>\n\t<meta name=\"twitter:data1\" content=\"3\u00a0Minuten\" \/>\n<!-- \/ Yoast SEO plugin. -->","yoast_head_json":{"title":"PDF Viewer \u2013 PDF-Erweiterung auf der Joomla-Website einbetten (2025)","description":"Es ist ganz einfach, Ihre responsive PDF Viewer-Erweiterung zu erstellen und sie in Ihre Joomla-Website einzubetten. Der Elfsight-Kundendienst ist kostenlos und kostenlos.","robots":{"index":"index","follow":"follow","max-snippet":"max-snippet:-1","max-image-preview":"max-image-preview:large","max-video-preview":"max-video-preview:-1"},"canonical":"https:\/\/elfsight.com\/de\/pdf-embed-widget\/joomla\/","og_locale":"de_DE","og_type":"article","og_title":"PDF Viewer \u2013 PDF-Erweiterung auf der Joomla-Website einbetten (2025)","og_description":"Es ist ganz einfach, Ihre responsive PDF Viewer-Erweiterung zu erstellen und sie in Ihre Joomla-Website einzubetten. Der Elfsight-Kundendienst ist kostenlos und kostenlos.","og_url":"https:\/\/elfsight.com\/de\/pdf-embed-widget\/joomla\/","og_site_name":"Elfsight DE","article_modified_time":"2025-07-09T14:07:46+00:00","twitter_card":"summary_large_image","twitter_misc":{"Gesch\u00e4tzte Lesezeit":"3\u00a0Minuten"},"schema":{"@context":"https:\/\/schema.org","@graph":[{"@type":"WebPage","@id":"https:\/\/elfsight.com\/de\/pdf-embed-widget\/joomla\/","url":"https:\/\/elfsight.com\/de\/pdf-embed-widget\/joomla\/","name":"PDF Viewer \u2013 PDF-Erweiterung auf der Joomla-Website einbetten (2025)","isPartOf":{"@id":"https:\/\/elfsight.com\/de\/#website"},"datePublished":"1970-01-01T00:00:00+00:00","dateModified":"2025-07-09T14:07:46+00:00","description":"Es ist ganz einfach, Ihre responsive PDF Viewer-Erweiterung zu erstellen und sie in Ihre Joomla-Website einzubetten. Der Elfsight-Kundendienst ist kostenlos und kostenlos.","breadcrumb":{"@id":"https:\/\/elfsight.com\/de\/pdf-embed-widget\/joomla\/#breadcrumb"},"inLanguage":"de","potentialAction":[{"@type":"ReadAction","target":["https:\/\/elfsight.com\/de\/pdf-embed-widget\/joomla\/"]}]},{"@type":"BreadcrumbList","@id":"https:\/\/elfsight.com\/de\/pdf-embed-widget\/joomla\/#breadcrumb","itemListElement":[{"@type":"ListItem","position":1,"name":"Home","item":"https:\/\/elfsight.com\/de\/"},{"@type":"ListItem","position":2,"name":"PDF Embed","item":"https:\/\/elfsight.com\/de\/pdf-embed-widget\/"},{"@type":"ListItem","position":3,"name":"PDF Embed &#8211; Joomla"}]},{"@type":"WebSite","@id":"https:\/\/elfsight.com\/de\/#website","url":"https:\/\/elfsight.com\/de\/","name":"Elfsight DE","description":"Just another Elfsight Sites site","potentialAction":[{"@type":"SearchAction","target":{"@type":"EntryPoint","urlTemplate":"https:\/\/elfsight.com\/de\/?s={search_term_string}"},"query-input":{"@type":"PropertyValueSpecification","valueRequired":true,"valueName":"search_term_string"}}],"inLanguage":"de"}]}},"meta_box":{"industry":"","seo_heading":"","heading":"","description":"","cta_heading":"","cta_description":"","application":"484","h1":"Joomla PDF Embed-Erweiterung","h1_caption":"Betten Sie PDF-Dokumente m\u00fchelos in Ihre Website ein, um sie einfach anzuzeigen und herunterzuladen, ohne Besucher auf Ihre Joomla-Website umzuleiten.","application_category":[],"applications_title":"","applications_request_title":"","applications_request_button_text":"","hero_text":"","hero_video":"","hero_video_schema_markup":"","selling_points_title":"","selling_points_caption":"","selling_points":[],"selling_points_cta_text":"","features_title":"","features":"","ed_cta_examples_text":"","ed_cta_examples_hidden":"","ed_cta_demo_text":"","ed_cta_demo_hidden":"","why_caption":"","why_editor_title":"","why_editor_text":"","why_team_title":"","why_team_text":"","why_service_title":"","why_service_text":"","template_catalog_visible":"","template_catalog_title":"","template_catalog_text":"","template_catalog_categories_visible":"","demo_title":"Erstellen Sie Ihr PDF-Einbettungs-Plugin","demo_caption":"Konfigurieren Sie Ihre PDF-Einbettung und f\u00fcgen Sie sie kostenlos zu Ihrer Joomla-Website hinzu!","default_faq_hidden":"","app_template_category":[],"platform":"259","template_public_id":"","codecanyon_url":"","codecanyon_item_id":"","codecanyon_price":"","pricing_caption":"","pricing_elfsight_apps_hide_column":"","pricing_elfsight_apps_url":"","pricing_codecanyon_price_caption":"","integration_category":[],"integration_request_title":"","integration_request_cta":"","integration_platform":"","integrations":[],"platform_category":[],"video_schema_markup":"","price":"ab 0 $ \/ Monat","trial":"","benefits":[{"text":"Kostenlose Installationshilfe"},{"text":"Effektiver Kundenservice"},{"text":"14-t\u00e4gige R\u00fcckerstattungsgarantie"},{"text":"St\u00e4ndige Aktualisierung"}],"button_url":"#demo","button_target_blank":"","button_nofollow":"","attributes":[{"name":"Installiert","content":"10,000 - 100,000"},{"name":"Reaktionsfreudig","content":"Ja"},{"name":"Kompatible Browser","content":"IE11, Firefox, Safari, Opera, Chrome, Edge"}],"tags":[],"tags_disable_links":"","hide_more_platforms":"","video_object":"","demo_hide_cta":"","demo_hide_cloud_options":"","pricing_title":"","pricing":[{"pricing_icon":"platform","pricing_title":"Elfsight Apps","pricing_title_caption":"Plattform\u00fcbergreifende digitale L\u00f6sung, die auf jeder Website funktioniert","pricing_price":"ab 0 $ \/ Monat","pricing_price_caption":"Beginnen Sie mit einem kostenlosen Plan","pricing_benefits":[{"text":"Unbegrenzte Domains"},{"text":"24\/7 und p\u00fcnktlicher Support und gut dokumentiert"},{"text":"Kostenloser Installationsservice"},{"text":"Zeitlich begrenztes Angebot f\u00fcr mehrere Apps"}],"pricing_button_text":"Zur Website hinzuf\u00fcgen","pricing_button_url":"#demo"}],"related_apps_title":"","related_apps_hidden":"","author":"","image":[],"title":"","job":"","social_networks":[]},"_links":{"self":[{"href":"https:\/\/elfsight.com\/de\/wp-json\/wp\/v2\/pages\/9516","targetHints":{"allow":["GET"]}}],"collection":[{"href":"https:\/\/elfsight.com\/de\/wp-json\/wp\/v2\/pages"}],"about":[{"href":"https:\/\/elfsight.com\/de\/wp-json\/wp\/v2\/types\/page"}],"author":[{"embeddable":true,"href":"https:\/\/elfsight.com\/de\/wp-json\/wp\/v2\/users\/9"}],"replies":[{"embeddable":true,"href":"https:\/\/elfsight.com\/de\/wp-json\/wp\/v2\/comments?post=9516"}],"version-history":[{"count":2,"href":"https:\/\/elfsight.com\/de\/wp-json\/wp\/v2\/pages\/9516\/revisions"}],"predecessor-version":[{"id":21679,"href":"https:\/\/elfsight.com\/de\/wp-json\/wp\/v2\/pages\/9516\/revisions\/21679"}],"up":[{"embeddable":true,"href":"https:\/\/elfsight.com\/de\/wp-json\/wp\/v2\/pages\/2114"}],"wp:attachment":[{"href":"https:\/\/elfsight.com\/de\/wp-json\/wp\/v2\/media?parent=9516"}],"curies":[{"name":"wp","href":"https:\/\/api.w.org\/{rel}","templated":true}]}}