{"id":9505,"date":"1970-01-01T00:00:00","date_gmt":"1970-01-01T00:00:00","guid":{"rendered":"https:\/\/elfsight.com\/de\/?page_id=9505"},"modified":"2025-02-21T13:17:16","modified_gmt":"2025-02-21T13:17:16","slug":"iframe","status":"publish","type":"page","link":"https:\/\/elfsight.com\/de\/pdf-embed-widget\/iframe\/","title":{"rendered":"PDF Embed &#8211; iFrame"},"content":{"rendered":"\n<div class=\"application-platform-content-item-description application-platform-content-item\" id=\"description\" data-nav-section=\"description\"><h2>PDF mit dem Elfsight-Widget in iFrame einbetten<\/h2><p>Mit dem Elfsight PDF Embed-Widget erhalten Sie die einfachste und schnellste M\u00f6glichkeit Einf\u00fcgen beliebiger PDF-Dokumente in die Website. Zur Vereinfachung der Verwendung k\u00f6nnen Dateien einfach durch Hochladen, Eingeben ihrer URLs oder Ausw\u00e4hlen der zuletzt hochgeladenen Dateien eingef\u00fcgt werden. Mit den Funktionen k\u00f6nnen Sie jeder Datei einen eigenen Titel geben, ein Symbol und ein Bild hochladen, eine Option f\u00fcr das Dateilayout ausw\u00e4hlen und vieles mehr. Ihr Publikum kann die Dokumente direkt auf der Seite \u00fcberpr\u00fcfen, in einem neuen Tab \u00f6ffnen und herunterladen.<\/p><p><b>Erh\u00f6hen Sie die durchschnittliche Verweildauer Ihrer Besucher auf der Website!<\/b><\/p> <\/div><div class=\"faq\" data-component=\"FAQ\"><div class=\"faq-item\">\r\n\t\t\t\t\t<div class=\"faq-item-question\">\r\n\t\t\t\t\t\t<h3 class=\"faq-item-question-text\">Wie kann ich der iFrame-Site ein PDF-Widget hinzuf\u00fcgen? <\/h3>\r\n\r\n\t\t\t\t\t\t<div class=\"faq-item-question-icon\"><\/div>\r\n\t\t\t\t\t<\/div>\r\n\r\n\t\t\t\t\t<div class=\"faq-item-answer\">\r\n\t\t\t\t\t\t<div class=\"faq-item-answer-text\"><p>Die Erstellung des Tools erfolgt innerhalb der Elfsight-Site und es gibt Sie m\u00fcssen nicht lernen, wie man programmiert. Nutzen Sie unsere aktive Demo, um Ihr Tool zu entwerfen, den Code zu erhalten und ihn in Ihre Website einzubetten. <\/p><\/div>\r\n\t\t\t\t\t<\/div>\r\n\t\t\t\t<\/div><div class=\"faq-item\">\r\n\t\t\t\t\t<div class=\"faq-item-question\">\r\n\t\t\t\t\t\t<h3 class=\"faq-item-question-text\">Die besten M\u00f6glichkeiten, die PDF-Viewer-Integration zu nutzen<\/h3>\r\n\r\n\t\t\t\t\t\t<div class=\"faq-item-question-icon\"><\/div>\r\n\t\t\t\t\t<\/div>\r\n\r\n\t\t\t\t\t<div class=\"faq-item-answer\">\r\n\t\t\t\t\t\t<div class=\"faq-item-answer-text\"><p>Wir bieten viele Personalisierungsm\u00f6glichkeiten: Widgets in voller Gr\u00f6\u00dfe zum Einbetten in den Inhaltsbereich, schwebend Plugins f\u00fcr die Scrollfunktion, Layouts f\u00fcr die Fu\u00dfzeile, den Kopfbereich und alle Variationen vertikaler M\u00f6glichkeiten f\u00fcr Seitenleisten und Men\u00fcs. <\/p><\/div>\r\n\t\t\t\t\t<\/div>\r\n\t\t\t\t<\/div><div class=\"faq-item\">\r\n\t\t\t\t\t<div class=\"faq-item-question\">\r\n\t\t\t\t\t\t<h3 class=\"faq-item-question-text\">Wie erstelle ich mithilfe Ihres Redakteurs einen PDF-Viewer f\u00fcr B\u00fccherregale oder Gesch\u00e4ftsberichte? <\/h3>\r\n\r\n\t\t\t\t\t\t<div class=\"faq-item-question-icon\"><\/div>\r\n\t\t\t\t\t<\/div>\r\n\r\n\t\t\t\t\t<div class=\"faq-item-answer\">\r\n\t\t\t\t\t\t<div class=\"faq-item-answer-text\"><p>Es steht Ihnen frei, \u00c4nderungen an allen Widgets vorzunehmen. Im Editor stehen zahlreiche Layouts zur Verf\u00fcgung, die alle schnell an Ihre Bed\u00fcrfnisse angepasst werden k\u00f6nnen. <\/p><\/div>\r\n\t\t\t\t\t<\/div>\r\n\t\t\t\t<\/div><\/div><div class=\"application-platform-content-item-features application-platform-content-item\" id=\"features\" data-nav-section=\"features\"><h2>Hauptfunktionen des PDF Embed-Widgets<\/h2><p>Sehen Sie sich die Liste aller im PDF Embed verf\u00fcgbaren Funktionen an. Sie machen unser Widget f\u00fcr Ihre Werbung unglaublich effektiv: <\/p> <ul><li>Integrieren Sie unbegrenzt viele Dateien; <\/li> <li>Datei-Viewer-Layoutvariante zum Anzeigen von Dateien auf der Website; <\/li> <li>Die Option zum Hochladen von Bildern f\u00fcr Symbole und Vorschauen; <\/li> <li>Die Option zum Ein- oder Ausblenden des Texts des Download-Dokuments; <\/li> <li> Die Option zum Malen von sechs Schnittstellendetails; <\/li> <\/ul><p><a href=\"#demo\">Sie k\u00f6nnen alle Funktionen in der Live-Demo sehen<\/a><\/p><\/div><div class=\"application-platform-content-item-installation application-platform-content-item\" id=\"installation\" data-nav-section=\"installation\"><h2>So betten Sie den PDF-Viewer in die iFrame-Website ein<\/h2><p>Diese einfachen Schritte helfen Ihnen bei der Aktivierung des Widgets. <\/p> <ol><li><b>Entwerfen Sie Ihr personalisiertes PDF-Plugin<\/b><br> Gestalten Sie mit unserem kostenlosen Editor ein Plugin mit Ihrem bevorzugten Layout und Ihren bevorzugten Funktionen.<\/li><li><b> Kopieren Sie den einzelnen Code, um das Plugin hinzuzuf\u00fcgen.<\/b><br> Nachdem Sie Ihr Widget eingerichtet haben, erhalten Sie Ihren Installationscode im erscheinenden Fenster von Elfsight Apps. Kopieren Sie den Code.<\/li> <li><b> Das Plugin auf Ihrer iFrame-Site<\/b><br> Gehen Sie zu der Stelle, an der Sie das Plugin einbetten m\u00f6chten, und f\u00fcgen Sie dort den kopierten Code ein. Speichern Sie die \u00c4nderungen.<\/li> <li><b>Fertig! <\/b><br> Besuchen Sie Ihre Seite, um Ihre Arbeit zu sehen.<\/li> <\/ol><p>Z\u00f6gern Sie nicht, uns mitzuteilen, wenn Sie auf Probleme gesto\u00dfen sind oder irgendwelche Probleme haben.<\/p><\/div>\n","protected":false},"excerpt":{"rendered":"","protected":false},"author":9,"featured_media":0,"parent":2114,"menu_order":0,"comment_status":"closed","ping_status":"closed","template":"templates\/template-application-platform.php","meta":{"publish_to_discourse":"","publish_post_category":"","wpdc_auto_publish_overridden":"","wpdc_topic_tags":"","wpdc_pin_topic":"","wpdc_pin_until":"","discourse_post_id":"","discourse_permalink":"","wpdc_publishing_response":"","wpdc_publishing_error":"","footnotes":""},"class_list":["post-9505","page","type-page","status-publish","hentry"],"yoast_head":"<!-- This site is optimized with the Yoast SEO plugin v25.3.1 - https:\/\/yoast.com\/wordpress\/plugins\/seo\/ -->\n<title>iFrame PDF Viewer-Plugin f\u00fcr Ihre Website (kostenlos und schnell)<\/title>\n<meta name=\"description\" content=\"Erstellen Sie mit Elfsight Ihren PDF-Viewer und betten Sie ihn ganz einfach in die iFrame-Website ein. Wir bieten kostenlosen Kundenservice und weitere Boni.\" \/>\n<meta name=\"robots\" content=\"index, follow, max-snippet:-1, max-image-preview:large, max-video-preview:-1\" \/>\n<link rel=\"canonical\" href=\"https:\/\/elfsight.com\/de\/pdf-embed-widget\/iframe\/\" \/>\n<meta property=\"og:locale\" content=\"de_DE\" \/>\n<meta property=\"og:type\" content=\"article\" \/>\n<meta property=\"og:title\" content=\"iFrame PDF Viewer-Plugin f\u00fcr Ihre Website (kostenlos und schnell)\" \/>\n<meta property=\"og:description\" content=\"Erstellen Sie mit Elfsight Ihren PDF-Viewer und betten Sie ihn ganz einfach in die iFrame-Website ein. Wir bieten kostenlosen Kundenservice und weitere Boni.\" \/>\n<meta property=\"og:url\" content=\"https:\/\/elfsight.com\/de\/pdf-embed-widget\/iframe\/\" \/>\n<meta property=\"og:site_name\" content=\"Elfsight DE\" \/>\n<meta property=\"article:modified_time\" content=\"2025-02-21T13:17:16+00:00\" \/>\n<meta name=\"twitter:card\" content=\"summary_large_image\" \/>\n<meta name=\"twitter:label1\" content=\"Gesch\u00e4tzte Lesezeit\" \/>\n\t<meta name=\"twitter:data1\" content=\"3\u00a0Minuten\" \/>\n<!-- \/ Yoast SEO plugin. -->","yoast_head_json":{"title":"iFrame PDF Viewer-Plugin f\u00fcr Ihre Website (kostenlos und schnell)","description":"Erstellen Sie mit Elfsight Ihren PDF-Viewer und betten Sie ihn ganz einfach in die iFrame-Website ein. Wir bieten kostenlosen Kundenservice und weitere Boni.","robots":{"index":"index","follow":"follow","max-snippet":"max-snippet:-1","max-image-preview":"max-image-preview:large","max-video-preview":"max-video-preview:-1"},"canonical":"https:\/\/elfsight.com\/de\/pdf-embed-widget\/iframe\/","og_locale":"de_DE","og_type":"article","og_title":"iFrame PDF Viewer-Plugin f\u00fcr Ihre Website (kostenlos und schnell)","og_description":"Erstellen Sie mit Elfsight Ihren PDF-Viewer und betten Sie ihn ganz einfach in die iFrame-Website ein. Wir bieten kostenlosen Kundenservice und weitere Boni.","og_url":"https:\/\/elfsight.com\/de\/pdf-embed-widget\/iframe\/","og_site_name":"Elfsight DE","article_modified_time":"2025-02-21T13:17:16+00:00","twitter_card":"summary_large_image","twitter_misc":{"Gesch\u00e4tzte Lesezeit":"3\u00a0Minuten"},"schema":{"@context":"https:\/\/schema.org","@graph":[{"@type":"WebPage","@id":"https:\/\/elfsight.com\/de\/pdf-embed-widget\/iframe\/","url":"https:\/\/elfsight.com\/de\/pdf-embed-widget\/iframe\/","name":"iFrame PDF Viewer-Plugin f\u00fcr Ihre Website (kostenlos und schnell)","isPartOf":{"@id":"https:\/\/elfsight.com\/de\/#website"},"datePublished":"1970-01-01T00:00:00+00:00","dateModified":"2025-02-21T13:17:16+00:00","description":"Erstellen Sie mit Elfsight Ihren PDF-Viewer und betten Sie ihn ganz einfach in die iFrame-Website ein. Wir bieten kostenlosen Kundenservice und weitere Boni.","breadcrumb":{"@id":"https:\/\/elfsight.com\/de\/pdf-embed-widget\/iframe\/#breadcrumb"},"inLanguage":"de","potentialAction":[{"@type":"ReadAction","target":["https:\/\/elfsight.com\/de\/pdf-embed-widget\/iframe\/"]}]},{"@type":"BreadcrumbList","@id":"https:\/\/elfsight.com\/de\/pdf-embed-widget\/iframe\/#breadcrumb","itemListElement":[{"@type":"ListItem","position":1,"name":"Home","item":"https:\/\/elfsight.com\/de\/"},{"@type":"ListItem","position":2,"name":"PDF Embed","item":"https:\/\/elfsight.com\/de\/pdf-embed-widget\/"},{"@type":"ListItem","position":3,"name":"PDF Embed &#8211; iFrame"}]},{"@type":"WebSite","@id":"https:\/\/elfsight.com\/de\/#website","url":"https:\/\/elfsight.com\/de\/","name":"Elfsight DE","description":"Just another Elfsight Sites site","potentialAction":[{"@type":"SearchAction","target":{"@type":"EntryPoint","urlTemplate":"https:\/\/elfsight.com\/de\/?s={search_term_string}"},"query-input":{"@type":"PropertyValueSpecification","valueRequired":true,"valueName":"search_term_string"}}],"inLanguage":"de"}]}},"meta_box":{"industry":"","seo_heading":"","heading":"","description":"","cta_heading":"","cta_description":"","application":"484","h1":"iFrame PDF Viewer-Plugin","h1_caption":"Betten Sie PDF-Dokumente m\u00fchelos in Ihre Website ein, um sie einfach anzuzeigen und herunterzuladen, ohne Besucher auf Ihre iFrame-Website umzuleiten.","application_category":[],"applications_title":"","applications_request_title":"","applications_request_button_text":"","hero_text":"","hero_video":"","hero_video_schema_markup":"","selling_points_title":"","selling_points_caption":"","selling_points":[],"selling_points_cta_text":"","features_title":"","features":"","ed_cta_examples_text":"","ed_cta_examples_hidden":"","ed_cta_demo_text":"","ed_cta_demo_hidden":"","why_caption":"","why_editor_title":"","why_editor_text":"","why_team_title":"","why_team_text":"","why_service_title":"","why_service_text":"","template_catalog_visible":"0","template_catalog_title":"","template_catalog_text":"","template_catalog_categories_visible":"","demo_title":"Erstellen Sie Ihr PDF-Einbettungs-Widget","demo_caption":"Konfigurieren Sie Ihre PDF-Einbettung und f\u00fcgen Sie sie kostenlos zu Ihrer iFrame-Website hinzu!","default_faq_hidden":"","app_template_category":[],"platform":"240","template_public_id":"","codecanyon_url":"","codecanyon_item_id":"","codecanyon_price":"","pricing_caption":"","pricing_elfsight_apps_hide_column":"","pricing_elfsight_apps_url":"","pricing_codecanyon_price_caption":"","integration_category":[],"integration_request_title":"","integration_request_cta":"","integration_platform":"","integrations":[],"platform_category":[],"video_schema_markup":"","price":"ab 0 $ \/ Monat","trial":"","benefits":[{"text":"Kostenloser Installationsservice"},{"text":"Kompetenter Kundenservice"},{"text":"14-t\u00e4gige R\u00fcckerstattungsgarantie"},{"text":"Regelm\u00e4\u00dfige Verbesserungen"}],"button_url":"#demo","button_target_blank":"0","button_nofollow":"0","attributes":[{"name":"Installiert","content":"10,000 - 100,000"},{"name":"Reaktionsfreudig","content":"Ja"},{"name":"Kompatible Browser","content":"Edge, Opera, Safari, Chrome, Firefox"}],"tags":[],"tags_disable_links":"0","hide_more_platforms":"0","video_object":"","demo_hide_cta":"0","demo_hide_cloud_options":"0","pricing_title":"","pricing":[{"pricing_icon":"platform","pricing_title":"Elfsight Apps","pricing_title_caption":"Plattformunabh\u00e4ngige Version","pricing_price":"ab 0 $ \/ Monat","pricing_price_caption":"Beginnen Sie mit einem kostenlosen Plan","pricing_benefits":[{"text":"Unbegrenzte Domains"},{"text":"Professioneller Kundensupport"},{"text":"Kostenlose Installationsunterst\u00fctzung"},{"text":"Tolles Angebot f\u00fcr mehrere Apps"}],"pricing_button_text":"Zur Website hinzuf\u00fcgen","pricing_button_url":"#demo"}],"related_apps_title":"","related_apps_hidden":"0","author":"","image":[],"title":"","job":"","social_networks":[]},"_links":{"self":[{"href":"https:\/\/elfsight.com\/de\/wp-json\/wp\/v2\/pages\/9505","targetHints":{"allow":["GET"]}}],"collection":[{"href":"https:\/\/elfsight.com\/de\/wp-json\/wp\/v2\/pages"}],"about":[{"href":"https:\/\/elfsight.com\/de\/wp-json\/wp\/v2\/types\/page"}],"author":[{"embeddable":true,"href":"https:\/\/elfsight.com\/de\/wp-json\/wp\/v2\/users\/9"}],"replies":[{"embeddable":true,"href":"https:\/\/elfsight.com\/de\/wp-json\/wp\/v2\/comments?post=9505"}],"version-history":[{"count":3,"href":"https:\/\/elfsight.com\/de\/wp-json\/wp\/v2\/pages\/9505\/revisions"}],"predecessor-version":[{"id":24738,"href":"https:\/\/elfsight.com\/de\/wp-json\/wp\/v2\/pages\/9505\/revisions\/24738"}],"up":[{"embeddable":true,"href":"https:\/\/elfsight.com\/de\/wp-json\/wp\/v2\/pages\/2114"}],"wp:attachment":[{"href":"https:\/\/elfsight.com\/de\/wp-json\/wp\/v2\/media?parent=9505"}],"curies":[{"name":"wp","href":"https:\/\/api.w.org\/{rel}","templated":true}]}}