{"id":9500,"date":"1970-01-01T00:00:00","date_gmt":"1970-01-01T00:00:00","guid":{"rendered":"https:\/\/elfsight.com\/de\/?page_id=9500"},"modified":"2025-02-21T13:09:17","modified_gmt":"2025-02-21T13:09:17","slug":"facebook","status":"publish","type":"page","link":"https:\/\/elfsight.com\/de\/pdf-embed-widget\/facebook\/","title":{"rendered":"PDF Embed &#8211; Facebook Page"},"content":{"rendered":"\n<div class=\"application-platform-content-item-description application-platform-content-item\" id=\"description\" data-nav-section=\"description\"><h2>Beschreibung<\/h2><p>Mit dem Elfsight-Widget genie\u00dfen Sie die einfachste und schnellste Integration aller PDF-Dokumente in Ihre Seite. Der Einfachheit halber k\u00f6nnen Dateien eingebettet werden, indem Sie sie einfach hochladen, ihre URLs eingeben oder aus der Liste der k\u00fcrzlich hochgeladenen Dateien ausw\u00e4hlen. Es steht Ihnen frei, jedem Dokument einen Titel zu geben, ein Symbol oder Bild hochzuladen, eine Layoutoption und andere Optionen auszuw\u00e4hlen. Ihre Besucher k\u00f6nnen die Dateien direkt in Ihrem Facebook-Konto \u00fcberpr\u00fcfen, in einem neuen Browser-Tab \u00f6ffnen und herunterladen. <\/p><p><b>Nehmen Sie sich eine Sekunde Zeit, um eine beliebige PDF-Datei auf Ihre Facebook-Unternehmensseite hochzuladen!<\/b><\/p><div class=\"faq\" data-component=\"FAQ\"><div class=\"faq-item\">\r\n\t\t\t\t\t<div class=\"faq-item-question\">\r\n\t\t\t\t\t\t<h3 class=\"faq-item-question-text\">Wie bette ich ein PDF-Widget in die Website der Facebook-Seite ein?<\/h3>\r\n\r\n\t\t\t\t\t\t<div class=\"faq-item-question-icon\"><\/div>\r\n\t\t\t\t\t<\/div>\r\n\r\n\t\t\t\t\t<div class=\"faq-item-answer\">\r\n\t\t\t\t\t\t<div class=\"faq-item-answer-text\"> Nutzen Sie die Live-Demo, um Ihre eigene App zu erstellen, holen Sie sich den Code und f\u00fcgen Sie ihn in Ihre Website ein. <\/p><\/div>\r\n\t\t\t\t\t<\/div>\r\n\t\t\t\t<\/div><div class=\"faq-item\">\r\n\t\t\t\t\t<div class=\"faq-item-question\">\r\n\t\t\t\t\t\t<h3 class=\"faq-item-question-text\">Die besten Anwendungsbeispiele der PDF-Integration<\/h3>\r\n\r\n\t\t\t\t\t\t<div class=\"faq-item-question-icon\"><\/div>\r\n\t\t\t\t\t<\/div>\r\n\r\n\t\t\t\t\t<div class=\"faq-item-answer\">\r\n\t\t\t\t\t\t<div class=\"faq-item-answer-text\"><p>Wir haben jede Menge Anpassungsm\u00f6glichkeiten: vollwertige Widgets zum Einbetten in den Inhaltsbereich, schwebende Widgets mit Scrollm\u00f6glichkeiten, Layouts f\u00fcr die Fu\u00dfzeile, Kopfzeile und allen m\u00f6glichen vertikalen M\u00f6glichkeiten f\u00fcr Website-Seitenleisten und Men\u00fcs. <\/p><\/div>\r\n\t\t\t\t\t<\/div>\r\n\t\t\t\t<\/div><div class=\"faq-item\">\r\n\t\t\t\t\t<div class=\"faq-item-question\">\r\n\t\t\t\t\t\t<h3 class=\"faq-item-question-text\">Kann ich mit Hilfe des Herausgebers eine Datei- oder Men\u00fc-PDF erstellen? <\/h3>\r\n\r\n\t\t\t\t\t\t<div class=\"faq-item-question-icon\"><\/div>\r\n\t\t\t\t\t<\/div>\r\n\r\n\t\t\t\t\t<div class=\"faq-item-answer\">\r\n\t\t\t\t\t\t<div class=\"faq-item-answer-text\"><p>Sie k\u00f6nnen die \u00c4nderungen jedes Widgets vornehmen. Im Editor stehen viele Layouts zur Verf\u00fcgung, die alle ganz einfach an Ihre Bed\u00fcrfnisse angepasst werden k\u00f6nnen. <\/p><\/div>\r\n\t\t\t\t\t<\/div>\r\n\t\t\t\t<\/div><\/div><\/div><div class=\"application-platform-content-item-features application-platform-content-item\" id=\"features\" data-nav-section=\"features\"><h2>Funktionen<\/h2><p>Die Funktionen des Widgets sind vielf\u00e4ltig \u2013 sehen Sie sich die Liste unten an. Sie sind direkt im Editor verf\u00fcgbar und helfen Ihnen dabei, das f\u00fcr Ihren Anwendungsfall am besten geeignete Widget zu erstellen.<\/p><ul><li>F\u00fcgen Sie unbegrenzt viele Dokumente hinzu; <\/li><li>Datei-Viewer-Layoutoption zum Lesen von Dokumenten auf der Seite; <\/li><li>Bilder f\u00fcr Dateisymbole und Vorschauen hochladen; <\/li><li>Dokumentetikett herunterladen anzeigen oder ausblenden; <\/li><li>6 lackierbare Details der Benutzeroberfl\u00e4che; <\/li><\/ul><p><a href=\"#demo\">Sehen Sie in unserer Demo, wie alle Funktionen funktionieren<\/a><\/p><\/div><div class=\"application-platform-content-item-installation application-platform-content-item\" id=\"installation\" data-nav-section=\"installation\"> <h2>So f\u00fcgen Sie ein PDF zu Ihrer Facebook-Unternehmensseite hinzu<\/h2><p>Um das Widget zu aktivieren, f\u00fchren Sie die folgenden Schritte aus<\/p> <ul><li><b>Erstellen Sie Ihr eigenes PDF-Widget<\/b><br>Generieren Sie mit unserem kostenlosen Konfigurator ein Plugin mit Ihrem bevorzugten Design und f\u00fcgen Sie Dateien hinzu.<\/li><li><b>Erhalten Sie einen individuellen Code zur Anzeige des Widgets<\/b><br>Nachdem Sie Ihr festgelegt haben Plugin erhalten Sie Ihren pers\u00f6nlichen Code im angezeigten Fenster von Elfsight Apps. Kopiere es. <\/li><li><b>Betten Sie das PDF-Widget auf der Facebook-Seite ein<\/b><br> Erstellen Sie Ihren benutzerdefinierten Facebook-Tab. F\u00fcgen Sie den Code, den Sie bei elfsight apps erhalten haben, in die Registerkarte ein. Wenn Sie Probleme haben, lesen Sie einfach unseren Leitfaden unter <a href=\"https:\/\/elfsight.com\/blog\/how-to-add-custom-tab-to-facebook-page\/\" target=\"_blank\" rel=\"noopener noreferrer\">Benutzerdefinierten Facebook-Tab erstellen<\/a><\/li><li><b>Die Installation ist abgeschlossen<\/b><br>Besuchen Sie Ihre Seite, um Ihren Tab anzuzeigen.<\/li><\/ul> <p>Wenn Sie Hilfe ben\u00f6tigen oder Probleme haben, k\u00f6nnen Sie sich jederzeit an unseren Support wenden. Wir stehen Ihnen bei jeder Anfrage mit Rat und Tat zur Seite. <\/p><\/div>\n","protected":false},"excerpt":{"rendered":"","protected":false},"author":9,"featured_media":0,"parent":2114,"menu_order":0,"comment_status":"closed","ping_status":"closed","template":"templates\/template-application-platform.php","meta":{"publish_to_discourse":"","publish_post_category":"","wpdc_auto_publish_overridden":"","wpdc_topic_tags":"","wpdc_pin_topic":"","wpdc_pin_until":"","discourse_post_id":"","discourse_permalink":"","wpdc_publishing_response":"","wpdc_publishing_error":"","footnotes":""},"class_list":["post-9500","page","type-page","status-publish","hentry"],"yoast_head":"<!-- This site is optimized with the Yoast SEO plugin v25.3.1 - https:\/\/yoast.com\/wordpress\/plugins\/seo\/ -->\n<title>So f\u00fcgen Sie ein PDF zu einer Facebook-Seite hinzu \u2013 PDF Viewer &amp; Uploader (2025)<\/title>\n<meta name=\"description\" content=\"Erstellen Sie mit Elfsight Ihren PDF-Viewer und -Uploader und f\u00fcgen Sie ihn schnell zur Facebook-Unternehmensseite hinzu. Wir bieten kostenlosen Kundenservice und weitere Boni.\" \/>\n<meta name=\"robots\" content=\"index, follow, max-snippet:-1, max-image-preview:large, max-video-preview:-1\" \/>\n<link rel=\"canonical\" href=\"https:\/\/elfsight.com\/de\/pdf-embed-widget\/facebook\/\" \/>\n<meta property=\"og:locale\" content=\"de_DE\" \/>\n<meta property=\"og:type\" content=\"article\" \/>\n<meta property=\"og:title\" content=\"So f\u00fcgen Sie ein PDF zu einer Facebook-Seite hinzu \u2013 PDF Viewer &amp; Uploader (2025)\" \/>\n<meta property=\"og:description\" content=\"Erstellen Sie mit Elfsight Ihren PDF-Viewer und -Uploader und f\u00fcgen Sie ihn schnell zur Facebook-Unternehmensseite hinzu. Wir bieten kostenlosen Kundenservice und weitere Boni.\" \/>\n<meta property=\"og:url\" content=\"https:\/\/elfsight.com\/de\/pdf-embed-widget\/facebook\/\" \/>\n<meta property=\"og:site_name\" content=\"Elfsight DE\" \/>\n<meta property=\"article:modified_time\" content=\"2025-02-21T13:09:17+00:00\" \/>\n<meta name=\"twitter:card\" content=\"summary_large_image\" \/>\n<meta name=\"twitter:label1\" content=\"Gesch\u00e4tzte Lesezeit\" \/>\n\t<meta name=\"twitter:data1\" content=\"3\u00a0Minuten\" \/>\n<!-- \/ Yoast SEO plugin. -->","yoast_head_json":{"title":"So f\u00fcgen Sie ein PDF zu einer Facebook-Seite hinzu \u2013 PDF Viewer & Uploader (2025)","description":"Erstellen Sie mit Elfsight Ihren PDF-Viewer und -Uploader und f\u00fcgen Sie ihn schnell zur Facebook-Unternehmensseite hinzu. Wir bieten kostenlosen Kundenservice und weitere Boni.","robots":{"index":"index","follow":"follow","max-snippet":"max-snippet:-1","max-image-preview":"max-image-preview:large","max-video-preview":"max-video-preview:-1"},"canonical":"https:\/\/elfsight.com\/de\/pdf-embed-widget\/facebook\/","og_locale":"de_DE","og_type":"article","og_title":"So f\u00fcgen Sie ein PDF zu einer Facebook-Seite hinzu \u2013 PDF Viewer & Uploader (2025)","og_description":"Erstellen Sie mit Elfsight Ihren PDF-Viewer und -Uploader und f\u00fcgen Sie ihn schnell zur Facebook-Unternehmensseite hinzu. Wir bieten kostenlosen Kundenservice und weitere Boni.","og_url":"https:\/\/elfsight.com\/de\/pdf-embed-widget\/facebook\/","og_site_name":"Elfsight DE","article_modified_time":"2025-02-21T13:09:17+00:00","twitter_card":"summary_large_image","twitter_misc":{"Gesch\u00e4tzte Lesezeit":"3\u00a0Minuten"},"schema":{"@context":"https:\/\/schema.org","@graph":[{"@type":"WebPage","@id":"https:\/\/elfsight.com\/de\/pdf-embed-widget\/facebook\/","url":"https:\/\/elfsight.com\/de\/pdf-embed-widget\/facebook\/","name":"So f\u00fcgen Sie ein PDF zu einer Facebook-Seite hinzu \u2013 PDF Viewer & Uploader (2025)","isPartOf":{"@id":"https:\/\/elfsight.com\/de\/#website"},"datePublished":"1970-01-01T00:00:00+00:00","dateModified":"2025-02-21T13:09:17+00:00","description":"Erstellen Sie mit Elfsight Ihren PDF-Viewer und -Uploader und f\u00fcgen Sie ihn schnell zur Facebook-Unternehmensseite hinzu. Wir bieten kostenlosen Kundenservice und weitere Boni.","breadcrumb":{"@id":"https:\/\/elfsight.com\/de\/pdf-embed-widget\/facebook\/#breadcrumb"},"inLanguage":"de","potentialAction":[{"@type":"ReadAction","target":["https:\/\/elfsight.com\/de\/pdf-embed-widget\/facebook\/"]}]},{"@type":"BreadcrumbList","@id":"https:\/\/elfsight.com\/de\/pdf-embed-widget\/facebook\/#breadcrumb","itemListElement":[{"@type":"ListItem","position":1,"name":"Home","item":"https:\/\/elfsight.com\/de\/"},{"@type":"ListItem","position":2,"name":"PDF Embed","item":"https:\/\/elfsight.com\/de\/pdf-embed-widget\/"},{"@type":"ListItem","position":3,"name":"PDF Embed &#8211; Facebook Page"}]},{"@type":"WebSite","@id":"https:\/\/elfsight.com\/de\/#website","url":"https:\/\/elfsight.com\/de\/","name":"Elfsight DE","description":"Just another Elfsight Sites site","potentialAction":[{"@type":"SearchAction","target":{"@type":"EntryPoint","urlTemplate":"https:\/\/elfsight.com\/de\/?s={search_term_string}"},"query-input":{"@type":"PropertyValueSpecification","valueRequired":true,"valueName":"search_term_string"}}],"inLanguage":"de"}]}},"meta_box":{"industry":"","seo_heading":"","heading":"","description":"","cta_heading":"","cta_description":"","application":"484","h1":"So f\u00fcgen Sie eine PDF-Datei zu einer Facebook-Seite hinzu","h1_caption":"Betten Sie PDF-Dokumente in Ihre Website ein, um sie einfach anzuzeigen und herunterzuladen, ohne Besucher m\u00fchelos auf die Website Ihrer Facebook-Seite umzuleiten.","application_category":[],"applications_title":"","applications_request_title":"","applications_request_button_text":"","hero_text":"","hero_video":"","hero_video_schema_markup":"","selling_points_title":"","selling_points_caption":"","selling_points":[],"selling_points_cta_text":"","features_title":"","features":"","ed_cta_examples_text":"","ed_cta_examples_hidden":"","ed_cta_demo_text":"","ed_cta_demo_hidden":"","why_caption":"","why_editor_title":"","why_editor_text":"","why_team_title":"","why_team_text":"","why_service_title":"","why_service_text":"","template_catalog_visible":"0","template_catalog_title":"","template_catalog_text":"","template_catalog_categories_visible":"","demo_title":"Erstellen Sie Ihr PDF-Einbettungs-Widget","demo_caption":"Konfigurieren Sie Ihre PDF-Einbettung und f\u00fcgen Sie sie kostenlos Ihrer Facebook-Seite hinzu!","default_faq_hidden":"","app_template_category":[],"platform":"216","template_public_id":"","codecanyon_url":"","codecanyon_item_id":"","codecanyon_price":"","pricing_caption":"","pricing_elfsight_apps_hide_column":"","pricing_elfsight_apps_url":"","pricing_codecanyon_price_caption":"","integration_category":[],"integration_request_title":"","integration_request_cta":"","integration_platform":"","integrations":[],"platform_category":[],"video_schema_markup":"","price":"ab 0 $ \/ Monat","trial":"","benefits":[{"text":"Kostenloser Installationsservice"},{"text":"Erfahrener Kundensupport"},{"text":"14-t\u00e4gige Geld-zur\u00fcck-Garantie"},{"text":"Fortlaufende Entwicklung"}],"button_url":"#demo","button_target_blank":"0","button_nofollow":"0","attributes":[{"name":"Installiert","content":"10,000 - 100,000"},{"name":"Reaktionsfreudig","content":"Ja"},{"name":"Kompatible Browser","content":"Opera, Chrome, Safari, Edge, Firefox"}],"tags":[],"tags_disable_links":"0","hide_more_platforms":"0","video_object":"","demo_hide_cta":"0","demo_hide_cloud_options":"0","pricing_title":"","pricing":[{"pricing_icon":"platform","pricing_title":"Elfsight Apps","pricing_title_caption":"Multiplattform-Version, die auf jeder Website funktioniert","pricing_price":"ab 0 $ \/ Monat","pricing_price_caption":"Beginnen Sie mit einem kostenlosen Plan","pricing_benefits":[{"text":"Unbegrenzte Domains"},{"text":"Professionelle und p\u00fcnktliche Unterst\u00fctzung"},{"text":"Kostenloser Installationssupport"},{"text":"Flexibles Design"}],"pricing_button_text":"Zur Website hinzuf\u00fcgen","pricing_button_url":"#demo"}],"related_apps_title":"","related_apps_hidden":"0","author":"","image":[],"title":"","job":"","social_networks":[]},"_links":{"self":[{"href":"https:\/\/elfsight.com\/de\/wp-json\/wp\/v2\/pages\/9500","targetHints":{"allow":["GET"]}}],"collection":[{"href":"https:\/\/elfsight.com\/de\/wp-json\/wp\/v2\/pages"}],"about":[{"href":"https:\/\/elfsight.com\/de\/wp-json\/wp\/v2\/types\/page"}],"author":[{"embeddable":true,"href":"https:\/\/elfsight.com\/de\/wp-json\/wp\/v2\/users\/9"}],"replies":[{"embeddable":true,"href":"https:\/\/elfsight.com\/de\/wp-json\/wp\/v2\/comments?post=9500"}],"version-history":[{"count":4,"href":"https:\/\/elfsight.com\/de\/wp-json\/wp\/v2\/pages\/9500\/revisions"}],"predecessor-version":[{"id":24735,"href":"https:\/\/elfsight.com\/de\/wp-json\/wp\/v2\/pages\/9500\/revisions\/24735"}],"up":[{"embeddable":true,"href":"https:\/\/elfsight.com\/de\/wp-json\/wp\/v2\/pages\/2114"}],"wp:attachment":[{"href":"https:\/\/elfsight.com\/de\/wp-json\/wp\/v2\/media?parent=9500"}],"curies":[{"name":"wp","href":"https:\/\/api.w.org\/{rel}","templated":true}]}}