{"id":9499,"date":"1970-01-01T00:00:00","date_gmt":"1970-01-01T00:00:00","guid":{"rendered":"https:\/\/elfsight.com\/de\/?page_id=9499"},"modified":"2025-07-09T14:08:22","modified_gmt":"2025-07-09T14:08:22","slug":"woocommerce","status":"publish","type":"page","link":"https:\/\/elfsight.com\/de\/pdf-embed-widget\/woocommerce\/","title":{"rendered":"PDF Embed &#8211; WooCommerce"},"content":{"rendered":"<div class=\"application-platform-content-item- application-platform-content-item\" id=\"\" data-nav-section=\"\"><h2>Beschreibung<\/h2><p>Mit dem Elfsight PDF Embed-Tool k\u00f6nnen Sie zahlreiche PDF-Dokumente bequem und schnell in die Seiten Ihrer Website einf\u00fcgen. Zur Vereinfachung f\u00fcr den Benutzer k\u00f6nnen Dokumente durch Hochladen, Eingeben ihrer URLs oder durch Auswahl der zuletzt hochgeladenen Dokumente eingebettet werden. Sie k\u00f6nnen jedem Dokument einen Namen geben, Ihr eigenes Symbol und Bild hochladen, das Dateilayout ausw\u00e4hlen und vieles mehr. Website-Besucher k\u00f6nnen die Dateien direkt auf der Seite studieren, in einem neuen Browser-Tab ansehen und herunterladen. <\/p><p><b>Verwenden Sie PDF Embed, um Ihre E-Commerce-Herausforderungen zu meistern!<\/b><\/p><div class=\"faq\" data-component=\"FAQ\"><div class=\"faq-item\">\r\n\t\t\t\t\t<div class=\"faq-item-question\">\r\n\t\t\t\t\t\t<h3 class=\"faq-item-question-text\">Wie kann ich Ein PDF-Widget zur WooCommerce-Site hinzuf\u00fcgen? <\/h3>\r\n\r\n\t\t\t\t\t\t<div class=\"faq-item-question-icon\"><\/div>\r\n\t\t\t\t\t<\/div>\r\n\r\n\t\t\t\t\t<div class=\"faq-item-answer\">\r\n\t\t\t\t\t\t<div class=\"faq-item-answer-text\"><p>Die Erstellung des Tools erfolgt auf den Elfsight-Seiten und es ist kein Code erforderlich. Wenden Sie die aktive Demo an, um Ihre App anzupassen, rufen Sie den Code ab und f\u00fcgen Sie ihn in Ihre Website ein. <\/p><\/div>\r\n\t\t\t\t\t<\/div>\r\n\t\t\t\t<\/div><div class=\"faq-item\">\r\n\t\t\t\t\t<div class=\"faq-item-question\">\r\n\t\t\t\t\t\t<h3 class=\"faq-item-question-text\">Die besten Anwendungsbeispiele f\u00fcr die PDF-Viewer-Integration<\/h3>\r\n\r\n\t\t\t\t\t\t<div class=\"faq-item-question-icon\"><\/div>\r\n\t\t\t\t\t<\/div>\r\n\r\n\t\t\t\t\t<div class=\"faq-item-answer\">\r\n\t\t\t\t\t\t<div class=\"faq-item-answer-text\"><p>Wir bieten unz\u00e4hlige Anpassungsm\u00f6glichkeiten: Widgets in voller Gr\u00f6\u00dfe zum Hinzuf\u00fcgen in den Inhaltsbereich, schwebend Plugins mit Scrollm\u00f6glichkeiten, Layouts f\u00fcr die Fu\u00dfzeile Ihrer Website, den Kopfbereich und alle m\u00f6glichen vertikalen M\u00f6glichkeiten f\u00fcr Seitenleisten und Men\u00fcs. <\/p><\/div>\r\n\t\t\t\t\t<\/div>\r\n\t\t\t\t<\/div><div class=\"faq-item\">\r\n\t\t\t\t\t<div class=\"faq-item-question\">\r\n\t\t\t\t\t\t<h3 class=\"faq-item-question-text\">Gibt es eine Option zum Erstellen eines Produkthandbuchs oder eines Forschungs-PDF-Viewers mit Hilfe Ihres Editors? <\/h3>\r\n\r\n\t\t\t\t\t\t<div class=\"faq-item-question-icon\"><\/div>\r\n\t\t\t\t\t<\/div>\r\n\r\n\t\t\t\t\t<div class=\"faq-item-answer\">\r\n\t\t\t\t\t\t<div class=\"faq-item-answer-text\"><p>Sie k\u00f6nnen gerne beliebige Widgets erstellen Modifikationen. Im Editor steht eine gro\u00dfe Auswahl an Layouts zur Verf\u00fcgung, die alle ganz einfach an Ihre Bed\u00fcrfnisse angepasst werden k\u00f6nnen. <\/p><\/div>\r\n\t\t\t\t\t<\/div>\r\n\t\t\t\t<\/div><\/div><\/div> <div class=\"application-platform-content-item-features application-platform-content-item\" id=\"features\" data-nav-section=\"features\"><h2>Wir bieten praktische und einfache Funktionen, hier sind einige davon:<\/h2><ul><li> Beliebig viele Dokumente einbetten; <\/li><li>Datei-Viewer-Layoutoption zum Lesen von Dokumenten auf der Seite; <\/li><li>Bilder f\u00fcr Symbole und Vorschauen hochladen; <\/li><li>Eine M\u00f6glichkeit, den Text des Download-Dokuments anzuzeigen oder auszuschalten; <\/li><li> Farbe 6 Schnittstellenelemente; <\/li><\/ul><p><a href=\"#demo\">Untersuchen Sie alle Personalisierungsfunktionen in einer voll funktionsf\u00e4higen Demo<\/a><\/p><\/div><div class=\"application-platform-content-item-installation application-platform-content-item\" id=\"installation\" data-nav-section=\"installation\"><h2>Wie bette ich den PDF Viewer in meine WooCommerce-Website ein?<\/h2><p>F\u00fchren Sie einfach die folgenden Richtlinien aus, um das Tool zu aktivieren.<\/p><ol><li><b>Verwalten Sie unseren kostenlosen Konfigurator und beginnen Sie mit der Erstellung Ihres Angepasstes Plugin.<\/b><br>Geben Sie die bevorzugte Schnittstelle und Aspekte des Plugins an und wenden Sie die \u00c4nderungen an.<\/li><li><b>Kopieren Sie den eindeutigen Code, der im Fenster von Elfsight Apps angezeigt wird.<\/b><br>Sobald die Einrichtung Ihres pers\u00f6nlichen Widgets abgeschlossen ist, kopieren Sie den pers\u00f6nlichen Code im erscheinenden Fenster und bewahren Sie ihn zur sp\u00e4teren Verwendung auf.<\/li><li><b>Beginnen Sie mit der Verwendung des Widgets auf der WooCommerce-Website.<\/b><br>Geben Sie den k\u00fcrzlich in Ihre Website kopierten Code ein und speichern Sie die \u00c4nderungen.<\/li><li><b>Fertig! Die Einbettung wurde erfolgreich abgeschlossen.<\/b><br>Gehen Sie auf Ihre Website, um sich die Funktionsweise des Plugins anzusehen.<\/li><\/ol><p>Sollten Sie auf Komplikationen sto\u00dfen, k\u00f6nnen Sie sich gerne an unser Kundendienstteam wenden. Unsere Mitarbeiter helfen Ihnen gerne bei allen Schwierigkeiten, die Sie mit dem Produkt haben k\u00f6nnten.<\/p><\/div>","protected":false},"excerpt":{"rendered":"","protected":false},"author":9,"featured_media":0,"parent":2114,"menu_order":0,"comment_status":"closed","ping_status":"closed","template":"templates\/template-application-platform.php","meta":{"publish_to_discourse":"","publish_post_category":"","wpdc_auto_publish_overridden":"","wpdc_topic_tags":"","wpdc_pin_topic":"","wpdc_pin_until":"","discourse_post_id":"","discourse_permalink":"","wpdc_publishing_response":"","wpdc_publishing_error":"","footnotes":""},"class_list":["post-9499","page","type-page","status-publish","hentry"],"yoast_head":"<!-- This site is optimized with the Yoast SEO plugin v25.3.1 - https:\/\/yoast.com\/wordpress\/plugins\/seo\/ -->\n<title>WooCommerce PDF Viewer &amp; Embedder-Plugin f\u00fcr Ihre Website (2025)<\/title>\n<meta name=\"description\" content=\"Sie k\u00f6nnen das benutzerdefinierte PDF Viewer &amp; Embedder-Plugin jetzt anpassen und es direkt \u00fcber die Live-Demo zu Ihrer WooCommerce-Website hinzuf\u00fcgen.\" \/>\n<meta name=\"robots\" content=\"index, follow, max-snippet:-1, max-image-preview:large, max-video-preview:-1\" \/>\n<link rel=\"canonical\" href=\"https:\/\/elfsight.com\/de\/pdf-embed-widget\/woocommerce\/\" \/>\n<meta property=\"og:locale\" content=\"de_DE\" \/>\n<meta property=\"og:type\" content=\"article\" \/>\n<meta property=\"og:title\" content=\"WooCommerce PDF Viewer &amp; Embedder-Plugin f\u00fcr Ihre Website (2025)\" \/>\n<meta property=\"og:description\" content=\"Sie k\u00f6nnen das benutzerdefinierte PDF Viewer &amp; Embedder-Plugin jetzt anpassen und es direkt \u00fcber die Live-Demo zu Ihrer WooCommerce-Website hinzuf\u00fcgen.\" \/>\n<meta property=\"og:url\" content=\"https:\/\/elfsight.com\/de\/pdf-embed-widget\/woocommerce\/\" \/>\n<meta property=\"og:site_name\" content=\"Elfsight DE\" \/>\n<meta property=\"article:modified_time\" content=\"2025-07-09T14:08:22+00:00\" \/>\n<meta name=\"twitter:card\" content=\"summary_large_image\" \/>\n<meta name=\"twitter:label1\" content=\"Gesch\u00e4tzte Lesezeit\" \/>\n\t<meta name=\"twitter:data1\" content=\"3\u00a0Minuten\" \/>\n<!-- \/ Yoast SEO plugin. -->","yoast_head_json":{"title":"WooCommerce PDF Viewer & Embedder-Plugin f\u00fcr Ihre Website (2025)","description":"Sie k\u00f6nnen das benutzerdefinierte PDF Viewer & Embedder-Plugin jetzt anpassen und es direkt \u00fcber die Live-Demo zu Ihrer WooCommerce-Website hinzuf\u00fcgen.","robots":{"index":"index","follow":"follow","max-snippet":"max-snippet:-1","max-image-preview":"max-image-preview:large","max-video-preview":"max-video-preview:-1"},"canonical":"https:\/\/elfsight.com\/de\/pdf-embed-widget\/woocommerce\/","og_locale":"de_DE","og_type":"article","og_title":"WooCommerce PDF Viewer & Embedder-Plugin f\u00fcr Ihre Website (2025)","og_description":"Sie k\u00f6nnen das benutzerdefinierte PDF Viewer & Embedder-Plugin jetzt anpassen und es direkt \u00fcber die Live-Demo zu Ihrer WooCommerce-Website hinzuf\u00fcgen.","og_url":"https:\/\/elfsight.com\/de\/pdf-embed-widget\/woocommerce\/","og_site_name":"Elfsight DE","article_modified_time":"2025-07-09T14:08:22+00:00","twitter_card":"summary_large_image","twitter_misc":{"Gesch\u00e4tzte Lesezeit":"3\u00a0Minuten"},"schema":{"@context":"https:\/\/schema.org","@graph":[{"@type":"WebPage","@id":"https:\/\/elfsight.com\/de\/pdf-embed-widget\/woocommerce\/","url":"https:\/\/elfsight.com\/de\/pdf-embed-widget\/woocommerce\/","name":"WooCommerce PDF Viewer & Embedder-Plugin f\u00fcr Ihre Website (2025)","isPartOf":{"@id":"https:\/\/elfsight.com\/de\/#website"},"datePublished":"1970-01-01T00:00:00+00:00","dateModified":"2025-07-09T14:08:22+00:00","description":"Sie k\u00f6nnen das benutzerdefinierte PDF Viewer & Embedder-Plugin jetzt anpassen und es direkt \u00fcber die Live-Demo zu Ihrer WooCommerce-Website hinzuf\u00fcgen.","breadcrumb":{"@id":"https:\/\/elfsight.com\/de\/pdf-embed-widget\/woocommerce\/#breadcrumb"},"inLanguage":"de","potentialAction":[{"@type":"ReadAction","target":["https:\/\/elfsight.com\/de\/pdf-embed-widget\/woocommerce\/"]}]},{"@type":"BreadcrumbList","@id":"https:\/\/elfsight.com\/de\/pdf-embed-widget\/woocommerce\/#breadcrumb","itemListElement":[{"@type":"ListItem","position":1,"name":"Home","item":"https:\/\/elfsight.com\/de\/"},{"@type":"ListItem","position":2,"name":"PDF Embed","item":"https:\/\/elfsight.com\/de\/pdf-embed-widget\/"},{"@type":"ListItem","position":3,"name":"PDF Embed &#8211; WooCommerce"}]},{"@type":"WebSite","@id":"https:\/\/elfsight.com\/de\/#website","url":"https:\/\/elfsight.com\/de\/","name":"Elfsight DE","description":"Just another Elfsight Sites site","potentialAction":[{"@type":"SearchAction","target":{"@type":"EntryPoint","urlTemplate":"https:\/\/elfsight.com\/de\/?s={search_term_string}"},"query-input":{"@type":"PropertyValueSpecification","valueRequired":true,"valueName":"search_term_string"}}],"inLanguage":"de"}]}},"meta_box":{"industry":"","seo_heading":"","heading":"","description":"","cta_heading":"","cta_description":"","application":"484","h1":"WooCommerce PDF Viewer-Plugin","h1_caption":"Betten Sie PDF-Dokumente in Ihre Website ein, um sie einfach anzuzeigen und herunterzuladen, ohne Besucher m\u00fchelos auf Ihre WooCommerce-Website umzuleiten.","application_category":[],"applications_title":"","applications_request_title":"","applications_request_button_text":"","hero_text":"","hero_video":"","hero_video_schema_markup":"","selling_points_title":"","selling_points_caption":"","selling_points":[],"selling_points_cta_text":"","features_title":"","features":"","ed_cta_examples_text":"","ed_cta_examples_hidden":"","ed_cta_demo_text":"","ed_cta_demo_hidden":"","why_caption":"","why_editor_title":"","why_editor_text":"","why_team_title":"","why_team_text":"","why_service_title":"","why_service_text":"","template_catalog_visible":"","template_catalog_title":"","template_catalog_text":"","template_catalog_categories_visible":"","demo_title":"Erstellen Sie Ihre PDF-Einbettungs-App","demo_caption":"Konfigurieren Sie Ihre PDF-Einbettung und f\u00fcgen Sie sie kostenlos zu Ihrer WooCommerce-Website hinzu!","default_faq_hidden":"","app_template_category":[],"platform":"200","template_public_id":"","codecanyon_url":"","codecanyon_item_id":"","codecanyon_price":"","pricing_caption":"","pricing_elfsight_apps_hide_column":"","pricing_elfsight_apps_url":"","pricing_codecanyon_price_caption":"","integration_category":[],"integration_request_title":"","integration_request_cta":"","integration_platform":"","integrations":[],"platform_category":[],"video_schema_markup":"","price":"ab 0 $ \/ Monat","trial":"","benefits":[{"text":"Professioneller Kundenservice"},{"text":"Kostenlose Installationshilfe"},{"text":"14-t\u00e4gige Geld-zur\u00fcck-Garantie"},{"text":"Fortlaufende Entwicklung"}],"button_url":"#demo","button_target_blank":"","button_nofollow":"","attributes":[{"name":"Installiert","content":"10,000 - 100,000"},{"name":"Reaktionsfreudig","content":"Ja"},{"name":"Kompatible Browser","content":"Firefox, Safari, Opera, Chrome, Edge"}],"tags":[],"tags_disable_links":"","hide_more_platforms":"","video_object":"","demo_hide_cta":"","demo_hide_cloud_options":"","pricing_title":"","pricing":[{"pricing_icon":"platform","pricing_title":"Elfsight Apps","pricing_title_caption":"Plattformunabh\u00e4ngige Software, die auf jeder Website funktioniert","pricing_price":"ab 0 $ \/ Monat","pricing_price_caption":"Beginnen Sie mit einem kostenlosen Plan","pricing_benefits":[{"text":"Unbegrenzte Websites"},{"text":"Kundensupport rund um die Uhr"},{"text":"Kostenlose Installationshilfe"},{"text":"Flexibles Design"}],"pricing_button_text":"Zur Website hinzuf\u00fcgen","pricing_button_url":"#demo"}],"related_apps_title":"","related_apps_hidden":"","author":"","image":[],"title":"","job":"","social_networks":[]},"_links":{"self":[{"href":"https:\/\/elfsight.com\/de\/wp-json\/wp\/v2\/pages\/9499","targetHints":{"allow":["GET"]}}],"collection":[{"href":"https:\/\/elfsight.com\/de\/wp-json\/wp\/v2\/pages"}],"about":[{"href":"https:\/\/elfsight.com\/de\/wp-json\/wp\/v2\/types\/page"}],"author":[{"embeddable":true,"href":"https:\/\/elfsight.com\/de\/wp-json\/wp\/v2\/users\/9"}],"replies":[{"embeddable":true,"href":"https:\/\/elfsight.com\/de\/wp-json\/wp\/v2\/comments?post=9499"}],"version-history":[{"count":2,"href":"https:\/\/elfsight.com\/de\/wp-json\/wp\/v2\/pages\/9499\/revisions"}],"predecessor-version":[{"id":21075,"href":"https:\/\/elfsight.com\/de\/wp-json\/wp\/v2\/pages\/9499\/revisions\/21075"}],"up":[{"embeddable":true,"href":"https:\/\/elfsight.com\/de\/wp-json\/wp\/v2\/pages\/2114"}],"wp:attachment":[{"href":"https:\/\/elfsight.com\/de\/wp-json\/wp\/v2\/media?parent=9499"}],"curies":[{"name":"wp","href":"https:\/\/api.w.org\/{rel}","templated":true}]}}