{"id":9497,"date":"1970-01-01T00:00:00","date_gmt":"1970-01-01T00:00:00","guid":{"rendered":"https:\/\/elfsight.com\/de\/?page_id=9497"},"modified":"2025-03-23T18:27:59","modified_gmt":"2025-03-23T18:27:59","slug":"google-sites","status":"publish","type":"page","link":"https:\/\/elfsight.com\/de\/pdf-embed-widget\/google-sites\/","title":{"rendered":"PDF Embed &#8211; Google Sites"},"content":{"rendered":"\n<div class=\"application-platform-content-item-description application-platform-content-item\" id=\"description\" data-nav-section=\"description\"><h2>PDF mit dem Elfsight-Widget in Google Sites einbetten<\/h2> <p>Viel Spa\u00df mit der Hilfe von Elfsight PDF Embed f\u00fcr Google Sites die einfachste Integration Ihrer PDF-Dateien in die Website. Der Einfachheit halber k\u00f6nnen Dokumente eingebettet werden, indem Sie sie einfach hochladen, anhand der URLs oder durch Auswahl der zuletzt hochgeladenen Dokumente. Es steht Ihnen frei, jeder Datei einen eigenen Namen zu geben, ein benutzerdefiniertes Symbol oder Bild hochzuladen, eine Dateilayoutvariante auszuw\u00e4hlen und vieles mehr. Das Website-Publikum kann die Dokumente direkt auf Ihrer Website \u00fcberpr\u00fcfen, in einem neuen Tab \u00f6ffnen und herunterladen. <\/p> <p><b>Sehen Sie mit PDF Embed ein solides Gesch\u00e4ftswachstum und bessere Ums\u00e4tze <\/b><\/p> <\/div> <div class=\"application-platform-content-item-features application-platform-content-item\" id=\"features\" data-nav-section=\"features\"> <h2>Dies sind nur einige davon Umfangreiche Widget-Funktionen: <\/h2> <ul><li>Unbegrenzt viele Dokumente integrieren; <\/li> <li>Datei-Viewer-Layoutvariante zum Anzeigen von Dokumenten auf der Website; <\/li> <li>Bilder f\u00fcr Symbole und Vorschauen hochladen; <\/li> <li>Download-Dateitext anzeigen oder entfernen; <\/li> <li> W\u00e4hlen Sie benutzerdefinierte Farben f\u00fcr sechs Schnittstellendetails. <\/li> <\/ul><p><a href=\"#demo\">Sie k\u00f6nnen testen, ob das Widget die Demo bietet<\/a><\/p> <\/div> <div class=\"application-platform-content-item-installation application-platform-content-item\" id=\"installation\" data-nav-section=\"installation\"> <h2>Wie kann ich PDF Embed zu meiner Google Sites-Website hinzuf\u00fcgen? <\/h2> <p>F\u00fchren Sie einfach die unten aufgef\u00fchrten Schritte aus, um mit der Arbeit mit dem Widget zu beginnen. <\/p> <ol><li><b>F\u00fchren Sie unsere kostenlose Demo durch und beginnen Sie mit der Erstellung Ihres ma\u00dfgeschneiderten Widgets. <\/b><br> Bestimmen Sie das ausgew\u00e4hlte Aussehen und die Aspekte des Plugins und speichern Sie die \u00c4nderungen. <\/li> <li><b>Kopieren Sie Ihren individuellen Code, der im Fenster von Elfsight Apps angezeigt wird. <\/b><br> Kopieren Sie unmittelbar nach der Anpassung Ihres pers\u00f6nlichen Widgets den exklusiven Code aus dem angezeigten Feld und speichern Sie ihn f\u00fcr den sp\u00e4teren Bedarf. <\/li> <li><b>Geben Sie die Verwendung des Plugins auf der Google Sites-Website ein. <\/b><br> Betten Sie den Code, den Sie k\u00fcrzlich kopiert haben, in Ihre Homepage ein und speichern Sie die Anpassungen. <\/li> <li><b>Du bist fertig! Die Einrichtung ist erfolgreich abgeschlossen. <\/b><br> Besuchen Sie Ihre Website, um zu \u00fcberpr\u00fcfen, wie das Widget funktioniert. <\/li><\/ol> <div class=\"tip-yellow tip\"><b>Aufgrund der Besonderheiten der Google Sites-Funktion sieht das Widget m\u00f6glicherweise anders aus als die Online-Demo. Wir entschuldigen uns f\u00fcr etwaige Unannehmlichkeiten.<\/b><\/div><p>Sollten Sie auf Schwierigkeiten sto\u00dfen, z\u00f6gern Sie nicht, sich an unser Kundendienstteam zu wenden. Unsere Spezialisten helfen Ihnen gerne bei allen Fragen rund um das Plugin weiter. <\/p> <div class=\"faq\" data-component=\"FAQ\"><div class=\"faq-item\">\r\n\t\t\t\t\t<div class=\"faq-item-question\">\r\n\t\t\t\t\t\t<h3 class=\"faq-item-question-text\">Wie ist es m\u00f6glich, PDF Embed ohne Programmiererfahrung in meine Google Sites einzubetten?<\/h3>\r\n\r\n\t\t\t\t\t\t<div class=\"faq-item-question-icon\"><\/div>\r\n\t\t\t\t\t<\/div>\r\n\r\n\t\t\t\t\t<div class=\"faq-item-answer\">\r\n\t\t\t\t\t\t<div class=\"faq-item-answer-text\"> <p>Elfsight bietet eine SaaS-L\u00f6sung, die es Benutzern erm\u00f6glicht, selbst eine PDF Embed-App zu erstellen, sehen Sie sich die einfachen Anweisungen an: Gehen Sie zum Online-Editor, um einen Nummernz\u00e4hler-Abschnitt zu erstellen, den Sie Ihrer Google Sites-Webseite hinzuf\u00fcgen m\u00f6chten. W\u00e4hlen Sie eine der vielen vorgefertigten Vorlagen aus und \u00e4ndern Sie die Einstellungen des Zahlenz\u00e4hlers, f\u00fcgen Sie Ihre Inhalte hinzu, \u00e4ndern Sie das Layout und die Farbe der Elemente \u2013 ganz ohne Programmierkenntnisse. Klicken Sie hier, um die Einstellungen, die Sie f\u00fcr PDF Viwer vorgenommen haben, zu speichern und den Code des Widgets f\u00fcr die Installation zu kopieren, der im Rahmen eines kostenlosen Plans m\u00fchelos in die Google Sites-Website eingebunden werden kann. Mit unserem benutzerfreundlichen Editor kann jeder Webbenutzer ein Zahlenz\u00e4hler-Widget erstellen und es m\u00fchelos seiner Google Sites-Startseite hinzuf\u00fcgen. Sie sollten kein kostenpflichtiges Abonnement abschlie\u00dfen oder Ihre Kartendaten angeben, um auf den Elfsight-Dienst zuzugreifen. Wenn Sie bei irgendeinem Schritt auf Probleme sto\u00dfen, wenden Sie sich bitte an unsere Mitarbeiter des technischen Supports.<\/p> <\/div>\r\n\t\t\t\t\t<\/div>\r\n\t\t\t\t<\/div> <\/div><\/div>\n","protected":false},"excerpt":{"rendered":"","protected":false},"author":9,"featured_media":0,"parent":2114,"menu_order":0,"comment_status":"closed","ping_status":"closed","template":"templates\/template-application-platform.php","meta":{"publish_to_discourse":"","publish_post_category":"","wpdc_auto_publish_overridden":"","wpdc_topic_tags":"","wpdc_pin_topic":"","wpdc_pin_until":"","discourse_post_id":"","discourse_permalink":"","wpdc_publishing_response":"","wpdc_publishing_error":"","footnotes":""},"class_list":["post-9497","page","type-page","status-publish","hentry"],"yoast_head":"<!-- This site is optimized with the Yoast SEO plugin v25.3.1 - https:\/\/yoast.com\/wordpress\/plugins\/seo\/ -->\n<title>PDF-Einbettung \u2013 PDF-Einbettungs-Widget zu Google Sites hinzuf\u00fcgen (2026)<\/title>\n<meta name=\"description\" content=\"Betten Sie eine responsive PDF-Embed-App in Ihre Google Sites-Website ein und erreichen Sie volles Vertrauen. Nutzen Sie die n\u00fctzliche Elfsight-Demo, um Ihr einzigartiges Werkzeug zu erstellen.\" \/>\n<meta name=\"robots\" content=\"index, follow, max-snippet:-1, max-image-preview:large, max-video-preview:-1\" \/>\n<link rel=\"canonical\" href=\"https:\/\/elfsight.com\/de\/pdf-embed-widget\/google-sites\/\" \/>\n<meta property=\"og:locale\" content=\"de_DE\" \/>\n<meta property=\"og:type\" content=\"article\" \/>\n<meta property=\"og:title\" content=\"PDF-Einbettung \u2013 PDF-Einbettungs-Widget zu Google Sites hinzuf\u00fcgen (2026)\" \/>\n<meta property=\"og:description\" content=\"Betten Sie eine responsive PDF-Embed-App in Ihre Google Sites-Website ein und erreichen Sie volles Vertrauen. Nutzen Sie die n\u00fctzliche Elfsight-Demo, um Ihr einzigartiges Werkzeug zu erstellen.\" \/>\n<meta property=\"og:url\" content=\"https:\/\/elfsight.com\/de\/pdf-embed-widget\/google-sites\/\" \/>\n<meta property=\"og:site_name\" content=\"Elfsight DE\" \/>\n<meta property=\"article:modified_time\" content=\"2025-03-23T18:27:59+00:00\" \/>\n<meta name=\"twitter:card\" content=\"summary_large_image\" \/>\n<meta name=\"twitter:label1\" content=\"Gesch\u00e4tzte Lesezeit\" \/>\n\t<meta name=\"twitter:data1\" content=\"3\u00a0Minuten\" \/>\n<!-- \/ Yoast SEO plugin. -->","yoast_head_json":{"title":"PDF-Einbettung \u2013 PDF-Einbettungs-Widget zu Google Sites hinzuf\u00fcgen (2026)","description":"Betten Sie eine responsive PDF-Embed-App in Ihre Google Sites-Website ein und erreichen Sie volles Vertrauen. Nutzen Sie die n\u00fctzliche Elfsight-Demo, um Ihr einzigartiges Werkzeug zu erstellen.","robots":{"index":"index","follow":"follow","max-snippet":"max-snippet:-1","max-image-preview":"max-image-preview:large","max-video-preview":"max-video-preview:-1"},"canonical":"https:\/\/elfsight.com\/de\/pdf-embed-widget\/google-sites\/","og_locale":"de_DE","og_type":"article","og_title":"PDF-Einbettung \u2013 PDF-Einbettungs-Widget zu Google Sites hinzuf\u00fcgen (2026)","og_description":"Betten Sie eine responsive PDF-Embed-App in Ihre Google Sites-Website ein und erreichen Sie volles Vertrauen. Nutzen Sie die n\u00fctzliche Elfsight-Demo, um Ihr einzigartiges Werkzeug zu erstellen.","og_url":"https:\/\/elfsight.com\/de\/pdf-embed-widget\/google-sites\/","og_site_name":"Elfsight DE","article_modified_time":"2025-03-23T18:27:59+00:00","twitter_card":"summary_large_image","twitter_misc":{"Gesch\u00e4tzte Lesezeit":"3\u00a0Minuten"},"schema":{"@context":"https:\/\/schema.org","@graph":[{"@type":"WebPage","@id":"https:\/\/elfsight.com\/de\/pdf-embed-widget\/google-sites\/","url":"https:\/\/elfsight.com\/de\/pdf-embed-widget\/google-sites\/","name":"PDF-Einbettung \u2013 PDF-Einbettungs-Widget zu Google Sites hinzuf\u00fcgen (2026)","isPartOf":{"@id":"https:\/\/elfsight.com\/de\/#website"},"datePublished":"1970-01-01T00:00:00+00:00","dateModified":"2025-03-23T18:27:59+00:00","description":"Betten Sie eine responsive PDF-Embed-App in Ihre Google Sites-Website ein und erreichen Sie volles Vertrauen. Nutzen Sie die n\u00fctzliche Elfsight-Demo, um Ihr einzigartiges Werkzeug zu erstellen.","breadcrumb":{"@id":"https:\/\/elfsight.com\/de\/pdf-embed-widget\/google-sites\/#breadcrumb"},"inLanguage":"de","potentialAction":[{"@type":"ReadAction","target":["https:\/\/elfsight.com\/de\/pdf-embed-widget\/google-sites\/"]}]},{"@type":"BreadcrumbList","@id":"https:\/\/elfsight.com\/de\/pdf-embed-widget\/google-sites\/#breadcrumb","itemListElement":[{"@type":"ListItem","position":1,"name":"Home","item":"https:\/\/elfsight.com\/de\/"},{"@type":"ListItem","position":2,"name":"PDF Embed","item":"https:\/\/elfsight.com\/de\/pdf-embed-widget\/"},{"@type":"ListItem","position":3,"name":"PDF Embed &#8211; Google Sites"}]},{"@type":"WebSite","@id":"https:\/\/elfsight.com\/de\/#website","url":"https:\/\/elfsight.com\/de\/","name":"Elfsight DE","description":"Just another Elfsight Sites site","potentialAction":[{"@type":"SearchAction","target":{"@type":"EntryPoint","urlTemplate":"https:\/\/elfsight.com\/de\/?s={search_term_string}"},"query-input":{"@type":"PropertyValueSpecification","valueRequired":true,"valueName":"search_term_string"}}],"inLanguage":"de"}]}},"meta_box":{"industry":"","seo_heading":"","heading":"","description":"","cta_heading":"","cta_description":"","application":"484","h1":"Google Sites PDF-Einbettungs-Widget","h1_caption":"Betten Sie PDF-Dokumente in Ihre Website ein, um sie einfach anzuzeigen und herunterzuladen, ohne Besucher m\u00fchelos auf Ihre Google Sites umzuleiten.","application_category":[],"applications_title":"","applications_request_title":"","applications_request_button_text":"","hero_text":"","hero_video":"","hero_video_schema_markup":"","selling_points_title":"","selling_points_caption":"","selling_points":[],"selling_points_cta_text":"","features_title":"","features":"","ed_cta_examples_text":"","ed_cta_examples_hidden":"","ed_cta_demo_text":"","ed_cta_demo_hidden":"","why_caption":"","why_editor_title":"","why_editor_text":"","why_team_title":"","why_team_text":"","why_service_title":"","why_service_text":"","template_catalog_visible":"0","template_catalog_title":"","template_catalog_text":"","template_catalog_categories_visible":"","demo_title":"Erstellen Sie Ihr PDF-Einbettungs-Widget","demo_caption":"Konfigurieren Sie Ihre PDF-Einbettung und f\u00fcgen Sie sie kostenlos zu Ihrer Google Sites-Website hinzu!","default_faq_hidden":"","app_template_category":[],"platform":"3000","template_public_id":"","codecanyon_url":"","codecanyon_item_id":"","codecanyon_price":"","pricing_caption":"","pricing_elfsight_apps_hide_column":"","pricing_elfsight_apps_url":"","pricing_codecanyon_price_caption":"","integration_category":[],"integration_request_title":"","integration_request_cta":"","integration_platform":"","integrations":[],"platform_category":[],"video_schema_markup":"","price":"ab 0 $ \/ Monat","trial":"","benefits":[{"text":"Kostenloser Installationsservice"},{"text":"Effektiver Kundenservice"},{"text":"14-t\u00e4gige Geld-zur\u00fcck-Garantie"},{"text":"Regelm\u00e4\u00dfige Verbesserungen"}],"button_url":"#demo","button_target_blank":"0","button_nofollow":"0","attributes":[{"name":"Installiert","content":"10,000 - 100,000"},{"name":"Reaktionsfreudig","content":"Vollst\u00e4ndig adaptiv"},{"name":"Kompatible Browser","content":"Chrome, Edge, Opera, Safari, Firefox"}],"tags":[],"tags_disable_links":"0","hide_more_platforms":"0","video_object":"","demo_hide_cta":"0","demo_hide_cloud_options":"0","pricing_title":"","pricing":[{"pricing_icon":"platform","pricing_title":"Elfsight Apps","pricing_title_caption":"Multiplattform-Version, die auf jeder Website funktioniert","pricing_price":"ab 0 $ \/ Monat","pricing_price_caption":"Beginnen Sie mit einem kostenlosen Plan","pricing_benefits":[{"text":"Unbegrenzte Websites"},{"text":"Erstklassiger und p\u00fcnktlicher Support"},{"text":"Kostenlose Installationsunterst\u00fctzung"},{"text":"Sonderpreis f\u00fcr mehrere Apps"}],"pricing_button_text":"Zur Website hinzuf\u00fcgen","pricing_button_url":"#demo"}],"related_apps_title":"","related_apps_hidden":"0","author":"","image":[],"title":"","job":"","social_networks":[]},"_links":{"self":[{"href":"https:\/\/elfsight.com\/de\/wp-json\/wp\/v2\/pages\/9497","targetHints":{"allow":["GET"]}}],"collection":[{"href":"https:\/\/elfsight.com\/de\/wp-json\/wp\/v2\/pages"}],"about":[{"href":"https:\/\/elfsight.com\/de\/wp-json\/wp\/v2\/types\/page"}],"author":[{"embeddable":true,"href":"https:\/\/elfsight.com\/de\/wp-json\/wp\/v2\/users\/9"}],"replies":[{"embeddable":true,"href":"https:\/\/elfsight.com\/de\/wp-json\/wp\/v2\/comments?post=9497"}],"version-history":[{"count":3,"href":"https:\/\/elfsight.com\/de\/wp-json\/wp\/v2\/pages\/9497\/revisions"}],"predecessor-version":[{"id":24972,"href":"https:\/\/elfsight.com\/de\/wp-json\/wp\/v2\/pages\/9497\/revisions\/24972"}],"up":[{"embeddable":true,"href":"https:\/\/elfsight.com\/de\/wp-json\/wp\/v2\/pages\/2114"}],"wp:attachment":[{"href":"https:\/\/elfsight.com\/de\/wp-json\/wp\/v2\/media?parent=9497"}],"curies":[{"name":"wp","href":"https:\/\/api.w.org\/{rel}","templated":true}]}}