{"id":9492,"date":"1970-01-01T00:00:00","date_gmt":"1970-01-01T00:00:00","guid":{"rendered":"https:\/\/elfsight.com\/de\/?page_id=9492"},"modified":"2025-03-23T18:25:21","modified_gmt":"2025-03-23T18:25:21","slug":"godaddy","status":"publish","type":"page","link":"https:\/\/elfsight.com\/de\/pdf-embed-widget\/godaddy\/","title":{"rendered":"PDF Embed &#8211; GoDaddy"},"content":{"rendered":"\n<div class=\"application-platform-content-item-description application-platform-content-item\" id=\"description\" data-nav-section=\"description\"> <h2>Beschreibung<\/h2> <p>Mit dem Elfsight PDF Embed-Plugin f\u00fcr GoDaddy k\u00f6nnen Sie zahlreiche PDF-Dokumente bequem und schnell einf\u00fcgen auf den Seiten Ihrer Website. Zur Vereinfachung f\u00fcr den Benutzer k\u00f6nnen Dokumente durch Hochladen, Eingeben ihrer URLs oder durch Auswahl der zuletzt hochgeladenen Dokumente eingebettet werden. Sie k\u00f6nnen jedem Dokument einen Namen geben, Ihr eigenes Symbol und Bild hochladen, das Dateilayout ausw\u00e4hlen und vieles mehr. Website-Besucher k\u00f6nnen die Dateien direkt auf der Seite studieren, sie in einem neuen Browser-Tab ansehen und herunterladen.<\/p> <p><b>Einfachere und schnellere Dateiintegration ohne Codierung!<\/b><\/p> <\/div> <div class=\"application-platform-content-item-features application-platform-content-item\" id=\"features\" data-nav-section=\"features\"> <h2>Hier finden Sie die grundlegenden Funktionen des Plugins: <\/h2> <ul><li>Beliebig viele Dokumente einbetten; <\/li> <li>Datei-Viewer-Layoutoption zum Lesen von Dokumenten auf der Seite; <\/li> <li>Bilder f\u00fcr Symbole und Vorschauen hochladen; <\/li> <li>Die Option zum Anzeigen oder Ausschalten von Dokumenttext herunterladen; <\/li> <li> Farbe 6 Schnittstellenelemente; <\/li> <\/ul><p><a href=\"#demo\">Probieren Sie alle Anpassungsoptionen in einer voll funktionsf\u00e4higen Demo aus<\/a><\/p> <\/div> <div class=\"application-platform-content-item-installation application-platform-content-item\" id=\"installation\" data-nav-section=\"installation\"> <h2>Wie bette ich PDF Embed auf meiner GoDaddy-Webseite ein? <\/h2> <p>F\u00fchren Sie einfach die folgenden Richtlinien aus, um das Tool einzubetten. <\/p> <ol><li><b>Verwalten Sie unseren kostenlosen Konfigurator und beginnen Sie mit der Erstellung Ihres individuellen Instruments. <\/b><br> Bestimmen Sie die gew\u00fcnschten Form- und Funktionsmerkmale des Plugins und speichern Sie die Korrekturen. <\/li> <li><b>Lassen Sie sich Ihren pers\u00f6nlichen Code in der Box von Elfsight Apps anzeigen. <\/b><br> Sobald die Einrichtung Ihres pers\u00f6nlichen Plugins abgeschlossen ist, kopieren Sie den exklusiven Code im angezeigten Fenster und speichern Sie ihn f\u00fcr den sp\u00e4teren Bedarf. <\/li> <li><b>Beginnen Sie mit der Anwendung des Tools auf Ihrer GoDaddy-Website. <\/b><br> F\u00fcgen Sie den zuvor gespeicherten Code in Ihre Seite ein und \u00fcbernehmen Sie die \u00c4nderungen. <\/li> <li><b>Die Installation ist vollst\u00e4ndig durchgef\u00fchrt. <\/b><br> Besuchen Sie Ihre Webseite, um zu sehen, wie das Tool funktioniert. <\/li><\/ol> <p>Wenn Sie Fragen haben oder auf Schwierigkeiten sto\u00dfen, z\u00f6gern Sie nicht, unseren Kundendienstmitarbeitern zu schreiben. Unsere Spezialisten sind bestrebt, alle Probleme zu l\u00f6sen, die Sie m\u00f6glicherweise mit dem Tool haben. <\/p> <div class=\"faq\" data-component=\"FAQ\"><div class=\"faq-item\">\r\n\t\t\t\t\t<div class=\"faq-item-question\">\r\n\t\t\t\t\t\t<h3 class=\"faq-item-question-text\">Wie kann ich PDF Viewer ohne Programmierkenntnisse in meinen GoDaddy einbetten?<\/h3>\r\n\r\n\t\t\t\t\t\t<div class=\"faq-item-question-icon\"><\/div>\r\n\t\t\t\t\t<\/div>\r\n\r\n\t\t\t\t\t<div class=\"faq-item-answer\">\r\n\t\t\t\t\t\t<div class=\"faq-item-answer-text\"> <p>Das Unternehmen Elfsight bietet eine SaaS-L\u00f6sung an, mit der Sie selbst ein PDF Embed-Widget erstellen k\u00f6nnen. Entdecken Sie es Die einfachen Schritte: Gehen Sie zur Online-Demo, um ein Zahlenz\u00e4hler-Widget zu erstellen, das Sie gerne auf der GoDaddy-Website sehen w\u00fcrden. W\u00e4hlen Sie eine der vorgefertigten Vorlagen aus und passen Sie die PDF Viewer-Einstellungen an, f\u00fcgen Sie Ihre Inhalte hinzu, \u00e4ndern Sie das Layout und das Farbschema ohne Programmierkenntnisse. Speichern Sie die Einstellungen, die Sie in PDF Embed vorgenommen haben, und kopieren Sie den Code f\u00fcr die Installation, der in die GoDaddy-Website eingebettet werden kann, ohne dass ein kostenpflichtiges Abonnement erworben werden muss. Mit unserem intuitiven Konfigurator kann jeder Webbenutzer online ein PDF Embed-Plugin erstellen und es problemlos zu jeder GoDaddy-Homepage hinzuf\u00fcgen. Es ist nicht erforderlich, ein kostenpflichtiges Abonnement abzuschlie\u00dfen oder Ihre Kartendaten offenzulegen, um unseren Service nutzen zu k\u00f6nnen. Sollten bei irgendeinem Schritt Probleme auftreten, k\u00f6nnen Sie sich gerne an unsere Support-Mitarbeiter wenden.<\/p> <\/div>\r\n\t\t\t\t\t<\/div>\r\n\t\t\t\t<\/div> <\/div><\/div>\n","protected":false},"excerpt":{"rendered":"","protected":false},"author":9,"featured_media":0,"parent":2114,"menu_order":0,"comment_status":"closed","ping_status":"closed","template":"templates\/template-application-platform.php","meta":{"publish_to_discourse":"","publish_post_category":"","wpdc_auto_publish_overridden":"","wpdc_topic_tags":"","wpdc_pin_topic":"","wpdc_pin_until":"","discourse_post_id":"","discourse_permalink":"","wpdc_publishing_response":"","wpdc_publishing_error":"","footnotes":""},"class_list":["post-9492","page","type-page","status-publish","hentry"],"yoast_head":"<!-- This site is optimized with the Yoast SEO plugin v25.3.1 - https:\/\/yoast.com\/wordpress\/plugins\/seo\/ -->\n<title>PDF Embed-Plugin \u2013 F\u00fcgen Sie das PDF Embed-Plugin zur GoDaddy-Website hinzu!<\/title>\n<meta name=\"description\" content=\"Erweitern Sie die Funktionalit\u00e4t Ihrer Website, indem Sie das PDF Embed-Plugin f\u00fcr Ihre GoDaddy-Website verwenden! Steigern Sie Ihr Gesch\u00e4ft in 1-2-3!\" \/>\n<meta name=\"robots\" content=\"index, follow, max-snippet:-1, max-image-preview:large, max-video-preview:-1\" \/>\n<link rel=\"canonical\" href=\"https:\/\/elfsight.com\/de\/pdf-embed-widget\/godaddy\/\" \/>\n<meta property=\"og:locale\" content=\"de_DE\" \/>\n<meta property=\"og:type\" content=\"article\" \/>\n<meta property=\"og:title\" content=\"PDF Embed-Plugin \u2013 F\u00fcgen Sie das PDF Embed-Plugin zur GoDaddy-Website hinzu!\" \/>\n<meta property=\"og:description\" content=\"Erweitern Sie die Funktionalit\u00e4t Ihrer Website, indem Sie das PDF Embed-Plugin f\u00fcr Ihre GoDaddy-Website verwenden! Steigern Sie Ihr Gesch\u00e4ft in 1-2-3!\" \/>\n<meta property=\"og:url\" content=\"https:\/\/elfsight.com\/de\/pdf-embed-widget\/godaddy\/\" \/>\n<meta property=\"og:site_name\" content=\"Elfsight DE\" \/>\n<meta property=\"article:modified_time\" content=\"2025-03-23T18:25:21+00:00\" \/>\n<meta name=\"twitter:card\" content=\"summary_large_image\" \/>\n<meta name=\"twitter:label1\" content=\"Gesch\u00e4tzte Lesezeit\" \/>\n\t<meta name=\"twitter:data1\" content=\"3\u00a0Minuten\" \/>\n<!-- \/ Yoast SEO plugin. -->","yoast_head_json":{"title":"PDF Embed-Plugin \u2013 F\u00fcgen Sie das PDF Embed-Plugin zur GoDaddy-Website hinzu!","description":"Erweitern Sie die Funktionalit\u00e4t Ihrer Website, indem Sie das PDF Embed-Plugin f\u00fcr Ihre GoDaddy-Website verwenden! Steigern Sie Ihr Gesch\u00e4ft in 1-2-3!","robots":{"index":"index","follow":"follow","max-snippet":"max-snippet:-1","max-image-preview":"max-image-preview:large","max-video-preview":"max-video-preview:-1"},"canonical":"https:\/\/elfsight.com\/de\/pdf-embed-widget\/godaddy\/","og_locale":"de_DE","og_type":"article","og_title":"PDF Embed-Plugin \u2013 F\u00fcgen Sie das PDF Embed-Plugin zur GoDaddy-Website hinzu!","og_description":"Erweitern Sie die Funktionalit\u00e4t Ihrer Website, indem Sie das PDF Embed-Plugin f\u00fcr Ihre GoDaddy-Website verwenden! Steigern Sie Ihr Gesch\u00e4ft in 1-2-3!","og_url":"https:\/\/elfsight.com\/de\/pdf-embed-widget\/godaddy\/","og_site_name":"Elfsight DE","article_modified_time":"2025-03-23T18:25:21+00:00","twitter_card":"summary_large_image","twitter_misc":{"Gesch\u00e4tzte Lesezeit":"3\u00a0Minuten"},"schema":{"@context":"https:\/\/schema.org","@graph":[{"@type":"WebPage","@id":"https:\/\/elfsight.com\/de\/pdf-embed-widget\/godaddy\/","url":"https:\/\/elfsight.com\/de\/pdf-embed-widget\/godaddy\/","name":"PDF Embed-Plugin \u2013 F\u00fcgen Sie das PDF Embed-Plugin zur GoDaddy-Website hinzu!","isPartOf":{"@id":"https:\/\/elfsight.com\/de\/#website"},"datePublished":"1970-01-01T00:00:00+00:00","dateModified":"2025-03-23T18:25:21+00:00","description":"Erweitern Sie die Funktionalit\u00e4t Ihrer Website, indem Sie das PDF Embed-Plugin f\u00fcr Ihre GoDaddy-Website verwenden! Steigern Sie Ihr Gesch\u00e4ft in 1-2-3!","breadcrumb":{"@id":"https:\/\/elfsight.com\/de\/pdf-embed-widget\/godaddy\/#breadcrumb"},"inLanguage":"de","potentialAction":[{"@type":"ReadAction","target":["https:\/\/elfsight.com\/de\/pdf-embed-widget\/godaddy\/"]}]},{"@type":"BreadcrumbList","@id":"https:\/\/elfsight.com\/de\/pdf-embed-widget\/godaddy\/#breadcrumb","itemListElement":[{"@type":"ListItem","position":1,"name":"Home","item":"https:\/\/elfsight.com\/de\/"},{"@type":"ListItem","position":2,"name":"PDF Embed","item":"https:\/\/elfsight.com\/de\/pdf-embed-widget\/"},{"@type":"ListItem","position":3,"name":"PDF Embed &#8211; GoDaddy"}]},{"@type":"WebSite","@id":"https:\/\/elfsight.com\/de\/#website","url":"https:\/\/elfsight.com\/de\/","name":"Elfsight DE","description":"Just another Elfsight Sites site","potentialAction":[{"@type":"SearchAction","target":{"@type":"EntryPoint","urlTemplate":"https:\/\/elfsight.com\/de\/?s={search_term_string}"},"query-input":{"@type":"PropertyValueSpecification","valueRequired":true,"valueName":"search_term_string"}}],"inLanguage":"de"}]}},"meta_box":{"industry":"","seo_heading":"","heading":"","description":"","cta_heading":"","cta_description":"","application":"484","h1":"GoDaddy PDF Embed-Plugin","h1_caption":"Betten Sie PDF-Dokumente m\u00fchelos in Ihre Website ein, um sie einfach anzuzeigen und herunterzuladen, ohne Besucher auf Ihre GoDaddy-Website umzuleiten.","application_category":[],"applications_title":"","applications_request_title":"","applications_request_button_text":"","hero_text":"","hero_video":"","hero_video_schema_markup":"","selling_points_title":"","selling_points_caption":"","selling_points":[],"selling_points_cta_text":"","features_title":"","features":"","ed_cta_examples_text":"","ed_cta_examples_hidden":"","ed_cta_demo_text":"","ed_cta_demo_hidden":"","why_caption":"","why_editor_title":"","why_editor_text":"","why_team_title":"","why_team_text":"","why_service_title":"","why_service_text":"","template_catalog_visible":"0","template_catalog_title":"","template_catalog_text":"","template_catalog_categories_visible":"","demo_title":"Erstellen Sie Ihr PDF-Einbettungs-Plugin","demo_caption":"Konfigurieren Sie Ihre PDF-Einbettung und f\u00fcgen Sie sie kostenlos Ihrer GoDaddy-Website hinzu!","default_faq_hidden":"","app_template_category":[],"platform":"241","template_public_id":"","codecanyon_url":"","codecanyon_item_id":"","codecanyon_price":"","pricing_caption":"","pricing_elfsight_apps_hide_column":"","pricing_elfsight_apps_url":"","pricing_codecanyon_price_caption":"","integration_category":[],"integration_request_title":"","integration_request_cta":"","integration_platform":"","integrations":[],"platform_category":[],"video_schema_markup":"","price":"ab 0 $ \/ Monat","trial":"","benefits":[{"text":"Kostenlose Installationsunterst\u00fctzung"},{"text":"Au\u00dfergew\u00f6hnlicher Support"},{"text":"14-t\u00e4gige R\u00fcckerstattungsgarantie"},{"text":"Fortlaufende Entwicklung"}],"button_url":"#demo","button_target_blank":"0","button_nofollow":"0","attributes":[{"name":"Installiert","content":"10,000 - 100,000"},{"name":"Reaktionsfreudig","content":"Ja"},{"name":"Kompatible Browser","content":"IE11, Firefox, Safari, Opera, Chrome, Edge"}],"tags":[],"tags_disable_links":"0","hide_more_platforms":"0","video_object":"","demo_hide_cta":"0","demo_hide_cloud_options":"0","pricing_title":"","pricing":[{"pricing_icon":"platform","pricing_title":"Elfsight Apps","pricing_title_caption":"Plattform\u00fcbergreifende digitale L\u00f6sung","pricing_price":"ab 0 $ \/ Monat","pricing_price_caption":"Beginnen Sie mit einem kostenlosen Plan","pricing_benefits":[{"text":"Unbegrenzte Websites"},{"text":"Schneller Kundensupport und gut dokumentiert"},{"text":"Kostenlose Installationshilfe"},{"text":"Vollst\u00e4ndig anpassbar"}],"pricing_button_text":"Zur Website hinzuf\u00fcgen","pricing_button_url":"#demo"}],"related_apps_title":"","related_apps_hidden":"0","author":"","image":[],"title":"","job":"","social_networks":[]},"_links":{"self":[{"href":"https:\/\/elfsight.com\/de\/wp-json\/wp\/v2\/pages\/9492","targetHints":{"allow":["GET"]}}],"collection":[{"href":"https:\/\/elfsight.com\/de\/wp-json\/wp\/v2\/pages"}],"about":[{"href":"https:\/\/elfsight.com\/de\/wp-json\/wp\/v2\/types\/page"}],"author":[{"embeddable":true,"href":"https:\/\/elfsight.com\/de\/wp-json\/wp\/v2\/users\/9"}],"replies":[{"embeddable":true,"href":"https:\/\/elfsight.com\/de\/wp-json\/wp\/v2\/comments?post=9492"}],"version-history":[{"count":3,"href":"https:\/\/elfsight.com\/de\/wp-json\/wp\/v2\/pages\/9492\/revisions"}],"predecessor-version":[{"id":24970,"href":"https:\/\/elfsight.com\/de\/wp-json\/wp\/v2\/pages\/9492\/revisions\/24970"}],"up":[{"embeddable":true,"href":"https:\/\/elfsight.com\/de\/wp-json\/wp\/v2\/pages\/2114"}],"wp:attachment":[{"href":"https:\/\/elfsight.com\/de\/wp-json\/wp\/v2\/media?parent=9492"}],"curies":[{"name":"wp","href":"https:\/\/api.w.org\/{rel}","templated":true}]}}