{"id":9491,"date":"1970-01-01T00:00:00","date_gmt":"1970-01-01T00:00:00","guid":{"rendered":"https:\/\/elfsight.com\/de\/?page_id=9491"},"modified":"2025-03-23T18:22:30","modified_gmt":"2025-03-23T18:22:30","slug":"prestashop","status":"publish","type":"page","link":"https:\/\/elfsight.com\/de\/pdf-embed-widget\/prestashop\/","title":{"rendered":"PDF Embed &#8211; PrestaShop"},"content":{"rendered":"\n<div class=\"application-platform-content-item-description application-platform-content-item\" id=\"description\" data-nav-section=\"description\"> <h2>Beschreibung<\/h2> <p>Mit dem Elfsight PDF Embed-Add-on erleben Sie das praktischste und unmittelbarste Einf\u00fcgen Ihrer PDF-Dokumente in die Seiten Ihres Webseite. F\u00fcr den Benutzerkomfort k\u00f6nnen Dokumente einfach durch Hochladen, \u00fcber ihre URLs oder durch Auswahl aus der Liste der zuletzt hochgeladenen Dokumente integriert werden. Mit den Funktionen k\u00f6nnen Sie jeder Datei einen Namen geben, Ihr eigenes Symbol und Bild hochladen, eine Dateilayoutvariante ausw\u00e4hlen und vieles mehr. Ihr Publikum kann die Dateien direkt auf der Website \u00fcberpr\u00fcfen, in einem neuen Browser-Tab ansehen und herunterladen. <\/p><p><b>F\u00fcgen Sie PDF Embed hinzu, um Ihre Gesch\u00e4ftsziele einfacher zu erreichen! <\/b><\/p> <\/div> <div class=\"application-platform-content-item-features application-platform-content-item\" id=\"features\" data-nav-section=\"features\"> <h2>Sehen Sie sich die Liste der wertvollsten Funktionen an: <\/h2> <ul><li>Betten Sie PDF-Dateien zum Herunterladen und Anzeigen ein <\/li><li>Unbegrenzt viele Dateien hinzuf\u00fcgen<\/li><li>Duplizieren, klonen, neu anordnen und l\u00f6schen<\/li><li>Einbetten per URL, durch Hochladen oder durch Auswahl der Datei aus den k\u00fcrzlich hochgeladenen Dateien<\/li><li>Option zur Eingabe des Dateinamens f\u00fcr die Anzeige <\/li><li>Drei Layouts enthalten: Raster, Datei-Viewer und Liste<\/li><li>Bildlauf, Zoom und Paginierung werden im Datei-Viewer-Layout unterst\u00fctzt<\/li><li>Option zum Anzeigen oder Bearbeiten von Download-Dateietiketten<\/li><li>Listen- und Rasterlayouts zum Anzeigen von Dateisymbolen und -namen<\/li><li>Umschaltbares Dateisymbol<\/li><li>Option zum Malen Dateisymbol<\/li><\/ul><p><a href=\"#demo\">Schauen Sie sich einfach diese Demo an, um einen vollst\u00e4ndigen \u00dcberblick zu erhalten<\/a><\/p> <\/div> <div class=\"application-platform-content-item-installation application-platform-content-item\" id=\"installation\" data-nav-section=\"installation\"> <h2>Wie kann ich PDF Embed zu meiner PrestaShop-Site hinzuf\u00fcgen? <\/h2> <p>F\u00fchren Sie einfach die unten beschriebenen Schritte aus, um das Tool einzubetten. <\/p> <ol><li><b>F\u00fchren Sie unseren kostenlosen Konfigurator aus und beginnen Sie mit der Zusammenstellung Ihres ma\u00dfgeschneiderten Add-ons. <\/b><br> W\u00e4hlen Sie die passende Form und Eigenschaften des Werkzeugs und wenden Sie die \u00c4nderungen an. <\/li> <li><b>Holen Sie sich den pers\u00f6nlichen Code, der im speziellen Formular auf Elfsight Apps erscheint. <\/b><br> Wenn die Erstellung Ihres Add-ons abgeschlossen ist, kopieren Sie den exklusiven Code aus dem angezeigten Fenster und bewahren Sie ihn f\u00fcr eine sp\u00e4tere Gelegenheit auf. <\/li> <li><b>Initiieren Sie die Nutzung des Tools auf Ihrer PrestaShop-Site. <\/b><br> F\u00fcgen Sie den zuvor gespeicherten Code in Ihre Homepage ein und wenden Sie die Verbesserungen an. <\/li> <li><b>Das Setup ist vollst\u00e4ndig abgeschlossen. <\/b><br> Gehen Sie auf Ihre Seite, um zu sehen, wie das Tool funktioniert. <\/li><\/ol> <p>Wenn Sie Fragen bearbeiten oder auf Schwierigkeiten sto\u00dfen, wenden Sie sich bitte an unser Kundendienstteam. Unsere Mitarbeiter werden sich freuen, alle Probleme zu l\u00f6sen, die Sie mit dem Produkt haben k\u00f6nnten. <\/p> <div class=\"faq\" data-component=\"FAQ\"><div class=\"faq-item\">\r\n\t\t\t\t\t<div class=\"faq-item-question\">\r\n\t\t\t\t\t\t<h3 class=\"faq-item-question-text\">Wie kann ich PDF Embed ohne Programmierkenntnisse in meine PrestaShop-Webseite einbetten?<\/h3>\r\n\r\n\t\t\t\t\t\t<div class=\"faq-item-question-icon\"><\/div>\r\n\t\t\t\t\t<\/div>\r\n\r\n\t\t\t\t\t<div class=\"faq-item-answer\">\r\n\t\t\t\t\t\t<div class=\"faq-item-answer-text\"> <p>Elfsight bietet eine SaaS-L\u00f6sung, mit der Benutzer selbst einen PDF Viewer-Bereich erstellen und die einfachen Schritte entdecken k\u00f6nnen: Gehen Sie zum Live-Editor, um ein PDF Embed-Plugin zu erstellen, das Sie gerne in Ihrem PrestaShop sehen w\u00fcrden. W\u00e4hlen Sie eine der vorgefertigten Vorlagen aus und \u00e4ndern Sie die Einstellungen des Zahlenz\u00e4hlers, \u00e4ndern Sie das Layout und das Farbschema und aktualisieren Sie Ihre Inhalte, ohne Programmierkenntnisse. Speichern Sie den PDF Viewer und kopieren Sie den Installationscode, der kostenlos auf jeder PrestaShop-Webseite hinzugef\u00fcgt werden kann. Mit unserem unkomplizierten Konfigurator kann jeder Internetnutzer online ein Zahlenz\u00e4hler-Widget erstellen und es problemlos in jede PrestaShop-Webseite einbetten. Es ist nicht erforderlich, zu bezahlen oder Ihre Kartendaten offenzulegen, um auf unseren Editor zuzugreifen. Sollten bei irgendeinem Schritt Probleme auftreten, wenden Sie sich bitte an unser technisches Support-Team.<\/p> <\/div>\r\n\t\t\t\t\t<\/div>\r\n\t\t\t\t<\/div> <\/div><\/div>\n","protected":false},"excerpt":{"rendered":"","protected":false},"author":9,"featured_media":0,"parent":2114,"menu_order":0,"comment_status":"closed","ping_status":"closed","template":"templates\/template-application-platform.php","meta":{"publish_to_discourse":"","publish_post_category":"","wpdc_auto_publish_overridden":"","wpdc_topic_tags":"","wpdc_pin_topic":"","wpdc_pin_until":"","discourse_post_id":"","discourse_permalink":"","wpdc_publishing_response":"","wpdc_publishing_error":"","footnotes":""},"class_list":["post-9491","page","type-page","status-publish","hentry"],"yoast_head":"<!-- This site is optimized with the Yoast SEO plugin v25.3.1 - https:\/\/yoast.com\/wordpress\/plugins\/seo\/ -->\n<title>PDF Viewer \u2013 PDF-Add-on auf der PrestaShop-Website einbetten (in 2 Minuten)<\/title>\n<meta name=\"description\" content=\"Gestalten Sie mit Elfsight Ihr PDF Viewer-Add-on und betten Sie es schnell und einfach in Ihre PrestaShop-Site ein. Kostenloser Kundensupport und weitere Boni hier.\" \/>\n<meta name=\"robots\" content=\"index, follow, max-snippet:-1, max-image-preview:large, max-video-preview:-1\" \/>\n<link rel=\"canonical\" href=\"https:\/\/elfsight.com\/de\/pdf-embed-widget\/prestashop\/\" \/>\n<meta property=\"og:locale\" content=\"de_DE\" \/>\n<meta property=\"og:type\" content=\"article\" \/>\n<meta property=\"og:title\" content=\"PDF Viewer \u2013 PDF-Add-on auf der PrestaShop-Website einbetten (in 2 Minuten)\" \/>\n<meta property=\"og:description\" content=\"Gestalten Sie mit Elfsight Ihr PDF Viewer-Add-on und betten Sie es schnell und einfach in Ihre PrestaShop-Site ein. Kostenloser Kundensupport und weitere Boni hier.\" \/>\n<meta property=\"og:url\" content=\"https:\/\/elfsight.com\/de\/pdf-embed-widget\/prestashop\/\" \/>\n<meta property=\"og:site_name\" content=\"Elfsight DE\" \/>\n<meta property=\"article:modified_time\" content=\"2025-03-23T18:22:30+00:00\" \/>\n<meta name=\"twitter:card\" content=\"summary_large_image\" \/>\n<meta name=\"twitter:label1\" content=\"Gesch\u00e4tzte Lesezeit\" \/>\n\t<meta name=\"twitter:data1\" content=\"3\u00a0Minuten\" \/>\n<!-- \/ Yoast SEO plugin. -->","yoast_head_json":{"title":"PDF Viewer \u2013 PDF-Add-on auf der PrestaShop-Website einbetten (in 2 Minuten)","description":"Gestalten Sie mit Elfsight Ihr PDF Viewer-Add-on und betten Sie es schnell und einfach in Ihre PrestaShop-Site ein. Kostenloser Kundensupport und weitere Boni hier.","robots":{"index":"index","follow":"follow","max-snippet":"max-snippet:-1","max-image-preview":"max-image-preview:large","max-video-preview":"max-video-preview:-1"},"canonical":"https:\/\/elfsight.com\/de\/pdf-embed-widget\/prestashop\/","og_locale":"de_DE","og_type":"article","og_title":"PDF Viewer \u2013 PDF-Add-on auf der PrestaShop-Website einbetten (in 2 Minuten)","og_description":"Gestalten Sie mit Elfsight Ihr PDF Viewer-Add-on und betten Sie es schnell und einfach in Ihre PrestaShop-Site ein. Kostenloser Kundensupport und weitere Boni hier.","og_url":"https:\/\/elfsight.com\/de\/pdf-embed-widget\/prestashop\/","og_site_name":"Elfsight DE","article_modified_time":"2025-03-23T18:22:30+00:00","twitter_card":"summary_large_image","twitter_misc":{"Gesch\u00e4tzte Lesezeit":"3\u00a0Minuten"},"schema":{"@context":"https:\/\/schema.org","@graph":[{"@type":"WebPage","@id":"https:\/\/elfsight.com\/de\/pdf-embed-widget\/prestashop\/","url":"https:\/\/elfsight.com\/de\/pdf-embed-widget\/prestashop\/","name":"PDF Viewer \u2013 PDF-Add-on auf der PrestaShop-Website einbetten (in 2 Minuten)","isPartOf":{"@id":"https:\/\/elfsight.com\/de\/#website"},"datePublished":"1970-01-01T00:00:00+00:00","dateModified":"2025-03-23T18:22:30+00:00","description":"Gestalten Sie mit Elfsight Ihr PDF Viewer-Add-on und betten Sie es schnell und einfach in Ihre PrestaShop-Site ein. Kostenloser Kundensupport und weitere Boni hier.","breadcrumb":{"@id":"https:\/\/elfsight.com\/de\/pdf-embed-widget\/prestashop\/#breadcrumb"},"inLanguage":"de","potentialAction":[{"@type":"ReadAction","target":["https:\/\/elfsight.com\/de\/pdf-embed-widget\/prestashop\/"]}]},{"@type":"BreadcrumbList","@id":"https:\/\/elfsight.com\/de\/pdf-embed-widget\/prestashop\/#breadcrumb","itemListElement":[{"@type":"ListItem","position":1,"name":"Home","item":"https:\/\/elfsight.com\/de\/"},{"@type":"ListItem","position":2,"name":"PDF Embed","item":"https:\/\/elfsight.com\/de\/pdf-embed-widget\/"},{"@type":"ListItem","position":3,"name":"PDF Embed &#8211; PrestaShop"}]},{"@type":"WebSite","@id":"https:\/\/elfsight.com\/de\/#website","url":"https:\/\/elfsight.com\/de\/","name":"Elfsight DE","description":"Just another Elfsight Sites site","potentialAction":[{"@type":"SearchAction","target":{"@type":"EntryPoint","urlTemplate":"https:\/\/elfsight.com\/de\/?s={search_term_string}"},"query-input":{"@type":"PropertyValueSpecification","valueRequired":true,"valueName":"search_term_string"}}],"inLanguage":"de"}]}},"meta_box":{"industry":"","seo_heading":"","heading":"","description":"","cta_heading":"","cta_description":"","application":"484","h1":"PrestaShop PDF-Einbettungs-Add-on","h1_caption":"Betten Sie PDF-Dokumente m\u00fchelos in Ihre Website ein, um sie einfach anzuzeigen und herunterzuladen, ohne Besucher auf Ihre Prestashop-Website umzuleiten.","application_category":[],"applications_title":"","applications_request_title":"","applications_request_button_text":"","hero_text":"","hero_video":"","hero_video_schema_markup":"","selling_points_title":"","selling_points_caption":"","selling_points":[],"selling_points_cta_text":"","features_title":"","features":"","ed_cta_examples_text":"","ed_cta_examples_hidden":"","ed_cta_demo_text":"","ed_cta_demo_hidden":"","why_caption":"","why_editor_title":"","why_editor_text":"","why_team_title":"","why_team_text":"","why_service_title":"","why_service_text":"","template_catalog_visible":"0","template_catalog_title":"","template_catalog_text":"","template_catalog_categories_visible":"","demo_title":"Erstellen Sie Ihr PDF Embed-Add-on","demo_caption":"Konfigurieren Sie Ihre PDF-Einbettung und f\u00fcgen Sie sie kostenlos Ihrer PrestaShop-Website hinzu!","default_faq_hidden":"","app_template_category":[],"platform":"3811","template_public_id":"","codecanyon_url":"","codecanyon_item_id":"","codecanyon_price":"","pricing_caption":"","pricing_elfsight_apps_hide_column":"","pricing_elfsight_apps_url":"","pricing_codecanyon_price_caption":"","integration_category":[],"integration_request_title":"","integration_request_cta":"","integration_platform":"","integrations":[],"platform_category":[],"video_schema_markup":"","price":"ab 0 $ \/ Monat","trial":"","benefits":[{"text":"Kostenloser Installationsservice"},{"text":"Erfahrener Kundensupport"},{"text":"14-t\u00e4gige R\u00fcckerstattungsgarantie"},{"text":"Lebenslange Verbesserungen"}],"button_url":"#demo","button_target_blank":"0","button_nofollow":"0","attributes":[{"name":"Installiert","content":"10,000 - 100,000"},{"name":"Reaktionsfreudig","content":"Ja"},{"name":"Kompatible Browser","content":"Firefox, Safari, Opera, Chrome, Edge"}],"tags":[],"tags_disable_links":"0","hide_more_platforms":"0","video_object":"","demo_hide_cta":"0","demo_hide_cloud_options":"0","pricing_title":"","pricing":[{"pricing_icon":"platform","pricing_title":"Elfsight Apps","pricing_title_caption":"Plattform\u00fcbergreifende Version, die f\u00fcr jede Website geeignet ist","pricing_price":"ab 0 $ \/ Monat","pricing_price_caption":"Beginnen Sie mit einem kostenlosen Plan","pricing_benefits":[{"text":"Unbegrenzte Websites"},{"text":"Engagierter Kundensupport"},{"text":"Kostenloser Installationsservice"},{"text":"100 % anpassbar"}],"pricing_button_text":"Zur Website hinzuf\u00fcgen","pricing_button_url":"#demo"}],"related_apps_title":"","related_apps_hidden":"0","author":"","image":[],"title":"","job":"","social_networks":[]},"_links":{"self":[{"href":"https:\/\/elfsight.com\/de\/wp-json\/wp\/v2\/pages\/9491","targetHints":{"allow":["GET"]}}],"collection":[{"href":"https:\/\/elfsight.com\/de\/wp-json\/wp\/v2\/pages"}],"about":[{"href":"https:\/\/elfsight.com\/de\/wp-json\/wp\/v2\/types\/page"}],"author":[{"embeddable":true,"href":"https:\/\/elfsight.com\/de\/wp-json\/wp\/v2\/users\/9"}],"replies":[{"embeddable":true,"href":"https:\/\/elfsight.com\/de\/wp-json\/wp\/v2\/comments?post=9491"}],"version-history":[{"count":2,"href":"https:\/\/elfsight.com\/de\/wp-json\/wp\/v2\/pages\/9491\/revisions"}],"predecessor-version":[{"id":24967,"href":"https:\/\/elfsight.com\/de\/wp-json\/wp\/v2\/pages\/9491\/revisions\/24967"}],"up":[{"embeddable":true,"href":"https:\/\/elfsight.com\/de\/wp-json\/wp\/v2\/pages\/2114"}],"wp:attachment":[{"href":"https:\/\/elfsight.com\/de\/wp-json\/wp\/v2\/media?parent=9491"}],"curies":[{"name":"wp","href":"https:\/\/api.w.org\/{rel}","templated":true}]}}