{"id":9490,"date":"1970-01-01T00:00:00","date_gmt":"1970-01-01T00:00:00","guid":{"rendered":"https:\/\/elfsight.com\/de\/?page_id=9490"},"modified":"2025-03-23T18:30:30","modified_gmt":"2025-03-23T18:30:30","slug":"jimdo","status":"publish","type":"page","link":"https:\/\/elfsight.com\/de\/pdf-embed-widget\/jimdo\/","title":{"rendered":"PDF Embed &#8211; Jimdo"},"content":{"rendered":"\n<div class=\"application-platform-content-item-description application-platform-content-item\" id=\"description\" data-nav-section=\"description\"> <h2>Beschreibung<\/h2> <p>Versuchen Sie mit dem Elfsight PDF Embed-Tool die einfachste und schnellste Integration Ihrer PDF-Dokumente in die Seiten Der Seite. Der Einfachheit halber k\u00f6nnen Dateien durch Hochladen, Eingeben der URLs oder durch Auswahl der zuletzt hochgeladenen Dateien eingef\u00fcgt werden. Sie k\u00f6nnen jedem Dokument einen Titel geben, Ihr eigenes Symbol und Bild hochladen, das Dateilayout ausw\u00e4hlen und vieles mehr. Site-Zielgruppen k\u00f6nnen die Dokumente direkt auf der Site \u00fcberpr\u00fcfen, in einem neuen Tab anzeigen und herunterladen. <\/p><p><b>Machen Sie Ihre Website mit Hilfe von PDF Embed effizienter f\u00fcr E-Commerce-Ziele.<\/b><\/p> <\/div> <div class=\"application-platform-content-item-features application-platform-content-item\" id=\"features\" data-nav-section=\"features\"> <h2> Wir bieten n\u00fctzliche und schnelle Funktionen, sehen Sie sich einige davon an: <\/h2> <ul><li>PDF-Dateien zum Herunterladen und Anzeigen einbetten<\/li><li>Unbegrenzt viele Dateien hinzuf\u00fcgen<\/li><li>Duplizieren, klonen, l\u00f6schen, und ordnen Sie Ihre Dateien neu<\/li><li>Einbetten, indem Sie die Datei aus der k\u00fcrzlich hochgeladenen Datei ausw\u00e4hlen, per URL oder durch Hochladen<\/li><li>Option zur Eingabe des Dateinamens zur Anzeige <\/li><li> 3 Layouts enthalten: Datei-Viewer, Liste und Raster<\/li><li>Bildlauf, Paginierung und Zoom werden im Datei-Viewer-Layout unterst\u00fctzt<\/li><li>Option zum Anzeigen oder Bearbeiten der Download-Dateibezeichnung<\/li><li>Liste und Rasterlayouts zum Anzeigen von Dateisymbolen und -namen<\/li><li>Umschaltbares Dateisymbol<\/li><li>Option zum Malen des Dateisymbols<\/li><\/ul><p><a href=\"#demo\">Sie k\u00f6nnen die volle Funktionalit\u00e4t des Widgets in der Demo auf dieser Seite ausprobieren<\/a><\/p> <\/div> <div class=\"application-platform-content-item-installation application-platform-content-item\" id=\"installation\" data-nav-section=\"installation\"> <h2>So f\u00fcge ich PDF Embed zu meiner Jimdo-Webseite hinzu? <\/h2> <p>Befolgen Sie einfach die unten aufgef\u00fchrten Schritte, um das Widget hinzuzuf\u00fcgen. <\/p> <ol><li><b>Starten Sie unseren kostenlosen Editor und beginnen Sie mit der Gestaltung Ihres einzigartigen Instruments. <\/b><br> Finden Sie das bevorzugte Aussehen und die Parameter des Widgets und nehmen Sie die Korrekturen vor. <\/li> <li><b>Ihr pers\u00f6nlicher Code erscheint im Feld von Elfsight Apps. <\/b><br> Wenn die Konfiguration Ihres pers\u00f6nlichen Widgets abgeschlossen ist, kopieren Sie den pers\u00f6nlichen Code aus dem Popup und bewahren Sie ihn zur weiteren Verwendung auf. <\/li> <li><b>Initiieren Sie den Einsatz des Widgets auf der Jimdo-Site. <\/b><br> F\u00fcgen Sie den zuvor gespeicherten Code in Ihre Webseite ein und \u00fcbernehmen Sie die Korrekturen. <\/li> <li><b>Die Installation wurde erfolgreich beendet. <\/b><br> Besuchen Sie Ihre Webseite, um die Funktionsweise des Tools zu \u00fcberpr\u00fcfen. <\/li><\/ol> <p>Wenn Sie Fragen haben oder auf Schwierigkeiten sto\u00dfen, wenden Sie sich bitte an unser Support-Team. Unsere Spezialisten sind bestrebt, alle Schwierigkeiten zu l\u00f6sen, die Sie m\u00f6glicherweise mit dem Tool haben. <\/p> <div class=\"faq\" data-component=\"FAQ\"><div class=\"faq-item\">\r\n\t\t\t\t\t<div class=\"faq-item-question\">\r\n\t\t\t\t\t\t<h3 class=\"faq-item-question-text\">Gibt es eine M\u00f6glichkeit, PDF Embed ohne Programmierkenntnisse zu meiner Jimdo-Homepage hinzuzuf\u00fcgen?<\/h3>\r\n\r\n\t\t\t\t\t\t<div class=\"faq-item-question-icon\"><\/div>\r\n\t\t\t\t\t<\/div>\r\n\r\n\t\t\t\t\t<div class=\"faq-item-answer\">\r\n\t\t\t\t\t\t<div class=\"faq-item-answer-text\"> <p>Das Unternehmen Elfsight bietet eine Cloud-L\u00f6sung an, mit der Sie selbst ein PDF Embed-Plugin erstellen k\u00f6nnen. Entdecken Sie es So einfach ist es: Gehen Sie zum Live-Editor, um eine PDF Viewer-App zu erstellen, die Sie gerne auf Ihrer Jimdo-Seite sehen w\u00fcrden. W\u00e4hlen Sie eine der vorgefertigten Vorlagen und passen Sie die PDF Embed-Einstellungen an, f\u00fcgen Sie Ihre Inhalte ein, \u00e4ndern Sie das Layout und die Farbe der Elemente ohne Programmierkenntnisse. Klicken Sie hier, um den Zahlenz\u00e4hler zu speichern und den Code zum Einbetten zu erhalten, den Sie im Rahmen eines kostenlosen Plans einfach in Ihre Jimdo-Webseite einbetten k\u00f6nnen. Mit dem unkomplizierten Konfigurator kann jeder Internetnutzer online ein Zahlenz\u00e4hler-Widget erstellen und es m\u00fchelos in die Jimdo-Webseite einbetten. Um Zugang zu unserem Editor zu erhalten, ist es nicht erforderlich, zu bezahlen oder Ihre Kartendaten einzureichen. Wenn Sie bei irgendeinem Schritt auf Hindernisse sto\u00dfen, z\u00f6gern Sie nicht, sich an unser technisches Support-Team zu wenden.<\/p> <\/div>\r\n\t\t\t\t\t<\/div>\r\n\t\t\t\t<\/div> <\/div><\/div>\n","protected":false},"excerpt":{"rendered":"","protected":false},"author":9,"featured_media":0,"parent":2114,"menu_order":0,"comment_status":"closed","ping_status":"closed","template":"templates\/template-application-platform.php","meta":{"publish_to_discourse":"","publish_post_category":"","wpdc_auto_publish_overridden":"","wpdc_topic_tags":"","wpdc_pin_topic":"","wpdc_pin_until":"","discourse_post_id":"","discourse_permalink":"","wpdc_publishing_response":"","wpdc_publishing_error":"","footnotes":""},"class_list":["post-9490","page","type-page","status-publish","hentry"],"yoast_head":"<!-- This site is optimized with the Yoast SEO plugin v25.3.1 - https:\/\/yoast.com\/wordpress\/plugins\/seo\/ -->\n<title>PDF Viewer \u2013 PDF-Widget auf der Jimdo-Website einbetten (in 2 Minuten)<\/title>\n<meta name=\"description\" content=\"Gestalten Sie mit Elfsight Ihr PDF Viewer-Widget und betten Sie es schnell und einfach in Ihre Jimdo-Site ein. Wir bieten kostenlosen Kundensupport und weitere Boni.\" \/>\n<meta name=\"robots\" content=\"index, follow, max-snippet:-1, max-image-preview:large, max-video-preview:-1\" \/>\n<link rel=\"canonical\" href=\"https:\/\/elfsight.com\/de\/pdf-embed-widget\/jimdo\/\" \/>\n<meta property=\"og:locale\" content=\"de_DE\" \/>\n<meta property=\"og:type\" content=\"article\" \/>\n<meta property=\"og:title\" content=\"PDF Viewer \u2013 PDF-Widget auf der Jimdo-Website einbetten (in 2 Minuten)\" \/>\n<meta property=\"og:description\" content=\"Gestalten Sie mit Elfsight Ihr PDF Viewer-Widget und betten Sie es schnell und einfach in Ihre Jimdo-Site ein. Wir bieten kostenlosen Kundensupport und weitere Boni.\" \/>\n<meta property=\"og:url\" content=\"https:\/\/elfsight.com\/de\/pdf-embed-widget\/jimdo\/\" \/>\n<meta property=\"og:site_name\" content=\"Elfsight DE\" \/>\n<meta property=\"article:modified_time\" content=\"2025-03-23T18:30:30+00:00\" \/>\n<meta name=\"twitter:card\" content=\"summary_large_image\" \/>\n<meta name=\"twitter:label1\" content=\"Gesch\u00e4tzte Lesezeit\" \/>\n\t<meta name=\"twitter:data1\" content=\"3\u00a0Minuten\" \/>\n<!-- \/ Yoast SEO plugin. -->","yoast_head_json":{"title":"PDF Viewer \u2013 PDF-Widget auf der Jimdo-Website einbetten (in 2 Minuten)","description":"Gestalten Sie mit Elfsight Ihr PDF Viewer-Widget und betten Sie es schnell und einfach in Ihre Jimdo-Site ein. Wir bieten kostenlosen Kundensupport und weitere Boni.","robots":{"index":"index","follow":"follow","max-snippet":"max-snippet:-1","max-image-preview":"max-image-preview:large","max-video-preview":"max-video-preview:-1"},"canonical":"https:\/\/elfsight.com\/de\/pdf-embed-widget\/jimdo\/","og_locale":"de_DE","og_type":"article","og_title":"PDF Viewer \u2013 PDF-Widget auf der Jimdo-Website einbetten (in 2 Minuten)","og_description":"Gestalten Sie mit Elfsight Ihr PDF Viewer-Widget und betten Sie es schnell und einfach in Ihre Jimdo-Site ein. Wir bieten kostenlosen Kundensupport und weitere Boni.","og_url":"https:\/\/elfsight.com\/de\/pdf-embed-widget\/jimdo\/","og_site_name":"Elfsight DE","article_modified_time":"2025-03-23T18:30:30+00:00","twitter_card":"summary_large_image","twitter_misc":{"Gesch\u00e4tzte Lesezeit":"3\u00a0Minuten"},"schema":{"@context":"https:\/\/schema.org","@graph":[{"@type":"WebPage","@id":"https:\/\/elfsight.com\/de\/pdf-embed-widget\/jimdo\/","url":"https:\/\/elfsight.com\/de\/pdf-embed-widget\/jimdo\/","name":"PDF Viewer \u2013 PDF-Widget auf der Jimdo-Website einbetten (in 2 Minuten)","isPartOf":{"@id":"https:\/\/elfsight.com\/de\/#website"},"datePublished":"1970-01-01T00:00:00+00:00","dateModified":"2025-03-23T18:30:30+00:00","description":"Gestalten Sie mit Elfsight Ihr PDF Viewer-Widget und betten Sie es schnell und einfach in Ihre Jimdo-Site ein. Wir bieten kostenlosen Kundensupport und weitere Boni.","breadcrumb":{"@id":"https:\/\/elfsight.com\/de\/pdf-embed-widget\/jimdo\/#breadcrumb"},"inLanguage":"de","potentialAction":[{"@type":"ReadAction","target":["https:\/\/elfsight.com\/de\/pdf-embed-widget\/jimdo\/"]}]},{"@type":"BreadcrumbList","@id":"https:\/\/elfsight.com\/de\/pdf-embed-widget\/jimdo\/#breadcrumb","itemListElement":[{"@type":"ListItem","position":1,"name":"Home","item":"https:\/\/elfsight.com\/de\/"},{"@type":"ListItem","position":2,"name":"PDF Embed","item":"https:\/\/elfsight.com\/de\/pdf-embed-widget\/"},{"@type":"ListItem","position":3,"name":"PDF Embed &#8211; Jimdo"}]},{"@type":"WebSite","@id":"https:\/\/elfsight.com\/de\/#website","url":"https:\/\/elfsight.com\/de\/","name":"Elfsight DE","description":"Just another Elfsight Sites site","potentialAction":[{"@type":"SearchAction","target":{"@type":"EntryPoint","urlTemplate":"https:\/\/elfsight.com\/de\/?s={search_term_string}"},"query-input":{"@type":"PropertyValueSpecification","valueRequired":true,"valueName":"search_term_string"}}],"inLanguage":"de"}]}},"meta_box":{"industry":"","seo_heading":"","heading":"","description":"","cta_heading":"","cta_description":"","application":"484","h1":"Jimdo PDF-Einbettungs-Widget","h1_caption":"Betten Sie PDF-Dokumente m\u00fchelos in Ihre Website ein, um sie einfach anzuzeigen und herunterzuladen, ohne Besucher auf Ihre Jimdo-Website umzuleiten.","application_category":[],"applications_title":"","applications_request_title":"","applications_request_button_text":"","hero_text":"","hero_video":"","hero_video_schema_markup":"","selling_points_title":"","selling_points_caption":"","selling_points":[],"selling_points_cta_text":"","features_title":"","features":"","ed_cta_examples_text":"","ed_cta_examples_hidden":"","ed_cta_demo_text":"","ed_cta_demo_hidden":"","why_caption":"","why_editor_title":"","why_editor_text":"","why_team_title":"","why_team_text":"","why_service_title":"","why_service_text":"","template_catalog_visible":"0","template_catalog_title":"","template_catalog_text":"","template_catalog_categories_visible":"","demo_title":"Erstellen Sie Ihr PDF-Einbettungs-Widget","demo_caption":"Konfigurieren Sie Ihr PDF Embed und f\u00fcgen Sie es kostenlos zu Ihrer Jimdo-Website hinzu!","default_faq_hidden":"","app_template_category":[],"platform":"239","template_public_id":"","codecanyon_url":"","codecanyon_item_id":"","codecanyon_price":"","pricing_caption":"","pricing_elfsight_apps_hide_column":"","pricing_elfsight_apps_url":"","pricing_codecanyon_price_caption":"","integration_category":[],"integration_request_title":"","integration_request_cta":"","integration_platform":"","integrations":[],"platform_category":[],"video_schema_markup":"","price":"ab 0 $ \/ Monat","trial":"","benefits":[{"text":"Kostenlose Installationsunterst\u00fctzung"},{"text":"Premium-Support"},{"text":"14-t\u00e4gige Geld-zur\u00fcck-Garantie"},{"text":"Regelm\u00e4\u00dfige Verbesserungen"}],"button_url":"#demo","button_target_blank":"0","button_nofollow":"0","attributes":[{"name":"Installiert","content":"10,000 - 100,000"},{"name":"Reaktionsfreudig","content":"Ja"},{"name":"Kompatible Browser","content":"Firefox, Safari, Opera, Chrome, Edge"}],"tags":[],"tags_disable_links":"0","hide_more_platforms":"0","video_object":"","demo_hide_cta":"0","demo_hide_cloud_options":"0","pricing_title":"","pricing":[{"pricing_icon":"platform","pricing_title":"Elfsight Apps","pricing_title_caption":"Plattform\u00fcbergreifende digitale L\u00f6sung, die auf jeder Website funktioniert","pricing_price":"ab 0 $ \/ Monat","pricing_price_caption":"Beginnen Sie mit einem kostenlosen Plan","pricing_benefits":[{"text":"Unbegrenzte Anzahl an Domains"},{"text":"Schnelle Unterst\u00fctzung"},{"text":"Kostenlose Installationshilfe"},{"text":"Vollst\u00e4ndig anpassbar"}],"pricing_button_text":"Zur Website hinzuf\u00fcgen","pricing_button_url":"#demo"}],"related_apps_title":"","related_apps_hidden":"0","author":"","image":[],"title":"","job":"","social_networks":[]},"_links":{"self":[{"href":"https:\/\/elfsight.com\/de\/wp-json\/wp\/v2\/pages\/9490","targetHints":{"allow":["GET"]}}],"collection":[{"href":"https:\/\/elfsight.com\/de\/wp-json\/wp\/v2\/pages"}],"about":[{"href":"https:\/\/elfsight.com\/de\/wp-json\/wp\/v2\/types\/page"}],"author":[{"embeddable":true,"href":"https:\/\/elfsight.com\/de\/wp-json\/wp\/v2\/users\/9"}],"replies":[{"embeddable":true,"href":"https:\/\/elfsight.com\/de\/wp-json\/wp\/v2\/comments?post=9490"}],"version-history":[{"count":2,"href":"https:\/\/elfsight.com\/de\/wp-json\/wp\/v2\/pages\/9490\/revisions"}],"predecessor-version":[{"id":24974,"href":"https:\/\/elfsight.com\/de\/wp-json\/wp\/v2\/pages\/9490\/revisions\/24974"}],"up":[{"embeddable":true,"href":"https:\/\/elfsight.com\/de\/wp-json\/wp\/v2\/pages\/2114"}],"wp:attachment":[{"href":"https:\/\/elfsight.com\/de\/wp-json\/wp\/v2\/media?parent=9490"}],"curies":[{"name":"wp","href":"https:\/\/api.w.org\/{rel}","templated":true}]}}