{"id":9484,"date":"1970-01-01T00:00:00","date_gmt":"1970-01-01T00:00:00","guid":{"rendered":"https:\/\/elfsight.com\/de\/?page_id=9484"},"modified":"2025-02-20T08:17:48","modified_gmt":"2025-02-20T08:17:48","slug":"blogger","status":"publish","type":"page","link":"https:\/\/elfsight.com\/de\/paypal-button-widget-generator\/blogger\/","title":{"rendered":"PayPal Button &#8211; Blogger"},"content":{"rendered":"\n<div class=\"application-platform-content-item-description application-platform-content-item\" id=\"description\" data-nav-section=\"description\"><h2>Beschreibung<\/h2><p>Elfsight PayPal Button bietet eine unkomplizierte M\u00f6glichkeit, Ihren Benutzern die Zahlung \u00fcber PayPal auf Ihrer Website zu erm\u00f6glichen. Es erm\u00f6glicht das Hinzuf\u00fcgen von Schaltfl\u00e4chen f\u00fcr Kassen, wiederkehrende Abonnements und Spenden. Sie k\u00f6nnen Steuern und Versandkosten angeben, Lokalisierung und W\u00e4hrung ausw\u00e4hlen, Handlungsaufforderungen anzeigen und noch mehr. Starten Sie ein reibungsloses Zahlungssystem f\u00fcr Ihre Kunden von unterwegs mit einem der vertrauensw\u00fcrdigsten Zahlungstools.<\/p><p><b>Nutzen Sie alle Vorteile von PayPal f\u00fcr Ihre Benutzer und sich selbst!<\/b> <\/p><p><b>Ein effektives Zahlungstool auf Ihrer Website ohne Programmieraufwand und im Handumdrehen<\/b>.<br>Kunden sch\u00e4tzen das einfache Bezahlen auf einer Website. Erstellen Sie mit Elfsight Ihren eigenen PayPal-Spenden- oder Zahlungsbutton und Sie erhalten ein zuverl\u00e4ssiges und schnelles Zahlungsmittel f\u00fcr Ihre Kunden. Kein Programmieren, kein Aufwand.<\/p><p><b>Ein universelles Tool zum Erhalten von Zahlungen, Abonnements und Spenden<\/b>.<br>Mit nur einem Tool von Elfsight genie\u00dfen Sie die Freiheit, Schaltfl\u00e4chen zu entwerfen damit Benutzer auf Ihrer Website bezahlen, sich anmelden und spenden k\u00f6nnen. Sparen Sie Zeit und M\u00fche und erhalten Sie eine universelle L\u00f6sung, die Ihnen eine Reihe von Optionen bietet.<\/p><p><b>Eine der seri\u00f6sesten und bekanntesten Zahlungsl\u00f6sungen auf Ihrer Website<\/b>.<br> Es ist ein Muss, eine der zuverl\u00e4ssigsten und beliebtesten Zahlungsl\u00f6sungen in Ihre Website zu integrieren. Und dank des PayPal-Buttons von Elfsight ist das in Sekundenschnelle erledigt.<\/p><\/div><div class=\"application-platform-content-item-features application-platform-content-item\" id=\"features\" data-nav-section=\"features\"><h2>Funktionen<\/h2><p>Hier erfahren Sie, warum das PayPal-Widget von Elfsight das Beste ist seine n\u00fctzlichen Funktionen:<\/p><ul><li>Einstellen der Lokalisierung Ihrer Schaltfl\u00e4che aus der vordefinierten L\u00e4nderliste;<\/li><li>Zwei Varianten der Steuerangabe: pauschal oder prozentual;<\/li><li>Responsiv Gr\u00f6\u00dfe f\u00fcr optimales Aussehen auf jedem Ger\u00e4t;<\/li><li>Anpassbarer Schaltfl\u00e4chentext und Textfarbe;<\/li><li>PayPal-Symbol anzeigen oder ausblenden.<\/li><\/ul><p>\u00dcberpr\u00fcfen Sie alle Vorteile in Live-Demo<\/p><\/div><div class=\"application-platform-content-item-installation application-platform-content-item\" id=\"installation\" data-nav-section=\"installation\"><h2>So f\u00fcgen Sie den PayPal-Button zur Blogger-Website hinzu<\/h2><div class=\"video-container\"><iframe width=\"560\" height=\"315\" src=\"https:\/\/www.youtube.com\/embed\/mS4si8cp9SE?si=rHd-xQa-laRLNmTJ\" frameborder=\"0\" allow=\"accelerometer; autoplay; clipboard-write; encrypted-media; gyroscope; picture-in-picture; web-share\" allowfullscreen><\/iframe><\/div><p>Schnelle Anleitung zum Einbetten und Erstellen das Spenden-, Abonnement- oder Zahlungs-Widget ohne Kompetenz in der Webentwicklung. Sie ben\u00f6tigen nicht mehr als 3 Minuten, um es zu erstellen.<\/p><ol><li><b>Erstellen Sie Ihren einzigartigen Button.<\/b><br>Erstellen Sie mit unserem kostenlosen Editor ein Plugin mit dem gew\u00fcnschten Layout und Zahlungsart.<\/li><li><b>Kopieren Sie den Code zum Einrichten des Plugins.<\/b><br>Nachdem Sie das Widget eingerichtet haben, erhalten Sie den Code daf\u00fcr aus dem angezeigten Fenster auf Elfsight Apps.<\/li><li><b>Zeigen Sie das Plugin auf Ihrer Website an.<\/b><br>Zeigen Sie PayPal an der gew\u00fcnschten Stelle der Website an und speichern Sie die \u00c4nderungen.<\/li><li><b> Fertig!<\/b><br>Besuchen Sie Ihre Blogger-Site, um Ihr Plugin zu \u00fcberpr\u00fcfen.<\/li><\/ol><p>Haben Sie Probleme beim Entwerfen oder Hinzuf\u00fcgen des Plugins auf Ihrer Site? Nehmen Sie Kontakt mit unserem Hilfecenter auf.<\/p><div class=\"faq\" data-component=\"FAQ\"> <div class=\"faq-item\">\r\n\t\t\t\t\t<div class=\"faq-item-question\">\r\n\t\t\t\t\t\t<h3 class=\"faq-item-question-text\">Wie kann ich ohne Programmierkenntnisse eine PayPal-Schaltfl\u00e4che zu meiner Blogger-Website hinzuf\u00fcgen?<\/h3>\r\n\r\n\t\t\t\t\t\t<div class=\"faq-item-question-icon\"><\/div>\r\n\t\t\t\t\t<\/div>\r\n\r\n\t\t\t\t\t<div class=\"faq-item-answer\">\r\n\t\t\t\t\t\t<div class=\"faq-item-answer-text\"> <p>Elfsight bietet eine SaaS-L\u00f6sung, mit der Sie eine erstellen k\u00f6nnen Erstellen Sie selbst ein PayPal-Schaltfl\u00e4chen-Widget und sehen Sie, wie einfach der Vorgang ist: Erstellen Sie direkt im Online-Editor ein PayPal-Schaltfl\u00e4chen-Widget, das Sie gerne auf Ihrer Blogger-Website sehen w\u00fcrden. W\u00e4hlen Sie eine der vorgefertigten Vorlagen aus und passen Sie die Einstellungen der PayPal-Schaltfl\u00e4che an, f\u00fcgen Sie Ihre Inhalte hinzu, \u00e4ndern Sie das Layout und das Farbschema ohne Programmierkenntnisse. Speichern Sie die PayPal-Schaltfl\u00e4che und kopieren Sie den Installationscode, den Sie problemlos in Ihre Blogger-Website einf\u00fcgen k\u00f6nnen, ohne ein kostenpflichtiges Abonnement zu kaufen. Mit unserem intuitiven Editor kann jeder Internetnutzer online ein PayPal-Button-Widget erstellen und es einfach in seine Blogger-Website einbetten. Sie m\u00fcssen weder bezahlen noch Ihre Kartendaten eingeben, um auf den Service zuzugreifen. Sollten bei irgendeinem Schritt Probleme auftreten, wenden Sie sich bitte an unser technisches Support-Team.<\/p> <\/div>\r\n\t\t\t\t\t<\/div>\r\n\t\t\t\t<\/div> <\/div> <\/div>\n\n\n\n<p><\/p>\n","protected":false},"excerpt":{"rendered":"","protected":false},"author":9,"featured_media":0,"parent":1132,"menu_order":0,"comment_status":"closed","ping_status":"closed","template":"templates\/template-application-platform.php","meta":{"publish_to_discourse":"","publish_post_category":"","wpdc_auto_publish_overridden":"","wpdc_topic_tags":"","wpdc_pin_topic":"","wpdc_pin_until":"","discourse_post_id":"","discourse_permalink":"","wpdc_publishing_response":"","wpdc_publishing_error":"","footnotes":""},"class_list":["post-9484","page","type-page","status-publish","hentry"],"yoast_head":"<!-- This site is optimized with the Yoast SEO plugin v25.3.1 - https:\/\/yoast.com\/wordpress\/plugins\/seo\/ -->\n<title>PayPal-Schaltfl\u00e4che \u2013 PayPal-Widget zur Blogger-Website hinzuf\u00fcgen (in 2 Minuten)<\/title>\n<meta name=\"description\" content=\"Richten Sie den PayPal-Button (Spenden, Abonnement oder Zahlung) auf Ihrer Blogger-Website ein. Schnelle und einfache Erstellung verschiedener Website-Plugins durch Elfsight.\" \/>\n<meta name=\"robots\" content=\"index, follow, max-snippet:-1, max-image-preview:large, max-video-preview:-1\" \/>\n<link rel=\"canonical\" href=\"https:\/\/elfsight.com\/de\/paypal-button-widget-generator\/blogger\/\" \/>\n<meta property=\"og:locale\" content=\"de_DE\" \/>\n<meta property=\"og:type\" content=\"article\" \/>\n<meta property=\"og:title\" content=\"PayPal-Schaltfl\u00e4che \u2013 PayPal-Widget zur Blogger-Website hinzuf\u00fcgen (in 2 Minuten)\" \/>\n<meta property=\"og:description\" content=\"Richten Sie den PayPal-Button (Spenden, Abonnement oder Zahlung) auf Ihrer Blogger-Website ein. Schnelle und einfache Erstellung verschiedener Website-Plugins durch Elfsight.\" \/>\n<meta property=\"og:url\" content=\"https:\/\/elfsight.com\/de\/paypal-button-widget-generator\/blogger\/\" \/>\n<meta property=\"og:site_name\" content=\"Elfsight DE\" \/>\n<meta property=\"article:modified_time\" content=\"2025-02-20T08:17:48+00:00\" \/>\n<meta name=\"twitter:card\" content=\"summary_large_image\" \/>\n<meta name=\"twitter:label1\" content=\"Gesch\u00e4tzte Lesezeit\" \/>\n\t<meta name=\"twitter:data1\" content=\"4\u00a0Minuten\" \/>\n<!-- \/ Yoast SEO plugin. -->","yoast_head_json":{"title":"PayPal-Schaltfl\u00e4che \u2013 PayPal-Widget zur Blogger-Website hinzuf\u00fcgen (in 2 Minuten)","description":"Richten Sie den PayPal-Button (Spenden, Abonnement oder Zahlung) auf Ihrer Blogger-Website ein. Schnelle und einfache Erstellung verschiedener Website-Plugins durch Elfsight.","robots":{"index":"index","follow":"follow","max-snippet":"max-snippet:-1","max-image-preview":"max-image-preview:large","max-video-preview":"max-video-preview:-1"},"canonical":"https:\/\/elfsight.com\/de\/paypal-button-widget-generator\/blogger\/","og_locale":"de_DE","og_type":"article","og_title":"PayPal-Schaltfl\u00e4che \u2013 PayPal-Widget zur Blogger-Website hinzuf\u00fcgen (in 2 Minuten)","og_description":"Richten Sie den PayPal-Button (Spenden, Abonnement oder Zahlung) auf Ihrer Blogger-Website ein. Schnelle und einfache Erstellung verschiedener Website-Plugins durch Elfsight.","og_url":"https:\/\/elfsight.com\/de\/paypal-button-widget-generator\/blogger\/","og_site_name":"Elfsight DE","article_modified_time":"2025-02-20T08:17:48+00:00","twitter_card":"summary_large_image","twitter_misc":{"Gesch\u00e4tzte Lesezeit":"4\u00a0Minuten"},"schema":{"@context":"https:\/\/schema.org","@graph":[{"@type":"WebPage","@id":"https:\/\/elfsight.com\/de\/paypal-button-widget-generator\/blogger\/","url":"https:\/\/elfsight.com\/de\/paypal-button-widget-generator\/blogger\/","name":"PayPal-Schaltfl\u00e4che \u2013 PayPal-Widget zur Blogger-Website hinzuf\u00fcgen (in 2 Minuten)","isPartOf":{"@id":"https:\/\/elfsight.com\/de\/#website"},"datePublished":"1970-01-01T00:00:00+00:00","dateModified":"2025-02-20T08:17:48+00:00","description":"Richten Sie den PayPal-Button (Spenden, Abonnement oder Zahlung) auf Ihrer Blogger-Website ein. Schnelle und einfache Erstellung verschiedener Website-Plugins durch Elfsight.","breadcrumb":{"@id":"https:\/\/elfsight.com\/de\/paypal-button-widget-generator\/blogger\/#breadcrumb"},"inLanguage":"de","potentialAction":[{"@type":"ReadAction","target":["https:\/\/elfsight.com\/de\/paypal-button-widget-generator\/blogger\/"]}]},{"@type":"BreadcrumbList","@id":"https:\/\/elfsight.com\/de\/paypal-button-widget-generator\/blogger\/#breadcrumb","itemListElement":[{"@type":"ListItem","position":1,"name":"Home","item":"https:\/\/elfsight.com\/de\/"},{"@type":"ListItem","position":2,"name":"PayPal Button","item":"https:\/\/elfsight.com\/de\/paypal-button-widget-generator\/"},{"@type":"ListItem","position":3,"name":"PayPal Button &#8211; Blogger"}]},{"@type":"WebSite","@id":"https:\/\/elfsight.com\/de\/#website","url":"https:\/\/elfsight.com\/de\/","name":"Elfsight DE","description":"Just another Elfsight Sites site","potentialAction":[{"@type":"SearchAction","target":{"@type":"EntryPoint","urlTemplate":"https:\/\/elfsight.com\/de\/?s={search_term_string}"},"query-input":{"@type":"PropertyValueSpecification","valueRequired":true,"valueName":"search_term_string"}}],"inLanguage":"de"}]}},"meta_box":{"industry":"","seo_heading":"","heading":"","description":"","cta_heading":"","cta_description":"","application":"473","h1":"Blogger-PayPal-Button-Widget","h1_caption":"F\u00fcgen Sie Ihrer Website eine Paypal-Schaltfl\u00e4che hinzu, um schnell und einfach m\u00fchelos direkt \u00fcber Paypal auf Ihrer Blogger-Website bezahlen zu k\u00f6nnen.","application_category":[],"applications_title":"","applications_request_title":"","applications_request_button_text":"","hero_text":"","hero_video":"","hero_video_schema_markup":"","selling_points_title":"","selling_points_caption":"","selling_points":[],"selling_points_cta_text":"","features_title":"","features":"","ed_cta_examples_text":"","ed_cta_examples_hidden":"","ed_cta_demo_text":"","ed_cta_demo_hidden":"","why_caption":"","why_editor_title":"","why_editor_text":"","why_team_title":"","why_team_text":"","why_service_title":"","why_service_text":"","template_catalog_visible":"0","template_catalog_title":"","template_catalog_text":"","template_catalog_categories_visible":"","demo_title":"Erstellen Sie Ihr PayPal-Button-Widget","demo_caption":"Konfigurieren Sie Ihren PayPal-Button und f\u00fcgen Sie ihn kostenlos zu Ihrer Blogger-Website hinzu!","default_faq_hidden":"","app_template_category":[],"platform":"262","template_public_id":"","codecanyon_url":"","codecanyon_item_id":"","codecanyon_price":"","pricing_caption":"","pricing_elfsight_apps_hide_column":"","pricing_elfsight_apps_url":"","pricing_codecanyon_price_caption":"","integration_category":[],"integration_request_title":"","integration_request_cta":"","integration_platform":"","integrations":[],"platform_category":[],"video_schema_markup":"","price":"ab 0 $ \/ Monat","trial":"","benefits":[{"text":"Kostenlose Installationshilfe"},{"text":"Premium-Support"},{"text":"Professioneller Kundenservice"},{"text":"Zuk\u00fcnftige Verbesserungen"}],"button_url":"#demo","button_target_blank":"0","button_nofollow":"0","attributes":[{"name":"Installiert","content":"10,000 - 100,000"},{"name":"Reaktionsfreudig","content":"Ja"},{"name":"Kompatible Browser","content":" Firefox, Safari, Opera, Chrome, Edge"}],"tags":[],"tags_disable_links":"0","hide_more_platforms":"0","video_object":"","demo_hide_cta":"0","demo_hide_cloud_options":"0","pricing_title":"","pricing":[{"pricing_icon":"platform","pricing_title":"Elfsight Apps","pricing_title_caption":"Plattformunabh\u00e4ngige digitale L\u00f6sung, die f\u00fcr jede Website geeignet ist","pricing_price":"ab 0 $ \/ Monat","pricing_price_caption":"Beginnen Sie mit einem kostenlosen Plan","pricing_benefits":[{"text":"Unbegrenzte Websites"},{"text":"Kostenloser und p\u00fcnktlicher Support und gut dokumentiert"},{"text":"Kostenlose Installationsunterst\u00fctzung"},{"text":"100 % anpassbar"}],"pricing_button_text":"Zur Website hinzuf\u00fcgen","pricing_button_url":"#demo"}],"related_apps_title":"","related_apps_hidden":"0","author":"","image":[],"title":"","job":"","social_networks":[]},"_links":{"self":[{"href":"https:\/\/elfsight.com\/de\/wp-json\/wp\/v2\/pages\/9484","targetHints":{"allow":["GET"]}}],"collection":[{"href":"https:\/\/elfsight.com\/de\/wp-json\/wp\/v2\/pages"}],"about":[{"href":"https:\/\/elfsight.com\/de\/wp-json\/wp\/v2\/types\/page"}],"author":[{"embeddable":true,"href":"https:\/\/elfsight.com\/de\/wp-json\/wp\/v2\/users\/9"}],"replies":[{"embeddable":true,"href":"https:\/\/elfsight.com\/de\/wp-json\/wp\/v2\/comments?post=9484"}],"version-history":[{"count":3,"href":"https:\/\/elfsight.com\/de\/wp-json\/wp\/v2\/pages\/9484\/revisions"}],"predecessor-version":[{"id":24475,"href":"https:\/\/elfsight.com\/de\/wp-json\/wp\/v2\/pages\/9484\/revisions\/24475"}],"up":[{"embeddable":true,"href":"https:\/\/elfsight.com\/de\/wp-json\/wp\/v2\/pages\/1132"}],"wp:attachment":[{"href":"https:\/\/elfsight.com\/de\/wp-json\/wp\/v2\/media?parent=9484"}],"curies":[{"name":"wp","href":"https:\/\/api.w.org\/{rel}","templated":true}]}}