{"id":9483,"date":"1970-01-01T00:00:00","date_gmt":"1970-01-01T00:00:00","guid":{"rendered":"https:\/\/elfsight.com\/de\/?page_id=9483"},"modified":"2025-02-20T08:19:45","modified_gmt":"2025-02-20T08:19:45","slug":"drupal","status":"publish","type":"page","link":"https:\/\/elfsight.com\/de\/paypal-button-widget-generator\/drupal\/","title":{"rendered":"PayPal Button &#8211; Drupal"},"content":{"rendered":"\n<div class=\"application-platform-content-item-description application-platform-content-item\" id=\"description\" data-nav-section=\"description\"><h2>Beschreibung<\/h2><p>Elfsight PayPal Button bietet eine unkomplizierte M\u00f6glichkeit, Ihren Kunden die Zahlung mit PayPal auf einer Website zu erm\u00f6glichen. Es erm\u00f6glicht die Anzeige von Schaltfl\u00e4chen f\u00fcr Checkouts, automatische Abonnements und Spenden. Es ist ganz einfach, Steuern und Versandkosten anzugeben, Lokalisierung und W\u00e4hrung auszuw\u00e4hlen, die Botschaft zu demonstrieren und viele weitere Optionen. Organisieren Sie f\u00fcr Ihre Nutzer im Handumdrehen einen einfachen und sicheren Bezahlvorgang mit einer der bew\u00e4hrtesten Zahlungsmethoden.<\/p><p><b>Erm\u00f6glichen Sie Ihren K\u00e4ufern die Zahlung per PayPal auf Ihrer Website und steigern Sie den Umsatz!<\/b><\/p><p><b>Ein beliebter Bezahlvorgang auf Ihrer Website ohne Programmierung im Handumdrehen<\/b>.<br>Es ist einer der wichtigsten Punkte f\u00fcr ein florierendes Unternehmen, seiner Kundschaft einfache Online-Zahlungen anzubieten . Platzieren Sie die Elfsight PayPal-Schaltfl\u00e4che auf Ihrer Website und Sie erledigen dies einfach und in k\u00fcrzester Zeit.<\/p><p><b>Ein einziges Tool zur Verarbeitung von Zahlungen, Abonnements und Spenden<\/b>.<br>Aktivieren Sie Ihre Laden Sie K\u00e4ufer dazu ein, auszuprobieren, Ihre Angebote zu abonnieren und zu spenden. All das ist in einem universellen Instrument von Elfsight verf\u00fcgbar, das Ihnen hilft, Geld und Zeit zu sparen.<\/p><p><b>Eine der sichersten und bekanntesten Zahlungsl\u00f6sungen auf Ihrer Website<\/b>.<br> Es ist ein Muss, eine der seri\u00f6sesten und am weitesten verbreiteten Bezahlvarianten auf Ihrer Website zu integrieren. Mit dem PayPal-Button von Elfsight ist das eine Sache von Sekunden.<\/p><\/div><div class=\"application-platform-content-item-features application-platform-content-item\" id=\"features\" data-nav-section=\"features\"><h2>Funktionen<\/h2><p>Sehen Sie hier, warum das PayPal-Widget von Elfsight eines der besten ist sind seine leistungsstarken Funktionen:<\/p><ul><li>Option zum Hinzuf\u00fcgen eines Produktnamens;<\/li><li>Legen Sie Ihr benutzerdefiniertes Abrechnungsintervall fest, indem Sie Abrechnungszyklus und Abrechnungszeitraum ausw\u00e4hlen, zum Beispiel alle drei Monate;<\/li><li>Sie k\u00f6nnen die Schaltfl\u00e4chengr\u00f6\u00dfe mithilfe eines praktischen Schiebereglers \u00e4ndern;<\/li><li>PayPal-Logofarbe: Original oder Wei\u00df;<\/li><li>Option, einen Kunden nach einem zu einer benutzerdefinierten Dankesseite weiterzuleiten erfolgreiche Transaktion.<\/li><\/ul><p>Probieren Sie die wichtigsten Widget-Funktionen in unserer Demo aus<\/p><\/div><div class=\"application-platform-content-item-installation application-platform-content-item\" id=\"installation\" data-nav-section=\"installation\"><h2>So f\u00fcgen Sie das PayPal-Button-Modul zur Drupal-Website hinzu<\/h2><div class=\"video-container\"><iframe width=\"560\" height=\"315\" src=\"https:\/\/www.youtube.com\/embed\/JM24ZxgrO-A?si=tTMnu2O_lTkCq-mv\" frameborder=\"0\" allow=\"accelerometer; autoplay; clipboard-write; encrypted-media; gyroscope; picture-in-picture; web-share\" allowfullscreen><\/iframe><\/div><p>Befolgen Sie einfach die nachstehenden Richtlinien, um das Modul auf Drupal zu aktivieren.<\/p> <ol><li><b>Starten Sie unseren kostenlosen Editor und beginnen Sie mit der Erstellung Ihres personalisierten PayPal Tastenmodul. <\/b><br> Geben Sie die gew\u00fcnschte Form und Funktionalit\u00e4t des Plugins an und wenden Sie die Korrekturen an. <\/li> <li><b>Erhalten Sie Ihren pers\u00f6nlichen Code, der im speziellen Formular auf Elfsight Apps angezeigt wird. <\/b><br> Nachdem die Erstellung Ihres pers\u00f6nlichen Widgets abgeschlossen ist, kopieren Sie den pers\u00f6nlichen Code im angezeigten Fenster und bewahren Sie ihn f\u00fcr die zuk\u00fcnftige Verwendung auf. <\/li> <li><b>Geben Sie die Verwendung des Plugins auf Ihrer Drupal-Website ein. <\/b><br> Integrieren Sie den k\u00fcrzlich kopierten Code in Ihre Seite und \u00fcbernehmen Sie die \u00c4nderungen. <\/li> <li><b>Fertig! Die Einbettung wurde erfolgreich durchgef\u00fchrt. <\/b><br> Besuchen Sie Ihre Seite, um die Leistung des Moduls zu pr\u00fcfen. <\/li><\/ol><p>Haben Sie Probleme bei der Installation oder Anpassung des Plugins? Kontaktieren Sie unser Hilfecenter.<\/p><div class=\"faq\" data-component=\"FAQ\"> <div class=\"faq-item\">\r\n\t\t\t\t\t<div class=\"faq-item-question\">\r\n\t\t\t\t\t\t<h3 class=\"faq-item-question-text\">Wie f\u00fcge ich ohne Programmierkenntnisse eine PayPal-Schaltfl\u00e4che zu meiner Drupal-Website hinzu?<\/h3>\r\n\r\n\t\t\t\t\t\t<div class=\"faq-item-question-icon\"><\/div>\r\n\t\t\t\t\t<\/div>\r\n\r\n\t\t\t\t\t<div class=\"faq-item-answer\">\r\n\t\t\t\t\t\t<div class=\"faq-item-answer-text\"> <p>Elfsight bietet eine SaaS-L\u00f6sung, mit der Sie selbst ein PayPal-Schaltfl\u00e4chen-Widget erstellen k\u00f6nnen Sehen Sie, wie einfach der Vorgang ist: Erstellen Sie direkt im Online-Editor ein PayPal-Button-Widget, das Sie gerne auf Ihrer Drupal-Website sehen w\u00fcrden. W\u00e4hlen Sie eine der vorgefertigten Vorlagen aus und passen Sie die Einstellungen der PayPal-Schaltfl\u00e4che an, f\u00fcgen Sie Ihre Inhalte hinzu, \u00e4ndern Sie das Layout und das Farbschema ohne Programmierkenntnisse. Speichern Sie die PayPal-Schaltfl\u00e4che und kopieren Sie den Installationscode, den Sie problemlos in Ihre Drupal-Website einf\u00fcgen k\u00f6nnen, ohne einen kostenpflichtigen Plan kaufen zu m\u00fcssen. Mit unserem intuitiven Editor kann jeder Internetnutzer online ein PayPal-Button-Widget erstellen und es einfach in seine Drupal-Website einbetten. Sie m\u00fcssen weder bezahlen noch Ihre Kartendaten eingeben, um auf den Service zuzugreifen. Sollten bei irgendeinem Schritt Probleme auftreten, wenden Sie sich bitte an unser technisches Support-Team.<\/p> <\/div>\r\n\t\t\t\t\t<\/div>\r\n\t\t\t\t<\/div> <\/div> <\/div>\n","protected":false},"excerpt":{"rendered":"","protected":false},"author":9,"featured_media":0,"parent":1132,"menu_order":0,"comment_status":"closed","ping_status":"closed","template":"templates\/template-application-platform.php","meta":{"publish_to_discourse":"","publish_post_category":"","wpdc_auto_publish_overridden":"","wpdc_topic_tags":"","wpdc_pin_topic":"","wpdc_pin_until":"","discourse_post_id":"","discourse_permalink":"","wpdc_publishing_response":"","wpdc_publishing_error":"","footnotes":""},"class_list":["post-9483","page","type-page","status-publish","hentry"],"yoast_head":"<!-- This site is optimized with the Yoast SEO plugin v25.3.1 - https:\/\/yoast.com\/wordpress\/plugins\/seo\/ -->\n<title>PayPal-Button \u2013 PayPal-Modul zur Drupal-Website hinzuf\u00fcgen (in 2 Minuten)<\/title>\n<meta name=\"description\" content=\"Testen Sie kostenlos unseren PayPal-Zahlungsbutton f\u00fcr Drupal. Erstellen Sie in nur wenigen Minuten ein individuelles Zahlungsmodul f\u00fcr Ihre Website!\" \/>\n<meta name=\"robots\" content=\"index, follow, max-snippet:-1, max-image-preview:large, max-video-preview:-1\" \/>\n<link rel=\"canonical\" href=\"https:\/\/elfsight.com\/de\/paypal-button-widget-generator\/drupal\/\" \/>\n<meta property=\"og:locale\" content=\"de_DE\" \/>\n<meta property=\"og:type\" content=\"article\" \/>\n<meta property=\"og:title\" content=\"PayPal-Button \u2013 PayPal-Modul zur Drupal-Website hinzuf\u00fcgen (in 2 Minuten)\" \/>\n<meta property=\"og:description\" content=\"Testen Sie kostenlos unseren PayPal-Zahlungsbutton f\u00fcr Drupal. Erstellen Sie in nur wenigen Minuten ein individuelles Zahlungsmodul f\u00fcr Ihre Website!\" \/>\n<meta property=\"og:url\" content=\"https:\/\/elfsight.com\/de\/paypal-button-widget-generator\/drupal\/\" \/>\n<meta property=\"og:site_name\" content=\"Elfsight DE\" \/>\n<meta property=\"article:modified_time\" content=\"2025-02-20T08:19:45+00:00\" \/>\n<meta name=\"twitter:card\" content=\"summary_large_image\" \/>\n<meta name=\"twitter:label1\" content=\"Gesch\u00e4tzte Lesezeit\" \/>\n\t<meta name=\"twitter:data1\" content=\"4\u00a0Minuten\" \/>\n<!-- \/ Yoast SEO plugin. -->","yoast_head_json":{"title":"PayPal-Button \u2013 PayPal-Modul zur Drupal-Website hinzuf\u00fcgen (in 2 Minuten)","description":"Testen Sie kostenlos unseren PayPal-Zahlungsbutton f\u00fcr Drupal. Erstellen Sie in nur wenigen Minuten ein individuelles Zahlungsmodul f\u00fcr Ihre Website!","robots":{"index":"index","follow":"follow","max-snippet":"max-snippet:-1","max-image-preview":"max-image-preview:large","max-video-preview":"max-video-preview:-1"},"canonical":"https:\/\/elfsight.com\/de\/paypal-button-widget-generator\/drupal\/","og_locale":"de_DE","og_type":"article","og_title":"PayPal-Button \u2013 PayPal-Modul zur Drupal-Website hinzuf\u00fcgen (in 2 Minuten)","og_description":"Testen Sie kostenlos unseren PayPal-Zahlungsbutton f\u00fcr Drupal. Erstellen Sie in nur wenigen Minuten ein individuelles Zahlungsmodul f\u00fcr Ihre Website!","og_url":"https:\/\/elfsight.com\/de\/paypal-button-widget-generator\/drupal\/","og_site_name":"Elfsight DE","article_modified_time":"2025-02-20T08:19:45+00:00","twitter_card":"summary_large_image","twitter_misc":{"Gesch\u00e4tzte Lesezeit":"4\u00a0Minuten"},"schema":{"@context":"https:\/\/schema.org","@graph":[{"@type":"WebPage","@id":"https:\/\/elfsight.com\/de\/paypal-button-widget-generator\/drupal\/","url":"https:\/\/elfsight.com\/de\/paypal-button-widget-generator\/drupal\/","name":"PayPal-Button \u2013 PayPal-Modul zur Drupal-Website hinzuf\u00fcgen (in 2 Minuten)","isPartOf":{"@id":"https:\/\/elfsight.com\/de\/#website"},"datePublished":"1970-01-01T00:00:00+00:00","dateModified":"2025-02-20T08:19:45+00:00","description":"Testen Sie kostenlos unseren PayPal-Zahlungsbutton f\u00fcr Drupal. Erstellen Sie in nur wenigen Minuten ein individuelles Zahlungsmodul f\u00fcr Ihre Website!","breadcrumb":{"@id":"https:\/\/elfsight.com\/de\/paypal-button-widget-generator\/drupal\/#breadcrumb"},"inLanguage":"de","potentialAction":[{"@type":"ReadAction","target":["https:\/\/elfsight.com\/de\/paypal-button-widget-generator\/drupal\/"]}]},{"@type":"BreadcrumbList","@id":"https:\/\/elfsight.com\/de\/paypal-button-widget-generator\/drupal\/#breadcrumb","itemListElement":[{"@type":"ListItem","position":1,"name":"Home","item":"https:\/\/elfsight.com\/de\/"},{"@type":"ListItem","position":2,"name":"PayPal Button","item":"https:\/\/elfsight.com\/de\/paypal-button-widget-generator\/"},{"@type":"ListItem","position":3,"name":"PayPal Button &#8211; Drupal"}]},{"@type":"WebSite","@id":"https:\/\/elfsight.com\/de\/#website","url":"https:\/\/elfsight.com\/de\/","name":"Elfsight DE","description":"Just another Elfsight Sites site","potentialAction":[{"@type":"SearchAction","target":{"@type":"EntryPoint","urlTemplate":"https:\/\/elfsight.com\/de\/?s={search_term_string}"},"query-input":{"@type":"PropertyValueSpecification","valueRequired":true,"valueName":"search_term_string"}}],"inLanguage":"de"}]}},"meta_box":{"industry":"","seo_heading":"","heading":"","description":"","cta_heading":"","cta_description":"","application":"473","h1":"Drupal PayPal Button-Modul","h1_caption":"F\u00fcgen Sie Ihrer Website eine Paypal-Schaltfl\u00e4che hinzu, um schnell und einfach m\u00fchelos direkt \u00fcber Paypal auf Ihrer Drupal-Website bezahlen zu k\u00f6nnen.","application_category":[],"applications_title":"","applications_request_title":"","applications_request_button_text":"","hero_text":"","hero_video":"","hero_video_schema_markup":"","selling_points_title":"","selling_points_caption":"","selling_points":[],"selling_points_cta_text":"","features_title":"","features":"","ed_cta_examples_text":"","ed_cta_examples_hidden":"","ed_cta_demo_text":"","ed_cta_demo_hidden":"","why_caption":"","why_editor_title":"","why_editor_text":"","why_team_title":"","why_team_text":"","why_service_title":"","why_service_text":"","template_catalog_visible":"0","template_catalog_title":"","template_catalog_text":"","template_catalog_categories_visible":"","demo_title":"Erstellen Sie Ihr PayPal-Button-Modul","demo_caption":"Konfigurieren Sie Ihren PayPal-Button und f\u00fcgen Sie ihn kostenlos zu Ihrer Drupal-Website hinzu!","default_faq_hidden":"","app_template_category":[],"platform":"261","template_public_id":"","codecanyon_url":"","codecanyon_item_id":"","codecanyon_price":"","pricing_caption":"","pricing_elfsight_apps_hide_column":"","pricing_elfsight_apps_url":"","pricing_codecanyon_price_caption":"","integration_category":[],"integration_request_title":"","integration_request_cta":"","integration_platform":"","integrations":[],"platform_category":[],"video_schema_markup":"","price":"ab 0 $ \/ Monat","trial":"","benefits":[{"text":"Kostenlose Installationshilfe"},{"text":"Premium-Support"},{"text":"14-t\u00e4gige R\u00fcckerstattungsgarantie"},{"text":"Regelm\u00e4\u00dfige kostenlose Updates"}],"button_url":"#demo","button_target_blank":"0","button_nofollow":"0","attributes":[{"name":"Installiert","content":"10,000 - 100,000"},{"name":"Reaktionsfreudig","content":"Ja"},{"name":"Kompatible Browser","content":"Firefox, Safari, Opera, Chrome, Edge"}],"tags":[],"tags_disable_links":"0","hide_more_platforms":"0","video_object":"","demo_hide_cta":"0","demo_hide_cloud_options":"0","pricing_title":"","pricing":[{"pricing_icon":"platform","pricing_title":"Elfsight Apps","pricing_title_caption":"Multiplattform-Version, die f\u00fcr jede Website geeignet ist","pricing_price":"ab 0 $ \/ Monat","pricing_price_caption":"Beginnen Sie mit einem kostenlosen Plan","pricing_benefits":[{"text":"Unbegrenzte Domains"},{"text":"Erstklassiger Unternehmenssupport und gut dokumentiert"},{"text":"Kostenloser Installationsservice"},{"text":"Sonderpreis f\u00fcr mehrere Apps"}],"pricing_button_text":"Zur Website hinzuf\u00fcgen","pricing_button_url":"#demo"}],"related_apps_title":"","related_apps_hidden":"0","author":"","image":[],"title":"","job":"","social_networks":[]},"_links":{"self":[{"href":"https:\/\/elfsight.com\/de\/wp-json\/wp\/v2\/pages\/9483","targetHints":{"allow":["GET"]}}],"collection":[{"href":"https:\/\/elfsight.com\/de\/wp-json\/wp\/v2\/pages"}],"about":[{"href":"https:\/\/elfsight.com\/de\/wp-json\/wp\/v2\/types\/page"}],"author":[{"embeddable":true,"href":"https:\/\/elfsight.com\/de\/wp-json\/wp\/v2\/users\/9"}],"replies":[{"embeddable":true,"href":"https:\/\/elfsight.com\/de\/wp-json\/wp\/v2\/comments?post=9483"}],"version-history":[{"count":3,"href":"https:\/\/elfsight.com\/de\/wp-json\/wp\/v2\/pages\/9483\/revisions"}],"predecessor-version":[{"id":24476,"href":"https:\/\/elfsight.com\/de\/wp-json\/wp\/v2\/pages\/9483\/revisions\/24476"}],"up":[{"embeddable":true,"href":"https:\/\/elfsight.com\/de\/wp-json\/wp\/v2\/pages\/1132"}],"wp:attachment":[{"href":"https:\/\/elfsight.com\/de\/wp-json\/wp\/v2\/media?parent=9483"}],"curies":[{"name":"wp","href":"https:\/\/api.w.org\/{rel}","templated":true}]}}