{"id":9482,"date":"1970-01-01T00:00:00","date_gmt":"1970-01-01T00:00:00","guid":{"rendered":"https:\/\/elfsight.com\/de\/?page_id=9482"},"modified":"2025-02-20T08:22:55","modified_gmt":"2025-02-20T08:22:55","slug":"joomla","status":"publish","type":"page","link":"https:\/\/elfsight.com\/de\/paypal-button-widget-generator\/joomla\/","title":{"rendered":"PayPal Button &#8211; Joomla"},"content":{"rendered":"\n<div class=\"application-platform-content-item-description application-platform-content-item\" id=\"description\" data-nav-section=\"description\"><h2>Beschreibung<\/h2><p>Das Elfsight PayPal Button-Modul ist eine unkomplizierte M\u00f6glichkeit, Ihren K\u00e4ufern die Zahlung mit PayPal auf Ihrer Website zu erm\u00f6glichen. Es hilft beim Erstellen von Schaltfl\u00e4chen f\u00fcr Zahlungen, Abonnements und Spenden. Es ist ganz einfach, Steuern und Lieferpreise hinzuzuf\u00fcgen, Lokalisierung und W\u00e4hrung auszuw\u00e4hlen, Texte anzuzeigen und vieles mehr. Beginnen Sie mit einer der zuverl\u00e4ssigsten Methoden eine praktische und sichere Zahlungsmethode f\u00fcr Ihr Publikum.<\/p><p><b>F\u00fcgen Sie PayPal-Zahlungen ohne gro\u00dfen Aufwand zu Ihrer Website hinzu!<\/b><\/p><p><b>Ein praktisches Zahlungssystem auf Ihrer Website ohne Programmieraufwand im Handumdrehen<\/b>.<br>Kunden sch\u00e4tzen sicheres Bezahlen online. Gestalten Sie mit Elfsight Ihren eigenen PayPal-Button und stellen Sie Ihren Kunden ein einfaches und schnelles Zahlungsinstrument zur Verf\u00fcgung. Kein Programmieren, kein Aufwand.<\/p><p><b>Ein einziges Tool zum Verarbeiten von Zahlungen, Abonnements und Spenden<\/b>.<br>Erm\u00f6glichen Sie Ihren Benutzern, Ihr Unternehmen zu bezahlen, zu abonnieren und zu spenden. All das ist in einem Mehrzweckinstrument von Elfsight verf\u00fcgbar, das Ihnen hilft, Aufwand und Zeit zu sparen.<\/p><p><b>Eine der zuverl\u00e4ssigsten und bekanntesten Zahlungsmethoden auf Ihrer Website<\/b>.<br> Es ist ein Muss, Ihre Website in einen der sichersten und beliebtesten kostenpflichtigen Dienste zu integrieren. Und dank des PayPal-Buttons von Elfsight dauert es nur wenige Sekunden.<\/p><\/div><div class=\"application-platform-content-item-features application-platform-content-item\" id=\"features\" data-nav-section=\"features\"><h2>Funktionen<\/h2><p>Sehen Sie hier, warum das PayPal-Plugin von Elfsight das Beste ist sind seine n\u00fctzlichen Funktionen:<\/p><ul><li>Option zum Hinzuf\u00fcgen eines Produktnamens;<\/li><li>Option zum Festlegen des Versandpreises;<\/li><li>Anpassbare Schaltfl\u00e4chenbreite;<\/li><li>Anpassbarer Schaltfl\u00e4chentext und Textfarbe;<\/li><li>PayPal-Symbol anzeigen oder ausblenden.<\/li><\/ul><p><a href=\"#demo\">Testen Sie alle Funktionen in einer Live-Demo<\/a><\/p><\/div><div class=\"application-platform-content-item-installation application-platform-content-item\" id=\"installation\" data-nav-section=\"installation\"><h2>So f\u00fcgen Sie die PayPal-Button-Erweiterung zur Joomla-Website hinzu<\/h2><div class=\"video-container\"><iframe width=\"560\" height=\"315\" src=\"https:\/\/www.youtube.com\/embed\/xFSlWteoNrY?si=UVd2FNPXYuy_71lT\" frameborder=\"0\" allow=\"accelerometer; autoplay; clipboard-write; encrypted-media; gyroscope; picture-in-picture; web-share\" allowfullscreen><\/iframe><\/div><p>Folgen Sie einfach den Anweisungen Unten erfahren Sie, wie Sie mit der Erweiterung auf Joomla arbeiten k\u00f6nnen.<\/p> <ol><li><b>Nutzen Sie unseren kostenlosen Konfigurator und beginnen Sie mit der Erstellung Ihres ma\u00dfgeschneiderten Widgets. <\/b><br> W\u00e4hlen Sie die passende Optik und Funktionalit\u00e4t der PayPal-Button-Erweiterung und speichern Sie die Korrekturen. <\/li> <li><b>Holen Sie sich Ihren pers\u00f6nlichen Code, der in der Box auf Elfsight Apps angezeigt wird. <\/b><br> Sobald die Einrichtung Ihrer Nebenstelle abgeschlossen ist, kopieren Sie den pers\u00f6nlichen Code im erscheinenden Fenster und bewahren Sie ihn f\u00fcr einen sp\u00e4teren Zeitpunkt auf. <\/li> <li><b>Initiieren Sie die Anwendung der Erweiterung auf der Joomla-Site. <\/b><br> Geben Sie den k\u00fcrzlich gespeicherten Code in Ihre Website ein und \u00fcbernehmen Sie die \u00c4nderungen. <\/li> <li><b>Die Installation wurde erfolgreich durchgef\u00fchrt. <\/b><br> Besuchen Sie Ihre Seite, um in Aktion zu sehen, wie das Plugin funktioniert. <\/li><\/ol><p>Sie haben es nicht geschafft, Ihr Modul zu gestalten oder in Ihre Website einzuf\u00fcgen? Kontaktieren Sie unser Support-Center.<\/p><div class=\"faq\" data-component=\"FAQ\"> <div class=\"faq-item\">\r\n\t\t\t\t\t<div class=\"faq-item-question\">\r\n\t\t\t\t\t\t<h3 class=\"faq-item-question-text\">Wie f\u00fcge ich ohne Programmierkenntnisse eine PayPal-Schaltfl\u00e4che zu meiner Joomla-Website hinzu?<\/h3>\r\n\r\n\t\t\t\t\t\t<div class=\"faq-item-question-icon\"><\/div>\r\n\t\t\t\t\t<\/div>\r\n\r\n\t\t\t\t\t<div class=\"faq-item-answer\">\r\n\t\t\t\t\t\t<div class=\"faq-item-answer-text\"> <p>Elfsight bietet eine SaaS-L\u00f6sung, mit der Sie selbst ein PayPal-Schaltfl\u00e4chen-Widget erstellen k\u00f6nnen Sehen Sie, wie einfach der Vorgang ist: Erstellen Sie direkt im Online-Editor ein PayPal-Button-Widget, das Sie gerne auf Ihrer Joomla-Website sehen w\u00fcrden. W\u00e4hlen Sie eine der vorgefertigten Vorlagen aus und passen Sie die Einstellungen der PayPal-Schaltfl\u00e4che an, f\u00fcgen Sie Ihre Inhalte hinzu, \u00e4ndern Sie das Layout und die Farben ohne Programmierkenntnisse. Speichern Sie die PayPal-Schaltfl\u00e4che und kopieren Sie den Installationscode, den Sie problemlos in Ihre Joomla-Website einf\u00fcgen k\u00f6nnen, ohne ein kostenpflichtiges Abonnement zu kaufen. Mit unserem intuitiven Editor kann jeder Internetnutzer online ein PayPal-Button-Widget erstellen und es einfach in seine Joomla-Website einbetten. Sie m\u00fcssen weder bezahlen noch Ihre Kartendaten eingeben, um auf den Service zuzugreifen. Sollten bei irgendeinem Schritt Probleme auftreten, wenden Sie sich bitte an unser technisches Support-Team.<\/p> <\/div>\r\n\t\t\t\t\t<\/div>\r\n\t\t\t\t<\/div> <\/div> <\/div>\n","protected":false},"excerpt":{"rendered":"","protected":false},"author":9,"featured_media":0,"parent":1132,"menu_order":0,"comment_status":"closed","ping_status":"closed","template":"templates\/template-application-platform.php","meta":{"publish_to_discourse":"","publish_post_category":"","wpdc_auto_publish_overridden":"","wpdc_topic_tags":"","wpdc_pin_topic":"","wpdc_pin_until":"","discourse_post_id":"","discourse_permalink":"","wpdc_publishing_response":"","wpdc_publishing_error":"","footnotes":""},"class_list":["post-9482","page","type-page","status-publish","hentry"],"yoast_head":"<!-- This site is optimized with the Yoast SEO plugin v25.3.1 - https:\/\/yoast.com\/wordpress\/plugins\/seo\/ -->\n<title>PayPal-Button \u2013 PayPal-Erweiterung zur Joomla-Website hinzuf\u00fcgen (in 2 Minuten)<\/title>\n<meta name=\"description\" content=\"Entwerfen Sie in nur 2 Minuten Ihre personalisierte PayPal-Button-Erweiterung f\u00fcr Joomla. Testen Sie das schnellste Plugin-Erstellungspanel von Elfsight v\u00f6llig kostenlos.\" \/>\n<meta name=\"robots\" content=\"index, follow, max-snippet:-1, max-image-preview:large, max-video-preview:-1\" \/>\n<link rel=\"canonical\" href=\"https:\/\/elfsight.com\/de\/paypal-button-widget-generator\/joomla\/\" \/>\n<meta property=\"og:locale\" content=\"de_DE\" \/>\n<meta property=\"og:type\" content=\"article\" \/>\n<meta property=\"og:title\" content=\"PayPal-Button \u2013 PayPal-Erweiterung zur Joomla-Website hinzuf\u00fcgen (in 2 Minuten)\" \/>\n<meta property=\"og:description\" content=\"Entwerfen Sie in nur 2 Minuten Ihre personalisierte PayPal-Button-Erweiterung f\u00fcr Joomla. Testen Sie das schnellste Plugin-Erstellungspanel von Elfsight v\u00f6llig kostenlos.\" \/>\n<meta property=\"og:url\" content=\"https:\/\/elfsight.com\/de\/paypal-button-widget-generator\/joomla\/\" \/>\n<meta property=\"og:site_name\" content=\"Elfsight DE\" \/>\n<meta property=\"article:modified_time\" content=\"2025-02-20T08:22:55+00:00\" \/>\n<meta name=\"twitter:card\" content=\"summary_large_image\" \/>\n<meta name=\"twitter:label1\" content=\"Gesch\u00e4tzte Lesezeit\" \/>\n\t<meta name=\"twitter:data1\" content=\"3\u00a0Minuten\" \/>\n<!-- \/ Yoast SEO plugin. -->","yoast_head_json":{"title":"PayPal-Button \u2013 PayPal-Erweiterung zur Joomla-Website hinzuf\u00fcgen (in 2 Minuten)","description":"Entwerfen Sie in nur 2 Minuten Ihre personalisierte PayPal-Button-Erweiterung f\u00fcr Joomla. Testen Sie das schnellste Plugin-Erstellungspanel von Elfsight v\u00f6llig kostenlos.","robots":{"index":"index","follow":"follow","max-snippet":"max-snippet:-1","max-image-preview":"max-image-preview:large","max-video-preview":"max-video-preview:-1"},"canonical":"https:\/\/elfsight.com\/de\/paypal-button-widget-generator\/joomla\/","og_locale":"de_DE","og_type":"article","og_title":"PayPal-Button \u2013 PayPal-Erweiterung zur Joomla-Website hinzuf\u00fcgen (in 2 Minuten)","og_description":"Entwerfen Sie in nur 2 Minuten Ihre personalisierte PayPal-Button-Erweiterung f\u00fcr Joomla. Testen Sie das schnellste Plugin-Erstellungspanel von Elfsight v\u00f6llig kostenlos.","og_url":"https:\/\/elfsight.com\/de\/paypal-button-widget-generator\/joomla\/","og_site_name":"Elfsight DE","article_modified_time":"2025-02-20T08:22:55+00:00","twitter_card":"summary_large_image","twitter_misc":{"Gesch\u00e4tzte Lesezeit":"3\u00a0Minuten"},"schema":{"@context":"https:\/\/schema.org","@graph":[{"@type":"WebPage","@id":"https:\/\/elfsight.com\/de\/paypal-button-widget-generator\/joomla\/","url":"https:\/\/elfsight.com\/de\/paypal-button-widget-generator\/joomla\/","name":"PayPal-Button \u2013 PayPal-Erweiterung zur Joomla-Website hinzuf\u00fcgen (in 2 Minuten)","isPartOf":{"@id":"https:\/\/elfsight.com\/de\/#website"},"datePublished":"1970-01-01T00:00:00+00:00","dateModified":"2025-02-20T08:22:55+00:00","description":"Entwerfen Sie in nur 2 Minuten Ihre personalisierte PayPal-Button-Erweiterung f\u00fcr Joomla. Testen Sie das schnellste Plugin-Erstellungspanel von Elfsight v\u00f6llig kostenlos.","breadcrumb":{"@id":"https:\/\/elfsight.com\/de\/paypal-button-widget-generator\/joomla\/#breadcrumb"},"inLanguage":"de","potentialAction":[{"@type":"ReadAction","target":["https:\/\/elfsight.com\/de\/paypal-button-widget-generator\/joomla\/"]}]},{"@type":"BreadcrumbList","@id":"https:\/\/elfsight.com\/de\/paypal-button-widget-generator\/joomla\/#breadcrumb","itemListElement":[{"@type":"ListItem","position":1,"name":"Home","item":"https:\/\/elfsight.com\/de\/"},{"@type":"ListItem","position":2,"name":"PayPal Button","item":"https:\/\/elfsight.com\/de\/paypal-button-widget-generator\/"},{"@type":"ListItem","position":3,"name":"PayPal Button &#8211; Joomla"}]},{"@type":"WebSite","@id":"https:\/\/elfsight.com\/de\/#website","url":"https:\/\/elfsight.com\/de\/","name":"Elfsight DE","description":"Just another Elfsight Sites site","potentialAction":[{"@type":"SearchAction","target":{"@type":"EntryPoint","urlTemplate":"https:\/\/elfsight.com\/de\/?s={search_term_string}"},"query-input":{"@type":"PropertyValueSpecification","valueRequired":true,"valueName":"search_term_string"}}],"inLanguage":"de"}]}},"meta_box":{"industry":"","seo_heading":"","heading":"","description":"","cta_heading":"","cta_description":"","application":"473","h1":"Joomla PayPal Button-Erweiterung","h1_caption":"F\u00fcgen Sie Ihrer Website eine Paypal-Schaltfl\u00e4che hinzu, um schnell und einfach m\u00fchelos direkt \u00fcber Paypal auf Ihrer Joomla-Website bezahlen zu k\u00f6nnen.","application_category":[],"applications_title":"","applications_request_title":"","applications_request_button_text":"","hero_text":"","hero_video":"","hero_video_schema_markup":"","selling_points_title":"","selling_points_caption":"","selling_points":[],"selling_points_cta_text":"","features_title":"","features":"","ed_cta_examples_text":"","ed_cta_examples_hidden":"","ed_cta_demo_text":"","ed_cta_demo_hidden":"","why_caption":"","why_editor_title":"","why_editor_text":"","why_team_title":"","why_team_text":"","why_service_title":"","why_service_text":"","template_catalog_visible":"0","template_catalog_title":"","template_catalog_text":"","template_catalog_categories_visible":"","demo_title":"Erstellen Sie Ihr PayPal-Button-Plugin","demo_caption":"Konfigurieren Sie Ihren PayPal-Button und f\u00fcgen Sie ihn kostenlos zu Ihrer Joomla-Website hinzu!","default_faq_hidden":"","app_template_category":[],"platform":"259","template_public_id":"","codecanyon_url":"","codecanyon_item_id":"","codecanyon_price":"","pricing_caption":"","pricing_elfsight_apps_hide_column":"","pricing_elfsight_apps_url":"","pricing_codecanyon_price_caption":"","integration_category":[],"integration_request_title":"","integration_request_cta":"","integration_platform":"","integrations":[],"platform_category":[],"video_schema_markup":"","price":"ab 0 $ \/ Monat","trial":"","benefits":[{"text":"Kostenlose Installationsunterst\u00fctzung"},{"text":"Au\u00dfergew\u00f6hnlicher Support"},{"text":"14-t\u00e4gige Geld-zur\u00fcck-Garantie"},{"text":"St\u00e4ndige Aktualisierung"}],"button_url":"#demo","button_target_blank":"0","button_nofollow":"0","attributes":[{"name":"Installiert","content":"10,000 - 100,000"},{"name":"Reaktionsfreudig","content":"Ja"},{"name":"Kompatible Browser","content":"Firefox, Safari, Opera, Chrome, Edge"}],"tags":[],"tags_disable_links":"0","hide_more_platforms":"0","video_object":"","demo_hide_cta":"0","demo_hide_cloud_options":"0","pricing_title":"","pricing":[{"pricing_icon":"platform","pricing_title":"Elfsight Apps","pricing_title_caption":"Multiplattform-L\u00f6sung, die f\u00fcr jeden Standort geeignet ist","pricing_price":"ab 0 $ \/ Monat","pricing_price_caption":"Beginnen Sie mit einem kostenlosen Plan","pricing_benefits":[{"text":"Unbegrenzte Websites"},{"text":"Engagierter und p\u00fcnktlicher Support"},{"text":"Kostenlose Installationshilfe"},{"text":"Preis f\u00fcr mehrere Apps"}],"pricing_button_text":"Zur Website hinzuf\u00fcgen","pricing_button_url":"#demo"}],"related_apps_title":"","related_apps_hidden":"0","author":"","image":[],"title":"","job":"","social_networks":[]},"_links":{"self":[{"href":"https:\/\/elfsight.com\/de\/wp-json\/wp\/v2\/pages\/9482","targetHints":{"allow":["GET"]}}],"collection":[{"href":"https:\/\/elfsight.com\/de\/wp-json\/wp\/v2\/pages"}],"about":[{"href":"https:\/\/elfsight.com\/de\/wp-json\/wp\/v2\/types\/page"}],"author":[{"embeddable":true,"href":"https:\/\/elfsight.com\/de\/wp-json\/wp\/v2\/users\/9"}],"replies":[{"embeddable":true,"href":"https:\/\/elfsight.com\/de\/wp-json\/wp\/v2\/comments?post=9482"}],"version-history":[{"count":3,"href":"https:\/\/elfsight.com\/de\/wp-json\/wp\/v2\/pages\/9482\/revisions"}],"predecessor-version":[{"id":24478,"href":"https:\/\/elfsight.com\/de\/wp-json\/wp\/v2\/pages\/9482\/revisions\/24478"}],"up":[{"embeddable":true,"href":"https:\/\/elfsight.com\/de\/wp-json\/wp\/v2\/pages\/1132"}],"wp:attachment":[{"href":"https:\/\/elfsight.com\/de\/wp-json\/wp\/v2\/media?parent=9482"}],"curies":[{"name":"wp","href":"https:\/\/api.w.org\/{rel}","templated":true}]}}