{"id":9473,"date":"1970-01-01T00:00:00","date_gmt":"1970-01-01T00:00:00","guid":{"rendered":"https:\/\/elfsight.com\/de\/?page_id=9473"},"modified":"2025-07-09T14:07:04","modified_gmt":"2025-07-09T14:07:04","slug":"opencart","status":"publish","type":"page","link":"https:\/\/elfsight.com\/de\/paypal-button-widget-generator\/opencart\/","title":{"rendered":"PayPal Button &#8211; OpenCart"},"content":{"rendered":"<div class=\"application-platform-content-item-description application-platform-content-item\" id=\"description\" data-nav-section=\"description\"><h2>Beschreibung<\/h2><p>Die Integration des PayPal-Buttons ist eine einfache M\u00f6glichkeit, Ihren Benutzern die Durchf\u00fchrung von Zahlungen \u00fcber PayPal auf Ihrer Website zu erm\u00f6glichen. Es erm\u00f6glicht die Anzeige von Schaltfl\u00e4chen f\u00fcr Kassen, wiederholte Abonnements und Spenden. Es ist ganz einfach, Steuern und Versandkosten hinzuzuf\u00fcgen, die Lokalisierung und W\u00e4hrung zu \u00e4ndern, Text hinzuzuf\u00fcgen und vieles mehr. Organisieren Sie einen praktischen und sicheren Zahlungsvorgang f\u00fcr Ihre Benutzer mit Hilfe eines der seri\u00f6sesten Zahlungsinstrumente f\u00fcr unterwegs.<\/p><p><b>Erm\u00f6glichen Sie Ihren Kunden, Zahlungen \u00fcber PayPal auf Ihrer Website zu t\u00e4tigen und steigern Sie Ihren Umsatz! <\/b><\/p><p><b>Ein praktisches Zahlungsverfahren auf Ihrer Website \u2013 im Handumdrehen<\/b>.<br> F\u00fcr ein erfolgreiches Unternehmen ist es \u00e4u\u00dferst wichtig, seinen Kunden einfache Online-Zahlungen zu erm\u00f6glichen. Integrieren Sie die PayPal-Schaltfl\u00e4che von Elfsight in Ihre Website und erledigen Sie dies einfach und schnell.<\/p><p><b>Eine universelle L\u00f6sung zum Akzeptieren von Zahlungen, Abonnements und Spenden<\/b>.<br> Mit nur einem Widget Mit Elfsight k\u00f6nnen Sie Schaltfl\u00e4chen zum Bezahlen, Abonnieren und Spenden auf Ihrer Website entwerfen. Sparen Sie Zeit und M\u00fche und erhalten Sie ein multifunktionales Instrument, das Ihnen vielf\u00e4ltige M\u00f6glichkeiten bietet.<\/p><p><b>Eines der sichersten und beliebtesten Zahlungssysteme auf Ihrer Website<\/b>.<br> Gestalten Sie Ihre Website So ist es f\u00fcr Ihre Kunden wirklich bequem und regt den Verkauf an. Erm\u00f6glichen Sie Benutzern die Zahlung \u00fcber ein bekanntes und zuverl\u00e4ssiges Instrument auf Ihrer Website und zeigen Sie ihnen, dass Ihr Unternehmen zuverl\u00e4ssig ist.<\/p><\/div><div class=\"application-platform-content-item-features application-platform-content-item\" id=\"features\" data-nav-section=\"features\"><h2>Funktionen<\/h2><p> Entdecken Sie die Funktionen, die unsere Integration zu einer der besten f\u00fcr Website-Zahlungen machen:<\/p><ul><li>Drei Arten von Schaltfl\u00e4chen: Einzelzahlung, Abonnement, Spende;<\/li><li>Option zum Festlegen des Versandpreises; <\/li><li>Responsive Gr\u00f6\u00dfe f\u00fcr optimales Aussehen auf jedem Ger\u00e4t;<\/li><li>Optionen f\u00fcr den Schaltfl\u00e4chenrand: Gr\u00f6\u00dfe, Farbe, Radius;<\/li><li>Option, um einen Kunden zu einem benutzerdefinierten Dankesch\u00f6n weiterzuleiten Seite nach einer erfolgreichen Transaktion.<\/li><\/ul><p><a href=\"#demo\">Testen Sie alle Eigenschaften in der kostenlosen Demo<\/a><\/p><\/div><div class=\"application-platform-content-item-installation  application-platform-content-item\" id=\"installation \" data-nav-section=\"installation \"><h2>So f\u00fcgen Sie den PayPal-Button zur OpenCart-Website hinzu<\/h2><p>Befolgen Sie einfach die unten beschriebenen Schritte, um das Widget in OpenCart einzubetten.<\/p> <ol><li><b>F\u00fchren Sie unseren aus Kostenlose Demo und beginnen Sie mit der Erstellung Ihres einzigartigen Widgets. <\/b><br> Bestimmen Sie die gew\u00fcnschte Schnittstelle und die Eigenschaften des Widgets und wenden Sie die \u00c4nderungen an. <\/li> <li><b>Erhalten Sie Ihren individuellen Code, der im speziellen Formular auf Elfsight Apps erscheint. <\/b><br> Nachdem die Einrichtung Ihres Widgets abgeschlossen ist, kopieren Sie den exklusiven Code aus dem angezeigten Popup und bewahren Sie ihn f\u00fcr die zuk\u00fcnftige Verwendung auf. <\/li> <li><b>Erste Schritte mit der Verwendung des PayPal-Button-Widgets auf Ihrer OpenCart-Website. <\/b><br> Platzieren Sie den zuvor gespeicherten Code auf Ihrer Website und \u00fcbernehmen Sie die Anpassungen. <\/li> <li><b>Du bist fertig! Das Setup ist vollst\u00e4ndig durchgef\u00fchrt. <\/b><br> Besuchen Sie Ihre Website, um zu \u00fcberpr\u00fcfen, wie das Tool funktioniert. <\/li><\/ol> <p>F\u00e4llt es Ihnen schwer, die Erweiterung in Ihre Website einzubetten oder anzupassen? Nehmen Sie Kontakt mit unserem Kundensupport auf.<\/p><div class=\"faq\" data-component=\"FAQ\"> <div class=\"faq-item\">\r\n\t\t\t\t\t<div class=\"faq-item-question\">\r\n\t\t\t\t\t\t<h3 class=\"faq-item-question-text\">Wie f\u00fcge ich ohne Programmierkenntnisse eine PayPal-Schaltfl\u00e4che zu meiner OpenCart-Website hinzu?<\/h3>\r\n\r\n\t\t\t\t\t\t<div class=\"faq-item-question-icon\"><\/div>\r\n\t\t\t\t\t<\/div>\r\n\r\n\t\t\t\t\t<div class=\"faq-item-answer\">\r\n\t\t\t\t\t\t<div class=\"faq-item-answer-text\"> <p>Elfsight bietet eine SaaS-L\u00f6sung, mit der Sie ein PayPal-Konto erstellen k\u00f6nnen Erstellen Sie selbst ein Button-Widget und sehen Sie, wie einfach der Vorgang ist: Erstellen Sie direkt im Online-Editor ein PayPal-Button-Widget, das Sie gerne auf Ihrer OpenCart-Website sehen m\u00f6chten. W\u00e4hlen Sie eine der vorgefertigten Vorlagen aus und passen Sie die Einstellungen der PayPal-Schaltfl\u00e4che an, f\u00fcgen Sie Ihre Inhalte hinzu, \u00e4ndern Sie das Layout und die Farben ohne Programmierkenntnisse. Speichern Sie die PayPal-Schaltfl\u00e4che und kopieren Sie den Installationscode, den Sie problemlos in Ihre OpenCart-Website einf\u00fcgen k\u00f6nnen, ohne einen kostenpflichtigen Plan kaufen zu m\u00fcssen. Mit unserem intuitiven Editor kann jeder Internetnutzer online ein PayPal-Button-Widget erstellen und es einfach in seine OpenCart-Website einbetten. Sie m\u00fcssen weder bezahlen noch Ihre Kartendaten eingeben, um auf den Service zuzugreifen. Sollten bei irgendeinem Schritt Probleme auftreten, wenden Sie sich bitte an unser technisches Support-Team.<\/p> <\/div>\r\n\t\t\t\t\t<\/div>\r\n\t\t\t\t<\/div> <\/div> <\/div>","protected":false},"excerpt":{"rendered":"","protected":false},"author":9,"featured_media":0,"parent":1132,"menu_order":0,"comment_status":"closed","ping_status":"closed","template":"templates\/template-application-platform.php","meta":{"publish_to_discourse":"","publish_post_category":"","wpdc_auto_publish_overridden":"","wpdc_topic_tags":"","wpdc_pin_topic":"","wpdc_pin_until":"","discourse_post_id":"","discourse_permalink":"","wpdc_publishing_response":"","wpdc_publishing_error":"","footnotes":""},"class_list":["post-9473","page","type-page","status-publish","hentry"],"yoast_head":"<!-- This site is optimized with the Yoast SEO plugin v25.3.1 - https:\/\/yoast.com\/wordpress\/plugins\/seo\/ -->\n<title>PayPal-Button \u2013 PayPal-Erweiterung zur OpenCart-Website hinzuf\u00fcgen (2025)<\/title>\n<meta name=\"description\" content=\"F\u00fcgen Sie Ihrer OpenCart-Website in nur 3 Minuten eine PayPal-Erweiterung hinzu. Genie\u00dfen Sie viele Vorteile der besten PayPal-Integration kostenlos.\" \/>\n<meta name=\"robots\" content=\"index, follow, max-snippet:-1, max-image-preview:large, max-video-preview:-1\" \/>\n<link rel=\"canonical\" href=\"https:\/\/elfsight.com\/de\/paypal-button-widget-generator\/opencart\/\" \/>\n<meta property=\"og:locale\" content=\"de_DE\" \/>\n<meta property=\"og:type\" content=\"article\" \/>\n<meta property=\"og:title\" content=\"PayPal-Button \u2013 PayPal-Erweiterung zur OpenCart-Website hinzuf\u00fcgen (2025)\" \/>\n<meta property=\"og:description\" content=\"F\u00fcgen Sie Ihrer OpenCart-Website in nur 3 Minuten eine PayPal-Erweiterung hinzu. Genie\u00dfen Sie viele Vorteile der besten PayPal-Integration kostenlos.\" \/>\n<meta property=\"og:url\" content=\"https:\/\/elfsight.com\/de\/paypal-button-widget-generator\/opencart\/\" \/>\n<meta property=\"og:site_name\" content=\"Elfsight DE\" \/>\n<meta property=\"article:modified_time\" content=\"2025-07-09T14:07:04+00:00\" \/>\n<meta name=\"twitter:card\" content=\"summary_large_image\" \/>\n<meta name=\"twitter:label1\" content=\"Gesch\u00e4tzte Lesezeit\" \/>\n\t<meta name=\"twitter:data1\" content=\"3\u00a0Minuten\" \/>\n<!-- \/ Yoast SEO plugin. -->","yoast_head_json":{"title":"PayPal-Button \u2013 PayPal-Erweiterung zur OpenCart-Website hinzuf\u00fcgen (2025)","description":"F\u00fcgen Sie Ihrer OpenCart-Website in nur 3 Minuten eine PayPal-Erweiterung hinzu. Genie\u00dfen Sie viele Vorteile der besten PayPal-Integration kostenlos.","robots":{"index":"index","follow":"follow","max-snippet":"max-snippet:-1","max-image-preview":"max-image-preview:large","max-video-preview":"max-video-preview:-1"},"canonical":"https:\/\/elfsight.com\/de\/paypal-button-widget-generator\/opencart\/","og_locale":"de_DE","og_type":"article","og_title":"PayPal-Button \u2013 PayPal-Erweiterung zur OpenCart-Website hinzuf\u00fcgen (2025)","og_description":"F\u00fcgen Sie Ihrer OpenCart-Website in nur 3 Minuten eine PayPal-Erweiterung hinzu. Genie\u00dfen Sie viele Vorteile der besten PayPal-Integration kostenlos.","og_url":"https:\/\/elfsight.com\/de\/paypal-button-widget-generator\/opencart\/","og_site_name":"Elfsight DE","article_modified_time":"2025-07-09T14:07:04+00:00","twitter_card":"summary_large_image","twitter_misc":{"Gesch\u00e4tzte Lesezeit":"3\u00a0Minuten"},"schema":{"@context":"https:\/\/schema.org","@graph":[{"@type":"WebPage","@id":"https:\/\/elfsight.com\/de\/paypal-button-widget-generator\/opencart\/","url":"https:\/\/elfsight.com\/de\/paypal-button-widget-generator\/opencart\/","name":"PayPal-Button \u2013 PayPal-Erweiterung zur OpenCart-Website hinzuf\u00fcgen (2025)","isPartOf":{"@id":"https:\/\/elfsight.com\/de\/#website"},"datePublished":"1970-01-01T00:00:00+00:00","dateModified":"2025-07-09T14:07:04+00:00","description":"F\u00fcgen Sie Ihrer OpenCart-Website in nur 3 Minuten eine PayPal-Erweiterung hinzu. Genie\u00dfen Sie viele Vorteile der besten PayPal-Integration kostenlos.","breadcrumb":{"@id":"https:\/\/elfsight.com\/de\/paypal-button-widget-generator\/opencart\/#breadcrumb"},"inLanguage":"de","potentialAction":[{"@type":"ReadAction","target":["https:\/\/elfsight.com\/de\/paypal-button-widget-generator\/opencart\/"]}]},{"@type":"BreadcrumbList","@id":"https:\/\/elfsight.com\/de\/paypal-button-widget-generator\/opencart\/#breadcrumb","itemListElement":[{"@type":"ListItem","position":1,"name":"Home","item":"https:\/\/elfsight.com\/de\/"},{"@type":"ListItem","position":2,"name":"PayPal Button","item":"https:\/\/elfsight.com\/de\/paypal-button-widget-generator\/"},{"@type":"ListItem","position":3,"name":"PayPal Button &#8211; OpenCart"}]},{"@type":"WebSite","@id":"https:\/\/elfsight.com\/de\/#website","url":"https:\/\/elfsight.com\/de\/","name":"Elfsight DE","description":"Just another Elfsight Sites site","potentialAction":[{"@type":"SearchAction","target":{"@type":"EntryPoint","urlTemplate":"https:\/\/elfsight.com\/de\/?s={search_term_string}"},"query-input":{"@type":"PropertyValueSpecification","valueRequired":true,"valueName":"search_term_string"}}],"inLanguage":"de"}]}},"meta_box":{"industry":"","seo_heading":"","heading":"","description":"","cta_heading":"","cta_description":"","application":"473","h1":"OpenCart PayPal Button-Erweiterung","h1_caption":"F\u00fcgen Sie einen Paypal-Button zu Ihrer Website hinzu, um schnell und einfach m\u00fchelos direkt \u00fcber Paypal auf Ihrer Opencart-Website zu bezahlen.","application_category":[],"applications_title":"","applications_request_title":"","applications_request_button_text":"","hero_text":"","hero_video":"","hero_video_schema_markup":"","selling_points_title":"","selling_points_caption":"","selling_points":[],"selling_points_cta_text":"","features_title":"","features":"","ed_cta_examples_text":"","ed_cta_examples_hidden":"","ed_cta_demo_text":"","ed_cta_demo_hidden":"","why_caption":"","why_editor_title":"","why_editor_text":"","why_team_title":"","why_team_text":"","why_service_title":"","why_service_text":"","template_catalog_visible":"","template_catalog_title":"","template_catalog_text":"","template_catalog_categories_visible":"","demo_title":"Erstellen Sie Ihre PayPal-Button-Erweiterung","demo_caption":"Konfigurieren Sie Ihren PayPal-Button und f\u00fcgen Sie ihn kostenlos zu Ihrer OpenCart-Website hinzu!","default_faq_hidden":"","app_template_category":[],"platform":"254","template_public_id":"","codecanyon_url":"","codecanyon_item_id":"","codecanyon_price":"","pricing_caption":"","pricing_elfsight_apps_hide_column":"","pricing_elfsight_apps_url":"","pricing_codecanyon_price_caption":"","integration_category":[],"integration_request_title":"","integration_request_cta":"","integration_platform":"","integrations":[],"platform_category":[],"video_schema_markup":"","price":"ab 0 $ \/ Monat","trial":"","benefits":[{"text":"Kostenlose Installationsunterst\u00fctzung"},{"text":"Kompetenter Kundenservice"},{"text":"14-t\u00e4gige Geld-zur\u00fcck-Garantie"},{"text":"Kontinuierliche Updates"}],"button_url":"#demo","button_target_blank":"","button_nofollow":"","attributes":[{"name":"Installiert","content":"10,000 - 100,000"},{"name":"Reaktionsfreudig","content":"Ja"},{"name":"Kompatible Browser","content":"Edge, Safari, Opera, Firefox, Chrome"}],"tags":[],"tags_disable_links":"","hide_more_platforms":"","video_object":"","demo_hide_cta":"","demo_hide_cloud_options":"","pricing_title":"","pricing":[{"pricing_icon":"platform","pricing_title":"Elfsight Apps","pricing_title_caption":"Plattform\u00fcbergreifende digitale L\u00f6sung, die zu jeder Website passt","pricing_price":"ab 0 $ \/ Monat","pricing_price_caption":"Beginnen Sie mit einem kostenlosen Plan","pricing_benefits":[{"text":"Unbegrenzte Domains"},{"text":"Professioneller Kundensupport"},{"text":"Kostenlose Installationshilfe"},{"text":"Vollst\u00e4ndig anpassbar"}],"pricing_button_text":"Zur Website hinzuf\u00fcgen","pricing_button_url":"#demo"}],"related_apps_title":"","related_apps_hidden":"","author":"","image":[],"title":"","job":"","social_networks":[]},"_links":{"self":[{"href":"https:\/\/elfsight.com\/de\/wp-json\/wp\/v2\/pages\/9473","targetHints":{"allow":["GET"]}}],"collection":[{"href":"https:\/\/elfsight.com\/de\/wp-json\/wp\/v2\/pages"}],"about":[{"href":"https:\/\/elfsight.com\/de\/wp-json\/wp\/v2\/types\/page"}],"author":[{"embeddable":true,"href":"https:\/\/elfsight.com\/de\/wp-json\/wp\/v2\/users\/9"}],"replies":[{"embeddable":true,"href":"https:\/\/elfsight.com\/de\/wp-json\/wp\/v2\/comments?post=9473"}],"version-history":[{"count":1,"href":"https:\/\/elfsight.com\/de\/wp-json\/wp\/v2\/pages\/9473\/revisions"}],"predecessor-version":[{"id":9477,"href":"https:\/\/elfsight.com\/de\/wp-json\/wp\/v2\/pages\/9473\/revisions\/9477"}],"up":[{"embeddable":true,"href":"https:\/\/elfsight.com\/de\/wp-json\/wp\/v2\/pages\/1132"}],"wp:attachment":[{"href":"https:\/\/elfsight.com\/de\/wp-json\/wp\/v2\/media?parent=9473"}],"curies":[{"name":"wp","href":"https:\/\/api.w.org\/{rel}","templated":true}]}}