{"id":9468,"date":"1970-01-01T00:00:00","date_gmt":"1970-01-01T00:00:00","guid":{"rendered":"https:\/\/elfsight.com\/de\/?page_id=9468"},"modified":"2025-02-20T08:29:00","modified_gmt":"2025-02-20T08:29:00","slug":"shopify","status":"publish","type":"page","link":"https:\/\/elfsight.com\/de\/paypal-button-widget-generator\/shopify\/","title":{"rendered":"PayPal Button &#8211; Shopify"},"content":{"rendered":"\n<div class=\"application-platform-content-item-description application-platform-content-item\" id=\"description\" data-nav-section=\"description\"><h2>PayPal-Button auf Shopify mit dem Elfsight-Widget einbetten<\/h2><p>F\u00fcgen Sie Ihrer Website ganz einfach ein seri\u00f6ses Zahlungstool hinzu. Mit der PayPal-Schaltfl\u00e4che von Elfsight k\u00f6nnen Sie Zahlungen, einmalige und wiederkehrende Abonnements sowie Spenden von Ihren Kunden akzeptieren. Gestalten Sie Ihren personalisierten Button, indem Sie die Zahlungsvariante, die W\u00e4hrung, die Lokalisierung und die Darstellungsoptionen ausw\u00e4hlen, um ihn einzigartig zu machen. Ihre Kunden werden es genie\u00dfen, auf Ihrer Website schnell und bequem \u00fcber die PayPal-Schaltfl\u00e4che zu bezahlen.<\/p><p><b>Geben Sie Ihren Kunden die M\u00f6glichkeit, auf Ihrer Website mit PayPal zu bezahlen und steigern Sie den Umsatz!<\/b><\/p><p><b>Eine praktische Zahlungsmethode auf Ihrer Website, die im Handumdrehen ohne Programmierung installiert werden kann<\/b>.<br>F\u00fcr ein starkes Unternehmen ist es wichtig, seinem Publikum eine praktische Option f\u00fcr Online-Zahlungen anzubieten. Mit der PayPal-Schaltfl\u00e4che von Elfsight auf Ihrer Website k\u00f6nnen Sie dies erledigen. Installieren Sie es schnell und ohne Aufwand.<\/p><p><b>Ein einziges Instrument zum Erhalten von Zahlungen, Abonnements und Spenden<\/b>.<br>Mit einem Tool von Elfsight k\u00f6nnen Sie Schaltfl\u00e4chen f\u00fcr Zahlungen und Abonnements entwerfen , und Spenden auf Ihrer Website. Sparen Sie Zeit und Aufwand und nutzen Sie ein universelles Instrument, das Ihnen vielf\u00e4ltige M\u00f6glichkeiten bietet.<\/p><p><b>Eines der zuverl\u00e4ssigsten und bekanntesten Zahlungsinstrumente auf Ihrer Website<\/b>.<br> Sorgen Sie f\u00fcr eine praktische und einfache Zahlungsabwicklung f\u00fcr Ihre Kunden und steigern Sie den Umsatz. Erm\u00f6glichen Sie Benutzern die Durchf\u00fchrung von Zahlungen \u00fcber ein bekanntes und sicheres Tool auf Ihrer Website und st\u00e4rken Sie das Vertrauen in Ihr Unternehmen.<\/p><\/div><div class=\"application-platform-content-item-features application-platform-content-item\" id=\"features\" data-nav-section=\"features\"><h2>Hauptfunktionen des PayPal-Button-Widgets<\/h2><p>Sehen Sie, warum das PayPal-Widget von Elfsight das Beste ist. Hier sind seine n\u00fctzlichen Funktionen:<\/p><ul><li>Produktpreis festlegen;<\/li><li>Option zum Festlegen des Versandpreises;<\/li><li>Sie k\u00f6nnen die Schaltfl\u00e4chengr\u00f6\u00dfe mit einem praktischen Schieberegler \u00e4ndern;<\/li><li>Anpassbarer Schaltfl\u00e4chentext und Textfarbe;<\/li><li>PayPal-Logotext anzeigen oder ausblenden.<\/li><\/ul><p><a href=\"#demo\">Testen Sie alle Details<\/a><\/p><\/div><div class=\"application-platform-content-item-installation application-platform-content-item\" id=\"installation\" data-nav-section=\"installation\"><h2>So f\u00fcgen Sie den PayPal-Button zur Shopify-Website hinzu<\/h2><div class=\"video-container\"><iframe width=\"560\" height=\"315\" src=\"https:\/\/www.youtube.com\/embed\/1tR59ilBg6I?si=tKN1aqPgb6aonVT6\" frameborder=\"0\" allow=\"accelerometer; autoplay; clipboard-write; encrypted-media; gyroscope; picture-in-picture; web-share\" allowfullscreen><\/iframe><\/div><p>Sehen Sie sich ein Tutorial unseres Teams an, um das Plugin auf Ihrer Website anzuzeigen. Der Installationsvorgang dauert weniger als ein paar Minuten und es sind keine Programmierkenntnisse erforderlich.<\/p><ol><li><b>Nutzen Sie unseren kostenlosen Editor und beginnen Sie mit der Arbeit mit Ihrer ma\u00dfgeschneiderten App. <\/b><br> Bestimmen Sie das gew\u00fcnschte Aussehen und die Funktionalit\u00e4t der App und nehmen Sie alle \u00c4nderungen vor. <\/li> <li><b>Kopieren Sie Ihren individuellen Code, der im Fenster von Elfsight Apps angezeigt wird. <\/b><br> Sobald die Einrichtung Ihrer pers\u00f6nlichen App abgeschlossen ist, kopieren Sie Ihren Code aus dem angezeigten Popup und speichern Sie ihn f\u00fcr eine sp\u00e4tere Verwendung. <\/li> <li><b>Beginnen Sie mit der Nutzung der App auf der Shopify-Website. <\/b><br> F\u00fcgen Sie den Code, den Sie k\u00fcrzlich gespeichert haben, in Ihre Seite ein und speichern Sie die Korrekturen. <\/li> <li><b>Du bist fertig! Die Integration ist erfolgreich abgeschlossen. <\/b><br> \u00d6ffnen Sie Ihre Website, um die Funktion der App zu \u00fcberpr\u00fcfen. <\/li><\/ol><p>Haben Sie Schwierigkeiten mit der Anleitung? Senden Sie eine Nachricht an das Elfsight-Supportcenter oder sehen Sie sich die Vollversion des Tutorials an und versuchen Sie es erneut.<\/p><\/div><div class=\"faq\" data-component=\"FAQ\"><div class=\"faq-item\">\r\n\t\t\t\t\t<div class=\"faq-item-question\">\r\n\t\t\t\t\t\t<h3 class=\"faq-item-question-text\">Auf welche Weise bette ich ein? ein PayPal-Button zum Shopify? <\/h3>\r\n\r\n\t\t\t\t\t\t<div class=\"faq-item-question-icon\"><\/div>\r\n\t\t\t\t\t<\/div>\r\n\r\n\t\t\t\t\t<div class=\"faq-item-answer\">\r\n\t\t\t\t\t\t<div class=\"faq-item-answer-text\"><p>Die Erstellung des Tools erfolgt auf den Elfsight-Seiten und es ist nicht erforderlich, das Programmieren zu lernen. Nutzen Sie unsere aktive Demo, um Ihr pers\u00f6nliches Tool zu erstellen, holen Sie sich den Code und f\u00fcgen Sie ihn in Ihre Website ein. <\/p><\/div>\r\n\t\t\t\t\t<\/div>\r\n\t\t\t\t<\/div><div class=\"faq-item\">\r\n\t\t\t\t\t<div class=\"faq-item-question\">\r\n\t\t\t\t\t\t<h3 class=\"faq-item-question-text\">Die besten M\u00f6glichkeiten, die PayPal-Integration zu nutzen<\/h3>\r\n\r\n\t\t\t\t\t\t<div class=\"faq-item-question-icon\"><\/div>\r\n\t\t\t\t\t<\/div>\r\n\r\n\t\t\t\t\t<div class=\"faq-item-answer\">\r\n\t\t\t\t\t\t<div class=\"faq-item-answer-text\"><p>Wir gew\u00e4hren Ihnen eine F\u00fclle von Anpassungsoptionen: Widgets in Originalgr\u00f6\u00dfe zum Hinzuf\u00fcgen im Inhaltsbereich, schwebende Widgets f\u00fcr Scrolloptionen, Layouts f\u00fcr die Fu\u00dfzeile, die Kopfzeile und alle Variationen vertikaler M\u00f6glichkeiten f\u00fcr Website-Seitenleisten und Men\u00fcs. <\/p><\/div>\r\n\t\t\t\t\t<\/div>\r\n\t\t\t\t<\/div><div class=\"faq-item\">\r\n\t\t\t\t\t<div class=\"faq-item-question\">\r\n\t\t\t\t\t\t<h3 class=\"faq-item-question-text\">Kann ich mit Hilfe des Editors einen Abonnement- oder Spenden-PayPal-Button erstellen? <\/h3>\r\n\r\n\t\t\t\t\t\t<div class=\"faq-item-question-icon\"><\/div>\r\n\t\t\t\t\t<\/div>\r\n\r\n\t\t\t\t\t<div class=\"faq-item-answer\">\r\n\t\t\t\t\t\t<div class=\"faq-item-answer-text\"><p>Es steht Ihnen frei, \u00c4nderungen an jedem Widget vorzunehmen. Im Editor stehen Ihnen zahlreiche Layouts zur Verf\u00fcgung, die Sie alle ganz einfach an Ihre Bed\u00fcrfnisse anpassen k\u00f6nnen. <\/p><\/div>\r\n\t\t\t\t\t<\/div>\r\n\t\t\t\t<\/div><\/div>\n","protected":false},"excerpt":{"rendered":"","protected":false},"author":9,"featured_media":0,"parent":1132,"menu_order":0,"comment_status":"closed","ping_status":"closed","template":"templates\/template-application-platform.php","meta":{"publish_to_discourse":"","publish_post_category":"","wpdc_auto_publish_overridden":"","wpdc_topic_tags":"","wpdc_pin_topic":"","wpdc_pin_until":"","discourse_post_id":"","discourse_permalink":"","wpdc_publishing_response":"","wpdc_publishing_error":"","footnotes":""},"class_list":["post-9468","page","type-page","status-publish","hentry"],"yoast_head":"<!-- This site is optimized with the Yoast SEO plugin v25.3.1 - https:\/\/yoast.com\/wordpress\/plugins\/seo\/ -->\n<title>PayPal-Button \u2013 PayPal-App zur Shopify-Website hinzuf\u00fcgen (2025)<\/title>\n<meta name=\"description\" content=\"Integrieren Sie jetzt unseren PayPal-Button auf der Shopify-Website! Erstellen Sie in nur wenigen Minuten eine individuell gestaltete Zahlungs-App f\u00fcr Ihre Website!\" \/>\n<meta name=\"robots\" content=\"index, follow, max-snippet:-1, max-image-preview:large, max-video-preview:-1\" \/>\n<link rel=\"canonical\" href=\"https:\/\/elfsight.com\/de\/paypal-button-widget-generator\/shopify\/\" \/>\n<meta property=\"og:locale\" content=\"de_DE\" \/>\n<meta property=\"og:type\" content=\"article\" \/>\n<meta property=\"og:title\" content=\"PayPal-Button \u2013 PayPal-App zur Shopify-Website hinzuf\u00fcgen (2025)\" \/>\n<meta property=\"og:description\" content=\"Integrieren Sie jetzt unseren PayPal-Button auf der Shopify-Website! Erstellen Sie in nur wenigen Minuten eine individuell gestaltete Zahlungs-App f\u00fcr Ihre Website!\" \/>\n<meta property=\"og:url\" content=\"https:\/\/elfsight.com\/de\/paypal-button-widget-generator\/shopify\/\" \/>\n<meta property=\"og:site_name\" content=\"Elfsight DE\" \/>\n<meta property=\"article:modified_time\" content=\"2025-02-20T08:29:00+00:00\" \/>\n<meta name=\"twitter:card\" content=\"summary_large_image\" \/>\n<meta name=\"twitter:label1\" content=\"Gesch\u00e4tzte Lesezeit\" \/>\n\t<meta name=\"twitter:data1\" content=\"4\u00a0Minuten\" \/>\n<!-- \/ Yoast SEO plugin. -->","yoast_head_json":{"title":"PayPal-Button \u2013 PayPal-App zur Shopify-Website hinzuf\u00fcgen (2025)","description":"Integrieren Sie jetzt unseren PayPal-Button auf der Shopify-Website! Erstellen Sie in nur wenigen Minuten eine individuell gestaltete Zahlungs-App f\u00fcr Ihre Website!","robots":{"index":"index","follow":"follow","max-snippet":"max-snippet:-1","max-image-preview":"max-image-preview:large","max-video-preview":"max-video-preview:-1"},"canonical":"https:\/\/elfsight.com\/de\/paypal-button-widget-generator\/shopify\/","og_locale":"de_DE","og_type":"article","og_title":"PayPal-Button \u2013 PayPal-App zur Shopify-Website hinzuf\u00fcgen (2025)","og_description":"Integrieren Sie jetzt unseren PayPal-Button auf der Shopify-Website! Erstellen Sie in nur wenigen Minuten eine individuell gestaltete Zahlungs-App f\u00fcr Ihre Website!","og_url":"https:\/\/elfsight.com\/de\/paypal-button-widget-generator\/shopify\/","og_site_name":"Elfsight DE","article_modified_time":"2025-02-20T08:29:00+00:00","twitter_card":"summary_large_image","twitter_misc":{"Gesch\u00e4tzte Lesezeit":"4\u00a0Minuten"},"schema":{"@context":"https:\/\/schema.org","@graph":[{"@type":"WebPage","@id":"https:\/\/elfsight.com\/de\/paypal-button-widget-generator\/shopify\/","url":"https:\/\/elfsight.com\/de\/paypal-button-widget-generator\/shopify\/","name":"PayPal-Button \u2013 PayPal-App zur Shopify-Website hinzuf\u00fcgen (2025)","isPartOf":{"@id":"https:\/\/elfsight.com\/de\/#website"},"datePublished":"1970-01-01T00:00:00+00:00","dateModified":"2025-02-20T08:29:00+00:00","description":"Integrieren Sie jetzt unseren PayPal-Button auf der Shopify-Website! Erstellen Sie in nur wenigen Minuten eine individuell gestaltete Zahlungs-App f\u00fcr Ihre Website!","breadcrumb":{"@id":"https:\/\/elfsight.com\/de\/paypal-button-widget-generator\/shopify\/#breadcrumb"},"inLanguage":"de","potentialAction":[{"@type":"ReadAction","target":["https:\/\/elfsight.com\/de\/paypal-button-widget-generator\/shopify\/"]}]},{"@type":"BreadcrumbList","@id":"https:\/\/elfsight.com\/de\/paypal-button-widget-generator\/shopify\/#breadcrumb","itemListElement":[{"@type":"ListItem","position":1,"name":"Home","item":"https:\/\/elfsight.com\/de\/"},{"@type":"ListItem","position":2,"name":"PayPal Button","item":"https:\/\/elfsight.com\/de\/paypal-button-widget-generator\/"},{"@type":"ListItem","position":3,"name":"PayPal Button &#8211; Shopify"}]},{"@type":"WebSite","@id":"https:\/\/elfsight.com\/de\/#website","url":"https:\/\/elfsight.com\/de\/","name":"Elfsight DE","description":"Just another Elfsight Sites site","potentialAction":[{"@type":"SearchAction","target":{"@type":"EntryPoint","urlTemplate":"https:\/\/elfsight.com\/de\/?s={search_term_string}"},"query-input":{"@type":"PropertyValueSpecification","valueRequired":true,"valueName":"search_term_string"}}],"inLanguage":"de"}]}},"meta_box":{"industry":"","seo_heading":"","heading":"","description":"","cta_heading":"","cta_description":"","application":"473","h1":"Shopify PayPal Button-App","h1_caption":"F\u00fcgen Sie Ihrer Website eine Paypal-Schaltfl\u00e4che hinzu, um m\u00fchelos und schnell direkt \u00fcber Paypal auf Ihrer Shopify-Website zu bezahlen.","application_category":[],"applications_title":"","applications_request_title":"","applications_request_button_text":"","hero_text":"","hero_video":"","hero_video_schema_markup":"","selling_points_title":"","selling_points_caption":"","selling_points":[],"selling_points_cta_text":"","features_title":"","features":"","ed_cta_examples_text":"","ed_cta_examples_hidden":"","ed_cta_demo_text":"","ed_cta_demo_hidden":"","why_caption":"","why_editor_title":"","why_editor_text":"","why_team_title":"","why_team_text":"","why_service_title":"","why_service_text":"","template_catalog_visible":"0","template_catalog_title":"","template_catalog_text":"","template_catalog_categories_visible":"","demo_title":"Erstellen Sie Ihre PayPal Button-App","demo_caption":"Konfigurieren Sie Ihren PayPal-Button und f\u00fcgen Sie ihn kostenlos zu Ihrer Shopify-Website hinzu!","default_faq_hidden":"","app_template_category":[],"platform":"253","template_public_id":"","codecanyon_url":"","codecanyon_item_id":"","codecanyon_price":"","pricing_caption":"","pricing_elfsight_apps_hide_column":"","pricing_elfsight_apps_url":"","pricing_codecanyon_price_caption":"","integration_category":[],"integration_request_title":"","integration_request_cta":"","integration_platform":"","integrations":[],"platform_category":[],"video_schema_markup":"","price":"ab 0 $ \/ Monat","trial":"","benefits":[{"text":"Kostenloser Installationsservice"},{"text":"Premium-Support"},{"text":"14-t\u00e4gige Geld-zur\u00fcck-Garantie"},{"text":"Kontinuierliche kostenlose Updates"}],"button_url":"#demo","button_target_blank":"0","button_nofollow":"0","attributes":[{"name":"Installiert","content":"10,000 - 100,000"},{"name":"Reaktionsfreudig","content":"Ja"},{"name":"Kompatible Browser","content":"Firefox, Safari, Opera, Chrome, Edge"}],"tags":[],"tags_disable_links":"0","hide_more_platforms":"0","video_object":"","demo_hide_cta":"0","demo_hide_cloud_options":"0","pricing_title":"","pricing":[{"pricing_icon":"platform","pricing_title":"Elfsight Apps","pricing_title_caption":"Plattform\u00fcbergreifende Version, die auf jeder Website funktioniert","pricing_price":"ab 0 $ \/ Monat","pricing_price_caption":"Beginnen Sie mit einem kostenlosen Plan","pricing_benefits":[{"text":"Unbegrenzte Websites"},{"text":"Premium-Support"},{"text":"Kostenloser Installationsservice"},{"text":"Sonderangebot f\u00fcr mehrere Apps"}],"pricing_button_text":"Zur Website hinzuf\u00fcgen","pricing_button_url":"#demo"}],"related_apps_title":"","related_apps_hidden":"0","author":"","image":[],"title":"","job":"","social_networks":[]},"_links":{"self":[{"href":"https:\/\/elfsight.com\/de\/wp-json\/wp\/v2\/pages\/9468","targetHints":{"allow":["GET"]}}],"collection":[{"href":"https:\/\/elfsight.com\/de\/wp-json\/wp\/v2\/pages"}],"about":[{"href":"https:\/\/elfsight.com\/de\/wp-json\/wp\/v2\/types\/page"}],"author":[{"embeddable":true,"href":"https:\/\/elfsight.com\/de\/wp-json\/wp\/v2\/users\/9"}],"replies":[{"embeddable":true,"href":"https:\/\/elfsight.com\/de\/wp-json\/wp\/v2\/comments?post=9468"}],"version-history":[{"count":3,"href":"https:\/\/elfsight.com\/de\/wp-json\/wp\/v2\/pages\/9468\/revisions"}],"predecessor-version":[{"id":24481,"href":"https:\/\/elfsight.com\/de\/wp-json\/wp\/v2\/pages\/9468\/revisions\/24481"}],"up":[{"embeddable":true,"href":"https:\/\/elfsight.com\/de\/wp-json\/wp\/v2\/pages\/1132"}],"wp:attachment":[{"href":"https:\/\/elfsight.com\/de\/wp-json\/wp\/v2\/media?parent=9468"}],"curies":[{"name":"wp","href":"https:\/\/api.w.org\/{rel}","templated":true}]}}