{"id":9466,"date":"1970-01-01T00:00:00","date_gmt":"1970-01-01T00:00:00","guid":{"rendered":"https:\/\/elfsight.com\/de\/?page_id=9466"},"modified":"2025-02-20T08:32:35","modified_gmt":"2025-02-20T08:32:35","slug":"webflow","status":"publish","type":"page","link":"https:\/\/elfsight.com\/de\/paypal-button-widget-generator\/webflow\/","title":{"rendered":"PayPal Button &#8211; Webflow"},"content":{"rendered":"\n<div class=\"application-platform-content-item-description application-platform-content-item\" id=\"description\" data-nav-section=\"description\"><h2>PayPal-Button in Webflow mit dem Elfsight-Widget einbetten<\/h2><p>Der PayPal-Button von Elfsight ist eine einfache M\u00f6glichkeit, Ihren Kunden Zahlungen zu erm\u00f6glichen mit PayPal auf Ihrer Website. Sie k\u00f6nnen Schaltfl\u00e4chen f\u00fcr Zahlungen, automatische Abonnements und Spenden einbetten. Sie k\u00f6nnen Steuern und Versandkosten hinzuf\u00fcgen, Lokalisierung und W\u00e4hrung festlegen, Text hinzuf\u00fcgen und vieles mehr. Erhalten Sie mit Hilfe eines der vertrauensw\u00fcrdigsten Zahlungsinstrumente ein klares und sicheres Zahlungstool f\u00fcr Ihre K\u00e4ufer.<\/p><p><b>Betten Sie den PayPal-Button ganz einfach in Ihre Website ein! <\/b><\/p><p><b>Ein praktisches Zahlungstool auf Ihrer Website, ohne dass Sie im Handumdrehen programmieren m\u00fcssen<\/b>.<br>F\u00fcr ein erfolgreiches Unternehmen ist es ein Muss, seinen Nutzern sichere Online-Zahlungen anzubieten. Integrieren Sie die PayPal-Schaltfl\u00e4che von Elfsight auf Ihrer Website und die Aufgabe wird einfach und in k\u00fcrzester Zeit erledigt.<\/p><p><b>Eine universelle L\u00f6sung f\u00fcr die Arbeit mit Zahlungen, Abonnements und Spenden<\/b>.<br>Let Ihre Kunden leisten Zahlungen, abonnieren und spenden. All dies ist in einer Mehrzweckl\u00f6sung von Elfsight verf\u00fcgbar, die Ihnen hilft, Aufwand und Zeit zu sparen.<\/p><p><b>Eines der sichersten und beliebtesten Zahlungsinstrumente auf Ihrer Website<\/b>.<br>Machen Sie Ihr Machen Sie die Website f\u00fcr Ihre Kunden wirklich komfortabel, um mehr Verk\u00e4ufe anzulocken. Lassen Sie Kunden \u00fcber ein vertrauensw\u00fcrdiges Instrument auf Ihrer Website bezahlen und st\u00e4rken Sie das Vertrauen in Ihr Unternehmen.<\/p><\/div><div class=\"application-platform-content-item-features application-platform-content-item\" id=\"features\" data-nav-section=\"features\"><h2>Hauptfunktionen des PayPal-Button-Widgets<\/h2><p> Erfahren Sie, warum das PayPal-Widget von Elfsight eines der besten ist. Hier sind die n\u00fctzlichen Funktionen:<\/p><ul><li>Eine Bibliothek aller g\u00e4ngigen W\u00e4hrungen;<\/li><li>Option zum Festlegen des Versandpreises;<\/li><li>Sie k\u00f6nnen die Schaltfl\u00e4chengr\u00f6\u00dfe \u00e4ndern \u00fcber einen praktischen Schieberegler;<\/li><li>Anpassbarer Schaltfl\u00e4chentext und Textfarbe;<\/li><li>PayPal-Symbol anzeigen oder ausblenden.<\/li><\/ul><p>\u00dcberpr\u00fcfen Sie alle Vorteile kostenlos Editor<\/p><\/div><div class=\"application-platform-content-item-installation application-platform-content-item\" id=\"installation\" data-nav-section=\"installation\"><h2>So f\u00fcgen Sie das PayPal-Button-Widget zur Webflow-Website hinzu<\/h2><div class=\"video-container\"><iframe width=\"560\" height=\"315\" src=\"https:\/\/www.youtube.com\/embed\/exMX_-3TOa0?si=f608Dygl3AZdFHDM\" frameborder=\"0\" allow=\"accelerometer; autoplay; clipboard-write; encrypted-media; gyroscope; picture-in-picture; web-share\" allowfullscreen><\/iframe><\/div><p>F\u00fcgen Sie das Widget hinzu zu Erstellen Sie Ihre Website gem\u00e4\u00df unserer Kurzanleitung. Es erfordert keine Erfahrung in der Entwicklung oder die Hilfe eines Drittentwicklers! Die komplette Dauer des Vorgangs betr\u00e4gt 3 Minuten.<\/p><ol><li><b>Erstellen Sie Ihren individuellen PayPal-Button.<\/b><br>Erstellen Sie mit Hilfe unserer kostenlosen Demo Ihr eigenes Plugin mit ausgew\u00e4hlten Zahlungsarten.<\/li><li><b>Kopieren Sie den Code f\u00fcr die Installation des Plugins.<\/b><br>Nach der Widget-Konfiguration erhalten Sie den Code f\u00fcr das PayPal-Plugin aus dem erscheinenden Fenster in Elfsight Apps.<\/li> <li><b>F\u00fcgen Sie das Plugin zu einer Webflow-Website hinzu.<\/b><br>Zeigen Sie das Plugin im ausgew\u00e4hlten Bereich der Seite an und wenden Sie die Ergebnisse an.<\/li><li><b>Die Installation ist abgeschlossen. <\/b><br>Gehen Sie zu Ihrer Webflow-Site, um Ihre Arbeit zu sehen.<\/li><\/ol><p>Sind Sie auf Probleme gesto\u00dfen, w\u00e4hrend Sie das Tutorial anwenden oder Ihr Plugin gestalten? Sie k\u00f6nnen die vollst\u00e4ndige Anleitung \u201eSo f\u00fcgen Sie ein PayPal-Plugin zu einem Webflow hinzu\u201c lesen und versuchen, es erneut selbst zu integrieren, oder an unser Support-Team schreiben. Senden Sie eine detaillierte Beschreibung Ihrer Frage, und wir helfen Ihnen gerne weiter.<\/p><div class=\"faq\" data-component=\"FAQ\"> <div class=\"faq-item\">\r\n\t\t\t\t\t<div class=\"faq-item-question\">\r\n\t\t\t\t\t\t<h3 class=\"faq-item-question-text\">Wie kann ich ohne Programmierkenntnisse eine PayPal-Schaltfl\u00e4che zu meiner Webflow-Website hinzuf\u00fcgen?<\/h3>\r\n\r\n\t\t\t\t\t\t<div class=\"faq-item-question-icon\"><\/div>\r\n\t\t\t\t\t<\/div>\r\n\r\n\t\t\t\t\t<div class=\"faq-item-answer\">\r\n\t\t\t\t\t\t<div class=\"faq-item-answer-text\"> <p>Elfsight bietet Eine SaaS-L\u00f6sung, mit der Sie selbst ein PayPal-Schaltfl\u00e4chen-Widget erstellen k\u00f6nnen. Sehen Sie, wie einfach der Vorgang ist: Arbeiten Sie direkt im Online-Editor, um ein PayPal-Schaltfl\u00e4chen-Widget zu erstellen, das Sie gerne auf Ihrer Webflow-Website sehen w\u00fcrden. W\u00e4hlen Sie eine der vorgefertigten Vorlagen aus und passen Sie die Einstellungen der PayPal-Schaltfl\u00e4che an, f\u00fcgen Sie Ihre Inhalte hinzu, \u00e4ndern Sie das Layout und die Farben ohne Programmierkenntnisse. Speichern Sie den PayPal-Button und kopieren Sie den Installationscode, den Sie einfach in Ihre Webflow-Website einbetten k\u00f6nnen, ohne eine kostenpflichtige Version kaufen zu m\u00fcssen. Mit unserem intuitiven Editor kann jeder Internetnutzer online ein PayPal-Button-Widget erstellen und es einfach in seine Webflow-Website einbetten. Sie m\u00fcssen weder bezahlen noch Ihre Kartendaten eingeben, um auf den Service zuzugreifen. Sollten bei irgendeinem Schritt Probleme auftreten, wenden Sie sich bitte an unser technisches Support-Team.<\/p> <\/div>\r\n\t\t\t\t\t<\/div>\r\n\t\t\t\t<\/div> <\/div> <\/div>\n","protected":false},"excerpt":{"rendered":"","protected":false},"author":9,"featured_media":0,"parent":1132,"menu_order":0,"comment_status":"closed","ping_status":"closed","template":"templates\/template-application-platform.php","meta":{"publish_to_discourse":"","publish_post_category":"","wpdc_auto_publish_overridden":"","wpdc_topic_tags":"","wpdc_pin_topic":"","wpdc_pin_until":"","discourse_post_id":"","discourse_permalink":"","wpdc_publishing_response":"","wpdc_publishing_error":"","footnotes":""},"class_list":["post-9466","page","type-page","status-publish","hentry"],"yoast_head":"<!-- This site is optimized with the Yoast SEO plugin v25.3.1 - https:\/\/yoast.com\/wordpress\/plugins\/seo\/ -->\n<title>PayPal-Button \u2013 PayPal-Widget zur Webflow-Website hinzuf\u00fcgen (in 2 Minuten)<\/title>\n<meta name=\"description\" content=\"F\u00fcgen Sie einen responsiven PayPal-Button auf Ihrer Webflow-Website hinzu. Verwenden Sie den Elfsight-Plugin-Konstruktor und konfigurieren Sie in nur 2 Minuten ein pers\u00f6nliches E-Commerce-PayPal-Widget.\" \/>\n<meta name=\"robots\" content=\"index, follow, max-snippet:-1, max-image-preview:large, max-video-preview:-1\" \/>\n<link rel=\"canonical\" href=\"https:\/\/elfsight.com\/de\/paypal-button-widget-generator\/webflow\/\" \/>\n<meta property=\"og:locale\" content=\"de_DE\" \/>\n<meta property=\"og:type\" content=\"article\" \/>\n<meta property=\"og:title\" content=\"PayPal-Button \u2013 PayPal-Widget zur Webflow-Website hinzuf\u00fcgen (in 2 Minuten)\" \/>\n<meta property=\"og:description\" content=\"F\u00fcgen Sie einen responsiven PayPal-Button auf Ihrer Webflow-Website hinzu. Verwenden Sie den Elfsight-Plugin-Konstruktor und konfigurieren Sie in nur 2 Minuten ein pers\u00f6nliches E-Commerce-PayPal-Widget.\" \/>\n<meta property=\"og:url\" content=\"https:\/\/elfsight.com\/de\/paypal-button-widget-generator\/webflow\/\" \/>\n<meta property=\"og:site_name\" content=\"Elfsight DE\" \/>\n<meta property=\"article:modified_time\" content=\"2025-02-20T08:32:35+00:00\" \/>\n<meta name=\"twitter:card\" content=\"summary_large_image\" \/>\n<meta name=\"twitter:label1\" content=\"Gesch\u00e4tzte Lesezeit\" \/>\n\t<meta name=\"twitter:data1\" content=\"4\u00a0Minuten\" \/>\n<!-- \/ Yoast SEO plugin. -->","yoast_head_json":{"title":"PayPal-Button \u2013 PayPal-Widget zur Webflow-Website hinzuf\u00fcgen (in 2 Minuten)","description":"F\u00fcgen Sie einen responsiven PayPal-Button auf Ihrer Webflow-Website hinzu. Verwenden Sie den Elfsight-Plugin-Konstruktor und konfigurieren Sie in nur 2 Minuten ein pers\u00f6nliches E-Commerce-PayPal-Widget.","robots":{"index":"index","follow":"follow","max-snippet":"max-snippet:-1","max-image-preview":"max-image-preview:large","max-video-preview":"max-video-preview:-1"},"canonical":"https:\/\/elfsight.com\/de\/paypal-button-widget-generator\/webflow\/","og_locale":"de_DE","og_type":"article","og_title":"PayPal-Button \u2013 PayPal-Widget zur Webflow-Website hinzuf\u00fcgen (in 2 Minuten)","og_description":"F\u00fcgen Sie einen responsiven PayPal-Button auf Ihrer Webflow-Website hinzu. Verwenden Sie den Elfsight-Plugin-Konstruktor und konfigurieren Sie in nur 2 Minuten ein pers\u00f6nliches E-Commerce-PayPal-Widget.","og_url":"https:\/\/elfsight.com\/de\/paypal-button-widget-generator\/webflow\/","og_site_name":"Elfsight DE","article_modified_time":"2025-02-20T08:32:35+00:00","twitter_card":"summary_large_image","twitter_misc":{"Gesch\u00e4tzte Lesezeit":"4\u00a0Minuten"},"schema":{"@context":"https:\/\/schema.org","@graph":[{"@type":"WebPage","@id":"https:\/\/elfsight.com\/de\/paypal-button-widget-generator\/webflow\/","url":"https:\/\/elfsight.com\/de\/paypal-button-widget-generator\/webflow\/","name":"PayPal-Button \u2013 PayPal-Widget zur Webflow-Website hinzuf\u00fcgen (in 2 Minuten)","isPartOf":{"@id":"https:\/\/elfsight.com\/de\/#website"},"datePublished":"1970-01-01T00:00:00+00:00","dateModified":"2025-02-20T08:32:35+00:00","description":"F\u00fcgen Sie einen responsiven PayPal-Button auf Ihrer Webflow-Website hinzu. Verwenden Sie den Elfsight-Plugin-Konstruktor und konfigurieren Sie in nur 2 Minuten ein pers\u00f6nliches E-Commerce-PayPal-Widget.","breadcrumb":{"@id":"https:\/\/elfsight.com\/de\/paypal-button-widget-generator\/webflow\/#breadcrumb"},"inLanguage":"de","potentialAction":[{"@type":"ReadAction","target":["https:\/\/elfsight.com\/de\/paypal-button-widget-generator\/webflow\/"]}]},{"@type":"BreadcrumbList","@id":"https:\/\/elfsight.com\/de\/paypal-button-widget-generator\/webflow\/#breadcrumb","itemListElement":[{"@type":"ListItem","position":1,"name":"Home","item":"https:\/\/elfsight.com\/de\/"},{"@type":"ListItem","position":2,"name":"PayPal Button","item":"https:\/\/elfsight.com\/de\/paypal-button-widget-generator\/"},{"@type":"ListItem","position":3,"name":"PayPal Button &#8211; Webflow"}]},{"@type":"WebSite","@id":"https:\/\/elfsight.com\/de\/#website","url":"https:\/\/elfsight.com\/de\/","name":"Elfsight DE","description":"Just another Elfsight Sites site","potentialAction":[{"@type":"SearchAction","target":{"@type":"EntryPoint","urlTemplate":"https:\/\/elfsight.com\/de\/?s={search_term_string}"},"query-input":{"@type":"PropertyValueSpecification","valueRequired":true,"valueName":"search_term_string"}}],"inLanguage":"de"}]}},"meta_box":{"industry":"","seo_heading":"","heading":"","description":"","cta_heading":"","cta_description":"","application":"473","h1":"Webflow-PayPal-Button-Widget","h1_caption":"F\u00fcgen Sie Ihrer Website eine Paypal-Schaltfl\u00e4che hinzu, um m\u00fchelos und schnell direkt \u00fcber Paypal auf Ihrer Webflow-Website bezahlen zu k\u00f6nnen.","application_category":[],"applications_title":"","applications_request_title":"","applications_request_button_text":"","hero_text":"","hero_video":"","hero_video_schema_markup":"","selling_points_title":"","selling_points_caption":"","selling_points":[],"selling_points_cta_text":"","features_title":"","features":"","ed_cta_examples_text":"","ed_cta_examples_hidden":"","ed_cta_demo_text":"","ed_cta_demo_hidden":"","why_caption":"","why_editor_title":"","why_editor_text":"","why_team_title":"","why_team_text":"","why_service_title":"","why_service_text":"","template_catalog_visible":"0","template_catalog_title":"","template_catalog_text":"","template_catalog_categories_visible":"","demo_title":"Erstellen Sie Ihr PayPal-Button-Widget","demo_caption":"Konfigurieren Sie Ihren PayPal-Button und f\u00fcgen Sie ihn kostenlos zu Ihrer Webflow-Website hinzu!","default_faq_hidden":"","app_template_category":[],"platform":"250","template_public_id":"","codecanyon_url":"","codecanyon_item_id":"","codecanyon_price":"","pricing_caption":"","pricing_elfsight_apps_hide_column":"","pricing_elfsight_apps_url":"","pricing_codecanyon_price_caption":"","integration_category":[],"integration_request_title":"","integration_request_cta":"","integration_platform":"","integrations":[],"platform_category":[],"video_schema_markup":"","price":"ab 0 $ \/ Monat","trial":"","benefits":[{"text":"Kostenlose Installationsunterst\u00fctzung"},{"text":"Au\u00dfergew\u00f6hnliche Unterst\u00fctzung"},{"text":"14-t\u00e4gige R\u00fcckerstattungsgarantie"},{"text":"St\u00e4ndige Aktualisierung"}],"button_url":"#demo","button_target_blank":"0","button_nofollow":"0","attributes":[{"name":"Installiert","content":"10,000 - 100,000"},{"name":"Reaktionsfreudig","content":"Ja"},{"name":"Kompatible Browser","content":"Edge, Opera, Chrome, Safari, Firefox"}],"tags":[],"tags_disable_links":"0","hide_more_platforms":"0","video_object":"","demo_hide_cta":"0","demo_hide_cloud_options":"0","pricing_title":"","pricing":[{"pricing_icon":"platform","pricing_title":"Elfsight Apps","pricing_title_caption":"Multiplattform-Version, die auf jeder Site funktioniert","pricing_price":"ab 0 $ \/ Monat","pricing_price_caption":"Beginnen Sie mit einem kostenlosen Plan","pricing_benefits":[{"text":"Unbegrenzte Anzahl an Domains"},{"text":"Premium-Kundensupport"},{"text":"Kostenlose Installationsunterst\u00fctzung"},{"text":"Sonderangebot f\u00fcr mehrere Apps"}],"pricing_button_text":"Zur Website hinzuf\u00fcgen","pricing_button_url":"#demo"}],"related_apps_title":"","related_apps_hidden":"0","author":"","image":[],"title":"","job":"","social_networks":[]},"_links":{"self":[{"href":"https:\/\/elfsight.com\/de\/wp-json\/wp\/v2\/pages\/9466","targetHints":{"allow":["GET"]}}],"collection":[{"href":"https:\/\/elfsight.com\/de\/wp-json\/wp\/v2\/pages"}],"about":[{"href":"https:\/\/elfsight.com\/de\/wp-json\/wp\/v2\/types\/page"}],"author":[{"embeddable":true,"href":"https:\/\/elfsight.com\/de\/wp-json\/wp\/v2\/users\/9"}],"replies":[{"embeddable":true,"href":"https:\/\/elfsight.com\/de\/wp-json\/wp\/v2\/comments?post=9466"}],"version-history":[{"count":3,"href":"https:\/\/elfsight.com\/de\/wp-json\/wp\/v2\/pages\/9466\/revisions"}],"predecessor-version":[{"id":24483,"href":"https:\/\/elfsight.com\/de\/wp-json\/wp\/v2\/pages\/9466\/revisions\/24483"}],"up":[{"embeddable":true,"href":"https:\/\/elfsight.com\/de\/wp-json\/wp\/v2\/pages\/1132"}],"wp:attachment":[{"href":"https:\/\/elfsight.com\/de\/wp-json\/wp\/v2\/media?parent=9466"}],"curies":[{"name":"wp","href":"https:\/\/api.w.org\/{rel}","templated":true}]}}