{"id":9465,"date":"1970-01-01T00:00:00","date_gmt":"1970-01-01T00:00:00","guid":{"rendered":"https:\/\/elfsight.com\/de\/?page_id=9465"},"modified":"2025-07-09T14:07:15","modified_gmt":"2025-07-09T14:07:15","slug":"webnode","status":"publish","type":"page","link":"https:\/\/elfsight.com\/de\/paypal-button-widget-generator\/webnode\/","title":{"rendered":"PayPal Button &#8211; Webnode"},"content":{"rendered":"<div class=\"application-platform-content-item-description application-platform-content-item\" id=\"description\" data-nav-section=\"description\"><h2>Beschreibung<\/h2><p>Der PayPal-Button von Elfsight ist eine einfache M\u00f6glichkeit, Ihren K\u00e4ufern die M\u00f6glichkeit zu geben, auf Ihrer Website Zahlungen \u00fcber PayPal vorzunehmen. Es erm\u00f6glicht die Erstellung von Schaltfl\u00e4chen f\u00fcr Einzelzahlungen, Abonnements und Spenden. Es steht Ihnen frei, Steuer- und Lieferpreise anzugeben, Lokalisierung und W\u00e4hrung anzupassen, Text anzuzeigen und noch mehr Funktionen. Organisieren Sie im Handumdrehen einen einfachen und sicheren Zahlungsvorgang f\u00fcr Ihre Kunden mit Hilfe eines der zuverl\u00e4ssigsten Zahlungssysteme.<\/p><p><b>F\u00fchren Sie PayPal-Zahlungen ganz einfach in Ihre Website ein! <\/b><\/p><p><b>Ein einfacher Zahlungsvorgang auf Ihrer Website ohne Programmieraufwand im Handumdrehen<\/b>.<br>Alle Kunden sch\u00e4tzen die M\u00f6glichkeit, bequem online zu bezahlen. Holen Sie sich mit Elfsight Ihren eigenen PayPal-Button und organisieren Sie eine unkomplizierte und schnelle Zahlungsmethode f\u00fcr Ihre Nutzer. Kein Programmieren, kein Aufwand.<\/p><p><b>Ein einziges Instrument, um Zahlungen, Abonnements und Spenden zu erhalten<\/b>.<br>Lassen Sie Ihre Benutzer Zahlungen t\u00e4tigen, Ihre Dienste abonnieren und f\u00fcr Ihr Unternehmen spenden . All dies ist in einer multifunktionalen L\u00f6sung von Elfsight verf\u00fcgbar, die Ihnen hilft, Aufwand und Zeit zu sparen.<\/p><p><b>Eines der sichersten und am weitesten verbreiteten Bezahlsysteme auf Ihrer Website<\/b>.<br>Holen Sie das Beste f\u00fcr Ihre Benutzer heraus, um den Umsatz zu steigern. Erm\u00f6glichen Sie Kunden Zahlungen \u00fcber ein beliebtes und zuverl\u00e4ssiges Tool auf Ihrer Website und zeigen Sie ihnen, dass Ihr Unternehmen zuverl\u00e4ssig ist.<\/p><p><\/div><\/p><div class=\"application-platform-content-item-features application-platform-content-item\" id=\"features\" data-nav-section=\"features\"><h2>Funktionen<\/h2><p>Was macht unser Widget zum besten? Sehen Sie sich die angebotenen Funktionen an:<\/p><ul><li>Drei Arten von Schaltfl\u00e4chen: Einmalzahlung, Abonnement, Spende;<\/li><li>Option f\u00fcr wiederkehrendes Abonnement;<\/li><li>Legen Sie einen beliebigen Text fest \u00fcber der Schaltfl\u00e4che, mit Schaltfl\u00e4chenkopfzeile;<\/li><li>Anpassbarer Schaltfl\u00e4chentext und Textfarbe;<\/li><li>PayPal-Logotext anzeigen oder ausblenden.<\/li><\/ul><p><a href=\"#demo\">Lesen Sie alle Vorteile in unserem kostenlosen Editor<\/a><\/p><\/div><div class=\"application-platform-content-item-installation application-platform-content-item\" id=\"installation\" data-nav-section=\"installation\"><h2>So f\u00fcgen Sie ein PayPal-Button-Plugin zur Webnode-Website hinzu<\/h2><p>Eine zusammenfassende Zeit des Prozesses betr\u00e4gt nur 3 Minuten, au\u00dferdem ben\u00f6tigen Sie keine Entwicklungskenntnisse.<\/p><ol><li><b>Erstellen Sie Ihren personalisierten PayPal-Button.<\/b><br> Erstellen Sie mit unserem kostenlosen Konfigurator ein Plugin f\u00fcr Ihre Zahlungsart. Personalisieren Sie die Benutzeroberfl\u00e4che.<\/li><li><b>Erhalten Sie den Code zum Ver\u00f6ffentlichen des Plugins.<\/b><br>Nach der Widget-Erstellung erhalten Sie den Code f\u00fcr das PayPal-Plugin aus der Benachrichtigung auf Elfsight Apps.<\/li><li><b>Betten Sie das Plugin auf Ihrer Webnode-Website ein.<\/b><br>F\u00fcgen Sie das Plugin an der gew\u00fcnschten Stelle der Seite ein und ver\u00f6ffentlichen Sie die Ergebnisse.<\/li><li><b>Fertig!<\/b><br>Besuchen Sie Ihre Webnode-Website, um Ihre Arbeit zu sehen.<\/li><\/ol><p>Haben Sie Fragen zur Verwendung des Leitfadens? Nehmen Sie Kontakt mit unserem Support-Service auf oder sehen Sie sich eine vollst\u00e4ndige Variante des Handbuchs an.<\/p><div class=\"faq\" data-component=\"FAQ\"> <div class=\"faq-item\">\r\n\t\t\t\t\t<div class=\"faq-item-question\">\r\n\t\t\t\t\t\t<h3 class=\"faq-item-question-text\">Wie f\u00fcge ich ohne Programmierkenntnisse eine PayPal-Schaltfl\u00e4che zu meiner Webnode-Website hinzu?<\/h3>\r\n\r\n\t\t\t\t\t\t<div class=\"faq-item-question-icon\"><\/div>\r\n\t\t\t\t\t<\/div>\r\n\r\n\t\t\t\t\t<div class=\"faq-item-answer\">\r\n\t\t\t\t\t\t<div class=\"faq-item-answer-text\"> <p>Elfsight bietet eine SaaS-L\u00f6sung, mit der Sie selbst ein PayPal-Button-Widget erstellen k\u00f6nnen. Erleben Sie, wie einfach der Vorgang ist: Arbeiten Sie direkt im Online-Editor, um ein PayPal-Button-Widget zu erstellen, das Sie gerne auf Ihrer Webnode-Website sehen w\u00fcrden. W\u00e4hlen Sie eine der vorgefertigten Vorlagen aus und passen Sie die Einstellungen der PayPal-Schaltfl\u00e4che an, f\u00fcgen Sie Ihre Inhalte hinzu, \u00e4ndern Sie das Layout und die Farben ohne Programmierkenntnisse. Speichern Sie den PayPal-Button und kopieren Sie den Installationscode, den Sie problemlos in Ihre Webnode-Website einbetten k\u00f6nnen, ohne einen kostenpflichtigen Plan zu kaufen. Mit unserem intuitiven Editor kann jeder Internetnutzer online ein PayPal-Button-Widget erstellen und es einfach in seine Webnode-Website einbetten. Sie m\u00fcssen weder bezahlen noch Ihre Kartendaten eingeben, um auf den Service zuzugreifen. Sollten bei irgendeinem Schritt Probleme auftreten, wenden Sie sich bitte an unser technisches Support-Team.<\/p> <\/div>\r\n\t\t\t\t\t<\/div>\r\n\t\t\t\t<\/div> <\/div> <\/div>","protected":false},"excerpt":{"rendered":"","protected":false},"author":9,"featured_media":0,"parent":1132,"menu_order":0,"comment_status":"closed","ping_status":"closed","template":"templates\/template-application-platform.php","meta":{"publish_to_discourse":"","publish_post_category":"","wpdc_auto_publish_overridden":"","wpdc_topic_tags":"","wpdc_pin_topic":"","wpdc_pin_until":"","discourse_post_id":"","discourse_permalink":"","wpdc_publishing_response":"","wpdc_publishing_error":"","footnotes":""},"class_list":["post-9465","page","type-page","status-publish","hentry"],"yoast_head":"<!-- This site is optimized with the Yoast SEO plugin v25.3.1 - https:\/\/yoast.com\/wordpress\/plugins\/seo\/ -->\n<title>PayPal-Button \u2013 PayPal-Widget zur Webnode-Website hinzuf\u00fcgen (in 2 Minuten)<\/title>\n<meta name=\"description\" content=\"Erstellen Sie in nur wenigen Minuten Ihren individuellen PayPal-Button f\u00fcr Webnode. Sehen Sie sich eine einfache Demo zum v\u00f6llig kostenlosen Erstellen von Widgets von Elfsight an.\" \/>\n<meta name=\"robots\" content=\"index, follow, max-snippet:-1, max-image-preview:large, max-video-preview:-1\" \/>\n<link rel=\"canonical\" href=\"https:\/\/elfsight.com\/de\/paypal-button-widget-generator\/webnode\/\" \/>\n<meta property=\"og:locale\" content=\"de_DE\" \/>\n<meta property=\"og:type\" content=\"article\" \/>\n<meta property=\"og:title\" content=\"PayPal-Button \u2013 PayPal-Widget zur Webnode-Website hinzuf\u00fcgen (in 2 Minuten)\" \/>\n<meta property=\"og:description\" content=\"Erstellen Sie in nur wenigen Minuten Ihren individuellen PayPal-Button f\u00fcr Webnode. Sehen Sie sich eine einfache Demo zum v\u00f6llig kostenlosen Erstellen von Widgets von Elfsight an.\" \/>\n<meta property=\"og:url\" content=\"https:\/\/elfsight.com\/de\/paypal-button-widget-generator\/webnode\/\" \/>\n<meta property=\"og:site_name\" content=\"Elfsight DE\" \/>\n<meta property=\"article:modified_time\" content=\"2025-07-09T14:07:15+00:00\" \/>\n<meta name=\"twitter:card\" content=\"summary_large_image\" \/>\n<meta name=\"twitter:label1\" content=\"Gesch\u00e4tzte Lesezeit\" \/>\n\t<meta name=\"twitter:data1\" content=\"3\u00a0Minuten\" \/>\n<!-- \/ Yoast SEO plugin. -->","yoast_head_json":{"title":"PayPal-Button \u2013 PayPal-Widget zur Webnode-Website hinzuf\u00fcgen (in 2 Minuten)","description":"Erstellen Sie in nur wenigen Minuten Ihren individuellen PayPal-Button f\u00fcr Webnode. Sehen Sie sich eine einfache Demo zum v\u00f6llig kostenlosen Erstellen von Widgets von Elfsight an.","robots":{"index":"index","follow":"follow","max-snippet":"max-snippet:-1","max-image-preview":"max-image-preview:large","max-video-preview":"max-video-preview:-1"},"canonical":"https:\/\/elfsight.com\/de\/paypal-button-widget-generator\/webnode\/","og_locale":"de_DE","og_type":"article","og_title":"PayPal-Button \u2013 PayPal-Widget zur Webnode-Website hinzuf\u00fcgen (in 2 Minuten)","og_description":"Erstellen Sie in nur wenigen Minuten Ihren individuellen PayPal-Button f\u00fcr Webnode. Sehen Sie sich eine einfache Demo zum v\u00f6llig kostenlosen Erstellen von Widgets von Elfsight an.","og_url":"https:\/\/elfsight.com\/de\/paypal-button-widget-generator\/webnode\/","og_site_name":"Elfsight DE","article_modified_time":"2025-07-09T14:07:15+00:00","twitter_card":"summary_large_image","twitter_misc":{"Gesch\u00e4tzte Lesezeit":"3\u00a0Minuten"},"schema":{"@context":"https:\/\/schema.org","@graph":[{"@type":"WebPage","@id":"https:\/\/elfsight.com\/de\/paypal-button-widget-generator\/webnode\/","url":"https:\/\/elfsight.com\/de\/paypal-button-widget-generator\/webnode\/","name":"PayPal-Button \u2013 PayPal-Widget zur Webnode-Website hinzuf\u00fcgen (in 2 Minuten)","isPartOf":{"@id":"https:\/\/elfsight.com\/de\/#website"},"datePublished":"1970-01-01T00:00:00+00:00","dateModified":"2025-07-09T14:07:15+00:00","description":"Erstellen Sie in nur wenigen Minuten Ihren individuellen PayPal-Button f\u00fcr Webnode. Sehen Sie sich eine einfache Demo zum v\u00f6llig kostenlosen Erstellen von Widgets von Elfsight an.","breadcrumb":{"@id":"https:\/\/elfsight.com\/de\/paypal-button-widget-generator\/webnode\/#breadcrumb"},"inLanguage":"de","potentialAction":[{"@type":"ReadAction","target":["https:\/\/elfsight.com\/de\/paypal-button-widget-generator\/webnode\/"]}]},{"@type":"BreadcrumbList","@id":"https:\/\/elfsight.com\/de\/paypal-button-widget-generator\/webnode\/#breadcrumb","itemListElement":[{"@type":"ListItem","position":1,"name":"Home","item":"https:\/\/elfsight.com\/de\/"},{"@type":"ListItem","position":2,"name":"PayPal Button","item":"https:\/\/elfsight.com\/de\/paypal-button-widget-generator\/"},{"@type":"ListItem","position":3,"name":"PayPal Button &#8211; Webnode"}]},{"@type":"WebSite","@id":"https:\/\/elfsight.com\/de\/#website","url":"https:\/\/elfsight.com\/de\/","name":"Elfsight DE","description":"Just another Elfsight Sites site","potentialAction":[{"@type":"SearchAction","target":{"@type":"EntryPoint","urlTemplate":"https:\/\/elfsight.com\/de\/?s={search_term_string}"},"query-input":{"@type":"PropertyValueSpecification","valueRequired":true,"valueName":"search_term_string"}}],"inLanguage":"de"}]}},"meta_box":{"industry":"","seo_heading":"","heading":"","description":"","cta_heading":"","cta_description":"","application":"473","h1":"Webnode PayPal Button-Widget","h1_caption":"F\u00fcgen Sie einen Paypal-Button zu Ihrer Website hinzu, um schnell und einfach Zahlungen direkt \u00fcber Paypal auf Ihrer Webnode-Website zu t\u00e4tigen.","application_category":[],"applications_title":"","applications_request_title":"","applications_request_button_text":"","hero_text":"","hero_video":"","hero_video_schema_markup":"","selling_points_title":"","selling_points_caption":"","selling_points":[],"selling_points_cta_text":"","features_title":"","features":"","ed_cta_examples_text":"","ed_cta_examples_hidden":"","ed_cta_demo_text":"","ed_cta_demo_hidden":"","why_caption":"","why_editor_title":"","why_editor_text":"","why_team_title":"","why_team_text":"","why_service_title":"","why_service_text":"","template_catalog_visible":"","template_catalog_title":"","template_catalog_text":"","template_catalog_categories_visible":"","demo_title":"Erstellen Sie Ihr PayPal-Button-Widget","demo_caption":"Konfigurieren Sie Ihren PayPal-Button und f\u00fcgen Sie ihn kostenlos zu Ihrer Webnode-Website hinzu!","default_faq_hidden":"","app_template_category":[],"platform":"248","template_public_id":"","codecanyon_url":"","codecanyon_item_id":"","codecanyon_price":"","pricing_caption":"","pricing_elfsight_apps_hide_column":"","pricing_elfsight_apps_url":"","pricing_codecanyon_price_caption":"","integration_category":[],"integration_request_title":"","integration_request_cta":"","integration_platform":"","integrations":[],"platform_category":[],"video_schema_markup":"","price":"ab 0 $ \/ Monat","trial":"","benefits":[{"text":"Kostenlose Installationsunterst\u00fctzung"},{"text":"Premium-Support"},{"text":"14-t\u00e4gige R\u00fcckerstattungsgarantie"},{"text":"St\u00e4ndige Aktualisierung"}],"button_url":"#demo","button_target_blank":"","button_nofollow":"","attributes":[{"name":"Installiert","content":"10,000 - 100,000"},{"name":"Reaktionsfreudig","content":"Ja"},{"name":"Kompatible Browser","content":"Firefox, Safari, Opera, Chrome, Edge"}],"tags":[],"tags_disable_links":"","hide_more_platforms":"","video_object":"","demo_hide_cta":"","demo_hide_cloud_options":"","pricing_title":"","pricing":[{"pricing_icon":"platform","pricing_title":"Elfsight Apps","pricing_title_caption":"Plattformunabh\u00e4ngige digitale L\u00f6sung, die f\u00fcr jeden Standort geeignet ist","pricing_price":"ab 0 $ \/ Monat","pricing_price_caption":"Beginnen Sie mit einem kostenlosen Plan","pricing_benefits":[{"text":"Unbegrenzte Websites"},{"text":"Schneller und p\u00fcnktlicher Support und gut dokumentiert"},{"text":"Kostenloser Installationsservice"},{"text":"Tolles Angebot f\u00fcr mehrere Apps"}],"pricing_button_text":"Zur Website hinzuf\u00fcgen","pricing_button_url":"#demo"}],"related_apps_title":"","related_apps_hidden":"","author":"","image":[],"title":"","job":"","social_networks":[]},"_links":{"self":[{"href":"https:\/\/elfsight.com\/de\/wp-json\/wp\/v2\/pages\/9465","targetHints":{"allow":["GET"]}}],"collection":[{"href":"https:\/\/elfsight.com\/de\/wp-json\/wp\/v2\/pages"}],"about":[{"href":"https:\/\/elfsight.com\/de\/wp-json\/wp\/v2\/types\/page"}],"author":[{"embeddable":true,"href":"https:\/\/elfsight.com\/de\/wp-json\/wp\/v2\/users\/9"}],"replies":[{"embeddable":true,"href":"https:\/\/elfsight.com\/de\/wp-json\/wp\/v2\/comments?post=9465"}],"version-history":[{"count":1,"href":"https:\/\/elfsight.com\/de\/wp-json\/wp\/v2\/pages\/9465\/revisions"}],"predecessor-version":[{"id":9469,"href":"https:\/\/elfsight.com\/de\/wp-json\/wp\/v2\/pages\/9465\/revisions\/9469"}],"up":[{"embeddable":true,"href":"https:\/\/elfsight.com\/de\/wp-json\/wp\/v2\/pages\/1132"}],"wp:attachment":[{"href":"https:\/\/elfsight.com\/de\/wp-json\/wp\/v2\/media?parent=9465"}],"curies":[{"name":"wp","href":"https:\/\/api.w.org\/{rel}","templated":true}]}}