{"id":9460,"date":"1970-01-01T00:00:00","date_gmt":"1970-01-01T00:00:00","guid":{"rendered":"https:\/\/elfsight.com\/de\/?page_id=9460"},"modified":"2025-02-20T08:34:04","modified_gmt":"2025-02-20T08:34:04","slug":"weebly","status":"publish","type":"page","link":"https:\/\/elfsight.com\/de\/paypal-button-widget-generator\/weebly\/","title":{"rendered":"PayPal Button &#8211; Weebly"},"content":{"rendered":"\n<div class=\"application-platform-content-item-description application-platform-content-item\" id=\"description\" data-nav-section=\"description\"><h2>Beschreibung<\/h2><p>F\u00fcgen Sie Ihrer Website ein vertrauensw\u00fcrdiges Zahlungsinstrument hinzu. Mit dem PayPal-Button von Elfsight k\u00f6nnen Sie Zahlungen, wiederkehrende Abonnements und Spenden von Ihrem Publikum entgegennehmen. Erstellen Sie Ihre benutzerdefinierte Schaltfl\u00e4che, indem Sie Zahlungsart, W\u00e4hrung, Lokalisierung und individuelle Darstellungsoptionen ausw\u00e4hlen, um sie einzigartig zu machen. Ihre Nutzer werden sich \u00fcber den schnellen und reibungslosen Bezahlvorgang auf Ihrer Seite mit dem PayPal-Button freuen.<\/p><p><b>Nutzen Sie alle Vorteile von PayPal f\u00fcr Ihr Publikum und sich selbst! <\/b><\/p><p><b>Ein praktisches Zahlungssystem auf Ihrer Website ohne Programmieraufwand.<\/b>.<br>F\u00fcr ein Online-Unternehmen ist es wichtig, ein praktisches und sicheres Zahlungstool auf der Website zu haben. Der beste Weg, dies zu erreichen, besteht darin, den PayPal-Button von Elfsight auf Ihrer Website einzubetten. Organisieren Sie einfache Zahlungen f\u00fcr Ihre Kunden.<\/p><p><b>Ein universelles Instrument zur Annahme von Zahlungen, Abonnements und Spenden<\/b>.<br>Erm\u00f6glichen Sie Ihrem Publikum, problemlos Zahlungen zu t\u00e4tigen, sich anzumelden und zu spenden. Das alles ist in einem multifunktionalen Instrument von Elfsight verf\u00fcgbar, das Ihnen hilft, Aufwand und Zeit zu sparen.<\/p><p><b>Eine der seri\u00f6sesten und bekanntesten Zahlungsl\u00f6sungen auf Ihrer Website<\/b>.<br>Verpassen Sie nicht die Chance, eines der vertrauensw\u00fcrdigsten Zahlungstools in Ihre Website zu integrieren. Elfsight hilft Ihnen bei der Nutzung von PayPal mit minimalem Aufwand und maximalem Komfort.<\/p><\/div><br><div class=\"application-platform-content-item-features application-platform-content-item\" id=\"features\" data-nav-section=\"features\"><h2>Funktionen<\/h2><p>Was macht unser Tool zum besten? Sehen Sie sich die angebotenen Funktionen an:<\/p><ul><li>Eine Bibliothek aller g\u00e4ngigsten W\u00e4hrungen;<\/li><li>Zwei Varianten der Steuerangabe: pauschal oder prozentual;<\/li><li>Anpassbar Schaltfl\u00e4chenbreite;<\/li><li>Optionen f\u00fcr den Schaltfl\u00e4chenrand: Gr\u00f6\u00dfe, Farbe, Radius;<\/li><li>PayPal-Logotext anzeigen oder ausblenden.<\/li><\/ul><p>Mehr Funktionen in einem kostenlosen Demo<\/p><\/div><div class=\"application-platform-content-item-installation application-platform-content-item\" id=\"installation\" data-nav-section=\"installation\"><h2>So f\u00fcgen Sie die PayPal Button-App zu einer Weebly-Website hinzu<\/h2><div class=\"video-container\"><iframe width=\"560\" height=\"315\" src=\"https:\/\/www.youtube.com\/embed\/NmpZ15fSSko?si=axeMtkzTTgfZy1-x\" frameborder=\"0\" allow=\"accelerometer; autoplay; clipboard-write; encrypted-media; gyroscope; picture-in-picture; web-share\" allowfullscreen><\/iframe><\/div><p>Die ungef\u00e4hre Dauer der Installation betr\u00e4gt weniger als 2 Minuten. F\u00fcr die Installation sind keine Erfahrungen in der Webprogrammierung erforderlich.<\/p><ol><li><b>F\u00fchren Sie unsere kostenlose Demo durch und beginnen Sie mit der Arbeit mit Ihrer personalisierten App. <\/b><br> W\u00e4hlen Sie das ausgew\u00e4hlte Layout und die Funktionalit\u00e4t der App aus und speichern Sie alle \u00c4nderungen. <\/li> <li><b>Kopieren Sie Ihren individuellen Code, der im Fenster von Elfsight Apps angezeigt wird. <\/b><br> Wenn die Erstellung Ihrer App abgeschlossen ist, kopieren Sie Ihren Code aus dem angezeigten Popup und bewahren Sie ihn f\u00fcr einen sp\u00e4teren Anlass auf. <\/li> <li><b>Initiieren Sie die Nutzung der App auf Ihrer Weebly-Site. <\/b><br> Integrieren Sie den zuvor kopierten Code in Ihre Website und wenden Sie die Verbesserungen an. <\/li> <li><b>Fertig! Die Integration ist vollst\u00e4ndig abgeschlossen. <\/b><br> Besuchen Sie Ihre Webseite, um zu sehen, wie die App funktioniert. <\/li><\/ol><p>Haben Sie Fragen zum Installationsprozess? Senden Sie eine Nachricht an den Elfsight-Support oder lesen Sie den vollst\u00e4ndigen Text der Anleitung und schlie\u00dfen Sie die Installation selbst ab.<\/p><div class=\"faq\" data-component=\"FAQ\"> <div class=\"faq-item\">\r\n\t\t\t\t\t<div class=\"faq-item-question\">\r\n\t\t\t\t\t\t<h3 class=\"faq-item-question-text\">Wie kann ich ohne Programmierkenntnisse eine PayPal-Schaltfl\u00e4che zu meiner Weebly-Website hinzuf\u00fcgen? <\/h3>\r\n\r\n\t\t\t\t\t\t<div class=\"faq-item-question-icon\"><\/div>\r\n\t\t\t\t\t<\/div>\r\n\r\n\t\t\t\t\t<div class=\"faq-item-answer\">\r\n\t\t\t\t\t\t<div class=\"faq-item-answer-text\"> <p>Elfsight bietet eine SaaS-L\u00f6sung, mit der Sie selbst ein PayPal-Schaltfl\u00e4chen-Widget erstellen k\u00f6nnen. Sehen Sie, wie einfach der Vorgang ist: Arbeiten Sie direkt im Online-Editor, um ein PayPal-Schaltfl\u00e4chen-Widget zu erstellen, das Sie gerne auf Ihrer Weebly-Website sehen w\u00fcrden. W\u00e4hlen Sie eine der vorgefertigten Vorlagen aus und passen Sie die Einstellungen der PayPal-Schaltfl\u00e4che an, f\u00fcgen Sie Ihre Inhalte hinzu, \u00e4ndern Sie das Layout und die Farben ohne Programmierkenntnisse. Speichern Sie die PayPal-Schaltfl\u00e4che und kopieren Sie den Installationscode, den Sie in Ihre Weebly-Website einbetten k\u00f6nnen, ohne einen kostenpflichtigen Plan kaufen zu m\u00fcssen. Mit unserem intuitiven Editor kann jeder Internetnutzer online ein PayPal-Button-Widget erstellen und es einfach in seine Weebly-Website einbetten. Sie m\u00fcssen weder bezahlen noch Ihre Kartendaten eingeben, um auf den Service zuzugreifen. Sollten bei irgendeinem Schritt Probleme auftreten, wenden Sie sich bitte an unser technisches Support-Team.<\/p> <\/div>\r\n\t\t\t\t\t<\/div>\r\n\t\t\t\t<\/div> <\/div> <\/div>\n","protected":false},"excerpt":{"rendered":"","protected":false},"author":9,"featured_media":0,"parent":1132,"menu_order":0,"comment_status":"closed","ping_status":"closed","template":"templates\/template-application-platform.php","meta":{"publish_to_discourse":"","publish_post_category":"","wpdc_auto_publish_overridden":"","wpdc_topic_tags":"","wpdc_pin_topic":"","wpdc_pin_until":"","discourse_post_id":"","discourse_permalink":"","wpdc_publishing_response":"","wpdc_publishing_error":"","footnotes":""},"class_list":["post-9460","page","type-page","status-publish","hentry"],"yoast_head":"<!-- This site is optimized with the Yoast SEO plugin v25.3.1 - https:\/\/yoast.com\/wordpress\/plugins\/seo\/ -->\n<title>PayPal-Button \u2013 PayPal-App zur Weebly-Website hinzuf\u00fcgen (in 2 Minuten)<\/title>\n<meta name=\"description\" content=\"Probieren Sie den besten PayPal-Button (Spende, Abonnement oder Zahlung) f\u00fcr die Weebly-Website aus. Erstellen Sie in nur 3 Minuten kostenlos Widgets zur Anzeige auf Ihrer Website!\" \/>\n<meta name=\"robots\" content=\"index, follow, max-snippet:-1, max-image-preview:large, max-video-preview:-1\" \/>\n<link rel=\"canonical\" href=\"https:\/\/elfsight.com\/de\/paypal-button-widget-generator\/weebly\/\" \/>\n<meta property=\"og:locale\" content=\"de_DE\" \/>\n<meta property=\"og:type\" content=\"article\" \/>\n<meta property=\"og:title\" content=\"PayPal-Button \u2013 PayPal-App zur Weebly-Website hinzuf\u00fcgen (in 2 Minuten)\" \/>\n<meta property=\"og:description\" content=\"Probieren Sie den besten PayPal-Button (Spende, Abonnement oder Zahlung) f\u00fcr die Weebly-Website aus. Erstellen Sie in nur 3 Minuten kostenlos Widgets zur Anzeige auf Ihrer Website!\" \/>\n<meta property=\"og:url\" content=\"https:\/\/elfsight.com\/de\/paypal-button-widget-generator\/weebly\/\" \/>\n<meta property=\"og:site_name\" content=\"Elfsight DE\" \/>\n<meta property=\"article:modified_time\" content=\"2025-02-20T08:34:04+00:00\" \/>\n<meta name=\"twitter:card\" content=\"summary_large_image\" \/>\n<meta name=\"twitter:label1\" content=\"Gesch\u00e4tzte Lesezeit\" \/>\n\t<meta name=\"twitter:data1\" content=\"4\u00a0Minuten\" \/>\n<!-- \/ Yoast SEO plugin. -->","yoast_head_json":{"title":"PayPal-Button \u2013 PayPal-App zur Weebly-Website hinzuf\u00fcgen (in 2 Minuten)","description":"Probieren Sie den besten PayPal-Button (Spende, Abonnement oder Zahlung) f\u00fcr die Weebly-Website aus. Erstellen Sie in nur 3 Minuten kostenlos Widgets zur Anzeige auf Ihrer Website!","robots":{"index":"index","follow":"follow","max-snippet":"max-snippet:-1","max-image-preview":"max-image-preview:large","max-video-preview":"max-video-preview:-1"},"canonical":"https:\/\/elfsight.com\/de\/paypal-button-widget-generator\/weebly\/","og_locale":"de_DE","og_type":"article","og_title":"PayPal-Button \u2013 PayPal-App zur Weebly-Website hinzuf\u00fcgen (in 2 Minuten)","og_description":"Probieren Sie den besten PayPal-Button (Spende, Abonnement oder Zahlung) f\u00fcr die Weebly-Website aus. Erstellen Sie in nur 3 Minuten kostenlos Widgets zur Anzeige auf Ihrer Website!","og_url":"https:\/\/elfsight.com\/de\/paypal-button-widget-generator\/weebly\/","og_site_name":"Elfsight DE","article_modified_time":"2025-02-20T08:34:04+00:00","twitter_card":"summary_large_image","twitter_misc":{"Gesch\u00e4tzte Lesezeit":"4\u00a0Minuten"},"schema":{"@context":"https:\/\/schema.org","@graph":[{"@type":"WebPage","@id":"https:\/\/elfsight.com\/de\/paypal-button-widget-generator\/weebly\/","url":"https:\/\/elfsight.com\/de\/paypal-button-widget-generator\/weebly\/","name":"PayPal-Button \u2013 PayPal-App zur Weebly-Website hinzuf\u00fcgen (in 2 Minuten)","isPartOf":{"@id":"https:\/\/elfsight.com\/de\/#website"},"datePublished":"1970-01-01T00:00:00+00:00","dateModified":"2025-02-20T08:34:04+00:00","description":"Probieren Sie den besten PayPal-Button (Spende, Abonnement oder Zahlung) f\u00fcr die Weebly-Website aus. Erstellen Sie in nur 3 Minuten kostenlos Widgets zur Anzeige auf Ihrer Website!","breadcrumb":{"@id":"https:\/\/elfsight.com\/de\/paypal-button-widget-generator\/weebly\/#breadcrumb"},"inLanguage":"de","potentialAction":[{"@type":"ReadAction","target":["https:\/\/elfsight.com\/de\/paypal-button-widget-generator\/weebly\/"]}]},{"@type":"BreadcrumbList","@id":"https:\/\/elfsight.com\/de\/paypal-button-widget-generator\/weebly\/#breadcrumb","itemListElement":[{"@type":"ListItem","position":1,"name":"Home","item":"https:\/\/elfsight.com\/de\/"},{"@type":"ListItem","position":2,"name":"PayPal Button","item":"https:\/\/elfsight.com\/de\/paypal-button-widget-generator\/"},{"@type":"ListItem","position":3,"name":"PayPal Button &#8211; Weebly"}]},{"@type":"WebSite","@id":"https:\/\/elfsight.com\/de\/#website","url":"https:\/\/elfsight.com\/de\/","name":"Elfsight DE","description":"Just another Elfsight Sites site","potentialAction":[{"@type":"SearchAction","target":{"@type":"EntryPoint","urlTemplate":"https:\/\/elfsight.com\/de\/?s={search_term_string}"},"query-input":{"@type":"PropertyValueSpecification","valueRequired":true,"valueName":"search_term_string"}}],"inLanguage":"de"}]}},"meta_box":{"industry":"","seo_heading":"","heading":"","description":"","cta_heading":"","cta_description":"","application":"473","h1":"Weebly PayPal Button-App","h1_caption":"F\u00fcgen Sie Ihrer Website eine Paypal-Schaltfl\u00e4che hinzu, um schnell und einfach m\u00fchelos direkt \u00fcber Paypal auf Ihrer Weebly-Website bezahlen zu k\u00f6nnen.","application_category":[],"applications_title":"","applications_request_title":"","applications_request_button_text":"","hero_text":"","hero_video":"","hero_video_schema_markup":"","selling_points_title":"","selling_points_caption":"","selling_points":[],"selling_points_cta_text":"","features_title":"","features":"","ed_cta_examples_text":"","ed_cta_examples_hidden":"","ed_cta_demo_text":"","ed_cta_demo_hidden":"","why_caption":"","why_editor_title":"","why_editor_text":"","why_team_title":"","why_team_text":"","why_service_title":"","why_service_text":"","template_catalog_visible":"0","template_catalog_title":"","template_catalog_text":"","template_catalog_categories_visible":"","demo_title":"Erstellen Sie Ihre PayPal Button-App","demo_caption":"Konfigurieren Sie Ihren PayPal-Button und f\u00fcgen Sie ihn kostenlos zu Ihrer Weebly-Website hinzu!","default_faq_hidden":"","app_template_category":[],"platform":"249","template_public_id":"","codecanyon_url":"","codecanyon_item_id":"","codecanyon_price":"","pricing_caption":"","pricing_elfsight_apps_hide_column":"","pricing_elfsight_apps_url":"","pricing_codecanyon_price_caption":"","integration_category":[],"integration_request_title":"","integration_request_cta":"","integration_platform":"","integrations":[],"platform_category":[],"video_schema_markup":"","price":"ab 0 $ \/ Monat","trial":"","benefits":[{"text":"Kostenlose Installationshilfe"},{"text":"Premium-Support"},{"text":"14-t\u00e4gige R\u00fcckerstattungsgarantie"},{"text":"Regelm\u00e4\u00dfige kostenlose Updates"}],"button_url":"#demo","button_target_blank":"0","button_nofollow":"0","attributes":[{"name":"Installiert","content":"10,000 - 100,000"},{"name":"Reaktionsfreudig","content":"Ja"},{"name":"Kompatible Browser","content":"Firefox, Safari, Opera, Chrome, Edge"}],"tags":[],"tags_disable_links":"0","hide_more_platforms":"0","video_object":"","demo_hide_cta":"0","demo_hide_cloud_options":"0","pricing_title":"","pricing":[{"pricing_icon":"platform","pricing_title":"Elfsight Apps","pricing_title_caption":"Plattform\u00fcbergreifende Version, die auf jeder Website funktioniert","pricing_price":"ab 0 $ \/ Monat","pricing_price_caption":"Beginnen Sie mit einem kostenlosen Plan","pricing_benefits":[{"text":"Unbegrenzte Websites"},{"text":"Kostenloser Support und gut dokumentiert"},{"text":"Kostenloser Installationssupport"},{"text":"Flexibles Design"}],"pricing_button_text":"Zur Website hinzuf\u00fcgen","pricing_button_url":"#demo"}],"related_apps_title":"","related_apps_hidden":"0","author":"","image":[],"title":"","job":"","social_networks":[]},"_links":{"self":[{"href":"https:\/\/elfsight.com\/de\/wp-json\/wp\/v2\/pages\/9460","targetHints":{"allow":["GET"]}}],"collection":[{"href":"https:\/\/elfsight.com\/de\/wp-json\/wp\/v2\/pages"}],"about":[{"href":"https:\/\/elfsight.com\/de\/wp-json\/wp\/v2\/types\/page"}],"author":[{"embeddable":true,"href":"https:\/\/elfsight.com\/de\/wp-json\/wp\/v2\/users\/9"}],"replies":[{"embeddable":true,"href":"https:\/\/elfsight.com\/de\/wp-json\/wp\/v2\/comments?post=9460"}],"version-history":[{"count":3,"href":"https:\/\/elfsight.com\/de\/wp-json\/wp\/v2\/pages\/9460\/revisions"}],"predecessor-version":[{"id":24484,"href":"https:\/\/elfsight.com\/de\/wp-json\/wp\/v2\/pages\/9460\/revisions\/24484"}],"up":[{"embeddable":true,"href":"https:\/\/elfsight.com\/de\/wp-json\/wp\/v2\/pages\/1132"}],"wp:attachment":[{"href":"https:\/\/elfsight.com\/de\/wp-json\/wp\/v2\/media?parent=9460"}],"curies":[{"name":"wp","href":"https:\/\/api.w.org\/{rel}","templated":true}]}}