{"id":9459,"date":"1970-01-01T00:00:00","date_gmt":"1970-01-01T00:00:00","guid":{"rendered":"https:\/\/elfsight.com\/de\/?page_id=9459"},"modified":"2025-02-20T08:36:11","modified_gmt":"2025-02-20T08:36:11","slug":"wix","status":"publish","type":"page","link":"https:\/\/elfsight.com\/de\/paypal-button-widget-generator\/wix\/","title":{"rendered":"PayPal Button &#8211; Wix"},"content":{"rendered":"\n<div class=\"application-platform-content-item-description application-platform-content-item\" id=\"description\" data-nav-section=\"description\"><h2>Beschreibung<\/h2><p>Elfsight PayPal Button bietet Ihnen ein PayPal auf Ihrer Website. Damit k\u00f6nnen Sie Schaltfl\u00e4chen f\u00fcr Zahlungen, Kassen, automatische Abonnements und Spenden einrichten. Sie k\u00f6nnen Steuern und Versandkosten hinzuf\u00fcgen, Lokalisierung und W\u00e4hrung ausw\u00e4hlen, Text anzeigen und noch mehr. Organisieren Sie einen einfachen und sicheren Zahlungsprozess f\u00fcr Ihre Kunden mit einem der vertrauensw\u00fcrdigsten Instrumente.<\/p><p><b>Erm\u00f6glichen Sie Ihren Kunden, Zahlungen \u00fcber PayPal auf Ihrer Website zu t\u00e4tigen und den Umsatz zu steigern! <\/b><\/p><p><b>Eine beliebte Zahlungsmethode auf Ihrer Website ohne Codierung.<\/b>.<br>F\u00fcr ein florierendes Unternehmen ist es wichtig, K\u00e4ufern praktische Online-Zahlungen anzubieten. F\u00fcgen Sie Ihrer Website die PayPal-Schaltfl\u00e4che von Elfsight hinzu, und Sie k\u00f6nnen dies einfach und schnell erledigen.<\/p><p><b>Eine einzige L\u00f6sung zum Empfangen von Zahlungen, Abonnements und Spenden<\/b>.<br>Lassen Sie Ihre K\u00e4ufer bezahlen , abonnieren Sie Ihre Dienste und spenden Sie auf Ihrer Website f\u00fcr Ihr Unternehmen. Alle diese Optionen sind in einem universellen Tool von Elfsight verf\u00fcgbar, das Ihnen hilft, Geld und Zeit zu sparen.<\/p><p><b>Eines der sichersten und bekanntesten Zahlungsinstrumente auf Ihrer Website<\/b>.<br>Machen Sie Ihre Website f\u00fcr Ihre Kunden komfortabler, um sie zum Kauf anzuregen. Erm\u00f6glichen Sie K\u00e4ufern die Bezahlung \u00fcber ein beliebtes und sicheres Instrument auf Ihrer Website und st\u00e4rken Sie das Vertrauen in Ihr Unternehmen.<\/p><\/div><div class=\"application-platform-content-item-features application-platform-content-item\" id=\"features\" data-nav-section=\"features\"><h2>Funktionen<\/h2><p>Was unser Tool ausmacht der beste? Entdecken Sie, welche Funktionen es bietet:<\/p><ul><li>Festlegen der Lokalisierung Ihrer Schaltfl\u00e4che aus der vordefinierten L\u00e4nderliste;<\/li><li>Zwei Varianten der Steuerangabe: pauschal oder prozentual;<\/li><li>Anpassbare Schaltfl\u00e4chenbreite;<\/li><li>Optionen f\u00fcr den Schaltfl\u00e4chenrand: Gr\u00f6\u00dfe, Farbe, Radius;<\/li><li>Vier umschaltbare Zahlungssystemsymbole f\u00fcr mehr Kundenvertrauen und Sicherheit.<\/li><\/ul><p>Sehen Sie sich die vollst\u00e4ndige Liste der Funktionen in der Demo an<\/p><\/div><div class=\"application-platform-content-item-installation application-platform-content-item\" id=\"installation\" data-nav-section=\"installation\"><h2>So f\u00fcgen Sie den PayPal-Button zur Wix-Website hinzu<\/h2><div class=\"video-container\"><iframe width=\"560\" height=\"315\" src=\"https:\/\/www.youtube.com\/embed\/yM1gjSRiZno?si=osMYa-H0I5_SE3TE\" frameborder=\"0\" allow=\"accelerometer; autoplay; clipboard-write; encrypted-media; gyroscope; picture-in-picture; web-share\" allowfullscreen><\/iframe><\/div><p>Eine einfache Anleitung zum Erstellen Ihres PayPal-Buttons f\u00fcr eine Website ohne Entwicklungskenntnisse. Es dauert nicht l\u00e4nger als 3 Minuten.<\/p><ol><li><b>Erwerben Sie das Widget auf dem Markt.<\/b><br>\u00d6ffnen Sie die Seite mit der PayPal-Zahlungs-App und klicken Sie auf \u201eHinzuf\u00fcgen\u201c. Schaltfl\u00e4che \u201eWebsite\u201c.<\/li><li><b>Zeigen Sie das Widget auf der Website an.<\/b><br>Klicken Sie in der Popup-Benachrichtigung auf \u201eEditor \u00f6ffnen\u201c und zeigen Sie das Widget auf Ihrer Seite an.<\/li> <li><b>Passen Sie Ihre PayPal-App an.<\/b><br>Nehmen Sie Anpassungen an der Benutzeroberfl\u00e4che vor und f\u00fcgen Sie erforderliche Inhalte hinzu. Ver\u00f6ffentlichen Sie alle \u00c4nderungen.<\/li><li><b>Die Installation ist abgeschlossen.<\/b><br>\u00d6ffnen Sie die Website, um Ihre Ergebnisse zu \u00fcberpr\u00fcfen!<\/li><\/ol><p>Bei der Bewerbung sind Schwierigkeiten aufgetreten das Tutorial? Kontaktieren Sie unser Support-Center oder lesen Sie eine vollst\u00e4ndige Variante des Handbuchs, um zu versuchen, das Widget selbst einzubetten.<\/p><div class=\"faq\" data-component=\"FAQ\"> <div class=\"faq-item\">\r\n\t\t\t\t\t<div class=\"faq-item-question\">\r\n\t\t\t\t\t\t<h3 class=\"faq-item-question-text\">Wie f\u00fcge ich ohne Programmierkenntnisse eine PayPal-Schaltfl\u00e4che zu meiner Wix-Website hinzu?<\/h3>\r\n\r\n\t\t\t\t\t\t<div class=\"faq-item-question-icon\"><\/div>\r\n\t\t\t\t\t<\/div>\r\n\r\n\t\t\t\t\t<div class=\"faq-item-answer\">\r\n\t\t\t\t\t\t<div class=\"faq-item-answer-text\"> <p>Elfsight bietet eine SaaS-L\u00f6sung, mit der Sie selbst ein PayPal-Schaltfl\u00e4chen-Widget erstellen k\u00f6nnen. Sehen Sie, wie einfach der Vorgang ist: Arbeiten Sie direkt im Online-Editor, um ein PayPal-Schaltfl\u00e4chen-Widget zu erstellen, das Sie gerne auf Ihrer Wix-Website sehen w\u00fcrden. W\u00e4hlen Sie eine der vorgefertigten Vorlagen aus und passen Sie die Einstellungen der PayPal-Schaltfl\u00e4che an, f\u00fcgen Sie Ihre Inhalte hinzu, \u00e4ndern Sie das Layout und die Farben ohne Programmierkenntnisse. Speichern Sie die PayPal-Schaltfl\u00e4che und kopieren Sie den Installationscode, den Sie einfach in Ihre Wix-Website einf\u00fcgen k\u00f6nnen, ohne ein kostenpflichtiges Abonnement kaufen zu m\u00fcssen. Mit unserem intuitiven Editor kann jeder Internetnutzer online ein PayPal-Button-Widget erstellen und es einfach in seine Wix-Website einbetten. Sie m\u00fcssen weder bezahlen noch Ihre Kartendaten eingeben, um auf den Service zuzugreifen. Sollten bei irgendeinem Schritt Probleme auftreten, wenden Sie sich bitte an unser technisches Support-Team.<\/p> <\/div>\r\n\t\t\t\t\t<\/div>\r\n\t\t\t\t<\/div> <\/div> <\/div>\n\n\n\n<p><\/p>\n","protected":false},"excerpt":{"rendered":"","protected":false},"author":9,"featured_media":0,"parent":1132,"menu_order":0,"comment_status":"closed","ping_status":"closed","template":"templates\/template-application-platform.php","meta":{"publish_to_discourse":"","publish_post_category":"","wpdc_auto_publish_overridden":"","wpdc_topic_tags":"","wpdc_pin_topic":"","wpdc_pin_until":"","discourse_post_id":"","discourse_permalink":"","wpdc_publishing_response":"","wpdc_publishing_error":"","footnotes":""},"class_list":["post-9459","page","type-page","status-publish","hentry"],"yoast_head":"<!-- This site is optimized with the Yoast SEO plugin v25.3.1 - https:\/\/yoast.com\/wordpress\/plugins\/seo\/ -->\n<title>PayPal-Button \u2013 PayPal-Zahlungs-App zu Wix hinzuf\u00fcgen (2025)<\/title>\n<meta name=\"description\" content=\"Erstellen Sie in nur 3 Minuten einen individuellen PayPal-Button f\u00fcr Ihre Wix-Website! Probieren Sie den kostenlosen Editor von Elfsight aus, um Ihre eigene Zahlungs-App zu erstellen.\" \/>\n<meta name=\"robots\" content=\"index, follow, max-snippet:-1, max-image-preview:large, max-video-preview:-1\" \/>\n<link rel=\"canonical\" href=\"https:\/\/elfsight.com\/de\/paypal-button-widget-generator\/wix\/\" \/>\n<meta property=\"og:locale\" content=\"de_DE\" \/>\n<meta property=\"og:type\" content=\"article\" \/>\n<meta property=\"og:title\" content=\"PayPal-Button \u2013 PayPal-Zahlungs-App zu Wix hinzuf\u00fcgen (2025)\" \/>\n<meta property=\"og:description\" content=\"Erstellen Sie in nur 3 Minuten einen individuellen PayPal-Button f\u00fcr Ihre Wix-Website! Probieren Sie den kostenlosen Editor von Elfsight aus, um Ihre eigene Zahlungs-App zu erstellen.\" \/>\n<meta property=\"og:url\" content=\"https:\/\/elfsight.com\/de\/paypal-button-widget-generator\/wix\/\" \/>\n<meta property=\"og:site_name\" content=\"Elfsight DE\" \/>\n<meta property=\"article:modified_time\" content=\"2025-02-20T08:36:11+00:00\" \/>\n<meta name=\"twitter:card\" content=\"summary_large_image\" \/>\n<meta name=\"twitter:label1\" content=\"Gesch\u00e4tzte Lesezeit\" \/>\n\t<meta name=\"twitter:data1\" content=\"4\u00a0Minuten\" \/>\n<!-- \/ Yoast SEO plugin. -->","yoast_head_json":{"title":"PayPal-Button \u2013 PayPal-Zahlungs-App zu Wix hinzuf\u00fcgen (2025)","description":"Erstellen Sie in nur 3 Minuten einen individuellen PayPal-Button f\u00fcr Ihre Wix-Website! Probieren Sie den kostenlosen Editor von Elfsight aus, um Ihre eigene Zahlungs-App zu erstellen.","robots":{"index":"index","follow":"follow","max-snippet":"max-snippet:-1","max-image-preview":"max-image-preview:large","max-video-preview":"max-video-preview:-1"},"canonical":"https:\/\/elfsight.com\/de\/paypal-button-widget-generator\/wix\/","og_locale":"de_DE","og_type":"article","og_title":"PayPal-Button \u2013 PayPal-Zahlungs-App zu Wix hinzuf\u00fcgen (2025)","og_description":"Erstellen Sie in nur 3 Minuten einen individuellen PayPal-Button f\u00fcr Ihre Wix-Website! Probieren Sie den kostenlosen Editor von Elfsight aus, um Ihre eigene Zahlungs-App zu erstellen.","og_url":"https:\/\/elfsight.com\/de\/paypal-button-widget-generator\/wix\/","og_site_name":"Elfsight DE","article_modified_time":"2025-02-20T08:36:11+00:00","twitter_card":"summary_large_image","twitter_misc":{"Gesch\u00e4tzte Lesezeit":"4\u00a0Minuten"},"schema":{"@context":"https:\/\/schema.org","@graph":[{"@type":"WebPage","@id":"https:\/\/elfsight.com\/de\/paypal-button-widget-generator\/wix\/","url":"https:\/\/elfsight.com\/de\/paypal-button-widget-generator\/wix\/","name":"PayPal-Button \u2013 PayPal-Zahlungs-App zu Wix hinzuf\u00fcgen (2025)","isPartOf":{"@id":"https:\/\/elfsight.com\/de\/#website"},"datePublished":"1970-01-01T00:00:00+00:00","dateModified":"2025-02-20T08:36:11+00:00","description":"Erstellen Sie in nur 3 Minuten einen individuellen PayPal-Button f\u00fcr Ihre Wix-Website! Probieren Sie den kostenlosen Editor von Elfsight aus, um Ihre eigene Zahlungs-App zu erstellen.","breadcrumb":{"@id":"https:\/\/elfsight.com\/de\/paypal-button-widget-generator\/wix\/#breadcrumb"},"inLanguage":"de","potentialAction":[{"@type":"ReadAction","target":["https:\/\/elfsight.com\/de\/paypal-button-widget-generator\/wix\/"]}]},{"@type":"BreadcrumbList","@id":"https:\/\/elfsight.com\/de\/paypal-button-widget-generator\/wix\/#breadcrumb","itemListElement":[{"@type":"ListItem","position":1,"name":"Home","item":"https:\/\/elfsight.com\/de\/"},{"@type":"ListItem","position":2,"name":"PayPal Button","item":"https:\/\/elfsight.com\/de\/paypal-button-widget-generator\/"},{"@type":"ListItem","position":3,"name":"PayPal Button &#8211; Wix"}]},{"@type":"WebSite","@id":"https:\/\/elfsight.com\/de\/#website","url":"https:\/\/elfsight.com\/de\/","name":"Elfsight DE","description":"Just another Elfsight Sites site","potentialAction":[{"@type":"SearchAction","target":{"@type":"EntryPoint","urlTemplate":"https:\/\/elfsight.com\/de\/?s={search_term_string}"},"query-input":{"@type":"PropertyValueSpecification","valueRequired":true,"valueName":"search_term_string"}}],"inLanguage":"de"}]}},"meta_box":{"industry":"","seo_heading":"","heading":"","description":"","cta_heading":"","cta_description":"","application":"473","h1":"Wix PayPal Button-App","h1_caption":"F\u00fcgen Sie einen Paypal-Button zu Ihrer Website hinzu, um schnell und einfach m\u00fchelos direkt \u00fcber Paypal auf Ihrer Wix-Website zu bezahlen.","application_category":[],"applications_title":"","applications_request_title":"","applications_request_button_text":"","hero_text":"","hero_video":"","hero_video_schema_markup":"","selling_points_title":"","selling_points_caption":"","selling_points":[],"selling_points_cta_text":"","features_title":"","features":"","ed_cta_examples_text":"","ed_cta_examples_hidden":"","ed_cta_demo_text":"","ed_cta_demo_hidden":"","why_caption":"","why_editor_title":"","why_editor_text":"","why_team_title":"","why_team_text":"","why_service_title":"","why_service_text":"","template_catalog_visible":"0","template_catalog_title":"","template_catalog_text":"","template_catalog_categories_visible":"","demo_title":"Erstellen Sie Ihre PayPal Button-App","demo_caption":"Konfigurieren Sie Ihren PayPal-Button und f\u00fcgen Sie ihn kostenlos zu Ihrer Wix-Website hinzu!","default_faq_hidden":"","app_template_category":[],"platform":"265","template_public_id":"","codecanyon_url":"","codecanyon_item_id":"","codecanyon_price":"","pricing_caption":"","pricing_elfsight_apps_hide_column":"","pricing_elfsight_apps_url":"","pricing_codecanyon_price_caption":"","integration_category":[],"integration_request_title":"","integration_request_cta":"","integration_platform":"","integrations":[],"platform_category":[],"video_schema_markup":"","price":"ab 0 $ \/ Monat","trial":"","benefits":[{"text":"Kostenlose Installationsunterst\u00fctzung"},{"text":"Kostenlose Installationsunterst\u00fctzung"},{"text":"14-t\u00e4gige Geld-zur\u00fcck-Garantie"},{"text":"St\u00e4ndige Aktualisierung"}],"button_url":"#demo","button_target_blank":"0","button_nofollow":"0","attributes":[{"name":"Installiert","content":"10,000 - 100,000"},{"name":"Reaktionsfreudig","content":"Ja"},{"name":"Kompatible Browser","content":"Safari, Opera, Edge, Firefox, Chrome"}],"tags":[],"tags_disable_links":"0","hide_more_platforms":"0","video_object":"","demo_hide_cta":"0","demo_hide_cloud_options":"0","pricing_title":"","pricing":[{"pricing_icon":"platform","pricing_title":"Elfsight Apps","pricing_title_caption":"Plattform\u00fcbergreifende Version, die auf jeder Website funktioniert","pricing_price":"ab 0 $ \/ Monat","pricing_price_caption":"Beginnen Sie mit einem kostenlosen Plan","pricing_benefits":[{"text":"Unbegrenzte Anzahl an Domains"},{"text":"Kostenloser Support"},{"text":"Kostenlose Installationsunterst\u00fctzung"},{"text":"Sonderpreis f\u00fcr mehrere Apps"}],"pricing_button_text":"Zur Website hinzuf\u00fcgen","pricing_button_url":"#demo"}],"related_apps_title":"","related_apps_hidden":"0","author":"","image":[],"title":"","job":"","social_networks":[]},"_links":{"self":[{"href":"https:\/\/elfsight.com\/de\/wp-json\/wp\/v2\/pages\/9459","targetHints":{"allow":["GET"]}}],"collection":[{"href":"https:\/\/elfsight.com\/de\/wp-json\/wp\/v2\/pages"}],"about":[{"href":"https:\/\/elfsight.com\/de\/wp-json\/wp\/v2\/types\/page"}],"author":[{"embeddable":true,"href":"https:\/\/elfsight.com\/de\/wp-json\/wp\/v2\/users\/9"}],"replies":[{"embeddable":true,"href":"https:\/\/elfsight.com\/de\/wp-json\/wp\/v2\/comments?post=9459"}],"version-history":[{"count":3,"href":"https:\/\/elfsight.com\/de\/wp-json\/wp\/v2\/pages\/9459\/revisions"}],"predecessor-version":[{"id":24485,"href":"https:\/\/elfsight.com\/de\/wp-json\/wp\/v2\/pages\/9459\/revisions\/24485"}],"up":[{"embeddable":true,"href":"https:\/\/elfsight.com\/de\/wp-json\/wp\/v2\/pages\/1132"}],"wp:attachment":[{"href":"https:\/\/elfsight.com\/de\/wp-json\/wp\/v2\/media?parent=9459"}],"curies":[{"name":"wp","href":"https:\/\/api.w.org\/{rel}","templated":true}]}}