{"id":9452,"date":"1970-01-01T00:00:00","date_gmt":"1970-01-01T00:00:00","guid":{"rendered":"https:\/\/elfsight.com\/de\/?page_id=9452"},"modified":"2025-02-20T08:21:49","modified_gmt":"2025-02-20T08:21:49","slug":"elementor","status":"publish","type":"page","link":"https:\/\/elfsight.com\/de\/paypal-button-widget-generator\/elementor\/","title":{"rendered":"PayPal Button &#8211; Elementor"},"content":{"rendered":"\n<div class=\"application-platform-content-item-description application-platform-content-item\" id=\"description\" data-nav-section=\"description\"> <h2>PayPal-Button auf Elementor mit dem Elfsight-Widget einbetten<\/h2> <p>Organisieren Sie ohne gro\u00dfen Aufwand ein zuverl\u00e4ssiges und praktisches Bezahlen auf Ihrer Website. Mit dem PayPal-Button von Elfsight k\u00f6nnen Sie Zahlungen, wiederkehrende Abonnements und Spenden Ihrer Kunden einfach und sicher annehmen. Erstellen Sie Ihren eigenen benutzerdefinierten Button, indem Sie die Zahlungsvariante, die W\u00e4hrung, die Lokalisierung und das Aussehen ausw\u00e4hlen, um ihn wirklich einzigartig zu machen. Ihre Kundschaft wird das schnelle und bequeme Bezahlen auf Ihrer Website \u00fcber den PayPal-Button genie\u00dfen.<\/p> <p><b>F\u00fchren Sie PayPal-Zahlungen ohne gro\u00dfen Aufwand in Ihre Website ein!<\/b><\/p> <p><b>A Beliebtes Bezahlsystem jetzt auf Ihrer Website. Schnell, einfach, ohne Programmieraufwand.<\/b><br>K\u00e4ufer sch\u00e4tzen die M\u00f6glichkeit des sicheren Bezahlens auf einer Website. Richten Sie mit Elfsight Ihren eigenen PayPal-Button ein und Sie erhalten ein unkompliziertes und schnelles Zahlungstool f\u00fcr Ihre K\u00e4ufer. Kein Programmieren, kein Aufwand.<\/p> <p><b>Ein einziges Instrument zur Verarbeitung von Zahlungen, Abonnements und Spenden.<\/b><br>Mit nur einem Widget von Elfsight k\u00f6nnen Sie Schaltfl\u00e4chen hinzuf\u00fcgen, damit Kunden bezahlen k\u00f6nnen , abonnieren und spenden Sie auf Ihrer Website. Sparen Sie Zeit und Geld mit einer Mehrzweckl\u00f6sung, die Ihnen eine Reihe praktischer Varianten bietet.<\/p> <p><b>Eines der sichersten und bekanntesten Zahlungssysteme auf Ihrer Website.<\/b><br>Verpassen Sie nicht die Chance, Ihre Website mit einem der sichersten und zuverl\u00e4ssigsten Zahlungsinstrumente zu integrieren. Mit dem PayPal-Button von Elfsight ist dies in Sekundenschnelle erledigt und bietet Ihren Benutzern maximalen Komfort.<\/p> <\/div><div class=\"application-platform-content-item-features application-platform-content-item\" id=\"features\" data-nav-section=\"features\"> <h2>Hauptfunktionen des PayPal-Button-Widgets<\/h2> <p>Entdecken Sie die Funktionen, die unser Widget zum besten f\u00fcr Website-Zahlungen machen:<\/p> <ul><li>Option zum Hinzuf\u00fcgen eines Produktnamens;<\/li><li>W\u00e4hlen Sie eines der Abrechnungsintervalle: t\u00e4glich, w\u00f6chentlich, monatlich , j\u00e4hrlich;<\/li><li>Responsive Gr\u00f6\u00dfe f\u00fcr optimales Aussehen auf jedem Ger\u00e4t;<\/li><li>Auswahl der Schaltfl\u00e4chenfarbe;<\/li><li>Option, einen Kunden anschlie\u00dfend auf eine benutzerdefinierte Dankesseite weiterzuleiten eine erfolgreiche Transaktion.<\/li><\/ul> <p><a href=\"#demo\">Alles lesen<\/a><\/p><\/div><div class=\"application-platform-content-item-installation application-platform-content-item\" id=\"installation\" data-nav-section=\"installation\"><h2> So f\u00fcgen Sie den PayPal-Button zur Elementor-Website hinzu<\/h2><div class=\"video-container\"><iframe width=\"560\" height=\"315\" src=\"https:\/\/www.youtube.com\/embed\/w-Iao9d-pIM?si=5v5hc97Dw-3BeWOp\" frameborder=\"0\" allow=\"accelerometer; autoplay; clipboard-write; encrypted-media; gyroscope; picture-in-picture; web-share\" allowfullscreen><\/iframe><\/div><p>Die ungef\u00e4hre Implementierungszeit betr\u00e4gt nur 70 Sekunden, und ein sch\u00f6ner Bonus ist, dass Sie keine Programmierkenntnisse ben\u00f6tigen.<\/p><ol><li><b>Generieren Sie Ihren individuellen PayPal-Button<\/b><br> Stellen Sie mit unserem kostenlosen Editor ein Plugin mit dem gew\u00fcnschten Aussehen und den Parametern zusammen, die Sie f\u00fcr Ihren Shop ben\u00f6tigen.<\/li><li><b>Rufen Sie den eindeutigen Code zum Anzeigen des Plugins ab.<\/b><br> Rufen Sie nach der Widget-Einstellung einen Code f\u00fcr das PayPal-Plugin aus dem angezeigten Fenster in Elfsight Apps ab.<\/li><li><b>Zeigen Sie das an Plugin auf der Elementor-Site<\/b><br> Betten Sie das Plugin in die ausgew\u00e4hlte Seite oder den ausgew\u00e4hlten Vorlagenteil ein und speichern Sie die \u00c4nderungen.<\/li><li><b>Die Einrichtung ist abgeschlossen<\/b><br> Gehen Sie zu Ihrer Site , um Ihr Plugin zu \u00fcberpr\u00fcfen.<\/li><\/ol><p>Wenn Sie Fragen oder Probleme mit dem Plugin haben, geben Sie es nicht auf! Kontaktieren Sie unser Hilfecenter. Senden Sie uns eine ausf\u00fchrliche Erl\u00e4uterung Ihrer Frage. Unser Team hilft Ihnen gerne weiter. <\/p><\/div><div class=\"faq\" data-component=\"FAQ\"><div class=\"faq-item\">\r\n\t\t\t\t\t<div class=\"faq-item-question\">\r\n\t\t\t\t\t\t<h3 class=\"faq-item-question-text\">Wie kann ich einen PayPal-Button in die Elementor-Website einbetten? <\/h3>\r\n\r\n\t\t\t\t\t\t<div class=\"faq-item-question-icon\"><\/div>\r\n\t\t\t\t\t<\/div>\r\n\r\n\t\t\t\t\t<div class=\"faq-item-answer\">\r\n\t\t\t\t\t\t<div class=\"faq-item-answer-text\"><p>Die Erstellung des Tools wird durchgef\u00fchrt innerhalb der Elfsight-Site und Sie m\u00fcssen nicht programmieren. Nutzen Sie die Live-Demo, um Ihre App anzupassen, den Code zu erwerben und ihn in Ihre Website einzubetten. <\/p><\/div>\r\n\t\t\t\t\t<\/div>\r\n\t\t\t\t<\/div><div class=\"faq-item\">\r\n\t\t\t\t\t<div class=\"faq-item-question\">\r\n\t\t\t\t\t\t<h3 class=\"faq-item-question-text\">Die besten Anwendungsbeispiele f\u00fcr die PayPal-Widget-Integration<\/h3>\r\n\r\n\t\t\t\t\t\t<div class=\"faq-item-question-icon\"><\/div>\r\n\t\t\t\t\t<\/div>\r\n\r\n\t\t\t\t\t<div class=\"faq-item-answer\">\r\n\t\t\t\t\t\t<div class=\"faq-item-answer-text\"><p>Wir stellen Ihnen unz\u00e4hlige Anpassungsoptionen zur Verf\u00fcgung: vollst\u00e4ndige Widgets zur Implementierung in Inhaltsbereich, schwebende Widgets mit Scrollm\u00f6glichkeiten, Miniaturansichten f\u00fcr die Fu\u00dfzeile Ihrer Website, den Kopfbereich und alle m\u00f6glichen vertikalen M\u00f6glichkeiten f\u00fcr Seitenleisten und Men\u00fcs Ihrer Website. <\/p><\/div>\r\n\t\t\t\t\t<\/div>\r\n\t\t\t\t<\/div><div class=\"faq-item\">\r\n\t\t\t\t\t<div class=\"faq-item-question\">\r\n\t\t\t\t\t\t<h3 class=\"faq-item-question-text\">Darf ich mit Ihrem Editor einen Spenden- oder Checkout-PayPal-Button erstellen? <\/h3>\r\n\r\n\t\t\t\t\t\t<div class=\"faq-item-question-icon\"><\/div>\r\n\t\t\t\t\t<\/div>\r\n\r\n\t\t\t\t\t<div class=\"faq-item-answer\">\r\n\t\t\t\t\t\t<div class=\"faq-item-answer-text\"><p>Sie k\u00f6nnen die \u00c4nderungen jedes Widgets erstellen. Im Editor stehen zahlreiche Layouts zur Verf\u00fcgung, die alle ganz einfach an Ihre Bed\u00fcrfnisse angepasst werden k\u00f6nnen. <\/p><\/div>\r\n\t\t\t\t\t<\/div>\r\n\t\t\t\t<\/div><\/div>\n","protected":false},"excerpt":{"rendered":"","protected":false},"author":9,"featured_media":0,"parent":1132,"menu_order":0,"comment_status":"closed","ping_status":"closed","template":"templates\/template-application-platform.php","meta":{"publish_to_discourse":"","publish_post_category":"","wpdc_auto_publish_overridden":"","wpdc_topic_tags":"","wpdc_pin_topic":"","wpdc_pin_until":"","discourse_post_id":"","discourse_permalink":"","wpdc_publishing_response":"","wpdc_publishing_error":"","footnotes":""},"class_list":["post-9452","page","type-page","status-publish","hentry"],"yoast_head":"<!-- This site is optimized with the Yoast SEO plugin v25.3.1 - https:\/\/yoast.com\/wordpress\/plugins\/seo\/ -->\n<title>PayPal-Button-Widget f\u00fcr die Elementor-Website (2025)<\/title>\n<meta name=\"description\" content=\"Holen Sie sich ein angepasstes PayPal-Button-Widget f\u00fcr die Elementor-Website. Die Erstellung eines Plugins in unserem praktischen Plugin-Panel dauert nur 2 Minuten.\" \/>\n<meta name=\"robots\" content=\"index, follow, max-snippet:-1, max-image-preview:large, max-video-preview:-1\" \/>\n<link rel=\"canonical\" href=\"https:\/\/elfsight.com\/de\/paypal-button-widget-generator\/elementor\/\" \/>\n<meta property=\"og:locale\" content=\"de_DE\" \/>\n<meta property=\"og:type\" content=\"article\" \/>\n<meta property=\"og:title\" content=\"PayPal-Button-Widget f\u00fcr die Elementor-Website (2025)\" \/>\n<meta property=\"og:description\" content=\"Holen Sie sich ein angepasstes PayPal-Button-Widget f\u00fcr die Elementor-Website. Die Erstellung eines Plugins in unserem praktischen Plugin-Panel dauert nur 2 Minuten.\" \/>\n<meta property=\"og:url\" content=\"https:\/\/elfsight.com\/de\/paypal-button-widget-generator\/elementor\/\" \/>\n<meta property=\"og:site_name\" content=\"Elfsight DE\" \/>\n<meta property=\"article:modified_time\" content=\"2025-02-20T08:21:49+00:00\" \/>\n<meta name=\"twitter:card\" content=\"summary_large_image\" \/>\n<meta name=\"twitter:label1\" content=\"Gesch\u00e4tzte Lesezeit\" \/>\n\t<meta name=\"twitter:data1\" content=\"4\u00a0Minuten\" \/>\n<!-- \/ Yoast SEO plugin. -->","yoast_head_json":{"title":"PayPal-Button-Widget f\u00fcr die Elementor-Website (2025)","description":"Holen Sie sich ein angepasstes PayPal-Button-Widget f\u00fcr die Elementor-Website. Die Erstellung eines Plugins in unserem praktischen Plugin-Panel dauert nur 2 Minuten.","robots":{"index":"index","follow":"follow","max-snippet":"max-snippet:-1","max-image-preview":"max-image-preview:large","max-video-preview":"max-video-preview:-1"},"canonical":"https:\/\/elfsight.com\/de\/paypal-button-widget-generator\/elementor\/","og_locale":"de_DE","og_type":"article","og_title":"PayPal-Button-Widget f\u00fcr die Elementor-Website (2025)","og_description":"Holen Sie sich ein angepasstes PayPal-Button-Widget f\u00fcr die Elementor-Website. Die Erstellung eines Plugins in unserem praktischen Plugin-Panel dauert nur 2 Minuten.","og_url":"https:\/\/elfsight.com\/de\/paypal-button-widget-generator\/elementor\/","og_site_name":"Elfsight DE","article_modified_time":"2025-02-20T08:21:49+00:00","twitter_card":"summary_large_image","twitter_misc":{"Gesch\u00e4tzte Lesezeit":"4\u00a0Minuten"},"schema":{"@context":"https:\/\/schema.org","@graph":[{"@type":"WebPage","@id":"https:\/\/elfsight.com\/de\/paypal-button-widget-generator\/elementor\/","url":"https:\/\/elfsight.com\/de\/paypal-button-widget-generator\/elementor\/","name":"PayPal-Button-Widget f\u00fcr die Elementor-Website (2025)","isPartOf":{"@id":"https:\/\/elfsight.com\/de\/#website"},"datePublished":"1970-01-01T00:00:00+00:00","dateModified":"2025-02-20T08:21:49+00:00","description":"Holen Sie sich ein angepasstes PayPal-Button-Widget f\u00fcr die Elementor-Website. Die Erstellung eines Plugins in unserem praktischen Plugin-Panel dauert nur 2 Minuten.","breadcrumb":{"@id":"https:\/\/elfsight.com\/de\/paypal-button-widget-generator\/elementor\/#breadcrumb"},"inLanguage":"de","potentialAction":[{"@type":"ReadAction","target":["https:\/\/elfsight.com\/de\/paypal-button-widget-generator\/elementor\/"]}]},{"@type":"BreadcrumbList","@id":"https:\/\/elfsight.com\/de\/paypal-button-widget-generator\/elementor\/#breadcrumb","itemListElement":[{"@type":"ListItem","position":1,"name":"Home","item":"https:\/\/elfsight.com\/de\/"},{"@type":"ListItem","position":2,"name":"PayPal Button","item":"https:\/\/elfsight.com\/de\/paypal-button-widget-generator\/"},{"@type":"ListItem","position":3,"name":"PayPal Button &#8211; Elementor"}]},{"@type":"WebSite","@id":"https:\/\/elfsight.com\/de\/#website","url":"https:\/\/elfsight.com\/de\/","name":"Elfsight DE","description":"Just another Elfsight Sites site","potentialAction":[{"@type":"SearchAction","target":{"@type":"EntryPoint","urlTemplate":"https:\/\/elfsight.com\/de\/?s={search_term_string}"},"query-input":{"@type":"PropertyValueSpecification","valueRequired":true,"valueName":"search_term_string"}}],"inLanguage":"de"}]}},"meta_box":{"industry":"","seo_heading":"","heading":"","description":"","cta_heading":"","cta_description":"","application":"473","h1":"Elementor-PayPal-Button","h1_caption":"F\u00fcgen Sie Ihrer Website eine Paypal-Schaltfl\u00e4che hinzu, um schnell und einfach m\u00fchelos direkt \u00fcber Paypal auf Ihrer Elementor-Website zu bezahlen.","application_category":[],"applications_title":"","applications_request_title":"","applications_request_button_text":"","hero_text":"","hero_video":"","hero_video_schema_markup":"","selling_points_title":"","selling_points_caption":"","selling_points":[],"selling_points_cta_text":"","features_title":"","features":"","ed_cta_examples_text":"","ed_cta_examples_hidden":"","ed_cta_demo_text":"","ed_cta_demo_hidden":"","why_caption":"","why_editor_title":"","why_editor_text":"","why_team_title":"","why_team_text":"","why_service_title":"","why_service_text":"","template_catalog_visible":"0","template_catalog_title":"","template_catalog_text":"","template_catalog_categories_visible":"","demo_title":"Erstellen Sie Ihr PayPal-Button-Widget","demo_caption":"Konfigurieren Sie Ihren PayPal-Button und f\u00fcgen Sie ihn kostenlos zu Ihrer Elementor-Website hinzu!","default_faq_hidden":"","app_template_category":[],"platform":"223","template_public_id":"","codecanyon_url":"","codecanyon_item_id":"","codecanyon_price":"","pricing_caption":"","pricing_elfsight_apps_hide_column":"","pricing_elfsight_apps_url":"","pricing_codecanyon_price_caption":"","integration_category":[],"integration_request_title":"","integration_request_cta":"","integration_platform":"","integrations":[],"platform_category":[],"video_schema_markup":"","price":"ab 0 $ \/ Monat","trial":"","benefits":[{"text":"Kostenloser Installationsservice"},{"text":"Premium-Support"},{"text":"14-t\u00e4gige R\u00fcckerstattungsgarantie"},{"text":"Lebenslange kostenlose Updates"}],"button_url":"#demo","button_target_blank":"0","button_nofollow":"0","attributes":[{"name":"Installiert","content":"10,000 - 100,000"},{"name":"Reaktionsfreudig","content":"Ja"},{"name":"Kompatible Browser","content":"Firefox, Safari, Opera, Chrome, Edge"}],"tags":[],"tags_disable_links":"0","hide_more_platforms":"0","video_object":"","demo_hide_cta":"0","demo_hide_cloud_options":"0","pricing_title":"","pricing":[{"pricing_icon":"platform","pricing_title":"Elfsight Apps","pricing_title_caption":"Plattform\u00fcbergreifende Version","pricing_price":"ab 0 $ \/ Monat","pricing_price_caption":"Beginnen Sie mit einem kostenlosen Plan","pricing_benefits":[{"text":"Unbegrenzte Websites"},{"text":"Engagierte Unternehmensunterst\u00fctzung"},{"text":"Kostenlose Installationsunterst\u00fctzung"},{"text":"Tolles Angebot f\u00fcr mehrere Apps"}],"pricing_button_text":"Zur Website hinzuf\u00fcgen","pricing_button_url":"#demo"}],"related_apps_title":"","related_apps_hidden":"0","author":"","image":[],"title":"","job":"","social_networks":[]},"_links":{"self":[{"href":"https:\/\/elfsight.com\/de\/wp-json\/wp\/v2\/pages\/9452","targetHints":{"allow":["GET"]}}],"collection":[{"href":"https:\/\/elfsight.com\/de\/wp-json\/wp\/v2\/pages"}],"about":[{"href":"https:\/\/elfsight.com\/de\/wp-json\/wp\/v2\/types\/page"}],"author":[{"embeddable":true,"href":"https:\/\/elfsight.com\/de\/wp-json\/wp\/v2\/users\/9"}],"replies":[{"embeddable":true,"href":"https:\/\/elfsight.com\/de\/wp-json\/wp\/v2\/comments?post=9452"}],"version-history":[{"count":3,"href":"https:\/\/elfsight.com\/de\/wp-json\/wp\/v2\/pages\/9452\/revisions"}],"predecessor-version":[{"id":24477,"href":"https:\/\/elfsight.com\/de\/wp-json\/wp\/v2\/pages\/9452\/revisions\/24477"}],"up":[{"embeddable":true,"href":"https:\/\/elfsight.com\/de\/wp-json\/wp\/v2\/pages\/1132"}],"wp:attachment":[{"href":"https:\/\/elfsight.com\/de\/wp-json\/wp\/v2\/media?parent=9452"}],"curies":[{"name":"wp","href":"https:\/\/api.w.org\/{rel}","templated":true}]}}