{"id":9451,"date":"1970-01-01T00:00:00","date_gmt":"1970-01-01T00:00:00","guid":{"rendered":"https:\/\/elfsight.com\/de\/?page_id=9451"},"modified":"2025-07-09T14:06:36","modified_gmt":"2025-07-09T14:06:36","slug":"iframe","status":"publish","type":"page","link":"https:\/\/elfsight.com\/de\/paypal-button-widget-generator\/iframe\/","title":{"rendered":"PayPal Button &#8211; iFrame"},"content":{"rendered":"<div class=\"application-platform-content-item-description application-platform-content-item\" id=\"description\" data-nav-section=\"description\"> <h2>PayPal-Button in iFrame mit dem Elfsight-Widget einbetten<\/h2> <p>Der PayPal-Button von Elfsight ist eine einfache M\u00f6glichkeit, Ihre Kunden \u00fcber bezahlen zu lassen PayPal auf Ihrer Website. Zeigen Sie mit unserem Tool Schaltfl\u00e4chen f\u00fcr Einzelzahlungen, Abonnements und Spenden an. Es steht Ihnen frei, Steuern und Versandkosten anzugeben, Lokalisierung und W\u00e4hrung auszuw\u00e4hlen, Text hinzuzuf\u00fcgen und vieles mehr. Installieren Sie f\u00fcr Ihre Kunden ein klares und sicheres Zahlungsverfahren mit einem der vertrauensw\u00fcrdigsten Zahlungssysteme. <\/p> <p>Integrieren Sie PayPal-Zahlungen ohne gro\u00dfen Aufwand in Ihre Website!<\/p> <p><b>Ein n\u00fctzliches Zahlungssystem auf Ihrer Website ohne Programmieraufwand im Handumdrehen<\/b><br> Das ist \u00e4u\u00dferst wichtig F\u00fcr ein erfolgreiches Unternehmen ist es wichtig, seinen Kunden einfache Online-Zahlungen anzubieten. Richten Sie die PayPal-Schaltfl\u00e4che von Elfsight auf Ihrer Website ein und Sie erledigen dies einfach und in k\u00fcrzester Zeit. <\/p> <p><b>Ein universelles Tool zur Abwicklung von Zahlungen, Abonnements und Spenden<\/b><br> Erm\u00f6glichen Sie Ihrer Kundschaft das Bezahlen, das Abonnieren Ihrer Angebote und das Spenden. All dies ist in einer multifunktionalen L\u00f6sung von Elfsight verf\u00fcgbar, die Ihnen hilft, Geld und Zeit zu sparen.<\/p><p><b>Eines der vertrauensw\u00fcrdigsten und beliebtesten Zahlungsinstrumente auf Ihrer Website<\/b><br> Es ist ein Muss um Ihre Website mit einem zuverl\u00e4ssigen und bekannten Zahlungssystem zu integrieren. Elfsight PayPal Button hilft Ihnen dabei, dies auch unterwegs zu tun und Ihren Kunden ohne gro\u00dfen Aufwand eine effektive Zahlungsgeb\u00fchr zu zahlen.<\/p> <\/div> <div class=\"application-platform-content-item-features application-platform-content-item\" id=\"features\" data-nav-section=\"features\"> <h2>Hauptfunktionen des PayPal-Button-Widgets<\/h2> <p>Entdecken Sie die Funktionen, die unser Widget zu einem der besten f\u00fcr Online-Zahlungen machen:<\/p> <ul><li>Eine Bibliothek aller g\u00e4ngigsten W\u00e4hrungen;<\/li><li>Abrechnungsintervalle: t\u00e4glich, w\u00f6chentlich, monatlich, j\u00e4hrlich;<\/li><li>M\u00f6glichkeit, \u00fcber die Schaltfl\u00e4chenkopfzeile einen beliebigen Text \u00fcber der Schaltfl\u00e4che festzulegen; <\/li><li>Anpassbarer Schaltfl\u00e4chentext und Textfarbe;<\/li><li>Vier umschaltbare Zahlungssystemsymbole f\u00fcr mehr Kundenvertrauen und Sicherheit.<\/li><\/ul> <p><a href=\"# demo\">Sehen Sie sich die vollst\u00e4ndige Liste der Funktionen im Konfigurator an<\/a><\/p><\/div><div class=\"application-platform-content-item-installation application-platform-content-item\" id=\"installation\" data-nav-section=\"installation\"><h2>So f\u00fcgen Sie das PayPal-Zahlungs-Widget zur IFrame-Website hinzu<\/h2><p>Um ein Plugin zu Ihrer Website hinzuzuf\u00fcgen, ben\u00f6tigen Sie weder besondere Programmierkenntnisse noch viel Zeit. Nur 3 einfache Schritte und 1 Minute. <\/p><ol><li><b>Entwerfen Sie Ihr individuelles Paypal-Plugin<\/b><br> Erstellen Sie mithilfe unserer kostenlosen Demo ein Plugin mit einem bevorzugten Layout und funktionalen Merkmalen. <\/li><li><b>Holen Sie sich den pers\u00f6nlichen Code, um das Plugin anzuzeigen<\/b><br> Nachdem Sie Ihr Widget erstellt haben, erhalten Sie den individuellen Code aus der Popup-Benachrichtigung auf Elfsight Apps. Kopiere diesen Code. <\/li> <li><b> Das Plugin auf Ihrer iFrame-Site<\/b><br> W\u00e4hlen Sie die Stelle aus, an der Sie das Plugin einbetten m\u00f6chten, und f\u00fcgen Sie dort den gespeicherten Code ein. Ver\u00f6ffentlichen Sie die \u00c4nderungen. <\/li> <li><b>Die Einbettung ist erfolgreich! <\/b><br> Besuchen Sie die Website, um einen Blick auf Ihre Arbeit zu werfen. <\/li> <\/ol><p>Sind Ihnen bei der Installation irgendwelche Schwierigkeiten aufgefallen? Sehen Sie sich die ausf\u00fchrliche Anleitung \u201eSo f\u00fcgen Sie ein Plugin zu IFrame hinzu\u201c an und machen Sie es noch einmal selbst oder wenden Sie sich an den Kundensupport. <\/p><div class=\"faq\" data-component=\"FAQ\"> <div class=\"faq-item\">\r\n\t\t\t\t\t<div class=\"faq-item-question\">\r\n\t\t\t\t\t\t<h3 class=\"faq-item-question-text\">Wie kann ich ohne Programmierkenntnisse eine PayPal-Schaltfl\u00e4che zu meiner iFrame-Website hinzuf\u00fcgen?<\/h3>\r\n\r\n\t\t\t\t\t\t<div class=\"faq-item-question-icon\"><\/div>\r\n\t\t\t\t\t<\/div>\r\n\r\n\t\t\t\t\t<div class=\"faq-item-answer\">\r\n\t\t\t\t\t\t<div class=\"faq-item-answer-text\"> <p>Elfsight bietet eine SaaS-L\u00f6sung, mit der Sie selbst ein PayPal-Schaltfl\u00e4chen-Widget erstellen k\u00f6nnen. Sehen Sie, wie einfach es ist Der Prozess ist: Arbeiten Sie direkt im Online-Editor, um ein PayPal-Schaltfl\u00e4chen-Widget zu erstellen, das Sie auf Ihrer iFrame-Website sehen m\u00f6chten. W\u00e4hlen Sie eine der vorgefertigten Vorlagen aus und passen Sie die Einstellungen der PayPal-Schaltfl\u00e4che an, f\u00fcgen Sie Ihre Inhalte hinzu, \u00e4ndern Sie das Layout und die Farben ohne Programmierkenntnisse. Speichern Sie den PayPal-Button und kopieren Sie den Installationscode, den Sie problemlos in Ihre iFrame-Website einbetten k\u00f6nnen, ohne eine kostenpflichtige Version kaufen zu m\u00fcssen. Mit unserem intuitiven Editor kann jeder Internetnutzer online ein PayPal-Button-Widget erstellen und es einfach in seine iFrame-Website einbetten. Sie m\u00fcssen weder bezahlen noch Ihre Kartendaten eingeben, um auf den Service zuzugreifen. Sollten bei irgendeinem Schritt Probleme auftreten, wenden Sie sich bitte an unser technisches Support-Team.<\/p> <\/div>\r\n\t\t\t\t\t<\/div>\r\n\t\t\t\t<\/div> <\/div> <\/div>","protected":false},"excerpt":{"rendered":"","protected":false},"author":9,"featured_media":0,"parent":1132,"menu_order":0,"comment_status":"closed","ping_status":"closed","template":"templates\/template-application-platform.php","meta":{"publish_to_discourse":"","publish_post_category":"","wpdc_auto_publish_overridden":"","wpdc_topic_tags":"","wpdc_pin_topic":"","wpdc_pin_until":"","discourse_post_id":"","discourse_permalink":"","wpdc_publishing_response":"","wpdc_publishing_error":"","footnotes":""},"class_list":["post-9451","page","type-page","status-publish","hentry"],"yoast_head":"<!-- This site is optimized with the Yoast SEO plugin v25.3.1 - https:\/\/yoast.com\/wordpress\/plugins\/seo\/ -->\n<title>iFrame PayPal Payment Button-Widget f\u00fcr Ihre Website (kostenlos und schnell)<\/title>\n<meta name=\"description\" content=\"Erstellen Sie mit Elfsight im Handumdrehen Ihren PayPal-Zahlungsbutton und f\u00fcgen Sie ihn auf Ihrer iFrame-Website ein. Wir bieten kostenlosen Kundenservice und andere Boni.\" \/>\n<meta name=\"robots\" content=\"index, follow, max-snippet:-1, max-image-preview:large, max-video-preview:-1\" \/>\n<link rel=\"canonical\" href=\"https:\/\/elfsight.com\/de\/paypal-button-widget-generator\/iframe\/\" \/>\n<meta property=\"og:locale\" content=\"de_DE\" \/>\n<meta property=\"og:type\" content=\"article\" \/>\n<meta property=\"og:title\" content=\"iFrame PayPal Payment Button-Widget f\u00fcr Ihre Website (kostenlos und schnell)\" \/>\n<meta property=\"og:description\" content=\"Erstellen Sie mit Elfsight im Handumdrehen Ihren PayPal-Zahlungsbutton und f\u00fcgen Sie ihn auf Ihrer iFrame-Website ein. Wir bieten kostenlosen Kundenservice und andere Boni.\" \/>\n<meta property=\"og:url\" content=\"https:\/\/elfsight.com\/de\/paypal-button-widget-generator\/iframe\/\" \/>\n<meta property=\"og:site_name\" content=\"Elfsight DE\" \/>\n<meta property=\"article:modified_time\" content=\"2025-07-09T14:06:36+00:00\" \/>\n<meta name=\"twitter:card\" content=\"summary_large_image\" \/>\n<meta name=\"twitter:label1\" content=\"Gesch\u00e4tzte Lesezeit\" \/>\n\t<meta name=\"twitter:data1\" content=\"3\u00a0Minuten\" \/>\n<!-- \/ Yoast SEO plugin. -->","yoast_head_json":{"title":"iFrame PayPal Payment Button-Widget f\u00fcr Ihre Website (kostenlos und schnell)","description":"Erstellen Sie mit Elfsight im Handumdrehen Ihren PayPal-Zahlungsbutton und f\u00fcgen Sie ihn auf Ihrer iFrame-Website ein. Wir bieten kostenlosen Kundenservice und andere Boni.","robots":{"index":"index","follow":"follow","max-snippet":"max-snippet:-1","max-image-preview":"max-image-preview:large","max-video-preview":"max-video-preview:-1"},"canonical":"https:\/\/elfsight.com\/de\/paypal-button-widget-generator\/iframe\/","og_locale":"de_DE","og_type":"article","og_title":"iFrame PayPal Payment Button-Widget f\u00fcr Ihre Website (kostenlos und schnell)","og_description":"Erstellen Sie mit Elfsight im Handumdrehen Ihren PayPal-Zahlungsbutton und f\u00fcgen Sie ihn auf Ihrer iFrame-Website ein. Wir bieten kostenlosen Kundenservice und andere Boni.","og_url":"https:\/\/elfsight.com\/de\/paypal-button-widget-generator\/iframe\/","og_site_name":"Elfsight DE","article_modified_time":"2025-07-09T14:06:36+00:00","twitter_card":"summary_large_image","twitter_misc":{"Gesch\u00e4tzte Lesezeit":"3\u00a0Minuten"},"schema":{"@context":"https:\/\/schema.org","@graph":[{"@type":"WebPage","@id":"https:\/\/elfsight.com\/de\/paypal-button-widget-generator\/iframe\/","url":"https:\/\/elfsight.com\/de\/paypal-button-widget-generator\/iframe\/","name":"iFrame PayPal Payment Button-Widget f\u00fcr Ihre Website (kostenlos und schnell)","isPartOf":{"@id":"https:\/\/elfsight.com\/de\/#website"},"datePublished":"1970-01-01T00:00:00+00:00","dateModified":"2025-07-09T14:06:36+00:00","description":"Erstellen Sie mit Elfsight im Handumdrehen Ihren PayPal-Zahlungsbutton und f\u00fcgen Sie ihn auf Ihrer iFrame-Website ein. Wir bieten kostenlosen Kundenservice und andere Boni.","breadcrumb":{"@id":"https:\/\/elfsight.com\/de\/paypal-button-widget-generator\/iframe\/#breadcrumb"},"inLanguage":"de","potentialAction":[{"@type":"ReadAction","target":["https:\/\/elfsight.com\/de\/paypal-button-widget-generator\/iframe\/"]}]},{"@type":"BreadcrumbList","@id":"https:\/\/elfsight.com\/de\/paypal-button-widget-generator\/iframe\/#breadcrumb","itemListElement":[{"@type":"ListItem","position":1,"name":"Home","item":"https:\/\/elfsight.com\/de\/"},{"@type":"ListItem","position":2,"name":"PayPal Button","item":"https:\/\/elfsight.com\/de\/paypal-button-widget-generator\/"},{"@type":"ListItem","position":3,"name":"PayPal Button &#8211; iFrame"}]},{"@type":"WebSite","@id":"https:\/\/elfsight.com\/de\/#website","url":"https:\/\/elfsight.com\/de\/","name":"Elfsight DE","description":"Just another Elfsight Sites site","potentialAction":[{"@type":"SearchAction","target":{"@type":"EntryPoint","urlTemplate":"https:\/\/elfsight.com\/de\/?s={search_term_string}"},"query-input":{"@type":"PropertyValueSpecification","valueRequired":true,"valueName":"search_term_string"}}],"inLanguage":"de"}]}},"meta_box":{"industry":"","seo_heading":"","heading":"","description":"","cta_heading":"","cta_description":"","application":"473","h1":"iFrame PayPal-Zahlungsschaltfl\u00e4chen-Widget","h1_caption":"F\u00fcgen Sie Ihrer Website eine Paypal-Schaltfl\u00e4che hinzu, um schnell und einfach m\u00fchelos direkt \u00fcber Paypal auf Ihrer iFrame-Website bezahlen zu k\u00f6nnen.","application_category":[],"applications_title":"","applications_request_title":"","applications_request_button_text":"","hero_text":"","hero_video":"","hero_video_schema_markup":"","selling_points_title":"","selling_points_caption":"","selling_points":[],"selling_points_cta_text":"","features_title":"","features":"","ed_cta_examples_text":"","ed_cta_examples_hidden":"","ed_cta_demo_text":"","ed_cta_demo_hidden":"","why_caption":"","why_editor_title":"","why_editor_text":"","why_team_title":"","why_team_text":"","why_service_title":"","why_service_text":"","template_catalog_visible":"","template_catalog_title":"","template_catalog_text":"","template_catalog_categories_visible":"","demo_title":"Erstellen Sie Ihr PayPal-Button-Widget","demo_caption":"Konfigurieren Sie Ihren PayPal-Button und f\u00fcgen Sie ihn kostenlos zu Ihrer iFrame-Website hinzu!","default_faq_hidden":"","app_template_category":[],"platform":"240","template_public_id":"","codecanyon_url":"","codecanyon_item_id":"","codecanyon_price":"","pricing_caption":"","pricing_elfsight_apps_hide_column":"","pricing_elfsight_apps_url":"","pricing_codecanyon_price_caption":"","integration_category":[],"integration_request_title":"","integration_request_cta":"","integration_platform":"","integrations":[],"platform_category":[],"video_schema_markup":"","price":"ab 0 $ \/ Monat","trial":"","benefits":[{"text":"Kostenloser Installationsservice"},{"text":"Premium-Support"},{"text":"14-t\u00e4gige R\u00fcckerstattungsgarantie"},{"text":"St\u00e4ndige Aktualisierung"}],"button_url":"#demo","button_target_blank":"","button_nofollow":"","attributes":[{"name":"Installiert","content":"10,000 - 100,000"},{"name":"Reaktionsfreudig","content":"Ja"},{"name":"Kompatible Browser","content":"Opera, Safari, Firefox, Edge, Chrome"}],"tags":[],"tags_disable_links":"","hide_more_platforms":"","video_object":"","demo_hide_cta":"","demo_hide_cloud_options":"","pricing_title":"","pricing":[{"pricing_icon":"platform","pricing_title":"Elfsight Apps","pricing_title_caption":"Plattform\u00fcbergreifende Software, die auf jeder Website funktioniert","pricing_price":"ab 0 $ \/ Monat","pricing_price_caption":"Beginnen Sie mit einem kostenlosen Plan","pricing_benefits":[{"text":"Unbegrenzte Anzahl an Websites"},{"text":"Kostenloser und p\u00fcnktlicher Support"},{"text":"Kostenloser Installationsservice"},{"text":"Sonderangebot f\u00fcr mehrere Apps"}],"pricing_button_text":"Zur Website hinzuf\u00fcgen","pricing_button_url":"#demo"}],"related_apps_title":"","related_apps_hidden":"","author":"","image":[],"title":"","job":"","social_networks":[]},"_links":{"self":[{"href":"https:\/\/elfsight.com\/de\/wp-json\/wp\/v2\/pages\/9451","targetHints":{"allow":["GET"]}}],"collection":[{"href":"https:\/\/elfsight.com\/de\/wp-json\/wp\/v2\/pages"}],"about":[{"href":"https:\/\/elfsight.com\/de\/wp-json\/wp\/v2\/types\/page"}],"author":[{"embeddable":true,"href":"https:\/\/elfsight.com\/de\/wp-json\/wp\/v2\/users\/9"}],"replies":[{"embeddable":true,"href":"https:\/\/elfsight.com\/de\/wp-json\/wp\/v2\/comments?post=9451"}],"version-history":[{"count":2,"href":"https:\/\/elfsight.com\/de\/wp-json\/wp\/v2\/pages\/9451\/revisions"}],"predecessor-version":[{"id":21661,"href":"https:\/\/elfsight.com\/de\/wp-json\/wp\/v2\/pages\/9451\/revisions\/21661"}],"up":[{"embeddable":true,"href":"https:\/\/elfsight.com\/de\/wp-json\/wp\/v2\/pages\/1132"}],"wp:attachment":[{"href":"https:\/\/elfsight.com\/de\/wp-json\/wp\/v2\/media?parent=9451"}],"curies":[{"name":"wp","href":"https:\/\/api.w.org\/{rel}","templated":true}]}}