{"id":9450,"date":"1970-01-01T00:00:00","date_gmt":"1970-01-01T00:00:00","guid":{"rendered":"https:\/\/elfsight.com\/de\/?page_id=9450"},"modified":"2025-07-09T14:06:30","modified_gmt":"2025-07-09T14:06:30","slug":"facebook","status":"publish","type":"page","link":"https:\/\/elfsight.com\/de\/paypal-button-widget-generator\/facebook\/","title":{"rendered":"PayPal Button &#8211; Facebook Page"},"content":{"rendered":"<div class=\"application-platform-content-item-description application-platform-content-item\" id=\"description\" data-nav-section=\"description\"><h2>Beschreibung<\/h2><p>Der Elfsight Donate Button bietet eine einfache M\u00f6glichkeit, Ihren Kunden die M\u00f6glichkeit zu geben, auf einer Seite Zahlungen \u00fcber PayPal vorzunehmen. Mit diesem Widget k\u00f6nnen Sie Schaltfl\u00e4chen f\u00fcr Zahlungen, wiederholte Abonnements und Spenden anzeigen. Es steht Ihnen frei, Steuern und Lieferpreise hinzuzuf\u00fcgen, die Lokalisierung und W\u00e4hrung zu \u00e4ndern, eine Nachricht hinzuzuf\u00fcgen und vieles mehr. Erhalten Sie eine einfache und sichere Zahlungsvariante f\u00fcr Ihre Kunden mit einem der renommiertesten Zahlungsinstrumente.<\/p><p><b>Integrieren Sie PayPal-Zahlungen ganz einfach in Ihre Facebook-Seite!<\/b><\/p><\/div> <div class=\"application-platform-content-item-features application-platform-content-item\" id=\"features\" data-nav-section=\"features\"><h2>Funktionen<\/h2><p>Entdecken Sie die Funktionen, die unser Widget zum besten f\u00fcr Online-Zahlungen machen:<\/p><ul><li>Eine Bibliothek aller beliebtesten W\u00e4hrungen ;<\/li><li>Legen Sie Ihr benutzerdefiniertes Abrechnungsintervall fest, indem Sie Abrechnungszyklus und Abrechnungszeitraum ausw\u00e4hlen, zum Beispiel alle drei Monate;<\/li><li>Anpassbare Schaltfl\u00e4chenbreite;<\/li><li>Farbe des PayPal-Logos: Original oder wei\u00df;<\/li><li>PayPal-Symbol ein- oder ausblenden.<\/li> <\/ul> <p><a href=\"#demo\">Alle Eigenschaften im Editor testen<\/a><\/p><\/div> <div class=\"application-platform-content-item-installation application-platform-content-item\" id=\"installation\" data-nav-section=\"installation\"><h2>So f\u00fcgen Sie den PayPal-Spenden-Button zur Facebook-Seite hinzu<\/h2><p>Die gesamte Implementierung dauert nur 2 Minuten, au\u00dferdem ben\u00f6tigen Sie keine Kompetenz in Entwicklung.<\/p><ul><li><b>Erstellen Sie Ihren individuellen PayPal-Button<\/b><br>Gestalten Sie in unserem kostenlosen Editor ein Plugin mit einem ausgew\u00e4hlten Design und funktionalen Merkmalen.<\/li><li><b>Erhalten Sie den pers\u00f6nlichen Code zum Einrichten des Plugins<\/b><br>Nachdem Sie Ihr Widget konfiguriert haben, erhalten Sie den eindeutigen Code aus der angezeigten Benachrichtigung auf Elfsight Apps. Kopieren Sie es.<\/li><li><b>F\u00fcgen Sie das PayPal-Widget zur Facebook-Seite hinzu<\/b><br> Erstellen Sie Ihren benutzerdefinierten Facebook-Tab. F\u00fcgen Sie den Code, den Sie bei elfsight apps erhalten haben, in die Registerkarte ein. Wenn Sie Probleme haben, lesen Sie einfach unseren Leitfaden unter <a href=\"https:\/\/elfsight.com\/blog\/how-to-add-custom-tab-to-facebook-page\/\" target=\"_blank\" rel=\"noopener noreferrer\">Benutzerdefinierten Facebook-Tab erstellen<\/a><\/li><li><b>Herzlichen Gl\u00fcckwunsch! Sie haben gerade das Widget eingebettet!<\/b><br>Gehen Sie zu Ihrer Seite, um Ihren Button zu sehen.<\/li><\/ul><p>Haben Sie Fragen zum Tutorial? Senden Sie eine Nachricht an unser Support-Center oder lesen Sie einen ausf\u00fchrlichen Text der Anleitung und schlie\u00dfen Sie die Einrichtung selbst ab.<\/p><div class=\"faq\" data-component=\"FAQ\"> <div class=\"faq-item\">\r\n\t\t\t\t\t<div class=\"faq-item-question\">\r\n\t\t\t\t\t\t<h3 class=\"faq-item-question-text\">Wie kann ich ohne Programmierkenntnisse eine PayPal-Schaltfl\u00e4che zu meiner Facebook-Seiten-Website hinzuf\u00fcgen? ?<\/h3>\r\n\r\n\t\t\t\t\t\t<div class=\"faq-item-question-icon\"><\/div>\r\n\t\t\t\t\t<\/div>\r\n\r\n\t\t\t\t\t<div class=\"faq-item-answer\">\r\n\t\t\t\t\t\t<div class=\"faq-item-answer-text\"> <p>Elfsight bietet eine SaaS-L\u00f6sung, mit der Sie selbst ein PayPal-Schaltfl\u00e4chen-Widget erstellen k\u00f6nnen. Sehen Sie, wie einfach der Vorgang ist: Arbeiten Sie direkt im Online-Editor, um ein PayPal-Schaltfl\u00e4chen-Widget zu erstellen, das Sie gerne auf Ihrer Facebook-Seite sehen w\u00fcrden . W\u00e4hlen Sie eine der vorgefertigten Vorlagen aus und passen Sie die Einstellungen der PayPal-Schaltfl\u00e4che an, f\u00fcgen Sie Ihre Inhalte hinzu, \u00e4ndern Sie das Layout und die Farbe der Elemente ohne Programmierkenntnisse. Speichern Sie die PayPal-Schaltfl\u00e4che und kopieren Sie den Installationscode, den Sie ganz einfach in Ihre Facebook-Seiten-Website einf\u00fcgen k\u00f6nnen, ohne ein kostenpflichtiges Abonnement kaufen zu m\u00fcssen. Mit unserem intuitiven Editor kann jeder Internetnutzer online ein PayPal-Button-Widget erstellen und es ganz einfach in seine Facebook-Seite einbetten. Sie m\u00fcssen weder bezahlen noch Ihre Kartendaten eingeben, um auf den Service zuzugreifen. Sollten bei irgendeinem Schritt Probleme auftreten, wenden Sie sich bitte an unser technisches Support-Team.<\/p> <\/div>\r\n\t\t\t\t\t<\/div>\r\n\t\t\t\t<\/div> <\/div> <\/div>","protected":false},"excerpt":{"rendered":"","protected":false},"author":9,"featured_media":0,"parent":1132,"menu_order":0,"comment_status":"closed","ping_status":"closed","template":"templates\/template-application-platform.php","meta":{"publish_to_discourse":"","publish_post_category":"","wpdc_auto_publish_overridden":"","wpdc_topic_tags":"","wpdc_pin_topic":"","wpdc_pin_until":"","discourse_post_id":"","discourse_permalink":"","wpdc_publishing_response":"","wpdc_publishing_error":"","footnotes":""},"class_list":["post-9450","page","type-page","status-publish","hentry"],"yoast_head":"<!-- This site is optimized with the Yoast SEO plugin v25.3.1 - https:\/\/yoast.com\/wordpress\/plugins\/seo\/ -->\n<title>PayPal-Spenden-Button zur Facebook-Seite hinzuf\u00fcgen (2025)<\/title>\n<meta name=\"description\" content=\"F\u00fcgen Sie Ihren PayPal-Zahlungs- oder Spenden-Button in nur einer Minute zur Facebook-Seite hinzu. Kostenlose Demo, Unterst\u00fctzung bei der Installation und weitere Extras von Elfsight!\" \/>\n<meta name=\"robots\" content=\"index, follow, max-snippet:-1, max-image-preview:large, max-video-preview:-1\" \/>\n<link rel=\"canonical\" href=\"https:\/\/elfsight.com\/de\/paypal-button-widget-generator\/facebook\/\" \/>\n<meta property=\"og:locale\" content=\"de_DE\" \/>\n<meta property=\"og:type\" content=\"article\" \/>\n<meta property=\"og:title\" content=\"PayPal-Spenden-Button zur Facebook-Seite hinzuf\u00fcgen (2025)\" \/>\n<meta property=\"og:description\" content=\"F\u00fcgen Sie Ihren PayPal-Zahlungs- oder Spenden-Button in nur einer Minute zur Facebook-Seite hinzu. Kostenlose Demo, Unterst\u00fctzung bei der Installation und weitere Extras von Elfsight!\" \/>\n<meta property=\"og:url\" content=\"https:\/\/elfsight.com\/de\/paypal-button-widget-generator\/facebook\/\" \/>\n<meta property=\"og:site_name\" content=\"Elfsight DE\" \/>\n<meta property=\"article:modified_time\" content=\"2025-07-09T14:06:30+00:00\" \/>\n<meta name=\"twitter:card\" content=\"summary_large_image\" \/>\n<meta name=\"twitter:label1\" content=\"Gesch\u00e4tzte Lesezeit\" \/>\n\t<meta name=\"twitter:data1\" content=\"3\u00a0Minuten\" \/>\n<!-- \/ Yoast SEO plugin. -->","yoast_head_json":{"title":"PayPal-Spenden-Button zur Facebook-Seite hinzuf\u00fcgen (2025)","description":"F\u00fcgen Sie Ihren PayPal-Zahlungs- oder Spenden-Button in nur einer Minute zur Facebook-Seite hinzu. Kostenlose Demo, Unterst\u00fctzung bei der Installation und weitere Extras von Elfsight!","robots":{"index":"index","follow":"follow","max-snippet":"max-snippet:-1","max-image-preview":"max-image-preview:large","max-video-preview":"max-video-preview:-1"},"canonical":"https:\/\/elfsight.com\/de\/paypal-button-widget-generator\/facebook\/","og_locale":"de_DE","og_type":"article","og_title":"PayPal-Spenden-Button zur Facebook-Seite hinzuf\u00fcgen (2025)","og_description":"F\u00fcgen Sie Ihren PayPal-Zahlungs- oder Spenden-Button in nur einer Minute zur Facebook-Seite hinzu. Kostenlose Demo, Unterst\u00fctzung bei der Installation und weitere Extras von Elfsight!","og_url":"https:\/\/elfsight.com\/de\/paypal-button-widget-generator\/facebook\/","og_site_name":"Elfsight DE","article_modified_time":"2025-07-09T14:06:30+00:00","twitter_card":"summary_large_image","twitter_misc":{"Gesch\u00e4tzte Lesezeit":"3\u00a0Minuten"},"schema":{"@context":"https:\/\/schema.org","@graph":[{"@type":"WebPage","@id":"https:\/\/elfsight.com\/de\/paypal-button-widget-generator\/facebook\/","url":"https:\/\/elfsight.com\/de\/paypal-button-widget-generator\/facebook\/","name":"PayPal-Spenden-Button zur Facebook-Seite hinzuf\u00fcgen (2025)","isPartOf":{"@id":"https:\/\/elfsight.com\/de\/#website"},"datePublished":"1970-01-01T00:00:00+00:00","dateModified":"2025-07-09T14:06:30+00:00","description":"F\u00fcgen Sie Ihren PayPal-Zahlungs- oder Spenden-Button in nur einer Minute zur Facebook-Seite hinzu. Kostenlose Demo, Unterst\u00fctzung bei der Installation und weitere Extras von Elfsight!","breadcrumb":{"@id":"https:\/\/elfsight.com\/de\/paypal-button-widget-generator\/facebook\/#breadcrumb"},"inLanguage":"de","potentialAction":[{"@type":"ReadAction","target":["https:\/\/elfsight.com\/de\/paypal-button-widget-generator\/facebook\/"]}]},{"@type":"BreadcrumbList","@id":"https:\/\/elfsight.com\/de\/paypal-button-widget-generator\/facebook\/#breadcrumb","itemListElement":[{"@type":"ListItem","position":1,"name":"Home","item":"https:\/\/elfsight.com\/de\/"},{"@type":"ListItem","position":2,"name":"PayPal Button","item":"https:\/\/elfsight.com\/de\/paypal-button-widget-generator\/"},{"@type":"ListItem","position":3,"name":"PayPal Button &#8211; Facebook Page"}]},{"@type":"WebSite","@id":"https:\/\/elfsight.com\/de\/#website","url":"https:\/\/elfsight.com\/de\/","name":"Elfsight DE","description":"Just another Elfsight Sites site","potentialAction":[{"@type":"SearchAction","target":{"@type":"EntryPoint","urlTemplate":"https:\/\/elfsight.com\/de\/?s={search_term_string}"},"query-input":{"@type":"PropertyValueSpecification","valueRequired":true,"valueName":"search_term_string"}}],"inLanguage":"de"}]}},"meta_box":{"industry":"","seo_heading":"","heading":"","description":"","cta_heading":"","cta_description":"","application":"473","h1":"PayPal-Button f\u00fcr Facebook-Seite","h1_caption":"F\u00fcgen Sie einen Paypal-Button zu Ihrer Website hinzu, um schnell und einfach Zahlungen direkt \u00fcber Paypal auf Ihrer Facebook-Seite zu t\u00e4tigen.","application_category":[],"applications_title":"","applications_request_title":"","applications_request_button_text":"","hero_text":"","hero_video":"","hero_video_schema_markup":"","selling_points_title":"","selling_points_caption":"","selling_points":[],"selling_points_cta_text":"","features_title":"","features":"","ed_cta_examples_text":"","ed_cta_examples_hidden":"","ed_cta_demo_text":"","ed_cta_demo_hidden":"","why_caption":"","why_editor_title":"","why_editor_text":"","why_team_title":"","why_team_text":"","why_service_title":"","why_service_text":"","template_catalog_visible":"","template_catalog_title":"","template_catalog_text":"","template_catalog_categories_visible":"","demo_title":"Erstellen Sie Ihr PayPal-Button-Widget","demo_caption":"Konfigurieren Sie Ihren PayPal-Button und f\u00fcgen Sie ihn kostenlos zu Ihrer Facebook-Seite hinzu!","default_faq_hidden":"","app_template_category":[],"platform":"216","template_public_id":"","codecanyon_url":"","codecanyon_item_id":"","codecanyon_price":"","pricing_caption":"","pricing_elfsight_apps_hide_column":"","pricing_elfsight_apps_url":"","pricing_codecanyon_price_caption":"","integration_category":[],"integration_request_title":"","integration_request_cta":"","integration_platform":"","integrations":[],"platform_category":[],"video_schema_markup":"","price":"ab 0 $ \/ Monat","trial":"","benefits":[{"text":"Kostenlose Installationshilfe"},{"text":"Premium-Support"},{"text":"14-t\u00e4gige R\u00fcckerstattungsgarantie"},{"text":"Kontinuierliche kostenlose Updates"}],"button_url":"#demo","button_target_blank":"","button_nofollow":"","attributes":[{"name":"Installiert","content":"10,000 - 100,000"},{"name":"Reaktionsfreudig","content":"Ja"},{"name":"Kompatible Browser","content":"Opera, Edge, Chrome, Firefox, Safari"}],"tags":[],"tags_disable_links":"","hide_more_platforms":"","video_object":"","demo_hide_cta":"","demo_hide_cloud_options":"","pricing_title":"","pricing":[{"pricing_icon":"platform","pricing_title":"Elfsight Apps","pricing_title_caption":"Plattform\u00fcbergreifende L\u00f6sung","pricing_price":"ab 0 $ \/ Monat","pricing_price_caption":"Beginnen Sie mit einem kostenlosen Plan","pricing_benefits":[{"text":"Unbegrenzte Websites"},{"text":"Erstklassiger und p\u00fcnktlicher Support"},{"text":"Kostenlose Installationsunterst\u00fctzung"},{"text":"Flexibles Design"}],"pricing_button_text":"Zur Website hinzuf\u00fcgen","pricing_button_url":"#demo"}],"related_apps_title":"","related_apps_hidden":"","author":"","image":[],"title":"","job":"","social_networks":[]},"_links":{"self":[{"href":"https:\/\/elfsight.com\/de\/wp-json\/wp\/v2\/pages\/9450","targetHints":{"allow":["GET"]}}],"collection":[{"href":"https:\/\/elfsight.com\/de\/wp-json\/wp\/v2\/pages"}],"about":[{"href":"https:\/\/elfsight.com\/de\/wp-json\/wp\/v2\/types\/page"}],"author":[{"embeddable":true,"href":"https:\/\/elfsight.com\/de\/wp-json\/wp\/v2\/users\/9"}],"replies":[{"embeddable":true,"href":"https:\/\/elfsight.com\/de\/wp-json\/wp\/v2\/comments?post=9450"}],"version-history":[{"count":1,"href":"https:\/\/elfsight.com\/de\/wp-json\/wp\/v2\/pages\/9450\/revisions"}],"predecessor-version":[{"id":9454,"href":"https:\/\/elfsight.com\/de\/wp-json\/wp\/v2\/pages\/9450\/revisions\/9454"}],"up":[{"embeddable":true,"href":"https:\/\/elfsight.com\/de\/wp-json\/wp\/v2\/pages\/1132"}],"wp:attachment":[{"href":"https:\/\/elfsight.com\/de\/wp-json\/wp\/v2\/media?parent=9450"}],"curies":[{"name":"wp","href":"https:\/\/api.w.org\/{rel}","templated":true}]}}