{"id":905,"date":"2020-05-27T11:04:13","date_gmt":"2020-05-27T11:04:13","guid":{"rendered":"https:\/\/elfsight.com\/de\/?page_id=905"},"modified":"2020-07-13T07:52:40","modified_gmt":"2020-07-13T07:52:40","slug":"examples","status":"publish","type":"page","link":"https:\/\/elfsight.com\/de\/google-maps-widget\/examples\/","title":{"rendered":"Google Maps &#8211; Examples"},"content":{"rendered":"\n<div class=\"application-examples-item\">\n<div class=\"col-row\">\n<div class=\"col-6 col-m-8 col-s-12\">\n<h3 class=\"application-examples-item-title\">Beispiel 1:  Eine \u00fcbersichtliche Karte mit einfachen Einstellungen<\/h3>\n<div class=\"application-examples-item-description\">Eine traditionelle Variante, die nur \u201cRoadmap\u201d zeigt. Diese Grundeinstellungen machen die Karte klar und leicht lesbar. Auf der Karte befindet sich eine einzelne Positionsmarkierung, sodass Sie den Look nicht mit einem Bedienfeld \u00fcberladen m\u00fcssen. Klare und einfach zu navigierende minimalistische Karte.\n<\/div>\n<\/div><\/div><\/div>\n<figure class=\"browser-frame\">\n<img decoding=\"async\" src=\"https:\/\/elfsight.com\/wp-content\/uploads\/2020\/03\/google-maps-examples1.jpg\" alt=\"Google maps traditional example\"><\/figure>\n\n<div class=\"application-examples-item\"><div class=\"col-row\"><div class=\"col-6 col-m-8 col-s-12\"><h3 class=\"application-examples-item-title\"> Beispiel 2:  Eine praktische Karte zur Auswahl des n\u00e4chstgelegenen Standorts<\/h3><div class=\"application-examples-item-description\">Auf der Karte sind mehrere Abteilungen markiert. Um sie zu vereinen, wird im Standortfenster eine Liste von ihnen angezeigt. Jede Markierung zeigt beim Hover ein Infofenster an, um Details zum Standort in k\u00fcrzester Zeit zu \u00fcberpr\u00fcfen. Es ist einfach, den n\u00e4chstgelegenen Standort auszuw\u00e4hlen und eine Route zu planen.<\/div><\/div><\/div><\/div>\n<figure class=\"browser-frame\">\n<img decoding=\"async\" src=\"https:\/\/elfsight.com\/wp-content\/uploads\/2020\/03\/google-maps-examples2.jpg\" alt=\"Google map example for choosing the closest location\"><\/figure>\n\n<div class=\"application-examples-item\"><div class=\"col-row\"><div class=\"col-6 col-m-8 col-s-12\"><h3 class=\"application-examples-item-title\"> Beispiel 3:Eine kompakte Karte f\u00fcr Ihre Kontaktseite <\/h3><div class=\"application-examples-item-description\"> Eine moderate Gr\u00f6\u00dfe macht diese Variante perfekt f\u00fcr Kontaktseite oder andere Seiten mit unterschiedlichem Inhalt. Aufgrund der Gr\u00f6\u00dfe und des Fehlens zus\u00e4tzlicher Elemente wird der Hintergrund nicht beeintr\u00e4chtigt. Es ist nur eine Roadmap im Farbschema &#8222;Nacht&#8220; und der Ort, der darauf markiert ist. Besucher k\u00f6nnen auch in den Satellitenmodus wechseln.\n<\/div><\/div><\/div><\/div>\n<figure class=\"browser-frame\">\n<img decoding=\"async\" src=\"https:\/\/elfsight.com\/wp-content\/uploads\/2020\/03\/google-maps-examples3.jpg\" alt=\"Google map example: a compact map for balanced look\"><\/figure>\n\n\n<div class=\"application-examples-item\"><div class=\"col-row\"><div class=\"col-6 col-m-8 col-s-12\"><h3 class=\"application-examples-item-title\">Beispiel 4: Informative Karte mit vielf\u00e4ltiger Infrastruktur<\/h3><div class=\"application-examples-item-description\">Im Beispiel hat die Karte unterschiedliche Positionsmarkierungen. Der Benutzer kann aus n\u00e4chster N\u00e4he eine Vielzahl von Sehensw\u00fcrdigkeiten sehen. Keine zus\u00e4tzlichen Ebenen und Elemente &#8211; nur eine Vielzahl von Orten, die besucht werden m\u00fcssen, und der Hauptort, der auf benutzerdefinierte Weise markiert wurde, um die Aufmerksamkeit der Benutzer zu lenken.<\/div><\/div><\/div><\/div>\n<figure class=\"browser-frame\">\n<img decoding=\"async\" src=\"https:\/\/elfsight.com\/wp-content\/uploads\/2020\/03\/google-maps-examples4.jpg\" alt=\"Google map example: an informative map with diverse infrastructure\"><\/figure>\n\n\n<div class=\"application-examples-item\"><div class=\"col-row\"><div class=\"col-6 col-m-8 col-s-12\"><h3 class=\"application-examples-item-title\">Beispiel 5: Eine benutzerdefinierte farbige Karte<\/h3><div class=\"application-examples-item-description\">Ein gutes Beispiel daf\u00fcr, wie Ihre Farbauswahl die gesamte Karte ver\u00e4ndern und sie besonders aussehen lassen kann. Die Farbe hier ist der Hauptakzent und es gibt keine zus\u00e4tzlichen Elemente, die es \u00fcberladen aussehen lassen k\u00f6nnten.<\/div><\/div><\/div><\/div>\n<figure class=\"browser-frame\">\n<img decoding=\"async\" src=\"https:\/\/elfsight.com\/wp-content\/uploads\/2020\/03\/google-maps-examples5.jpg\" alt=\"Google map example: a custom-colored map with categorized markers\"><\/figure>\n","protected":false},"excerpt":{"rendered":"Beispiel 1: Eine \u00fcbersichtliche Karte mit einfachen Einstellungen Eine traditionelle Variante, die nur \u201cRoadmap\u201d zeigt. Diese Grundeinstellungen machen die Karte klar und leicht lesbar. Auf der Karte befindet sich eine einzelne Positionsmarkierung, sodass Sie den Look nicht mit einem Bedienfeld \u00fcberladen m\u00fcssen. Klare und einfach zu navigierende minimalistische Karte. Beispiel&#8230;","protected":false},"author":11,"featured_media":0,"parent":894,"menu_order":0,"comment_status":"closed","ping_status":"closed","template":"templates\/template-application-examples.php","meta":{"publish_to_discourse":"","publish_post_category":"","wpdc_auto_publish_overridden":"","wpdc_topic_tags":"","wpdc_pin_topic":"","wpdc_pin_until":"","discourse_post_id":"","discourse_permalink":"","wpdc_publishing_response":"","wpdc_publishing_error":"","footnotes":""},"class_list":["post-905","page","type-page","status-publish","hentry"],"yoast_head":"<!-- This site is optimized with the Yoast SEO plugin v25.3.1 - https:\/\/yoast.com\/wordpress\/plugins\/seo\/ -->\n<title>TOP 5 benutzerdefinierte Google Maps-Beispiele auf der Website (2025)<\/title>\n<meta name=\"description\" content=\"Beste Beispiele daf\u00fcr, wie Google Maps Karte in eine Website einbinden. Sehen Sie und versuchen Sie, Ihre interaktive Karte f\u00fcr Ihre Website zu erstellen.\" \/>\n<meta name=\"robots\" content=\"index, follow, max-snippet:-1, max-image-preview:large, max-video-preview:-1\" \/>\n<link rel=\"canonical\" href=\"https:\/\/elfsight.com\/de\/google-maps-widget\/examples\/\" \/>\n<meta property=\"og:locale\" content=\"de_DE\" \/>\n<meta property=\"og:type\" content=\"article\" \/>\n<meta property=\"og:title\" content=\"TOP 5 benutzerdefinierte Google Maps-Beispiele auf der Website (2025)\" \/>\n<meta property=\"og:description\" content=\"Beste Beispiele daf\u00fcr, wie Google Maps Karte in eine Website einbinden. Sehen Sie und versuchen Sie, Ihre interaktive Karte f\u00fcr Ihre Website zu erstellen.\" \/>\n<meta property=\"og:url\" content=\"https:\/\/elfsight.com\/de\/google-maps-widget\/examples\/\" \/>\n<meta property=\"og:site_name\" content=\"Elfsight DE\" \/>\n<meta property=\"article:modified_time\" content=\"2020-07-13T07:52:40+00:00\" \/>\n<meta property=\"og:image\" content=\"https:\/\/elfsight.com\/wp-content\/uploads\/2020\/03\/google-maps-examples1.jpg\" \/>\n<meta name=\"twitter:card\" content=\"summary_large_image\" \/>\n<meta name=\"twitter:label1\" content=\"Gesch\u00e4tzte Lesezeit\" \/>\n\t<meta name=\"twitter:data1\" content=\"1\u00a0Minute\" \/>\n<!-- \/ Yoast SEO plugin. -->","yoast_head_json":{"title":"TOP 5 benutzerdefinierte Google Maps-Beispiele auf der Website (2025)","description":"Beste Beispiele daf\u00fcr, wie Google Maps Karte in eine Website einbinden. Sehen Sie und versuchen Sie, Ihre interaktive Karte f\u00fcr Ihre Website zu erstellen.","robots":{"index":"index","follow":"follow","max-snippet":"max-snippet:-1","max-image-preview":"max-image-preview:large","max-video-preview":"max-video-preview:-1"},"canonical":"https:\/\/elfsight.com\/de\/google-maps-widget\/examples\/","og_locale":"de_DE","og_type":"article","og_title":"TOP 5 benutzerdefinierte Google Maps-Beispiele auf der Website (2025)","og_description":"Beste Beispiele daf\u00fcr, wie Google Maps Karte in eine Website einbinden. Sehen Sie und versuchen Sie, Ihre interaktive Karte f\u00fcr Ihre Website zu erstellen.","og_url":"https:\/\/elfsight.com\/de\/google-maps-widget\/examples\/","og_site_name":"Elfsight DE","article_modified_time":"2020-07-13T07:52:40+00:00","og_image":[{"url":"https:\/\/elfsight.com\/wp-content\/uploads\/2020\/03\/google-maps-examples1.jpg","type":"","width":"","height":""}],"twitter_card":"summary_large_image","twitter_misc":{"Gesch\u00e4tzte Lesezeit":"1\u00a0Minute"},"schema":{"@context":"https:\/\/schema.org","@graph":[{"@type":"WebPage","@id":"https:\/\/elfsight.com\/de\/google-maps-widget\/examples\/","url":"https:\/\/elfsight.com\/de\/google-maps-widget\/examples\/","name":"TOP 5 benutzerdefinierte Google Maps-Beispiele auf der Website (2025)","isPartOf":{"@id":"https:\/\/elfsight.com\/de\/#website"},"primaryImageOfPage":{"@id":"https:\/\/elfsight.com\/de\/google-maps-widget\/examples\/#primaryimage"},"image":{"@id":"https:\/\/elfsight.com\/de\/google-maps-widget\/examples\/#primaryimage"},"thumbnailUrl":"https:\/\/elfsight.com\/wp-content\/uploads\/2020\/03\/google-maps-examples1.jpg","datePublished":"2020-05-27T11:04:13+00:00","dateModified":"2020-07-13T07:52:40+00:00","description":"Beste Beispiele daf\u00fcr, wie Google Maps Karte in eine Website einbinden. Sehen Sie und versuchen Sie, Ihre interaktive Karte f\u00fcr Ihre Website zu erstellen.","breadcrumb":{"@id":"https:\/\/elfsight.com\/de\/google-maps-widget\/examples\/#breadcrumb"},"inLanguage":"de","potentialAction":[{"@type":"ReadAction","target":["https:\/\/elfsight.com\/de\/google-maps-widget\/examples\/"]}]},{"@type":"ImageObject","inLanguage":"de","@id":"https:\/\/elfsight.com\/de\/google-maps-widget\/examples\/#primaryimage","url":"https:\/\/elfsight.com\/wp-content\/uploads\/2020\/03\/google-maps-examples1.jpg","contentUrl":"https:\/\/elfsight.com\/wp-content\/uploads\/2020\/03\/google-maps-examples1.jpg"},{"@type":"BreadcrumbList","@id":"https:\/\/elfsight.com\/de\/google-maps-widget\/examples\/#breadcrumb","itemListElement":[{"@type":"ListItem","position":1,"name":"Home","item":"https:\/\/elfsight.com\/de\/"},{"@type":"ListItem","position":2,"name":"Google Maps","item":"https:\/\/elfsight.com\/de\/google-maps-widget\/"},{"@type":"ListItem","position":3,"name":"Google Maps &#8211; Examples"}]},{"@type":"WebSite","@id":"https:\/\/elfsight.com\/de\/#website","url":"https:\/\/elfsight.com\/de\/","name":"Elfsight DE","description":"Just another Elfsight Sites site","potentialAction":[{"@type":"SearchAction","target":{"@type":"EntryPoint","urlTemplate":"https:\/\/elfsight.com\/de\/?s={search_term_string}"},"query-input":{"@type":"PropertyValueSpecification","valueRequired":true,"valueName":"search_term_string"}}],"inLanguage":"de"}]}},"meta_box":{"industry":"","seo_heading":"","heading":"","description":"","cta_heading":"","cta_description":"","application":"464","h1":"Beispiele f\u00fcr Google Maps Widget","h1_caption":"Sehen Sie sich alle besten Beispiele an, um Ihre eigene interaktive Karte f\u00fcr Ihre Website zu erstellen.","application_category":[],"applications_title":"","applications_request_title":"","applications_request_button_text":"","hero_text":"","hero_video":"","hero_video_schema_markup":"","selling_points_title":"","selling_points_caption":"","selling_points":[],"selling_points_cta_text":"","features_title":"","features":"","ed_cta_examples_text":"","ed_cta_examples_hidden":"","ed_cta_demo_text":"","ed_cta_demo_hidden":"","why_caption":"","why_editor_title":"","why_editor_text":"","why_team_title":"","why_team_text":"","why_service_title":"","why_service_text":"","template_catalog_visible":"","template_catalog_title":"","template_catalog_text":"","template_catalog_categories_visible":"","demo_title":"","demo_caption":"","default_faq_hidden":"","app_template_category":[],"platform":"","template_public_id":"","codecanyon_url":"","codecanyon_item_id":"","codecanyon_price":"","pricing_caption":"","pricing_elfsight_apps_hide_column":"","pricing_elfsight_apps_url":"","pricing_codecanyon_price_caption":"","integration_category":[],"integration_request_title":"","integration_request_cta":"","integration_platform":"","integrations":[],"platform_category":[],"video_schema_markup":"","price":"","trial":"","benefits":[],"button_url":"","button_target_blank":"","button_nofollow":"","attributes":[],"tags":[],"tags_disable_links":"","hide_more_platforms":"","video_object":"","demo_hide_cta":"","demo_hide_cloud_options":"","pricing_title":"","pricing":[],"related_apps_title":"","related_apps_hidden":"","author":"","image":[],"title":"","job":"","social_networks":[]},"_links":{"self":[{"href":"https:\/\/elfsight.com\/de\/wp-json\/wp\/v2\/pages\/905","targetHints":{"allow":["GET"]}}],"collection":[{"href":"https:\/\/elfsight.com\/de\/wp-json\/wp\/v2\/pages"}],"about":[{"href":"https:\/\/elfsight.com\/de\/wp-json\/wp\/v2\/types\/page"}],"author":[{"embeddable":true,"href":"https:\/\/elfsight.com\/de\/wp-json\/wp\/v2\/users\/11"}],"replies":[{"embeddable":true,"href":"https:\/\/elfsight.com\/de\/wp-json\/wp\/v2\/comments?post=905"}],"version-history":[{"count":4,"href":"https:\/\/elfsight.com\/de\/wp-json\/wp\/v2\/pages\/905\/revisions"}],"predecessor-version":[{"id":909,"href":"https:\/\/elfsight.com\/de\/wp-json\/wp\/v2\/pages\/905\/revisions\/909"}],"up":[{"embeddable":true,"href":"https:\/\/elfsight.com\/de\/wp-json\/wp\/v2\/pages\/894"}],"wp:attachment":[{"href":"https:\/\/elfsight.com\/de\/wp-json\/wp\/v2\/media?parent=905"}],"curies":[{"name":"wp","href":"https:\/\/api.w.org\/{rel}","templated":true}]}}