{"id":8729,"date":"2024-05-03T06:35:40","date_gmt":"2024-05-03T06:35:40","guid":{"rendered":"https:\/\/elfsight.com\/de\/?page_id=8729"},"modified":"2025-02-19T08:43:47","modified_gmt":"2025-02-19T08:43:47","slug":"blogger","status":"publish","type":"page","link":"https:\/\/elfsight.com\/de\/facebook-chat-widget\/blogger\/","title":{"rendered":"Facebook Chat &#8211; Blogger"},"content":{"rendered":"\n<div class=\"application-platform-content-item-description application-platform-content-item\" id=\"description\" data-nav-section=\"description\"> <h2>Beschreibung<\/h2> <p>Facebook Chat Box von Elfsight ist ein praktisches Tool f\u00fcr Ihre Website-Kunden, um eine Unterhaltung mit Ihnen zu beginnen Antworten auf ihre Fragen und W\u00fcnsche erhalten. Sie k\u00f6nnen jetzt in Ihrem komfortablen Messenger f\u00fcr andere Menschen erreichbar bleiben, egal wo Sie sich befinden. F\u00fchren Sie das Chat-Widget auf der Webseite ein und w\u00e4hlen Sie aus, dass es auf bestimmten Seiten oder f\u00fcr ausgew\u00e4hlte Benutzerkategorien angezeigt wird, legen Sie Start-Chat-Ausl\u00f6ser fest, senden Sie Ihre benutzerdefinierte Willkommensnachricht, legen Sie Symbole fest und wenden Sie andere Personalisierungen an. \u00dcber den Facebook-Messenger auf Ihrer Webseite bleiben Sie jederzeit und von \u00fcberall mit Ihrer Kundschaft verbunden.<\/p> <div class=\"faq\" data-component=\"FAQ\"> <div class=\"faq-item\">\r\n\t\t\t\t\t<div class=\"faq-item-question\">\r\n\t\t\t\t\t\t<h3 class=\"faq-item-question-text\">Wo kann ich das Widget integrieren<\/h3>\r\n\r\n\t\t\t\t\t\t<div class=\"faq-item-question-icon\"><\/div>\r\n\t\t\t\t\t<\/div>\r\n\r\n\t\t\t\t\t<div class=\"faq-item-answer\">\r\n\t\t\t\t\t\t<div class=\"faq-item-answer-text\"> <p>Sie k\u00f6nnen es dort vorstellen Jede Seite Ihrer Website oder nur die Seiten, auf denen Sie sie ben\u00f6tigen. Es besteht auch die M\u00f6glichkeit, ausgew\u00e4hlte Seiten auszuschlie\u00dfen, wenn Sie das Widget dort nicht haben m\u00f6chten. <\/p> <\/div>\r\n\t\t\t\t\t<\/div>\r\n\t\t\t\t<\/div> <div class=\"faq-item\">\r\n\t\t\t\t\t<div class=\"faq-item-question\">\r\n\t\t\t\t\t\t<h3 class=\"faq-item-question-text\">Was sind die Vorteile dieses Plugins f\u00fcr mich?<\/h3>\r\n\r\n\t\t\t\t\t\t<div class=\"faq-item-question-icon\"><\/div>\r\n\t\t\t\t\t<\/div>\r\n\r\n\t\t\t\t\t<div class=\"faq-item-answer\">\r\n\t\t\t\t\t\t<div class=\"faq-item-answer-text\"> <p>Dieses Plugin hilft Benutzern dabei, Ihnen auf einfache Weise ihre Fragen, W\u00fcnsche oder Probleme mitzuteilen. Dies kann dazu beitragen, die Anzahl der Leads und K\u00e4ufe zu erh\u00f6hen. Dar\u00fcber hinaus steigern eine sofortige Reaktion und eine personalisierte Ansprache die Qualit\u00e4t Ihrer Kundenbeziehungen. <\/p> <\/div>\r\n\t\t\t\t\t<\/div>\r\n\t\t\t\t<\/div> <div class=\"faq-item\">\r\n\t\t\t\t\t<div class=\"faq-item-question\">\r\n\t\t\t\t\t\t<h3 class=\"faq-item-question-text\">Wie kann ich Facebook Chat auf meiner Website einbetten?<\/h3>\r\n\r\n\t\t\t\t\t\t<div class=\"faq-item-question-icon\"><\/div>\r\n\t\t\t\t\t<\/div>\r\n\r\n\t\t\t\t\t<div class=\"faq-item-answer\">\r\n\t\t\t\t\t\t<div class=\"faq-item-answer-text\"> <p>Sie ben\u00f6tigen nur eine Minute Zeit, um mit der Verwendung des Widgets zu beginnen. Es ist sehr schnell, kostenlos und ohne Programmierung. <\/p> <p>Sie k\u00f6nnen das Widget in unserem Service auf Ihrer Website einf\u00fchren. Befolgen Sie dazu die nachstehenden Anweisungen auf dieser Seite. <\/p> <\/div>\r\n\t\t\t\t\t<\/div>\r\n\t\t\t\t<\/div> <\/div> <\/div> <div class=\"application-platform-content-item-features application-platform-content-item\" id=\"features\" data-nav-section=\"features\"> <h2>Funktionen<\/h2> <p>Um eine klare Vorstellung vom Facebook Messenger f\u00fcr Blogger zu bekommen, sehen Sie sich die an Liste seiner Hauptmerkmale. Sie machen dieses Widget f\u00fcr Sie \u00e4u\u00dferst n\u00fctzlich: <\/p> <ul><li>F\u00fchren Sie den Facebook-Messenger in Ihrem Shop ein, um die Kommunikation mit Besuchern herzustellen; <\/li><li>Reagieren Sie direkt von Ihrer Facebook-Seite aus auf Nachrichten. <\/li><li>Verwenden Sie 3 Arten von Chat-Standorten: schwebende Blase, eingebettete Blase und eingebettetes Chat-Fenster; <\/li><li> W\u00e4hlen Sie Ihre Blasensymbolvariante aus unserer Bibliothek verf\u00fcgbarer Symbole aus; <\/li><li>Geben Sie Ihren eigenen Text f\u00fcr die Chat-Blase ein. <\/li><\/ul><p><a href=\"#demo\">Entdecken Sie eine vollst\u00e4ndige Liste der Funktionen in unserer Demo<\/a><\/p> <\/div> <div class=\"application-platform-content-item-installation application-platform-content-item\" id=\"installation\" data-nav-section=\"installation\"> <h2>So f\u00fcgen Sie den Facebook-Chat zu Ihrer Blogger-Seite hinzu<\/h2><div class=\"video-container\"><iframe width=\"560\" height=\"315\" src=\"https:\/\/www.youtube.com\/embed\/KK7oHClT1uU?si=siaMws34KyWDOngN\" frameborder=\"0\" allow=\"accelerometer; autoplay; clipboard-write; encrypted-media; gyroscope; picture-in-picture; web-share\" allowfullscreen><\/iframe><\/div><p>Die folgenden Aktionen sind das Einzige, was Sie einrichten m\u00fcssen. <\/p> <ol><li><b>Erstellen Sie Ihr eigenes Facebook-Messenger-Plugin<\/b><br> Generieren Sie mit unserem kostenlosen Konfigurator ein Plugin mit ausgew\u00e4hltem Layout und Funktionalit\u00e4t. <\/li><li><b>Kopieren Sie den pers\u00f6nlichen Code, um das Plugin hinzuzuf\u00fcgen<\/b><br> Nachdem Sie Ihr Widget erstellt haben, erhalten Sie den eindeutigen Code aus der Popup-Benachrichtigung auf Elfsight Apps. Kopieren Sie den Code zur sp\u00e4teren Verwendung. <\/li> <li><b>Betten Sie das Widget in Ihre Website ein<\/b><br> Definieren Sie den Bereich, in dem Sie das Plugin hinzuf\u00fcgen m\u00f6chten, und f\u00fcgen Sie dort den kopierten Code ein. Wenden Sie die Ergebnisse an. <\/li> <li><b>Die Einrichtung ist abgeschlossen<\/b><br> Besuchen Sie Ihre Website, um einen Blick auf Ihr Plugin zu werfen. <\/li> <\/ol><p>Haben Sie immer noch etwas, das Sie unsicher macht? Oder Probleme haben? Mit nur einer einzigen Anfrage an unser Support-Team k\u00f6nnen alle Probleme gel\u00f6st werden. <\/p> <\/div>\n","protected":false},"excerpt":{"rendered":"","protected":false},"author":9,"featured_media":0,"parent":924,"menu_order":0,"comment_status":"closed","ping_status":"closed","template":"templates\/template-application-platform.php","meta":{"publish_to_discourse":"","publish_post_category":"","wpdc_auto_publish_overridden":"","wpdc_topic_tags":"","wpdc_pin_topic":"","wpdc_pin_until":"","discourse_post_id":"","discourse_permalink":"","wpdc_publishing_response":"","wpdc_publishing_error":"","footnotes":""},"class_list":["post-8729","page","type-page","status-publish","hentry"],"yoast_head":"<!-- This site is optimized with the Yoast SEO plugin v25.3.1 - https:\/\/yoast.com\/wordpress\/plugins\/seo\/ -->\n<title>Facebook Messenger \u2013 Chatbox zur Blogger-Website hinzuf\u00fcgen (einfach und schnell)<\/title>\n<meta name=\"description\" content=\"Gestalten Sie mit Elfsight Ihr Facebook-Chat-Widget und f\u00fcgen Sie es ganz einfach auf der Blogger-Website hinzu. Wir bieten kostenlosen Kundensupport und andere Boni.\" \/>\n<meta name=\"robots\" content=\"index, follow, max-snippet:-1, max-image-preview:large, max-video-preview:-1\" \/>\n<link rel=\"canonical\" href=\"https:\/\/elfsight.com\/de\/facebook-chat-widget\/blogger\/\" \/>\n<meta property=\"og:locale\" content=\"de_DE\" \/>\n<meta property=\"og:type\" content=\"article\" \/>\n<meta property=\"og:title\" content=\"Facebook Messenger \u2013 Chatbox zur Blogger-Website hinzuf\u00fcgen (einfach und schnell)\" \/>\n<meta property=\"og:description\" content=\"Gestalten Sie mit Elfsight Ihr Facebook-Chat-Widget und f\u00fcgen Sie es ganz einfach auf der Blogger-Website hinzu. Wir bieten kostenlosen Kundensupport und andere Boni.\" \/>\n<meta property=\"og:url\" content=\"https:\/\/elfsight.com\/de\/facebook-chat-widget\/blogger\/\" \/>\n<meta property=\"og:site_name\" content=\"Elfsight DE\" \/>\n<meta property=\"article:modified_time\" content=\"2025-02-19T08:43:47+00:00\" \/>\n<meta name=\"twitter:card\" content=\"summary_large_image\" \/>\n<meta name=\"twitter:label1\" content=\"Gesch\u00e4tzte Lesezeit\" \/>\n\t<meta name=\"twitter:data1\" content=\"3\u00a0Minuten\" \/>\n<!-- \/ Yoast SEO plugin. -->","yoast_head_json":{"title":"Facebook Messenger \u2013 Chatbox zur Blogger-Website hinzuf\u00fcgen (einfach und schnell)","description":"Gestalten Sie mit Elfsight Ihr Facebook-Chat-Widget und f\u00fcgen Sie es ganz einfach auf der Blogger-Website hinzu. Wir bieten kostenlosen Kundensupport und andere Boni.","robots":{"index":"index","follow":"follow","max-snippet":"max-snippet:-1","max-image-preview":"max-image-preview:large","max-video-preview":"max-video-preview:-1"},"canonical":"https:\/\/elfsight.com\/de\/facebook-chat-widget\/blogger\/","og_locale":"de_DE","og_type":"article","og_title":"Facebook Messenger \u2013 Chatbox zur Blogger-Website hinzuf\u00fcgen (einfach und schnell)","og_description":"Gestalten Sie mit Elfsight Ihr Facebook-Chat-Widget und f\u00fcgen Sie es ganz einfach auf der Blogger-Website hinzu. Wir bieten kostenlosen Kundensupport und andere Boni.","og_url":"https:\/\/elfsight.com\/de\/facebook-chat-widget\/blogger\/","og_site_name":"Elfsight DE","article_modified_time":"2025-02-19T08:43:47+00:00","twitter_card":"summary_large_image","twitter_misc":{"Gesch\u00e4tzte Lesezeit":"3\u00a0Minuten"},"schema":{"@context":"https:\/\/schema.org","@graph":[{"@type":"WebPage","@id":"https:\/\/elfsight.com\/de\/facebook-chat-widget\/blogger\/","url":"https:\/\/elfsight.com\/de\/facebook-chat-widget\/blogger\/","name":"Facebook Messenger \u2013 Chatbox zur Blogger-Website hinzuf\u00fcgen (einfach und schnell)","isPartOf":{"@id":"https:\/\/elfsight.com\/de\/#website"},"datePublished":"2024-05-03T06:35:40+00:00","dateModified":"2025-02-19T08:43:47+00:00","description":"Gestalten Sie mit Elfsight Ihr Facebook-Chat-Widget und f\u00fcgen Sie es ganz einfach auf der Blogger-Website hinzu. Wir bieten kostenlosen Kundensupport und andere Boni.","breadcrumb":{"@id":"https:\/\/elfsight.com\/de\/facebook-chat-widget\/blogger\/#breadcrumb"},"inLanguage":"de","potentialAction":[{"@type":"ReadAction","target":["https:\/\/elfsight.com\/de\/facebook-chat-widget\/blogger\/"]}]},{"@type":"BreadcrumbList","@id":"https:\/\/elfsight.com\/de\/facebook-chat-widget\/blogger\/#breadcrumb","itemListElement":[{"@type":"ListItem","position":1,"name":"Home","item":"https:\/\/elfsight.com\/de\/"},{"@type":"ListItem","position":2,"name":"Facebook Chat","item":"https:\/\/elfsight.com\/de\/facebook-chat-widget\/"},{"@type":"ListItem","position":3,"name":"Facebook Chat &#8211; Blogger"}]},{"@type":"WebSite","@id":"https:\/\/elfsight.com\/de\/#website","url":"https:\/\/elfsight.com\/de\/","name":"Elfsight DE","description":"Just another Elfsight Sites site","potentialAction":[{"@type":"SearchAction","target":{"@type":"EntryPoint","urlTemplate":"https:\/\/elfsight.com\/de\/?s={search_term_string}"},"query-input":{"@type":"PropertyValueSpecification","valueRequired":true,"valueName":"search_term_string"}}],"inLanguage":"de"}]}},"meta_box":{"industry":"","seo_heading":"","heading":"","description":"","cta_heading":"","cta_description":"","application":"480","h1":"Blogger-Facebook-Chat-Widget","h1_caption":"F\u00fcgen Sie Ihrer Website ein Facebook-Messenger-Chat-Widget hinzu, das Benutzern eine einfache M\u00f6glichkeit bietet, Sie m\u00fchelos \u00fcber Ihre Blogger-Website zu kontaktieren.","application_category":[],"applications_title":"","applications_request_title":"","applications_request_button_text":"","hero_text":"","hero_video":"","hero_video_schema_markup":"","selling_points_title":"","selling_points_caption":"","selling_points":[],"selling_points_cta_text":"","features_title":"","features":"","ed_cta_examples_text":"","ed_cta_examples_hidden":"","ed_cta_demo_text":"","ed_cta_demo_hidden":"","why_caption":"","why_editor_title":"","why_editor_text":"","why_team_title":"","why_team_text":"","why_service_title":"","why_service_text":"","template_catalog_visible":"0","template_catalog_title":"","template_catalog_text":"","template_catalog_categories_visible":"","demo_title":"Erstellen Sie Ihr Facebook-Chat-Widget","demo_caption":"Konfigurieren Sie Ihren Facebook-Chat und f\u00fcgen Sie ihn kostenlos zu Ihrer Blogger-Website hinzu!","default_faq_hidden":"","app_template_category":[],"platform":"262","template_public_id":"","codecanyon_url":"","codecanyon_item_id":"","codecanyon_price":"","pricing_caption":"","pricing_elfsight_apps_hide_column":"","pricing_elfsight_apps_url":"","pricing_codecanyon_price_caption":"","integration_category":[],"integration_request_title":"","integration_request_cta":"","integration_platform":"","integrations":[],"platform_category":[],"video_schema_markup":"","price":"ab 0 $ \/ Monat","trial":"","benefits":[{"text":"Kostenlose Installationshilfe"},{"text":"Kompetenter Kundenservice"},{"text":"14-t\u00e4gige Geld-zur\u00fcck-Garantie"},{"text":"Regelm\u00e4\u00dfige kostenlose Verbesserungen"}],"button_url":"#demo","button_target_blank":"0","button_nofollow":"0","attributes":[{"name":"Installiert","content":"10,000 - 100,000"},{"name":"Reaktionsfreudig","content":"Ja"},{"name":"Kompatible Browser","content":"Firefox, Safari, Opera, Chrome, Edge"}],"tags":[],"tags_disable_links":"0","hide_more_platforms":"0","video_object":"","demo_hide_cta":"0","demo_hide_cloud_options":"0","pricing_title":"","pricing":[{"pricing_icon":"platform","pricing_title":"Elfsight Apps","pricing_title_caption":"Plattform\u00fcbergreifende digitale L\u00f6sung","pricing_price":"ab 0 $ \/ Monat","pricing_price_caption":"Beginnen Sie mit einem kostenlosen Plan","pricing_benefits":[{"text":"Unbegrenzte Websites"},{"text":"Engagierter und p\u00fcnktlicher Support und gut dokumentiert"},{"text":"Kostenlose Installationshilfe"},{"text":"100 % anpassbar"}],"pricing_button_text":"Zur Website hinzuf\u00fcgen","pricing_button_url":"#demo"}],"related_apps_title":"","related_apps_hidden":"0","author":"","image":[],"title":"","job":"","social_networks":[]},"_links":{"self":[{"href":"https:\/\/elfsight.com\/de\/wp-json\/wp\/v2\/pages\/8729","targetHints":{"allow":["GET"]}}],"collection":[{"href":"https:\/\/elfsight.com\/de\/wp-json\/wp\/v2\/pages"}],"about":[{"href":"https:\/\/elfsight.com\/de\/wp-json\/wp\/v2\/types\/page"}],"author":[{"embeddable":true,"href":"https:\/\/elfsight.com\/de\/wp-json\/wp\/v2\/users\/9"}],"replies":[{"embeddable":true,"href":"https:\/\/elfsight.com\/de\/wp-json\/wp\/v2\/comments?post=8729"}],"version-history":[{"count":3,"href":"https:\/\/elfsight.com\/de\/wp-json\/wp\/v2\/pages\/8729\/revisions"}],"predecessor-version":[{"id":24399,"href":"https:\/\/elfsight.com\/de\/wp-json\/wp\/v2\/pages\/8729\/revisions\/24399"}],"up":[{"embeddable":true,"href":"https:\/\/elfsight.com\/de\/wp-json\/wp\/v2\/pages\/924"}],"wp:attachment":[{"href":"https:\/\/elfsight.com\/de\/wp-json\/wp\/v2\/media?parent=8729"}],"curies":[{"name":"wp","href":"https:\/\/api.w.org\/{rel}","templated":true}]}}