{"id":8724,"date":"2024-05-03T06:35:39","date_gmt":"2024-05-03T06:35:39","guid":{"rendered":"https:\/\/elfsight.com\/de\/?page_id=8724"},"modified":"2025-07-08T10:36:31","modified_gmt":"2025-07-08T10:36:31","slug":"jquery","status":"publish","type":"page","link":"https:\/\/elfsight.com\/de\/facebook-chat-widget\/jquery\/","title":{"rendered":"Facebook Chat &#8211; jQuery"},"content":{"rendered":"<div class=\"application-platform-content-item-description application-platform-content-item\" id=\"description\" data-nav-section=\"description\"> <h2>Beschreibung<\/h2> <p>Die von Elfsight erstellte Facebook-Chat-Box ist die einfachste M\u00f6glichkeit f\u00fcr Ihre Website-Kunden, mit Ihnen zu kommunizieren und Antworten zu erhalten auf ihre Fragen. Sie k\u00f6nnen f\u00fcr Ihre Kunden online in einem der beliebtesten Messenger verf\u00fcgbar sein. F\u00fcgen Sie Chat in Ihrem Shop hinzu \u2013 das Widget kann nur auf bestimmten Seiten oder nur f\u00fcr bestimmte Personengruppen angezeigt werden, zuweisen Sie Start-Chat-Ausl\u00f6ser, f\u00fcgen Sie Ihre pers\u00f6nliche Willkommensnachricht ein, richten Sie Symbole aus und vieles mehr. Mit Hilfe des auf der Website installierten Facebook-Messengers bleiben Sie jederzeit und von jedem Ort aus mit Ihren Nutzern in Kontakt. <\/p> <div class=\"faq\" data-component=\"FAQ\"> <div class=\"faq-item\">\r\n\t\t\t\t\t<div class=\"faq-item-question\">\r\n\t\t\t\t\t\t<h3 class=\"faq-item-question-text\">Wo auf meiner Website kann ich dieses Plugin einf\u00fcgen<\/h3>\r\n\r\n\t\t\t\t\t\t<div class=\"faq-item-question-icon\"><\/div>\r\n\t\t\t\t\t<\/div>\r\n\r\n\t\t\t\t\t<div class=\"faq-item-answer\">\r\n\t\t\t\t\t\t<div class=\"faq-item-answer-text\"> <p>Es kann auf allen Seiten Ihrer Website oder nur auf den von Ihnen festgelegten Seiten angezeigt werden. Das Plugin bietet auch die M\u00f6glichkeit, die Anzeige des Chats auf bestimmten Seiten einzuschr\u00e4nken. <\/p> <\/div>\r\n\t\t\t\t\t<\/div>\r\n\t\t\t\t<\/div> <div class=\"faq-item\">\r\n\t\t\t\t\t<div class=\"faq-item-question\">\r\n\t\t\t\t\t\t<h3 class=\"faq-item-question-text\">Welche Vorteile bringt es mir?<\/h3>\r\n\r\n\t\t\t\t\t\t<div class=\"faq-item-question-icon\"><\/div>\r\n\t\t\t\t\t<\/div>\r\n\r\n\t\t\t\t\t<div class=\"faq-item-answer\">\r\n\t\t\t\t\t\t<div class=\"faq-item-answer-text\"> <p>Es wird Ihren Kunden eine einfachere M\u00f6glichkeit bieten, Sie mit ihren Fragen oder Fragen zu kontaktieren. Dies kann dazu beitragen, die Anzahl der Leads und K\u00e4ufe zu erh\u00f6hen. Dar\u00fcber hinaus steigern schnelle Antworten und eine individuelle Herangehensweise die Qualit\u00e4t Ihres Kundenservice.<\/p> <\/div>\r\n\t\t\t\t\t<\/div>\r\n\t\t\t\t<\/div> <div class=\"faq-item\">\r\n\t\t\t\t\t<div class=\"faq-item-question\">\r\n\t\t\t\t\t\t<h3 class=\"faq-item-question-text\">Was ben\u00f6tige ich, um das jQuery-Nachrichten-Plugin auf meiner Website einzubetten?<\/h3>\r\n\r\n\t\t\t\t\t\t<div class=\"faq-item-question-icon\"><\/div>\r\n\t\t\t\t\t<\/div>\r\n\r\n\t\t\t\t\t<div class=\"faq-item-answer\">\r\n\t\t\t\t\t\t<div class=\"faq-item-answer-text\"> <p>It Das Einbetten des Plugins dauert nur ein paar Minuten. Dieser Vorgang ist extrem schnell, kostenlos und erfordert keine Programmierung. <\/p> <p>Sie k\u00f6nnen die Chatbox mit jQuery direkt in unserem Service zu Ihrer Website hinzuf\u00fcgen. Befolgen Sie einfach die Anweisungen weiter unten auf dieser Seite. <\/p> <\/div>\r\n\t\t\t\t\t<\/div>\r\n\t\t\t\t<\/div> <\/div> <\/div> <div class=\"application-platform-content-item-features application-platform-content-item\" id=\"features\" data-nav-section=\"features\"> <h2>Funktionen<\/h2> <p>Um eine klare Vorstellung vom Widget zu erhalten, untersuchen Sie die Liste seiner prim\u00e4ren Elemente Merkmale. Sie machen das Plugin f\u00fcr Sie maximal n\u00fctzlich:<\/p> <ul><li>Betten Sie den Facebook-Messenger auf Ihrer Seite ein, um mit Benutzern in Kontakt zu bleiben; <\/li><li>Geben Sie Antworten direkt von Ihrem Facebook-Konto aus;<\/li><li>W\u00e4hlen Sie eine von drei Optionen f\u00fcr die Chat-Position: als schwebende Blase, eingebettete Blase und eingebettetes Chat-Fenster;<\/li><li>W\u00e4hlen Sie Ihr Blasensymbol aus unserem Satz verf\u00fcgbarer Symbole aus;<\/li><li>Bearbeitbarer Blasentext.<\/li><\/ul><p><a href=\"#demo\">Unsere Demo zeigt eine vollst\u00e4ndige Liste der Funktionen f\u00fcr Sie<\/a><\/p> <\/div> <div class=\"application-platform-content-item-installation application-platform-content-item\" id=\"installation\" data-nav-section=\"installation\"> <h2>Erfahren Sie, wie Sie das Facebook-Chat-Feld zu Ihrer jQuery-Website hinzuf\u00fcgen. Es ist schnell und erfordert keine Programmierung.<\/h2> <p>Die folgenden Aktionen sind das Einzige, was Sie zum Einbetten ben\u00f6tigen. <\/p> <ol><li><b>Erstellen Sie Ihr einzigartiges Facebook-Messenger-Plugin<\/b><br> Generieren Sie mit Hilfe unseres kostenlosen Konfigurators ein Widget mit individuellem Layout und funktionalen Eigenschaften.<\/li><li><b>Holen Sie sich den pers\u00f6nlichen Code zur Integration des Plugins<\/b><br> Nachdem Sie Ihr Widget eingestellt haben, erhalten Sie den individuellen Code aus dem Popup-Fenster von Elfsight Apps. Kopieren Sie diesen Code zur weiteren Verwendung.<\/li> <li><b>Betten Sie das Chat-Box-Plugin in Ihre jQuery-Site ein<\/b><br> Suchen Sie die Stelle, an der Sie das Widget anzeigen m\u00fcssen, und f\u00fcgen Sie dort den kopierten Code ein. \u00dcbernehmen Sie die \u00c4nderungen.<\/li> <li><b>Fertig!<\/b><br> Rufen Sie Ihre Webseite auf, um Ihr Plugin zu sehen.<\/li> <\/ol><p>Sie haben immer noch Zweifel? Oder haben Sie Fragen? Senden Sie einfach eine Anfrage an unser Kundensupport-Team, das Ihnen bei jedem Problem weiterhilft. <\/p> <\/div>","protected":false},"excerpt":{"rendered":"","protected":false},"author":9,"featured_media":0,"parent":924,"menu_order":0,"comment_status":"closed","ping_status":"closed","template":"templates\/template-application-platform.php","meta":{"publish_to_discourse":"","publish_post_category":"","wpdc_auto_publish_overridden":"","wpdc_topic_tags":"","wpdc_pin_topic":"","wpdc_pin_until":"","discourse_post_id":"","discourse_permalink":"","wpdc_publishing_response":"","wpdc_publishing_error":"","footnotes":""},"class_list":["post-8724","page","type-page","status-publish","hentry"],"yoast_head":"<!-- This site is optimized with the Yoast SEO plugin v25.3.1 - https:\/\/yoast.com\/wordpress\/plugins\/seo\/ -->\n<title>Facebook-Chat-Box \u2013 Messenger-Plugin zur jQuery-Website hinzuf\u00fcgen (2025)<\/title>\n<meta name=\"description\" content=\"Es ist ganz einfach, Ihr Facebook-Chat-Plugin zu erstellen und es auf Ihrer jQuery-Website zu ver\u00f6ffentlichen. Der Kundendienst von Elfsight ist kostenlos\" \/>\n<meta name=\"robots\" content=\"index, follow, max-snippet:-1, max-image-preview:large, max-video-preview:-1\" \/>\n<link rel=\"canonical\" href=\"https:\/\/elfsight.com\/de\/facebook-chat-widget\/jquery\/\" \/>\n<meta property=\"og:locale\" content=\"de_DE\" \/>\n<meta property=\"og:type\" content=\"article\" \/>\n<meta property=\"og:title\" content=\"Facebook-Chat-Box \u2013 Messenger-Plugin zur jQuery-Website hinzuf\u00fcgen (2025)\" \/>\n<meta property=\"og:description\" content=\"Es ist ganz einfach, Ihr Facebook-Chat-Plugin zu erstellen und es auf Ihrer jQuery-Website zu ver\u00f6ffentlichen. Der Kundendienst von Elfsight ist kostenlos\" \/>\n<meta property=\"og:url\" content=\"https:\/\/elfsight.com\/de\/facebook-chat-widget\/jquery\/\" \/>\n<meta property=\"og:site_name\" content=\"Elfsight DE\" \/>\n<meta property=\"article:modified_time\" content=\"2025-07-08T10:36:31+00:00\" \/>\n<meta name=\"twitter:card\" content=\"summary_large_image\" \/>\n<meta name=\"twitter:label1\" content=\"Gesch\u00e4tzte Lesezeit\" \/>\n\t<meta name=\"twitter:data1\" content=\"3\u00a0Minuten\" \/>\n<!-- \/ Yoast SEO plugin. -->","yoast_head_json":{"title":"Facebook-Chat-Box \u2013 Messenger-Plugin zur jQuery-Website hinzuf\u00fcgen (2025)","description":"Es ist ganz einfach, Ihr Facebook-Chat-Plugin zu erstellen und es auf Ihrer jQuery-Website zu ver\u00f6ffentlichen. Der Kundendienst von Elfsight ist kostenlos","robots":{"index":"index","follow":"follow","max-snippet":"max-snippet:-1","max-image-preview":"max-image-preview:large","max-video-preview":"max-video-preview:-1"},"canonical":"https:\/\/elfsight.com\/de\/facebook-chat-widget\/jquery\/","og_locale":"de_DE","og_type":"article","og_title":"Facebook-Chat-Box \u2013 Messenger-Plugin zur jQuery-Website hinzuf\u00fcgen (2025)","og_description":"Es ist ganz einfach, Ihr Facebook-Chat-Plugin zu erstellen und es auf Ihrer jQuery-Website zu ver\u00f6ffentlichen. Der Kundendienst von Elfsight ist kostenlos","og_url":"https:\/\/elfsight.com\/de\/facebook-chat-widget\/jquery\/","og_site_name":"Elfsight DE","article_modified_time":"2025-07-08T10:36:31+00:00","twitter_card":"summary_large_image","twitter_misc":{"Gesch\u00e4tzte Lesezeit":"3\u00a0Minuten"},"schema":{"@context":"https:\/\/schema.org","@graph":[{"@type":"WebPage","@id":"https:\/\/elfsight.com\/de\/facebook-chat-widget\/jquery\/","url":"https:\/\/elfsight.com\/de\/facebook-chat-widget\/jquery\/","name":"Facebook-Chat-Box \u2013 Messenger-Plugin zur jQuery-Website hinzuf\u00fcgen (2025)","isPartOf":{"@id":"https:\/\/elfsight.com\/de\/#website"},"datePublished":"2024-05-03T06:35:39+00:00","dateModified":"2025-07-08T10:36:31+00:00","description":"Es ist ganz einfach, Ihr Facebook-Chat-Plugin zu erstellen und es auf Ihrer jQuery-Website zu ver\u00f6ffentlichen. Der Kundendienst von Elfsight ist kostenlos","breadcrumb":{"@id":"https:\/\/elfsight.com\/de\/facebook-chat-widget\/jquery\/#breadcrumb"},"inLanguage":"de","potentialAction":[{"@type":"ReadAction","target":["https:\/\/elfsight.com\/de\/facebook-chat-widget\/jquery\/"]}]},{"@type":"BreadcrumbList","@id":"https:\/\/elfsight.com\/de\/facebook-chat-widget\/jquery\/#breadcrumb","itemListElement":[{"@type":"ListItem","position":1,"name":"Home","item":"https:\/\/elfsight.com\/de\/"},{"@type":"ListItem","position":2,"name":"Facebook Chat","item":"https:\/\/elfsight.com\/de\/facebook-chat-widget\/"},{"@type":"ListItem","position":3,"name":"Facebook Chat &#8211; jQuery"}]},{"@type":"WebSite","@id":"https:\/\/elfsight.com\/de\/#website","url":"https:\/\/elfsight.com\/de\/","name":"Elfsight DE","description":"Just another Elfsight Sites site","potentialAction":[{"@type":"SearchAction","target":{"@type":"EntryPoint","urlTemplate":"https:\/\/elfsight.com\/de\/?s={search_term_string}"},"query-input":{"@type":"PropertyValueSpecification","valueRequired":true,"valueName":"search_term_string"}}],"inLanguage":"de"}]}},"meta_box":{"industry":"","seo_heading":"","heading":"","description":"","cta_heading":"","cta_description":"","application":"480","h1":"jQuery Facebook-Chat-Plugin","h1_caption":"F\u00fcgen Sie Ihrer Website ein Facebook-Messenger-Chat-Plugin hinzu, das Benutzern eine einfache M\u00f6glichkeit bietet, Sie m\u00fchelos \u00fcber Ihre jQuery-Website zu kontaktieren.","application_category":[],"applications_title":"","applications_request_title":"","applications_request_button_text":"","hero_text":"","hero_video":"","hero_video_schema_markup":"","selling_points_title":"","selling_points_caption":"","selling_points":[],"selling_points_cta_text":"","features_title":"","features":"","ed_cta_examples_text":"","ed_cta_examples_hidden":"","ed_cta_demo_text":"","ed_cta_demo_hidden":"","why_caption":"","why_editor_title":"","why_editor_text":"","why_team_title":"","why_team_text":"","why_service_title":"","why_service_text":"","template_catalog_visible":"","template_catalog_title":"","template_catalog_text":"","template_catalog_categories_visible":"","demo_title":"Erstellen Sie Ihr Facebook-Chat-Plugin","demo_caption":"Konfigurieren Sie Ihren Facebook-Chat und f\u00fcgen Sie ihn kostenlos zu Ihrer jQuery-Website hinzu!","default_faq_hidden":"","app_template_category":[],"platform":"258","template_public_id":"","codecanyon_url":"","codecanyon_item_id":"","codecanyon_price":"","pricing_caption":"","pricing_elfsight_apps_hide_column":"","pricing_elfsight_apps_url":"","pricing_codecanyon_price_caption":"","integration_category":[],"integration_request_title":"","integration_request_cta":"","integration_platform":"","integrations":[],"platform_category":[],"video_schema_markup":"","price":"ab 0 $ \/ Monat","trial":"","benefits":[{"text":"Kostenlose Installationshilfe"},{"text":"Professioneller Kundenservice"},{"text":"14-t\u00e4gige Geld-zur\u00fcck-Garantie"},{"text":"Laufende kostenlose Updates"}],"button_url":"#demo","button_target_blank":"","button_nofollow":"","attributes":[{"name":"Installiert","content":"10,000 - 100,000"},{"name":"Reaktionsfreudig","content":"Ja"},{"name":"Kompatible Browser","content":"Firefox, Safari, Opera, Chrome, Edge"}],"tags":[],"tags_disable_links":"","hide_more_platforms":"","video_object":"","demo_hide_cta":"","demo_hide_cloud_options":"","pricing_title":"","pricing":[{"pricing_icon":"platform","pricing_title":"Elfsight Apps","pricing_title_caption":"Plattform\u00fcbergreifende Software","pricing_price":"ab 0 $ \/ Monat","pricing_price_caption":"Beginnen Sie mit einem kostenlosen Plan","pricing_benefits":[{"text":"Unbegrenzte Domains"},{"text":"Schnelle Unternehmensunterst\u00fctzung und gut dokumentiert"},{"text":"Kostenlose Installationsunterst\u00fctzung"},{"text":"100 % anpassbar"}],"pricing_button_text":"Zur Website hinzuf\u00fcgen","pricing_button_url":"#demo"}],"related_apps_title":"","related_apps_hidden":"","author":"","image":[],"title":"","job":"","social_networks":[]},"_links":{"self":[{"href":"https:\/\/elfsight.com\/de\/wp-json\/wp\/v2\/pages\/8724","targetHints":{"allow":["GET"]}}],"collection":[{"href":"https:\/\/elfsight.com\/de\/wp-json\/wp\/v2\/pages"}],"about":[{"href":"https:\/\/elfsight.com\/de\/wp-json\/wp\/v2\/types\/page"}],"author":[{"embeddable":true,"href":"https:\/\/elfsight.com\/de\/wp-json\/wp\/v2\/users\/9"}],"replies":[{"embeddable":true,"href":"https:\/\/elfsight.com\/de\/wp-json\/wp\/v2\/comments?post=8724"}],"version-history":[{"count":1,"href":"https:\/\/elfsight.com\/de\/wp-json\/wp\/v2\/pages\/8724\/revisions"}],"predecessor-version":[{"id":8728,"href":"https:\/\/elfsight.com\/de\/wp-json\/wp\/v2\/pages\/8724\/revisions\/8728"}],"up":[{"embeddable":true,"href":"https:\/\/elfsight.com\/de\/wp-json\/wp\/v2\/pages\/924"}],"wp:attachment":[{"href":"https:\/\/elfsight.com\/de\/wp-json\/wp\/v2\/media?parent=8724"}],"curies":[{"name":"wp","href":"https:\/\/api.w.org\/{rel}","templated":true}]}}