{"id":8723,"date":"2024-05-03T06:35:38","date_gmt":"2024-05-03T06:35:38","guid":{"rendered":"https:\/\/elfsight.com\/de\/?page_id=8723"},"modified":"2025-02-19T08:49:05","modified_gmt":"2025-02-19T08:49:05","slug":"html","status":"publish","type":"page","link":"https:\/\/elfsight.com\/de\/facebook-chat-widget\/html\/","title":{"rendered":"Facebook Chat &#8211; HTML"},"content":{"rendered":"\n<div class=\"application-platform-content-item-description application-platform-content-item\" id=\"description\" data-nav-section=\"description\"> <h2>Beschreibung<\/h2> <p>Der von Elfsight erstellte Facebook-Chat ist eine einfache Variante f\u00fcr Ihre Website-Kunden, um Ihnen eine Nachricht zu senden und diese zu nutzen Antworten auf ihre Fragen und W\u00fcnsche. Es steht Ihnen frei, den ganzen Tag \u00fcber online f\u00fcr Ihr Publikum in einem der beliebtesten Messenger verf\u00fcgbar zu sein. Betten Sie den Chat-Code auf der Webseite ein und er erscheint auf ausgew\u00e4hlten Seiten oder f\u00fcr bestimmte Zielgruppen. F\u00fcgen Sie Start-Chat-Trigger ein, schreiben Sie Ihre individuelle Willkommensnachricht, w\u00e4hlen Sie Symbole aus und vieles mehr. Durch die Verwendung des in die Website eingebetteten Facebook-Messengers bleiben Sie f\u00fcr Ihre Zuschauer jederzeit und unabh\u00e4ngig davon, wo Sie sich befinden, leicht erreichbar.<\/p> <div class=\"faq\" data-component=\"FAQ\"> <div class=\"faq-item\">\r\n\t\t\t\t\t<div class=\"faq-item-question\">\r\n\t\t\t\t\t\t<h3 class=\"faq-item-question-text\">Wo kann ich es installieren<\/h3>\r\n\r\n\t\t\t\t\t\t<div class=\"faq-item-question-icon\"><\/div>\r\n\t\t\t\t\t<\/div>\r\n\r\n\t\t\t\t\t<div class=\"faq-item-answer\">\r\n\t\t\t\t\t\t<div class=\"faq-item-answer-text\"> <p>Das Widget kann auf jeder Seite Ihrer Website angezeigt werden oder nur auf den Seiten, auf denen Sie es ben\u00f6tigen. Es ist auch m\u00f6glich, es auf ausgew\u00e4hlte Seiten zu beschr\u00e4nken, wenn Sie diese ohne den Chat w\u00fcnschen.<\/p> <\/div>\r\n\t\t\t\t\t<\/div>\r\n\t\t\t\t<\/div> <div class=\"faq-item\">\r\n\t\t\t\t\t<div class=\"faq-item-question\">\r\n\t\t\t\t\t\t<h3 class=\"faq-item-question-text\">Was sind die Vorteile dieses Plugins f\u00fcr mich?<\/h3>\r\n\r\n\t\t\t\t\t\t<div class=\"faq-item-question-icon\"><\/div>\r\n\t\t\t\t\t<\/div>\r\n\r\n\t\t\t\t\t<div class=\"faq-item-answer\">\r\n\t\t\t\t\t\t<div class=\"faq-item-answer-text\"> <p>Facebook Live Chat bietet Es ist f\u00fcr Ihre Besucher einfacher, sich mit ihren Fragen, W\u00fcnschen oder Problemen an Sie zu wenden. Dies kann dazu beitragen, die Anzahl der Leads und Verk\u00e4ufe zu steigern. Ein weiterer Vorteil besteht darin, dass die schnelle Reaktion und der pers\u00f6nliche Umgang mit den Menschen das Niveau Ihres Kundensupports verbessern. <\/p> <\/div>\r\n\t\t\t\t\t<\/div>\r\n\t\t\t\t<\/div> <div class=\"faq-item\">\r\n\t\t\t\t\t<div class=\"faq-item-question\">\r\n\t\t\t\t\t\t<h3 class=\"faq-item-question-text\">Was ben\u00f6tige ich, um Facebook Chat zu meiner HTML-Website hinzuzuf\u00fcgen? <\/h3>\r\n\r\n\t\t\t\t\t\t<div class=\"faq-item-question-icon\"><\/div>\r\n\t\t\t\t\t<\/div>\r\n\r\n\t\t\t\t\t<div class=\"faq-item-answer\">\r\n\t\t\t\t\t\t<div class=\"faq-item-answer-text\"> <p>Sie ben\u00f6tigen nur eine Minute, um das Widget betriebsbereit zu haben. Der Prozess ist extrem schnell, kostenlos und erfordert keine Programmierung. <\/p> <p>Sie k\u00f6nnen das Widget \u00fcber unseren Service f\u00fcr Ihre Webseite einrichten. Nutzen Sie dazu die Kurzbeschreibung unten auf dieser Seite. <\/p> <\/div>\r\n\t\t\t\t\t<\/div>\r\n\t\t\t\t<\/div> <\/div> <\/div> <div class=\"application-platform-content-item-features application-platform-content-item\" id=\"features\" data-nav-section=\"features\"> <h2>Funktionen<\/h2> <p>Um sich einen klaren \u00dcberblick \u00fcber die Facebook-Chatbox zu verschaffen, sehen Sie sich die Liste an wertvollsten Optionen. Sie machen das Widget f\u00fcr Sie maximal effizient:<\/p> <ol><li>Integrieren Sie den Facebook-Messenger in Ihrem Shop, um mit der Kundschaft in Kontakt zu bleiben; <\/li><li>Nachrichten direkt von Ihrem Facebook-Konto aus senden; <\/li><li>3 Optionen f\u00fcr den Chat-Standort: als schwebende Blase, eingebettete Blase und eingebettetes Chat-Fenster; <\/li><li> Finden Sie Ihre Blasensymbolvariante aus der Menge der verf\u00fcgbaren Symbole; <\/li><li>Geben Sie Ihren eindeutigen Text f\u00fcr die Chat-Blase ein. <\/li><\/ol><p><a href=\"#demo\">Weitere Funktionen finden Sie in der Live-Demo<\/a><\/p> <\/div> <div class=\"application-platform-content-item-installation application-platform-content-item\" id=\"installation\" data-nav-section=\"installation\"> <h2>Entdecken Sie, wie Sie den Facebook Messenger-Code zu Ihrer HTML-Website hinzuf\u00fcgen. Es ist schnell<\/h2><div class=\"video-container\"><iframe width=\"560\" height=\"315\" src=\"https:\/\/www.youtube.com\/embed\/YguUGtdzKKk?si=I4UvV1jCCdBfODQn\" frameborder=\"0\" allow=\"accelerometer; autoplay; clipboard-write; encrypted-media; gyroscope; picture-in-picture; web-share\" allowfullscreen><\/iframe><\/div><p>Ein paar einfache Schritte sind das Einzige, was Sie brauchen, um Chat zum Laufen zu bringen.<\/p><ul><li><b>Entwerfen Sie Ihren eigenes Chat-Plugin<\/b><br> Holen Sie sich mit unserem kostenlosen Konfigurator ein Plugin mit gew\u00fcnschtem Design und Funktionalit\u00e4t.<\/li><li><b>Holen Sie sich den individuellen Code zum Ver\u00f6ffentlichen des Plugins<\/b><br> Nachdem Sie Ihr Widget eingerichtet haben, erhalten Sie den eindeutigen Code aus dem erscheinenden Fenster von Elfsight Apps. Kopieren Sie den Code zur weiteren Verwendung.<\/li><li><b>Das Plugin auf Ihrer HTML-Website<\/b><br> W\u00e4hlen Sie den Bereich aus, in den Sie das Plugin integrieren m\u00f6chten, und f\u00fcgen Sie dort den kopierten Code ein. \u00dcbernehmen Sie die \u00c4nderungen.<\/li> <li><b>Die Einrichtung ist abgeschlossen<\/b><br> Besuchen Sie die Webseite, um Ihren Chat zu \u00fcberpr\u00fcfen.<\/li> <\/ul><p>Haben Sie immer noch Zweifel? Oder haben Sie Probleme? Mit nur einer einzigen Anfrage an unser Kundensupport-Team k\u00f6nnen alle Probleme gel\u00f6st werden.<\/p> <\/div>\n","protected":false},"excerpt":{"rendered":"","protected":false},"author":9,"featured_media":0,"parent":924,"menu_order":0,"comment_status":"closed","ping_status":"closed","template":"templates\/template-application-platform.php","meta":{"publish_to_discourse":"","publish_post_category":"","wpdc_auto_publish_overridden":"","wpdc_topic_tags":"","wpdc_pin_topic":"","wpdc_pin_until":"","discourse_post_id":"","discourse_permalink":"","wpdc_publishing_response":"","wpdc_publishing_error":"","footnotes":""},"class_list":["post-8723","page","type-page","status-publish","hentry"],"yoast_head":"<!-- This site is optimized with the Yoast SEO plugin v25.3.1 - https:\/\/yoast.com\/wordpress\/plugins\/seo\/ -->\n<title>Facebook-Chat \u2013 Messenger-Code zur HTML-Website hinzuf\u00fcgen (einfach und schnell)<\/title>\n<meta name=\"description\" content=\"Erstellen Sie mit Elfsight Ihr Facebook-Chat-Widget und ver\u00f6ffentlichen Sie es schnell auf der HTML-Website. Wir bieten kostenlosen Kundenservice und weitere Boni.\" \/>\n<meta name=\"robots\" content=\"index, follow, max-snippet:-1, max-image-preview:large, max-video-preview:-1\" \/>\n<link rel=\"canonical\" href=\"https:\/\/elfsight.com\/de\/facebook-chat-widget\/html\/\" \/>\n<meta property=\"og:locale\" content=\"de_DE\" \/>\n<meta property=\"og:type\" content=\"article\" \/>\n<meta property=\"og:title\" content=\"Facebook-Chat \u2013 Messenger-Code zur HTML-Website hinzuf\u00fcgen (einfach und schnell)\" \/>\n<meta property=\"og:description\" content=\"Erstellen Sie mit Elfsight Ihr Facebook-Chat-Widget und ver\u00f6ffentlichen Sie es schnell auf der HTML-Website. Wir bieten kostenlosen Kundenservice und weitere Boni.\" \/>\n<meta property=\"og:url\" content=\"https:\/\/elfsight.com\/de\/facebook-chat-widget\/html\/\" \/>\n<meta property=\"og:site_name\" content=\"Elfsight DE\" \/>\n<meta property=\"article:modified_time\" content=\"2025-02-19T08:49:05+00:00\" \/>\n<meta name=\"twitter:card\" content=\"summary_large_image\" \/>\n<meta name=\"twitter:label1\" content=\"Gesch\u00e4tzte Lesezeit\" \/>\n\t<meta name=\"twitter:data1\" content=\"3\u00a0Minuten\" \/>\n<!-- \/ Yoast SEO plugin. -->","yoast_head_json":{"title":"Facebook-Chat \u2013 Messenger-Code zur HTML-Website hinzuf\u00fcgen (einfach und schnell)","description":"Erstellen Sie mit Elfsight Ihr Facebook-Chat-Widget und ver\u00f6ffentlichen Sie es schnell auf der HTML-Website. Wir bieten kostenlosen Kundenservice und weitere Boni.","robots":{"index":"index","follow":"follow","max-snippet":"max-snippet:-1","max-image-preview":"max-image-preview:large","max-video-preview":"max-video-preview:-1"},"canonical":"https:\/\/elfsight.com\/de\/facebook-chat-widget\/html\/","og_locale":"de_DE","og_type":"article","og_title":"Facebook-Chat \u2013 Messenger-Code zur HTML-Website hinzuf\u00fcgen (einfach und schnell)","og_description":"Erstellen Sie mit Elfsight Ihr Facebook-Chat-Widget und ver\u00f6ffentlichen Sie es schnell auf der HTML-Website. Wir bieten kostenlosen Kundenservice und weitere Boni.","og_url":"https:\/\/elfsight.com\/de\/facebook-chat-widget\/html\/","og_site_name":"Elfsight DE","article_modified_time":"2025-02-19T08:49:05+00:00","twitter_card":"summary_large_image","twitter_misc":{"Gesch\u00e4tzte Lesezeit":"3\u00a0Minuten"},"schema":{"@context":"https:\/\/schema.org","@graph":[{"@type":"WebPage","@id":"https:\/\/elfsight.com\/de\/facebook-chat-widget\/html\/","url":"https:\/\/elfsight.com\/de\/facebook-chat-widget\/html\/","name":"Facebook-Chat \u2013 Messenger-Code zur HTML-Website hinzuf\u00fcgen (einfach und schnell)","isPartOf":{"@id":"https:\/\/elfsight.com\/de\/#website"},"datePublished":"2024-05-03T06:35:38+00:00","dateModified":"2025-02-19T08:49:05+00:00","description":"Erstellen Sie mit Elfsight Ihr Facebook-Chat-Widget und ver\u00f6ffentlichen Sie es schnell auf der HTML-Website. Wir bieten kostenlosen Kundenservice und weitere Boni.","breadcrumb":{"@id":"https:\/\/elfsight.com\/de\/facebook-chat-widget\/html\/#breadcrumb"},"inLanguage":"de","potentialAction":[{"@type":"ReadAction","target":["https:\/\/elfsight.com\/de\/facebook-chat-widget\/html\/"]}]},{"@type":"BreadcrumbList","@id":"https:\/\/elfsight.com\/de\/facebook-chat-widget\/html\/#breadcrumb","itemListElement":[{"@type":"ListItem","position":1,"name":"Home","item":"https:\/\/elfsight.com\/de\/"},{"@type":"ListItem","position":2,"name":"Facebook Chat","item":"https:\/\/elfsight.com\/de\/facebook-chat-widget\/"},{"@type":"ListItem","position":3,"name":"Facebook Chat &#8211; HTML"}]},{"@type":"WebSite","@id":"https:\/\/elfsight.com\/de\/#website","url":"https:\/\/elfsight.com\/de\/","name":"Elfsight DE","description":"Just another Elfsight Sites site","potentialAction":[{"@type":"SearchAction","target":{"@type":"EntryPoint","urlTemplate":"https:\/\/elfsight.com\/de\/?s={search_term_string}"},"query-input":{"@type":"PropertyValueSpecification","valueRequired":true,"valueName":"search_term_string"}}],"inLanguage":"de"}]}},"meta_box":{"industry":"","seo_heading":"","heading":"","description":"","cta_heading":"","cta_description":"","application":"480","h1":"HTML-Facebook-Messenger-Code","h1_caption":"F\u00fcgen Sie Ihrer Website ein Facebook-Messenger-Chat-Widget hinzu, das Benutzern eine einfache M\u00f6glichkeit bietet, Sie m\u00fchelos \u00fcber Ihre HTML-Website zu kontaktieren.","application_category":[],"applications_title":"","applications_request_title":"","applications_request_button_text":"","hero_text":"","hero_video":"","hero_video_schema_markup":"","selling_points_title":"","selling_points_caption":"","selling_points":[],"selling_points_cta_text":"","features_title":"","features":"","ed_cta_examples_text":"","ed_cta_examples_hidden":"","ed_cta_demo_text":"","ed_cta_demo_hidden":"","why_caption":"","why_editor_title":"","why_editor_text":"","why_team_title":"","why_team_text":"","why_service_title":"","why_service_text":"","template_catalog_visible":"0","template_catalog_title":"","template_catalog_text":"","template_catalog_categories_visible":"","demo_title":"Erstellen Sie Ihr Facebook-Chat-Widget","demo_caption":"Konfigurieren Sie Ihren Facebook-Chat und f\u00fcgen Sie ihn kostenlos zu Ihrer HTML-Website hinzu!","default_faq_hidden":"","app_template_category":[],"platform":"260","template_public_id":"","codecanyon_url":"","codecanyon_item_id":"","codecanyon_price":"","pricing_caption":"","pricing_elfsight_apps_hide_column":"","pricing_elfsight_apps_url":"","pricing_codecanyon_price_caption":"","integration_category":[],"integration_request_title":"","integration_request_cta":"","integration_platform":"","integrations":[],"platform_category":[],"video_schema_markup":"","price":"ab 0 $ \/ Monat","trial":"","benefits":[{"text":"Kostenloser Installationsservice"},{"text":"Effektiver Kundensupport"},{"text":"14-t\u00e4gige R\u00fcckerstattungsgarantie"},{"text":"St\u00e4ndige Aktualisierung"}],"button_url":"#demo","button_target_blank":"0","button_nofollow":"0","attributes":[{"name":"Installiert","content":"10,000 - 100,000"},{"name":"Reaktionsfreudig","content":"Ja"},{"name":"Kompatible Browser","content":"Firefox, Safari, Opera, Chrome, Edge"}],"tags":[],"tags_disable_links":"0","hide_more_platforms":"0","video_object":"","demo_hide_cta":"0","demo_hide_cloud_options":"0","pricing_title":"","pricing":[{"pricing_icon":"platform","pricing_title":"Elfsight Apps","pricing_title_caption":"Multiplattform-Software","pricing_price":"ab 0 $ \/ Monat","pricing_price_caption":"Beginnen Sie mit einem kostenlosen Plan","pricing_benefits":[{"text":"Unbegrenzte Websites"},{"text":"Professionelle Unterst\u00fctzung und gut dokumentiert"},{"text":"Kostenlose Installationshilfe"},{"text":"Tolles Angebot f\u00fcr mehrere Apps"}],"pricing_button_text":"Zur Website hinzuf\u00fcgen","pricing_button_url":"#demo"}],"related_apps_title":"","related_apps_hidden":"0","author":"","image":[],"title":"","job":"","social_networks":[]},"_links":{"self":[{"href":"https:\/\/elfsight.com\/de\/wp-json\/wp\/v2\/pages\/8723","targetHints":{"allow":["GET"]}}],"collection":[{"href":"https:\/\/elfsight.com\/de\/wp-json\/wp\/v2\/pages"}],"about":[{"href":"https:\/\/elfsight.com\/de\/wp-json\/wp\/v2\/types\/page"}],"author":[{"embeddable":true,"href":"https:\/\/elfsight.com\/de\/wp-json\/wp\/v2\/users\/9"}],"replies":[{"embeddable":true,"href":"https:\/\/elfsight.com\/de\/wp-json\/wp\/v2\/comments?post=8723"}],"version-history":[{"count":3,"href":"https:\/\/elfsight.com\/de\/wp-json\/wp\/v2\/pages\/8723\/revisions"}],"predecessor-version":[{"id":24401,"href":"https:\/\/elfsight.com\/de\/wp-json\/wp\/v2\/pages\/8723\/revisions\/24401"}],"up":[{"embeddable":true,"href":"https:\/\/elfsight.com\/de\/wp-json\/wp\/v2\/pages\/924"}],"wp:attachment":[{"href":"https:\/\/elfsight.com\/de\/wp-json\/wp\/v2\/media?parent=8723"}],"curies":[{"name":"wp","href":"https:\/\/api.w.org\/{rel}","templated":true}]}}