{"id":8721,"date":"2024-05-03T06:35:36","date_gmt":"2024-05-03T06:35:36","guid":{"rendered":"https:\/\/elfsight.com\/de\/?page_id=8721"},"modified":"2025-07-08T10:36:25","modified_gmt":"2025-07-08T10:36:25","slug":"joomla","status":"publish","type":"page","link":"https:\/\/elfsight.com\/de\/facebook-chat-widget\/joomla\/","title":{"rendered":"Facebook Chat &#8211; Joomla"},"content":{"rendered":"<div class=\"application-platform-content-item-description application-platform-content-item\" id=\"description\" data-nav-section=\"description\"> <h2>Beschreibung<\/h2> <p>Mit dem von Elfsight entwickelten Facebook-Chat kann Ihr Website-Publikum am schnellsten seine Nachrichten an Sie senden und erhalten Fragen beantwortet. Sie k\u00f6nnen im beliebtesten Messenger jederzeit online f\u00fcr Ihre Kunden erreichbar bleiben. Betten Sie die Live-Chat-Box in Ihren Shop ein und stellen Sie sie so ein, dass sie auf bestimmten Seiten oder f\u00fcr ausgew\u00e4hlte Zielgruppenkategorien angezeigt wird, w\u00e4hlen Sie Start-Chat-Ausl\u00f6ser, geben Sie Ihre individuelle Willkommensnachricht ein, legen Sie Symbole fest und nehmen Sie andere Anpassungen vor. Wenn der Facebook-Messenger auf der Webseite installiert ist, bleiben Sie jederzeit und unabh\u00e4ngig von Ihrem Aufenthaltsort mit Ihren Kunden in Kontakt. <\/p> <div class=\"faq\" data-component=\"FAQ\"> <div class=\"faq-item\">\r\n\t\t\t\t\t<div class=\"faq-item-question\">\r\n\t\t\t\t\t\t<h3 class=\"faq-item-question-text\">Wo kann ich den Facebook-Messenger-Chat ver\u00f6ffentlichen<\/h3>\r\n\r\n\t\t\t\t\t\t<div class=\"faq-item-question-icon\"><\/div>\r\n\t\t\t\t\t<\/div>\r\n\r\n\t\t\t\t\t<div class=\"faq-item-answer\">\r\n\t\t\t\t\t\t<div class=\"faq-item-answer-text\"> <p>Das Widget kann auf jeder Seite Ihrer Website oder nur auf ausgew\u00e4hlten Seiten angezeigt werden. Es ist auch m\u00f6glich, den Chat auf bestimmte Seiten zu beschr\u00e4nken, auf denen Sie den Chat nicht ben\u00f6tigen. <\/p> <\/div>\r\n\t\t\t\t\t<\/div>\r\n\t\t\t\t<\/div> <div class=\"faq-item\">\r\n\t\t\t\t\t<div class=\"faq-item-question\">\r\n\t\t\t\t\t\t<h3 class=\"faq-item-question-text\">Welche Vorteile bringt es mir? <\/h3>\r\n\r\n\t\t\t\t\t\t<div class=\"faq-item-question-icon\"><\/div>\r\n\t\t\t\t\t<\/div>\r\n\r\n\t\t\t\t\t<div class=\"faq-item-answer\">\r\n\t\t\t\t\t\t<div class=\"faq-item-answer-text\"> <p>Es wird dazu beitragen, dass mehr Zielgruppen mit ihren Fragen und W\u00fcnschen oder Problemen Kontakt zu Ihnen aufnehmen. Dies kann dazu beitragen, die Anzahl der Leads und Verk\u00e4ufe zu steigern. Dar\u00fcber hinaus steigern schnelle Antworten und ein pers\u00f6nlicher Umgang mit den Menschen die Qualit\u00e4t Ihrer Kundenbeziehungen. <\/p> <\/div>\r\n\t\t\t\t\t<\/div>\r\n\t\t\t\t<\/div> <div class=\"faq-item\">\r\n\t\t\t\t\t<div class=\"faq-item-question\">\r\n\t\t\t\t\t\t<h3 class=\"faq-item-question-text\">Wie installiere ich Facebook Chat auf meiner Joomla-Website? <\/h3>\r\n\r\n\t\t\t\t\t\t<div class=\"faq-item-question-icon\"><\/div>\r\n\t\t\t\t\t<\/div>\r\n\r\n\t\t\t\t\t<div class=\"faq-item-answer\">\r\n\t\t\t\t\t\t<div class=\"faq-item-answer-text\"> <p>Sie ben\u00f6tigen nur eine Minute Ihrer Zeit, um das Widget zum Laufen zu bringen. Die Installation ist extrem schnell, kostenlos und erfordert keine Programmierung. <\/p> <p>Das Widget kann direkt auf unserem Service oder auf dem Marktplatz integriert werden. Sie k\u00f6nnen alle Details der beiden Optionen vergleichen und eine passendere ausw\u00e4hlen. <\/p> <\/div>\r\n\t\t\t\t\t<\/div>\r\n\t\t\t\t<\/div> <\/div> <\/div> <div class=\"application-platform-content-item-features application-platform-content-item\" id=\"features\" data-nav-section=\"features\"> <h2>Funktionen<\/h2> <p>Um die Funktionalit\u00e4t von Facebook Chat zu verstehen, sehen Sie sich die Liste an Hauptmerkmale. Sie machen dieses Widget f\u00fcr Ihre Werbung unglaublich effizient: <\/p> <ul><li>F\u00fcgen Sie den Facebook-Live-Messenger auf Ihrer Website hinzu, um die Kommunikation mit Kunden aufzubauen; <\/li><li>Antworten direkt von Ihrem Facebook-Konto aus; <\/li><li>W\u00e4hlen Sie zwischen drei Optionen f\u00fcr den Chat-Standort: schwebende Blase, eingebettete Blase und eingebettetes Chat-Fenster; <\/li><li>Entdecken Sie eine Sammlung von Blasensymbolen zum Mitnehmen| W\u00e4hlen Sie Ihre Blasensymbolvariante in der Bibliothek der verf\u00fcgbaren Symbole aus; <\/li><li>Bearbeiten Sie den Text der Chat-Blase. <\/li><\/ul><p><a href=\"#demo\">Unsere Demo \u00f6ffnet Ihnen alle Funktionen<\/a><\/p> <\/div> <div class=\"application-platform-content-item-installation application-platform-content-item\" id=\"installation\" data-nav-section=\"installation\"> <h2>So betten Sie den Facebook-Chat in Ihre Joomla-Website ein<\/h2> <p>Befolgen Sie einfach die nachstehenden Anweisungen, um mit der Arbeit mit dem Facebook-Chat auf Joomla zu beginnen.<\/p> <ol><li><b>Benutzen Sie unseren kostenlosen Editor und beginnen Sie mit der Gestaltung Ihrer individuellen Erweiterung. <\/b><br> Bestimmen Sie das bevorzugte Design und die Spezifikationen des Widgets und speichern Sie die \u00c4nderungen. <\/li> <li><b>Sie erhalten Ihren einzigartigen Code, der in der Box von Elfsight Apps angezeigt wird. <\/b><br> Nachdem die Anpassung Ihres Plugins abgeschlossen ist, kopieren Sie den einzelnen Code aus dem angezeigten Feld und bewahren Sie ihn zur weiteren Verwendung auf. <\/li> <li><b>Beginnen Sie mit der Verwendung der Erweiterung auf der Joomla-Site. <\/b><br> F\u00fcgen Sie den zuvor gespeicherten Code in Ihre Website ein und speichern Sie die \u00c4nderungen. <\/li> <li><b>Fertig! Die Einrichtung ist erfolgreich abgeschlossen. <\/b><br> Besuchen Sie Ihre Website, um zu sehen, wie das Tool funktioniert. <\/li><\/ol><p>Sie k\u00f6nnen sich immer noch nicht entscheiden? Oder \u00fcber irgendetwas gestolpert? Richten Sie Ihre Anfrage einfach an unser Kundensupport-Team, das Ihnen bei allen Anliegen weiterhilft. <\/p> <\/div>","protected":false},"excerpt":{"rendered":"","protected":false},"author":9,"featured_media":0,"parent":924,"menu_order":0,"comment_status":"closed","ping_status":"closed","template":"templates\/template-application-platform.php","meta":{"publish_to_discourse":"","publish_post_category":"","wpdc_auto_publish_overridden":"","wpdc_topic_tags":"","wpdc_pin_topic":"","wpdc_pin_until":"","discourse_post_id":"","discourse_permalink":"","wpdc_publishing_response":"","wpdc_publishing_error":"","footnotes":""},"class_list":["post-8721","page","type-page","status-publish","hentry"],"yoast_head":"<!-- This site is optimized with the Yoast SEO plugin v25.3.1 - https:\/\/yoast.com\/wordpress\/plugins\/seo\/ -->\n<title>Facebook-Chat \u2013 Messenger-Erweiterung zur Joomla-Website hinzuf\u00fcgen (in 2 Minuten)<\/title>\n<meta name=\"description\" content=\"Es ist ganz einfach, Ihre Facebook-Chat-Erweiterung zu erstellen und auf Ihrer Joomla-Website zu platzieren. Der Elfsight-Kundensupport ist kostenlos.\" \/>\n<meta name=\"robots\" content=\"index, follow, max-snippet:-1, max-image-preview:large, max-video-preview:-1\" \/>\n<link rel=\"canonical\" href=\"https:\/\/elfsight.com\/de\/facebook-chat-widget\/joomla\/\" \/>\n<meta property=\"og:locale\" content=\"de_DE\" \/>\n<meta property=\"og:type\" content=\"article\" \/>\n<meta property=\"og:title\" content=\"Facebook-Chat \u2013 Messenger-Erweiterung zur Joomla-Website hinzuf\u00fcgen (in 2 Minuten)\" \/>\n<meta property=\"og:description\" content=\"Es ist ganz einfach, Ihre Facebook-Chat-Erweiterung zu erstellen und auf Ihrer Joomla-Website zu platzieren. Der Elfsight-Kundensupport ist kostenlos.\" \/>\n<meta property=\"og:url\" content=\"https:\/\/elfsight.com\/de\/facebook-chat-widget\/joomla\/\" \/>\n<meta property=\"og:site_name\" content=\"Elfsight DE\" \/>\n<meta property=\"article:modified_time\" content=\"2025-07-08T10:36:25+00:00\" \/>\n<meta name=\"twitter:card\" content=\"summary_large_image\" \/>\n<meta name=\"twitter:label1\" content=\"Gesch\u00e4tzte Lesezeit\" \/>\n\t<meta name=\"twitter:data1\" content=\"3\u00a0Minuten\" \/>\n<!-- \/ Yoast SEO plugin. -->","yoast_head_json":{"title":"Facebook-Chat \u2013 Messenger-Erweiterung zur Joomla-Website hinzuf\u00fcgen (in 2 Minuten)","description":"Es ist ganz einfach, Ihre Facebook-Chat-Erweiterung zu erstellen und auf Ihrer Joomla-Website zu platzieren. Der Elfsight-Kundensupport ist kostenlos.","robots":{"index":"index","follow":"follow","max-snippet":"max-snippet:-1","max-image-preview":"max-image-preview:large","max-video-preview":"max-video-preview:-1"},"canonical":"https:\/\/elfsight.com\/de\/facebook-chat-widget\/joomla\/","og_locale":"de_DE","og_type":"article","og_title":"Facebook-Chat \u2013 Messenger-Erweiterung zur Joomla-Website hinzuf\u00fcgen (in 2 Minuten)","og_description":"Es ist ganz einfach, Ihre Facebook-Chat-Erweiterung zu erstellen und auf Ihrer Joomla-Website zu platzieren. Der Elfsight-Kundensupport ist kostenlos.","og_url":"https:\/\/elfsight.com\/de\/facebook-chat-widget\/joomla\/","og_site_name":"Elfsight DE","article_modified_time":"2025-07-08T10:36:25+00:00","twitter_card":"summary_large_image","twitter_misc":{"Gesch\u00e4tzte Lesezeit":"3\u00a0Minuten"},"schema":{"@context":"https:\/\/schema.org","@graph":[{"@type":"WebPage","@id":"https:\/\/elfsight.com\/de\/facebook-chat-widget\/joomla\/","url":"https:\/\/elfsight.com\/de\/facebook-chat-widget\/joomla\/","name":"Facebook-Chat \u2013 Messenger-Erweiterung zur Joomla-Website hinzuf\u00fcgen (in 2 Minuten)","isPartOf":{"@id":"https:\/\/elfsight.com\/de\/#website"},"datePublished":"2024-05-03T06:35:36+00:00","dateModified":"2025-07-08T10:36:25+00:00","description":"Es ist ganz einfach, Ihre Facebook-Chat-Erweiterung zu erstellen und auf Ihrer Joomla-Website zu platzieren. Der Elfsight-Kundensupport ist kostenlos.","breadcrumb":{"@id":"https:\/\/elfsight.com\/de\/facebook-chat-widget\/joomla\/#breadcrumb"},"inLanguage":"de","potentialAction":[{"@type":"ReadAction","target":["https:\/\/elfsight.com\/de\/facebook-chat-widget\/joomla\/"]}]},{"@type":"BreadcrumbList","@id":"https:\/\/elfsight.com\/de\/facebook-chat-widget\/joomla\/#breadcrumb","itemListElement":[{"@type":"ListItem","position":1,"name":"Home","item":"https:\/\/elfsight.com\/de\/"},{"@type":"ListItem","position":2,"name":"Facebook Chat","item":"https:\/\/elfsight.com\/de\/facebook-chat-widget\/"},{"@type":"ListItem","position":3,"name":"Facebook Chat &#8211; Joomla"}]},{"@type":"WebSite","@id":"https:\/\/elfsight.com\/de\/#website","url":"https:\/\/elfsight.com\/de\/","name":"Elfsight DE","description":"Just another Elfsight Sites site","potentialAction":[{"@type":"SearchAction","target":{"@type":"EntryPoint","urlTemplate":"https:\/\/elfsight.com\/de\/?s={search_term_string}"},"query-input":{"@type":"PropertyValueSpecification","valueRequired":true,"valueName":"search_term_string"}}],"inLanguage":"de"}]}},"meta_box":{"industry":"","seo_heading":"","heading":"","description":"","cta_heading":"","cta_description":"","application":"480","h1":"Joomla Facebook-Chat-Erweiterung","h1_caption":"F\u00fcgen Sie Ihrer Website eine Facebook-Messenger-Chat-Erweiterung hinzu, die Benutzern eine einfache M\u00f6glichkeit bietet, Sie m\u00fchelos \u00fcber Ihre Joomla-Website zu kontaktieren.","application_category":[],"applications_title":"","applications_request_title":"","applications_request_button_text":"","hero_text":"","hero_video":"","hero_video_schema_markup":"","selling_points_title":"","selling_points_caption":"","selling_points":[],"selling_points_cta_text":"","features_title":"","features":"","ed_cta_examples_text":"","ed_cta_examples_hidden":"","ed_cta_demo_text":"","ed_cta_demo_hidden":"","why_caption":"","why_editor_title":"","why_editor_text":"","why_team_title":"","why_team_text":"","why_service_title":"","why_service_text":"","template_catalog_visible":"","template_catalog_title":"","template_catalog_text":"","template_catalog_categories_visible":"","demo_title":"Erstellen Sie Ihr Facebook-Chat-Plugin","demo_caption":"Konfigurieren Sie Ihren Facebook-Chat und f\u00fcgen Sie ihn kostenlos zu Ihrer Joomla-Website hinzu!","default_faq_hidden":"","app_template_category":[],"platform":"259","template_public_id":"","codecanyon_url":"","codecanyon_item_id":"","codecanyon_price":"","pricing_caption":"","pricing_elfsight_apps_hide_column":"","pricing_elfsight_apps_url":"","pricing_codecanyon_price_caption":"","integration_category":[],"integration_request_title":"","integration_request_cta":"","integration_platform":"","integrations":[],"platform_category":[],"video_schema_markup":"","price":"ab 0 $ \/ Monat","trial":"","benefits":[{"text":"Kostenloser Installationsservice"},{"text":"Kompetenter Kundenservice"},{"text":"14-t\u00e4gige R\u00fcckerstattungsgarantie"},{"text":"Lebenslange Verbesserungen"}],"button_url":"#demo","button_target_blank":"","button_nofollow":"","attributes":[{"name":"Installiert","content":"10,000 - 100,000"},{"name":"Reaktionsfreudig","content":"Ja"},{"name":"Kompatible Browser","content":"IE11, Firefox, Safari, Opera, Chrome, Edge"}],"tags":[],"tags_disable_links":"","hide_more_platforms":"","video_object":"","demo_hide_cta":"","demo_hide_cloud_options":"","pricing_title":"","pricing":[{"pricing_icon":"platform","pricing_title":"Elfsight Apps","pricing_title_caption":"Multiplattform-L\u00f6sung, die auf jeder Website funktioniert","pricing_price":"ab 0 $ \/ Monat","pricing_price_caption":"Beginnen Sie mit einem kostenlosen Plan","pricing_benefits":[{"text":"Unbegrenzte Websites"},{"text":"Erstklassiger und p\u00fcnktlicher Support und gut dokumentiert"},{"text":"Kostenloser Installationsservice"},{"text":"Preis f\u00fcr mehrere Apps"}],"pricing_button_text":"Zur Website hinzuf\u00fcgen","pricing_button_url":"#demo"}],"related_apps_title":"","related_apps_hidden":"","author":"","image":[],"title":"","job":"","social_networks":[]},"_links":{"self":[{"href":"https:\/\/elfsight.com\/de\/wp-json\/wp\/v2\/pages\/8721","targetHints":{"allow":["GET"]}}],"collection":[{"href":"https:\/\/elfsight.com\/de\/wp-json\/wp\/v2\/pages"}],"about":[{"href":"https:\/\/elfsight.com\/de\/wp-json\/wp\/v2\/types\/page"}],"author":[{"embeddable":true,"href":"https:\/\/elfsight.com\/de\/wp-json\/wp\/v2\/users\/9"}],"replies":[{"embeddable":true,"href":"https:\/\/elfsight.com\/de\/wp-json\/wp\/v2\/comments?post=8721"}],"version-history":[{"count":2,"href":"https:\/\/elfsight.com\/de\/wp-json\/wp\/v2\/pages\/8721\/revisions"}],"predecessor-version":[{"id":21510,"href":"https:\/\/elfsight.com\/de\/wp-json\/wp\/v2\/pages\/8721\/revisions\/21510"}],"up":[{"embeddable":true,"href":"https:\/\/elfsight.com\/de\/wp-json\/wp\/v2\/pages\/924"}],"wp:attachment":[{"href":"https:\/\/elfsight.com\/de\/wp-json\/wp\/v2\/media?parent=8721"}],"curies":[{"name":"wp","href":"https:\/\/api.w.org\/{rel}","templated":true}]}}