{"id":8715,"date":"2024-05-03T06:35:34","date_gmt":"2024-05-03T06:35:34","guid":{"rendered":"https:\/\/elfsight.com\/de\/?page_id=8715"},"modified":"2025-07-08T10:37:07","modified_gmt":"2025-07-08T10:37:07","slug":"webnode","status":"publish","type":"page","link":"https:\/\/elfsight.com\/de\/facebook-chat-widget\/webnode\/","title":{"rendered":"Facebook Chat &#8211; Webnode"},"content":{"rendered":"<div class=\"application-platform-content-item-description application-platform-content-item\" id=\"description\" data-nav-section=\"description\"> <h2>Beschreibung<\/h2> <p>Die von Elfsight erstellte Facebook-Chatbox ist f\u00fcr Ihre Website-Benutzer die einfachste M\u00f6glichkeit, Sie zu kontaktieren und Antworten zu erhalten ihre Fragen. Seien Sie im Lieblings-Messenger jederzeit live f\u00fcr Ihre Besucher erreichbar. Integrieren Sie Live-Chat auf Ihrer Webseite und dieser wird auf bestimmten Seiten oder f\u00fcr bestimmte Kundengruppen angezeigt, richten Sie Start-Chat-Ausl\u00f6ser ein, verfassen Sie Ihre individuelle Willkommensnachricht, \u00e4ndern Sie Symbole und tun Sie mehr. Mit dem Facebook-Messenger sind Sie f\u00fcr Ihre Leute jederzeit und von jedem Ort aus leicht erreichbar. <\/p> <div class=\"faq\" data-component=\"FAQ\"> <div class=\"faq-item\">\r\n\t\t\t\t\t<div class=\"faq-item-question\">\r\n\t\t\t\t\t\t<h3 class=\"faq-item-question-text\">Wo auf meiner Website kann ich den Facebook-Chat anzeigen<\/h3>\r\n\r\n\t\t\t\t\t\t<div class=\"faq-item-question-icon\"><\/div>\r\n\t\t\t\t\t<\/div>\r\n\r\n\t\t\t\t\t<div class=\"faq-item-answer\">\r\n\t\t\t\t\t\t<div class=\"faq-item-answer-text\"> <p>Facebook-Live-Chat kann auf jeder einzelnen Seite Ihrer Website oder nur auf den von Ihnen ausgew\u00e4hlten Seiten angezeigt werden. Eine andere M\u00f6glichkeit besteht darin, bestimmte Seiten auszuschlie\u00dfen, wenn Sie sie ohne Chat w\u00fcnschen. <\/p> <\/div>\r\n\t\t\t\t\t<\/div>\r\n\t\t\t\t<\/div> <div class=\"faq-item\">\r\n\t\t\t\t\t<div class=\"faq-item-question\">\r\n\t\t\t\t\t\t<h3 class=\"faq-item-question-text\">Welche Vorteile bringt es mir? <\/h3>\r\n\r\n\t\t\t\t\t\t<div class=\"faq-item-question-icon\"><\/div>\r\n\t\t\t\t\t<\/div>\r\n\r\n\t\t\t\t\t<div class=\"faq-item-answer\">\r\n\t\t\t\t\t\t<div class=\"faq-item-answer-text\"> <p>Mit diesem Plugin k\u00f6nnen Kunden ganz einfach ihre Anfragen oder Probleme an Sie senden. Dadurch k\u00f6nnen Sie die Anzahl der Leads und K\u00e4ufe steigern. Dar\u00fcber hinaus steigern schnelle Antworten und ein personalisierter Umgang mit den Menschen das Niveau Ihrer Kundenbeziehungen. <\/p> <\/div>\r\n\t\t\t\t\t<\/div>\r\n\t\t\t\t<\/div> <div class=\"faq-item\">\r\n\t\t\t\t\t<div class=\"faq-item-question\">\r\n\t\t\t\t\t\t<h3 class=\"faq-item-question-text\">Wie kann ich den Facebook-Messenger auf meiner Website installieren? <\/h3>\r\n\r\n\t\t\t\t\t\t<div class=\"faq-item-question-icon\"><\/div>\r\n\t\t\t\t\t<\/div>\r\n\r\n\t\t\t\t\t<div class=\"faq-item-answer\">\r\n\t\t\t\t\t\t<div class=\"faq-item-answer-text\"> <p>Sie ben\u00f6tigen nur drei Minuten Ihrer Zeit, um mit der Nutzung des Widgets zu beginnen. Das Hinzuf\u00fcgen erfolgt sehr schnell, kostenlos und ohne Programmieraufwand. <\/p> <p>Elfsight Facebook Chat kann \u00fcber unseren Dienst oder \u00fcber den Marktplatz eingerichtet werden. Hier k\u00f6nnen Sie alle Details der beiden Optionen vergleichen und Ihre ausw\u00e4hlen. <\/p> <\/div>\r\n\t\t\t\t\t<\/div>\r\n\t\t\t\t<\/div> <\/div> <\/div><div class=\"application-platform-content-item-features application-platform-content-item\" id=\"features\" data-nav-section=\"features\"> <h2>Funktionen<\/h2> <p>Um ein klares Verst\u00e4ndnis der Facebook-Chatbox zu erhalten, k\u00f6nnen Sie nachschauen durch die Liste der prim\u00e4ren Merkmale. Sie machen dieses Widget f\u00fcr Sie maximal effektiv: <\/p> <ul><li>Platzieren Sie den Facebook-Messenger auf Ihrer Website, um Live-Chats mit anderen zu f\u00fchren;<\/li><li>Chatten Sie direkt von Ihrer Facebook-Seite aus;<\/li><li>W\u00e4hlen Sie eine von drei Optionen f\u00fcr den Chat-Standort: als schwebende Blase, eingebettete Blase und eingebettetes Chat-Fenster;<\/li><li> W\u00e4hlen Sie Ihr Blasensymbol aus unserer Sammlung; <\/li><li>Bearbeiten Sie den Text der Chat-Blase.<\/li><\/ul><p><a href=\"#demo\">Eine vollst\u00e4ndige Liste der Funktionen finden Sie in unserer Demo<\/a><\/p> <\/div><div class=\"application-platform-content-item-installation application-platform-content-item\" id=\"installation\" data-nav-section=\"installation\"> <h2>So betten Sie den Facebook-Chat auf Ihrer Webnode-Site ein. Es geht unkompliziert und schnell.<\/h2> <p>Die folgenden Schritte sind das Einzige, was Sie brauchen, um den Messenger zu aktivieren. <\/p> <ol><li><b>Erstellen Sie Ihr individuelles Chat-Plugin<\/b><br> Richten Sie mit unserem kostenlosen Konfigurator ein Plugin mit individueller Oberfl\u00e4che und Funktionen ein. <\/li><li><b>Erhalten Sie den pers\u00f6nlichen Code zum Anzeigen des Plugins<\/b><br> Nachdem Sie Ihr Widget konfiguriert haben, erhalten Sie den eindeutigen Code aus der Popup-Benachrichtigung auf Elfsight Apps. Kopieren Sie den Code.<\/li> <li><b>Integrieren Sie das Plugin in Ihre Website<\/b><br> W\u00e4hlen Sie den Bereich aus, in den Sie das Plugin einbetten m\u00f6chten, und f\u00fcgen Sie dort den gespeicherten Code ein. Wenden Sie die Ergebnisse an.<\/li> <li><b>Fertig! <\/b><br> Besuchen Sie Ihre Webseite, um einen Blick auf Ihre Arbeit zu werfen.<\/li> <\/ol><p>Immer noch unruhig? Oder haben Sie Anfragen? Senden Sie einfach eine Anfrage an unseren Kundendienst. Wir werden jedes Problem l\u00f6sen. <\/p> <\/div>","protected":false},"excerpt":{"rendered":"","protected":false},"author":9,"featured_media":0,"parent":924,"menu_order":0,"comment_status":"closed","ping_status":"closed","template":"templates\/template-application-platform.php","meta":{"publish_to_discourse":"","publish_post_category":"","wpdc_auto_publish_overridden":"","wpdc_topic_tags":"","wpdc_pin_topic":"","wpdc_pin_until":"","discourse_post_id":"","discourse_permalink":"","wpdc_publishing_response":"","wpdc_publishing_error":"","footnotes":""},"class_list":["post-8715","page","type-page","status-publish","hentry"],"yoast_head":"<!-- This site is optimized with the Yoast SEO plugin v25.3.1 - https:\/\/yoast.com\/wordpress\/plugins\/seo\/ -->\n<title>Facebook-Chat \u2013 Messenger zur Webnode-Website hinzuf\u00fcgen (2025)<\/title>\n<meta name=\"description\" content=\"Erstellen Sie mit Elfsight Ihren Facebook-Chat und zeigen Sie ihn im Handumdrehen auf Ihrer Webnode-Website. Wir bieten kostenlosen Kundensupport und andere Boni.\" \/>\n<meta name=\"robots\" content=\"index, follow, max-snippet:-1, max-image-preview:large, max-video-preview:-1\" \/>\n<link rel=\"canonical\" href=\"https:\/\/elfsight.com\/de\/facebook-chat-widget\/webnode\/\" \/>\n<meta property=\"og:locale\" content=\"de_DE\" \/>\n<meta property=\"og:type\" content=\"article\" \/>\n<meta property=\"og:title\" content=\"Facebook-Chat \u2013 Messenger zur Webnode-Website hinzuf\u00fcgen (2025)\" \/>\n<meta property=\"og:description\" content=\"Erstellen Sie mit Elfsight Ihren Facebook-Chat und zeigen Sie ihn im Handumdrehen auf Ihrer Webnode-Website. Wir bieten kostenlosen Kundensupport und andere Boni.\" \/>\n<meta property=\"og:url\" content=\"https:\/\/elfsight.com\/de\/facebook-chat-widget\/webnode\/\" \/>\n<meta property=\"og:site_name\" content=\"Elfsight DE\" \/>\n<meta property=\"article:modified_time\" content=\"2025-07-08T10:37:07+00:00\" \/>\n<meta name=\"twitter:card\" content=\"summary_large_image\" \/>\n<meta name=\"twitter:label1\" content=\"Gesch\u00e4tzte Lesezeit\" \/>\n\t<meta name=\"twitter:data1\" content=\"3\u00a0Minuten\" \/>\n<!-- \/ Yoast SEO plugin. -->","yoast_head_json":{"title":"Facebook-Chat \u2013 Messenger zur Webnode-Website hinzuf\u00fcgen (2025)","description":"Erstellen Sie mit Elfsight Ihren Facebook-Chat und zeigen Sie ihn im Handumdrehen auf Ihrer Webnode-Website. Wir bieten kostenlosen Kundensupport und andere Boni.","robots":{"index":"index","follow":"follow","max-snippet":"max-snippet:-1","max-image-preview":"max-image-preview:large","max-video-preview":"max-video-preview:-1"},"canonical":"https:\/\/elfsight.com\/de\/facebook-chat-widget\/webnode\/","og_locale":"de_DE","og_type":"article","og_title":"Facebook-Chat \u2013 Messenger zur Webnode-Website hinzuf\u00fcgen (2025)","og_description":"Erstellen Sie mit Elfsight Ihren Facebook-Chat und zeigen Sie ihn im Handumdrehen auf Ihrer Webnode-Website. Wir bieten kostenlosen Kundensupport und andere Boni.","og_url":"https:\/\/elfsight.com\/de\/facebook-chat-widget\/webnode\/","og_site_name":"Elfsight DE","article_modified_time":"2025-07-08T10:37:07+00:00","twitter_card":"summary_large_image","twitter_misc":{"Gesch\u00e4tzte Lesezeit":"3\u00a0Minuten"},"schema":{"@context":"https:\/\/schema.org","@graph":[{"@type":"WebPage","@id":"https:\/\/elfsight.com\/de\/facebook-chat-widget\/webnode\/","url":"https:\/\/elfsight.com\/de\/facebook-chat-widget\/webnode\/","name":"Facebook-Chat \u2013 Messenger zur Webnode-Website hinzuf\u00fcgen (2025)","isPartOf":{"@id":"https:\/\/elfsight.com\/de\/#website"},"datePublished":"2024-05-03T06:35:34+00:00","dateModified":"2025-07-08T10:37:07+00:00","description":"Erstellen Sie mit Elfsight Ihren Facebook-Chat und zeigen Sie ihn im Handumdrehen auf Ihrer Webnode-Website. Wir bieten kostenlosen Kundensupport und andere Boni.","breadcrumb":{"@id":"https:\/\/elfsight.com\/de\/facebook-chat-widget\/webnode\/#breadcrumb"},"inLanguage":"de","potentialAction":[{"@type":"ReadAction","target":["https:\/\/elfsight.com\/de\/facebook-chat-widget\/webnode\/"]}]},{"@type":"BreadcrumbList","@id":"https:\/\/elfsight.com\/de\/facebook-chat-widget\/webnode\/#breadcrumb","itemListElement":[{"@type":"ListItem","position":1,"name":"Home","item":"https:\/\/elfsight.com\/de\/"},{"@type":"ListItem","position":2,"name":"Facebook Chat","item":"https:\/\/elfsight.com\/de\/facebook-chat-widget\/"},{"@type":"ListItem","position":3,"name":"Facebook Chat &#8211; Webnode"}]},{"@type":"WebSite","@id":"https:\/\/elfsight.com\/de\/#website","url":"https:\/\/elfsight.com\/de\/","name":"Elfsight DE","description":"Just another Elfsight Sites site","potentialAction":[{"@type":"SearchAction","target":{"@type":"EntryPoint","urlTemplate":"https:\/\/elfsight.com\/de\/?s={search_term_string}"},"query-input":{"@type":"PropertyValueSpecification","valueRequired":true,"valueName":"search_term_string"}}],"inLanguage":"de"}]}},"meta_box":{"industry":"","seo_heading":"","heading":"","description":"","cta_heading":"","cta_description":"","application":"480","h1":"Webnode Facebook-Messenger","h1_caption":"Der praktischste Kommunikationskanal f\u00fcr Ihre Website-Benutzer","application_category":[],"applications_title":"","applications_request_title":"","applications_request_button_text":"","hero_text":"","hero_video":"","hero_video_schema_markup":"","selling_points_title":"","selling_points_caption":"","selling_points":[],"selling_points_cta_text":"","features_title":"","features":"","ed_cta_examples_text":"","ed_cta_examples_hidden":"","ed_cta_demo_text":"","ed_cta_demo_hidden":"","why_caption":"","why_editor_title":"","why_editor_text":"","why_team_title":"","why_team_text":"","why_service_title":"","why_service_text":"","template_catalog_visible":"","template_catalog_title":"","template_catalog_text":"","template_catalog_categories_visible":"","demo_title":"Erstellen Sie Ihr Facebook-Chat-Widget","demo_caption":"Konfigurieren Sie Ihren Facebook-Chat und f\u00fcgen Sie ihn kostenlos zu Ihrer Webnode-Website hinzu!","default_faq_hidden":"","app_template_category":[],"platform":"248","template_public_id":"","codecanyon_url":"","codecanyon_item_id":"","codecanyon_price":"","pricing_caption":"","pricing_elfsight_apps_hide_column":"","pricing_elfsight_apps_url":"","pricing_codecanyon_price_caption":"","integration_category":[],"integration_request_title":"","integration_request_cta":"","integration_platform":"","integrations":[],"platform_category":[],"video_schema_markup":"","price":"ab 0 $ \/ Monat","trial":"","benefits":[{"text":"Kostenlose Installationshilfe"},{"text":"Erfahrener Kundensupport"},{"text":"14-t\u00e4gige Geld-zur\u00fcck-Garantie"},{"text":"Fortlaufende Entwicklung"}],"button_url":"#demo","button_target_blank":"","button_nofollow":"","attributes":[{"name":"Installiert","content":"10,000 - 100,000"},{"name":"Reaktionsfreudig","content":"Ja"},{"name":"Kompatible Browser","content":"Firefox, Safari, Opera, Chrome, Edge"}],"tags":[],"tags_disable_links":"","hide_more_platforms":"","video_object":"","demo_hide_cta":"","demo_hide_cloud_options":"","pricing_title":"","pricing":[{"pricing_icon":"platform","pricing_title":"Elfsight Apps","pricing_title_caption":"Plattform\u00fcbergreifende Version, die f\u00fcr jede Website geeignet ist","pricing_price":"ab 0 $ \/ Monat","pricing_price_caption":"Beginnen Sie mit einem kostenlosen Plan","pricing_benefits":[{"text":"Unbegrenzte Domains"},{"text":"Kostenlose Installationsunterst\u00fctzung"},{"text":"Professionelle Unterst\u00fctzung"},{"text":"Sonderangebot f\u00fcr mehrere Apps"}],"pricing_button_text":"Zur Website hinzuf\u00fcgen","pricing_button_url":"#demo"}],"related_apps_title":"","related_apps_hidden":"","author":"","image":[],"title":"","job":"","social_networks":[]},"_links":{"self":[{"href":"https:\/\/elfsight.com\/de\/wp-json\/wp\/v2\/pages\/8715","targetHints":{"allow":["GET"]}}],"collection":[{"href":"https:\/\/elfsight.com\/de\/wp-json\/wp\/v2\/pages"}],"about":[{"href":"https:\/\/elfsight.com\/de\/wp-json\/wp\/v2\/types\/page"}],"author":[{"embeddable":true,"href":"https:\/\/elfsight.com\/de\/wp-json\/wp\/v2\/users\/9"}],"replies":[{"embeddable":true,"href":"https:\/\/elfsight.com\/de\/wp-json\/wp\/v2\/comments?post=8715"}],"version-history":[{"count":2,"href":"https:\/\/elfsight.com\/de\/wp-json\/wp\/v2\/pages\/8715\/revisions"}],"predecessor-version":[{"id":21508,"href":"https:\/\/elfsight.com\/de\/wp-json\/wp\/v2\/pages\/8715\/revisions\/21508"}],"up":[{"embeddable":true,"href":"https:\/\/elfsight.com\/de\/wp-json\/wp\/v2\/pages\/924"}],"wp:attachment":[{"href":"https:\/\/elfsight.com\/de\/wp-json\/wp\/v2\/media?parent=8715"}],"curies":[{"name":"wp","href":"https:\/\/api.w.org\/{rel}","templated":true}]}}