{"id":8714,"date":"2024-05-03T06:35:33","date_gmt":"2024-05-03T06:35:33","guid":{"rendered":"https:\/\/elfsight.com\/de\/?page_id=8714"},"modified":"2025-02-19T09:00:45","modified_gmt":"2025-02-19T09:00:45","slug":"wix","status":"publish","type":"page","link":"https:\/\/elfsight.com\/de\/facebook-chat-widget\/wix\/","title":{"rendered":"Facebook Chat &#8211; Wix"},"content":{"rendered":"\n<div class=\"application-platform-content-item-description application-platform-content-item\" id=\"description\" data-nav-section=\"description\"> <h2>Beschreibung<\/h2> <p>Die von Elfsight entwickelte Facebook-Chat-Box ist eine einfache Methode f\u00fcr Ihr Website-Publikum, Sie zu erreichen und Antworten zu h\u00f6ren ihre Fragen und W\u00fcnsche. Jetzt sind Sie f\u00fcr Benutzer in ihrem beliebtesten Messenger verf\u00fcgbar, wo immer Sie sind. F\u00fcgen Sie Live-Chat auf Ihrer Website ein und lassen Sie ihn auf ausgew\u00e4hlten Seiten oder f\u00fcr bestimmte Besuchertypen erscheinen, erstellen Sie Start-Chat-Ausl\u00f6ser, erstellen Sie Ihre pers\u00f6nliche Willkommensnachricht, w\u00e4hlen Sie Symbole aus und wenden Sie andere Personalisierungen an. Wenn Sie den Facebook-Messenger auf Ihrer Website haben, bleiben Sie jederzeit und unabh\u00e4ngig von Ihrem Standort mit Ihrem Publikum in Verbindung.<\/p> <\/div> <div class=\"application-platform-content-item-features application-platform-content-item\" id=\"features\" data-nav-section=\"features\"> <h2>Funktionen<\/h2> <p> Um sich einen umfassenden \u00dcberblick \u00fcber das Widget zu verschaffen, sehen Sie sich die Liste seiner wesentlichen Funktionen an. Sie machen das Widget f\u00fcr Sie unglaublich effizient:<\/p> <ul><li>F\u00fcgen Sie den Facebook-Messenger auf Ihrer Webseite ein, um f\u00fcr Ihr Publikum immer verf\u00fcgbar zu bleiben;<\/li><li>Geben Sie Antworten direkt von Ihrem Facebook-Konto aus;<\/li><li>Verwenden Sie drei Arten von Chat-Layouts: schwebende Blase, eingebettete Blase und eingebettetes Chat-Fenster.<\/li><li>Entdecken Sie eine Sammlung von Blasensymbolen zur Auswahl. <\/li><li>Bearbeitbarer Blasentext.<\/li><\/ul><p><a href=\"#demo\">Demo zeigt Ihnen weitere Funktionen<\/a><\/p> <\/div> <div class=\"application-platform-content-item-installation application-platform-content-item\" id=\"installation\" data-nav-section=\"installation\"> <h2>Erfahren Sie, wie Sie den Facebook-Chat zu Ihrer Website von Wix hinzuf\u00fcgen. Es ist schnell<\/h2><div class=\"video-container\"><iframe width=\"560\" height=\"315\" src=\"https:\/\/www.youtube.com\/embed\/-N-oERyrsj8?si=zcNlGUQLp_JfRTtk\" frameborder=\"0\" allow=\"accelerometer; autoplay; clipboard-write; encrypted-media; gyroscope; picture-in-picture; web-share\" allowfullscreen><\/iframe><\/div><p>Um Messenger auf Ihrer Website zu ver\u00f6ffentlichen, m\u00fcssen Sie nur ein paar einfache Schritte ausf\u00fchren. <\/p> <ol><li><b>Erstellen Sie Ihre eigene App<\/b><br> Erstellen Sie mit Hilfe unseres kostenlosen Editors ein Plugin mit einem bevorzugten Design und einer bevorzugten Funktionalit\u00e4t. <\/li><li><b>Kopieren Sie den individuellen Code, um das Plugin zu integrieren<\/b><br> Nachdem Sie Ihr Widget konfiguriert haben, erhalten Sie den eindeutigen Code aus dem Popup-Fenster von Elfsight Apps. Kopieren Sie den Code f\u00fcr die zuk\u00fcnftige Verwendung. <\/li> <li><b>Ver\u00f6ffentlichen Sie das Plugin auf Ihrer Website<\/b><br> Suchen Sie den Ort, an dem Sie das Plugin platzieren m\u00f6chten, und f\u00fcgen Sie dort den kopierten Code hinzu. \u00dcbernehmen Sie die \u00c4nderungen. <\/li> <li><b>Du bist fertig! <\/b><br> Betreten Sie Ihre Website, um einen Blick auf Ihren Chat zu werfen. <\/li> <\/ol><p>Zweifeln Sie immer noch an etwas? Oder Probleme haben? Schreiben Sie einfach eine Anfrage an unser Support-Team, es wird sein Bestes tun, um Ihr Problem zu l\u00f6sen. <\/p> <\/div><div class=\"faq\" data-component=\"FAQ\"><div class=\"faq-item\">\r\n\t\t\t\t\t<div class=\"faq-item-question\">\r\n\t\t\t\t\t\t<h3 class=\"faq-item-question-text\">Wie bette ich einen Facebook Messenger in meine Wix-Website ein? <\/h3>\r\n\r\n\t\t\t\t\t\t<div class=\"faq-item-question-icon\"><\/div>\r\n\t\t\t\t\t<\/div>\r\n\r\n\t\t\t\t\t<div class=\"faq-item-answer\">\r\n\t\t\t\t\t\t<div class=\"faq-item-answer-text\"><p>Der Aufbau des Tools ist Wird im Rahmen des Elfsight-Dienstes durchgef\u00fchrt und Sie m\u00fcssen keine Programmierkenntnisse erlernen. Nutzen Sie die aktive Demo, um Ihr pers\u00f6nliches Tool anzupassen, erhalten Sie den Code und f\u00fcgen Sie ihn in Ihre Website ein. <\/p><\/div>\r\n\t\t\t\t\t<\/div>\r\n\t\t\t\t<\/div><div class=\"faq-item\">\r\n\t\t\t\t\t<div class=\"faq-item-question\">\r\n\t\t\t\t\t\t<h3 class=\"faq-item-question-text\">Die besten Anwendungsbeispiele der Facebook Chat Messenger-Integration<\/h3>\r\n\r\n\t\t\t\t\t\t<div class=\"faq-item-question-icon\"><\/div>\r\n\t\t\t\t\t<\/div>\r\n\r\n\t\t\t\t\t<div class=\"faq-item-answer\">\r\n\t\t\t\t\t\t<div class=\"faq-item-answer-text\"><p>Wir bieten Ihnen eine F\u00fclle von Anpassungsm\u00f6glichkeiten: Widgets in Originalgr\u00f6\u00dfe zum Einbetten in den Inhaltsbereich, schwebende Widgets mit Scroll-Optionen, Miniaturansichten f\u00fcr die Fu\u00dfzeile Ihrer Website, die Kopfzeile und alle Variationen vertikaler Optionen f\u00fcr Seitenleisten und Men\u00fcs Ihrer Website. <\/p><\/div>\r\n\t\t\t\t\t<\/div>\r\n\t\t\t\t<\/div><div class=\"faq-item\">\r\n\t\t\t\t\t<div class=\"faq-item-question\">\r\n\t\t\t\t\t\t<h3 class=\"faq-item-question-text\">Darf ich mit Hilfe Ihres Editors einen Beratungs- oder Verkaufs-Facebook-Chat erstellen? <\/h3>\r\n\r\n\t\t\t\t\t\t<div class=\"faq-item-question-icon\"><\/div>\r\n\t\t\t\t\t<\/div>\r\n\r\n\t\t\t\t\t<div class=\"faq-item-answer\">\r\n\t\t\t\t\t\t<div class=\"faq-item-answer-text\"><p>Sie k\u00f6nnen gerne beliebige Widget-Varianten erstellen. Im Editor stehen zahlreiche Layouts zur Verf\u00fcgung, die alle problemlos nach Ihren W\u00fcnschen personalisiert werden k\u00f6nnen. <\/p><\/div>\r\n\t\t\t\t\t<\/div>\r\n\t\t\t\t<\/div><div class=\"faq-item\">\r\n\t\t\t\t\t<div class=\"faq-item-question\">\r\n\t\t\t\t\t\t<h3 class=\"faq-item-question-text\">Welche anderen Widgets kann ich f\u00fcr meine Website bei Wix verwenden?<\/h3>\r\n\r\n\t\t\t\t\t\t<div class=\"faq-item-question-icon\"><\/div>\r\n\t\t\t\t\t<\/div>\r\n\r\n\t\t\t\t\t<div class=\"faq-item-answer\">\r\n\t\t\t\t\t\t<div class=\"faq-item-answer-text\"><p>Es gibt viele Wix-Widgets, mit denen Sie Ihre Website ganz einfach verbessern k\u00f6nnen. Es gibt beispielsweise andere Chat-Widgets wie <a href=\"https:\/\/elfsight.com\/whatsapp-chat-widget\/wix\/\" target=\"_blank\" rel=\"noopener\">WhatsApp Chat<\/a>, <a href=\"https:\/\/elfsight.com\/telegram-chat-widget\/wix\/\" target=\"_blank\" rel=\"noopener\">Telegram Chat<\/a>, <a href=\"https:\/\/elfsight.com\/viber-chat-widget\/wix\/\" target=\"_blank\" rel=\"noopener\">Viber Chat<\/a>. Sie alle sind einfach zu implementieren und k\u00f6nnen die Leistung Ihrer Website erheblich verbessern.<\/p><\/div>\r\n\t\t\t\t\t<\/div>\r\n\t\t\t\t<\/div><\/div>\n","protected":false},"excerpt":{"rendered":"","protected":false},"author":9,"featured_media":0,"parent":924,"menu_order":0,"comment_status":"closed","ping_status":"closed","template":"templates\/template-application-platform.php","meta":{"publish_to_discourse":"","publish_post_category":"","wpdc_auto_publish_overridden":"","wpdc_topic_tags":"","wpdc_pin_topic":"","wpdc_pin_until":"","discourse_post_id":"","discourse_permalink":"","wpdc_publishing_response":"","wpdc_publishing_error":"","footnotes":""},"class_list":["post-8714","page","type-page","status-publish","hentry"],"yoast_head":"<!-- This site is optimized with the Yoast SEO plugin v25.3.1 - https:\/\/yoast.com\/wordpress\/plugins\/seo\/ -->\n<title>Facebook-Chat \u2013 Messenger-App zur Website von Wix hinzuf\u00fcgen (in 2 Minuten)<\/title>\n<meta name=\"description\" content=\"Es ist ganz einfach, Ihre Facebook-Chat-App zu entwerfen und auf der Website von Wix zu ver\u00f6ffentlichen. Der Elfsight-Kundendienst ist kostenlos.\" \/>\n<meta name=\"robots\" content=\"index, follow, max-snippet:-1, max-image-preview:large, max-video-preview:-1\" \/>\n<link rel=\"canonical\" href=\"https:\/\/elfsight.com\/de\/facebook-chat-widget\/wix\/\" \/>\n<meta property=\"og:locale\" content=\"de_DE\" \/>\n<meta property=\"og:type\" content=\"article\" \/>\n<meta property=\"og:title\" content=\"Facebook-Chat \u2013 Messenger-App zur Website von Wix hinzuf\u00fcgen (in 2 Minuten)\" \/>\n<meta property=\"og:description\" content=\"Es ist ganz einfach, Ihre Facebook-Chat-App zu entwerfen und auf der Website von Wix zu ver\u00f6ffentlichen. Der Elfsight-Kundendienst ist kostenlos.\" \/>\n<meta property=\"og:url\" content=\"https:\/\/elfsight.com\/de\/facebook-chat-widget\/wix\/\" \/>\n<meta property=\"og:site_name\" content=\"Elfsight DE\" \/>\n<meta property=\"article:modified_time\" content=\"2025-02-19T09:00:45+00:00\" \/>\n<meta name=\"twitter:card\" content=\"summary_large_image\" \/>\n<meta name=\"twitter:label1\" content=\"Gesch\u00e4tzte Lesezeit\" \/>\n\t<meta name=\"twitter:data1\" content=\"3\u00a0Minuten\" \/>\n<!-- \/ Yoast SEO plugin. -->","yoast_head_json":{"title":"Facebook-Chat \u2013 Messenger-App zur Website von Wix hinzuf\u00fcgen (in 2 Minuten)","description":"Es ist ganz einfach, Ihre Facebook-Chat-App zu entwerfen und auf der Website von Wix zu ver\u00f6ffentlichen. Der Elfsight-Kundendienst ist kostenlos.","robots":{"index":"index","follow":"follow","max-snippet":"max-snippet:-1","max-image-preview":"max-image-preview:large","max-video-preview":"max-video-preview:-1"},"canonical":"https:\/\/elfsight.com\/de\/facebook-chat-widget\/wix\/","og_locale":"de_DE","og_type":"article","og_title":"Facebook-Chat \u2013 Messenger-App zur Website von Wix hinzuf\u00fcgen (in 2 Minuten)","og_description":"Es ist ganz einfach, Ihre Facebook-Chat-App zu entwerfen und auf der Website von Wix zu ver\u00f6ffentlichen. Der Elfsight-Kundendienst ist kostenlos.","og_url":"https:\/\/elfsight.com\/de\/facebook-chat-widget\/wix\/","og_site_name":"Elfsight DE","article_modified_time":"2025-02-19T09:00:45+00:00","twitter_card":"summary_large_image","twitter_misc":{"Gesch\u00e4tzte Lesezeit":"3\u00a0Minuten"},"schema":{"@context":"https:\/\/schema.org","@graph":[{"@type":"WebPage","@id":"https:\/\/elfsight.com\/de\/facebook-chat-widget\/wix\/","url":"https:\/\/elfsight.com\/de\/facebook-chat-widget\/wix\/","name":"Facebook-Chat \u2013 Messenger-App zur Website von Wix hinzuf\u00fcgen (in 2 Minuten)","isPartOf":{"@id":"https:\/\/elfsight.com\/de\/#website"},"datePublished":"2024-05-03T06:35:33+00:00","dateModified":"2025-02-19T09:00:45+00:00","description":"Es ist ganz einfach, Ihre Facebook-Chat-App zu entwerfen und auf der Website von Wix zu ver\u00f6ffentlichen. Der Elfsight-Kundendienst ist kostenlos.","breadcrumb":{"@id":"https:\/\/elfsight.com\/de\/facebook-chat-widget\/wix\/#breadcrumb"},"inLanguage":"de","potentialAction":[{"@type":"ReadAction","target":["https:\/\/elfsight.com\/de\/facebook-chat-widget\/wix\/"]}]},{"@type":"BreadcrumbList","@id":"https:\/\/elfsight.com\/de\/facebook-chat-widget\/wix\/#breadcrumb","itemListElement":[{"@type":"ListItem","position":1,"name":"Home","item":"https:\/\/elfsight.com\/de\/"},{"@type":"ListItem","position":2,"name":"Facebook Chat","item":"https:\/\/elfsight.com\/de\/facebook-chat-widget\/"},{"@type":"ListItem","position":3,"name":"Facebook Chat &#8211; Wix"}]},{"@type":"WebSite","@id":"https:\/\/elfsight.com\/de\/#website","url":"https:\/\/elfsight.com\/de\/","name":"Elfsight DE","description":"Just another Elfsight Sites site","potentialAction":[{"@type":"SearchAction","target":{"@type":"EntryPoint","urlTemplate":"https:\/\/elfsight.com\/de\/?s={search_term_string}"},"query-input":{"@type":"PropertyValueSpecification","valueRequired":true,"valueName":"search_term_string"}}],"inLanguage":"de"}]}},"meta_box":{"industry":"","seo_heading":"","heading":"","description":"","cta_heading":"","cta_description":"","application":"480","h1":"Wix Facebook Messenger-App","h1_caption":"F\u00fcgen Sie Ihrer Website eine Facebook-Messenger-Chat-App hinzu, die Benutzern eine einfache M\u00f6glichkeit bietet, Sie m\u00fchelos \u00fcber Ihre Website von Wix zu kontaktieren.","application_category":[],"applications_title":"","applications_request_title":"","applications_request_button_text":"","hero_text":"","hero_video":"","hero_video_schema_markup":"","selling_points_title":"","selling_points_caption":"","selling_points":[],"selling_points_cta_text":"","features_title":"","features":"","ed_cta_examples_text":"","ed_cta_examples_hidden":"","ed_cta_demo_text":"","ed_cta_demo_hidden":"","why_caption":"","why_editor_title":"","why_editor_text":"","why_team_title":"","why_team_text":"","why_service_title":"","why_service_text":"","template_catalog_visible":"0","template_catalog_title":"","template_catalog_text":"","template_catalog_categories_visible":"","demo_title":"Erstellen Sie Ihre Facebook-Chat-App","demo_caption":"Konfigurieren Sie Ihren Facebook-Chat und f\u00fcgen Sie ihn kostenlos zu Ihrer Wix-Website hinzu!","default_faq_hidden":"","app_template_category":[],"platform":"265","template_public_id":"","codecanyon_url":"","codecanyon_item_id":"","codecanyon_price":"","pricing_caption":"","pricing_elfsight_apps_hide_column":"","pricing_elfsight_apps_url":"","pricing_codecanyon_price_caption":"","integration_category":[],"integration_request_title":"","integration_request_cta":"","integration_platform":"","integrations":[],"platform_category":[],"video_schema_markup":"","price":"ab 0 $ \/ Monat","trial":"","benefits":[{"text":"Kostenlose Installationsunterst\u00fctzung"},{"text":"Effektiver Kundenservice"},{"text":"14-t\u00e4gige Geld-zur\u00fcck-Garantie"},{"text":"Zuk\u00fcnftige kostenlose Updates"}],"button_url":"#demo","button_target_blank":"0","button_nofollow":"0","attributes":[{"name":"Installiert","content":"10,000 - 100,000"},{"name":"Reaktionsfreudig","content":"Ja"},{"name":"Kompatible Browser","content":"Firefox, Safari, Edge, Opera, Chrome"}],"tags":[],"tags_disable_links":"0","hide_more_platforms":"0","video_object":"","demo_hide_cta":"0","demo_hide_cloud_options":"0","pricing_title":"","pricing":[{"pricing_icon":"platform","pricing_title":"Elfsight Apps","pricing_title_caption":"Multiplattform-Software","pricing_price":"ab 0 $ \/ Monat","pricing_price_caption":"Beginnen Sie mit einem kostenlosen Plan","pricing_benefits":[{"text":"Unbegrenzte Domains"},{"text":"Engagierter und p\u00fcnktlicher Support"},{"text":"Kostenlose Installationsunterst\u00fctzung"},{"text":"Sonderpreis f\u00fcr mehrere Apps"}],"pricing_button_text":"Zur Website hinzuf\u00fcgen","pricing_button_url":"#demo"}],"related_apps_title":"","related_apps_hidden":"0","author":"","image":[],"title":"","job":"","social_networks":[]},"_links":{"self":[{"href":"https:\/\/elfsight.com\/de\/wp-json\/wp\/v2\/pages\/8714","targetHints":{"allow":["GET"]}}],"collection":[{"href":"https:\/\/elfsight.com\/de\/wp-json\/wp\/v2\/pages"}],"about":[{"href":"https:\/\/elfsight.com\/de\/wp-json\/wp\/v2\/types\/page"}],"author":[{"embeddable":true,"href":"https:\/\/elfsight.com\/de\/wp-json\/wp\/v2\/users\/9"}],"replies":[{"embeddable":true,"href":"https:\/\/elfsight.com\/de\/wp-json\/wp\/v2\/comments?post=8714"}],"version-history":[{"count":3,"href":"https:\/\/elfsight.com\/de\/wp-json\/wp\/v2\/pages\/8714\/revisions"}],"predecessor-version":[{"id":24407,"href":"https:\/\/elfsight.com\/de\/wp-json\/wp\/v2\/pages\/8714\/revisions\/24407"}],"up":[{"embeddable":true,"href":"https:\/\/elfsight.com\/de\/wp-json\/wp\/v2\/pages\/924"}],"wp:attachment":[{"href":"https:\/\/elfsight.com\/de\/wp-json\/wp\/v2\/media?parent=8714"}],"curies":[{"name":"wp","href":"https:\/\/api.w.org\/{rel}","templated":true}]}}