{"id":8713,"date":"2024-05-03T06:35:32","date_gmt":"2024-05-03T06:35:32","guid":{"rendered":"https:\/\/elfsight.com\/de\/?page_id=8713"},"modified":"2025-02-19T08:32:15","modified_gmt":"2025-02-19T08:32:15","slug":"bigcommerce","status":"publish","type":"page","link":"https:\/\/elfsight.com\/de\/facebook-chat-widget\/bigcommerce\/","title":{"rendered":"Facebook Chat &#8211; BigCommerce"},"content":{"rendered":"\n<div class=\"application-platform-content-item-description application-platform-content-item\" id=\"description\" data-nav-section=\"description\"> <h2>Beschreibung<\/h2> <p>Die von Elfsight entwickelte Facebook-Chat-Box ist eine reibungslose und schnelle Variante f\u00fcr Ihre Website-Benutzer, um mit Ihnen zu kommunizieren und erhalten Antworten auf ihre Fragen und W\u00fcnsche. Seien Sie online f\u00fcr Ihr Publikum in einem der bequemsten Messenger verf\u00fcgbar, egal wo Sie sind. F\u00fcgen Sie Live-Chat im Store hinzu und w\u00e4hlen Sie ihn aus, um ihn auf bestimmten Seiten oder f\u00fcr bestimmte Zuschauergruppen anzuzeigen. Einf\u00fchrung von Start-Chat-Triggern; Geben Sie Ihre individuelle Willkommensnachricht ein; W\u00e4hlen Sie Symbole aus und wenden Sie andere Anpassungen an. Wenn der Facebook-Messenger auf der Website installiert ist, bleiben Sie jederzeit und von jedem Ort aus mit Ihren Leuten in Kontakt.<\/p> <div class=\"faq\" data-component=\"FAQ\"> <div class=\"faq-item\">\r\n\t\t\t\t\t<div class=\"faq-item-question\">\r\n\t\t\t\t\t\t<h3 class=\"faq-item-question-text\">Wo auf meiner Website kann ich ihn installieren<\/h3>\r\n\r\n\t\t\t\t\t\t<div class=\"faq-item-question-icon\"><\/div>\r\n\t\t\t\t\t<\/div>\r\n\r\n\t\t\t\t\t<div class=\"faq-item-answer\">\r\n\t\t\t\t\t\t<div class=\"faq-item-answer-text\"> <p>Sie k\u00f6nnen den einf\u00fcgen Widget f\u00fcr jede einzelne Seite Ihrer Website oder nur f\u00fcr die von Ihnen ausgew\u00e4hlten Seiten hinzuf\u00fcgen. Sie k\u00f6nnen es auch auf ausgew\u00e4hlte Seiten beschr\u00e4nken, auf denen Sie den Chat nicht m\u00f6chten.<\/p> <\/div>\r\n\t\t\t\t\t<\/div>\r\n\t\t\t\t<\/div> <div class=\"faq-item\">\r\n\t\t\t\t\t<div class=\"faq-item-question\">\r\n\t\t\t\t\t\t<h3 class=\"faq-item-question-text\">Wie profitiere ich vom Facebook-Chat?<\/h3>\r\n\r\n\t\t\t\t\t\t<div class=\"faq-item-question-icon\"><\/div>\r\n\t\t\t\t\t<\/div>\r\n\r\n\t\t\t\t\t<div class=\"faq-item-answer\">\r\n\t\t\t\t\t\t<div class=\"faq-item-answer-text\"> <p>Facebook Messenger macht es einfach damit Leute Ihnen ihre Fragen und W\u00fcnsche oder Probleme senden k\u00f6nnen. Dies kann dazu beitragen, die Anzahl der Leads und K\u00e4ufe zu erh\u00f6hen. Dar\u00fcber hinaus steigern eine schnelle Reaktion und ein individueller Umgang mit den Menschen die Qualit\u00e4t Ihrer Kundeninteraktion. <\/p> <\/div>\r\n\t\t\t\t\t<\/div>\r\n\t\t\t\t<\/div> <div class=\"faq-item\">\r\n\t\t\t\t\t<div class=\"faq-item-question\">\r\n\t\t\t\t\t\t<h3 class=\"faq-item-question-text\">Was ben\u00f6tige ich, um den Facebook-Messenger auf meiner Website einzubetten?<\/h3>\r\n\r\n\t\t\t\t\t\t<div class=\"faq-item-question-icon\"><\/div>\r\n\t\t\t\t\t<\/div>\r\n\r\n\t\t\t\t\t<div class=\"faq-item-answer\">\r\n\t\t\t\t\t\t<div class=\"faq-item-answer-text\"> <p>Sie ben\u00f6tigen nur eine Minute, um das Widget zum Laufen zu bringen. Die Einbettung erfolgt extrem schnell, kostenlos und ohne Programmieraufwand. <\/p> <p>Elfsight Facebook Live Chat kann \u00fcber unseren Service oder \u00fcber den Marktplatz hinzugef\u00fcgt werden. Sie k\u00f6nnen die Vor- und Nachteile beider Varianten vergleichen und eine passendere Variante ausw\u00e4hlen. <\/p> <\/div>\r\n\t\t\t\t\t<\/div>\r\n\t\t\t\t<\/div> <\/div> <\/div> <div class=\"application-platform-content-item-features application-platform-content-item\" id=\"features\" data-nav-section=\"features\"> <h2>Funktionen<\/h2> <p>Um ein klareres Verst\u00e4ndnis des Facebook-Messengers zu erhalten, sehen Sie sich die Liste der wichtigsten an Funktionen. Sie machen unser Widget f\u00fcr Ihre Werbung wirklich n\u00fctzlich: <\/p> <ul><li>Platzieren Sie den Facebook-Messenger in Ihrem Shop, um mit Menschen in Kontakt zu bleiben; <\/li><li>Reagieren Sie direkt von Ihrer Facebook-Seite aus auf Nachrichten. <\/li><li>Verwenden Sie drei Arten von Chat-Positionen: schwebende Blase, eingebettete Blase und eingebettetes Chat-Fenster; <\/li><li> Finden Sie Ihr Blasensymbol in unserer Sammlung verf\u00fcgbarer Symbole. <\/li><li>Bearbeitbarer Blasentext. <\/li><\/ul><p><a href=\"#demo\">Eine vollst\u00e4ndige Liste der Funktionen finden Sie in unserer Demo<\/a><\/p> <\/div> <div class=\"application-platform-content-item-installation application-platform-content-item\" id=\"installation\" data-nav-section=\"installation\"> <h2>So f\u00fcgen Sie Facebook Messenger zu Ihrem BigCommerce-Shop hinzu<\/h2> <div class=\"video-container\"><iframe width=\"560\" height=\"315\" src=\"https:\/\/www.youtube.com\/embed\/Yh0wk3ukOeg?si=aJNqPEGc1Z3iz2aa\" frameborder=\"0\" allow=\"accelerometer; autoplay; clipboard-write; encrypted-media; gyroscope; picture-in-picture; web-share\" allowfullscreen><\/iframe><\/div><p>F\u00fchren Sie einfach die unten beschriebenen Schritte aus, um mit der Arbeit mit dem Widget auf BigCommerce zu beginnen.<\/p> <ol><li><b>F\u00fchren Sie unseren kostenlosen Konfigurator aus und beginnen Sie mit der Erstellung Ihres individuellen Widgets App. <\/b><br> Geben Sie die ausgew\u00e4hlte Form und die Parameter des Plugins an und \u00fcbernehmen Sie die \u00c4nderungen. <\/li> <li><b>Erhalten Sie den eindeutigen Code, der im Fenster von Elfsight Apps angezeigt wird. <\/b><br> Nachdem die Einrichtung Ihres pers\u00f6nlichen Facebook-Chat-Widgets abgeschlossen ist, kopieren Sie den individuellen Code im erscheinenden Fenster und speichern Sie ihn f\u00fcr sp\u00e4tere Anl\u00e4sse. <\/li> <li><b>Beginnen Sie mit der Nutzung der App auf der BigCommerce-Website. <\/b><br> Geben Sie den Code, den Sie k\u00fcrzlich kopiert haben, in Ihre Website ein und wenden Sie die Verbesserungen an. <\/li> <li><b>Das Setup ist vollst\u00e4ndig durchgef\u00fchrt. <\/b><br> Besuchen Sie Ihre Website, um die Funktion des Widgets zu \u00fcberpr\u00fcfen. <\/li><\/ol><p>Immer noch unruhig? Oder \u00fcber irgendetwas gestolpert? Mit nur einer einzigen Anfrage an unseren Kundenservice l\u00e4sst sich jedes Problem l\u00f6sen. <\/p> <\/div>\n","protected":false},"excerpt":{"rendered":"","protected":false},"author":9,"featured_media":0,"parent":924,"menu_order":0,"comment_status":"closed","ping_status":"closed","template":"templates\/template-application-platform.php","meta":{"publish_to_discourse":"","publish_post_category":"","wpdc_auto_publish_overridden":"","wpdc_topic_tags":"","wpdc_pin_topic":"","wpdc_pin_until":"","discourse_post_id":"","discourse_permalink":"","wpdc_publishing_response":"","wpdc_publishing_error":"","footnotes":""},"class_list":["post-8713","page","type-page","status-publish","hentry"],"yoast_head":"<!-- This site is optimized with the Yoast SEO plugin v25.3.1 - https:\/\/yoast.com\/wordpress\/plugins\/seo\/ -->\n<title>F\u00fcgen Sie Facebook Messenger zur BigCommerce-Website hinzu (kostenlos und schnell)<\/title>\n<meta name=\"description\" content=\"Entwerfen Sie mit Elfsight Ihr Facebook Messenger-Widget und f\u00fcgen Sie es schnell zum BigCommerce-Shop hinzu. Wir bieten kostenlosen Kundenservice und weitere Boni.\" \/>\n<meta name=\"robots\" content=\"index, follow, max-snippet:-1, max-image-preview:large, max-video-preview:-1\" \/>\n<link rel=\"canonical\" href=\"https:\/\/elfsight.com\/de\/facebook-chat-widget\/bigcommerce\/\" \/>\n<meta property=\"og:locale\" content=\"de_DE\" \/>\n<meta property=\"og:type\" content=\"article\" \/>\n<meta property=\"og:title\" content=\"F\u00fcgen Sie Facebook Messenger zur BigCommerce-Website hinzu (kostenlos und schnell)\" \/>\n<meta property=\"og:description\" content=\"Entwerfen Sie mit Elfsight Ihr Facebook Messenger-Widget und f\u00fcgen Sie es schnell zum BigCommerce-Shop hinzu. Wir bieten kostenlosen Kundenservice und weitere Boni.\" \/>\n<meta property=\"og:url\" content=\"https:\/\/elfsight.com\/de\/facebook-chat-widget\/bigcommerce\/\" \/>\n<meta property=\"og:site_name\" content=\"Elfsight DE\" \/>\n<meta property=\"article:modified_time\" content=\"2025-02-19T08:32:15+00:00\" \/>\n<meta name=\"twitter:card\" content=\"summary_large_image\" \/>\n<meta name=\"twitter:label1\" content=\"Gesch\u00e4tzte Lesezeit\" \/>\n\t<meta name=\"twitter:data1\" content=\"3\u00a0Minuten\" \/>\n<!-- \/ Yoast SEO plugin. -->","yoast_head_json":{"title":"F\u00fcgen Sie Facebook Messenger zur BigCommerce-Website hinzu (kostenlos und schnell)","description":"Entwerfen Sie mit Elfsight Ihr Facebook Messenger-Widget und f\u00fcgen Sie es schnell zum BigCommerce-Shop hinzu. Wir bieten kostenlosen Kundenservice und weitere Boni.","robots":{"index":"index","follow":"follow","max-snippet":"max-snippet:-1","max-image-preview":"max-image-preview:large","max-video-preview":"max-video-preview:-1"},"canonical":"https:\/\/elfsight.com\/de\/facebook-chat-widget\/bigcommerce\/","og_locale":"de_DE","og_type":"article","og_title":"F\u00fcgen Sie Facebook Messenger zur BigCommerce-Website hinzu (kostenlos und schnell)","og_description":"Entwerfen Sie mit Elfsight Ihr Facebook Messenger-Widget und f\u00fcgen Sie es schnell zum BigCommerce-Shop hinzu. Wir bieten kostenlosen Kundenservice und weitere Boni.","og_url":"https:\/\/elfsight.com\/de\/facebook-chat-widget\/bigcommerce\/","og_site_name":"Elfsight DE","article_modified_time":"2025-02-19T08:32:15+00:00","twitter_card":"summary_large_image","twitter_misc":{"Gesch\u00e4tzte Lesezeit":"3\u00a0Minuten"},"schema":{"@context":"https:\/\/schema.org","@graph":[{"@type":"WebPage","@id":"https:\/\/elfsight.com\/de\/facebook-chat-widget\/bigcommerce\/","url":"https:\/\/elfsight.com\/de\/facebook-chat-widget\/bigcommerce\/","name":"F\u00fcgen Sie Facebook Messenger zur BigCommerce-Website hinzu (kostenlos und schnell)","isPartOf":{"@id":"https:\/\/elfsight.com\/de\/#website"},"datePublished":"2024-05-03T06:35:32+00:00","dateModified":"2025-02-19T08:32:15+00:00","description":"Entwerfen Sie mit Elfsight Ihr Facebook Messenger-Widget und f\u00fcgen Sie es schnell zum BigCommerce-Shop hinzu. Wir bieten kostenlosen Kundenservice und weitere Boni.","breadcrumb":{"@id":"https:\/\/elfsight.com\/de\/facebook-chat-widget\/bigcommerce\/#breadcrumb"},"inLanguage":"de","potentialAction":[{"@type":"ReadAction","target":["https:\/\/elfsight.com\/de\/facebook-chat-widget\/bigcommerce\/"]}]},{"@type":"BreadcrumbList","@id":"https:\/\/elfsight.com\/de\/facebook-chat-widget\/bigcommerce\/#breadcrumb","itemListElement":[{"@type":"ListItem","position":1,"name":"Home","item":"https:\/\/elfsight.com\/de\/"},{"@type":"ListItem","position":2,"name":"Facebook Chat","item":"https:\/\/elfsight.com\/de\/facebook-chat-widget\/"},{"@type":"ListItem","position":3,"name":"Facebook Chat &#8211; BigCommerce"}]},{"@type":"WebSite","@id":"https:\/\/elfsight.com\/de\/#website","url":"https:\/\/elfsight.com\/de\/","name":"Elfsight DE","description":"Just another Elfsight Sites site","potentialAction":[{"@type":"SearchAction","target":{"@type":"EntryPoint","urlTemplate":"https:\/\/elfsight.com\/de\/?s={search_term_string}"},"query-input":{"@type":"PropertyValueSpecification","valueRequired":true,"valueName":"search_term_string"}}],"inLanguage":"de"}]}},"meta_box":{"industry":"","seo_heading":"","heading":"","description":"","cta_heading":"","cta_description":"","application":"480","h1":"BigCommerce Facebook Messenger-App","h1_caption":"F\u00fcgen Sie Ihrer Website eine Facebook-Messenger-Chat-App hinzu, die Benutzern eine einfache M\u00f6glichkeit bietet, Sie m\u00fchelos \u00fcber Ihre BigCommerce-Website zu kontaktieren.","application_category":[],"applications_title":"","applications_request_title":"","applications_request_button_text":"","hero_text":"","hero_video":"","hero_video_schema_markup":"","selling_points_title":"","selling_points_caption":"","selling_points":[],"selling_points_cta_text":"","features_title":"","features":"","ed_cta_examples_text":"","ed_cta_examples_hidden":"","ed_cta_demo_text":"","ed_cta_demo_hidden":"","why_caption":"","why_editor_title":"","why_editor_text":"","why_team_title":"","why_team_text":"","why_service_title":"","why_service_text":"","template_catalog_visible":"0","template_catalog_title":"","template_catalog_text":"","template_catalog_categories_visible":"","demo_title":"Erstellen Sie Ihre Facebook-Chat-App","demo_caption":"Konfigurieren Sie Ihren Facebook-Chat und f\u00fcgen Sie ihn kostenlos zu Ihrer BigCommerce-Website hinzu!","default_faq_hidden":"","app_template_category":[],"platform":"268","template_public_id":"","codecanyon_url":"","codecanyon_item_id":"","codecanyon_price":"","pricing_caption":"","pricing_elfsight_apps_hide_column":"","pricing_elfsight_apps_url":"","pricing_codecanyon_price_caption":"","integration_category":[],"integration_request_title":"","integration_request_cta":"","integration_platform":"","integrations":[],"platform_category":[],"video_schema_markup":"","price":"ab 0 $ \/ Monat","trial":"","benefits":[{"text":"Kostenloser Installationsservice"},{"text":"Effektiver Kundenservice"},{"text":"14-t\u00e4gige R\u00fcckerstattungsgarantie"},{"text":"Kontinuierliche kostenlose Verbesserungen"}],"button_url":"#demo","button_target_blank":"0","button_nofollow":"0","attributes":[{"name":"Installiert","content":"10,000 - 100,000"},{"name":"Reaktionsfreudig","content":"Ja"},{"name":"Kompatible Browser","content":"Firefox, Safari, Opera, Chrome, Edge"}],"tags":[],"tags_disable_links":"0","hide_more_platforms":"0","video_object":"","demo_hide_cta":"0","demo_hide_cloud_options":"0","pricing_title":"","pricing":[{"pricing_icon":"platform","pricing_title":"Elfsight Apps","pricing_title_caption":"Plattformunabh\u00e4ngige digitale L\u00f6sung","pricing_price":"ab 0 $ \/ Monat","pricing_price_caption":"Beginnen Sie mit einem kostenlosen Plan","pricing_benefits":[{"text":"Unbegrenzte Domains"},{"text":"Schnelle Unternehmensunterst\u00fctzung und gut dokumentiert"},{"text":"Kostenlose Installationshilfe"},{"text":"Flexibles Design"}],"pricing_button_text":"Zur Website hinzuf\u00fcgen","pricing_button_url":"#demo"}],"related_apps_title":"","related_apps_hidden":"0","author":"","image":[],"title":"","job":"","social_networks":[]},"_links":{"self":[{"href":"https:\/\/elfsight.com\/de\/wp-json\/wp\/v2\/pages\/8713","targetHints":{"allow":["GET"]}}],"collection":[{"href":"https:\/\/elfsight.com\/de\/wp-json\/wp\/v2\/pages"}],"about":[{"href":"https:\/\/elfsight.com\/de\/wp-json\/wp\/v2\/types\/page"}],"author":[{"embeddable":true,"href":"https:\/\/elfsight.com\/de\/wp-json\/wp\/v2\/users\/9"}],"replies":[{"embeddable":true,"href":"https:\/\/elfsight.com\/de\/wp-json\/wp\/v2\/comments?post=8713"}],"version-history":[{"count":3,"href":"https:\/\/elfsight.com\/de\/wp-json\/wp\/v2\/pages\/8713\/revisions"}],"predecessor-version":[{"id":24398,"href":"https:\/\/elfsight.com\/de\/wp-json\/wp\/v2\/pages\/8713\/revisions\/24398"}],"up":[{"embeddable":true,"href":"https:\/\/elfsight.com\/de\/wp-json\/wp\/v2\/pages\/924"}],"wp:attachment":[{"href":"https:\/\/elfsight.com\/de\/wp-json\/wp\/v2\/media?parent=8713"}],"curies":[{"name":"wp","href":"https:\/\/api.w.org\/{rel}","templated":true}]}}