{"id":8708,"date":"2024-05-03T06:35:31","date_gmt":"2024-05-03T06:35:31","guid":{"rendered":"https:\/\/elfsight.com\/de\/?page_id=8708"},"modified":"2025-07-08T10:35:54","modified_gmt":"2025-07-08T10:35:54","slug":"drupal","status":"publish","type":"page","link":"https:\/\/elfsight.com\/de\/facebook-chat-widget\/drupal\/","title":{"rendered":"Facebook Chat &#8211; Drupal"},"content":{"rendered":"<div class=\"application-platform-content-item-description application-platform-content-item\" id=\"description\" data-nav-section=\"description\"> <h2>Beschreibung<\/h2> <p>Facebook-Chat von Elfsight ist f\u00fcr Ihre Website-Kunden die einfachste M\u00f6glichkeit, Ihnen eine Nachricht zu senden und Antworten zu erhalten auf ihre Fragen und W\u00fcnsche. Sie k\u00f6nnen jederzeit online in einem Ihrer beliebten Messenger verf\u00fcgbar bleiben. Richten Sie das Messenger-Modul auf der Webseite ein und es kann auf den wichtigsten Seiten oder f\u00fcr bestimmte Personentypen angezeigt werden. W\u00e4hlen Sie Start-Chat-Ausl\u00f6ser aus, zeigen Sie Ihre benutzerdefinierte Willkommensnachricht an, \u00e4ndern Sie Symbole und wenden Sie andere Personalisierungen an. Mit Hilfe des auf der Website installierten Live-Chats bleiben Sie jederzeit und von jedem Ort aus f\u00fcr Ihre Kunden erreichbar.<\/p> <div class=\"faq\" data-component=\"FAQ\"> <div class=\"faq-item\">\r\n\t\t\t\t\t<div class=\"faq-item-question\">\r\n\t\t\t\t\t\t<h3 class=\"faq-item-question-text\">Wo kann ich es einbetten<\/h3>\r\n\r\n\t\t\t\t\t\t<div class=\"faq-item-question-icon\"><\/div>\r\n\t\t\t\t\t<\/div>\r\n\r\n\t\t\t\t\t<div class=\"faq-item-answer\">\r\n\t\t\t\t\t\t<div class=\"faq-item-answer-text\"> <p>Sie k\u00f6nnen festlegen Aktivieren Sie den Facebook-Chat f\u00fcr jede einzelne Seite Ihrer Website oder nur f\u00fcr die von Ihnen ausgew\u00e4hlten Seiten. Es ist auch m\u00f6glich, ausgew\u00e4hlte Seiten auszuschlie\u00dfen, wenn Sie das Widget nicht darauf haben m\u00f6chten. <\/p> <\/div>\r\n\t\t\t\t\t<\/div>\r\n\t\t\t\t<\/div> <div class=\"faq-item\">\r\n\t\t\t\t\t<div class=\"faq-item-question\">\r\n\t\t\t\t\t\t<h3 class=\"faq-item-question-text\">Welche Vorteile hat das Widget f\u00fcr mich?<\/h3>\r\n\r\n\t\t\t\t\t\t<div class=\"faq-item-question-icon\"><\/div>\r\n\t\t\t\t\t<\/div>\r\n\r\n\t\t\t\t\t<div class=\"faq-item-answer\">\r\n\t\t\t\t\t\t<div class=\"faq-item-answer-text\"> <p>Es wird dazu beitragen, dass mehr Website-Besucher Sie mit ihren Fragen und W\u00fcnschen kontaktieren. Unterst\u00fctzen Sie die Live-Kommunikation und steigern Sie die Anzahl der Leads und K\u00e4ufe. Dar\u00fcber hinaus erh\u00f6hen eine schnelle Reaktion und ein pers\u00f6nlicher Ansatz das Niveau Ihres Kundensupports. <\/p> <\/div>\r\n\t\t\t\t\t<\/div>\r\n\t\t\t\t<\/div> <div class=\"faq-item\">\r\n\t\t\t\t\t<div class=\"faq-item-question\">\r\n\t\t\t\t\t\t<h3 class=\"faq-item-question-text\">Was ben\u00f6tige ich, um Facebook-Chat auf meiner Website hinzuzuf\u00fcgen?<\/h3>\r\n\r\n\t\t\t\t\t\t<div class=\"faq-item-question-icon\"><\/div>\r\n\t\t\t\t\t<\/div>\r\n\r\n\t\t\t\t\t<div class=\"faq-item-answer\">\r\n\t\t\t\t\t\t<div class=\"faq-item-answer-text\"> <p>Sie ben\u00f6tigen nur drei Minuten Ihrer Zeit, um das Widget einzubetten. Es ist superschnell, kostenlos und ohne Programmierung. <\/p> <p>Das Elfsight Chat-Modul kann \u00fcber unseren Service oder auf dem Marktplatz eingebettet werden. Sie k\u00f6nnen mehr \u00fcber diese Varianten lesen und Ihre eigene ausw\u00e4hlen. <\/p> <\/div>\r\n\t\t\t\t\t<\/div>\r\n\t\t\t\t<\/div> <\/div> <\/div> <div class=\"application-platform-content-item-features application-platform-content-item\" id=\"features\" data-nav-section=\"features\"> <h2>Funktionen<\/h2> <p>Um ein besseres Verst\u00e4ndnis von Facebook Messenger f\u00fcr Drupal zu erhalten, sehen Sie sich die Liste an die Hauptmerkmale. Sie machen unser Modul f\u00fcr Ihr Unternehmen unglaublich n\u00fctzlich: <\/p> <ul><li>Platzieren Sie einen Chat auf Ihrer Website, um mit Kunden in Kontakt zu bleiben; <\/li><li>Geben Sie direkt von Ihrer Facebook-Seite aus eine Antwort. <\/li><li>W\u00e4hlen Sie zwischen drei Optionen f\u00fcr die Chat-Position: als schwebende Blase, eingebettete Blase und eingebettetes Chat-Fenster; <\/li><li>W\u00e4hlen Sie Ihr Blasensymbol aus der Sammlung der verf\u00fcgbaren Symbole aus; <\/li><li>Bearbeiten Sie den Text der Chat-Blase. <\/li><\/ul><p><a href=\"#demo\">Eine vollst\u00e4ndige Liste der Funktionen finden Sie in unserer Live-Demo<\/a><\/p> <\/div> <div class=\"application-platform-content-item-installation application-platform-content-item\" id=\"installation\" data-nav-section=\"installation\"> <h2>So f\u00fcgen Sie das Facebook Messenger-Modul zu Ihrer Drupal-Seite hinzu<\/h2> <p>F\u00fchren Sie einfach die folgenden Schritte aus, um das Modul auf Drupal hinzuzuf\u00fcgen.<\/p> <ol><li><b>Nutzen Sie es Testen Sie unsere kostenlose Demo und beginnen Sie mit der Gestaltung Ihres eigenen Werkzeugs. <\/b><br> Geben Sie die benutzerdefinierte Form und Funktionalit\u00e4t des Moduls an und speichern Sie die \u00c4nderungen. <\/li> <li><b>Lassen Sie sich Ihren pers\u00f6nlichen Code im Fenster von Elfsight Apps anzeigen. <\/b><br> Wenn die Generierung Ihres Facebook-Chat-Moduls abgeschlossen ist, kopieren Sie den exklusiven Code im erscheinenden Popup und speichern Sie ihn zur weiteren Verwendung. <\/li> <li><b>Initiieren Sie die Nutzung des Tools auf der Drupal-Website. <\/b><br> F\u00fcgen Sie den k\u00fcrzlich kopierten Code in Ihre Seite ein und wenden Sie die Korrekturen an. <\/li> <li><b>Die Installation ist vollst\u00e4ndig durchgef\u00fchrt. <\/b><br> Besuchen Sie Ihre Website, um die Arbeit des Moduls in Aktion zu sehen. <\/li><\/ol><p>Sie k\u00f6nnen sich immer noch nicht entscheiden? Oder haben Sie Anfragen? Senden Sie einfach eine Anfrage an unseren Kundenservice. Wir helfen bei allen Arten von Problemen.<\/p> <\/div><p><\/p><!-- \/ wp:paragraph -&gt; \/wp:paragraph -->","protected":false},"excerpt":{"rendered":"","protected":false},"author":9,"featured_media":0,"parent":924,"menu_order":0,"comment_status":"closed","ping_status":"closed","template":"templates\/template-application-platform.php","meta":{"publish_to_discourse":"","publish_post_category":"","wpdc_auto_publish_overridden":"","wpdc_topic_tags":"","wpdc_pin_topic":"","wpdc_pin_until":"","discourse_post_id":"","discourse_permalink":"","wpdc_publishing_response":"","wpdc_publishing_error":"","footnotes":""},"class_list":["post-8708","page","type-page","status-publish","hentry"],"yoast_head":"<!-- This site is optimized with the Yoast SEO plugin v25.3.1 - https:\/\/yoast.com\/wordpress\/plugins\/seo\/ -->\n<title>Facebook-Chat \u2013 Messenger-Modul zur Drupal-Website hinzuf\u00fcgen (in 2 Minuten)<\/title>\n<meta name=\"description\" content=\"Hier haben Sie die M\u00f6glichkeit, den Facebook-Chat zu entwerfen und das Messenger-Modul in Ihre Drupal-Website zu integrieren. Sie genie\u00dfen kostenlosen Support und andere Boni von Elfsight.\" \/>\n<meta name=\"robots\" content=\"index, follow, max-snippet:-1, max-image-preview:large, max-video-preview:-1\" \/>\n<link rel=\"canonical\" href=\"https:\/\/elfsight.com\/de\/facebook-chat-widget\/drupal\/\" \/>\n<meta property=\"og:locale\" content=\"de_DE\" \/>\n<meta property=\"og:type\" content=\"article\" \/>\n<meta property=\"og:title\" content=\"Facebook-Chat \u2013 Messenger-Modul zur Drupal-Website hinzuf\u00fcgen (in 2 Minuten)\" \/>\n<meta property=\"og:description\" content=\"Hier haben Sie die M\u00f6glichkeit, den Facebook-Chat zu entwerfen und das Messenger-Modul in Ihre Drupal-Website zu integrieren. Sie genie\u00dfen kostenlosen Support und andere Boni von Elfsight.\" \/>\n<meta property=\"og:url\" content=\"https:\/\/elfsight.com\/de\/facebook-chat-widget\/drupal\/\" \/>\n<meta property=\"og:site_name\" content=\"Elfsight DE\" \/>\n<meta property=\"article:modified_time\" content=\"2025-07-08T10:35:54+00:00\" \/>\n<meta name=\"twitter:card\" content=\"summary_large_image\" \/>\n<meta name=\"twitter:label1\" content=\"Gesch\u00e4tzte Lesezeit\" \/>\n\t<meta name=\"twitter:data1\" content=\"3\u00a0Minuten\" \/>\n<!-- \/ Yoast SEO plugin. -->","yoast_head_json":{"title":"Facebook-Chat \u2013 Messenger-Modul zur Drupal-Website hinzuf\u00fcgen (in 2 Minuten)","description":"Hier haben Sie die M\u00f6glichkeit, den Facebook-Chat zu entwerfen und das Messenger-Modul in Ihre Drupal-Website zu integrieren. Sie genie\u00dfen kostenlosen Support und andere Boni von Elfsight.","robots":{"index":"index","follow":"follow","max-snippet":"max-snippet:-1","max-image-preview":"max-image-preview:large","max-video-preview":"max-video-preview:-1"},"canonical":"https:\/\/elfsight.com\/de\/facebook-chat-widget\/drupal\/","og_locale":"de_DE","og_type":"article","og_title":"Facebook-Chat \u2013 Messenger-Modul zur Drupal-Website hinzuf\u00fcgen (in 2 Minuten)","og_description":"Hier haben Sie die M\u00f6glichkeit, den Facebook-Chat zu entwerfen und das Messenger-Modul in Ihre Drupal-Website zu integrieren. Sie genie\u00dfen kostenlosen Support und andere Boni von Elfsight.","og_url":"https:\/\/elfsight.com\/de\/facebook-chat-widget\/drupal\/","og_site_name":"Elfsight DE","article_modified_time":"2025-07-08T10:35:54+00:00","twitter_card":"summary_large_image","twitter_misc":{"Gesch\u00e4tzte Lesezeit":"3\u00a0Minuten"},"schema":{"@context":"https:\/\/schema.org","@graph":[{"@type":"WebPage","@id":"https:\/\/elfsight.com\/de\/facebook-chat-widget\/drupal\/","url":"https:\/\/elfsight.com\/de\/facebook-chat-widget\/drupal\/","name":"Facebook-Chat \u2013 Messenger-Modul zur Drupal-Website hinzuf\u00fcgen (in 2 Minuten)","isPartOf":{"@id":"https:\/\/elfsight.com\/de\/#website"},"datePublished":"2024-05-03T06:35:31+00:00","dateModified":"2025-07-08T10:35:54+00:00","description":"Hier haben Sie die M\u00f6glichkeit, den Facebook-Chat zu entwerfen und das Messenger-Modul in Ihre Drupal-Website zu integrieren. Sie genie\u00dfen kostenlosen Support und andere Boni von Elfsight.","breadcrumb":{"@id":"https:\/\/elfsight.com\/de\/facebook-chat-widget\/drupal\/#breadcrumb"},"inLanguage":"de","potentialAction":[{"@type":"ReadAction","target":["https:\/\/elfsight.com\/de\/facebook-chat-widget\/drupal\/"]}]},{"@type":"BreadcrumbList","@id":"https:\/\/elfsight.com\/de\/facebook-chat-widget\/drupal\/#breadcrumb","itemListElement":[{"@type":"ListItem","position":1,"name":"Home","item":"https:\/\/elfsight.com\/de\/"},{"@type":"ListItem","position":2,"name":"Facebook Chat","item":"https:\/\/elfsight.com\/de\/facebook-chat-widget\/"},{"@type":"ListItem","position":3,"name":"Facebook Chat &#8211; Drupal"}]},{"@type":"WebSite","@id":"https:\/\/elfsight.com\/de\/#website","url":"https:\/\/elfsight.com\/de\/","name":"Elfsight DE","description":"Just another Elfsight Sites site","potentialAction":[{"@type":"SearchAction","target":{"@type":"EntryPoint","urlTemplate":"https:\/\/elfsight.com\/de\/?s={search_term_string}"},"query-input":{"@type":"PropertyValueSpecification","valueRequired":true,"valueName":"search_term_string"}}],"inLanguage":"de"}]}},"meta_box":{"industry":"","seo_heading":"","heading":"","description":"","cta_heading":"","cta_description":"","application":"480","h1":"Drupal Facebook Messenger-Modul","h1_caption":"F\u00fcgen Sie Ihrer Website ein Facebook-Messenger-Chat-Modul hinzu, das Benutzern eine einfache M\u00f6glichkeit bietet, Sie m\u00fchelos \u00fcber Ihre Drupal-Website zu kontaktieren.","application_category":[],"applications_title":"","applications_request_title":"","applications_request_button_text":"","hero_text":"","hero_video":"","hero_video_schema_markup":"","selling_points_title":"","selling_points_caption":"","selling_points":[],"selling_points_cta_text":"","features_title":"","features":"","ed_cta_examples_text":"","ed_cta_examples_hidden":"","ed_cta_demo_text":"","ed_cta_demo_hidden":"","why_caption":"","why_editor_title":"","why_editor_text":"","why_team_title":"","why_team_text":"","why_service_title":"","why_service_text":"","template_catalog_visible":"","template_catalog_title":"","template_catalog_text":"","template_catalog_categories_visible":"","demo_title":"Erstellen Sie Ihr Facebook-Chat-Modul","demo_caption":"Konfigurieren Sie Ihren Facebook-Chat und f\u00fcgen Sie ihn kostenlos zu Ihrer Drupal-Website hinzu!","default_faq_hidden":"","app_template_category":[],"platform":"261","template_public_id":"","codecanyon_url":"","codecanyon_item_id":"","codecanyon_price":"","pricing_caption":"","pricing_elfsight_apps_hide_column":"","pricing_elfsight_apps_url":"","pricing_codecanyon_price_caption":"","integration_category":[],"integration_request_title":"","integration_request_cta":"","integration_platform":"","integrations":[],"platform_category":[],"video_schema_markup":"","price":"ab 0 $ \/ Monat","trial":"","benefits":[{"text":"Kostenlose Installationshilfe"},{"text":"Kompetenter Kundenservice"},{"text":"14-t\u00e4gige Geld-zur\u00fcck-Garantie"},{"text":"Lebenslange Updates"}],"button_url":"#demo","button_target_blank":"","button_nofollow":"","attributes":[{"name":"Installiert","content":"10,000 - 100,000"},{"name":"Reaktionsfreudig","content":"Ja"},{"name":"Kompatible Browser","content":"IE11, Firefox, Safari, Opera, Chrome, Edge"}],"tags":[],"tags_disable_links":"","hide_more_platforms":"","video_object":"","demo_hide_cta":"","demo_hide_cloud_options":"","pricing_title":"","pricing":[{"pricing_icon":"platform","pricing_title":"Elfsight Apps","pricing_title_caption":"Plattformunabh\u00e4ngige Software, die f\u00fcr jede Website geeignet ist","pricing_price":"ab 0 $ \/ Monat","pricing_price_caption":"Beginnen Sie mit einem kostenlosen Plan","pricing_benefits":[{"text":"Unbegrenzte Domains"},{"text":"Professionelle Unterst\u00fctzung und gut dokumentiert"},{"text":"Kostenlose Installationsunterst\u00fctzung"},{"text":"Kostenlose Installationsunterst\u00fctzung"}],"pricing_button_text":"Zur Website hinzuf\u00fcgen","pricing_button_url":"#demo"}],"related_apps_title":"","related_apps_hidden":"","author":"","image":[],"title":"","job":"","social_networks":[]},"_links":{"self":[{"href":"https:\/\/elfsight.com\/de\/wp-json\/wp\/v2\/pages\/8708","targetHints":{"allow":["GET"]}}],"collection":[{"href":"https:\/\/elfsight.com\/de\/wp-json\/wp\/v2\/pages"}],"about":[{"href":"https:\/\/elfsight.com\/de\/wp-json\/wp\/v2\/types\/page"}],"author":[{"embeddable":true,"href":"https:\/\/elfsight.com\/de\/wp-json\/wp\/v2\/users\/9"}],"replies":[{"embeddable":true,"href":"https:\/\/elfsight.com\/de\/wp-json\/wp\/v2\/comments?post=8708"}],"version-history":[{"count":2,"href":"https:\/\/elfsight.com\/de\/wp-json\/wp\/v2\/pages\/8708\/revisions"}],"predecessor-version":[{"id":21505,"href":"https:\/\/elfsight.com\/de\/wp-json\/wp\/v2\/pages\/8708\/revisions\/21505"}],"up":[{"embeddable":true,"href":"https:\/\/elfsight.com\/de\/wp-json\/wp\/v2\/pages\/924"}],"wp:attachment":[{"href":"https:\/\/elfsight.com\/de\/wp-json\/wp\/v2\/media?parent=8708"}],"curies":[{"name":"wp","href":"https:\/\/api.w.org\/{rel}","templated":true}]}}