{"id":8707,"date":"2024-05-03T06:35:30","date_gmt":"2024-05-03T06:35:30","guid":{"rendered":"https:\/\/elfsight.com\/de\/?page_id=8707"},"modified":"2025-02-19T08:58:14","modified_gmt":"2025-02-19T08:58:14","slug":"weebly","status":"publish","type":"page","link":"https:\/\/elfsight.com\/de\/facebook-chat-widget\/weebly\/","title":{"rendered":"Facebook Chat &#8211; Weebly"},"content":{"rendered":"\n<div class=\"application-platform-content-item-description application-platform-content-item\" id=\"description\" data-nav-section=\"description\"> <h2>Beschreibung<\/h2> <p>Die von Elfsight entwickelte Facebook-Chat-Box ist eine einfache M\u00f6glichkeit f\u00fcr Ihr Website-Publikum, mit Ihnen in Kontakt zu bleiben und Kontakte zu kn\u00fcpfen ihre Fragen beantwortet. Bleiben Sie ab sofort f\u00fcr Ihre Besucher im beliebten Messenger erreichbar, egal wo Sie sich gerade befinden. F\u00fcgen Sie Live-Chat zu Ihrem Shop hinzu und lassen Sie ihn ohne Einschr\u00e4nkungen oder nur auf bestimmten Seiten oder f\u00fcr ausgew\u00e4hlte Kundentypen erscheinen; Weisen Sie Start-Chat-Ausl\u00f6ser zu, erstellen Sie Ihre eigene Willkommensnachricht, richten Sie Symbole aus und vieles mehr. Mit dem Facebook-Messenger bleiben Sie immer und \u00fcberall mit Ihren Kunden in Kontakt. <\/p> <div class=\"faq\" data-component=\"FAQ\"> <div class=\"faq-item\">\r\n\t\t\t\t\t<div class=\"faq-item-question\">\r\n\t\t\t\t\t\t<h3 class=\"faq-item-question-text\">Wo auf meiner Website kann ich den Facebook-Chat einbetten<\/h3>\r\n\r\n\t\t\t\t\t\t<div class=\"faq-item-question-icon\"><\/div>\r\n\t\t\t\t\t<\/div>\r\n\r\n\t\t\t\t\t<div class=\"faq-item-answer\">\r\n\t\t\t\t\t\t<div class=\"faq-item-answer-text\"> <p>Unser Messenger kann sowohl auf allen Seiten Ihrer Website als auch nur auf den ausgew\u00e4hlten Seiten funktionieren. Eine andere M\u00f6glichkeit besteht darin, einfach die Seiten auszuschlie\u00dfen, auf denen Sie das Widget nicht ben\u00f6tigen. <\/p> <\/div>\r\n\t\t\t\t\t<\/div>\r\n\t\t\t\t<\/div> <div class=\"faq-item\">\r\n\t\t\t\t\t<div class=\"faq-item-question\">\r\n\t\t\t\t\t\t<h3 class=\"faq-item-question-text\">Welche Vorteile hat der Live-Chat f\u00fcr mich?<\/h3>\r\n\r\n\t\t\t\t\t\t<div class=\"faq-item-question-icon\"><\/div>\r\n\t\t\t\t\t<\/div>\r\n\r\n\t\t\t\t\t<div class=\"faq-item-answer\">\r\n\t\t\t\t\t\t<div class=\"faq-item-answer-text\"> <p>Dieses Plugin erleichtert es Besuchern, Sie mit ihren Fragen und Anliegen oder Problemen zu erreichen. Dies kann dazu beitragen, die Anzahl der Leads und K\u00e4ufe in Ihrem Gesch\u00e4ft zu erh\u00f6hen. Dar\u00fcber hinaus steigern schnelle Antworten und eine personalisierte Ansprache das Niveau Ihrer Kundenbeziehungen. <\/p> <\/div>\r\n\t\t\t\t\t<\/div>\r\n\t\t\t\t<\/div> <div class=\"faq-item\">\r\n\t\t\t\t\t<div class=\"faq-item-question\">\r\n\t\t\t\t\t\t<h3 class=\"faq-item-question-text\">Wie f\u00fcge ich Facebook-Chat zu meiner Weebly-Site hinzu?<\/h3>\r\n\r\n\t\t\t\t\t\t<div class=\"faq-item-question-icon\"><\/div>\r\n\t\t\t\t\t<\/div>\r\n\r\n\t\t\t\t\t<div class=\"faq-item-answer\">\r\n\t\t\t\t\t\t<div class=\"faq-item-answer-text\"> <p>Sie ben\u00f6tigen nur eine Minute Ihrer Zeit, um das Widget betriebsbereit zu haben. Die Einbettung ist sehr schnell, kostenlos und erfordert keine Programmierung. <\/p> <p>Elfsight Facebook Messenger kann \u00fcber unseren Service oder \u00fcber den Marktplatz hinzugef\u00fcgt werden. Sie k\u00f6nnen mehr Details \u00fcber beide Varianten erfahren und entscheiden, welche Ihre ist. <\/p> <\/div>\r\n\t\t\t\t\t<\/div>\r\n\t\t\t\t<\/div> <\/div> <\/div> <div class=\"application-platform-content-item-features application-platform-content-item\" id=\"features\" data-nav-section=\"features\"> <h2>Funktionen<\/h2> <p>Um ein vollst\u00e4ndiges Verst\u00e4ndnis der Widget-Funktionalit\u00e4t zu erhalten, schauen Sie sich die Liste an seine wesentlichen Merkmale. Sie machen dieses Widget f\u00fcr Ihre Website unglaublich n\u00fctzlich: <\/p> <ul><li>F\u00fchren Sie den Facebook-Messenger auf Ihrer Website ein, um mit Besuchern in Verbindung zu bleiben; <\/li><li>Beantworten Sie Nachrichten direkt von Ihrer Facebook-Seite aus; <\/li><li>Verwenden Sie drei Arten von Chat-Standorten: schwebende Blase, eingebettete Blase und eingebettetes Chat-Fenster; <\/li><li>Entdecken Sie eine Bibliothek mit Blasensymbolen zur Auswahl. <\/li><li>Geben Sie Ihren eindeutigen Text f\u00fcr die Chat-Blase ein. <\/li><\/ul><p><a href=\"#demo\">Eine vollst\u00e4ndige Liste der Funktionen finden Sie in unserer Live-Demo<\/a><\/p> <\/div><div class=\"application-platform-content-item-installation application-platform-content-item\" id=\"installation\" data-nav-section=\"installation\"> <h2>Entdecken Sie, wie Sie den Facebook-Chat zu Ihrer Weebly-Website hinzuf\u00fcgen<\/h2><div class=\"video-container\"><iframe width=\"560\" height=\"315\" src=\"https:\/\/www.youtube.com\/embed\/BWvWoNWaFFw?si=RzbluuueCPaBx9Ok\" frameborder=\"0\" allow=\"accelerometer; autoplay; clipboard-write; encrypted-media; gyroscope; picture-in-picture; web-share\" allowfullscreen><\/iframe><\/div><p>F\u00fchren Sie einfach die unten beschriebenen Aktionen aus, um das Widget zum Laufen zu bringen. <\/p> <ol><li><b>Verwalten Sie unsere kostenlose Demo und beginnen Sie mit der Erstellung Ihrer individuellen App. <\/b><br> Finden Sie die passende Benutzeroberfl\u00e4che und Optionen der App und speichern Sie alle \u00c4nderungen. <\/li> <li><b>Kopieren Sie Ihren pers\u00f6nlichen Code, der im Fenster von Elfsight Apps angezeigt wird. <\/b><br> Sobald die Einrichtung Ihrer pers\u00f6nlichen App abgeschlossen ist, kopieren Sie Ihren Code aus der angezeigten Box und bewahren Sie ihn zur sp\u00e4teren Verwendung auf. <\/li> <li><b>Beginnen Sie mit der Anwendung der App auf der Weebly-Webseite. <\/b><br> F\u00fcgen Sie den Code, den Sie k\u00fcrzlich kopiert haben, auf Ihrer Seite hinzu und speichern Sie die Anpassungen. <\/li> <li><b>Fertig! Das Setup wurde erfolgreich beendet. <\/b><br> Besuchen Sie Ihre Website, um zu sehen, wie die App funktioniert. <\/li><\/ol><p>Sie k\u00f6nnen sich immer noch nicht entscheiden? Oder haben Sie Fragen? Mit nur einer einzigen Anfrage an unser Support-Team k\u00f6nnen alle Probleme gel\u00f6st werden. <\/p> <\/div>\n","protected":false},"excerpt":{"rendered":"","protected":false},"author":9,"featured_media":0,"parent":924,"menu_order":0,"comment_status":"closed","ping_status":"closed","template":"templates\/template-application-platform.php","meta":{"publish_to_discourse":"","publish_post_category":"","wpdc_auto_publish_overridden":"","wpdc_topic_tags":"","wpdc_pin_topic":"","wpdc_pin_until":"","discourse_post_id":"","discourse_permalink":"","wpdc_publishing_response":"","wpdc_publishing_error":"","footnotes":""},"class_list":["post-8707","page","type-page","status-publish","hentry"],"yoast_head":"<!-- This site is optimized with the Yoast SEO plugin v25.3.1 - https:\/\/yoast.com\/wordpress\/plugins\/seo\/ -->\n<title>Facebook-Chat \u2013 Messenger-App zur Weebly-Website hinzuf\u00fcgen (in 2 Minuten)<\/title>\n<meta name=\"description\" content=\"Gestalten Sie mit Elfsight Ihren Facebook-Chat und ver\u00f6ffentlichen Sie ihn schnell und einfach auf der Weebly-Website. Wir bieten kostenlosen Kundensupport und andere Boni.\" \/>\n<meta name=\"robots\" content=\"index, follow, max-snippet:-1, max-image-preview:large, max-video-preview:-1\" \/>\n<link rel=\"canonical\" href=\"https:\/\/elfsight.com\/de\/facebook-chat-widget\/weebly\/\" \/>\n<meta property=\"og:locale\" content=\"de_DE\" \/>\n<meta property=\"og:type\" content=\"article\" \/>\n<meta property=\"og:title\" content=\"Facebook-Chat \u2013 Messenger-App zur Weebly-Website hinzuf\u00fcgen (in 2 Minuten)\" \/>\n<meta property=\"og:description\" content=\"Gestalten Sie mit Elfsight Ihren Facebook-Chat und ver\u00f6ffentlichen Sie ihn schnell und einfach auf der Weebly-Website. Wir bieten kostenlosen Kundensupport und andere Boni.\" \/>\n<meta property=\"og:url\" content=\"https:\/\/elfsight.com\/de\/facebook-chat-widget\/weebly\/\" \/>\n<meta property=\"og:site_name\" content=\"Elfsight DE\" \/>\n<meta property=\"article:modified_time\" content=\"2025-02-19T08:58:14+00:00\" \/>\n<meta name=\"twitter:card\" content=\"summary_large_image\" \/>\n<meta name=\"twitter:label1\" content=\"Gesch\u00e4tzte Lesezeit\" \/>\n\t<meta name=\"twitter:data1\" content=\"3\u00a0Minuten\" \/>\n<!-- \/ Yoast SEO plugin. -->","yoast_head_json":{"title":"Facebook-Chat \u2013 Messenger-App zur Weebly-Website hinzuf\u00fcgen (in 2 Minuten)","description":"Gestalten Sie mit Elfsight Ihren Facebook-Chat und ver\u00f6ffentlichen Sie ihn schnell und einfach auf der Weebly-Website. Wir bieten kostenlosen Kundensupport und andere Boni.","robots":{"index":"index","follow":"follow","max-snippet":"max-snippet:-1","max-image-preview":"max-image-preview:large","max-video-preview":"max-video-preview:-1"},"canonical":"https:\/\/elfsight.com\/de\/facebook-chat-widget\/weebly\/","og_locale":"de_DE","og_type":"article","og_title":"Facebook-Chat \u2013 Messenger-App zur Weebly-Website hinzuf\u00fcgen (in 2 Minuten)","og_description":"Gestalten Sie mit Elfsight Ihren Facebook-Chat und ver\u00f6ffentlichen Sie ihn schnell und einfach auf der Weebly-Website. Wir bieten kostenlosen Kundensupport und andere Boni.","og_url":"https:\/\/elfsight.com\/de\/facebook-chat-widget\/weebly\/","og_site_name":"Elfsight DE","article_modified_time":"2025-02-19T08:58:14+00:00","twitter_card":"summary_large_image","twitter_misc":{"Gesch\u00e4tzte Lesezeit":"3\u00a0Minuten"},"schema":{"@context":"https:\/\/schema.org","@graph":[{"@type":"WebPage","@id":"https:\/\/elfsight.com\/de\/facebook-chat-widget\/weebly\/","url":"https:\/\/elfsight.com\/de\/facebook-chat-widget\/weebly\/","name":"Facebook-Chat \u2013 Messenger-App zur Weebly-Website hinzuf\u00fcgen (in 2 Minuten)","isPartOf":{"@id":"https:\/\/elfsight.com\/de\/#website"},"datePublished":"2024-05-03T06:35:30+00:00","dateModified":"2025-02-19T08:58:14+00:00","description":"Gestalten Sie mit Elfsight Ihren Facebook-Chat und ver\u00f6ffentlichen Sie ihn schnell und einfach auf der Weebly-Website. Wir bieten kostenlosen Kundensupport und andere Boni.","breadcrumb":{"@id":"https:\/\/elfsight.com\/de\/facebook-chat-widget\/weebly\/#breadcrumb"},"inLanguage":"de","potentialAction":[{"@type":"ReadAction","target":["https:\/\/elfsight.com\/de\/facebook-chat-widget\/weebly\/"]}]},{"@type":"BreadcrumbList","@id":"https:\/\/elfsight.com\/de\/facebook-chat-widget\/weebly\/#breadcrumb","itemListElement":[{"@type":"ListItem","position":1,"name":"Home","item":"https:\/\/elfsight.com\/de\/"},{"@type":"ListItem","position":2,"name":"Facebook Chat","item":"https:\/\/elfsight.com\/de\/facebook-chat-widget\/"},{"@type":"ListItem","position":3,"name":"Facebook Chat &#8211; Weebly"}]},{"@type":"WebSite","@id":"https:\/\/elfsight.com\/de\/#website","url":"https:\/\/elfsight.com\/de\/","name":"Elfsight DE","description":"Just another Elfsight Sites site","potentialAction":[{"@type":"SearchAction","target":{"@type":"EntryPoint","urlTemplate":"https:\/\/elfsight.com\/de\/?s={search_term_string}"},"query-input":{"@type":"PropertyValueSpecification","valueRequired":true,"valueName":"search_term_string"}}],"inLanguage":"de"}]}},"meta_box":{"industry":"","seo_heading":"","heading":"","description":"","cta_heading":"","cta_description":"","application":"480","h1":"Weebly Facebook Messenger-App","h1_caption":"F\u00fcgen Sie Ihrer Website eine Facebook-Messenger-Chat-App hinzu, die Benutzern eine einfache M\u00f6glichkeit bietet, Sie m\u00fchelos \u00fcber Ihre Weebly-Website zu kontaktieren.","application_category":[],"applications_title":"","applications_request_title":"","applications_request_button_text":"","hero_text":"","hero_video":"","hero_video_schema_markup":"","selling_points_title":"","selling_points_caption":"","selling_points":[],"selling_points_cta_text":"","features_title":"","features":"","ed_cta_examples_text":"","ed_cta_examples_hidden":"","ed_cta_demo_text":"","ed_cta_demo_hidden":"","why_caption":"","why_editor_title":"","why_editor_text":"","why_team_title":"","why_team_text":"","why_service_title":"","why_service_text":"","template_catalog_visible":"0","template_catalog_title":"","template_catalog_text":"","template_catalog_categories_visible":"","demo_title":"Erstellen Sie Ihre Facebook-Chat-App","demo_caption":"Konfigurieren Sie Ihren Facebook-Chat und f\u00fcgen Sie ihn kostenlos zu Ihrer Weebly-Website hinzu!","default_faq_hidden":"","app_template_category":[],"platform":"249","template_public_id":"","codecanyon_url":"","codecanyon_item_id":"","codecanyon_price":"","pricing_caption":"","pricing_elfsight_apps_hide_column":"","pricing_elfsight_apps_url":"","pricing_codecanyon_price_caption":"","integration_category":[],"integration_request_title":"","integration_request_cta":"","integration_platform":"","integrations":[],"platform_category":[],"video_schema_markup":"","price":"ab 0 $ \/ Monat","trial":"","benefits":[{"text":"Kostenlose Installationsunterst\u00fctzung"},{"text":"Kompetenter Kundenservice"},{"text":"14-t\u00e4gige Geld-zur\u00fcck-Garantie"},{"text":"Lebenslange kostenlose Verbesserungen"}],"button_url":"#demo","button_target_blank":"0","button_nofollow":"0","attributes":[{"name":"Installiert","content":"10,000 - 100,000"},{"name":"Reaktionsfreudig","content":"Ja"},{"name":"Kompatible Browser","content":"Firefox, Safari, Opera, Chrome, Edge"}],"tags":[],"tags_disable_links":"0","hide_more_platforms":"0","video_object":"","demo_hide_cta":"0","demo_hide_cloud_options":"0","pricing_title":"","pricing":[{"pricing_icon":"platform","pricing_title":"Elfsight Apps","pricing_title_caption":"Plattform\u00fcbergreifende digitale L\u00f6sung","pricing_price":"ab 0 $ \/ Monat","pricing_price_caption":"Beginnen Sie mit einem kostenlosen Plan","pricing_benefits":[{"text":"Unbegrenzte Websites"},{"text":"Schnelle Unternehmensunterst\u00fctzung"},{"text":"Kostenlose Installationsunterst\u00fctzung"},{"text":"Flexibles Design"}],"pricing_button_text":"Zur Website hinzuf\u00fcgen","pricing_button_url":"#demo"}],"related_apps_title":"","related_apps_hidden":"0","author":"","image":[],"title":"","job":"","social_networks":[]},"_links":{"self":[{"href":"https:\/\/elfsight.com\/de\/wp-json\/wp\/v2\/pages\/8707","targetHints":{"allow":["GET"]}}],"collection":[{"href":"https:\/\/elfsight.com\/de\/wp-json\/wp\/v2\/pages"}],"about":[{"href":"https:\/\/elfsight.com\/de\/wp-json\/wp\/v2\/types\/page"}],"author":[{"embeddable":true,"href":"https:\/\/elfsight.com\/de\/wp-json\/wp\/v2\/users\/9"}],"replies":[{"embeddable":true,"href":"https:\/\/elfsight.com\/de\/wp-json\/wp\/v2\/comments?post=8707"}],"version-history":[{"count":3,"href":"https:\/\/elfsight.com\/de\/wp-json\/wp\/v2\/pages\/8707\/revisions"}],"predecessor-version":[{"id":24405,"href":"https:\/\/elfsight.com\/de\/wp-json\/wp\/v2\/pages\/8707\/revisions\/24405"}],"up":[{"embeddable":true,"href":"https:\/\/elfsight.com\/de\/wp-json\/wp\/v2\/pages\/924"}],"wp:attachment":[{"href":"https:\/\/elfsight.com\/de\/wp-json\/wp\/v2\/media?parent=8707"}],"curies":[{"name":"wp","href":"https:\/\/api.w.org\/{rel}","templated":true}]}}