{"id":8706,"date":"2024-05-03T06:35:29","date_gmt":"2024-05-03T06:35:29","guid":{"rendered":"https:\/\/elfsight.com\/de\/?page_id=8706"},"modified":"2025-07-08T10:36:43","modified_gmt":"2025-07-08T10:36:43","slug":"magento","status":"publish","type":"page","link":"https:\/\/elfsight.com\/de\/facebook-chat-widget\/magento\/","title":{"rendered":"Facebook Chat &#8211; Magento"},"content":{"rendered":"<div class=\"application-platform-content-item-description application-platform-content-item\" id=\"description\" data-nav-section=\"description\"> <h2>Beschreibung<\/h2> <p>Die von Elfsight entwickelte Facebook-Chat-Box ist f\u00fcr Ihre Website-Nutzer die praktischste M\u00f6glichkeit, Ihnen eine Nachricht zu senden und zu h\u00f6ren Antworten auf ihre Fragen und W\u00fcnsche. Jetzt sind Sie f\u00fcr Besucher jederzeit in einem der beliebtesten Messenger verf\u00fcgbar. Platzieren Sie den Live-Chat auf Ihrer Webseite und er kann auf den wichtigsten Seiten oder f\u00fcr bestimmte Kundenkategorien angezeigt werden, w\u00e4hlen Sie Start-Chat-Ausl\u00f6ser aus, zeigen Sie Ihre eigene Begr\u00fc\u00dfungsnachricht an, richten Sie Symbole aus und vieles mehr. Mithilfe des Facebook-Messengers auf der Website sind Sie jederzeit und unabh\u00e4ngig von Ihrem Aufenthaltsort mit Ihren Kunden verbunden. <\/p> <div class=\"faq\" data-component=\"FAQ\"><div class=\"faq-item\">\r\n\t\t\t\t\t<div class=\"faq-item-question\">\r\n\t\t\t\t\t\t<h3 class=\"faq-item-question-text\">Wie bette ich einen Facebook Messenger Chat in die Magento-Website ein? <\/h3>\r\n\r\n\t\t\t\t\t\t<div class=\"faq-item-question-icon\"><\/div>\r\n\t\t\t\t\t<\/div>\r\n\r\n\t\t\t\t\t<div class=\"faq-item-answer\">\r\n\t\t\t\t\t\t<div class=\"faq-item-answer-text\"><p>Die Erstellung des Tools erfolgt auf Elfsight Seiten und Sie m\u00fcssen nicht programmieren. Besuchen Sie die Online-Demo, um Ihre App zu erstellen, den Code zu erwerben und ihn in Ihre Website einzubetten. <\/p><\/div>\r\n\t\t\t\t\t<\/div>\r\n\t\t\t\t<\/div><div class=\"faq-item\">\r\n\t\t\t\t\t<div class=\"faq-item-question\">\r\n\t\t\t\t\t\t<h3 class=\"faq-item-question-text\">Die besten M\u00f6glichkeiten, die Facebook-Live-Chat-Integration zu nutzen<\/h3>\r\n\r\n\t\t\t\t\t\t<div class=\"faq-item-question-icon\"><\/div>\r\n\t\t\t\t\t<\/div>\r\n\r\n\t\t\t\t\t<div class=\"faq-item-answer\">\r\n\t\t\t\t\t\t<div class=\"faq-item-answer-text\"><p>Wir bieten eine F\u00fclle von Personalisierungsm\u00f6glichkeiten: vollwertige Widgets zum Einf\u00fcgen in den Inhaltsbereich , schwebende Plugins mit Scrolloptionen, Miniaturansichten f\u00fcr die Fu\u00dfzeile Ihrer Website, den Kopfbereich und alle Variationen vertikaler M\u00f6glichkeiten f\u00fcr Seitenleisten und Men\u00fcs. <\/p><\/div>\r\n\t\t\t\t\t<\/div>\r\n\t\t\t\t<\/div><div class=\"faq-item\">\r\n\t\t\t\t\t<div class=\"faq-item-question\">\r\n\t\t\t\t\t\t<h3 class=\"faq-item-question-text\">Wie erstelle ich mit Hilfe Ihres Editors einen Feedback- oder Onboarding-Facebook-Chat? <\/h3>\r\n\r\n\t\t\t\t\t\t<div class=\"faq-item-question-icon\"><\/div>\r\n\t\t\t\t\t<\/div>\r\n\r\n\t\t\t\t\t<div class=\"faq-item-answer\">\r\n\t\t\t\t\t\t<div class=\"faq-item-answer-text\"><p>Sie k\u00f6nnen gerne \u00c4nderungen an jedem Widget vornehmen. Im Editor ist eine gro\u00dfe Auswahl an Layouts verf\u00fcgbar, die alle ganz einfach an Ihre Bed\u00fcrfnisse angepasst werden k\u00f6nnen. <\/p><\/div>\r\n\t\t\t\t\t<\/div>\r\n\t\t\t\t<\/div><\/div><\/div> <div class=\"application-platform-content-item-features application-platform-content-item\" id=\"features\" data-nav-section=\"features\"> <h2>Funktionen<\/h2> <p>Um umfassende Kenntnisse \u00fcber Erweiterungen zu erlangen, k\u00f6nnen Sie die Liste studieren seiner wichtigsten Funktionen. Sie machen dieses Widget f\u00fcr Ihr Gesch\u00e4ft unglaublich effizient:<\/p> <ul><li>Richten Sie den Facebook-Messenger auf Ihrer Website ein, um mit Kunden zu chatten;<\/li><li>Chatten Sie weiter direkt von Ihrer Facebook-Seite aus;<\/li><li> Drei Arten von Chat-Positionen: schwebende Blase, eingebettete Blase und eingebettetes Chat-Fenster;<\/li><li> W\u00e4hlen Sie Ihre Blasensymbolvariante aus der Bibliothek der verf\u00fcgbaren Symbole aus; <\/li><li>Geben Sie Ihren benutzerdefinierten Text f\u00fcr die Chat-Blase ein.<\/li><\/ul><p><a href=\"#demo\">Erfahren Sie weitere Funktionen in unserer Demo<\/a><\/p> <\/div> <div class=\"application-platform-content-item-installation application-platform-content-item\" id=\"installation\" data-nav-section=\"installation\"> <h2>So f\u00fcgen Sie den Facebook-Chat zu Ihrer Magento-Website hinzu<\/h2> <p>F\u00fchren Sie einfach die folgenden Richtlinien aus, um mit der Arbeit mit der Erweiterung auf Magento zu beginnen.<\/p> <ol><li><b>F\u00fchren Sie unseren kostenlosen Editor aus und beginnen Sie mit der Erstellung Ihrer eigenen Facebook-Chat-Erweiterung. <\/b><br> Bestimmen Sie die benutzerdefinierte Schnittstelle und die Spezifikationen des Tools und wenden Sie die Korrekturen an. <\/li> <li><b>Kopieren Sie den einzelnen Code, der im Fenster von Elfsight Apps angezeigt wird. <\/b><br> Sobald die Anpassung Ihres Widgets abgeschlossen ist, kopieren Sie den individuellen Code im erscheinenden Fenster und bewahren Sie ihn f\u00fcr die weitere Verwendung auf. <\/li> <li><b>Initiieren Sie die Verwendung des Tools auf der Magento-Webseite. <\/b><br> Implementieren Sie den Code, den Sie k\u00fcrzlich gespeichert haben, in Ihre Webseite und speichern Sie die \u00c4nderungen. <\/li> <li><b>Du bist fertig! Die Integration ist vollst\u00e4ndig durchgef\u00fchrt. <\/b><br> Besuchen Sie Ihre Website, um die Leistung des Widgets zu \u00fcberpr\u00fcfen. <\/li><\/ol><p>Haben Sie noch Zweifel? Oder \u00fcber irgendetwas gestolpert? Eine einzige Anfrage an unser Support-Team hilft bei jeder Frage. <\/p> <\/div>","protected":false},"excerpt":{"rendered":"","protected":false},"author":9,"featured_media":0,"parent":924,"menu_order":0,"comment_status":"closed","ping_status":"closed","template":"templates\/template-application-platform.php","meta":{"publish_to_discourse":"","publish_post_category":"","wpdc_auto_publish_overridden":"","wpdc_topic_tags":"","wpdc_pin_topic":"","wpdc_pin_until":"","discourse_post_id":"","discourse_permalink":"","wpdc_publishing_response":"","wpdc_publishing_error":"","footnotes":""},"class_list":["post-8706","page","type-page","status-publish","hentry"],"yoast_head":"<!-- This site is optimized with the Yoast SEO plugin v25.3.1 - https:\/\/yoast.com\/wordpress\/plugins\/seo\/ -->\n<title>Facebook Chat \u2013 Messenger-Erweiterung zur Magento-Website hinzuf\u00fcgen (2025)<\/title>\n<meta name=\"description\" content=\"Es ist ganz einfach, Ihr Facebook-Chat-Widget zu erstellen und auf der Magento-Seite zu platzieren. Der Elfsight-Kundendienst ist kostenlos.\" \/>\n<meta name=\"robots\" content=\"index, follow, max-snippet:-1, max-image-preview:large, max-video-preview:-1\" \/>\n<link rel=\"canonical\" href=\"https:\/\/elfsight.com\/de\/facebook-chat-widget\/magento\/\" \/>\n<meta property=\"og:locale\" content=\"de_DE\" \/>\n<meta property=\"og:type\" content=\"article\" \/>\n<meta property=\"og:title\" content=\"Facebook Chat \u2013 Messenger-Erweiterung zur Magento-Website hinzuf\u00fcgen (2025)\" \/>\n<meta property=\"og:description\" content=\"Es ist ganz einfach, Ihr Facebook-Chat-Widget zu erstellen und auf der Magento-Seite zu platzieren. Der Elfsight-Kundendienst ist kostenlos.\" \/>\n<meta property=\"og:url\" content=\"https:\/\/elfsight.com\/de\/facebook-chat-widget\/magento\/\" \/>\n<meta property=\"og:site_name\" content=\"Elfsight DE\" \/>\n<meta property=\"article:modified_time\" content=\"2025-07-08T10:36:43+00:00\" \/>\n<meta name=\"twitter:card\" content=\"summary_large_image\" \/>\n<meta name=\"twitter:label1\" content=\"Gesch\u00e4tzte Lesezeit\" \/>\n\t<meta name=\"twitter:data1\" content=\"3\u00a0Minuten\" \/>\n<!-- \/ Yoast SEO plugin. -->","yoast_head_json":{"title":"Facebook Chat \u2013 Messenger-Erweiterung zur Magento-Website hinzuf\u00fcgen (2025)","description":"Es ist ganz einfach, Ihr Facebook-Chat-Widget zu erstellen und auf der Magento-Seite zu platzieren. Der Elfsight-Kundendienst ist kostenlos.","robots":{"index":"index","follow":"follow","max-snippet":"max-snippet:-1","max-image-preview":"max-image-preview:large","max-video-preview":"max-video-preview:-1"},"canonical":"https:\/\/elfsight.com\/de\/facebook-chat-widget\/magento\/","og_locale":"de_DE","og_type":"article","og_title":"Facebook Chat \u2013 Messenger-Erweiterung zur Magento-Website hinzuf\u00fcgen (2025)","og_description":"Es ist ganz einfach, Ihr Facebook-Chat-Widget zu erstellen und auf der Magento-Seite zu platzieren. Der Elfsight-Kundendienst ist kostenlos.","og_url":"https:\/\/elfsight.com\/de\/facebook-chat-widget\/magento\/","og_site_name":"Elfsight DE","article_modified_time":"2025-07-08T10:36:43+00:00","twitter_card":"summary_large_image","twitter_misc":{"Gesch\u00e4tzte Lesezeit":"3\u00a0Minuten"},"schema":{"@context":"https:\/\/schema.org","@graph":[{"@type":"WebPage","@id":"https:\/\/elfsight.com\/de\/facebook-chat-widget\/magento\/","url":"https:\/\/elfsight.com\/de\/facebook-chat-widget\/magento\/","name":"Facebook Chat \u2013 Messenger-Erweiterung zur Magento-Website hinzuf\u00fcgen (2025)","isPartOf":{"@id":"https:\/\/elfsight.com\/de\/#website"},"datePublished":"2024-05-03T06:35:29+00:00","dateModified":"2025-07-08T10:36:43+00:00","description":"Es ist ganz einfach, Ihr Facebook-Chat-Widget zu erstellen und auf der Magento-Seite zu platzieren. Der Elfsight-Kundendienst ist kostenlos.","breadcrumb":{"@id":"https:\/\/elfsight.com\/de\/facebook-chat-widget\/magento\/#breadcrumb"},"inLanguage":"de","potentialAction":[{"@type":"ReadAction","target":["https:\/\/elfsight.com\/de\/facebook-chat-widget\/magento\/"]}]},{"@type":"BreadcrumbList","@id":"https:\/\/elfsight.com\/de\/facebook-chat-widget\/magento\/#breadcrumb","itemListElement":[{"@type":"ListItem","position":1,"name":"Home","item":"https:\/\/elfsight.com\/de\/"},{"@type":"ListItem","position":2,"name":"Facebook Chat","item":"https:\/\/elfsight.com\/de\/facebook-chat-widget\/"},{"@type":"ListItem","position":3,"name":"Facebook Chat &#8211; Magento"}]},{"@type":"WebSite","@id":"https:\/\/elfsight.com\/de\/#website","url":"https:\/\/elfsight.com\/de\/","name":"Elfsight DE","description":"Just another Elfsight Sites site","potentialAction":[{"@type":"SearchAction","target":{"@type":"EntryPoint","urlTemplate":"https:\/\/elfsight.com\/de\/?s={search_term_string}"},"query-input":{"@type":"PropertyValueSpecification","valueRequired":true,"valueName":"search_term_string"}}],"inLanguage":"de"}]}},"meta_box":{"industry":"","seo_heading":"","heading":"","description":"","cta_heading":"","cta_description":"","application":"480","h1":"Magento Facebook Messenger Chat","h1_caption":"F\u00fcgen Sie Ihrer Website eine Facebook-Messenger-Chat-Erweiterung hinzu, die Benutzern eine einfache M\u00f6glichkeit bietet, Sie m\u00fchelos \u00fcber Ihre Magento-Website zu kontaktieren.","application_category":[],"applications_title":"","applications_request_title":"","applications_request_button_text":"","hero_text":"","hero_video":"","hero_video_schema_markup":"","selling_points_title":"","selling_points_caption":"","selling_points":[],"selling_points_cta_text":"","features_title":"","features":"","ed_cta_examples_text":"","ed_cta_examples_hidden":"","ed_cta_demo_text":"","ed_cta_demo_hidden":"","why_caption":"","why_editor_title":"","why_editor_text":"","why_team_title":"","why_team_text":"","why_service_title":"","why_service_text":"","template_catalog_visible":"","template_catalog_title":"","template_catalog_text":"","template_catalog_categories_visible":"","demo_title":"Erstellen Sie Ihre Facebook-Chat-Erweiterung","demo_caption":"Konfigurieren Sie Ihren Facebook-Chat und f\u00fcgen Sie ihn kostenlos zu Ihrer Magento-Website hinzu!","default_faq_hidden":"","app_template_category":[],"platform":"256","template_public_id":"","codecanyon_url":"","codecanyon_item_id":"","codecanyon_price":"","pricing_caption":"","pricing_elfsight_apps_hide_column":"","pricing_elfsight_apps_url":"","pricing_codecanyon_price_caption":"","integration_category":[],"integration_request_title":"","integration_request_cta":"","integration_platform":"","integrations":[],"platform_category":[],"video_schema_markup":"","price":"ab 0 $ \/ Monat","trial":"","benefits":[{"text":"Kostenlose Installationshilfe"},{"text":"Professioneller Kundenservice"},{"text":"14-t\u00e4gige R\u00fcckerstattungsgarantie"},{"text":"Kontinuierliche Verbesserungen"}],"button_url":"#demo","button_target_blank":"","button_nofollow":"","attributes":[{"name":"Installiert","content":"10,000 - 100,000"},{"name":"Reaktionsfreudig","content":"Ja"},{"name":"Kompatible Browser","content":"Firefox, Safari, Opera, Chrome, Edge"}],"tags":[],"tags_disable_links":"","hide_more_platforms":"","video_object":"","demo_hide_cta":"","demo_hide_cloud_options":"","pricing_title":"","pricing":[{"pricing_icon":"platform","pricing_title":"Elfsight Apps","pricing_title_caption":"Plattform\u00fcbergreifende Version, die auf jeder Site funktioniert","pricing_price":"ab 0 $ \/ Monat","pricing_price_caption":"Beginnen Sie mit einem kostenlosen Plan","pricing_benefits":[{"text":"Unbegrenzte Websites"},{"text":"Professionelle und p\u00fcnktliche Unterst\u00fctzung und gut dokumentiert"},{"text":"Kostenlose Installationsunterst\u00fctzung"},{"text":"Vollst\u00e4ndig anpassbar"}],"pricing_button_text":"Zur Website hinzuf\u00fcgen","pricing_button_url":"#demo"}],"related_apps_title":"","related_apps_hidden":"","author":"","image":[],"title":"","job":"","social_networks":[]},"_links":{"self":[{"href":"https:\/\/elfsight.com\/de\/wp-json\/wp\/v2\/pages\/8706","targetHints":{"allow":["GET"]}}],"collection":[{"href":"https:\/\/elfsight.com\/de\/wp-json\/wp\/v2\/pages"}],"about":[{"href":"https:\/\/elfsight.com\/de\/wp-json\/wp\/v2\/types\/page"}],"author":[{"embeddable":true,"href":"https:\/\/elfsight.com\/de\/wp-json\/wp\/v2\/users\/9"}],"replies":[{"embeddable":true,"href":"https:\/\/elfsight.com\/de\/wp-json\/wp\/v2\/comments?post=8706"}],"version-history":[{"count":2,"href":"https:\/\/elfsight.com\/de\/wp-json\/wp\/v2\/pages\/8706\/revisions"}],"predecessor-version":[{"id":21503,"href":"https:\/\/elfsight.com\/de\/wp-json\/wp\/v2\/pages\/8706\/revisions\/21503"}],"up":[{"embeddable":true,"href":"https:\/\/elfsight.com\/de\/wp-json\/wp\/v2\/pages\/924"}],"wp:attachment":[{"href":"https:\/\/elfsight.com\/de\/wp-json\/wp\/v2\/media?parent=8706"}],"curies":[{"name":"wp","href":"https:\/\/api.w.org\/{rel}","templated":true}]}}