{"id":8700,"date":"2024-05-03T06:35:27","date_gmt":"2024-05-03T06:35:27","guid":{"rendered":"https:\/\/elfsight.com\/de\/?page_id=8700"},"modified":"2025-07-08T10:36:53","modified_gmt":"2025-07-08T10:36:53","slug":"opencart","status":"publish","type":"page","link":"https:\/\/elfsight.com\/de\/facebook-chat-widget\/opencart\/","title":{"rendered":"Facebook Chat &#8211; OpenCart"},"content":{"rendered":"<div class=\"application-platform-content-item-description application-platform-content-item\" id=\"description\" data-nav-section=\"description\"> <h2>Beschreibung<\/h2> <p>Facebook Chat Box von Elfsight ist die einfachste M\u00f6glichkeit f\u00fcr Ihre Website-Kunden, mit Ihnen zu kommunizieren und Antworten zu erhalten oder helfen. Seien Sie rund um die Uhr live f\u00fcr Kunden im beliebten Messenger verf\u00fcgbar. Richten Sie Live-Chat auf der Webseite ein und dieser wird auf bestimmten Seiten oder f\u00fcr bestimmte Kundengruppen angezeigt, weisen Sie Start-Chat-Ausl\u00f6ser zu, senden Sie Ihre pers\u00f6nliche Willkommensnachricht, \u00e4ndern Sie Symbole und wenden Sie andere Personalisierungen an. Wenn der Facebook-Messenger auf der Webseite installiert ist, sind Sie f\u00fcr Ihre Kunden jederzeit und unabh\u00e4ngig von Ihrem Standort erreichbar.<\/p> <div class=\"faq\" data-component=\"FAQ\"> <div class=\"faq-item\">\r\n\t\t\t\t\t<div class=\"faq-item-question\">\r\n\t\t\t\t\t\t<h3 class=\"faq-item-question-text\">Wo auf meiner Website kann ich dieses Plugin einbetten<\/h3>\r\n\r\n\t\t\t\t\t\t<div class=\"faq-item-question-icon\"><\/div>\r\n\t\t\t\t\t<\/div>\r\n\r\n\t\t\t\t\t<div class=\"faq-item-answer\">\r\n\t\t\t\t\t\t<div class=\"faq-item-answer-text\"> <p>Sie k\u00f6nnen den Facebook-Live-Chat auf allen Seiten Ihrer Website oder nur auf den von Ihnen ausgew\u00e4hlten Seiten anzeigen. Sie k\u00f6nnen es auch auf ausgew\u00e4hlten Seiten ausblenden, auf denen Sie den Messenger nicht haben m\u00f6chten.<\/p> <\/div>\r\n\t\t\t\t\t<\/div>\r\n\t\t\t\t<\/div> <div class=\"faq-item\">\r\n\t\t\t\t\t<div class=\"faq-item-question\">\r\n\t\t\t\t\t\t<h3 class=\"faq-item-question-text\">Wie profitiere ich davon?<\/h3>\r\n\r\n\t\t\t\t\t\t<div class=\"faq-item-question-icon\"><\/div>\r\n\t\t\t\t\t<\/div>\r\n\r\n\t\t\t\t\t<div class=\"faq-item-answer\">\r\n\t\t\t\t\t\t<div class=\"faq-item-answer-text\"> <p>Das Widget macht es zu Kunden kontaktieren Sie mit ihren Fragen und W\u00fcnschen oder Problemen. Dies kann dazu beitragen, die Anzahl der Leads und Verk\u00e4ufe zu erh\u00f6hen. Dar\u00fcber hinaus steigern schnelle Antworten und ein pers\u00f6nlicher Ansatz die Qualit\u00e4t Ihres Kundenservice.<\/p> <\/div>\r\n\t\t\t\t\t<\/div>\r\n\t\t\t\t<\/div> <div class=\"faq-item\">\r\n\t\t\t\t\t<div class=\"faq-item-question\">\r\n\t\t\t\t\t\t<h3 class=\"faq-item-question-text\">Wie kann ich den Facebook-Messenger in meine OpenCart-Site einbetten?<\/h3>\r\n\r\n\t\t\t\t\t\t<div class=\"faq-item-question-icon\"><\/div>\r\n\t\t\t\t\t<\/div>\r\n\r\n\t\t\t\t\t<div class=\"faq-item-answer\">\r\n\t\t\t\t\t\t<div class=\"faq-item-answer-text\"> <p>Es dauert nur Sie ben\u00f6tigen nur ein paar Minuten, um das Widget auf der Website einzubetten. Es ist wirklich schnell, kostenlos und ohne Programmierung. <\/p> <p>Elfsight Facebook Chat kann \u00fcber unseren Service oder \u00fcber den Marktplatz in eine Website integriert werden. Sie k\u00f6nnen die Vor- und Nachteile der beiden Optionen anzeigen und eine geeignetere ausw\u00e4hlen.<\/p> <\/div>\r\n\t\t\t\t\t<\/div>\r\n\t\t\t\t<\/div> <\/div> <\/div> <div class=\"application-platform-content-item-features application-platform-content-item\" id=\"features\" data-nav-section=\"features\"> <h2>Funktionen<\/h2> <p>Um eine klare Kenntnis des Widgets zu erhalten, finden Sie hier die Liste der Hauptfunktionen. Sie machen das Widget f\u00fcr Sie unglaublich effizient:<\/p> <ul><li>Betten Sie den Facebook-Messenger in Ihre Website ein, um die Kommunikation mit Menschen herzustellen;<\/li><li>Versenden Sie Nachrichten direkt von Ihrem Facebook-Konto aus;<\/li> <li>Verwenden Sie drei Optionen f\u00fcr den Chat-Standort: schwebende Blase, eingebettete Blase und eingebettetes Chat-Fenster.<\/li><li>Verwenden Sie eine Reihe von Blasensymbolen zur Auswahl| W\u00e4hlen Sie Ihr Blasensymbol aus unserer Sammlung verf\u00fcgbarer Symbole.<\/li><li>Bearbeitbarer Blasentext.<\/li><\/ul><p><a href=\"#demo\">Weitere Funktionen finden Sie in unserer Live-Demo<\/a><\/p> <\/div> <div class=\"application-platform-content-item-installation application-platform-content-item\" id=\"installation\" data-nav-section=\"installation\"> <h2>Sehen Sie, wie Sie den Facebook Messenger zu Ihrer OpenCart-Seite hinzuf\u00fcgen<\/h2> <p>Um das Widget auf Ihrer Website zum Laufen zu bringen , Sie m\u00fcssen nur die folgenden Schritte ausf\u00fchren.<\/p> <ol><li><b>Starten Sie unseren kostenlosen Konfigurator und beginnen Sie mit der Gestaltung Ihrer einzigartigen Erweiterung. <\/b><br> W\u00e4hlen Sie die passende Anordnung und Parameter der Erweiterung und \u00fcbernehmen Sie alle \u00c4nderungen. <\/li> <li><b>Kopieren Sie Ihren eindeutigen Code, der im Fenster von Elfsight Apps angezeigt wird. <\/b><br> Nachdem die Generierung Ihrer pers\u00f6nlichen Erweiterung abgeschlossen ist, kopieren Sie Ihren Code im angezeigten Popup und speichern Sie ihn zur sp\u00e4teren Verwendung. <\/li> <li><b>Initiieren Sie die Nutzung der Erweiterung auf der OpenCart-Webseite. <\/b><br> Integrieren Sie den zuvor kopierten Code in Ihre Website und speichern Sie die \u00c4nderungen. <\/li> <li><b>Du bist fertig! Die Integration ist vollst\u00e4ndig abgeschlossen. <\/b><br> Besuchen Sie Ihre Website, um die Funktion der Erweiterung zu \u00fcberpr\u00fcfen. <\/li><\/ol><p>Zweifeln Sie immer noch an etwas? Oder haben Sie Anfragen? Senden Sie einfach Ihre Anfrage an unseren Kundensupport, der alle Fragen kl\u00e4ren wird. <\/p> <\/div>","protected":false},"excerpt":{"rendered":"","protected":false},"author":9,"featured_media":0,"parent":924,"menu_order":0,"comment_status":"closed","ping_status":"closed","template":"templates\/template-application-platform.php","meta":{"publish_to_discourse":"","publish_post_category":"","wpdc_auto_publish_overridden":"","wpdc_topic_tags":"","wpdc_pin_topic":"","wpdc_pin_until":"","discourse_post_id":"","discourse_permalink":"","wpdc_publishing_response":"","wpdc_publishing_error":"","footnotes":""},"class_list":["post-8700","page","type-page","status-publish","hentry"],"yoast_head":"<!-- This site is optimized with the Yoast SEO plugin v25.3.1 - https:\/\/yoast.com\/wordpress\/plugins\/seo\/ -->\n<title>Facebook Messenger \u2013 Chat-Erweiterung zur OpenCart-Website hinzuf\u00fcgen (2025)<\/title>\n<meta name=\"description\" content=\"Hier haben Sie die M\u00f6glichkeit, ein Facebook-Chat-Widget zu erstellen und es in Ihre OpenCart-Website einzubetten. Sie profitieren von kostenlosem Kundensupport und anderen Verg\u00fcnstigungen.\" \/>\n<meta name=\"robots\" content=\"index, follow, max-snippet:-1, max-image-preview:large, max-video-preview:-1\" \/>\n<link rel=\"canonical\" href=\"https:\/\/elfsight.com\/de\/facebook-chat-widget\/opencart\/\" \/>\n<meta property=\"og:locale\" content=\"de_DE\" \/>\n<meta property=\"og:type\" content=\"article\" \/>\n<meta property=\"og:title\" content=\"Facebook Messenger \u2013 Chat-Erweiterung zur OpenCart-Website hinzuf\u00fcgen (2025)\" \/>\n<meta property=\"og:description\" content=\"Hier haben Sie die M\u00f6glichkeit, ein Facebook-Chat-Widget zu erstellen und es in Ihre OpenCart-Website einzubetten. Sie profitieren von kostenlosem Kundensupport und anderen Verg\u00fcnstigungen.\" \/>\n<meta property=\"og:url\" content=\"https:\/\/elfsight.com\/de\/facebook-chat-widget\/opencart\/\" \/>\n<meta property=\"og:site_name\" content=\"Elfsight DE\" \/>\n<meta property=\"article:modified_time\" content=\"2025-07-08T10:36:53+00:00\" \/>\n<meta name=\"twitter:card\" content=\"summary_large_image\" \/>\n<meta name=\"twitter:label1\" content=\"Gesch\u00e4tzte Lesezeit\" \/>\n\t<meta name=\"twitter:data1\" content=\"3\u00a0Minuten\" \/>\n<!-- \/ Yoast SEO plugin. -->","yoast_head_json":{"title":"Facebook Messenger \u2013 Chat-Erweiterung zur OpenCart-Website hinzuf\u00fcgen (2025)","description":"Hier haben Sie die M\u00f6glichkeit, ein Facebook-Chat-Widget zu erstellen und es in Ihre OpenCart-Website einzubetten. Sie profitieren von kostenlosem Kundensupport und anderen Verg\u00fcnstigungen.","robots":{"index":"index","follow":"follow","max-snippet":"max-snippet:-1","max-image-preview":"max-image-preview:large","max-video-preview":"max-video-preview:-1"},"canonical":"https:\/\/elfsight.com\/de\/facebook-chat-widget\/opencart\/","og_locale":"de_DE","og_type":"article","og_title":"Facebook Messenger \u2013 Chat-Erweiterung zur OpenCart-Website hinzuf\u00fcgen (2025)","og_description":"Hier haben Sie die M\u00f6glichkeit, ein Facebook-Chat-Widget zu erstellen und es in Ihre OpenCart-Website einzubetten. Sie profitieren von kostenlosem Kundensupport und anderen Verg\u00fcnstigungen.","og_url":"https:\/\/elfsight.com\/de\/facebook-chat-widget\/opencart\/","og_site_name":"Elfsight DE","article_modified_time":"2025-07-08T10:36:53+00:00","twitter_card":"summary_large_image","twitter_misc":{"Gesch\u00e4tzte Lesezeit":"3\u00a0Minuten"},"schema":{"@context":"https:\/\/schema.org","@graph":[{"@type":"WebPage","@id":"https:\/\/elfsight.com\/de\/facebook-chat-widget\/opencart\/","url":"https:\/\/elfsight.com\/de\/facebook-chat-widget\/opencart\/","name":"Facebook Messenger \u2013 Chat-Erweiterung zur OpenCart-Website hinzuf\u00fcgen (2025)","isPartOf":{"@id":"https:\/\/elfsight.com\/de\/#website"},"datePublished":"2024-05-03T06:35:27+00:00","dateModified":"2025-07-08T10:36:53+00:00","description":"Hier haben Sie die M\u00f6glichkeit, ein Facebook-Chat-Widget zu erstellen und es in Ihre OpenCart-Website einzubetten. Sie profitieren von kostenlosem Kundensupport und anderen Verg\u00fcnstigungen.","breadcrumb":{"@id":"https:\/\/elfsight.com\/de\/facebook-chat-widget\/opencart\/#breadcrumb"},"inLanguage":"de","potentialAction":[{"@type":"ReadAction","target":["https:\/\/elfsight.com\/de\/facebook-chat-widget\/opencart\/"]}]},{"@type":"BreadcrumbList","@id":"https:\/\/elfsight.com\/de\/facebook-chat-widget\/opencart\/#breadcrumb","itemListElement":[{"@type":"ListItem","position":1,"name":"Home","item":"https:\/\/elfsight.com\/de\/"},{"@type":"ListItem","position":2,"name":"Facebook Chat","item":"https:\/\/elfsight.com\/de\/facebook-chat-widget\/"},{"@type":"ListItem","position":3,"name":"Facebook Chat &#8211; OpenCart"}]},{"@type":"WebSite","@id":"https:\/\/elfsight.com\/de\/#website","url":"https:\/\/elfsight.com\/de\/","name":"Elfsight DE","description":"Just another Elfsight Sites site","potentialAction":[{"@type":"SearchAction","target":{"@type":"EntryPoint","urlTemplate":"https:\/\/elfsight.com\/de\/?s={search_term_string}"},"query-input":{"@type":"PropertyValueSpecification","valueRequired":true,"valueName":"search_term_string"}}],"inLanguage":"de"}]}},"meta_box":{"industry":"","seo_heading":"","heading":"","description":"","cta_heading":"","cta_description":"","application":"480","h1":"OpenCart Facebook-Chat-Erweiterung","h1_caption":"F\u00fcgen Sie Ihrer Website eine Facebook-Messenger-Chat-Erweiterung hinzu, die Benutzern eine einfache M\u00f6glichkeit bietet, Sie m\u00fchelos \u00fcber Ihre Opencart-Website zu kontaktieren.","application_category":[],"applications_title":"","applications_request_title":"","applications_request_button_text":"","hero_text":"","hero_video":"","hero_video_schema_markup":"","selling_points_title":"","selling_points_caption":"","selling_points":[],"selling_points_cta_text":"","features_title":"","features":"","ed_cta_examples_text":"","ed_cta_examples_hidden":"","ed_cta_demo_text":"","ed_cta_demo_hidden":"","why_caption":"","why_editor_title":"","why_editor_text":"","why_team_title":"","why_team_text":"","why_service_title":"","why_service_text":"","template_catalog_visible":"","template_catalog_title":"","template_catalog_text":"","template_catalog_categories_visible":"","demo_title":"Erstellen Sie Ihre Facebook-Chat-Erweiterung","demo_caption":"Konfigurieren Sie Ihren Facebook-Chat und f\u00fcgen Sie ihn kostenlos zu Ihrer OpenCart-Website hinzu!","default_faq_hidden":"","app_template_category":[],"platform":"254","template_public_id":"","codecanyon_url":"","codecanyon_item_id":"","codecanyon_price":"","pricing_caption":"","pricing_elfsight_apps_hide_column":"","pricing_elfsight_apps_url":"","pricing_codecanyon_price_caption":"","integration_category":[],"integration_request_title":"","integration_request_cta":"","integration_platform":"","integrations":[],"platform_category":[],"video_schema_markup":"","price":"ab 0 $ \/ Monat","trial":"","benefits":[{"text":"Kostenlose Installationshilfe"},{"text":"Au\u00dfergew\u00f6hnliche Unterst\u00fctzung"},{"text":"14-t\u00e4gige R\u00fcckerstattungsgarantie"},{"text":"Lebenslange Verbesserungen"}],"button_url":"#demo","button_target_blank":"","button_nofollow":"","attributes":[{"name":"Installiert","content":"10,000 - 100,000"},{"name":"Reaktionsfreudig","content":"Ja"},{"name":"Kompatible Browser","content":"Edge, Safari, Chrome, Firefox, Opera"}],"tags":[],"tags_disable_links":"","hide_more_platforms":"","video_object":"","demo_hide_cta":"","demo_hide_cloud_options":"","pricing_title":"","pricing":[{"pricing_icon":"platform","pricing_title":"Elfsight Apps","pricing_title_caption":"Plattformunabh\u00e4ngige digitale L\u00f6sung, die auf jeder Website funktioniert","pricing_price":"ab 0 $ \/ Monat","pricing_price_caption":"Beginnen Sie mit einem kostenlosen Plan","pricing_benefits":[{"text":"Unbegrenzte Websites"},{"text":"Kostenloser und p\u00fcnktlicher Support"},{"text":"Kostenloser Installationssupport"},{"text":"Vollst\u00e4ndig anpassbar"}],"pricing_button_text":"Zur Website hinzuf\u00fcgen","pricing_button_url":"#demo"}],"related_apps_title":"","related_apps_hidden":"","author":"","image":[],"title":"","job":"","social_networks":[]},"_links":{"self":[{"href":"https:\/\/elfsight.com\/de\/wp-json\/wp\/v2\/pages\/8700","targetHints":{"allow":["GET"]}}],"collection":[{"href":"https:\/\/elfsight.com\/de\/wp-json\/wp\/v2\/pages"}],"about":[{"href":"https:\/\/elfsight.com\/de\/wp-json\/wp\/v2\/types\/page"}],"author":[{"embeddable":true,"href":"https:\/\/elfsight.com\/de\/wp-json\/wp\/v2\/users\/9"}],"replies":[{"embeddable":true,"href":"https:\/\/elfsight.com\/de\/wp-json\/wp\/v2\/comments?post=8700"}],"version-history":[{"count":1,"href":"https:\/\/elfsight.com\/de\/wp-json\/wp\/v2\/pages\/8700\/revisions"}],"predecessor-version":[{"id":8704,"href":"https:\/\/elfsight.com\/de\/wp-json\/wp\/v2\/pages\/8700\/revisions\/8704"}],"up":[{"embeddable":true,"href":"https:\/\/elfsight.com\/de\/wp-json\/wp\/v2\/pages\/924"}],"wp:attachment":[{"href":"https:\/\/elfsight.com\/de\/wp-json\/wp\/v2\/media?parent=8700"}],"curies":[{"name":"wp","href":"https:\/\/api.w.org\/{rel}","templated":true}]}}