{"id":8697,"date":"2024-05-03T06:35:24","date_gmt":"2024-05-03T06:35:24","guid":{"rendered":"https:\/\/elfsight.com\/de\/?page_id=8697"},"modified":"2025-02-19T08:45:58","modified_gmt":"2025-02-19T08:45:58","slug":"elementor","status":"publish","type":"page","link":"https:\/\/elfsight.com\/de\/facebook-chat-widget\/elementor\/","title":{"rendered":"Facebook Chat &#8211; Elementor"},"content":{"rendered":"\n<div class=\"application-platform-content-item-description application-platform-content-item\" id=\"description\" data-nav-section=\"description\"> <h2>Facebook-Chat auf Elementor mit dem Elfsight-Widget einbetten<\/h2> <p>Facebook Messenger von Elfsight ist die praktischste Variante f\u00fcr Ihre Website-Kunden um ein Gespr\u00e4ch mit Ihnen zu beginnen und Antworten auf ihre Fragen und W\u00fcnsche zu erhalten. Jetzt k\u00f6nnen Sie Ihren Zuschauern in ihrem beliebtesten Messenger live zur Verf\u00fcgung stehen. F\u00fcgen Sie das Chat-Widget f\u00fcr Facebook zu allen Seiten Ihres Shops hinzu, w\u00e4hlen Sie bestimmte Seiten daf\u00fcr aus; Lassen Sie es f\u00fcr alle Besucher oder nur f\u00fcr bestimmte Kundentypen sichtbar sein. Richten Sie Start-Chat-Ausl\u00f6ser ein, f\u00fcgen Sie Ihre benutzerdefinierte Willkommensnachricht ein, w\u00e4hlen Sie Symbole aus und vieles mehr. Mit dem Facebook-Chat auf Ihrer Webseite bleiben Sie jederzeit und von jedem Ort aus mit Ihren Nutzern in Kontakt.<\/p> <div class=\"faq\" data-component=\"FAQ\"> <div class=\"faq-item\">\r\n\t\t\t\t\t<div class=\"faq-item-question\">\r\n\t\t\t\t\t\t<h3 class=\"faq-item-question-text\">Wo auf meiner Website kann ich dieses Plugin integrieren<\/h3>\r\n\r\n\t\t\t\t\t\t<div class=\"faq-item-question-icon\"><\/div>\r\n\t\t\t\t\t<\/div>\r\n\r\n\t\t\t\t\t<div class=\"faq-item-answer\">\r\n\t\t\t\t\t\t<div class=\"faq-item-answer-text\"> <p> Sie k\u00f6nnen Facebook-Chat in jede Seite Ihrer Website oder nur in ausgew\u00e4hlte Seiten einbetten. Eine andere M\u00f6glichkeit besteht darin, es von ausgew\u00e4hlten Seiten auszuschlie\u00dfen, auf denen Sie es nicht m\u00f6chten.<\/p> <\/div>\r\n\t\t\t\t\t<\/div>\r\n\t\t\t\t<\/div> <div class=\"faq-item\">\r\n\t\t\t\t\t<div class=\"faq-item-question\">\r\n\t\t\t\t\t\t<h3 class=\"faq-item-question-text\">Welche Vorteile kann es mir bieten?<\/h3>\r\n\r\n\t\t\t\t\t\t<div class=\"faq-item-question-icon\"><\/div>\r\n\t\t\t\t\t<\/div>\r\n\r\n\t\t\t\t\t<div class=\"faq-item-answer\">\r\n\t\t\t\t\t\t<div class=\"faq-item-answer-text\"> <p>Dadurch erreichen Kunden Sie mit ihren Fragen und W\u00fcnschen oder Problemen. Dies kann dazu beitragen, die Anzahl der Leads und Verk\u00e4ufe auf Ihrer Website zu erh\u00f6hen. Dar\u00fcber hinaus steigern schnelle Antworten und eine individuelle Herangehensweise das Niveau Ihrer Kundenbeziehungen.<\/p> <\/div>\r\n\t\t\t\t\t<\/div>\r\n\t\t\t\t<\/div> <div class=\"faq-item\">\r\n\t\t\t\t\t<div class=\"faq-item-question\">\r\n\t\t\t\t\t\t<h3 class=\"faq-item-question-text\">Was ben\u00f6tige ich, um den Facebook-Messenger in meine Elementor-Website einzubetten?<\/h3>\r\n\r\n\t\t\t\t\t\t<div class=\"faq-item-question-icon\"><\/div>\r\n\t\t\t\t\t<\/div>\r\n\r\n\t\t\t\t\t<div class=\"faq-item-answer\">\r\n\t\t\t\t\t\t<div class=\"faq-item-answer-text\"> <p>It Die Verwendung des Widgets dauert nur zwei Minuten. Die Installation ist extrem schnell, kostenlos und erfordert keine Programmierung.<\/p> <p>Elfsight Facebook Chat kann \u00fcber unseren Service oder \u00fcber den Marktplatz in Ihre Website eingef\u00fcgt werden. Sie k\u00f6nnen beide Optionen w\u00e4hlen und eine passendere ausw\u00e4hlen.<\/p> <\/div>\r\n\t\t\t\t\t<\/div>\r\n\t\t\t\t<\/div> <\/div> <\/div><div class=\"application-platform-content-item-features application-platform-content-item\" id=\"features\" data-nav-section=\"features\"> <h2>Hauptfunktionen des Facebook-Chat-Widgets<\/h2> <p>Um das Chat-Widget besser zu verstehen, sehen Sie sich die Liste der wesentlichen Funktionen an, die es bietet. Sie machen dieses Widget f\u00fcr Sie \u00e4u\u00dferst n\u00fctzlich:<\/p> <ul><li>F\u00fcgen Sie den Facebook-Messenger in Ihren Shop ein, um mit den Zuschauern in Kontakt zu treten;<\/li><li>Versenden Sie Nachrichten direkt von Ihrem Facebook-Konto aus;<\/li><li>W\u00e4hlen Sie zwischen drei Varianten des Chat-Layouts: als schwebende Blase, eingebettete Blase und eingebettetes Chat-Fenster;<\/li><li>Verwenden Sie eine Sammlung von Blasensymbolen zur Auswahl;<\/li><li>Geben Sie Ihr pers\u00f6nliches ein Text der Chat-Blase.<\/li><\/ul><p><a href=\"#demo\">Live-Demo zeigt Ihnen eine vollst\u00e4ndige Liste der Funktionen<\/a><\/p> <\/div><div class=\"application-platform-content-item-installation application-platform-content-item\" id=\"installation\" data-nav-section=\"installation\"> <h2>Sehen wir uns an, wie Sie den Facebook-Chat zu Ihrer Elementor-Website hinzuf\u00fcgen<\/h2><div class=\"video-container\"><iframe width=\"560\" height=\"315\" src=\"https:\/\/www.youtube.com\/embed\/mcaqM0XgAvs?si=nZwYLWhq5vl5P-dx\" frameborder=\"0\" allow=\"accelerometer; autoplay; clipboard-write; encrypted-media; gyroscope; picture-in-picture; web-share\" allowfullscreen><\/iframe><\/div><p>F\u00fchren Sie einfach die unten beschriebenen Schritte aus, um das Widget zu Ihrem hinzuzuf\u00fcgen Website.<\/p><ul><li><b>Erstellen Sie Ihr personalisiertes Chat-Widget<\/b><br>Generieren Sie mit Hilfe unseres kostenlosen Editors ein Plugin mit dem gew\u00fcnschten Design und den gew\u00fcnschten Funktionen.<\/li><li><b>Erhalten Sie einen Code f\u00fcr die Installation des Plugins<\/b><br>Nach der Widget-Einstellung erhalten Sie einen Code f\u00fcr das Chat-Widget von der erscheinenden Benachrichtigung auf Elfsight Apps.<\/li><li><b>Betten Sie das Plugin auf der Website ein <\/b><br>Zeigen Sie das Plugin an der gew\u00fcnschten Stelle der Website an und speichern Sie die Ergebnisse.<\/li><li><b>Fertig!<\/b><br> Besuchen Sie Ihre Elementor-Website, um Ihr Plugin zu sehen .<\/li><p>Sie k\u00f6nnen sich immer noch nicht entscheiden? Oder haben Sie eine Anfrage? Eine einzige Anfrage an unseren Kundensupport hilft bei jedem Problem. <\/p> <\/div><\/ul>\n","protected":false},"excerpt":{"rendered":"","protected":false},"author":9,"featured_media":0,"parent":924,"menu_order":0,"comment_status":"closed","ping_status":"closed","template":"templates\/template-application-platform.php","meta":{"publish_to_discourse":"","publish_post_category":"","wpdc_auto_publish_overridden":"","wpdc_topic_tags":"","wpdc_pin_topic":"","wpdc_pin_until":"","discourse_post_id":"","discourse_permalink":"","wpdc_publishing_response":"","wpdc_publishing_error":"","footnotes":""},"class_list":["post-8697","page","type-page","status-publish","hentry"],"yoast_head":"<!-- This site is optimized with the Yoast SEO plugin v25.3.1 - https:\/\/yoast.com\/wordpress\/plugins\/seo\/ -->\n<title>Facebook Messenger \u2013 Live-Chat zur Elementor-Website hinzuf\u00fcgen<\/title>\n<meta name=\"description\" content=\"Entwerfen Sie mit Elfsight Ihr Facebook-Chat-Widget und zeigen Sie es schnell und einfach auf Ihrer Elementor-Website an. Wir bieten kostenlosen Kundenservice und weitere Boni.\" \/>\n<meta name=\"robots\" content=\"index, follow, max-snippet:-1, max-image-preview:large, max-video-preview:-1\" \/>\n<link rel=\"canonical\" href=\"https:\/\/elfsight.com\/de\/facebook-chat-widget\/elementor\/\" \/>\n<meta property=\"og:locale\" content=\"de_DE\" \/>\n<meta property=\"og:type\" content=\"article\" \/>\n<meta property=\"og:title\" content=\"Facebook Messenger \u2013 Live-Chat zur Elementor-Website hinzuf\u00fcgen\" \/>\n<meta property=\"og:description\" content=\"Entwerfen Sie mit Elfsight Ihr Facebook-Chat-Widget und zeigen Sie es schnell und einfach auf Ihrer Elementor-Website an. Wir bieten kostenlosen Kundenservice und weitere Boni.\" \/>\n<meta property=\"og:url\" content=\"https:\/\/elfsight.com\/de\/facebook-chat-widget\/elementor\/\" \/>\n<meta property=\"og:site_name\" content=\"Elfsight DE\" \/>\n<meta property=\"article:modified_time\" content=\"2025-02-19T08:45:58+00:00\" \/>\n<meta name=\"twitter:card\" content=\"summary_large_image\" \/>\n<meta name=\"twitter:label1\" content=\"Gesch\u00e4tzte Lesezeit\" \/>\n\t<meta name=\"twitter:data1\" content=\"3\u00a0Minuten\" \/>\n<!-- \/ Yoast SEO plugin. -->","yoast_head_json":{"title":"Facebook Messenger \u2013 Live-Chat zur Elementor-Website hinzuf\u00fcgen","description":"Entwerfen Sie mit Elfsight Ihr Facebook-Chat-Widget und zeigen Sie es schnell und einfach auf Ihrer Elementor-Website an. Wir bieten kostenlosen Kundenservice und weitere Boni.","robots":{"index":"index","follow":"follow","max-snippet":"max-snippet:-1","max-image-preview":"max-image-preview:large","max-video-preview":"max-video-preview:-1"},"canonical":"https:\/\/elfsight.com\/de\/facebook-chat-widget\/elementor\/","og_locale":"de_DE","og_type":"article","og_title":"Facebook Messenger \u2013 Live-Chat zur Elementor-Website hinzuf\u00fcgen","og_description":"Entwerfen Sie mit Elfsight Ihr Facebook-Chat-Widget und zeigen Sie es schnell und einfach auf Ihrer Elementor-Website an. Wir bieten kostenlosen Kundenservice und weitere Boni.","og_url":"https:\/\/elfsight.com\/de\/facebook-chat-widget\/elementor\/","og_site_name":"Elfsight DE","article_modified_time":"2025-02-19T08:45:58+00:00","twitter_card":"summary_large_image","twitter_misc":{"Gesch\u00e4tzte Lesezeit":"3\u00a0Minuten"},"schema":{"@context":"https:\/\/schema.org","@graph":[{"@type":"WebPage","@id":"https:\/\/elfsight.com\/de\/facebook-chat-widget\/elementor\/","url":"https:\/\/elfsight.com\/de\/facebook-chat-widget\/elementor\/","name":"Facebook Messenger \u2013 Live-Chat zur Elementor-Website hinzuf\u00fcgen","isPartOf":{"@id":"https:\/\/elfsight.com\/de\/#website"},"datePublished":"2024-05-03T06:35:24+00:00","dateModified":"2025-02-19T08:45:58+00:00","description":"Entwerfen Sie mit Elfsight Ihr Facebook-Chat-Widget und zeigen Sie es schnell und einfach auf Ihrer Elementor-Website an. Wir bieten kostenlosen Kundenservice und weitere Boni.","breadcrumb":{"@id":"https:\/\/elfsight.com\/de\/facebook-chat-widget\/elementor\/#breadcrumb"},"inLanguage":"de","potentialAction":[{"@type":"ReadAction","target":["https:\/\/elfsight.com\/de\/facebook-chat-widget\/elementor\/"]}]},{"@type":"BreadcrumbList","@id":"https:\/\/elfsight.com\/de\/facebook-chat-widget\/elementor\/#breadcrumb","itemListElement":[{"@type":"ListItem","position":1,"name":"Home","item":"https:\/\/elfsight.com\/de\/"},{"@type":"ListItem","position":2,"name":"Facebook Chat","item":"https:\/\/elfsight.com\/de\/facebook-chat-widget\/"},{"@type":"ListItem","position":3,"name":"Facebook Chat &#8211; Elementor"}]},{"@type":"WebSite","@id":"https:\/\/elfsight.com\/de\/#website","url":"https:\/\/elfsight.com\/de\/","name":"Elfsight DE","description":"Just another Elfsight Sites site","potentialAction":[{"@type":"SearchAction","target":{"@type":"EntryPoint","urlTemplate":"https:\/\/elfsight.com\/de\/?s={search_term_string}"},"query-input":{"@type":"PropertyValueSpecification","valueRequired":true,"valueName":"search_term_string"}}],"inLanguage":"de"}]}},"meta_box":{"industry":"","seo_heading":"","heading":"","description":"","cta_heading":"","cta_description":"","application":"480","h1":"Elementor Facebook Messenger-Widget","h1_caption":"F\u00fcgen Sie Ihrer Website ein Facebook-Messenger-Chat-Widget hinzu, das Benutzern eine einfache M\u00f6glichkeit bietet, Sie m\u00fchelos \u00fcber Ihre Elementor-Website zu kontaktieren.","application_category":[],"applications_title":"","applications_request_title":"","applications_request_button_text":"","hero_text":"","hero_video":"","hero_video_schema_markup":"","selling_points_title":"","selling_points_caption":"","selling_points":[],"selling_points_cta_text":"","features_title":"","features":"","ed_cta_examples_text":"","ed_cta_examples_hidden":"","ed_cta_demo_text":"","ed_cta_demo_hidden":"","why_caption":"","why_editor_title":"","why_editor_text":"","why_team_title":"","why_team_text":"","why_service_title":"","why_service_text":"","template_catalog_visible":"0","template_catalog_title":"","template_catalog_text":"","template_catalog_categories_visible":"","demo_title":"Erstellen Sie Ihr Facebook-Chat-Widget","demo_caption":"Konfigurieren Sie Ihren Facebook-Chat und f\u00fcgen Sie ihn kostenlos zu Ihrer Elementor-Website hinzu!","default_faq_hidden":"","app_template_category":[],"platform":"223","template_public_id":"","codecanyon_url":"","codecanyon_item_id":"","codecanyon_price":"","pricing_caption":"","pricing_elfsight_apps_hide_column":"","pricing_elfsight_apps_url":"","pricing_codecanyon_price_caption":"","integration_category":[],"integration_request_title":"","integration_request_cta":"","integration_platform":"","integrations":[],"platform_category":[],"video_schema_markup":"","price":"ab 0 $ \/ Monat","trial":"","benefits":[{"text":"Kostenloser Installationsservice"},{"text":"Au\u00dfergew\u00f6hnlicher Support"},{"text":"14-t\u00e4gige R\u00fcckerstattungsgarantie"},{"text":"Laufende kostenlose Updates"}],"button_url":"#demo","button_target_blank":"0","button_nofollow":"0","attributes":[{"name":"Installiert","content":"10,000 - 100,000"},{"name":"Reaktionsfreudig","content":"Adaptives Design"},{"name":"Kompatible Browser","content":"Firefox, Safari, Opera, Chrome, Edge"}],"tags":[],"tags_disable_links":"0","hide_more_platforms":"0","video_object":"","demo_hide_cta":"0","demo_hide_cloud_options":"0","pricing_title":"","pricing":[{"pricing_icon":"platform","pricing_title":"Elfsight Apps","pricing_title_caption":"Plattform\u00fcbergreifende digitale L\u00f6sung","pricing_price":"ab 0 $ \/ Monat","pricing_price_caption":"Beginnen Sie mit einem kostenlosen Plan","pricing_benefits":[{"text":"Unbegrenzte Domains"},{"text":"Erstklassiger Kundensupport und gut dokumentiert"},{"text":"Kostenloser Installationsservice"},{"text":"Sonderpreis f\u00fcr mehrere Apps"}],"pricing_button_text":"Zur Website hinzuf\u00fcgen","pricing_button_url":"#demo"}],"related_apps_title":"","related_apps_hidden":"0","author":"","image":[],"title":"","job":"","social_networks":[]},"_links":{"self":[{"href":"https:\/\/elfsight.com\/de\/wp-json\/wp\/v2\/pages\/8697","targetHints":{"allow":["GET"]}}],"collection":[{"href":"https:\/\/elfsight.com\/de\/wp-json\/wp\/v2\/pages"}],"about":[{"href":"https:\/\/elfsight.com\/de\/wp-json\/wp\/v2\/types\/page"}],"author":[{"embeddable":true,"href":"https:\/\/elfsight.com\/de\/wp-json\/wp\/v2\/users\/9"}],"replies":[{"embeddable":true,"href":"https:\/\/elfsight.com\/de\/wp-json\/wp\/v2\/comments?post=8697"}],"version-history":[{"count":3,"href":"https:\/\/elfsight.com\/de\/wp-json\/wp\/v2\/pages\/8697\/revisions"}],"predecessor-version":[{"id":24400,"href":"https:\/\/elfsight.com\/de\/wp-json\/wp\/v2\/pages\/8697\/revisions\/24400"}],"up":[{"embeddable":true,"href":"https:\/\/elfsight.com\/de\/wp-json\/wp\/v2\/pages\/924"}],"wp:attachment":[{"href":"https:\/\/elfsight.com\/de\/wp-json\/wp\/v2\/media?parent=8697"}],"curies":[{"name":"wp","href":"https:\/\/api.w.org\/{rel}","templated":true}]}}