{"id":8692,"date":"2024-05-03T06:35:23","date_gmt":"2024-05-03T06:35:23","guid":{"rendered":"https:\/\/elfsight.com\/de\/?page_id=8692"},"modified":"2025-07-08T10:36:14","modified_gmt":"2025-07-08T10:36:14","slug":"iframe","status":"publish","type":"page","link":"https:\/\/elfsight.com\/de\/facebook-chat-widget\/iframe\/","title":{"rendered":"Facebook Chat &#8211; iFrame"},"content":{"rendered":"<div class=\"application-platform-content-item-description application-platform-content-item\" id=\"description\" data-nav-section=\"description\"><h2>Facebook-Chat auf iFrame mit dem Elfsight-Widget einbetten<\/h2><p>Facebook-Chat von Elfsight ist die einfachste M\u00f6glichkeit f\u00fcr Ihre Website-Benutzer um mit Ihnen zu kommunizieren und Antworten auf ihre Fragen zu erhalten. Jetzt sind Sie im bequemsten Messenger den ganzen Tag online f\u00fcr Ihr Publikum erreichbar. F\u00fcgen Sie Messenger auf der Webseite ein und lassen Sie ihn auf den wichtigsten Seiten oder f\u00fcr ausgew\u00e4hlte Kundentypen erscheinen, weisen Sie Start-Chat-Ausl\u00f6ser zu, zeigen Sie Ihre einzigartige Willkommensnachricht an, w\u00e4hlen Sie Symbole aus und tun Sie mehr. Mit unserem Chat auf Ihrer Website bleiben Sie jederzeit und von \u00fcberall \u00fcber Ihre Besucher auf dem Laufenden.<\/p><p><b>W\u00e4hlen Sie Facebook-Chat und verbessern Sie Ihren Kundenservice!<\/b><\/p> <\/div> <div class=\"application-platform-content-item-features application-platform-content-item\" id=\"features\" data-nav-section=\"features\"><h2>Hauptfunktionen des Facebook-Chat-Widgets<\/h2><p>Um den Facebook-Chat besser zu verstehen, sehen Sie sich die Liste seiner wichtigsten Funktionen an. Sie machen unser Widget f\u00fcr Ihre Werbung unglaublich effektiv: <\/p> <ul><li>Integrieren Sie den Facebook-Messenger auf Ihrer Website, um f\u00fcr Benutzer immer verf\u00fcgbar zu bleiben;<\/li><li>Beantworten Sie Nachrichten direkt von Ihrer Facebook-Seite aus;<\/li><li>Verwenden Sie drei Arten von Chat-Layouts: als schwebende Blase, eingebettete Blase und eingebettetes Chat-Fenster;<\/li><li>Entdecken Sie eine Sammlung von Blasensymbolen, aus denen Sie \u00fcbernehmen k\u00f6nnen| Suchen Sie Ihr Blasensymbol in der Bibliothek der verf\u00fcgbaren Symbole.<\/li><li>Bearbeiten Sie den Text der Chat-Blase.<\/li><\/ul><p><a href=\"#demo\">\u00dcberpr\u00fcfen Sie alle Funktionen in der Live-Demo<\/a><\/p><\/div><div class=\"application-platform-content-item-installation application-platform-content-item\" id=\"installation\" data-nav-section=\"installation\"><h2>So f\u00fcgen Sie Facebook Messenger zur iFrame-Website hinzu<\/h2><p>Um das Widget zu aktivieren, folgen Sie einfach den Anweisungen Schritte unten. <\/p> <ol><li><b>Erstellen Sie Ihr eigenes Messenger-Plugin<\/b><br> Gestalten Sie mithilfe unserer kostenlosen Demo ein Plugin mit einem bevorzugten Layout und funktionalen Merkmalen. <\/li><li><b>Kopieren Sie den pers\u00f6nlichen Code, um das Plugin einzubetten<\/b><br> Nachdem Sie Ihr Widget konfiguriert haben, erhalten Sie den individuellen Code aus der Popup-Benachrichtigung auf Elfsight Apps. Kopieren Sie diesen Code zur sp\u00e4teren Verwendung. <\/li> <li><b>F\u00fcgen Sie das Plugin auf Ihrer iFrame-Site hinzu<\/b><br> W\u00e4hlen Sie den Ort aus, an dem Sie das Plugin anzeigen m\u00f6chten, und f\u00fcgen Sie den kopierten Code dort ein. Wenden Sie die Ergebnisse an. <\/li> <li><b>Sie haben die Installation erfolgreich abgeschlossen<\/b><br> Gehen Sie zu Ihrer Website, um Ihren Messenger anzuzeigen. <\/li> <\/ol><p>Wenn Sie Fragen haben, k\u00f6nnen Sie sich gerne an unser Kundensupport-Team wenden. Unsere Spezialisten helfen Ihnen bei jedem Problem. <\/p> <div class=\"faq\" data-component=\"FAQ\"> <div class=\"faq-item\">\r\n\t\t\t\t\t<div class=\"faq-item-question\">\r\n\t\t\t\t\t\t<h3 class=\"faq-item-question-text\">Wie f\u00fcge ich Facebook-Chat ohne Programmierkenntnisse zu meiner iFrame-Website hinzu?<\/h3>\r\n\r\n\t\t\t\t\t\t<div class=\"faq-item-question-icon\"><\/div>\r\n\t\t\t\t\t<\/div>\r\n\r\n\t\t\t\t\t<div class=\"faq-item-answer\">\r\n\t\t\t\t\t\t<div class=\"faq-item-answer-text\"> <p>Elfsight bietet eine SaaS-L\u00f6sung, mit der Sie selbst ein Facebook-Chat-Widget erstellen k\u00f6nnen. Sehen Sie, wie einfach der Vorgang ist ist: Arbeiten Sie direkt im Online-Editor, um ein Facebook-Chat-Widget zu erstellen, das Sie auf Ihrer iFrame-Website sehen m\u00f6chten. W\u00e4hlen Sie eine der vorgefertigten Vorlagen aus und passen Sie die Facebook-Chat-Einstellungen an, f\u00fcgen Sie Ihre Inhalte hinzu, \u00e4ndern Sie das Layout und die Farben ohne Programmierkenntnisse. Speichern Sie den Facebook-Chat und kopieren Sie den Installationscode, den Sie ganz einfach in Ihre iFrame-Website einf\u00fcgen k\u00f6nnen, ohne eine kostenpflichtige Version kaufen zu m\u00fcssen. Mit unserem intuitiven Editor kann jeder Internetnutzer online ein Facebook-Chat-Widget erstellen und es einfach in seine iFrame-Website einbetten. Sie m\u00fcssen weder bezahlen noch Ihre Kartendaten eingeben, um auf den Service zuzugreifen. Sollten bei irgendeinem Schritt Probleme auftreten, wenden Sie sich bitte an unser technisches Support-Team.<\/p> <\/div>\r\n\t\t\t\t\t<\/div>\r\n\t\t\t\t<\/div> <\/div> <\/div>","protected":false},"excerpt":{"rendered":"","protected":false},"author":9,"featured_media":0,"parent":924,"menu_order":0,"comment_status":"closed","ping_status":"closed","template":"templates\/template-application-platform.php","meta":{"publish_to_discourse":"","publish_post_category":"","wpdc_auto_publish_overridden":"","wpdc_topic_tags":"","wpdc_pin_topic":"","wpdc_pin_until":"","discourse_post_id":"","discourse_permalink":"","wpdc_publishing_response":"","wpdc_publishing_error":"","footnotes":""},"class_list":["post-8692","page","type-page","status-publish","hentry"],"yoast_head":"<!-- This site is optimized with the Yoast SEO plugin v25.3.1 - https:\/\/yoast.com\/wordpress\/plugins\/seo\/ -->\n<title>iFrame Facebook Messenger Chat f\u00fcr Ihre Website (kostenlos und schnell)<\/title>\n<meta name=\"description\" content=\"Es ist ganz einfach, Ihren Facebook Messenger-Chat zu entwerfen und auf Ihrer iFrame-Website zu ver\u00f6ffentlichen. Der Kundensupport von Elfsight ist kostenlos und schnell.\" \/>\n<meta name=\"robots\" content=\"index, follow, max-snippet:-1, max-image-preview:large, max-video-preview:-1\" \/>\n<link rel=\"canonical\" href=\"https:\/\/elfsight.com\/de\/facebook-chat-widget\/iframe\/\" \/>\n<meta property=\"og:locale\" content=\"de_DE\" \/>\n<meta property=\"og:type\" content=\"article\" \/>\n<meta property=\"og:title\" content=\"iFrame Facebook Messenger Chat f\u00fcr Ihre Website (kostenlos und schnell)\" \/>\n<meta property=\"og:description\" content=\"Es ist ganz einfach, Ihren Facebook Messenger-Chat zu entwerfen und auf Ihrer iFrame-Website zu ver\u00f6ffentlichen. Der Kundensupport von Elfsight ist kostenlos und schnell.\" \/>\n<meta property=\"og:url\" content=\"https:\/\/elfsight.com\/de\/facebook-chat-widget\/iframe\/\" \/>\n<meta property=\"og:site_name\" content=\"Elfsight DE\" \/>\n<meta property=\"article:modified_time\" content=\"2025-07-08T10:36:14+00:00\" \/>\n<meta name=\"twitter:card\" content=\"summary_large_image\" \/>\n<meta name=\"twitter:label1\" content=\"Gesch\u00e4tzte Lesezeit\" \/>\n\t<meta name=\"twitter:data1\" content=\"3\u00a0Minuten\" \/>\n<!-- \/ Yoast SEO plugin. -->","yoast_head_json":{"title":"iFrame Facebook Messenger Chat f\u00fcr Ihre Website (kostenlos und schnell)","description":"Es ist ganz einfach, Ihren Facebook Messenger-Chat zu entwerfen und auf Ihrer iFrame-Website zu ver\u00f6ffentlichen. Der Kundensupport von Elfsight ist kostenlos und schnell.","robots":{"index":"index","follow":"follow","max-snippet":"max-snippet:-1","max-image-preview":"max-image-preview:large","max-video-preview":"max-video-preview:-1"},"canonical":"https:\/\/elfsight.com\/de\/facebook-chat-widget\/iframe\/","og_locale":"de_DE","og_type":"article","og_title":"iFrame Facebook Messenger Chat f\u00fcr Ihre Website (kostenlos und schnell)","og_description":"Es ist ganz einfach, Ihren Facebook Messenger-Chat zu entwerfen und auf Ihrer iFrame-Website zu ver\u00f6ffentlichen. Der Kundensupport von Elfsight ist kostenlos und schnell.","og_url":"https:\/\/elfsight.com\/de\/facebook-chat-widget\/iframe\/","og_site_name":"Elfsight DE","article_modified_time":"2025-07-08T10:36:14+00:00","twitter_card":"summary_large_image","twitter_misc":{"Gesch\u00e4tzte Lesezeit":"3\u00a0Minuten"},"schema":{"@context":"https:\/\/schema.org","@graph":[{"@type":"WebPage","@id":"https:\/\/elfsight.com\/de\/facebook-chat-widget\/iframe\/","url":"https:\/\/elfsight.com\/de\/facebook-chat-widget\/iframe\/","name":"iFrame Facebook Messenger Chat f\u00fcr Ihre Website (kostenlos und schnell)","isPartOf":{"@id":"https:\/\/elfsight.com\/de\/#website"},"datePublished":"2024-05-03T06:35:23+00:00","dateModified":"2025-07-08T10:36:14+00:00","description":"Es ist ganz einfach, Ihren Facebook Messenger-Chat zu entwerfen und auf Ihrer iFrame-Website zu ver\u00f6ffentlichen. Der Kundensupport von Elfsight ist kostenlos und schnell.","breadcrumb":{"@id":"https:\/\/elfsight.com\/de\/facebook-chat-widget\/iframe\/#breadcrumb"},"inLanguage":"de","potentialAction":[{"@type":"ReadAction","target":["https:\/\/elfsight.com\/de\/facebook-chat-widget\/iframe\/"]}]},{"@type":"BreadcrumbList","@id":"https:\/\/elfsight.com\/de\/facebook-chat-widget\/iframe\/#breadcrumb","itemListElement":[{"@type":"ListItem","position":1,"name":"Home","item":"https:\/\/elfsight.com\/de\/"},{"@type":"ListItem","position":2,"name":"Facebook Chat","item":"https:\/\/elfsight.com\/de\/facebook-chat-widget\/"},{"@type":"ListItem","position":3,"name":"Facebook Chat &#8211; iFrame"}]},{"@type":"WebSite","@id":"https:\/\/elfsight.com\/de\/#website","url":"https:\/\/elfsight.com\/de\/","name":"Elfsight DE","description":"Just another Elfsight Sites site","potentialAction":[{"@type":"SearchAction","target":{"@type":"EntryPoint","urlTemplate":"https:\/\/elfsight.com\/de\/?s={search_term_string}"},"query-input":{"@type":"PropertyValueSpecification","valueRequired":true,"valueName":"search_term_string"}}],"inLanguage":"de"}]}},"meta_box":{"industry":"","seo_heading":"","heading":"","description":"","cta_heading":"","cta_description":"","application":"480","h1":"iFrame Facebook Messenger-Widget","h1_caption":"F\u00fcgen Sie Ihrer Website ein Facebook-Messenger-Chat-Widget hinzu, das Benutzern eine einfache M\u00f6glichkeit bietet, Sie m\u00fchelos \u00fcber Ihre iFrame-Website zu kontaktieren.","application_category":[],"applications_title":"","applications_request_title":"","applications_request_button_text":"","hero_text":"","hero_video":"","hero_video_schema_markup":"","selling_points_title":"","selling_points_caption":"","selling_points":[],"selling_points_cta_text":"","features_title":"","features":"","ed_cta_examples_text":"","ed_cta_examples_hidden":"","ed_cta_demo_text":"","ed_cta_demo_hidden":"","why_caption":"","why_editor_title":"","why_editor_text":"","why_team_title":"","why_team_text":"","why_service_title":"","why_service_text":"","template_catalog_visible":"","template_catalog_title":"","template_catalog_text":"","template_catalog_categories_visible":"","demo_title":"Erstellen Sie Ihr Facebook-Chat-Widget","demo_caption":"Konfigurieren Sie Ihren Facebook-Chat und f\u00fcgen Sie ihn kostenlos zu Ihrer iFrame-Website hinzu!","default_faq_hidden":"","app_template_category":[],"platform":"240","template_public_id":"","codecanyon_url":"","codecanyon_item_id":"","codecanyon_price":"","pricing_caption":"","pricing_elfsight_apps_hide_column":"","pricing_elfsight_apps_url":"","pricing_codecanyon_price_caption":"","integration_category":[],"integration_request_title":"","integration_request_cta":"","integration_platform":"","integrations":[],"platform_category":[],"video_schema_markup":"","price":"ab 0 $ \/ Monat","trial":"","benefits":[{"text":"Kostenlose Installationshilfe"},{"text":"Kompetenter Kundenservice"},{"text":"14-t\u00e4gige Geld-zur\u00fcck-Garantie"},{"text":"Regelm\u00e4\u00dfige kostenlose Updates"}],"button_url":"#demo","button_target_blank":"","button_nofollow":"","attributes":[{"name":"Installiert","content":"10,000 - 100,000"},{"name":"Reaktionsfreudig","content":"Ja"},{"name":"Kompatible Browser","content":"Edge, Chrome, Opera, Safari, Firefox"}],"tags":[],"tags_disable_links":"","hide_more_platforms":"","video_object":"","demo_hide_cta":"","demo_hide_cloud_options":"","pricing_title":"","pricing":[{"pricing_icon":"platform","pricing_title":"Elfsight Apps","pricing_title_caption":"Plattform\u00fcbergreifende digitale L\u00f6sung, die auf jeder Website funktioniert","pricing_price":"ab 0 $ \/ Monat","pricing_price_caption":"Beginnen Sie mit einem kostenlosen Plan","pricing_benefits":[{"text":"Unbegrenzte Websites"},{"text":"Schneller und p\u00fcnktlicher Support"},{"text":"Kostenloser Installationsservice"},{"text":"Sonderpreis f\u00fcr mehrere Apps"}],"pricing_button_text":"Zur Website hinzuf\u00fcgen","pricing_button_url":"#demo"}],"related_apps_title":"","related_apps_hidden":"","author":"","image":[],"title":"","job":"","social_networks":[]},"_links":{"self":[{"href":"https:\/\/elfsight.com\/de\/wp-json\/wp\/v2\/pages\/8692","targetHints":{"allow":["GET"]}}],"collection":[{"href":"https:\/\/elfsight.com\/de\/wp-json\/wp\/v2\/pages"}],"about":[{"href":"https:\/\/elfsight.com\/de\/wp-json\/wp\/v2\/types\/page"}],"author":[{"embeddable":true,"href":"https:\/\/elfsight.com\/de\/wp-json\/wp\/v2\/users\/9"}],"replies":[{"embeddable":true,"href":"https:\/\/elfsight.com\/de\/wp-json\/wp\/v2\/comments?post=8692"}],"version-history":[{"count":2,"href":"https:\/\/elfsight.com\/de\/wp-json\/wp\/v2\/pages\/8692\/revisions"}],"predecessor-version":[{"id":21499,"href":"https:\/\/elfsight.com\/de\/wp-json\/wp\/v2\/pages\/8692\/revisions\/21499"}],"up":[{"embeddable":true,"href":"https:\/\/elfsight.com\/de\/wp-json\/wp\/v2\/pages\/924"}],"wp:attachment":[{"href":"https:\/\/elfsight.com\/de\/wp-json\/wp\/v2\/media?parent=8692"}],"curies":[{"name":"wp","href":"https:\/\/api.w.org\/{rel}","templated":true}]}}