{"id":8691,"date":"2024-05-03T06:35:22","date_gmt":"2024-05-03T06:35:22","guid":{"rendered":"https:\/\/elfsight.com\/de\/?page_id=8691"},"modified":"2025-07-08T10:35:40","modified_gmt":"2025-07-08T10:35:40","slug":"facebook","status":"publish","type":"page","link":"https:\/\/elfsight.com\/de\/facebook-chat-widget\/facebook\/","title":{"rendered":"Facebok Chat &#8211; Facebook Page"},"content":{"rendered":"<div class=\"application-platform-content-item-description application-platform-content-item\" id=\"description\" data-nav-section=\"description\"><h2>Beschreibung<\/h2><p>Facebook Messenger von Elfsight ist ein einfaches Tool f\u00fcr Ihre Seitenbenutzer, um einen Chat mit Ihnen zu starten und zu unterhalten ihre Fragen beantwortet. Sie k\u00f6nnen f\u00fcr Benutzer im beliebtesten Messenger erreichbar bleiben, egal wo Sie sich befinden. F\u00fcgen Sie Facebook-Chat zu Ihrer Seite hinzu und dieser kann f\u00fcr ausgew\u00e4hlte Kundengruppen angezeigt werden. W\u00e4hlen Sie Start-Chat-Trigger aus, zeigen Sie Ihre individuelle Willkommensnachricht an, richten Sie Symbole aus und vieles mehr. Mit dem Messenger-Widget bleiben Sie f\u00fcr Ihre Kunden jederzeit und unabh\u00e4ngig von Ihrem Aufenthaltsort leicht erreichbar. <\/p><\/div> <div class=\"application-platform-content-item-features application-platform-content-item\" id=\"features\" data-nav-section=\"features\"><h2>Funktionen<\/h2><p>Hier ist eine Liste aller Funktionen des Plugins. Sie sind direkt im Editor verf\u00fcgbar und helfen Ihnen, das Widget genau f\u00fcr Ihren Fall zu konfigurieren.<\/p><ul><li>Integrieren Sie den Facebook-Messenger auf Ihrer Webseite, um Live-Chats mit dem Publikum zu f\u00fchren;<\/li><li>Kommunizieren Sie weiterhin direkt von Ihrer Facebook-Seite aus.<\/li><li>Probieren Sie drei Varianten des Chat-Standorts aus: schwebende Blase, eingebettete Blase und eingebettetes Chatfenster.<\/li><li>W\u00e4hlen Sie Ihr Blasensymbol aus dem Set der verf\u00fcgbaren Symbole;<\/li><li>Bearbeiten Sie den Text der Chat-Blase.<\/li><\/ul><p><a href=\"#demo\">Sie k\u00f6nnen alle Funktionen des Widgets direkt in der Demo ausprobieren <\/a><\/p><\/div> <div class=\"application-platform-content-item-installation application-platform-content-item\" id=\"installation\" data-nav-section=\"installation\"><h2>So betten Sie den Facebook-Messenger in die Facebook-Unternehmensseite ein<\/h2><p>Um mit der Verwendung des Widgets zu beginnen, befolgen Sie einfach die folgenden Anweisungen<\/p><ul><li><b>Erstellen Sie Ihr personalisiertes Chat-Widget<\/b><br>Erstellen Sie mit unserem kostenlosen Editor ein Plugin mit einem bevorzugten Design und einer bevorzugten Funktionalit\u00e4t.<\/li><li><b>Holen Sie sich den individuellen Code zur Integration des Plugins<\/b><br>Nachdem Sie Ihr Widget angepasst haben, erhalten Sie den individuellen Code aus dem erscheinenden Fenster auf Elfsight Apps. Kopieren Sie es zur sp\u00e4teren Verwendung.<\/li><li><b>F\u00fcgen Sie das Widget zur Facebook-Seite hinzu<\/b><br> Erstellen Sie Ihren benutzerdefinierten Facebook-Tab. F\u00fcgen Sie den Code, den Sie bei elfsight apps erhalten haben, in die Registerkarte ein. Wenn Sie Probleme haben, lesen Sie einfach unseren Leitfaden unter <a href=\"https:\/\/elfsight.com\/blog\/how-to-add-custom-tab-to-facebook-page\/\" target=\"_blank\" rel=\"noopener noreferrer\">Benutzerdefinierten Facebook-Tab erstellen<\/a><\/li><li><b>Die Installation ist abgeschlossen<\/b><br>Gehen Sie zu Ihrer Seite, um einen Blick auf Ihr Plugin zu werfen.<\/li> <\/ul><p>Wenn Sie Hilfe ben\u00f6tigen oder Fragen haben, k\u00f6nnen Sie sich jederzeit an den Kundensupport wenden. Unsere Spezialisten helfen Ihnen bei jeder Anfrage weiter.<\/p><\/div>","protected":false},"excerpt":{"rendered":"","protected":false},"author":9,"featured_media":0,"parent":924,"menu_order":0,"comment_status":"closed","ping_status":"closed","template":"templates\/template-application-platform.php","meta":{"publish_to_discourse":"","publish_post_category":"","wpdc_auto_publish_overridden":"","wpdc_topic_tags":"","wpdc_pin_topic":"","wpdc_pin_until":"","discourse_post_id":"","discourse_permalink":"","wpdc_publishing_response":"","wpdc_publishing_error":"","footnotes":""},"class_list":["post-8691","page","type-page","status-publish","hentry"],"yoast_head":"<!-- This site is optimized with the Yoast SEO plugin v25.3.1 - https:\/\/yoast.com\/wordpress\/plugins\/seo\/ -->\n<title>Facebook-Messenger-Widget zur Facebook-Unternehmensseite hinzuf\u00fcgen (2025)<\/title>\n<meta name=\"description\" content=\"Entwerfen Sie mit Elfsight Ihr Facebook-Messenger-Widget und f\u00fcgen Sie es der Facebook-Seite hinzu. Wir bieten kostenlosen Kundenservice und weitere Boni.\" \/>\n<meta name=\"robots\" content=\"index, follow, max-snippet:-1, max-image-preview:large, max-video-preview:-1\" \/>\n<link rel=\"canonical\" href=\"https:\/\/elfsight.com\/de\/facebook-chat-widget\/facebook\/\" \/>\n<meta property=\"og:locale\" content=\"de_DE\" \/>\n<meta property=\"og:type\" content=\"article\" \/>\n<meta property=\"og:title\" content=\"Facebook-Messenger-Widget zur Facebook-Unternehmensseite hinzuf\u00fcgen (2025)\" \/>\n<meta property=\"og:description\" content=\"Entwerfen Sie mit Elfsight Ihr Facebook-Messenger-Widget und f\u00fcgen Sie es der Facebook-Seite hinzu. Wir bieten kostenlosen Kundenservice und weitere Boni.\" \/>\n<meta property=\"og:url\" content=\"https:\/\/elfsight.com\/de\/facebook-chat-widget\/facebook\/\" \/>\n<meta property=\"og:site_name\" content=\"Elfsight DE\" \/>\n<meta property=\"article:modified_time\" content=\"2025-07-08T10:35:40+00:00\" \/>\n<meta name=\"twitter:card\" content=\"summary_large_image\" \/>\n<meta name=\"twitter:label1\" content=\"Gesch\u00e4tzte Lesezeit\" \/>\n\t<meta name=\"twitter:data1\" content=\"2\u00a0Minuten\" \/>\n<!-- \/ Yoast SEO plugin. -->","yoast_head_json":{"title":"Facebook-Messenger-Widget zur Facebook-Unternehmensseite hinzuf\u00fcgen (2025)","description":"Entwerfen Sie mit Elfsight Ihr Facebook-Messenger-Widget und f\u00fcgen Sie es der Facebook-Seite hinzu. Wir bieten kostenlosen Kundenservice und weitere Boni.","robots":{"index":"index","follow":"follow","max-snippet":"max-snippet:-1","max-image-preview":"max-image-preview:large","max-video-preview":"max-video-preview:-1"},"canonical":"https:\/\/elfsight.com\/de\/facebook-chat-widget\/facebook\/","og_locale":"de_DE","og_type":"article","og_title":"Facebook-Messenger-Widget zur Facebook-Unternehmensseite hinzuf\u00fcgen (2025)","og_description":"Entwerfen Sie mit Elfsight Ihr Facebook-Messenger-Widget und f\u00fcgen Sie es der Facebook-Seite hinzu. Wir bieten kostenlosen Kundenservice und weitere Boni.","og_url":"https:\/\/elfsight.com\/de\/facebook-chat-widget\/facebook\/","og_site_name":"Elfsight DE","article_modified_time":"2025-07-08T10:35:40+00:00","twitter_card":"summary_large_image","twitter_misc":{"Gesch\u00e4tzte Lesezeit":"2\u00a0Minuten"},"schema":{"@context":"https:\/\/schema.org","@graph":[{"@type":"WebPage","@id":"https:\/\/elfsight.com\/de\/facebook-chat-widget\/facebook\/","url":"https:\/\/elfsight.com\/de\/facebook-chat-widget\/facebook\/","name":"Facebook-Messenger-Widget zur Facebook-Unternehmensseite hinzuf\u00fcgen (2025)","isPartOf":{"@id":"https:\/\/elfsight.com\/de\/#website"},"datePublished":"2024-05-03T06:35:22+00:00","dateModified":"2025-07-08T10:35:40+00:00","description":"Entwerfen Sie mit Elfsight Ihr Facebook-Messenger-Widget und f\u00fcgen Sie es der Facebook-Seite hinzu. Wir bieten kostenlosen Kundenservice und weitere Boni.","breadcrumb":{"@id":"https:\/\/elfsight.com\/de\/facebook-chat-widget\/facebook\/#breadcrumb"},"inLanguage":"de","potentialAction":[{"@type":"ReadAction","target":["https:\/\/elfsight.com\/de\/facebook-chat-widget\/facebook\/"]}]},{"@type":"BreadcrumbList","@id":"https:\/\/elfsight.com\/de\/facebook-chat-widget\/facebook\/#breadcrumb","itemListElement":[{"@type":"ListItem","position":1,"name":"Home","item":"https:\/\/elfsight.com\/de\/"},{"@type":"ListItem","position":2,"name":"Facebook Chat","item":"https:\/\/elfsight.com\/de\/facebook-chat-widget\/"},{"@type":"ListItem","position":3,"name":"Facebok Chat &#8211; Facebook Page"}]},{"@type":"WebSite","@id":"https:\/\/elfsight.com\/de\/#website","url":"https:\/\/elfsight.com\/de\/","name":"Elfsight DE","description":"Just another Elfsight Sites site","potentialAction":[{"@type":"SearchAction","target":{"@type":"EntryPoint","urlTemplate":"https:\/\/elfsight.com\/de\/?s={search_term_string}"},"query-input":{"@type":"PropertyValueSpecification","valueRequired":true,"valueName":"search_term_string"}}],"inLanguage":"de"}]}},"meta_box":{"industry":"","seo_heading":"","heading":"","description":"","cta_heading":"","cta_description":"","application":"480","h1":"Facebook-Messenger-Chat f\u00fcr Facebook-Seite","h1_caption":"Die einfachste Interaktionsm\u00f6glichkeit f\u00fcr die Besucher Ihrer Unternehmensseite","application_category":[],"applications_title":"","applications_request_title":"","applications_request_button_text":"","hero_text":"","hero_video":"","hero_video_schema_markup":"","selling_points_title":"","selling_points_caption":"","selling_points":[],"selling_points_cta_text":"","features_title":"","features":"","ed_cta_examples_text":"","ed_cta_examples_hidden":"","ed_cta_demo_text":"","ed_cta_demo_hidden":"","why_caption":"","why_editor_title":"","why_editor_text":"","why_team_title":"","why_team_text":"","why_service_title":"","why_service_text":"","template_catalog_visible":"","template_catalog_title":"","template_catalog_text":"","template_catalog_categories_visible":"","demo_title":"Erstellen Sie Ihr Facebook-Chat-Widget","demo_caption":"Konfigurieren Sie Ihren Facebook-Chat und f\u00fcgen Sie ihn kostenlos zu Ihrer Facebook-Seite hinzu!","default_faq_hidden":"","app_template_category":[],"platform":"216","template_public_id":"","codecanyon_url":"","codecanyon_item_id":"","codecanyon_price":"","pricing_caption":"","pricing_elfsight_apps_hide_column":"","pricing_elfsight_apps_url":"","pricing_codecanyon_price_caption":"","integration_category":[],"integration_request_title":"","integration_request_cta":"","integration_platform":"","integrations":[],"platform_category":[],"video_schema_markup":"","price":"ab 0 $ \/ Monat","trial":"","benefits":[{"text":"Kostenlose Installationshilfe"},{"text":"Professioneller Kundenservice"},{"text":"14-t\u00e4gige Geld-zur\u00fcck-Garantie"},{"text":"Laufende Verbesserungen"}],"button_url":"#demo","button_target_blank":"","button_nofollow":"","attributes":[{"name":"Installiert","content":"10,000 - 100,000"},{"name":"Reaktionsfreudig","content":"Ja"},{"name":"Kompatible Browser","content":"Safari, Firefox, Opera, Edge, Chrome"}],"tags":[],"tags_disable_links":"","hide_more_platforms":"","video_object":"","demo_hide_cta":"","demo_hide_cloud_options":"","pricing_title":"","pricing":[{"pricing_icon":"platform","pricing_title":"Elfsight Apps","pricing_title_caption":"Plattformunabh\u00e4ngige Version","pricing_price":"ab 0 $ \/ Monat","pricing_price_caption":"Beginnen Sie mit einem kostenlosen Plan","pricing_benefits":[{"text":"Unbegrenzte Websites"},{"text":"Premium-Unternehmensunterst\u00fctzung"},{"text":"Kostenlose Installationshilfe"},{"text":"100 % anpassbar"}],"pricing_button_text":"Zur Website hinzuf\u00fcgen","pricing_button_url":"#demo"}],"related_apps_title":"","related_apps_hidden":"","author":"","image":[],"title":"","job":"","social_networks":[]},"_links":{"self":[{"href":"https:\/\/elfsight.com\/de\/wp-json\/wp\/v2\/pages\/8691","targetHints":{"allow":["GET"]}}],"collection":[{"href":"https:\/\/elfsight.com\/de\/wp-json\/wp\/v2\/pages"}],"about":[{"href":"https:\/\/elfsight.com\/de\/wp-json\/wp\/v2\/types\/page"}],"author":[{"embeddable":true,"href":"https:\/\/elfsight.com\/de\/wp-json\/wp\/v2\/users\/9"}],"replies":[{"embeddable":true,"href":"https:\/\/elfsight.com\/de\/wp-json\/wp\/v2\/comments?post=8691"}],"version-history":[{"count":1,"href":"https:\/\/elfsight.com\/de\/wp-json\/wp\/v2\/pages\/8691\/revisions"}],"predecessor-version":[{"id":8695,"href":"https:\/\/elfsight.com\/de\/wp-json\/wp\/v2\/pages\/8691\/revisions\/8695"}],"up":[{"embeddable":true,"href":"https:\/\/elfsight.com\/de\/wp-json\/wp\/v2\/pages\/924"}],"wp:attachment":[{"href":"https:\/\/elfsight.com\/de\/wp-json\/wp\/v2\/media?parent=8691"}],"curies":[{"name":"wp","href":"https:\/\/api.w.org\/{rel}","templated":true}]}}