{"id":8690,"date":"2024-05-03T06:35:21","date_gmt":"2024-05-03T06:35:21","guid":{"rendered":"https:\/\/elfsight.com\/de\/?page_id=8690"},"modified":"2025-07-08T10:37:14","modified_gmt":"2025-07-08T10:37:14","slug":"woocommerce","status":"publish","type":"page","link":"https:\/\/elfsight.com\/de\/facebook-chat-widget\/woocommerce\/","title":{"rendered":"Facebook Chat &#8211; WooCommerce"},"content":{"rendered":"<div class=\"application-platform-content-item-description application-platform-content-item\" id=\"description\" data-nav-section=\"description\"><h2>Beschreibung<\/h2><p>Das von Elfsight entwickelte Facebook-Messenger-Plugin ist eine nahtlose Methode f\u00fcr Ihre Website-Besucher, mit Ihnen zu kommunizieren und Antworten zu h\u00f6ren ihre Fragen und W\u00fcnsche. Bleiben Sie rund um die Uhr online f\u00fcr Ihre Kunden in einem der beliebtesten Messenger verf\u00fcgbar. Betten Sie den Facebook-Chat in Ihre Website ein und er erscheint auf ausgew\u00e4hlten Seiten oder f\u00fcr bestimmte Kundengruppen, weisen Sie Start-Chat-Ausl\u00f6ser zu, verfassen Sie Ihre individuelle Willkommensnachricht, w\u00e4hlen Sie Symbole aus und nehmen Sie alle anderen \u00c4nderungen vor.<\/p><p><b>Verwenden Sie Facebook Messenger, um Ihre Gesch\u00e4ftsziele schneller zu erreichen!<\/b><\/p><\/div> <div class=\"application-platform-content-item-features application-platform-content-item\" id=\"features\" data-nav-section=\"features\"><h2>Die wesentlichen Widget-Funktionen bieten<\/h2><ul><li>Set Richten Sie den Facebook-Messenger auf Ihrer Website ein, um die Kommunikation mit den Zuschauern herzustellen. <\/li><li>Kommunizieren Sie weiterhin direkt \u00fcber Ihre Facebook-Seite. <\/li><li>W\u00e4hlen Sie zwischen drei Optionen f\u00fcr den Chat-Standort: schwebende Blase, eingebettete Blase und eingebettetes Chat-Fenster; <\/li><li>Entdecken Sie eine Sammlung von Blasensymbolen zur Auswahl. <\/li><li>Geben Sie Ihren eigenen Text f\u00fcr die Chat-Blase ein. <\/li><\/ul><p><a href=\"#demo\">Mit Hilfe der Demo k\u00f6nnen Sie testen, ob das Widget f\u00fcr Sie geeignet ist<\/a><\/p><\/div><div class=\"application-platform-content-item-installation application-platform-content-item\" id=\"installation\" data-nav-section=\"installation\"><h2>Wie kann ich Facebook-Chat zu meiner WooCommerce-Site hinzuf\u00fcgen?<\/h2><p>Befolgen Sie einfach die folgenden unten beschriebenen Schritte, um mit der Verwendung des Widgets zu beginnen.<\/p><ol><li><b>F\u00fchren Sie unsere kostenlose Demo durch und beginnen Sie mit der Erstellung Ihres eigenen Plugins.<\/b><br>Geben Sie die gew\u00fcnschte Schnittstelle und die Funktionen des Plugins an und speichern Sie die \u00c4nderungen.<\/li><li><b>Kopieren Sie den pers\u00f6nlichen Code, der in bereitgestellt wird Klicken Sie auf das Feld auf Elfsight Apps.<\/b><br>Sobald die Erstellung Ihres Plugins abgeschlossen ist, kopieren Sie den pers\u00f6nlichen Code im angezeigten Popup und bewahren Sie ihn f\u00fcr zuk\u00fcnftige Gelegenheiten auf.<\/li><li><b>Initiieren Nutzung des Tools auf Ihrer Plattform-Website.<\/b><br>Integrieren Sie den k\u00fcrzlich gespeicherten Code in Ihre Website und speichern Sie die Anpassungen.<\/li><li><b>Fertig! Die Integration wurde erfolgreich abgeschlossen.<\/b><br>Besuchen Sie Ihre Webseite, um die Funktionsweise des Tools zu \u00fcberpr\u00fcfen.<\/li><\/ol><p>Sollten Sie auf Schwierigkeiten sto\u00dfen, wenden Sie sich bitte an unseren Support Personal. Unsere Berater l\u00f6sen gerne alle Probleme, die Sie m\u00f6glicherweise mit dem Plugin haben.<\/p><div class=\"faq\" data-component=\"FAQ\"> <div class=\"faq-item\">\r\n\t\t\t\t\t<div class=\"faq-item-question\">\r\n\t\t\t\t\t\t<h3 class=\"faq-item-question-text\">Wie f\u00fcge ich Facebook-Chat ohne Programmierkenntnisse zu meiner WooCommerce-Website hinzu?<\/h3>\r\n\r\n\t\t\t\t\t\t<div class=\"faq-item-question-icon\"><\/div>\r\n\t\t\t\t\t<\/div>\r\n\r\n\t\t\t\t\t<div class=\"faq-item-answer\">\r\n\t\t\t\t\t\t<div class=\"faq-item-answer-text\"> <p>Elfsight bietet eine SaaS-L\u00f6sung, mit der Sie selbst ein Facebook-Chat-Widget erstellen k\u00f6nnen. Sehen Sie, wie einfach der Vorgang ist: Arbeiten Sie direkt im Online-Editor, um ein Facebook-Chat-Widget zu erstellen, das Sie gerne auf Ihrer WooCommerce-Website sehen w\u00fcrden. W\u00e4hlen Sie eine der vorgefertigten Vorlagen aus und passen Sie die Facebook-Chat-Einstellungen an, f\u00fcgen Sie Ihre Inhalte hinzu, \u00e4ndern Sie das Layout und die Farben ohne Programmierkenntnisse. Speichern Sie den Facebook-Chat und kopieren Sie seinen Installationscode, damit Sie ihn ganz einfach zu Ihrer WooCommerce-Website hinzuf\u00fcgen k\u00f6nnen, ohne einen kostenpflichtigen Plan kaufen zu m\u00fcssen. Mit unserem intuitiven Editor kann jeder Internetnutzer online ein Facebook-Chat-Widget erstellen und es einfach in seine WooCommerce-Website einbetten. Sie m\u00fcssen weder bezahlen noch Ihre Kartendaten eingeben, um auf den Service zuzugreifen. Sollten bei irgendeinem Schritt Probleme auftreten, wenden Sie sich bitte an unser technisches Support-Team.<\/p> <\/div>\r\n\t\t\t\t\t<\/div>\r\n\t\t\t\t<\/div> <\/div> <\/div>","protected":false},"excerpt":{"rendered":"","protected":false},"author":9,"featured_media":0,"parent":924,"menu_order":0,"comment_status":"closed","ping_status":"closed","template":"templates\/template-application-platform.php","meta":{"publish_to_discourse":"","publish_post_category":"","wpdc_auto_publish_overridden":"","wpdc_topic_tags":"","wpdc_pin_topic":"","wpdc_pin_until":"","discourse_post_id":"","discourse_permalink":"","wpdc_publishing_response":"","wpdc_publishing_error":"","footnotes":""},"class_list":["post-8690","page","type-page","status-publish","hentry"],"yoast_head":"<!-- This site is optimized with the Yoast SEO plugin v25.3.1 - https:\/\/yoast.com\/wordpress\/plugins\/seo\/ -->\n<title>WooCommerce Facebook-Chat-Plugin f\u00fcr Ihre Website (2026)<\/title>\n<meta name=\"description\" content=\"Nutzen Sie die Gelegenheit, das Facebook-Chat-Plugin im Editor anzupassen und es direkt aus der Demo zu Ihrer WooCommerce-Website hinzuzuf\u00fcgen.\" \/>\n<meta name=\"robots\" content=\"index, follow, max-snippet:-1, max-image-preview:large, max-video-preview:-1\" \/>\n<link rel=\"canonical\" href=\"https:\/\/elfsight.com\/de\/facebook-chat-widget\/woocommerce\/\" \/>\n<meta property=\"og:locale\" content=\"de_DE\" \/>\n<meta property=\"og:type\" content=\"article\" \/>\n<meta property=\"og:title\" content=\"WooCommerce Facebook-Chat-Plugin f\u00fcr Ihre Website (2026)\" \/>\n<meta property=\"og:description\" content=\"Nutzen Sie die Gelegenheit, das Facebook-Chat-Plugin im Editor anzupassen und es direkt aus der Demo zu Ihrer WooCommerce-Website hinzuzuf\u00fcgen.\" \/>\n<meta property=\"og:url\" content=\"https:\/\/elfsight.com\/de\/facebook-chat-widget\/woocommerce\/\" \/>\n<meta property=\"og:site_name\" content=\"Elfsight DE\" \/>\n<meta property=\"article:modified_time\" content=\"2025-07-08T10:37:14+00:00\" \/>\n<meta name=\"twitter:card\" content=\"summary_large_image\" \/>\n<meta name=\"twitter:label1\" content=\"Gesch\u00e4tzte Lesezeit\" \/>\n\t<meta name=\"twitter:data1\" content=\"3\u00a0Minuten\" \/>\n<!-- \/ Yoast SEO plugin. -->","yoast_head_json":{"title":"WooCommerce Facebook-Chat-Plugin f\u00fcr Ihre Website (2026)","description":"Nutzen Sie die Gelegenheit, das Facebook-Chat-Plugin im Editor anzupassen und es direkt aus der Demo zu Ihrer WooCommerce-Website hinzuzuf\u00fcgen.","robots":{"index":"index","follow":"follow","max-snippet":"max-snippet:-1","max-image-preview":"max-image-preview:large","max-video-preview":"max-video-preview:-1"},"canonical":"https:\/\/elfsight.com\/de\/facebook-chat-widget\/woocommerce\/","og_locale":"de_DE","og_type":"article","og_title":"WooCommerce Facebook-Chat-Plugin f\u00fcr Ihre Website (2026)","og_description":"Nutzen Sie die Gelegenheit, das Facebook-Chat-Plugin im Editor anzupassen und es direkt aus der Demo zu Ihrer WooCommerce-Website hinzuzuf\u00fcgen.","og_url":"https:\/\/elfsight.com\/de\/facebook-chat-widget\/woocommerce\/","og_site_name":"Elfsight DE","article_modified_time":"2025-07-08T10:37:14+00:00","twitter_card":"summary_large_image","twitter_misc":{"Gesch\u00e4tzte Lesezeit":"3\u00a0Minuten"},"schema":{"@context":"https:\/\/schema.org","@graph":[{"@type":"WebPage","@id":"https:\/\/elfsight.com\/de\/facebook-chat-widget\/woocommerce\/","url":"https:\/\/elfsight.com\/de\/facebook-chat-widget\/woocommerce\/","name":"WooCommerce Facebook-Chat-Plugin f\u00fcr Ihre Website (2026)","isPartOf":{"@id":"https:\/\/elfsight.com\/de\/#website"},"datePublished":"2024-05-03T06:35:21+00:00","dateModified":"2025-07-08T10:37:14+00:00","description":"Nutzen Sie die Gelegenheit, das Facebook-Chat-Plugin im Editor anzupassen und es direkt aus der Demo zu Ihrer WooCommerce-Website hinzuzuf\u00fcgen.","breadcrumb":{"@id":"https:\/\/elfsight.com\/de\/facebook-chat-widget\/woocommerce\/#breadcrumb"},"inLanguage":"de","potentialAction":[{"@type":"ReadAction","target":["https:\/\/elfsight.com\/de\/facebook-chat-widget\/woocommerce\/"]}]},{"@type":"BreadcrumbList","@id":"https:\/\/elfsight.com\/de\/facebook-chat-widget\/woocommerce\/#breadcrumb","itemListElement":[{"@type":"ListItem","position":1,"name":"Home","item":"https:\/\/elfsight.com\/de\/"},{"@type":"ListItem","position":2,"name":"Facebook Chat","item":"https:\/\/elfsight.com\/de\/facebook-chat-widget\/"},{"@type":"ListItem","position":3,"name":"Facebook Chat &#8211; WooCommerce"}]},{"@type":"WebSite","@id":"https:\/\/elfsight.com\/de\/#website","url":"https:\/\/elfsight.com\/de\/","name":"Elfsight DE","description":"Just another Elfsight Sites site","potentialAction":[{"@type":"SearchAction","target":{"@type":"EntryPoint","urlTemplate":"https:\/\/elfsight.com\/de\/?s={search_term_string}"},"query-input":{"@type":"PropertyValueSpecification","valueRequired":true,"valueName":"search_term_string"}}],"inLanguage":"de"}]}},"meta_box":{"industry":"","seo_heading":"","heading":"","description":"","cta_heading":"","cta_description":"","application":"480","h1":"WooCommerce Facebook-Chat-Plugin","h1_caption":"F\u00fcgen Sie Ihrer Website eine Facebook-Messenger-Chat-App hinzu, die Benutzern eine einfache M\u00f6glichkeit bietet, Sie m\u00fchelos \u00fcber Ihre WooCommerce-Website zu kontaktieren.","application_category":[],"applications_title":"","applications_request_title":"","applications_request_button_text":"","hero_text":"","hero_video":"","hero_video_schema_markup":"","selling_points_title":"","selling_points_caption":"","selling_points":[],"selling_points_cta_text":"","features_title":"","features":"","ed_cta_examples_text":"","ed_cta_examples_hidden":"","ed_cta_demo_text":"","ed_cta_demo_hidden":"","why_caption":"","why_editor_title":"","why_editor_text":"","why_team_title":"","why_team_text":"","why_service_title":"","why_service_text":"","template_catalog_visible":"","template_catalog_title":"","template_catalog_text":"","template_catalog_categories_visible":"","demo_title":"Erstellen Sie Ihre Facebook-Chat-App","demo_caption":"Konfigurieren Sie Ihren Facebook-Chat und f\u00fcgen Sie ihn kostenlos zu Ihrer WooCommerce-Website hinzu!","default_faq_hidden":"","app_template_category":[],"platform":"200","template_public_id":"","codecanyon_url":"","codecanyon_item_id":"","codecanyon_price":"","pricing_caption":"","pricing_elfsight_apps_hide_column":"","pricing_elfsight_apps_url":"","pricing_codecanyon_price_caption":"","integration_category":[],"integration_request_title":"","integration_request_cta":"","integration_platform":"","integrations":[],"platform_category":[],"video_schema_markup":"","price":"ab 0 $ \/ Monat","trial":"","benefits":[{"text":"Kostenloser Installationsservice"},{"text":"Premium-Support"},{"text":"14-t\u00e4gige R\u00fcckerstattungsgarantie"},{"text":"Fortlaufende Entwicklung"}],"button_url":"#demo","button_target_blank":"","button_nofollow":"","attributes":[{"name":"Installiert","content":"10,000 - 100,000"},{"name":"Reaktionsfreudig","content":"Ja"},{"name":"Kompatible Browser","content":"Firefox, Safari, Opera, Chrome, Edge"}],"tags":[],"tags_disable_links":"","hide_more_platforms":"","video_object":"","demo_hide_cta":"","demo_hide_cloud_options":"","pricing_title":"","pricing":[{"pricing_icon":"platform","pricing_title":"Elfsight Apps","pricing_title_caption":"Plattform\u00fcbergreifende Version","pricing_price":"ab 0 $ \/ Monat","pricing_price_caption":"Beginnen Sie mit einem kostenlosen Plan","pricing_benefits":[{"text":"Unbegrenzte Domains"},{"text":"Erstklassiger und p\u00fcnktlicher Support"},{"text":"Kostenlose Installationsunterst\u00fctzung"},{"text":"Flexibles Design"}],"pricing_button_text":"Zur Website hinzuf\u00fcgen","pricing_button_url":"#demo"}],"related_apps_title":"","related_apps_hidden":"","author":"","image":[],"title":"","job":"","social_networks":[]},"_links":{"self":[{"href":"https:\/\/elfsight.com\/de\/wp-json\/wp\/v2\/pages\/8690","targetHints":{"allow":["GET"]}}],"collection":[{"href":"https:\/\/elfsight.com\/de\/wp-json\/wp\/v2\/pages"}],"about":[{"href":"https:\/\/elfsight.com\/de\/wp-json\/wp\/v2\/types\/page"}],"author":[{"embeddable":true,"href":"https:\/\/elfsight.com\/de\/wp-json\/wp\/v2\/users\/9"}],"replies":[{"embeddable":true,"href":"https:\/\/elfsight.com\/de\/wp-json\/wp\/v2\/comments?post=8690"}],"version-history":[{"count":1,"href":"https:\/\/elfsight.com\/de\/wp-json\/wp\/v2\/pages\/8690\/revisions"}],"predecessor-version":[{"id":8694,"href":"https:\/\/elfsight.com\/de\/wp-json\/wp\/v2\/pages\/8690\/revisions\/8694"}],"up":[{"embeddable":true,"href":"https:\/\/elfsight.com\/de\/wp-json\/wp\/v2\/pages\/924"}],"wp:attachment":[{"href":"https:\/\/elfsight.com\/de\/wp-json\/wp\/v2\/media?parent=8690"}],"curies":[{"name":"wp","href":"https:\/\/api.w.org\/{rel}","templated":true}]}}