{"id":8684,"date":"2024-05-03T06:35:19","date_gmt":"2024-05-03T06:35:19","guid":{"rendered":"https:\/\/elfsight.com\/de\/?page_id=8684"},"modified":"2025-07-08T10:36:07","modified_gmt":"2025-07-08T10:36:07","slug":"google-sites","status":"publish","type":"page","link":"https:\/\/elfsight.com\/de\/facebook-chat-widget\/google-sites\/","title":{"rendered":"Facebook Chat &#8211; Google Sites"},"content":{"rendered":"<div class=\"application-platform-content-item-description application-platform-content-item\" id=\"description\" data-nav-section=\"description\"> <h2>Facebook-Chat auf Google Sites mit dem Elfsight-Widget einbetten<\/h2> <p>Das von Elfsight entwickelte Facebook-Messenger-Widget f\u00fcr Google Sites ist am einfachsten M\u00f6glichkeit f\u00fcr Ihre Website-Benutzer, mit Ihnen zu kommunizieren und Antworten auf ihre Fragen zu erhalten. Seien Sie im beliebtesten Messenger jederzeit live f\u00fcr Ihre Kunden erreichbar. Richten Sie den Chat auf Ihrer Website ein und lassen Sie ihn auf den wichtigsten Seiten oder f\u00fcr bestimmte Kundentypen erscheinen, w\u00e4hlen Sie Start-Chat-Ausl\u00f6ser, zeigen Sie Ihre einzigartige Willkommensnachricht an, \u00e4ndern Sie Symbole und vieles mehr. Wenn Sie den Facebook-Live-Chat in die Website integrieren, bleiben Sie f\u00fcr Ihre Besucher jederzeit und unabh\u00e4ngig von Ihrem Standort erreichbar.<\/p> <p><b>Machen Sie Ihre Website mit Facebook-Chat effizienter f\u00fcr Gesch\u00e4ftsziele<\/b><\/p> <\/div> <div class=\"application-platform-content-item-features application-platform-content-item\" id=\"features\" data-nav-section=\"features\"> <h2>Hier ist die Liste der n\u00fctzlichsten Funktionen: <\/h2> <ul><li>F\u00fcgen Sie den Facebook Messenger auf Ihrer Website ein, um mit den Zuschauern in Verbindung zu bleiben; <\/li><li>Kommunizieren Sie weiterhin direkt von Ihrem Facebook-Konto aus; <\/li><li>Probieren Sie drei Varianten des Chat-Layouts aus: als schwebende Blase, eingebettete Blase und eingebettetes Chat-Fenster; <\/li><li>Entdecken Sie eine Sammlung von Blasensymbolen zur Auswahl; <\/li><li>Bearbeitbarer Blasentext. <\/li><\/ul><p><a href=\"#demo\">Untersuchen Sie alle Personalisierungsfunktionen in einer voll funktionsf\u00e4higen Demo<\/a><\/p> <\/div> <div class=\"application-platform-content-item-installation application-platform-content-item\" id=\"installation\" data-nav-section=\"installation\"> <h2>Wie kann ich Facebook-Chat zu meinen Google Sites hinzuf\u00fcgen? <\/h2> <p>Befolgen Sie einfach die nachstehenden Anweisungen, um das Widget einzubetten. <\/p> <ol><li><b>\u00d6ffnen Sie unsere kostenlose Demo und beginnen Sie mit der Gestaltung Ihres ma\u00dfgeschneiderten Instruments. <\/b><br> Bestimmen Sie das passende Design und die Spezifikationen des Widgets und speichern Sie die \u00c4nderungen. <\/li> <li><b>Holen Sie sich Ihren einzigartigen Code, der im Feld von Elfsight Apps angezeigt wird. <\/b><br> Kopieren Sie direkt nach Abschluss der Erstellung Ihres Tools den exklusiven Code im angezeigten Fenster und speichern Sie ihn zur weiteren Verwendung. <\/li> <li><b>Initiieren Sie den Einsatz des Facebook-Messengers auf der Google Sites-Webseite. <\/b><br> Geben Sie den Code ein, den Sie zuvor auf Ihrer Seite gespeichert haben, und speichern Sie die \u00c4nderungen. <\/li> <li><b>Du bist fertig! Die Einbettung ist vollst\u00e4ndig durchgef\u00fchrt. <\/b><br> Besuchen Sie Ihre Website, um zu \u00fcberpr\u00fcfen, wie das Tool funktioniert. <\/li><\/ol> <div class=\"tip-yellow tip\"><b>Aufgrund der Besonderheiten der Google Sites-Funktion sieht das Widget m\u00f6glicherweise anders aus als die Online-Demo. Wir entschuldigen uns f\u00fcr etwaige Unannehmlichkeiten.<\/b><\/div><p>Wenn Sie Fragen haben oder auf Probleme sto\u00dfen, wenden Sie sich bitte an unser Support-Team. Unsere Mitarbeiter werden sich freuen, alle Probleme zu l\u00f6sen, die Sie mit dem Plugin haben k\u00f6nnten. <\/p> <div class=\"faq\" data-component=\"FAQ\"> <div class=\"faq-item\">\r\n\t\t\t\t\t<div class=\"faq-item-question\">\r\n\t\t\t\t\t\t<h3 class=\"faq-item-question-text\">Wie kann ich ohne Programmierkenntnisse Facebook-Chat zu meiner Google Sites-Website hinzuf\u00fcgen?<\/h3>\r\n\r\n\t\t\t\t\t\t<div class=\"faq-item-question-icon\"><\/div>\r\n\t\t\t\t\t<\/div>\r\n\r\n\t\t\t\t\t<div class=\"faq-item-answer\">\r\n\t\t\t\t\t\t<div class=\"faq-item-answer-text\"> <p>Elfsight bietet eine SaaS-L\u00f6sung, mit der Sie selbst ein Facebook-Chat-Widget erstellen k\u00f6nnen. Sehen Sie, wie einfach es ist Der Prozess ist: Arbeiten Sie direkt im Online-Editor, um ein Facebook-Chat-Widget zu erstellen, das Sie auf Ihrer Google Sites-Website sehen m\u00f6chten. W\u00e4hlen Sie eine der vorgefertigten Vorlagen aus und passen Sie die Facebook-Chat-Einstellungen an, f\u00fcgen Sie Ihre Inhalte hinzu, \u00e4ndern Sie das Layout und die Farben ohne Programmierkenntnisse. Speichern Sie den Facebook-Chat und kopieren Sie den Installationscode, den Sie ganz einfach in Ihre Google Sites-Website einf\u00fcgen k\u00f6nnen, ohne eine kostenpflichtige Version kaufen zu m\u00fcssen. Mit unserem intuitiven Editor kann jeder Internetnutzer online ein Facebook-Chat-Widget erstellen und es einfach in seine Google Sites-Website einbetten. Sie m\u00fcssen weder bezahlen noch Ihre Kartendaten eingeben, um auf den Service zuzugreifen. Sollten bei irgendeinem Schritt Probleme auftreten, wenden Sie sich bitte an unser technisches Support-Team.<\/p> <\/div>\r\n\t\t\t\t\t<\/div>\r\n\t\t\t\t<\/div> <\/div> <\/div><p><\/p>","protected":false},"excerpt":{"rendered":"","protected":false},"author":9,"featured_media":0,"parent":924,"menu_order":0,"comment_status":"closed","ping_status":"closed","template":"templates\/template-application-platform.php","meta":{"publish_to_discourse":"","publish_post_category":"","wpdc_auto_publish_overridden":"","wpdc_topic_tags":"","wpdc_pin_topic":"","wpdc_pin_until":"","discourse_post_id":"","discourse_permalink":"","wpdc_publishing_response":"","wpdc_publishing_error":"","footnotes":""},"class_list":["post-8684","page","type-page","status-publish","hentry"],"yoast_head":"<!-- This site is optimized with the Yoast SEO plugin v25.3.1 - https:\/\/yoast.com\/wordpress\/plugins\/seo\/ -->\n<title>Facebook Chat \u2013 Facebook Messenger-Widget zu Google Sites hinzuf\u00fcgen (2025)<\/title>\n<meta name=\"description\" content=\"Implementieren Sie ein responsives Facebook-Chat-Widget auf Ihren Google Sites. Nutzen Sie die Facebook-Messenger-Demo von Elfsight, um Ihre personalisierte Funktion zu erstellen.\" \/>\n<meta name=\"robots\" content=\"index, follow, max-snippet:-1, max-image-preview:large, max-video-preview:-1\" \/>\n<link rel=\"canonical\" href=\"https:\/\/elfsight.com\/de\/facebook-chat-widget\/google-sites\/\" \/>\n<meta property=\"og:locale\" content=\"de_DE\" \/>\n<meta property=\"og:type\" content=\"article\" \/>\n<meta property=\"og:title\" content=\"Facebook Chat \u2013 Facebook Messenger-Widget zu Google Sites hinzuf\u00fcgen (2025)\" \/>\n<meta property=\"og:description\" content=\"Implementieren Sie ein responsives Facebook-Chat-Widget auf Ihren Google Sites. Nutzen Sie die Facebook-Messenger-Demo von Elfsight, um Ihre personalisierte Funktion zu erstellen.\" \/>\n<meta property=\"og:url\" content=\"https:\/\/elfsight.com\/de\/facebook-chat-widget\/google-sites\/\" \/>\n<meta property=\"og:site_name\" content=\"Elfsight DE\" \/>\n<meta property=\"article:modified_time\" content=\"2025-07-08T10:36:07+00:00\" \/>\n<meta name=\"twitter:card\" content=\"summary_large_image\" \/>\n<meta name=\"twitter:label1\" content=\"Gesch\u00e4tzte Lesezeit\" \/>\n\t<meta name=\"twitter:data1\" content=\"3\u00a0Minuten\" \/>\n<!-- \/ Yoast SEO plugin. -->","yoast_head_json":{"title":"Facebook Chat \u2013 Facebook Messenger-Widget zu Google Sites hinzuf\u00fcgen (2025)","description":"Implementieren Sie ein responsives Facebook-Chat-Widget auf Ihren Google Sites. Nutzen Sie die Facebook-Messenger-Demo von Elfsight, um Ihre personalisierte Funktion zu erstellen.","robots":{"index":"index","follow":"follow","max-snippet":"max-snippet:-1","max-image-preview":"max-image-preview:large","max-video-preview":"max-video-preview:-1"},"canonical":"https:\/\/elfsight.com\/de\/facebook-chat-widget\/google-sites\/","og_locale":"de_DE","og_type":"article","og_title":"Facebook Chat \u2013 Facebook Messenger-Widget zu Google Sites hinzuf\u00fcgen (2025)","og_description":"Implementieren Sie ein responsives Facebook-Chat-Widget auf Ihren Google Sites. Nutzen Sie die Facebook-Messenger-Demo von Elfsight, um Ihre personalisierte Funktion zu erstellen.","og_url":"https:\/\/elfsight.com\/de\/facebook-chat-widget\/google-sites\/","og_site_name":"Elfsight DE","article_modified_time":"2025-07-08T10:36:07+00:00","twitter_card":"summary_large_image","twitter_misc":{"Gesch\u00e4tzte Lesezeit":"3\u00a0Minuten"},"schema":{"@context":"https:\/\/schema.org","@graph":[{"@type":"WebPage","@id":"https:\/\/elfsight.com\/de\/facebook-chat-widget\/google-sites\/","url":"https:\/\/elfsight.com\/de\/facebook-chat-widget\/google-sites\/","name":"Facebook Chat \u2013 Facebook Messenger-Widget zu Google Sites hinzuf\u00fcgen (2025)","isPartOf":{"@id":"https:\/\/elfsight.com\/de\/#website"},"datePublished":"2024-05-03T06:35:19+00:00","dateModified":"2025-07-08T10:36:07+00:00","description":"Implementieren Sie ein responsives Facebook-Chat-Widget auf Ihren Google Sites. Nutzen Sie die Facebook-Messenger-Demo von Elfsight, um Ihre personalisierte Funktion zu erstellen.","breadcrumb":{"@id":"https:\/\/elfsight.com\/de\/facebook-chat-widget\/google-sites\/#breadcrumb"},"inLanguage":"de","potentialAction":[{"@type":"ReadAction","target":["https:\/\/elfsight.com\/de\/facebook-chat-widget\/google-sites\/"]}]},{"@type":"BreadcrumbList","@id":"https:\/\/elfsight.com\/de\/facebook-chat-widget\/google-sites\/#breadcrumb","itemListElement":[{"@type":"ListItem","position":1,"name":"Home","item":"https:\/\/elfsight.com\/de\/"},{"@type":"ListItem","position":2,"name":"Facebook Chat","item":"https:\/\/elfsight.com\/de\/facebook-chat-widget\/"},{"@type":"ListItem","position":3,"name":"Facebook Chat &#8211; Google Sites"}]},{"@type":"WebSite","@id":"https:\/\/elfsight.com\/de\/#website","url":"https:\/\/elfsight.com\/de\/","name":"Elfsight DE","description":"Just another Elfsight Sites site","potentialAction":[{"@type":"SearchAction","target":{"@type":"EntryPoint","urlTemplate":"https:\/\/elfsight.com\/de\/?s={search_term_string}"},"query-input":{"@type":"PropertyValueSpecification","valueRequired":true,"valueName":"search_term_string"}}],"inLanguage":"de"}]}},"meta_box":{"industry":"","seo_heading":"","heading":"","description":"","cta_heading":"","cta_description":"","application":"480","h1":"Google Sites Facebook-Chat-Widget","h1_caption":"F\u00fcgen Sie Ihrer Website ein Facebook-Messenger-Chat-Widget hinzu, das Benutzern eine einfache M\u00f6glichkeit bietet, Sie m\u00fchelos \u00fcber Ihre Google Sites zu kontaktieren.","application_category":[],"applications_title":"","applications_request_title":"","applications_request_button_text":"","hero_text":"","hero_video":"","hero_video_schema_markup":"","selling_points_title":"","selling_points_caption":"","selling_points":[],"selling_points_cta_text":"","features_title":"","features":"","ed_cta_examples_text":"","ed_cta_examples_hidden":"","ed_cta_demo_text":"","ed_cta_demo_hidden":"","why_caption":"","why_editor_title":"","why_editor_text":"","why_team_title":"","why_team_text":"","why_service_title":"","why_service_text":"","template_catalog_visible":"","template_catalog_title":"","template_catalog_text":"","template_catalog_categories_visible":"","demo_title":"Erstellen Sie Ihr Facebook-Chat-Widget","demo_caption":"Konfigurieren Sie Ihren Facebook-Chat und f\u00fcgen Sie ihn kostenlos zu Ihrer Google Sites-Website hinzu!","default_faq_hidden":"","app_template_category":[],"platform":"3000","template_public_id":"","codecanyon_url":"","codecanyon_item_id":"","codecanyon_price":"","pricing_caption":"","pricing_elfsight_apps_hide_column":"","pricing_elfsight_apps_url":"","pricing_codecanyon_price_caption":"","integration_category":[],"integration_request_title":"","integration_request_cta":"","integration_platform":"","integrations":[],"platform_category":[],"video_schema_markup":"","price":"ab 0 $ \/ Monat","trial":"","benefits":[{"text":"Kostenlose Installationsunterst\u00fctzung"},{"text":"Kompetenter Kundenservice"},{"text":"14-t\u00e4gige Geld-zur\u00fcck-Garantie"},{"text":"Zuk\u00fcnftige Verbesserungen"}],"button_url":"#demo","button_target_blank":"","button_nofollow":"","attributes":[{"name":"Installiert","content":"10,000 - 100,000"},{"name":"Reaktionsfreudig","content":"Optimiert f\u00fcr Mobilger\u00e4te"},{"name":"Kompatible Browser","content":"Chrome, Safari, Opera, Firefox, Edge"}],"tags":[],"tags_disable_links":"","hide_more_platforms":"","video_object":"","demo_hide_cta":"","demo_hide_cloud_options":"","pricing_title":"","pricing":[{"pricing_icon":"platform","pricing_title":"Elfsight Apps","pricing_title_caption":"Plattform\u00fcbergreifende digitale L\u00f6sung","pricing_price":"ab 0 $ \/ Monat","pricing_price_caption":"Beginnen Sie mit einem kostenlosen Plan","pricing_benefits":[{"text":"Unbegrenzte Websites"},{"text":"Professioneller Kundensupport"},{"text":"Kostenloser Installationsservice"},{"text":"Sonderpreis f\u00fcr mehrere Apps"}],"pricing_button_text":"Zur Website hinzuf\u00fcgen","pricing_button_url":"#demo"}],"related_apps_title":"","related_apps_hidden":"","author":"","image":[],"title":"","job":"","social_networks":[]},"_links":{"self":[{"href":"https:\/\/elfsight.com\/de\/wp-json\/wp\/v2\/pages\/8684","targetHints":{"allow":["GET"]}}],"collection":[{"href":"https:\/\/elfsight.com\/de\/wp-json\/wp\/v2\/pages"}],"about":[{"href":"https:\/\/elfsight.com\/de\/wp-json\/wp\/v2\/types\/page"}],"author":[{"embeddable":true,"href":"https:\/\/elfsight.com\/de\/wp-json\/wp\/v2\/users\/9"}],"replies":[{"embeddable":true,"href":"https:\/\/elfsight.com\/de\/wp-json\/wp\/v2\/comments?post=8684"}],"version-history":[{"count":2,"href":"https:\/\/elfsight.com\/de\/wp-json\/wp\/v2\/pages\/8684\/revisions"}],"predecessor-version":[{"id":21497,"href":"https:\/\/elfsight.com\/de\/wp-json\/wp\/v2\/pages\/8684\/revisions\/21497"}],"up":[{"embeddable":true,"href":"https:\/\/elfsight.com\/de\/wp-json\/wp\/v2\/pages\/924"}],"wp:attachment":[{"href":"https:\/\/elfsight.com\/de\/wp-json\/wp\/v2\/media?parent=8684"}],"curies":[{"name":"wp","href":"https:\/\/api.w.org\/{rel}","templated":true}]}}