{"id":8682,"date":"2024-05-03T06:35:17","date_gmt":"2024-05-03T06:35:17","guid":{"rendered":"https:\/\/elfsight.com\/de\/?page_id=8682"},"modified":"2025-07-08T10:36:59","modified_gmt":"2025-07-08T10:36:59","slug":"prestashop","status":"publish","type":"page","link":"https:\/\/elfsight.com\/de\/facebook-chat-widget\/prestashop\/","title":{"rendered":"Facebook Chat &#8211; PrestaShop"},"content":{"rendered":"<div class=\"application-platform-content-item-description application-platform-content-item\" id=\"description\" data-nav-section=\"description\"> <h2>Beschreibung<\/h2> <p>Facebook-Chat von Elfsight ist f\u00fcr Ihre Website-Nutzer die einfachste M\u00f6glichkeit, Sie zu kontaktieren und Antworten auf ihre Fragen zu erhalten. Seien Sie ab sofort f\u00fcr Ihre Kunden jederzeit in einem der komfortablen Messenger erreichbar. Integrieren Sie Facebook Chat auf Ihrer Webseite und lassen Sie ihn auf bestimmten Seiten oder f\u00fcr bestimmte Kundengruppen erscheinen, legen Sie Start-Chat-Ausl\u00f6ser fest, zeigen Sie Ihre eigene Willkommensnachricht an, \u00e4ndern Sie Symbole und nehmen Sie andere Anpassungen vor. Durch den in die Website eingebetteten Facebook-Chat bleiben Sie f\u00fcr Ihre Kunden jederzeit und unabh\u00e4ngig davon, wo Sie sich befinden, erreichbar. <\/p><p><b>Integrieren Sie den Facebook-Chat, um Ihre E-Commerce-Ziele schneller zu erreichen! <\/b><\/p> <\/div> <div class=\"application-platform-content-item-features application-platform-content-item\" id=\"features\" data-nav-section=\"features\"> <h2>Das Widget bietet leistungsstarke und unkomplizierte Funktionen, sehen Sie sich einige davon an: <\/h2> <ul><li>Platzieren Sie den Facebook-Messenger Ihr Shop, um mit Kunden in Kontakt zu treten<\/li><li>Nachrichten direkt von Ihrem Facebook-Konto aus beantworten<\/li><li>W\u00e4hlen Sie eine von drei Arten von Chat-Layout: als schwebende Blase, eingebettete Blase und eingebettetes Chat-Fenster<\/li><li>W\u00e4hlen Sie Ihre Blasensymbolvariante aus der Bibliothek der verf\u00fcgbaren Symbole<\/li><li>Bearbeitbarer Blasentext<\/li><\/ul><p><a href=\"#demo\">Sie k\u00f6nnen \u00fcberpr\u00fcfen, wie Das Widget funktioniert mit Hilfe der Demo<\/a><\/p> <\/div> <div class=\"application-platform-content-item-installation application-platform-content-item\" id=\"installation\" data-nav-section=\"installation\"> <h2>Wie bette ich Facebook Chat in meine PrestaShop-Site ein? <\/h2> <p>Befolgen Sie einfach die nachstehenden Anweisungen, um das Tool einzubetten. <\/p> <ol><li><b>F\u00fchren Sie unseren kostenlosen Konfigurator aus und beginnen Sie mit der Gestaltung Ihres eigenen Widgets. <\/b><br> Geben Sie das gew\u00fcnschte Design und die gew\u00fcnschten Parameter des Werkzeugs an und wenden Sie die \u00c4nderungen an. <\/li> <li><b>Erhalten Sie Ihren individuellen Code, der im speziellen Formular auf Elfsight Apps angezeigt wird. <\/b><br> Nachdem die Erstellung Ihres pers\u00f6nlichen Add-ons abgeschlossen ist, kopieren Sie den exklusiven Code aus dem angezeigten Fenster und speichern Sie ihn zur weiteren Verwendung. <\/li> <li><b>Geben Sie an, das Add-on auf Ihrer PrestaShop-Webseite zu verwenden. <\/b><br> Platzieren Sie den zuvor gespeicherten Code auf Ihrer Webseite und speichern Sie die Korrekturen. <\/li> <li><b>Die Installation wurde erfolgreich abgeschlossen. <\/b><br> Gehen Sie auf Ihre Webseite, um die Arbeit des Add-Ons zu beobachten. <\/li><\/ol> <p>Wenn Sie Fragen haben oder auf Komplikationen sto\u00dfen, z\u00f6gern Sie nicht, sich an unser Kundendienstteam zu wenden. Unsere Berater helfen Ihnen gerne bei allen Schwierigkeiten, die Sie mit dem Widget haben k\u00f6nnten. <\/p> <div class=\"faq\" data-component=\"FAQ\"> <div class=\"faq-item\">\r\n\t\t\t\t\t<div class=\"faq-item-question\">\r\n\t\t\t\t\t\t<h3 class=\"faq-item-question-text\">Wie kann ich ohne Programmierkenntnisse Facebook-Chat zu meiner PrestaShop-Website hinzuf\u00fcgen?<\/h3>\r\n\r\n\t\t\t\t\t\t<div class=\"faq-item-question-icon\"><\/div>\r\n\t\t\t\t\t<\/div>\r\n\r\n\t\t\t\t\t<div class=\"faq-item-answer\">\r\n\t\t\t\t\t\t<div class=\"faq-item-answer-text\"> <p>Elfsight bietet eine SaaS-L\u00f6sung, mit der Sie selbst ein Facebook-Chat-Widget erstellen k\u00f6nnen. Sehen Sie, wie einfach das ist Der Prozess ist: Arbeiten Sie direkt im Online-Editor, um ein Facebook-Chat-Widget zu erstellen, das Sie auf Ihrer PrestaShop-Website sehen m\u00f6chten. W\u00e4hlen Sie eine der vorgefertigten Vorlagen aus und passen Sie die Facebook-Chat-Einstellungen an, f\u00fcgen Sie Ihre Inhalte hinzu, \u00e4ndern Sie das Layout und die Farben ohne Programmierkenntnisse. Speichern Sie den Facebook-Chat und kopieren Sie den Installationscode, den Sie ganz einfach zu Ihrer PrestaShop-Website hinzuf\u00fcgen k\u00f6nnen, ohne einen kostenpflichtigen Plan kaufen zu m\u00fcssen. Mit unserem intuitiven Editor kann jeder Internetnutzer online ein Facebook-Chat-Widget erstellen und es einfach in seine PrestaShop-Website einbetten. Sie m\u00fcssen weder bezahlen noch Ihre Kartendaten eingeben, um auf den Service zuzugreifen. Sollten bei irgendeinem Schritt Probleme auftreten, wenden Sie sich bitte an unser technisches Support-Team.<\/p> <\/div>\r\n\t\t\t\t\t<\/div>\r\n\t\t\t\t<\/div> <\/div> <\/div>","protected":false},"excerpt":{"rendered":"","protected":false},"author":9,"featured_media":0,"parent":924,"menu_order":0,"comment_status":"closed","ping_status":"closed","template":"templates\/template-application-platform.php","meta":{"publish_to_discourse":"","publish_post_category":"","wpdc_auto_publish_overridden":"","wpdc_topic_tags":"","wpdc_pin_topic":"","wpdc_pin_until":"","discourse_post_id":"","discourse_permalink":"","wpdc_publishing_response":"","wpdc_publishing_error":"","footnotes":""},"class_list":["post-8682","page","type-page","status-publish","hentry"],"yoast_head":"<!-- This site is optimized with the Yoast SEO plugin v25.3.1 - https:\/\/yoast.com\/wordpress\/plugins\/seo\/ -->\n<title>Facebook-Chat \u2013 Messenger zur PrestaShop-Website hinzuf\u00fcgen (in 2 Minuten)<\/title>\n<meta name=\"description\" content=\"Gestalten Sie mit Elfsight Ihren Facebook-Chat und f\u00fcgen Sie ihn ganz einfach auf der PrestaShop-Webseite hinzu. Wir bieten kostenlosen Kundensupport und andere Boni.\" \/>\n<meta name=\"robots\" content=\"index, follow, max-snippet:-1, max-image-preview:large, max-video-preview:-1\" \/>\n<link rel=\"canonical\" href=\"https:\/\/elfsight.com\/de\/facebook-chat-widget\/prestashop\/\" \/>\n<meta property=\"og:locale\" content=\"de_DE\" \/>\n<meta property=\"og:type\" content=\"article\" \/>\n<meta property=\"og:title\" content=\"Facebook-Chat \u2013 Messenger zur PrestaShop-Website hinzuf\u00fcgen (in 2 Minuten)\" \/>\n<meta property=\"og:description\" content=\"Gestalten Sie mit Elfsight Ihren Facebook-Chat und f\u00fcgen Sie ihn ganz einfach auf der PrestaShop-Webseite hinzu. Wir bieten kostenlosen Kundensupport und andere Boni.\" \/>\n<meta property=\"og:url\" content=\"https:\/\/elfsight.com\/de\/facebook-chat-widget\/prestashop\/\" \/>\n<meta property=\"og:site_name\" content=\"Elfsight DE\" \/>\n<meta property=\"article:modified_time\" content=\"2025-07-08T10:36:59+00:00\" \/>\n<meta name=\"twitter:card\" content=\"summary_large_image\" \/>\n<meta name=\"twitter:label1\" content=\"Gesch\u00e4tzte Lesezeit\" \/>\n\t<meta name=\"twitter:data1\" content=\"3\u00a0Minuten\" \/>\n<!-- \/ Yoast SEO plugin. -->","yoast_head_json":{"title":"Facebook-Chat \u2013 Messenger zur PrestaShop-Website hinzuf\u00fcgen (in 2 Minuten)","description":"Gestalten Sie mit Elfsight Ihren Facebook-Chat und f\u00fcgen Sie ihn ganz einfach auf der PrestaShop-Webseite hinzu. Wir bieten kostenlosen Kundensupport und andere Boni.","robots":{"index":"index","follow":"follow","max-snippet":"max-snippet:-1","max-image-preview":"max-image-preview:large","max-video-preview":"max-video-preview:-1"},"canonical":"https:\/\/elfsight.com\/de\/facebook-chat-widget\/prestashop\/","og_locale":"de_DE","og_type":"article","og_title":"Facebook-Chat \u2013 Messenger zur PrestaShop-Website hinzuf\u00fcgen (in 2 Minuten)","og_description":"Gestalten Sie mit Elfsight Ihren Facebook-Chat und f\u00fcgen Sie ihn ganz einfach auf der PrestaShop-Webseite hinzu. Wir bieten kostenlosen Kundensupport und andere Boni.","og_url":"https:\/\/elfsight.com\/de\/facebook-chat-widget\/prestashop\/","og_site_name":"Elfsight DE","article_modified_time":"2025-07-08T10:36:59+00:00","twitter_card":"summary_large_image","twitter_misc":{"Gesch\u00e4tzte Lesezeit":"3\u00a0Minuten"},"schema":{"@context":"https:\/\/schema.org","@graph":[{"@type":"WebPage","@id":"https:\/\/elfsight.com\/de\/facebook-chat-widget\/prestashop\/","url":"https:\/\/elfsight.com\/de\/facebook-chat-widget\/prestashop\/","name":"Facebook-Chat \u2013 Messenger zur PrestaShop-Website hinzuf\u00fcgen (in 2 Minuten)","isPartOf":{"@id":"https:\/\/elfsight.com\/de\/#website"},"datePublished":"2024-05-03T06:35:17+00:00","dateModified":"2025-07-08T10:36:59+00:00","description":"Gestalten Sie mit Elfsight Ihren Facebook-Chat und f\u00fcgen Sie ihn ganz einfach auf der PrestaShop-Webseite hinzu. Wir bieten kostenlosen Kundensupport und andere Boni.","breadcrumb":{"@id":"https:\/\/elfsight.com\/de\/facebook-chat-widget\/prestashop\/#breadcrumb"},"inLanguage":"de","potentialAction":[{"@type":"ReadAction","target":["https:\/\/elfsight.com\/de\/facebook-chat-widget\/prestashop\/"]}]},{"@type":"BreadcrumbList","@id":"https:\/\/elfsight.com\/de\/facebook-chat-widget\/prestashop\/#breadcrumb","itemListElement":[{"@type":"ListItem","position":1,"name":"Home","item":"https:\/\/elfsight.com\/de\/"},{"@type":"ListItem","position":2,"name":"Facebook Chat","item":"https:\/\/elfsight.com\/de\/facebook-chat-widget\/"},{"@type":"ListItem","position":3,"name":"Facebook Chat &#8211; PrestaShop"}]},{"@type":"WebSite","@id":"https:\/\/elfsight.com\/de\/#website","url":"https:\/\/elfsight.com\/de\/","name":"Elfsight DE","description":"Just another Elfsight Sites site","potentialAction":[{"@type":"SearchAction","target":{"@type":"EntryPoint","urlTemplate":"https:\/\/elfsight.com\/de\/?s={search_term_string}"},"query-input":{"@type":"PropertyValueSpecification","valueRequired":true,"valueName":"search_term_string"}}],"inLanguage":"de"}]}},"meta_box":{"industry":"","seo_heading":"","heading":"","description":"","cta_heading":"","cta_description":"","application":"480","h1":"PrestaShop Facebook Messenger Add-on","h1_caption":"F\u00fcgen Sie Ihrer Website ein Facebook-Messenger-Chat-Widget hinzu, das Benutzern eine einfache M\u00f6glichkeit bietet, Sie m\u00fchelos \u00fcber Ihre Prestashop-Website zu kontaktieren.","application_category":[],"applications_title":"","applications_request_title":"","applications_request_button_text":"","hero_text":"","hero_video":"","hero_video_schema_markup":"","selling_points_title":"","selling_points_caption":"","selling_points":[],"selling_points_cta_text":"","features_title":"","features":"","ed_cta_examples_text":"","ed_cta_examples_hidden":"","ed_cta_demo_text":"","ed_cta_demo_hidden":"","why_caption":"","why_editor_title":"","why_editor_text":"","why_team_title":"","why_team_text":"","why_service_title":"","why_service_text":"","template_catalog_visible":"","template_catalog_title":"","template_catalog_text":"","template_catalog_categories_visible":"","demo_title":"Erstellen Sie Ihr Facebook-Chat-Add-on","demo_caption":"Konfigurieren Sie Ihren Facebook-Chat und f\u00fcgen Sie ihn kostenlos zu Ihrer PrestaShop-Website hinzu!","default_faq_hidden":"","app_template_category":[],"platform":"3811","template_public_id":"","codecanyon_url":"","codecanyon_item_id":"","codecanyon_price":"","pricing_caption":"","pricing_elfsight_apps_hide_column":"","pricing_elfsight_apps_url":"","pricing_codecanyon_price_caption":"","integration_category":[],"integration_request_title":"","integration_request_cta":"","integration_platform":"","integrations":[],"platform_category":[],"video_schema_markup":"","price":"ab 0 $ \/ Monat","trial":"","benefits":[{"text":"Kostenlose Installationshilfe"},{"text":"Premium-Support"},{"text":"14-t\u00e4gige R\u00fcckerstattungsgarantie"},{"text":"Lebenslange Verbesserungen"}],"button_url":"#demo","button_target_blank":"","button_nofollow":"","attributes":[{"name":"Installiert","content":"10,000 - 100,000"},{"name":"Reaktionsfreudig","content":"Ja"},{"name":"Kompatible Browser","content":"Firefox, Safari, Opera, Chrome, Edge"}],"tags":[],"tags_disable_links":"","hide_more_platforms":"","video_object":"","demo_hide_cta":"","demo_hide_cloud_options":"","pricing_title":"","pricing":[{"pricing_icon":"platform","pricing_title":"Elfsight Apps","pricing_title_caption":"Plattform\u00fcbergreifende digitale L\u00f6sung, die zu jeder Website passt","pricing_price":"ab 0 $ \/ Monat","pricing_price_caption":"Beginnen Sie mit einem kostenlosen Plan","pricing_benefits":[{"text":"Unbegrenzte Domains"},{"text":"24\/7 und p\u00fcnktlicher Support und gut dokumentiert"},{"text":"Kostenloser Installationssupport"},{"text":"Vollst\u00e4ndig anpassbar"}],"pricing_button_text":"Zur Website hinzuf\u00fcgen","pricing_button_url":"#demo"}],"related_apps_title":"","related_apps_hidden":"","author":"","image":[],"title":"","job":"","social_networks":[]},"_links":{"self":[{"href":"https:\/\/elfsight.com\/de\/wp-json\/wp\/v2\/pages\/8682","targetHints":{"allow":["GET"]}}],"collection":[{"href":"https:\/\/elfsight.com\/de\/wp-json\/wp\/v2\/pages"}],"about":[{"href":"https:\/\/elfsight.com\/de\/wp-json\/wp\/v2\/types\/page"}],"author":[{"embeddable":true,"href":"https:\/\/elfsight.com\/de\/wp-json\/wp\/v2\/users\/9"}],"replies":[{"embeddable":true,"href":"https:\/\/elfsight.com\/de\/wp-json\/wp\/v2\/comments?post=8682"}],"version-history":[{"count":2,"href":"https:\/\/elfsight.com\/de\/wp-json\/wp\/v2\/pages\/8682\/revisions"}],"predecessor-version":[{"id":21495,"href":"https:\/\/elfsight.com\/de\/wp-json\/wp\/v2\/pages\/8682\/revisions\/21495"}],"up":[{"embeddable":true,"href":"https:\/\/elfsight.com\/de\/wp-json\/wp\/v2\/pages\/924"}],"wp:attachment":[{"href":"https:\/\/elfsight.com\/de\/wp-json\/wp\/v2\/media?parent=8682"}],"curies":[{"name":"wp","href":"https:\/\/api.w.org\/{rel}","templated":true}]}}