{"id":8681,"date":"2024-05-03T06:35:16","date_gmt":"2024-05-03T06:35:16","guid":{"rendered":"https:\/\/elfsight.com\/de\/?page_id=8681"},"modified":"2025-07-08T10:36:20","modified_gmt":"2025-07-08T10:36:20","slug":"jimdo","status":"publish","type":"page","link":"https:\/\/elfsight.com\/de\/facebook-chat-widget\/jimdo\/","title":{"rendered":"Facebook Chat &#8211; Jimdo"},"content":{"rendered":"<div class=\"application-platform-content-item-description application-platform-content-item\" id=\"description\" data-nav-section=\"description\"> <h2>Beschreibung<\/h2> <p>Facebook-Chat von Elfsight ist f\u00fcr Ihre Website-Benutzer die einfachste M\u00f6glichkeit, mit Ihnen zu kommunizieren und Antworten auf ihre Fragen zu h\u00f6ren und Anfragen. Ab sofort sind Sie f\u00fcr Ihre Kundschaft im beliebtesten Messenger nonstop online erreichbar. F\u00fchren Sie Facebook Chat auf Ihrer Website ein und legen Sie fest, dass er auf ausgew\u00e4hlten Seiten oder f\u00fcr bestimmte Zuschauertypen angezeigt wird, f\u00fchren Sie Start-Chat-Ausl\u00f6ser ein, f\u00fcgen Sie Ihre pers\u00f6nliche Willkommensnachricht ein, w\u00e4hlen Sie Symbole aus und tun Sie noch mehr. Durch den Facebook-Chat auf Ihrer Website bleiben Sie jederzeit und von jedem Ort aus leicht mit Ihrem Publikum erreichbar. <\/p><p><b>Erleben Sie mit Facebook Chat ein starkes Gesch\u00e4ftswachstum und mehr Verk\u00e4ufe <\/b><\/p> <\/div> <div class=\"application-platform-content-item-features application-platform-content-item\" id=\"features\" data-nav-section=\"features\"> <h2>Das Widget bietet leistungsstarke und schnelle Funktionen Sehen Sie sich einige davon an: <\/h2> <ul><li>Verwenden Sie CTA-Schaltfl\u00e4chen, um Website-Besucher zur Conversion zu f\u00fchren. <\/li><li>\u00c4ndern Sie die Dauer des Folienwechsels. <\/li><li>W\u00e4hlen Sie zwischen zahlreichen Optionen. <\/li><li>Platzieren Sie Ihre Nachricht mithilfe der erweiterten Position an einer beliebigen Stelle auf der Seite. <\/li><li>F\u00fcnf Inhaltsoptionen anpassen. <\/li><\/ul><p><a href=\"#demo\">Probieren Sie einfach diese Demo aus, um zu sehen, wie es funktioniert<\/a><\/p> <\/div> <div class=\"application-platform-content-item-installation application-platform-content-item\" id=\"installation\" data-nav-section=\"installation\"> <h2>Wie kann ich Facebook-Chat zu meiner Jimdo-Webseite hinzuf\u00fcgen? <\/h2> <p>F\u00fchren Sie einfach die unten beschriebenen Schritte aus, um das Widget einzuf\u00fcgen. <\/p> <ol><li><b>Starten Sie unseren kostenlosen Konfigurator und beginnen Sie mit der Erstellung Ihres eigenen Widgets. <\/b><br> Suchen Sie das benutzerdefinierte Layout und die Aspekte des Widgets und speichern Sie die \u00c4nderungen. <\/li> <li><b>Kopieren Sie Ihren pers\u00f6nlichen Code, der im Feld auf Elfsight Apps angezeigt wird. <\/b><br> Sobald die Einrichtung Ihres Tools abgeschlossen ist, kopieren Sie den einzelnen Code im angezeigten Fenster und speichern Sie ihn f\u00fcr die sp\u00e4tere Verwendung. <\/li> <li><b>Beginnen Sie mit der Verwendung des Widgets auf der Jimdo-Website. <\/b><br> Integrieren Sie den k\u00fcrzlich kopierten Code in Ihre Webseite und \u00fcbernehmen Sie die \u00c4nderungen. <\/li> <li><b>Fertig! Die Integration ist erfolgreich abgeschlossen. <\/b><br> Besuchen Sie Ihre Website, um in Aktion zu sehen, wie das Tool funktioniert. <\/li><\/ol> <p>Sollten Sie auf Hindernisse sto\u00dfen, wenden Sie sich bitte an unseren Kundenservice. Unsere Berater helfen Ihnen gerne bei allen Fragen rund um das Produkt weiter. <\/p> <div class=\"faq\" data-component=\"FAQ\"> <div class=\"faq-item\">\r\n\t\t\t\t\t<div class=\"faq-item-question\">\r\n\t\t\t\t\t\t<h3 class=\"faq-item-question-text\">Wie kann ich ohne Programmierkenntnisse Facebook-Chat zu meiner Jimdo-Website hinzuf\u00fcgen?<\/h3>\r\n\r\n\t\t\t\t\t\t<div class=\"faq-item-question-icon\"><\/div>\r\n\t\t\t\t\t<\/div>\r\n\r\n\t\t\t\t\t<div class=\"faq-item-answer\">\r\n\t\t\t\t\t\t<div class=\"faq-item-answer-text\"> <p>Elfsight bietet eine SaaS-L\u00f6sung, mit der Sie selbst ein Facebook-Chat-Widget erstellen k\u00f6nnen. Sehen Sie, wie einfach das ist Der Vorgang ist: Arbeiten Sie direkt im Online-Editor, um ein Facebook-Chat-Widget zu erstellen, das Sie auf Ihrer Jimdo-Website sehen m\u00f6chten. W\u00e4hlen Sie eine der vorgefertigten Vorlagen aus und passen Sie die Facebook-Chat-Einstellungen an, f\u00fcgen Sie Ihre Inhalte hinzu, \u00e4ndern Sie das Layout und die Farben ohne Programmierkenntnisse. Speichern Sie den Facebook-Chat und kopieren Sie seinen Installationscode, den Sie ganz einfach zu Ihrer Jimdo-Website hinzuf\u00fcgen k\u00f6nnen, ohne ein kostenpflichtiges Abonnement kaufen zu m\u00fcssen. Mit unserem intuitiven Editor kann jeder Internetnutzer online ein Facebook-Chat-Widget erstellen und es einfach in seine Jimdo-Website einbetten. Sie m\u00fcssen weder bezahlen noch Ihre Kartendaten eingeben, um auf den Service zuzugreifen. Sollten bei irgendeinem Schritt Probleme auftreten, wenden Sie sich bitte an unser technisches Support-Team.<\/p> <\/div>\r\n\t\t\t\t\t<\/div>\r\n\t\t\t\t<\/div> <\/div> <\/div>","protected":false},"excerpt":{"rendered":"","protected":false},"author":9,"featured_media":0,"parent":924,"menu_order":0,"comment_status":"closed","ping_status":"closed","template":"templates\/template-application-platform.php","meta":{"publish_to_discourse":"","publish_post_category":"","wpdc_auto_publish_overridden":"","wpdc_topic_tags":"","wpdc_pin_topic":"","wpdc_pin_until":"","discourse_post_id":"","discourse_permalink":"","wpdc_publishing_response":"","wpdc_publishing_error":"","footnotes":""},"class_list":["post-8681","page","type-page","status-publish","hentry"],"yoast_head":"<!-- This site is optimized with the Yoast SEO plugin v25.3.1 - https:\/\/yoast.com\/wordpress\/plugins\/seo\/ -->\n<title>Facebook-Chat \u2013 Messenger zur Jimdo-Website hinzuf\u00fcgen (in 2 Min.)<\/title>\n<meta name=\"description\" content=\"Gestalten Sie mit Elfsight Ihren Facebook-Chat und f\u00fcgen Sie ihn ganz einfach auf der Webseite hinzu. Wir bieten kostenlosen Kundensupport und andere Boni.\" \/>\n<meta name=\"robots\" content=\"index, follow, max-snippet:-1, max-image-preview:large, max-video-preview:-1\" \/>\n<link rel=\"canonical\" href=\"https:\/\/elfsight.com\/de\/facebook-chat-widget\/jimdo\/\" \/>\n<meta property=\"og:locale\" content=\"de_DE\" \/>\n<meta property=\"og:type\" content=\"article\" \/>\n<meta property=\"og:title\" content=\"Facebook-Chat \u2013 Messenger zur Jimdo-Website hinzuf\u00fcgen (in 2 Min.)\" \/>\n<meta property=\"og:description\" content=\"Gestalten Sie mit Elfsight Ihren Facebook-Chat und f\u00fcgen Sie ihn ganz einfach auf der Webseite hinzu. Wir bieten kostenlosen Kundensupport und andere Boni.\" \/>\n<meta property=\"og:url\" content=\"https:\/\/elfsight.com\/de\/facebook-chat-widget\/jimdo\/\" \/>\n<meta property=\"og:site_name\" content=\"Elfsight DE\" \/>\n<meta property=\"article:modified_time\" content=\"2025-07-08T10:36:20+00:00\" \/>\n<meta name=\"twitter:card\" content=\"summary_large_image\" \/>\n<meta name=\"twitter:label1\" content=\"Gesch\u00e4tzte Lesezeit\" \/>\n\t<meta name=\"twitter:data1\" content=\"3\u00a0Minuten\" \/>\n<!-- \/ Yoast SEO plugin. -->","yoast_head_json":{"title":"Facebook-Chat \u2013 Messenger zur Jimdo-Website hinzuf\u00fcgen (in 2 Min.)","description":"Gestalten Sie mit Elfsight Ihren Facebook-Chat und f\u00fcgen Sie ihn ganz einfach auf der Webseite hinzu. Wir bieten kostenlosen Kundensupport und andere Boni.","robots":{"index":"index","follow":"follow","max-snippet":"max-snippet:-1","max-image-preview":"max-image-preview:large","max-video-preview":"max-video-preview:-1"},"canonical":"https:\/\/elfsight.com\/de\/facebook-chat-widget\/jimdo\/","og_locale":"de_DE","og_type":"article","og_title":"Facebook-Chat \u2013 Messenger zur Jimdo-Website hinzuf\u00fcgen (in 2 Min.)","og_description":"Gestalten Sie mit Elfsight Ihren Facebook-Chat und f\u00fcgen Sie ihn ganz einfach auf der Webseite hinzu. Wir bieten kostenlosen Kundensupport und andere Boni.","og_url":"https:\/\/elfsight.com\/de\/facebook-chat-widget\/jimdo\/","og_site_name":"Elfsight DE","article_modified_time":"2025-07-08T10:36:20+00:00","twitter_card":"summary_large_image","twitter_misc":{"Gesch\u00e4tzte Lesezeit":"3\u00a0Minuten"},"schema":{"@context":"https:\/\/schema.org","@graph":[{"@type":"WebPage","@id":"https:\/\/elfsight.com\/de\/facebook-chat-widget\/jimdo\/","url":"https:\/\/elfsight.com\/de\/facebook-chat-widget\/jimdo\/","name":"Facebook-Chat \u2013 Messenger zur Jimdo-Website hinzuf\u00fcgen (in 2 Min.)","isPartOf":{"@id":"https:\/\/elfsight.com\/de\/#website"},"datePublished":"2024-05-03T06:35:16+00:00","dateModified":"2025-07-08T10:36:20+00:00","description":"Gestalten Sie mit Elfsight Ihren Facebook-Chat und f\u00fcgen Sie ihn ganz einfach auf der Webseite hinzu. Wir bieten kostenlosen Kundensupport und andere Boni.","breadcrumb":{"@id":"https:\/\/elfsight.com\/de\/facebook-chat-widget\/jimdo\/#breadcrumb"},"inLanguage":"de","potentialAction":[{"@type":"ReadAction","target":["https:\/\/elfsight.com\/de\/facebook-chat-widget\/jimdo\/"]}]},{"@type":"BreadcrumbList","@id":"https:\/\/elfsight.com\/de\/facebook-chat-widget\/jimdo\/#breadcrumb","itemListElement":[{"@type":"ListItem","position":1,"name":"Home","item":"https:\/\/elfsight.com\/de\/"},{"@type":"ListItem","position":2,"name":"Facebook Chat","item":"https:\/\/elfsight.com\/de\/facebook-chat-widget\/"},{"@type":"ListItem","position":3,"name":"Facebook Chat &#8211; Jimdo"}]},{"@type":"WebSite","@id":"https:\/\/elfsight.com\/de\/#website","url":"https:\/\/elfsight.com\/de\/","name":"Elfsight DE","description":"Just another Elfsight Sites site","potentialAction":[{"@type":"SearchAction","target":{"@type":"EntryPoint","urlTemplate":"https:\/\/elfsight.com\/de\/?s={search_term_string}"},"query-input":{"@type":"PropertyValueSpecification","valueRequired":true,"valueName":"search_term_string"}}],"inLanguage":"de"}]}},"meta_box":{"industry":"","seo_heading":"","heading":"","description":"","cta_heading":"","cta_description":"","application":"480","h1":"Jimdo Facebook Messenger-Widget","h1_caption":"F\u00fcgen Sie Ihrer Website ein Facebook-Messenger-Chat-Widget hinzu, das Benutzern eine einfache M\u00f6glichkeit bietet, Sie m\u00fchelos \u00fcber Ihre Jimdo-Website zu kontaktieren.","application_category":[],"applications_title":"","applications_request_title":"","applications_request_button_text":"","hero_text":"","hero_video":"","hero_video_schema_markup":"","selling_points_title":"","selling_points_caption":"","selling_points":[],"selling_points_cta_text":"","features_title":"","features":"","ed_cta_examples_text":"","ed_cta_examples_hidden":"","ed_cta_demo_text":"","ed_cta_demo_hidden":"","why_caption":"","why_editor_title":"","why_editor_text":"","why_team_title":"","why_team_text":"","why_service_title":"","why_service_text":"","template_catalog_visible":"","template_catalog_title":"","template_catalog_text":"","template_catalog_categories_visible":"","demo_title":"Erstellen Sie Ihr Facebook-Chat-Widget","demo_caption":"Konfigurieren Sie Ihren Facebook-Chat und f\u00fcgen Sie ihn kostenlos zu Ihrer Jimdo-Website hinzu!","default_faq_hidden":"","app_template_category":[],"platform":"239","template_public_id":"","codecanyon_url":"","codecanyon_item_id":"","codecanyon_price":"","pricing_caption":"","pricing_elfsight_apps_hide_column":"","pricing_elfsight_apps_url":"","pricing_codecanyon_price_caption":"","integration_category":[],"integration_request_title":"","integration_request_cta":"","integration_platform":"","integrations":[],"platform_category":[],"video_schema_markup":"","price":"ab 0 $ \/ Monat","trial":"","benefits":[{"text":"Kostenlose Installationshilfe"},{"text":"Premium-Support"},{"text":"14-t\u00e4gige Geld-zur\u00fcck-Garantie"},{"text":"Regelm\u00e4\u00dfige Verbesserungen"}],"button_url":"#demo","button_target_blank":"","button_nofollow":"","attributes":[{"name":"Installiert","content":"10,000 - 100,000"},{"name":"Reaktionsfreudig","content":"Ja"},{"name":"Kompatible Browser","content":"Firefox, Safari, Opera, Chrome, Edge"}],"tags":[],"tags_disable_links":"","hide_more_platforms":"","video_object":"","demo_hide_cta":"","demo_hide_cloud_options":"","pricing_title":"","pricing":[{"pricing_icon":"platform","pricing_title":"Elfsight Apps","pricing_title_caption":"Plattform\u00fcbergreifende digitale L\u00f6sung, die f\u00fcr jede Website geeignet ist","pricing_price":"ab 0 $ \/ Monat","pricing_price_caption":"Beginnen Sie mit einem kostenlosen Plan","pricing_benefits":[{"text":"Unbegrenzte Websites"},{"text":"Professionelle Unternehmensunterst\u00fctzung"},{"text":"Kostenlose Installationshilfe"},{"text":"Vollst\u00e4ndig anpassbar"}],"pricing_button_text":"Zur Website hinzuf\u00fcgen","pricing_button_url":"#demo"}],"related_apps_title":"","related_apps_hidden":"","author":"","image":[],"title":"","job":"","social_networks":[]},"_links":{"self":[{"href":"https:\/\/elfsight.com\/de\/wp-json\/wp\/v2\/pages\/8681","targetHints":{"allow":["GET"]}}],"collection":[{"href":"https:\/\/elfsight.com\/de\/wp-json\/wp\/v2\/pages"}],"about":[{"href":"https:\/\/elfsight.com\/de\/wp-json\/wp\/v2\/types\/page"}],"author":[{"embeddable":true,"href":"https:\/\/elfsight.com\/de\/wp-json\/wp\/v2\/users\/9"}],"replies":[{"embeddable":true,"href":"https:\/\/elfsight.com\/de\/wp-json\/wp\/v2\/comments?post=8681"}],"version-history":[{"count":2,"href":"https:\/\/elfsight.com\/de\/wp-json\/wp\/v2\/pages\/8681\/revisions"}],"predecessor-version":[{"id":21494,"href":"https:\/\/elfsight.com\/de\/wp-json\/wp\/v2\/pages\/8681\/revisions\/21494"}],"up":[{"embeddable":true,"href":"https:\/\/elfsight.com\/de\/wp-json\/wp\/v2\/pages\/924"}],"wp:attachment":[{"href":"https:\/\/elfsight.com\/de\/wp-json\/wp\/v2\/media?parent=8681"}],"curies":[{"name":"wp","href":"https:\/\/api.w.org\/{rel}","templated":true}]}}