{"id":8356,"date":"2024-05-03T06:32:35","date_gmt":"2024-05-03T06:32:35","guid":{"rendered":"https:\/\/elfsight.com\/de\/?page_id=8356"},"modified":"2025-07-08T10:25:22","modified_gmt":"2025-07-08T10:25:22","slug":"drupal","status":"publish","type":"page","link":"https:\/\/elfsight.com\/de\/click-to-call-widget\/drupal\/","title":{"rendered":"Click to Call &#8211; Drupal"},"content":{"rendered":"<div class=\"application-platform-content-item-description application-platform-content-item\" id=\"description\" data-nav-section=\"description\"> <h2>Beschreibung<\/h2> <p>Elfsight Button Now Button ist ein unkompliziertes Widget f\u00fcr jede Website, das es Kunden einfacher macht, eine zu starten Anruf. Auf Mobilger\u00e4ten w\u00e4hlt das Widget die eingebettete Nummer, sobald ein Benutzer auf das Telefonsymbol klickt. Auf Desktop-Computern zeigt der Klick Ihre Telefonnummer auf der Website an, damit Benutzer noch in derselben Sekunde mit dem W\u00e4hlen beginnen k\u00f6nnen. Es ist m\u00f6glich, nicht nur die Nummer hinzuzuf\u00fcgen, sondern auch das Anruffenster mit dem Namen und dem Foto Ihres Ansprechpartners sowie einem kurzen Text zu konfigurieren. Alle Elemente sind schaltbar und erm\u00f6glichen die Gestaltung beliebiger Varianten der Schnittstelle. Es gibt auch eine Funktion zum Definieren eines Ausl\u00f6sers, der die Telefonblase zum Vorschein bringt und eine Kategorie von Besuchern ausw\u00e4hlt, f\u00fcr die sie angezeigt wird. <\/p> <div class=\"faq\" data-component=\"FAQ\"><div class=\"faq-item\">\r\n\t\t\t\t\t<div class=\"faq-item-question\">\r\n\t\t\t\t\t\t<h3 class=\"faq-item-question-text\">Wo kann ich dieses Plugin anzeigen<\/h3>\r\n\r\n\t\t\t\t\t\t<div class=\"faq-item-question-icon\"><\/div>\r\n\t\t\t\t\t<\/div>\r\n\r\n\t\t\t\t\t<div class=\"faq-item-answer\">\r\n\t\t\t\t\t\t<div class=\"faq-item-answer-text\"> <p>Das Widget kann auf jeder Seite der Website oder auf allen Webseiten angezeigt werden. In den Widget-Einstellungen gibt es eine Funktion zum Eingeben der URLs ausgew\u00e4hlter Seiten, auf denen Sie das Widget platzieren m\u00f6chten. Eine andere M\u00f6glichkeit besteht darin, die Option \u201eAusschlie\u00dfen\u201c anzuwenden und die URLs der Seiten einzugeben, auf denen Sie die Demonstration des Widgets verbieten m\u00f6chten.<\/p> <\/div>\r\n\t\t\t\t\t<\/div>\r\n\t\t\t\t<\/div><div class=\"faq-item\">\r\n\t\t\t\t\t<div class=\"faq-item-question\">\r\n\t\t\t\t\t\t<h3 class=\"faq-item-question-text\">Wie profitiere ich von der Click-to-Call-Schaltfl\u00e4che?<\/h3>\r\n\r\n\t\t\t\t\t\t<div class=\"faq-item-question-icon\"><\/div>\r\n\t\t\t\t\t<\/div>\r\n\r\n\t\t\t\t\t<div class=\"faq-item-answer\">\r\n\t\t\t\t\t\t<div class=\"faq-item-answer-text\"> <p>Sie k\u00f6nnen mehr Anrufe von potenziellen Kunden erhalten, da Sie auf der Website sofort und einfach mit Ihnen in Kontakt treten k\u00f6nnen. Dies kann Ihnen helfen, pers\u00f6nlichere Kommunikation zu erm\u00f6glichen und Benutzer in Kunden umzuwandeln. Dar\u00fcber hinaus k\u00f6nnen Sie Ihre Lead-Datenbank erstellen. <\/p> <\/div>\r\n\t\t\t\t\t<\/div>\r\n\t\t\t\t<\/div> <div class=\"faq-item\">\r\n\t\t\t\t\t<div class=\"faq-item-question\">\r\n\t\t\t\t\t\t<h3 class=\"faq-item-question-text\">Wie bette ich das Call-Modul auf meiner Drupal-Website ein?<\/h3>\r\n\r\n\t\t\t\t\t\t<div class=\"faq-item-question-icon\"><\/div>\r\n\t\t\t\t\t<\/div>\r\n\r\n\t\t\t\t\t<div class=\"faq-item-answer\">\r\n\t\t\t\t\t\t<div class=\"faq-item-answer-text\"> <p>Sie ben\u00f6tigen nur eine Minute, um das Widget zum Laufen zu bringen. Das Hinzuf\u00fcgen erfolgt sehr schnell, kostenlos und ohne Programmierung. <\/p> <p>Das Widget kann direkt in unseren Service oder \u00fcber den Marktplatz integriert werden. Hier k\u00f6nnen Sie die Vor- und Nachteile beider Optionen lesen und die passendere ausw\u00e4hlen.<\/p> <\/div>\r\n\t\t\t\t\t<\/div>\r\n\t\t\t\t<\/div> <\/div> <\/div><div class=\"application-platform-content-item-features application-platform-content-item\" id=\"features\" data-nav-section=\"features\"> <h2>Funktionen<\/h2> <p>Um sich ein klareres Bild von Click to Call zu machen, finden Sie hier eine Liste der wertvollsten Merkmale. Sie machen dieses Widget f\u00fcr Sie unglaublich n\u00fctzlich:<\/p> <ul><li>Schnelle Telefongespr\u00e4che auf Mobilger\u00e4ten; <\/li> <li>Drei integrierte Varianten der Widget-Platzierung: Links schwebend, Rechts schwebend oder benutzerdefiniert; <\/li> <li>Die M\u00f6glichkeit, Widgets auf bestimmten Seiten einzubetten oder Webseiten auszuschlie\u00dfen; <\/li> <li>Drei Gruppen von Benutzern, denen das Widget angezeigt werden soll: allen, neuen und nur wiederkehrenden Benutzern; <\/li> <li> 4 Widget-aktivierende Ausl\u00f6ser: Zeit auf der Seite, auf der Website verbrachte Zeit, Scroll-Menge oder Exit-Absicht. <\/li> <\/ul><p><a href=\"#demo\">Erfahren Sie eine vollst\u00e4ndige Liste der Funktionen in unserer Live-Demo<\/a><\/p> <\/div> <div class=\"application-platform-content-item-installation  application-platform-content-item\" id=\"installation \" data-nav-section=\"installation \"> <h2>So f\u00fcgen Sie das Click-To-Call-Button-Modul zu Ihrer Drupal-Seite hinzu<\/h2> <p>Befolgen Sie einfach die nachstehenden Anweisungen, um das Modul auf Drupal zu aktivieren.<\/p> <ol><li><b> F\u00fchren Sie unsere kostenlose Demo durch und beginnen Sie mit der Gestaltung Ihres ma\u00dfgeschneiderten Moduls. <\/b><br> Geben Sie das gew\u00fcnschte Layout und die gew\u00fcnschten Eigenschaften des Click-to-Call-Moduls an und \u00fcbernehmen Sie die \u00c4nderungen. <\/li> <li><b>Kopieren Sie Ihren pers\u00f6nlichen Code, der in der speziellen Form auf Elfsight Apps angezeigt wird. <\/b><br> Wenn die Anpassung Ihres Tools abgeschlossen ist, kopieren Sie den exklusiven Code aus dem angezeigten Feld und speichern Sie ihn f\u00fcr die zuk\u00fcnftige Verwendung. <\/li> <li><b>Initiieren Sie die Nutzung des Moduls auf der Drupal-Website. <\/b><br> Implementieren Sie den zuvor kopierten Code in Ihre Website und \u00fcbernehmen Sie die \u00c4nderungen. <\/li> <li><b>Die Installation ist vollst\u00e4ndig beendet. <\/b><br> Besuchen Sie Ihre Website, um die Leistung des Plugins zu \u00fcberpr\u00fcfen. <\/li><\/ol><p>Haben Sie noch etwas, das Sie unsicher macht? Oder haben Sie Anfragen? Schreiben Sie einfach eine Anfrage an unseren Kundenservice, wir kl\u00e4ren jede Frage. <\/p> <\/div>","protected":false},"excerpt":{"rendered":"","protected":false},"author":9,"featured_media":0,"parent":2867,"menu_order":0,"comment_status":"closed","ping_status":"closed","template":"templates\/template-application-platform.php","meta":{"publish_to_discourse":"","publish_post_category":"","wpdc_auto_publish_overridden":"","wpdc_topic_tags":"","wpdc_pin_topic":"","wpdc_pin_until":"","discourse_post_id":"","discourse_permalink":"","wpdc_publishing_response":"","wpdc_publishing_error":"","footnotes":""},"class_list":["post-8356","page","type-page","status-publish","hentry"],"yoast_head":"<!-- This site is optimized with the Yoast SEO plugin v25.3.1 - https:\/\/yoast.com\/wordpress\/plugins\/seo\/ -->\n<title>Drupal-Aufrufschaltfl\u00e4che | Click-to-Call-Button-Modul zur Website hinzuf\u00fcgen (2025)<\/title>\n<meta name=\"description\" content=\"Erstellen Sie mit Elfsight Ihr Click-to-Call-Button-Modul und f\u00fcgen Sie es Ihrer Drupal-Website hinzu. Wir bieten kostenlosen Kundenservice und weitere Boni.\" \/>\n<meta name=\"robots\" content=\"index, follow, max-snippet:-1, max-image-preview:large, max-video-preview:-1\" \/>\n<link rel=\"canonical\" href=\"https:\/\/elfsight.com\/de\/click-to-call-widget\/drupal\/\" \/>\n<meta property=\"og:locale\" content=\"de_DE\" \/>\n<meta property=\"og:type\" content=\"article\" \/>\n<meta property=\"og:title\" content=\"Drupal-Aufrufschaltfl\u00e4che | Click-to-Call-Button-Modul zur Website hinzuf\u00fcgen (2025)\" \/>\n<meta property=\"og:description\" content=\"Erstellen Sie mit Elfsight Ihr Click-to-Call-Button-Modul und f\u00fcgen Sie es Ihrer Drupal-Website hinzu. Wir bieten kostenlosen Kundenservice und weitere Boni.\" \/>\n<meta property=\"og:url\" content=\"https:\/\/elfsight.com\/de\/click-to-call-widget\/drupal\/\" \/>\n<meta property=\"og:site_name\" content=\"Elfsight DE\" \/>\n<meta property=\"article:modified_time\" content=\"2025-07-08T10:25:22+00:00\" \/>\n<meta name=\"twitter:card\" content=\"summary_large_image\" \/>\n<meta name=\"twitter:label1\" content=\"Gesch\u00e4tzte Lesezeit\" \/>\n\t<meta name=\"twitter:data1\" content=\"3\u00a0Minuten\" \/>\n<!-- \/ Yoast SEO plugin. -->","yoast_head_json":{"title":"Drupal-Aufrufschaltfl\u00e4che | Click-to-Call-Button-Modul zur Website hinzuf\u00fcgen (2025)","description":"Erstellen Sie mit Elfsight Ihr Click-to-Call-Button-Modul und f\u00fcgen Sie es Ihrer Drupal-Website hinzu. Wir bieten kostenlosen Kundenservice und weitere Boni.","robots":{"index":"index","follow":"follow","max-snippet":"max-snippet:-1","max-image-preview":"max-image-preview:large","max-video-preview":"max-video-preview:-1"},"canonical":"https:\/\/elfsight.com\/de\/click-to-call-widget\/drupal\/","og_locale":"de_DE","og_type":"article","og_title":"Drupal-Aufrufschaltfl\u00e4che | Click-to-Call-Button-Modul zur Website hinzuf\u00fcgen (2025)","og_description":"Erstellen Sie mit Elfsight Ihr Click-to-Call-Button-Modul und f\u00fcgen Sie es Ihrer Drupal-Website hinzu. Wir bieten kostenlosen Kundenservice und weitere Boni.","og_url":"https:\/\/elfsight.com\/de\/click-to-call-widget\/drupal\/","og_site_name":"Elfsight DE","article_modified_time":"2025-07-08T10:25:22+00:00","twitter_card":"summary_large_image","twitter_misc":{"Gesch\u00e4tzte Lesezeit":"3\u00a0Minuten"},"schema":{"@context":"https:\/\/schema.org","@graph":[{"@type":"WebPage","@id":"https:\/\/elfsight.com\/de\/click-to-call-widget\/drupal\/","url":"https:\/\/elfsight.com\/de\/click-to-call-widget\/drupal\/","name":"Drupal-Aufrufschaltfl\u00e4che | Click-to-Call-Button-Modul zur Website hinzuf\u00fcgen (2025)","isPartOf":{"@id":"https:\/\/elfsight.com\/de\/#website"},"datePublished":"2024-05-03T06:32:35+00:00","dateModified":"2025-07-08T10:25:22+00:00","description":"Erstellen Sie mit Elfsight Ihr Click-to-Call-Button-Modul und f\u00fcgen Sie es Ihrer Drupal-Website hinzu. Wir bieten kostenlosen Kundenservice und weitere Boni.","breadcrumb":{"@id":"https:\/\/elfsight.com\/de\/click-to-call-widget\/drupal\/#breadcrumb"},"inLanguage":"de","potentialAction":[{"@type":"ReadAction","target":["https:\/\/elfsight.com\/de\/click-to-call-widget\/drupal\/"]}]},{"@type":"BreadcrumbList","@id":"https:\/\/elfsight.com\/de\/click-to-call-widget\/drupal\/#breadcrumb","itemListElement":[{"@type":"ListItem","position":1,"name":"Home","item":"https:\/\/elfsight.com\/de\/"},{"@type":"ListItem","position":2,"name":"Click to Call","item":"https:\/\/elfsight.com\/de\/click-to-call-widget\/"},{"@type":"ListItem","position":3,"name":"Click to Call &#8211; Drupal"}]},{"@type":"WebSite","@id":"https:\/\/elfsight.com\/de\/#website","url":"https:\/\/elfsight.com\/de\/","name":"Elfsight DE","description":"Just another Elfsight Sites site","potentialAction":[{"@type":"SearchAction","target":{"@type":"EntryPoint","urlTemplate":"https:\/\/elfsight.com\/de\/?s={search_term_string}"},"query-input":{"@type":"PropertyValueSpecification","valueRequired":true,"valueName":"search_term_string"}}],"inLanguage":"de"}]}},"meta_box":{"industry":"","seo_heading":"","heading":"","description":"","cta_heading":"","cta_description":"","application":"490","h1":"Drupal Click-to-Call-Widget","h1_caption":"Erm\u00f6glichen Sie Benutzern die sofortige Kontaktaufnahme mit Ihnen \u00fcber eine einfache Click-to-Call-Schaltfl\u00e4che, sodass Sie m\u00fchelos und direkt \u00fcber Ihre Drupal-Website Kontakt aufnehmen k\u00f6nnen.","application_category":[],"applications_title":"","applications_request_title":"","applications_request_button_text":"","hero_text":"","hero_video":"","hero_video_schema_markup":"","selling_points_title":"","selling_points_caption":"","selling_points":[],"selling_points_cta_text":"","features_title":"","features":"","ed_cta_examples_text":"","ed_cta_examples_hidden":"","ed_cta_demo_text":"","ed_cta_demo_hidden":"","why_caption":"","why_editor_title":"","why_editor_text":"","why_team_title":"","why_team_text":"","why_service_title":"","why_service_text":"","template_catalog_visible":"","template_catalog_title":"","template_catalog_text":"","template_catalog_categories_visible":"","demo_title":"Erstellen Sie Ihr Click-to-Call-Modul","demo_caption":"Konfigurieren Sie Ihr Click-to-Call und f\u00fcgen Sie es kostenlos zu Ihrer Drupal-Website hinzu!","default_faq_hidden":"","app_template_category":[],"platform":"261","template_public_id":"","codecanyon_url":"","codecanyon_item_id":"","codecanyon_price":"","pricing_caption":"","pricing_elfsight_apps_hide_column":"","pricing_elfsight_apps_url":"","pricing_codecanyon_price_caption":"","integration_category":[],"integration_request_title":"","integration_request_cta":"","integration_platform":"","integrations":[],"platform_category":[],"video_schema_markup":"","price":"ab 0 $ \/ Monat","trial":"","benefits":[{"text":"Kostenloser Installationsservice"},{"text":"Effektiver Kundensupport"},{"text":"14-t\u00e4gige Geld-zur\u00fcck-Garantie"},{"text":"St\u00e4ndige Aktualisierung"}],"button_url":"#demo","button_target_blank":"","button_nofollow":"","attributes":[{"name":"Installiert","content":"10,000 - 100,000"},{"name":"Reaktionsfreudig","content":"Ja"},{"name":"Kompatible Browser","content":"IE11, Firefox, Safari, Opera, Chrome, Edge"}],"tags":[],"tags_disable_links":"","hide_more_platforms":"","video_object":"","demo_hide_cta":"","demo_hide_cloud_options":"","pricing_title":"","pricing":[{"pricing_icon":"platform","pricing_title":"Elfsight Apps","pricing_title_caption":"Plattform\u00fcbergreifende Software","pricing_price":"ab 0 $ \/ Monat","pricing_price_caption":"Beginnen Sie mit einem kostenlosen Plan","pricing_benefits":[{"text":"Unbegrenzte Websites"},{"text":"Premium-Unternehmensunterst\u00fctzung"},{"text":"Kostenlose Installationshilfe"},{"text":"Sonderangebot f\u00fcr mehrere Apps"}],"pricing_button_text":"Zur Website hinzuf\u00fcgen","pricing_button_url":"#demo"}],"related_apps_title":"","related_apps_hidden":"","author":"","image":[],"title":"","job":"","social_networks":[]},"_links":{"self":[{"href":"https:\/\/elfsight.com\/de\/wp-json\/wp\/v2\/pages\/8356","targetHints":{"allow":["GET"]}}],"collection":[{"href":"https:\/\/elfsight.com\/de\/wp-json\/wp\/v2\/pages"}],"about":[{"href":"https:\/\/elfsight.com\/de\/wp-json\/wp\/v2\/types\/page"}],"author":[{"embeddable":true,"href":"https:\/\/elfsight.com\/de\/wp-json\/wp\/v2\/users\/9"}],"replies":[{"embeddable":true,"href":"https:\/\/elfsight.com\/de\/wp-json\/wp\/v2\/comments?post=8356"}],"version-history":[{"count":1,"href":"https:\/\/elfsight.com\/de\/wp-json\/wp\/v2\/pages\/8356\/revisions"}],"predecessor-version":[{"id":8360,"href":"https:\/\/elfsight.com\/de\/wp-json\/wp\/v2\/pages\/8356\/revisions\/8360"}],"up":[{"embeddable":true,"href":"https:\/\/elfsight.com\/de\/wp-json\/wp\/v2\/pages\/2867"}],"wp:attachment":[{"href":"https:\/\/elfsight.com\/de\/wp-json\/wp\/v2\/media?parent=8356"}],"curies":[{"name":"wp","href":"https:\/\/api.w.org\/{rel}","templated":true}]}}