{"id":8355,"date":"2024-05-03T06:32:34","date_gmt":"2024-05-03T06:32:34","guid":{"rendered":"https:\/\/elfsight.com\/de\/?page_id=8355"},"modified":"2025-07-08T10:25:27","modified_gmt":"2025-07-08T10:25:27","slug":"elementor","status":"publish","type":"page","link":"https:\/\/elfsight.com\/de\/click-to-call-widget\/elementor\/","title":{"rendered":"Click to Call &#8211; Elementor"},"content":{"rendered":"<div class=\"application-platform-content-item-description application-platform-content-item\" id=\"description\" data-nav-section=\"description\"> <h2>Click-to-Call auf Elementor mit dem Elfsight-Widget einbetten<\/h2> <p>Die Schaltfl\u00e4che \u201eJetzt anrufen\u201c von Elementor ist das praktischste Widget f\u00fcr Ihre Website. Dadurch ist es f\u00fcr Besucher einfacher, Sie telefonisch zu erreichen. Wenn Benutzer Ihre Website auf Mobiltelefonen durchsuchen, beginnt das Widget, Ihre Nummer zu w\u00e4hlen, nachdem eine Person auf die Telefonblase geklickt hat. Bei der Anzeige auf Desktops zeigt der Klick Ihre Nummer auf der Seite an und hilft Benutzern, sofort einen Anruf zu starten. Sie k\u00f6nnen nicht nur Ihre Nummer hinzuf\u00fcgen, sondern im Anruffenster auch den Namen und das Bild Ihres Ansprechpartners sowie einen kurzen Text anzeigen. Alle Teile des Aufruffensters sind umschaltbar und erm\u00f6glichen die Gestaltung verschiedener Erscheinungsbilder der Benutzeroberfl\u00e4che. Es gibt auch eine Funktion zum Ausw\u00e4hlen eines Ausl\u00f6sers, der die Telefonblase erscheinen l\u00e4sst, und zur Auswahl einer Kategorie von Zuschauern, f\u00fcr die sie erscheinen soll.<\/p> <div class=\"faq\" data-component=\"FAQ\"><div class=\"faq-item\">\r\n\t\t\t\t\t<div class=\"faq-item-question\">\r\n\t\t\t\t\t\t<h3 class=\"faq-item-question-text\">Wo auf meiner Website kann ich sie anzeigen<\/h3>\r\n\r\n\t\t\t\t\t\t<div class=\"faq-item-question-icon\"><\/div>\r\n\t\t\t\t\t<\/div>\r\n\r\n\t\t\t\t\t<div class=\"faq-item-answer\">\r\n\t\t\t\t\t\t<div class=\"faq-item-answer-text\"> &lt; Das Elfsight Call-Widget kann auf jeder Seite Ihrer Website oder auf allen Seiten eingef\u00fchrt werden. In den Click-To-Call-Einstellungen k\u00f6nnen Sie die URLs einzelner Seiten hinzuf\u00fcgen, auf denen Sie die Schaltfl\u00e4che \u201eJetzt anrufen\u201c in das Widget einbetten m\u00fcssen. Oder wenden Sie die Option \u201eAusschlie\u00dfen\u201c an und f\u00fcgen Sie die URLs der Seiten ein, auf denen Sie die Anzeige des Widgets einschr\u00e4nken m\u00f6chten. <\/p> <\/div>\r\n\t\t\t\t\t<\/div>\r\n\t\t\t\t<\/div><div class=\"faq-item\">\r\n\t\t\t\t\t<div class=\"faq-item-question\">\r\n\t\t\t\t\t\t<h3 class=\"faq-item-question-text\">Wie w\u00fcrde ich vom Anrufschaltfl\u00e4chen-Widget Elementor profitieren?<\/h3>\r\n\r\n\t\t\t\t\t\t<div class=\"faq-item-question-icon\"><\/div>\r\n\t\t\t\t\t<\/div>\r\n\r\n\t\t\t\t\t<div class=\"faq-item-answer\">\r\n\t\t\t\t\t\t<div class=\"faq-item-answer-text\"> <p>Dank der schnellen und praktischen M\u00f6glichkeit, auf der Webseite anzurufen, k\u00f6nnen Sie mehr Anrufe von Benutzern erhalten . Dies wird Ihnen helfen, mehr pers\u00f6nliche Gespr\u00e4che zu f\u00fchren und Benutzer in neue Kunden zu verwandeln. Au\u00dferdem k\u00f6nnen Sie Ihre Datenbank mit Leads sammeln. <\/p> <\/div>\r\n\t\t\t\t\t<\/div>\r\n\t\t\t\t<\/div> <div class=\"faq-item\">\r\n\t\t\t\t\t<div class=\"faq-item-question\">\r\n\t\t\t\t\t\t<h3 class=\"faq-item-question-text\">Wie bette ich das Anruf-Widget auf meiner Elementor-Website ein?<\/h3>\r\n\r\n\t\t\t\t\t\t<div class=\"faq-item-question-icon\"><\/div>\r\n\t\t\t\t\t<\/div>\r\n\r\n\t\t\t\t\t<div class=\"faq-item-answer\">\r\n\t\t\t\t\t\t<div class=\"faq-item-answer-text\"> <p>Die Aktivierung dauert nur eine Minute. Die Installation ist superschnell, kostenlos und erfordert keine Programmierung. <\/p> <p>Sie k\u00f6nnen das Anrufschaltfl\u00e4chen-Widget \u00fcber unseren Service zu Ihrer Webseite hinzuf\u00fcgen. Um es zu machen, f\u00fchren Sie die kurze Beschreibung weiter unten auf dieser Seite durch. <\/p> <\/div>\r\n\t\t\t\t\t<\/div>\r\n\t\t\t\t<\/div> <\/div> <\/div> <div class=\"application-platform-content-item-features application-platform-content-item\" id=\"features\" data-nav-section=\"features\"> <h2>Hauptfunktionen des Click-to-Call-Widgets<\/h2> <p>Um ein besseres Wissen dar\u00fcber zu erlangen Klicken Sie hier, um anzurufen. Hier finden Sie eine Liste der wesentlichen Merkmale. Sie machen dieses Widget f\u00fcr Sie unglaublich effizient:<\/p> <ul><li>Ein-Klick-Wahl auf Mobiltelefonen; <\/li> <li>3 Optionen f\u00fcr die Widget-Position: Links oder rechts schwebend oder benutzerdefiniert; <\/li> <li>Die Option, das Widget auf ausgew\u00e4hlten Webseiten anzuzeigen oder Webseiten auszuschlie\u00dfen; <\/li> <li>3 Gruppen von Benutzern, um das Widget zu sehen: alle, neu oder wiederkehrend; <\/li> <li> Eingebaute Widget-\u00d6ffnungsausl\u00f6ser: Zeit auf der Seite, auf der Website verbrachte Zeit, Scroll-Prozentsatz und Versuch, die Website zu verlassen. <\/li> <\/ul><p><a href=\"#demo\">Um alle Funktionen kennenzulernen, sehen Sie sich die Live-Demo an<\/a><\/p> <\/div> <div class=\"application-platform-content-item-installation application-platform-content-item\" id=\"installation\" data-nav-section=\"installation\"> <h2>So f\u00fcgen Sie das Click-To-Call-Button-Widget zu Ihrer Elementor-Website hinzu<\/h2> <p>Ein paar schnelle Schritte gen\u00fcgen, um das Widget anzuzeigen.<\/p> <ol><li><b> Entwerfen Sie Ihr ma\u00dfgeschneidertes Call-Plugin<\/b><br> Erhalten Sie mit unserem kostenlosen Editor ein Plugin mit ausgew\u00e4hltem Aussehen und funktionalen Eigenschaften. <\/li><li><b>Kopieren Sie den individuellen Code, um das Plugin einzurichten<\/b><br> Nachdem Sie Ihr Widget konfiguriert haben, erhalten Sie Ihren pers\u00f6nlichen Code aus dem erscheinenden Fenster auf Elfsight Apps. Kopieren Sie es zur weiteren Verwendung. <\/li><li><b>F\u00fcgen Sie das Plugin auf Ihrer Elementor-Website hinzu<\/b><br> W\u00e4hlen Sie den Bereich aus, zu dem Sie das Plugin hinzuf\u00fcgen m\u00f6chten, und f\u00fcgen Sie den kopierten Code dort ein. Ver\u00f6ffentlichen Sie die \u00c4nderungen. <\/li> <li><b>Du bist fertig! <\/b><br> Betreten Sie Ihren Shop, um Ihr Plugin zu \u00fcberpr\u00fcfen. <\/li> <\/ol><p>Immer noch unruhig? Oder haben Sie Fragen? Mit nur einer einzigen Anfrage an unser Support-Team l\u00e4sst sich jedes Problem l\u00f6sen. <\/p> <\/div>","protected":false},"excerpt":{"rendered":"","protected":false},"author":9,"featured_media":0,"parent":2867,"menu_order":0,"comment_status":"closed","ping_status":"closed","template":"templates\/template-application-platform.php","meta":{"publish_to_discourse":"","publish_post_category":"","wpdc_auto_publish_overridden":"","wpdc_topic_tags":"","wpdc_pin_topic":"","wpdc_pin_until":"","discourse_post_id":"","discourse_permalink":"","wpdc_publishing_response":"","wpdc_publishing_error":"","footnotes":""},"class_list":["post-8355","page","type-page","status-publish","hentry"],"yoast_head":"<!-- This site is optimized with the Yoast SEO plugin v25.3.1 - https:\/\/yoast.com\/wordpress\/plugins\/seo\/ -->\n<title>Hinzuf\u00fcgen des Click-to-Call-Schaltfl\u00e4chen-Widgets zur Elementor-Website (2026)<\/title>\n<meta name=\"description\" content=\"Gestalten Sie mit Elfsight Ihre Click-to-Call-Schaltfl\u00e4che und f\u00fcgen Sie sie ganz einfach auf der Elementor-Website hinzu. Wir bieten kostenlosen Kundenservice und andere Boni.\" \/>\n<meta name=\"robots\" content=\"index, follow, max-snippet:-1, max-image-preview:large, max-video-preview:-1\" \/>\n<link rel=\"canonical\" href=\"https:\/\/elfsight.com\/de\/click-to-call-widget\/elementor\/\" \/>\n<meta property=\"og:locale\" content=\"de_DE\" \/>\n<meta property=\"og:type\" content=\"article\" \/>\n<meta property=\"og:title\" content=\"Hinzuf\u00fcgen des Click-to-Call-Schaltfl\u00e4chen-Widgets zur Elementor-Website (2026)\" \/>\n<meta property=\"og:description\" content=\"Gestalten Sie mit Elfsight Ihre Click-to-Call-Schaltfl\u00e4che und f\u00fcgen Sie sie ganz einfach auf der Elementor-Website hinzu. Wir bieten kostenlosen Kundenservice und andere Boni.\" \/>\n<meta property=\"og:url\" content=\"https:\/\/elfsight.com\/de\/click-to-call-widget\/elementor\/\" \/>\n<meta property=\"og:site_name\" content=\"Elfsight DE\" \/>\n<meta property=\"article:modified_time\" content=\"2025-07-08T10:25:27+00:00\" \/>\n<meta name=\"twitter:card\" content=\"summary_large_image\" \/>\n<meta name=\"twitter:label1\" content=\"Gesch\u00e4tzte Lesezeit\" \/>\n\t<meta name=\"twitter:data1\" content=\"3\u00a0Minuten\" \/>\n<!-- \/ Yoast SEO plugin. -->","yoast_head_json":{"title":"Hinzuf\u00fcgen des Click-to-Call-Schaltfl\u00e4chen-Widgets zur Elementor-Website (2026)","description":"Gestalten Sie mit Elfsight Ihre Click-to-Call-Schaltfl\u00e4che und f\u00fcgen Sie sie ganz einfach auf der Elementor-Website hinzu. Wir bieten kostenlosen Kundenservice und andere Boni.","robots":{"index":"index","follow":"follow","max-snippet":"max-snippet:-1","max-image-preview":"max-image-preview:large","max-video-preview":"max-video-preview:-1"},"canonical":"https:\/\/elfsight.com\/de\/click-to-call-widget\/elementor\/","og_locale":"de_DE","og_type":"article","og_title":"Hinzuf\u00fcgen des Click-to-Call-Schaltfl\u00e4chen-Widgets zur Elementor-Website (2026)","og_description":"Gestalten Sie mit Elfsight Ihre Click-to-Call-Schaltfl\u00e4che und f\u00fcgen Sie sie ganz einfach auf der Elementor-Website hinzu. Wir bieten kostenlosen Kundenservice und andere Boni.","og_url":"https:\/\/elfsight.com\/de\/click-to-call-widget\/elementor\/","og_site_name":"Elfsight DE","article_modified_time":"2025-07-08T10:25:27+00:00","twitter_card":"summary_large_image","twitter_misc":{"Gesch\u00e4tzte Lesezeit":"3\u00a0Minuten"},"schema":{"@context":"https:\/\/schema.org","@graph":[{"@type":"WebPage","@id":"https:\/\/elfsight.com\/de\/click-to-call-widget\/elementor\/","url":"https:\/\/elfsight.com\/de\/click-to-call-widget\/elementor\/","name":"Hinzuf\u00fcgen des Click-to-Call-Schaltfl\u00e4chen-Widgets zur Elementor-Website (2026)","isPartOf":{"@id":"https:\/\/elfsight.com\/de\/#website"},"datePublished":"2024-05-03T06:32:34+00:00","dateModified":"2025-07-08T10:25:27+00:00","description":"Gestalten Sie mit Elfsight Ihre Click-to-Call-Schaltfl\u00e4che und f\u00fcgen Sie sie ganz einfach auf der Elementor-Website hinzu. Wir bieten kostenlosen Kundenservice und andere Boni.","breadcrumb":{"@id":"https:\/\/elfsight.com\/de\/click-to-call-widget\/elementor\/#breadcrumb"},"inLanguage":"de","potentialAction":[{"@type":"ReadAction","target":["https:\/\/elfsight.com\/de\/click-to-call-widget\/elementor\/"]}]},{"@type":"BreadcrumbList","@id":"https:\/\/elfsight.com\/de\/click-to-call-widget\/elementor\/#breadcrumb","itemListElement":[{"@type":"ListItem","position":1,"name":"Home","item":"https:\/\/elfsight.com\/de\/"},{"@type":"ListItem","position":2,"name":"Click to Call","item":"https:\/\/elfsight.com\/de\/click-to-call-widget\/"},{"@type":"ListItem","position":3,"name":"Click to Call &#8211; Elementor"}]},{"@type":"WebSite","@id":"https:\/\/elfsight.com\/de\/#website","url":"https:\/\/elfsight.com\/de\/","name":"Elfsight DE","description":"Just another Elfsight Sites site","potentialAction":[{"@type":"SearchAction","target":{"@type":"EntryPoint","urlTemplate":"https:\/\/elfsight.com\/de\/?s={search_term_string}"},"query-input":{"@type":"PropertyValueSpecification","valueRequired":true,"valueName":"search_term_string"}}],"inLanguage":"de"}]}},"meta_box":{"industry":"","seo_heading":"","heading":"","description":"","cta_heading":"","cta_description":"","application":"490","h1":"Elementor Click-to-Call-Widget","h1_caption":"Erm\u00f6glichen Sie Benutzern die sofortige Kontaktaufnahme mit Ihnen \u00fcber eine einfache Click-to-Call-Schaltfl\u00e4che, sodass Sie m\u00fchelos und direkt \u00fcber Ihre Elementor-Website Kontakt aufnehmen k\u00f6nnen.","application_category":[],"applications_title":"","applications_request_title":"","applications_request_button_text":"","hero_text":"","hero_video":"","hero_video_schema_markup":"","selling_points_title":"","selling_points_caption":"","selling_points":[],"selling_points_cta_text":"","features_title":"","features":"","ed_cta_examples_text":"","ed_cta_examples_hidden":"","ed_cta_demo_text":"","ed_cta_demo_hidden":"","why_caption":"","why_editor_title":"","why_editor_text":"","why_team_title":"","why_team_text":"","why_service_title":"","why_service_text":"","template_catalog_visible":"","template_catalog_title":"","template_catalog_text":"","template_catalog_categories_visible":"","demo_title":"Erstellen Sie Ihr Click-to-Call-Widget","demo_caption":"Konfigurieren Sie Ihren Click-to-Call und f\u00fcgen Sie ihn kostenlos zu Ihrer Elementor-Website hinzu!","default_faq_hidden":"","app_template_category":[],"platform":"223","template_public_id":"","codecanyon_url":"","codecanyon_item_id":"","codecanyon_price":"","pricing_caption":"","pricing_elfsight_apps_hide_column":"","pricing_elfsight_apps_url":"","pricing_codecanyon_price_caption":"","integration_category":[],"integration_request_title":"","integration_request_cta":"","integration_platform":"","integrations":[],"platform_category":[],"video_schema_markup":"","price":"ab 0 $ \/ Monat","trial":"","benefits":[{"text":"Kostenlose Installationshilfe"},{"text":"Kompetenter Kundenservice"},{"text":"14-t\u00e4gige Geld-zur\u00fcck-Garantie"},{"text":"Kontinuierliche Updates"}],"button_url":"#demo","button_target_blank":"","button_nofollow":"","attributes":[{"name":"Installiert","content":"10,000 - 100,000"},{"name":"Reaktionsfreudig","content":"Ja"},{"name":"Kompatible Browser","content":"IE11, Firefox, Safari, Opera, Chrome, Edge"}],"tags":[],"tags_disable_links":"","hide_more_platforms":"","video_object":"","demo_hide_cta":"","demo_hide_cloud_options":"","pricing_title":"","pricing":[{"pricing_icon":"platform","pricing_title":"Elfsight  Apps","pricing_title_caption":"Multiplattform-L\u00f6sung","pricing_price":"ab 0 $ \/ Monat","pricing_price_caption":"Beginnen Sie mit einem kostenlosen Plan","pricing_benefits":[{"text":"Unbegrenzte Domains"},{"text":"Support rund um die Uhr"},{"text":"Kostenlose Installationsunterst\u00fctzung"},{"text":"Sonderangebot f\u00fcr mehrere Apps"}],"pricing_button_text":"Zur Website hinzuf\u00fcgen","pricing_button_url":"#demo"}],"related_apps_title":"","related_apps_hidden":"","author":"","image":[],"title":"","job":"","social_networks":[]},"_links":{"self":[{"href":"https:\/\/elfsight.com\/de\/wp-json\/wp\/v2\/pages\/8355","targetHints":{"allow":["GET"]}}],"collection":[{"href":"https:\/\/elfsight.com\/de\/wp-json\/wp\/v2\/pages"}],"about":[{"href":"https:\/\/elfsight.com\/de\/wp-json\/wp\/v2\/types\/page"}],"author":[{"embeddable":true,"href":"https:\/\/elfsight.com\/de\/wp-json\/wp\/v2\/users\/9"}],"replies":[{"embeddable":true,"href":"https:\/\/elfsight.com\/de\/wp-json\/wp\/v2\/comments?post=8355"}],"version-history":[{"count":1,"href":"https:\/\/elfsight.com\/de\/wp-json\/wp\/v2\/pages\/8355\/revisions"}],"predecessor-version":[{"id":8359,"href":"https:\/\/elfsight.com\/de\/wp-json\/wp\/v2\/pages\/8355\/revisions\/8359"}],"up":[{"embeddable":true,"href":"https:\/\/elfsight.com\/de\/wp-json\/wp\/v2\/pages\/2867"}],"wp:attachment":[{"href":"https:\/\/elfsight.com\/de\/wp-json\/wp\/v2\/media?parent=8355"}],"curies":[{"name":"wp","href":"https:\/\/api.w.org\/{rel}","templated":true}]}}